{"id":13136,"date":"2026-02-08T01:56:21","date_gmt":"2026-02-07T23:56:21","guid":{"rendered":"https:\/\/stonersmeds.com\/?post_type=product&#038;p=13136"},"modified":"2026-02-20T13:00:05","modified_gmt":"2026-02-20T11:00:05","slug":"btc-xtc-200mg-pills","status":"publish","type":"product","link":"https:\/\/stonersmeds.com\/pl\/shop\/btc-xtc-200mg-pills\/","title":{"rendered":"BTC XTC 200mg Pills"},"content":{"rendered":"<p><strong>BTC XTC Mdma Pills order online.Packaging is Highly Discreet. All Our Products are vacuum packed with Silver paper, making it odorless and non Detectable. We ship <a href=\"https:\/\/www.bing.com\/images\/search?q=MDMA+Red+Bull+pills&amp;form=HDRSC3&amp;first=1\">Worldwide.<\/a><\/strong><br \/>\n<b>Overnight Shipping is now available in a good number of countries starting with USA, Canada, UK, AU, ITA etc. Shipping to Canada takes 48 hours and 3 to 5 Days to other Countries without overnight shipment. Delivery is 100% <a href=\"https:\/\/www.genlabschemicals.com\/\">Guaranteed<\/a>.<\/b><\/p>","protected":false},"excerpt":{"rendered":"<p>BTC XTC Mdma Pills order online.Packaging is Highly Discreet. All Our Products are vacuum packed with Silver paper, making it odorless and non Detectable. We ship Worldwide. Overnight Shipping is now available in a good number of countries starting with USA, Canada, UK, AU, ITA etc. Shipping to Canada takes 48 hours and 3 to&#8230;<\/p>","protected":false},"featured_media":13164,"comment_status":"closed","ping_status":"closed","template":"","meta":{"_bst_post_transparent":"default","_bst_post_title":"","_bst_post_layout":"default","_bst_post_sidebar_id":"","_bst_post_content_style":"default","_bst_post_vertical_padding":"default","_bst_post_feature":"","_bst_post_feature_position":"","_bst_post_header":false,"_bst_post_footer":false},"product_brand":[],"product_cat":[3132,3133],"product_tag":[3138],"product_brands":[],"class_list":{"0":"post-13136","1":"product","2":"type-product","3":"status-publish","4":"has-post-thumbnail","6":"product_cat-mdma","7":"product_cat-psychedelics","8":"product_tag-btc-xtc-mdma-pills-order-online","10":"first","11":"instock","12":"shipping-taxable","13":"purchasable","14":"product-type-variable","15":"entry","16":"content-bg","17":"loop-entry"},"tiered_pricing_type":"fixed","tiered_pricing_fixed_rules":[],"tiered_pricing_percentage_rules":[],"tiered_pricing_minimum":1,"_administrator_tiered_pricing_type":"fixed","_administrator_tiered_pricing_fixed_rules":[],"_editor_tiered_pricing_type":"fixed","_editor_tiered_pricing_fixed_rules":[],"_author_tiered_pricing_type":"fixed","_author_tiered_pricing_fixed_rules":[],"_contributor_tiered_pricing_type":"fixed","_contributor_tiered_pricing_fixed_rules":[],"_subscriber_tiered_pricing_type":"fixed","_subscriber_tiered_pricing_fixed_rules":[],"_customer_tiered_pricing_type":"fixed","_customer_tiered_pricing_fixed_rules":[],"_shop_manager_tiered_pricing_type":"fixed","_shop_manager_tiered_pricing_fixed_rules":[],"_wpseo_manager_tiered_pricing_type":"fixed","_wpseo_manager_tiered_pricing_fixed_rules":[],"_wpseo_editor_tiered_pricing_type":"fixed","_wpseo_editor_tiered_pricing_fixed_rules":[],"yoast_head":"<!-- This site is optimized with the Yoast SEO plugin v27.2 - https:\/\/yoast.com\/product\/yoast-seo-wordpress\/ -->\n<title>BTC XTC 200mg Pills, Premium quality<\/title>\n<meta name=\"description\" content=\"BTC XTC 200mg Pills, get this at affordable price, other research chemicals available, trusted, discreet and fast delivery.\" \/>\n<meta name=\"robots\" content=\"index, follow, max-snippet:-1, max-image-preview:large, max-video-preview:-1\" \/>\n<link rel=\"canonical\" href=\"https:\/\/stonersmeds.com\/pl\/shop\/btc-xtc-200mg-pills\/\" \/>\n<meta property=\"og:locale\" content=\"pl_PL\" \/>\n<meta property=\"og:type\" content=\"article\" \/>\n<meta property=\"og:title\" content=\"BTC XTC 200mg Pills, Premium quality\" \/>\n<meta property=\"og:description\" content=\"BTC XTC 200mg Pills, get this at affordable price, other research chemicals available, trusted, discreet and fast delivery.\" \/>\n<meta property=\"og:url\" content=\"https:\/\/stonersmeds.com\/pl\/shop\/btc-xtc-200mg-pills\/\" \/>\n<meta property=\"og:site_name\" content=\"stonersmeds.com\" \/>\n<meta property=\"article:modified_time\" content=\"2026-02-20T11:00:05+00:00\" \/>\n<meta property=\"og:image\" content=\"https:\/\/stonersmeds.com\/wp-content\/uploads\/2026\/02\/ecstasy-mdma-pill-with-bitcoin-logo-3d-model-max-obj-3ds-fbx-c4d-ma.jpg\" \/>\n\t<meta property=\"og:image:width\" content=\"1920\" \/>\n\t<meta property=\"og:image:height\" content=\"1080\" \/>\n\t<meta property=\"og:image:type\" content=\"image\/jpeg\" \/>\n<meta name=\"twitter:card\" content=\"summary_large_image\" \/>\n<meta name=\"twitter:title\" content=\"BTC XTC 200mg Pills, Premium quality\" \/>\n<meta name=\"twitter:description\" content=\"BTC XTC 200mg Pills, get this at affordable price, other research chemicals available, trusted, discreet and fast delivery.\" \/>\n<meta name=\"twitter:label1\" content=\"Dost\u0119pno\u015b\u0107\" \/>\n\t<meta name=\"twitter:data1\" content=\"Dost\u0119pny\" \/>\n<script type=\"application\/ld+json\" class=\"yoast-schema-graph\">{\"@context\":\"https:\/\/schema.org\",\"@graph\":[{\"@type\":\"WebPage\",\"@id\":\"https:\/\/stonersmeds.com\/shop\/btc-xtc-200mg-pills\/\",\"url\":\"https:\/\/stonersmeds.com\/shop\/btc-xtc-200mg-pills\/\",\"name\":\"BTC XTC 200mg Pills, Premium quality\",\"isPartOf\":{\"@id\":\"https:\/\/stonersmeds.com\/#website\"},\"primaryImageOfPage\":{\"@id\":\"https:\/\/stonersmeds.com\/shop\/btc-xtc-200mg-pills\/#primaryimage\"},\"image\":{\"@id\":\"https:\/\/stonersmeds.com\/shop\/btc-xtc-200mg-pills\/#primaryimage\"},\"thumbnailUrl\":\"https:\/\/stonersmeds.com\/wp-content\/uploads\/2026\/02\/ecstasy-mdma-pill-with-bitcoin-logo-3d-model-max-obj-3ds-fbx-c4d-ma.jpg\",\"datePublished\":\"2026-02-07T23:56:21+00:00\",\"dateModified\":\"2026-02-20T11:00:05+00:00\",\"description\":\"BTC XTC 200mg Pills, get this at affordable price, other research chemicals available, trusted, discreet and fast delivery.\",\"breadcrumb\":{\"@id\":\"https:\/\/stonersmeds.com\/shop\/btc-xtc-200mg-pills\/#breadcrumb\"},\"inLanguage\":\"pl-PL\",\"potentialAction\":[{\"@type\":\"ReadAction\",\"target\":[\"https:\/\/stonersmeds.com\/shop\/btc-xtc-200mg-pills\/\"]}]},{\"@type\":\"ImageObject\",\"inLanguage\":\"pl-PL\",\"@id\":\"https:\/\/stonersmeds.com\/shop\/btc-xtc-200mg-pills\/#primaryimage\",\"url\":\"https:\/\/stonersmeds.com\/wp-content\/uploads\/2026\/02\/ecstasy-mdma-pill-with-bitcoin-logo-3d-model-max-obj-3ds-fbx-c4d-ma.jpg\",\"contentUrl\":\"https:\/\/stonersmeds.com\/wp-content\/uploads\/2026\/02\/ecstasy-mdma-pill-with-bitcoin-logo-3d-model-max-obj-3ds-fbx-c4d-ma.jpg\",\"width\":1920,\"height\":1080},{\"@type\":\"BreadcrumbList\",\"@id\":\"https:\/\/stonersmeds.com\/shop\/btc-xtc-200mg-pills\/#breadcrumb\",\"itemListElement\":[{\"@type\":\"ListItem\",\"position\":1,\"name\":\"Home\",\"item\":\"https:\/\/stonersmeds.com\/\"},{\"@type\":\"ListItem\",\"position\":2,\"name\":\"Shop\",\"item\":\"https:\/\/stonersmeds.com\/shop\/\"},{\"@type\":\"ListItem\",\"position\":3,\"name\":\"BTC XTC 200mg Pills\"}]},{\"@type\":\"WebSite\",\"@id\":\"https:\/\/stonersmeds.com\/#website\",\"url\":\"https:\/\/stonersmeds.com\/\",\"name\":\"stonersmeds.com\",\"description\":\"verschreibungspflichtige Medizin kaufen\",\"publisher\":{\"@id\":\"https:\/\/stonersmeds.com\/#organization\"},\"alternateName\":\"Research chemical shop\",\"potentialAction\":[{\"@type\":\"SearchAction\",\"target\":{\"@type\":\"EntryPoint\",\"urlTemplate\":\"https:\/\/stonersmeds.com\/?s={search_term_string}\"},\"query-input\":{\"@type\":\"PropertyValueSpecification\",\"valueRequired\":true,\"valueName\":\"search_term_string\"}}],\"inLanguage\":\"pl-PL\"},{\"@type\":\"Organization\",\"@id\":\"https:\/\/stonersmeds.com\/#organization\",\"name\":\"Stonersmeds Shop\",\"url\":\"https:\/\/stonersmeds.com\/\",\"logo\":{\"@type\":\"ImageObject\",\"inLanguage\":\"pl-PL\",\"@id\":\"https:\/\/stonersmeds.com\/#\/schema\/logo\/image\/\",\"url\":\"https:\/\/stonersmeds.com\/wp-content\/uploads\/2026\/02\/high-purity-DMT-powder.jpg\",\"contentUrl\":\"https:\/\/stonersmeds.com\/wp-content\/uploads\/2026\/02\/high-purity-DMT-powder.jpg\",\"width\":500,\"height\":500,\"caption\":\"Stonersmeds Shop\"},\"image\":{\"@id\":\"https:\/\/stonersmeds.com\/#\/schema\/logo\/image\/\"}}]}<\/script>\n<meta property=\"og:availability\" content=\"instock\" \/>\n<meta property=\"product:availability\" content=\"instock\" \/>\n<meta property=\"product:condition\" content=\"new\" \/>\n<!-- \/ Yoast SEO plugin. -->","yoast_head_json":{"title":"BTC XTC 200mg Pills, Premium quality","description":"BTC XTC 200mg Pills, get this at affordable price, other research chemicals available, trusted, discreet and fast delivery.","robots":{"index":"index","follow":"follow","max-snippet":"max-snippet:-1","max-image-preview":"max-image-preview:large","max-video-preview":"max-video-preview:-1"},"canonical":"https:\/\/stonersmeds.com\/pl\/shop\/btc-xtc-200mg-pills\/","og_locale":"pl_PL","og_type":"article","og_title":"BTC XTC 200mg Pills, Premium quality","og_description":"BTC XTC 200mg Pills, get this at affordable price, other research chemicals available, trusted, discreet and fast delivery.","og_url":"https:\/\/stonersmeds.com\/pl\/shop\/btc-xtc-200mg-pills\/","og_site_name":"stonersmeds.com","article_modified_time":"2026-02-20T11:00:05+00:00","og_image":[{"width":1920,"height":1080,"url":"https:\/\/stonersmeds.com\/wp-content\/uploads\/2026\/02\/ecstasy-mdma-pill-with-bitcoin-logo-3d-model-max-obj-3ds-fbx-c4d-ma.jpg","type":"image\/jpeg"}],"twitter_card":"summary_large_image","twitter_title":"BTC XTC 200mg Pills, Premium quality","twitter_description":"BTC XTC 200mg Pills, get this at affordable price, other research chemicals available, trusted, discreet and fast delivery.","twitter_misc":{"Dost\u0119pno\u015b\u0107":"Dost\u0119pny"},"schema":{"@context":"https:\/\/schema.org","@graph":[{"@type":"WebPage","@id":"https:\/\/stonersmeds.com\/shop\/btc-xtc-200mg-pills\/","url":"https:\/\/stonersmeds.com\/shop\/btc-xtc-200mg-pills\/","name":"BTC XTC 200mg Pills, Premium quality","isPartOf":{"@id":"https:\/\/stonersmeds.com\/#website"},"primaryImageOfPage":{"@id":"https:\/\/stonersmeds.com\/shop\/btc-xtc-200mg-pills\/#primaryimage"},"image":{"@id":"https:\/\/stonersmeds.com\/shop\/btc-xtc-200mg-pills\/#primaryimage"},"thumbnailUrl":"https:\/\/stonersmeds.com\/wp-content\/uploads\/2026\/02\/ecstasy-mdma-pill-with-bitcoin-logo-3d-model-max-obj-3ds-fbx-c4d-ma.jpg","datePublished":"2026-02-07T23:56:21+00:00","dateModified":"2026-02-20T11:00:05+00:00","description":"BTC XTC 200mg Pills, get this at affordable price, other research chemicals available, trusted, discreet and fast delivery.","breadcrumb":{"@id":"https:\/\/stonersmeds.com\/shop\/btc-xtc-200mg-pills\/#breadcrumb"},"inLanguage":"pl-PL","potentialAction":[{"@type":"ReadAction","target":["https:\/\/stonersmeds.com\/shop\/btc-xtc-200mg-pills\/"]}]},{"@type":"ImageObject","inLanguage":"pl-PL","@id":"https:\/\/stonersmeds.com\/shop\/btc-xtc-200mg-pills\/#primaryimage","url":"https:\/\/stonersmeds.com\/wp-content\/uploads\/2026\/02\/ecstasy-mdma-pill-with-bitcoin-logo-3d-model-max-obj-3ds-fbx-c4d-ma.jpg","contentUrl":"https:\/\/stonersmeds.com\/wp-content\/uploads\/2026\/02\/ecstasy-mdma-pill-with-bitcoin-logo-3d-model-max-obj-3ds-fbx-c4d-ma.jpg","width":1920,"height":1080},{"@type":"BreadcrumbList","@id":"https:\/\/stonersmeds.com\/shop\/btc-xtc-200mg-pills\/#breadcrumb","itemListElement":[{"@type":"ListItem","position":1,"name":"Home","item":"https:\/\/stonersmeds.com\/"},{"@type":"ListItem","position":2,"name":"Shop","item":"https:\/\/stonersmeds.com\/shop\/"},{"@type":"ListItem","position":3,"name":"BTC XTC 200mg Pills"}]},{"@type":"WebSite","@id":"https:\/\/stonersmeds.com\/#website","url":"https:\/\/stonersmeds.com\/","name":"stonersmeds.com","description":"verschreibungspflichtige Medizin kaufen","publisher":{"@id":"https:\/\/stonersmeds.com\/#organization"},"alternateName":"Research chemical shop","potentialAction":[{"@type":"SearchAction","target":{"@type":"EntryPoint","urlTemplate":"https:\/\/stonersmeds.com\/?s={search_term_string}"},"query-input":{"@type":"PropertyValueSpecification","valueRequired":true,"valueName":"search_term_string"}}],"inLanguage":"pl-PL"},{"@type":"Organization","@id":"https:\/\/stonersmeds.com\/#organization","name":"Stonersmeds Shop","url":"https:\/\/stonersmeds.com\/","logo":{"@type":"ImageObject","inLanguage":"pl-PL","@id":"https:\/\/stonersmeds.com\/#\/schema\/logo\/image\/","url":"https:\/\/stonersmeds.com\/wp-content\/uploads\/2026\/02\/high-purity-DMT-powder.jpg","contentUrl":"https:\/\/stonersmeds.com\/wp-content\/uploads\/2026\/02\/high-purity-DMT-powder.jpg","width":500,"height":500,"caption":"Stonersmeds Shop"},"image":{"@id":"https:\/\/stonersmeds.com\/#\/schema\/logo\/image\/"}}]},"og_availability":"instock","product_availability":"instock","product_condition":"new"},"_links":{"self":[{"href":"https:\/\/stonersmeds.com\/pl\/wp-json\/wp\/v2\/product\/13136","targetHints":{"allow":["GET"]}}],"collection":[{"href":"https:\/\/stonersmeds.com\/pl\/wp-json\/wp\/v2\/product"}],"about":[{"href":"https:\/\/stonersmeds.com\/pl\/wp-json\/wp\/v2\/types\/product"}],"replies":[{"embeddable":true,"href":"https:\/\/stonersmeds.com\/pl\/wp-json\/wp\/v2\/comments?post=13136"}],"version-history":[{"count":3,"href":"https:\/\/stonersmeds.com\/pl\/wp-json\/wp\/v2\/product\/13136\/revisions"}],"predecessor-version":[{"id":13996,"href":"https:\/\/stonersmeds.com\/pl\/wp-json\/wp\/v2\/product\/13136\/revisions\/13996"}],"wp:featuredmedia":[{"embeddable":true,"href":"https:\/\/stonersmeds.com\/pl\/wp-json\/wp\/v2\/media\/13164"}],"wp:attachment":[{"href":"https:\/\/stonersmeds.com\/pl\/wp-json\/wp\/v2\/media?parent=13136"}],"wp:term":[{"taxonomy":"product_brand","embeddable":true,"href":"https:\/\/stonersmeds.com\/pl\/wp-json\/wp\/v2\/product_brand?post=13136"},{"taxonomy":"product_cat","embeddable":true,"href":"https:\/\/stonersmeds.com\/pl\/wp-json\/wp\/v2\/product_cat?post=13136"},{"taxonomy":"product_tag","embeddable":true,"href":"https:\/\/stonersmeds.com\/pl\/wp-json\/wp\/v2\/product_tag?post=13136"},{"taxonomy":"product_brands","embeddable":true,"href":"https:\/\/stonersmeds.com\/pl\/wp-json\/wp\/v2\/product_brands?post=13136"}],"curies":[{"name":"wp","href":"https:\/\/api.w.org\/{rel}","templated":true}]}}