{"id":13298,"date":"2026-02-08T01:57:15","date_gmt":"2026-02-07T23:57:15","guid":{"rendered":"https:\/\/stonersmeds.com\/?post_type=product&#038;p=13298"},"modified":"2026-02-28T01:30:05","modified_gmt":"2026-02-27T23:30:05","slug":"tdp-1-5-tablet-press-machine","status":"publish","type":"product","link":"https:\/\/stonersmeds.com\/pl\/shop\/tdp-1-5-tablet-press-machine\/","title":{"rendered":"TDP 1.5 Tablet Press Machine"},"content":{"rendered":"<p><strong>Application:<\/strong><\/p>\n<p>Shop Pills Press Machine online.The device is intended for compacting loose material in the form of powder, granules into tablets.<\/p>\n<p>A simple model mainly used in research and small production.<\/p>\n<p>The use of appropriate forms allows the <a href=\"https:\/\/www.genlabschemicals.com\/\">production<\/a> of both regular and irregular shaped tablets.<\/p>\n<p><strong>Functions:<\/strong><\/p>\n<p>Designed to avoid the risk of infection, <a href=\"https:\/\/www.google.com\/\">infection<\/a>.<\/p>\n<p>Elements can easily be cleaned before each use.<\/p>\n<p>The construction of the machine excludes the penetration of substances into the product.<\/p>\n<p>The dispensing depth of the intermediate and the thickness of the tablet can be adjusted.<\/p>\n<p>The device is easy to use, it can be driven by the engine or manually.<br \/>\nThe press is designed for one type of tablet.Shop Pills Press Machine online<\/p>\n<h3><strong>Technical data:<\/strong><\/h3>\n<p>Power: 0.25 kW<br \/>\nMaximum pressure: 15 KN<br \/>\nThe maximum diameter of the tablet: 12 mm\u00a0 US 0.5\u2033<br \/>\nMaximum filling depth: 12 mm\u00a0 US 0.4\u2033<br \/>\nThe maximum thickness of the tablet: 6 mm\u00a0 US 0.2\u2033<br \/>\nCapacity: 4000 pcs \/ h<br \/>\nExternal dimensions\u00a0[L x W x H]: 670 x 470 x 750 mm\u00a0 US 26 x 18 x 29\u2033<br \/>\nWeight: 70 kg\u00a0 US 154 lb<\/p>\n<p>This press is extremely simple to use if you\u2019re new to pressing and comes with free onsite support and training at LFA\u2019s facilities.<\/p>\n<p>Reasonably price this is a great piece of equipment to give your business the start it needs.<\/p>\n<p>Capable of producing 4000 tablets per hour from 2 to 8mm.<\/p>\n<p>If you\u2019re looking to produce larger tablets we recommend using the TDP 5.<\/p>\n<p>Using 15 Kilonewtons or 1.5 tonnes of pressure, guaranteeing the highest quality tablets.<\/p>\n<p>Perfect for R&amp;D or small batch production, this unit can be supplied in 110 or 220 volts.<\/p>\n<p>Able to be fitted with round, shaped or custom dies, allowing you to stand out in your market.<\/p>\n<p><strong>Additional paid option:<\/strong><\/p>\n<p>Form for different size of pill<\/p>\n","protected":false},"excerpt":{"rendered":"<div class=\"gb-container gb-container-b3c54e92\">\n<div class=\"gb-inside-container\">\n<h1 class=\"gb-headline gb-headline-67ab94da gb-headline-text\"><strong>About This Item<\/strong><\/h1>\n<\/div>\n<\/div>\n<div class=\"woocommerce-product-details__short-description\">\n<ul>\n<li><strong>We can send parts for tablet presses upon request, which is easier to pass customs.<\/strong><\/li>\n<li><strong>4,000 Tablets per Hour, 15 kN of Pressure<\/strong><\/li>\n<li><strong>IN ORDER TO FACILITATE TRANSPORTATION, LET THE TABLET PRESS PASS THROUGH CUSTOMS AS SOON AS POSSIBLE TO REDUCE TRANSPORTATION TIME. WE WILL DISASSEMBLE THE MACHINE INTO THREE PARTS AND SHIP BY EXPRESS. TO ENSURE THAT THE GOODS CAN REACH THE DELIVERY ADDRESS SMOOTHLY, WE WILL PROVIDE ASSEMBLY VIDEOS TO FACILITATE SELF-ASSEMBLY AFTER ARRIVAL.<\/strong><\/li>\n<li><strong>Default Mold (\u00f86mm x1~6mm\/\u00f80.23\u2033 x0.04~0.23\u2033)<\/strong><\/li>\n<li><strong>The machine is suitable for most dry powder tablets, milk tablets, effervescent tablets, and other products.<\/strong><\/li>\n<li><strong>If you want to produce any other shapes, pls send your designs or drawings so we produce the Mould based on that<\/strong><\/li>\n<\/ul>\n<p>&nbsp;<\/p>\n<\/div>","protected":false},"featured_media":13332,"comment_status":"closed","ping_status":"closed","template":"","meta":{"_bst_post_transparent":"default","_bst_post_title":"","_bst_post_layout":"default","_bst_post_sidebar_id":"","_bst_post_content_style":"default","_bst_post_vertical_padding":"default","_bst_post_feature":"","_bst_post_feature_position":"","_bst_post_header":false,"_bst_post_footer":false},"product_brand":[],"product_cat":[2703],"product_tag":[3209],"product_brands":[],"class_list":{"0":"post-13298","1":"product","2":"type-product","3":"status-publish","4":"has-post-thumbnail","6":"product_cat-research-chemicals-2","7":"product_tag-shop-pills-press-machine-online","9":"first","10":"instock","11":"sale","12":"shipping-taxable","13":"purchasable","14":"product-type-simple","15":"entry","16":"content-bg","17":"loop-entry"},"tiered_pricing_type":"fixed","tiered_pricing_fixed_rules":[],"tiered_pricing_percentage_rules":[],"tiered_pricing_minimum":1,"_administrator_tiered_pricing_type":"fixed","_administrator_tiered_pricing_fixed_rules":[],"_editor_tiered_pricing_type":"fixed","_editor_tiered_pricing_fixed_rules":[],"_author_tiered_pricing_type":"fixed","_author_tiered_pricing_fixed_rules":[],"_contributor_tiered_pricing_type":"fixed","_contributor_tiered_pricing_fixed_rules":[],"_subscriber_tiered_pricing_type":"fixed","_subscriber_tiered_pricing_fixed_rules":[],"_customer_tiered_pricing_type":"fixed","_customer_tiered_pricing_fixed_rules":[],"_shop_manager_tiered_pricing_type":"fixed","_shop_manager_tiered_pricing_fixed_rules":[],"_wpseo_manager_tiered_pricing_type":"fixed","_wpseo_manager_tiered_pricing_fixed_rules":[],"_wpseo_editor_tiered_pricing_type":"fixed","_wpseo_editor_tiered_pricing_fixed_rules":[],"yoast_head":"<!-- This site is optimized with the Yoast SEO plugin v27.2 - https:\/\/yoast.com\/product\/yoast-seo-wordpress\/ -->\n<title>TDP 1.5 Tablet Press Machine, Premium quality<\/title>\n<meta name=\"description\" content=\"TDP 1.5 Tablet Press Machine, get this at affordable price, other research chemicals available, trusted, discreet and fast delivery.\" \/>\n<meta name=\"robots\" content=\"index, follow, max-snippet:-1, max-image-preview:large, max-video-preview:-1\" \/>\n<link rel=\"canonical\" href=\"https:\/\/stonersmeds.com\/pl\/shop\/tdp-1-5-tablet-press-machine\/\" \/>\n<meta property=\"og:locale\" content=\"pl_PL\" \/>\n<meta property=\"og:type\" content=\"article\" \/>\n<meta property=\"og:title\" content=\"TDP 1.5 Tablet Press Machine, Premium quality\" \/>\n<meta property=\"og:description\" content=\"TDP 1.5 Tablet Press Machine, get this at affordable price, other research chemicals available, trusted, discreet and fast delivery.\" \/>\n<meta property=\"og:url\" content=\"https:\/\/stonersmeds.com\/pl\/shop\/tdp-1-5-tablet-press-machine\/\" \/>\n<meta property=\"og:site_name\" content=\"stonersmeds.com\" \/>\n<meta property=\"article:modified_time\" content=\"2026-02-27T23:30:05+00:00\" \/>\n<meta property=\"og:image\" content=\"https:\/\/stonersmeds.com\/wp-content\/uploads\/2026\/02\/Tdp1.5T1.jpg\" \/>\n\t<meta property=\"og:image:width\" content=\"810\" \/>\n\t<meta property=\"og:image:height\" content=\"1080\" \/>\n\t<meta property=\"og:image:type\" content=\"image\/jpeg\" \/>\n<meta name=\"twitter:card\" content=\"summary_large_image\" \/>\n<meta name=\"twitter:title\" content=\"TDP 1.5 Tablet Press Machine, Premium quality\" \/>\n<meta name=\"twitter:description\" content=\"TDP 1.5 Tablet Press Machine, get this at affordable price, other research chemicals available, trusted, discreet and fast delivery.\" \/>\n<meta name=\"twitter:label1\" content=\"Cena\" \/>\n\t<meta name=\"twitter:data1\" content=\"7,500&#036;\" \/>\n\t<meta name=\"twitter:label2\" content=\"Dost\u0119pno\u015b\u0107\" \/>\n\t<meta name=\"twitter:data2\" content=\"Dost\u0119pny\" \/>\n<script type=\"application\/ld+json\" class=\"yoast-schema-graph\">{\"@context\":\"https:\/\/schema.org\",\"@graph\":[{\"@type\":\"WebPage\",\"@id\":\"https:\/\/stonersmeds.com\/shop\/tdp-1-5-tablet-press-machine\/\",\"url\":\"https:\/\/stonersmeds.com\/shop\/tdp-1-5-tablet-press-machine\/\",\"name\":\"TDP 1.5 Tablet Press Machine, Premium quality\",\"isPartOf\":{\"@id\":\"https:\/\/stonersmeds.com\/#website\"},\"primaryImageOfPage\":{\"@id\":\"https:\/\/stonersmeds.com\/shop\/tdp-1-5-tablet-press-machine\/#primaryimage\"},\"image\":{\"@id\":\"https:\/\/stonersmeds.com\/shop\/tdp-1-5-tablet-press-machine\/#primaryimage\"},\"thumbnailUrl\":\"https:\/\/stonersmeds.com\/wp-content\/uploads\/2026\/02\/Tdp1.5T1.jpg\",\"datePublished\":\"2026-02-07T23:57:15+00:00\",\"dateModified\":\"2026-02-27T23:30:05+00:00\",\"description\":\"TDP 1.5 Tablet Press Machine, get this at affordable price, other research chemicals available, trusted, discreet and fast delivery.\",\"breadcrumb\":{\"@id\":\"https:\/\/stonersmeds.com\/shop\/tdp-1-5-tablet-press-machine\/#breadcrumb\"},\"inLanguage\":\"pl-PL\",\"potentialAction\":[{\"@type\":\"ReadAction\",\"target\":[\"https:\/\/stonersmeds.com\/shop\/tdp-1-5-tablet-press-machine\/\"]}]},{\"@type\":\"ImageObject\",\"inLanguage\":\"pl-PL\",\"@id\":\"https:\/\/stonersmeds.com\/shop\/tdp-1-5-tablet-press-machine\/#primaryimage\",\"url\":\"https:\/\/stonersmeds.com\/wp-content\/uploads\/2026\/02\/Tdp1.5T1.jpg\",\"contentUrl\":\"https:\/\/stonersmeds.com\/wp-content\/uploads\/2026\/02\/Tdp1.5T1.jpg\",\"width\":810,\"height\":1080},{\"@type\":\"BreadcrumbList\",\"@id\":\"https:\/\/stonersmeds.com\/shop\/tdp-1-5-tablet-press-machine\/#breadcrumb\",\"itemListElement\":[{\"@type\":\"ListItem\",\"position\":1,\"name\":\"Home\",\"item\":\"https:\/\/stonersmeds.com\/\"},{\"@type\":\"ListItem\",\"position\":2,\"name\":\"Shop\",\"item\":\"https:\/\/stonersmeds.com\/shop\/\"},{\"@type\":\"ListItem\",\"position\":3,\"name\":\"TDP 1.5 Tablet Press Machine\"}]},{\"@type\":\"WebSite\",\"@id\":\"https:\/\/stonersmeds.com\/#website\",\"url\":\"https:\/\/stonersmeds.com\/\",\"name\":\"stonersmeds.com\",\"description\":\"verschreibungspflichtige Medizin kaufen\",\"publisher\":{\"@id\":\"https:\/\/stonersmeds.com\/#organization\"},\"alternateName\":\"Research chemical shop\",\"potentialAction\":[{\"@type\":\"SearchAction\",\"target\":{\"@type\":\"EntryPoint\",\"urlTemplate\":\"https:\/\/stonersmeds.com\/?s={search_term_string}\"},\"query-input\":{\"@type\":\"PropertyValueSpecification\",\"valueRequired\":true,\"valueName\":\"search_term_string\"}}],\"inLanguage\":\"pl-PL\"},{\"@type\":\"Organization\",\"@id\":\"https:\/\/stonersmeds.com\/#organization\",\"name\":\"Stonersmeds Shop\",\"url\":\"https:\/\/stonersmeds.com\/\",\"logo\":{\"@type\":\"ImageObject\",\"inLanguage\":\"pl-PL\",\"@id\":\"https:\/\/stonersmeds.com\/#\/schema\/logo\/image\/\",\"url\":\"https:\/\/stonersmeds.com\/wp-content\/uploads\/2026\/02\/high-purity-DMT-powder.jpg\",\"contentUrl\":\"https:\/\/stonersmeds.com\/wp-content\/uploads\/2026\/02\/high-purity-DMT-powder.jpg\",\"width\":500,\"height\":500,\"caption\":\"Stonersmeds Shop\"},\"image\":{\"@id\":\"https:\/\/stonersmeds.com\/#\/schema\/logo\/image\/\"}}]}<\/script>\n<meta property=\"product:price:amount\" content=\"7500.00\" \/>\n<meta property=\"product:price:currency\" content=\"USD\" \/>\n<meta property=\"og:availability\" content=\"instock\" \/>\n<meta property=\"product:availability\" content=\"instock\" \/>\n<meta property=\"product:condition\" content=\"new\" \/>\n<!-- \/ Yoast SEO plugin. -->","yoast_head_json":{"title":"TDP 1.5 Tablet Press Machine, Premium quality","description":"TDP 1.5 Tablet Press Machine, get this at affordable price, other research chemicals available, trusted, discreet and fast delivery.","robots":{"index":"index","follow":"follow","max-snippet":"max-snippet:-1","max-image-preview":"max-image-preview:large","max-video-preview":"max-video-preview:-1"},"canonical":"https:\/\/stonersmeds.com\/pl\/shop\/tdp-1-5-tablet-press-machine\/","og_locale":"pl_PL","og_type":"article","og_title":"TDP 1.5 Tablet Press Machine, Premium quality","og_description":"TDP 1.5 Tablet Press Machine, get this at affordable price, other research chemicals available, trusted, discreet and fast delivery.","og_url":"https:\/\/stonersmeds.com\/pl\/shop\/tdp-1-5-tablet-press-machine\/","og_site_name":"stonersmeds.com","article_modified_time":"2026-02-27T23:30:05+00:00","og_image":[{"width":810,"height":1080,"url":"https:\/\/stonersmeds.com\/wp-content\/uploads\/2026\/02\/Tdp1.5T1.jpg","type":"image\/jpeg"}],"twitter_card":"summary_large_image","twitter_title":"TDP 1.5 Tablet Press Machine, Premium quality","twitter_description":"TDP 1.5 Tablet Press Machine, get this at affordable price, other research chemicals available, trusted, discreet and fast delivery.","twitter_misc":{"Cena":"7,500&#36;","Dost\u0119pno\u015b\u0107":"Dost\u0119pny"},"schema":{"@context":"https:\/\/schema.org","@graph":[{"@type":"WebPage","@id":"https:\/\/stonersmeds.com\/shop\/tdp-1-5-tablet-press-machine\/","url":"https:\/\/stonersmeds.com\/shop\/tdp-1-5-tablet-press-machine\/","name":"TDP 1.5 Tablet Press Machine, Premium quality","isPartOf":{"@id":"https:\/\/stonersmeds.com\/#website"},"primaryImageOfPage":{"@id":"https:\/\/stonersmeds.com\/shop\/tdp-1-5-tablet-press-machine\/#primaryimage"},"image":{"@id":"https:\/\/stonersmeds.com\/shop\/tdp-1-5-tablet-press-machine\/#primaryimage"},"thumbnailUrl":"https:\/\/stonersmeds.com\/wp-content\/uploads\/2026\/02\/Tdp1.5T1.jpg","datePublished":"2026-02-07T23:57:15+00:00","dateModified":"2026-02-27T23:30:05+00:00","description":"TDP 1.5 Tablet Press Machine, get this at affordable price, other research chemicals available, trusted, discreet and fast delivery.","breadcrumb":{"@id":"https:\/\/stonersmeds.com\/shop\/tdp-1-5-tablet-press-machine\/#breadcrumb"},"inLanguage":"pl-PL","potentialAction":[{"@type":"ReadAction","target":["https:\/\/stonersmeds.com\/shop\/tdp-1-5-tablet-press-machine\/"]}]},{"@type":"ImageObject","inLanguage":"pl-PL","@id":"https:\/\/stonersmeds.com\/shop\/tdp-1-5-tablet-press-machine\/#primaryimage","url":"https:\/\/stonersmeds.com\/wp-content\/uploads\/2026\/02\/Tdp1.5T1.jpg","contentUrl":"https:\/\/stonersmeds.com\/wp-content\/uploads\/2026\/02\/Tdp1.5T1.jpg","width":810,"height":1080},{"@type":"BreadcrumbList","@id":"https:\/\/stonersmeds.com\/shop\/tdp-1-5-tablet-press-machine\/#breadcrumb","itemListElement":[{"@type":"ListItem","position":1,"name":"Home","item":"https:\/\/stonersmeds.com\/"},{"@type":"ListItem","position":2,"name":"Shop","item":"https:\/\/stonersmeds.com\/shop\/"},{"@type":"ListItem","position":3,"name":"TDP 1.5 Tablet Press Machine"}]},{"@type":"WebSite","@id":"https:\/\/stonersmeds.com\/#website","url":"https:\/\/stonersmeds.com\/","name":"stonersmeds.com","description":"verschreibungspflichtige Medizin kaufen","publisher":{"@id":"https:\/\/stonersmeds.com\/#organization"},"alternateName":"Research chemical shop","potentialAction":[{"@type":"SearchAction","target":{"@type":"EntryPoint","urlTemplate":"https:\/\/stonersmeds.com\/?s={search_term_string}"},"query-input":{"@type":"PropertyValueSpecification","valueRequired":true,"valueName":"search_term_string"}}],"inLanguage":"pl-PL"},{"@type":"Organization","@id":"https:\/\/stonersmeds.com\/#organization","name":"Stonersmeds Shop","url":"https:\/\/stonersmeds.com\/","logo":{"@type":"ImageObject","inLanguage":"pl-PL","@id":"https:\/\/stonersmeds.com\/#\/schema\/logo\/image\/","url":"https:\/\/stonersmeds.com\/wp-content\/uploads\/2026\/02\/high-purity-DMT-powder.jpg","contentUrl":"https:\/\/stonersmeds.com\/wp-content\/uploads\/2026\/02\/high-purity-DMT-powder.jpg","width":500,"height":500,"caption":"Stonersmeds Shop"},"image":{"@id":"https:\/\/stonersmeds.com\/#\/schema\/logo\/image\/"}}]},"product_price_amount":"7500.00","product_price_currency":"USD","og_availability":"instock","product_availability":"instock","product_condition":"new"},"_links":{"self":[{"href":"https:\/\/stonersmeds.com\/pl\/wp-json\/wp\/v2\/product\/13298","targetHints":{"allow":["GET"]}}],"collection":[{"href":"https:\/\/stonersmeds.com\/pl\/wp-json\/wp\/v2\/product"}],"about":[{"href":"https:\/\/stonersmeds.com\/pl\/wp-json\/wp\/v2\/types\/product"}],"replies":[{"embeddable":true,"href":"https:\/\/stonersmeds.com\/pl\/wp-json\/wp\/v2\/comments?post=13298"}],"version-history":[{"count":2,"href":"https:\/\/stonersmeds.com\/pl\/wp-json\/wp\/v2\/product\/13298\/revisions"}],"predecessor-version":[{"id":13965,"href":"https:\/\/stonersmeds.com\/pl\/wp-json\/wp\/v2\/product\/13298\/revisions\/13965"}],"wp:featuredmedia":[{"embeddable":true,"href":"https:\/\/stonersmeds.com\/pl\/wp-json\/wp\/v2\/media\/13332"}],"wp:attachment":[{"href":"https:\/\/stonersmeds.com\/pl\/wp-json\/wp\/v2\/media?parent=13298"}],"wp:term":[{"taxonomy":"product_brand","embeddable":true,"href":"https:\/\/stonersmeds.com\/pl\/wp-json\/wp\/v2\/product_brand?post=13298"},{"taxonomy":"product_cat","embeddable":true,"href":"https:\/\/stonersmeds.com\/pl\/wp-json\/wp\/v2\/product_cat?post=13298"},{"taxonomy":"product_tag","embeddable":true,"href":"https:\/\/stonersmeds.com\/pl\/wp-json\/wp\/v2\/product_tag?post=13298"},{"taxonomy":"product_brands","embeddable":true,"href":"https:\/\/stonersmeds.com\/pl\/wp-json\/wp\/v2\/product_brands?post=13298"}],"curies":[{"name":"wp","href":"https:\/\/api.w.org\/{rel}","templated":true}]}}