{"id":9653,"date":"2022-03-11T18:41:22","date_gmt":"2022-03-11T18:41:22","guid":{"rendered":"https:\/\/stonersmeds.com\/?post_type=product&#038;p=9653"},"modified":"2026-02-26T05:40:05","modified_gmt":"2026-02-26T03:40:05","slug":"premium-quality-grapefruit-marijuana-online","status":"publish","type":"product","link":"https:\/\/stonersmeds.com\/pl\/shop\/premium-quality-grapefruit-marijuana-online\/","title":{"rendered":"Najwy\u017cszej jako\u015bci grejpfrutowa marihuana online"},"content":{"rendered":"<h1>Najwy\u017cszej jako\u015bci grejpfrut marihuana<\/h1>\n<p>Grejpfrut (AAAA)<br \/>\nAll weed lovers know grapefruit, an award-winning classic with a sativa dominant that has kept people admiring for so long. A descendant of Cinderella 99 and an unknown sativa dominant strain, this strain offers some of the most powerful brain effects you\u2019ll ever see.<\/p>\n<p>W rezultacie ta bardzo smaczna odmiana marihuany jest szanowana w medycynie i rekreacji w\u015br\u00f3d konopi indyjskich i jest powszechnie uwa\u017cana za jedn\u0105 z najsilniejszych na rynku.<\/p>\n<h1><\/h1>\n<div><\/div>\n<div><\/div>\n<div><\/div>\n<div><\/div>\n<pre><strong>Premium Quality Marihuana Grejpfrutowa Online - kup grejpfrutow\u0105 marihuan\u0119, kup grejpfrutow\u0105 marihuan\u0119, kup grejpfrutow\u0105 marihuan\u0119 online, Gdzie kupi\u0107 grejpfrutow\u0105 marihuan\u0119 wysokiej jako\u015bci, grejpfrutow\u0105 marihuan\u0119 na sprzeda\u017c, grejpfrutow\u0105 marihuan\u0119 na sprzeda\u017c, kup marihuan\u0119 online, gdzie kupi\u0107 grejpfrutow\u0105 marihuan\u0119 online , Wysokiej jako\u015bci marihuana grejpfrutowa na sprzeda\u017c w usa, USA, kanada, wielka brytania, kup, online, dostawcy, bezpieczna dostawa, nadal mo\u017cesz uzyska\u0107 wysokiej jako\u015bci marihuan\u0119 grejpfrutow\u0105, jest legaln\u0105 marihuan\u0105 grejpfrutow\u0105 w usa, kup wysokiej jako\u015bci grejpfrutow\u0105 marihuan\u0119 usa, jak zam\u00f3wi\u0107 wysokiej jako\u015bci grejpfrut marihuany Marihuana, czy marihuana grejpfrutowa jest legalna w Kanadzie?<\/strong><\/pre>","protected":false},"excerpt":{"rendered":"<p>Premium Quality Grapefruit Marijuana Online.\u00a0Grapefruit Marijuana is sativa Dominant Hybrid \u2013 70% Sativa \/ 30% Indica THC: 20% \u2013 25%, CBN: 1%<\/p>\n<pre><strong>\r\nPremium Quality Marihuana Grejpfrutowa Online - kup grejpfrutow\u0105 marihuan\u0119, kup grejpfrutow\u0105 marihuan\u0119, kup grejpfrutow\u0105 marihuan\u0119 online, Gdzie kupi\u0107 grejpfrutow\u0105 marihuan\u0119 wysokiej jako\u015bci, grejpfrutow\u0105 marihuan\u0119 na sprzeda\u017c, grejpfrutow\u0105 marihuan\u0119 na sprzeda\u017c, kup marihuan\u0119 online, gdzie kupi\u0107 grejpfrutow\u0105 marihuan\u0119 online , Wysokiej jako\u015bci marihuana grejpfrutowa na sprzeda\u017c w usa, USA, kanada, wielka brytania, kup, online, dostawcy, bezpieczna dostawa, nadal mo\u017cesz uzyska\u0107 wysokiej jako\u015bci marihuan\u0119 grejpfrutow\u0105, jest legaln\u0105 marihuan\u0105 grejpfrutow\u0105 w usa, kup wysokiej jako\u015bci grejpfrutow\u0105 marihuan\u0119 usa, jak zam\u00f3wi\u0107 wysokiej jako\u015bci grejpfrut marihuany Marihuana, czy marihuana grejpfrutowa jest legalna w Kanadzie?<\/strong><\/pre>","protected":false},"featured_media":9660,"comment_status":"open","ping_status":"closed","template":"","meta":{"_bst_post_transparent":"","_bst_post_title":"","_bst_post_layout":"","_bst_post_sidebar_id":"","_bst_post_content_style":"","_bst_post_vertical_padding":"","_bst_post_feature":"","_bst_post_feature_position":"","_bst_post_header":false,"_bst_post_footer":false},"product_brand":[],"product_cat":[81],"product_tag":[],"product_brands":[],"class_list":{"0":"post-9653","1":"product","2":"type-product","3":"status-publish","4":"has-post-thumbnail","6":"product_cat-marijuana-medical-cannabis","8":"first","9":"instock","10":"shipping-taxable","11":"purchasable","12":"product-type-variable","13":"entry","14":"content-bg","15":"loop-entry"},"tiered_pricing_type":"fixed","tiered_pricing_fixed_rules":{"28":"9","50":"8","100":"7","250":"6","500":"4.5","1000":"3"},"tiered_pricing_percentage_rules":[],"tiered_pricing_minimum":1,"_administrator_tiered_pricing_type":"fixed","_administrator_tiered_pricing_fixed_rules":[],"_editor_tiered_pricing_type":"fixed","_editor_tiered_pricing_fixed_rules":[],"_author_tiered_pricing_type":"fixed","_author_tiered_pricing_fixed_rules":[],"_contributor_tiered_pricing_type":"fixed","_contributor_tiered_pricing_fixed_rules":[],"_subscriber_tiered_pricing_type":"fixed","_subscriber_tiered_pricing_fixed_rules":[],"_customer_tiered_pricing_type":"fixed","_customer_tiered_pricing_fixed_rules":[],"_shop_manager_tiered_pricing_type":"fixed","_shop_manager_tiered_pricing_fixed_rules":[],"_wpseo_manager_tiered_pricing_type":"fixed","_wpseo_manager_tiered_pricing_fixed_rules":[],"_wpseo_editor_tiered_pricing_type":"fixed","_wpseo_editor_tiered_pricing_fixed_rules":[],"yoast_head":"<!-- This site is optimized with the Yoast SEO plugin v27.2 - https:\/\/yoast.com\/product\/yoast-seo-wordpress\/ -->\n<title>Premium Quality Grapefruit Marijuana Online - stonersmeds.com<\/title>\n<meta name=\"robots\" content=\"index, follow, max-snippet:-1, max-image-preview:large, max-video-preview:-1\" \/>\n<link rel=\"canonical\" href=\"https:\/\/stonersmeds.com\/pl\/shop\/premium-quality-grapefruit-marijuana-online\/\" \/>\n<meta property=\"og:locale\" content=\"pl_PL\" \/>\n<meta property=\"og:type\" content=\"article\" \/>\n<meta property=\"og:title\" content=\"Premium Quality Grapefruit Marijuana Online - stonersmeds.com\" \/>\n<meta property=\"og:description\" content=\"Premium Quality Grapefruit Marijuana Online.\u00a0Grapefruit Marijuana is sativa Dominant Hybrid \u2013 70% Sativa \/ 30% Indica THC: 20% \u2013 25%, CBN: 1%  Premium Quality Grapefruit Marijuana Online - buy Grapefruit Marijuana , buy Quality Grapefruit Marijuana , buy Quality Grapefruit Marijuana online, Where to Buy Quality Grapefruit Marijuana , Quality Grapefruit Marijuana for sale, Grapefruit Marijuana for sale, buy Marijuana online, where to Buy Quality Grapefruit Marijuana online, Quality Grapefruit Marijuana for sale in usa , USA, canada,uk, buy, online, suppliers, safe delivery, You can still get Quality Grapefruit Marijuana , Is Quality Grapefruit Marijuana legal usa, buy Quality Grapefruit Marijuana usa, how to order Quality Grapefruit Marijuana , Is Quality Grapefruit Marijuana legal in Canada\" \/>\n<meta property=\"og:url\" content=\"https:\/\/stonersmeds.com\/pl\/shop\/premium-quality-grapefruit-marijuana-online\/\" \/>\n<meta property=\"og:site_name\" content=\"stonersmeds.com\" \/>\n<meta property=\"article:modified_time\" content=\"2026-02-26T03:40:05+00:00\" \/>\n<meta property=\"og:image\" content=\"https:\/\/stonersmeds.com\/wp-content\/uploads\/2022\/03\/Premium-Quality-Grapefruit-Marijuana-Online.jpg\" \/>\n\t<meta property=\"og:image:width\" content=\"600\" \/>\n\t<meta property=\"og:image:height\" content=\"600\" \/>\n\t<meta property=\"og:image:type\" content=\"image\/jpeg\" \/>\n<meta name=\"twitter:card\" content=\"summary_large_image\" \/>\n<meta name=\"twitter:label1\" content=\"Dost\u0119pno\u015b\u0107\" \/>\n\t<meta name=\"twitter:data1\" content=\"Dost\u0119pny\" \/>\n<script type=\"application\/ld+json\" class=\"yoast-schema-graph\">{\"@context\":\"https:\/\/schema.org\",\"@graph\":[{\"@type\":\"WebPage\",\"@id\":\"https:\/\/stonersmeds.com\/shop\/premium-quality-grapefruit-marijuana-online\/\",\"url\":\"https:\/\/stonersmeds.com\/shop\/premium-quality-grapefruit-marijuana-online\/\",\"name\":\"Premium Quality Grapefruit Marijuana Online - stonersmeds.com\",\"isPartOf\":{\"@id\":\"https:\/\/stonersmeds.com\/#website\"},\"primaryImageOfPage\":{\"@id\":\"https:\/\/stonersmeds.com\/shop\/premium-quality-grapefruit-marijuana-online\/#primaryimage\"},\"image\":{\"@id\":\"https:\/\/stonersmeds.com\/shop\/premium-quality-grapefruit-marijuana-online\/#primaryimage\"},\"thumbnailUrl\":\"https:\/\/stonersmeds.com\/wp-content\/uploads\/2022\/03\/Premium-Quality-Grapefruit-Marijuana-Online.jpg\",\"datePublished\":\"2022-03-11T18:41:22+00:00\",\"dateModified\":\"2026-02-26T03:40:05+00:00\",\"breadcrumb\":{\"@id\":\"https:\/\/stonersmeds.com\/shop\/premium-quality-grapefruit-marijuana-online\/#breadcrumb\"},\"inLanguage\":\"pl-PL\",\"potentialAction\":[{\"@type\":\"ReadAction\",\"target\":[\"https:\/\/stonersmeds.com\/shop\/premium-quality-grapefruit-marijuana-online\/\"]}]},{\"@type\":\"ImageObject\",\"inLanguage\":\"pl-PL\",\"@id\":\"https:\/\/stonersmeds.com\/shop\/premium-quality-grapefruit-marijuana-online\/#primaryimage\",\"url\":\"https:\/\/stonersmeds.com\/wp-content\/uploads\/2022\/03\/Premium-Quality-Grapefruit-Marijuana-Online.jpg\",\"contentUrl\":\"https:\/\/stonersmeds.com\/wp-content\/uploads\/2022\/03\/Premium-Quality-Grapefruit-Marijuana-Online.jpg\",\"width\":600,\"height\":600},{\"@type\":\"BreadcrumbList\",\"@id\":\"https:\/\/stonersmeds.com\/shop\/premium-quality-grapefruit-marijuana-online\/#breadcrumb\",\"itemListElement\":[{\"@type\":\"ListItem\",\"position\":1,\"name\":\"Home\",\"item\":\"https:\/\/stonersmeds.com\/\"},{\"@type\":\"ListItem\",\"position\":2,\"name\":\"Shop\",\"item\":\"https:\/\/stonersmeds.com\/shop\/\"},{\"@type\":\"ListItem\",\"position\":3,\"name\":\"Premium Quality Grapefruit Marijuana Online\"}]},{\"@type\":\"WebSite\",\"@id\":\"https:\/\/stonersmeds.com\/#website\",\"url\":\"https:\/\/stonersmeds.com\/\",\"name\":\"stonersmeds.com\",\"description\":\"verschreibungspflichtige Medizin kaufen\",\"publisher\":{\"@id\":\"https:\/\/stonersmeds.com\/#organization\"},\"alternateName\":\"Research chemical shop\",\"potentialAction\":[{\"@type\":\"SearchAction\",\"target\":{\"@type\":\"EntryPoint\",\"urlTemplate\":\"https:\/\/stonersmeds.com\/?s={search_term_string}\"},\"query-input\":{\"@type\":\"PropertyValueSpecification\",\"valueRequired\":true,\"valueName\":\"search_term_string\"}}],\"inLanguage\":\"pl-PL\"},{\"@type\":\"Organization\",\"@id\":\"https:\/\/stonersmeds.com\/#organization\",\"name\":\"Stonersmeds Shop\",\"url\":\"https:\/\/stonersmeds.com\/\",\"logo\":{\"@type\":\"ImageObject\",\"inLanguage\":\"pl-PL\",\"@id\":\"https:\/\/stonersmeds.com\/#\/schema\/logo\/image\/\",\"url\":\"https:\/\/stonersmeds.com\/wp-content\/uploads\/2026\/02\/high-purity-DMT-powder.jpg\",\"contentUrl\":\"https:\/\/stonersmeds.com\/wp-content\/uploads\/2026\/02\/high-purity-DMT-powder.jpg\",\"width\":500,\"height\":500,\"caption\":\"Stonersmeds Shop\"},\"image\":{\"@id\":\"https:\/\/stonersmeds.com\/#\/schema\/logo\/image\/\"}}]}<\/script>\n<meta property=\"og:availability\" content=\"instock\" \/>\n<meta property=\"product:availability\" content=\"instock\" \/>\n<meta property=\"product:condition\" content=\"new\" \/>\n<!-- \/ Yoast SEO plugin. -->","yoast_head_json":{"title":"Najwy\u017cszej jako\u015bci grejpfrut marihuana online - stonersmeds.com","robots":{"index":"index","follow":"follow","max-snippet":"max-snippet:-1","max-image-preview":"max-image-preview:large","max-video-preview":"max-video-preview:-1"},"canonical":"https:\/\/stonersmeds.com\/pl\/shop\/premium-quality-grapefruit-marijuana-online\/","og_locale":"pl_PL","og_type":"article","og_title":"Premium Quality Grapefruit Marijuana Online - stonersmeds.com","og_description":"Premium Quality Grapefruit Marijuana Online.\u00a0Grapefruit Marijuana is sativa Dominant Hybrid \u2013 70% Sativa \/ 30% Indica THC: 20% \u2013 25%, CBN: 1%  Premium Quality Grapefruit Marijuana Online - buy Grapefruit Marijuana , buy Quality Grapefruit Marijuana , buy Quality Grapefruit Marijuana online, Where to Buy Quality Grapefruit Marijuana , Quality Grapefruit Marijuana for sale, Grapefruit Marijuana for sale, buy Marijuana online, where to Buy Quality Grapefruit Marijuana online, Quality Grapefruit Marijuana for sale in usa , USA, canada,uk, buy, online, suppliers, safe delivery, You can still get Quality Grapefruit Marijuana , Is Quality Grapefruit Marijuana legal usa, buy Quality Grapefruit Marijuana usa, how to order Quality Grapefruit Marijuana , Is Quality Grapefruit Marijuana legal in Canada","og_url":"https:\/\/stonersmeds.com\/pl\/shop\/premium-quality-grapefruit-marijuana-online\/","og_site_name":"stonersmeds.com","article_modified_time":"2026-02-26T03:40:05+00:00","og_image":[{"width":600,"height":600,"url":"https:\/\/stonersmeds.com\/wp-content\/uploads\/2022\/03\/Premium-Quality-Grapefruit-Marijuana-Online.jpg","type":"image\/jpeg"}],"twitter_card":"summary_large_image","twitter_misc":{"Dost\u0119pno\u015b\u0107":"Dost\u0119pny"},"schema":{"@context":"https:\/\/schema.org","@graph":[{"@type":"WebPage","@id":"https:\/\/stonersmeds.com\/shop\/premium-quality-grapefruit-marijuana-online\/","url":"https:\/\/stonersmeds.com\/shop\/premium-quality-grapefruit-marijuana-online\/","name":"Najwy\u017cszej jako\u015bci grejpfrut marihuana online - stonersmeds.com","isPartOf":{"@id":"https:\/\/stonersmeds.com\/#website"},"primaryImageOfPage":{"@id":"https:\/\/stonersmeds.com\/shop\/premium-quality-grapefruit-marijuana-online\/#primaryimage"},"image":{"@id":"https:\/\/stonersmeds.com\/shop\/premium-quality-grapefruit-marijuana-online\/#primaryimage"},"thumbnailUrl":"https:\/\/stonersmeds.com\/wp-content\/uploads\/2022\/03\/Premium-Quality-Grapefruit-Marijuana-Online.jpg","datePublished":"2022-03-11T18:41:22+00:00","dateModified":"2026-02-26T03:40:05+00:00","breadcrumb":{"@id":"https:\/\/stonersmeds.com\/shop\/premium-quality-grapefruit-marijuana-online\/#breadcrumb"},"inLanguage":"pl-PL","potentialAction":[{"@type":"ReadAction","target":["https:\/\/stonersmeds.com\/shop\/premium-quality-grapefruit-marijuana-online\/"]}]},{"@type":"ImageObject","inLanguage":"pl-PL","@id":"https:\/\/stonersmeds.com\/shop\/premium-quality-grapefruit-marijuana-online\/#primaryimage","url":"https:\/\/stonersmeds.com\/wp-content\/uploads\/2022\/03\/Premium-Quality-Grapefruit-Marijuana-Online.jpg","contentUrl":"https:\/\/stonersmeds.com\/wp-content\/uploads\/2022\/03\/Premium-Quality-Grapefruit-Marijuana-Online.jpg","width":600,"height":600},{"@type":"BreadcrumbList","@id":"https:\/\/stonersmeds.com\/shop\/premium-quality-grapefruit-marijuana-online\/#breadcrumb","itemListElement":[{"@type":"ListItem","position":1,"name":"Home","item":"https:\/\/stonersmeds.com\/"},{"@type":"ListItem","position":2,"name":"Shop","item":"https:\/\/stonersmeds.com\/shop\/"},{"@type":"ListItem","position":3,"name":"Premium Quality Grapefruit Marijuana Online"}]},{"@type":"WebSite","@id":"https:\/\/stonersmeds.com\/#website","url":"https:\/\/stonersmeds.com\/","name":"stonersmeds.com","description":"verschreibungspflichtige Medizin kaufen","publisher":{"@id":"https:\/\/stonersmeds.com\/#organization"},"alternateName":"Research chemical shop","potentialAction":[{"@type":"SearchAction","target":{"@type":"EntryPoint","urlTemplate":"https:\/\/stonersmeds.com\/?s={search_term_string}"},"query-input":{"@type":"PropertyValueSpecification","valueRequired":true,"valueName":"search_term_string"}}],"inLanguage":"pl-PL"},{"@type":"Organization","@id":"https:\/\/stonersmeds.com\/#organization","name":"Stonersmeds Shop","url":"https:\/\/stonersmeds.com\/","logo":{"@type":"ImageObject","inLanguage":"pl-PL","@id":"https:\/\/stonersmeds.com\/#\/schema\/logo\/image\/","url":"https:\/\/stonersmeds.com\/wp-content\/uploads\/2026\/02\/high-purity-DMT-powder.jpg","contentUrl":"https:\/\/stonersmeds.com\/wp-content\/uploads\/2026\/02\/high-purity-DMT-powder.jpg","width":500,"height":500,"caption":"Stonersmeds Shop"},"image":{"@id":"https:\/\/stonersmeds.com\/#\/schema\/logo\/image\/"}}]},"og_availability":"instock","product_availability":"instock","product_condition":"new"},"_links":{"self":[{"href":"https:\/\/stonersmeds.com\/pl\/wp-json\/wp\/v2\/product\/9653","targetHints":{"allow":["GET"]}}],"collection":[{"href":"https:\/\/stonersmeds.com\/pl\/wp-json\/wp\/v2\/product"}],"about":[{"href":"https:\/\/stonersmeds.com\/pl\/wp-json\/wp\/v2\/types\/product"}],"replies":[{"embeddable":true,"href":"https:\/\/stonersmeds.com\/pl\/wp-json\/wp\/v2\/comments?post=9653"}],"version-history":[{"count":0,"href":"https:\/\/stonersmeds.com\/pl\/wp-json\/wp\/v2\/product\/9653\/revisions"}],"wp:featuredmedia":[{"embeddable":true,"href":"https:\/\/stonersmeds.com\/pl\/wp-json\/wp\/v2\/media\/9660"}],"wp:attachment":[{"href":"https:\/\/stonersmeds.com\/pl\/wp-json\/wp\/v2\/media?parent=9653"}],"wp:term":[{"taxonomy":"product_brand","embeddable":true,"href":"https:\/\/stonersmeds.com\/pl\/wp-json\/wp\/v2\/product_brand?post=9653"},{"taxonomy":"product_cat","embeddable":true,"href":"https:\/\/stonersmeds.com\/pl\/wp-json\/wp\/v2\/product_cat?post=9653"},{"taxonomy":"product_tag","embeddable":true,"href":"https:\/\/stonersmeds.com\/pl\/wp-json\/wp\/v2\/product_tag?post=9653"},{"taxonomy":"product_brands","embeddable":true,"href":"https:\/\/stonersmeds.com\/pl\/wp-json\/wp\/v2\/product_brands?post=9653"}],"curies":[{"name":"wp","href":"https:\/\/api.w.org\/{rel}","templated":true}]}}