{"id":9806,"date":"2022-03-12T02:31:57","date_gmt":"2022-03-12T02:31:57","guid":{"rendered":"https:\/\/stonersmeds.com\/?post_type=product&#038;p=9806"},"modified":"2026-02-25T14:20:34","modified_gmt":"2026-02-25T12:20:34","slug":"buy-dextripam-10mg-pills-online-diazepam","status":"publish","type":"product","link":"https:\/\/stonersmeds.com\/pl\/shop\/buy-dextripam-10mg-pills-online-diazepam\/","title":{"rendered":"Kup tabletki Dextripam 10 mg online (Diazepam)"},"content":{"rendered":"<h1>Buy Dextripam 10mg pills online.<\/h1>\n<p>Buy Dextrip (Diazepam) 10 mg tablet\/tablet online<\/p>\n<p>Dextripam (Diazepam) 10 mg is used for Anxiety, Muscle Spasms, Convulsions, and other conditions. This drug is a benzodiazepine.<\/p>\n<p>You can buy Dextripam (Diazepam) 10 mg tablets online without a prescription (no RX).<\/p>\n<div><\/div>\n<div><\/div>\n<div><\/div>\n<pre><strong>Buy Dextripam 10mg pills online (Diazepam) - buy Dextripam , buy Dextripam 10mg pills , buy Dextripam pills online, Where to Buy Dextripam 10mg pills , Dextripam 10mg pills for sale, Dextripam pills for sale, buy Dextripam 10mg online, where to Buy Dextripam 10mg pills online, Dextripam 10mg pills for sale in usa , USA, canada,uk, buy, online, suppliers, safe delivery, You can still get Dextripam 10mg pills , Is Dextripam 10mg pills legal in usa, buy Dextripam 10mg pills online usa, how to order Dextripam 10mg pills , Is Dextripam 10mg pills legal in Canada<\/strong><\/pre>","protected":false},"excerpt":{"rendered":"<p>Buy Dextripam 10mg pills online.\u00a0Diazepam used to treat uneasiness issue, liquor withdrawal indications, or muscle fits.<\/p>\n<p>cena produktu wynosi: za tabletk\u0119<br \/>\n<strong>Minimum order quantity is: 100 pills<\/strong><\/p>\n<pre><strong>Buy Dextripam 10mg pills online (Diazepam) - buy Dextripam , buy Dextripam 10mg pills , buy Dextripam pills online, Where to Buy Dextripam 10mg pills , Dextripam 10mg pills for sale, Dextripam pills for sale, buy Dextripam 10mg online, where to Buy Dextripam 10mg pills online, Dextripam 10mg pills for sale in usa , USA, canada,uk, buy, online, suppliers, safe delivery, You can still get Dextripam 10mg pills , Is Dextripam 10mg pills legal in usa, buy Dextripam 10mg pills online usa, how to order Dextripam 10mg pills , Is Dextripam 10mg pills legal in Canada<\/strong><\/pre>","protected":false},"featured_media":9815,"comment_status":"open","ping_status":"closed","template":"","meta":{"_bst_post_transparent":"","_bst_post_title":"","_bst_post_layout":"","_bst_post_sidebar_id":"","_bst_post_content_style":"","_bst_post_vertical_padding":"","_bst_post_feature":"","_bst_post_feature_position":"","_bst_post_header":false,"_bst_post_footer":false},"product_brand":[],"product_cat":[769,77,771,770],"product_tag":[],"product_brands":[],"class_list":{"0":"post-9806","1":"product","2":"type-product","3":"status-publish","4":"has-post-thumbnail","6":"product_cat-pain-pills","7":"product_cat-pain-sleeping-sex-pills","8":"product_cat-sex-pills","9":"product_cat-sleeping-pills","11":"first","12":"instock","13":"shipping-taxable","14":"purchasable","15":"product-type-variable","16":"entry","17":"content-bg","18":"loop-entry"},"tiered_pricing_type":"fixed","tiered_pricing_fixed_rules":[],"tiered_pricing_percentage_rules":[],"tiered_pricing_minimum":1,"_administrator_tiered_pricing_type":"fixed","_administrator_tiered_pricing_fixed_rules":[],"_editor_tiered_pricing_type":"fixed","_editor_tiered_pricing_fixed_rules":[],"_author_tiered_pricing_type":"fixed","_author_tiered_pricing_fixed_rules":[],"_contributor_tiered_pricing_type":"fixed","_contributor_tiered_pricing_fixed_rules":[],"_subscriber_tiered_pricing_type":"fixed","_subscriber_tiered_pricing_fixed_rules":[],"_customer_tiered_pricing_type":"fixed","_customer_tiered_pricing_fixed_rules":[],"_shop_manager_tiered_pricing_type":"fixed","_shop_manager_tiered_pricing_fixed_rules":[],"_wpseo_manager_tiered_pricing_type":"fixed","_wpseo_manager_tiered_pricing_fixed_rules":[],"_wpseo_editor_tiered_pricing_type":"fixed","_wpseo_editor_tiered_pricing_fixed_rules":[],"yoast_head":"<!-- This site is optimized with the Yoast SEO plugin v27.2 - https:\/\/yoast.com\/product\/yoast-seo-wordpress\/ -->\n<title>Buy Dextripam 10mg pills online (Diazepam) - Fast and safe delivery<\/title>\n<meta name=\"description\" content=\"Buy Dextripam 10mg, Order safely &amp; maintain your privacy No prescription necessary Discreet standard shipping at Low prices.\" \/>\n<meta name=\"robots\" content=\"index, follow, max-snippet:-1, max-image-preview:large, max-video-preview:-1\" \/>\n<link rel=\"canonical\" href=\"https:\/\/stonersmeds.com\/pl\/shop\/buy-dextripam-10mg-pills-online-diazepam\/\" \/>\n<meta property=\"og:locale\" content=\"pl_PL\" \/>\n<meta property=\"og:type\" content=\"article\" \/>\n<meta property=\"og:title\" content=\"Buy Dextripam 10mg pills online (Diazepam) - Fast and safe delivery\" \/>\n<meta property=\"og:description\" content=\"Buy Dextripam 10mg, Order safely &amp; maintain your privacy No prescription necessary Discreet standard shipping at Low prices.\" \/>\n<meta property=\"og:url\" content=\"https:\/\/stonersmeds.com\/pl\/shop\/buy-dextripam-10mg-pills-online-diazepam\/\" \/>\n<meta property=\"og:site_name\" content=\"stonersmeds.com\" \/>\n<meta property=\"article:modified_time\" content=\"2026-02-25T12:20:34+00:00\" \/>\n<meta property=\"og:image\" content=\"https:\/\/stonersmeds.com\/wp-content\/uploads\/2022\/03\/buy-dextripam-10mg-pills-online.jpg\" \/>\n\t<meta property=\"og:image:width\" content=\"600\" \/>\n\t<meta property=\"og:image:height\" content=\"600\" \/>\n\t<meta property=\"og:image:type\" content=\"image\/jpeg\" \/>\n<meta name=\"twitter:card\" content=\"summary_large_image\" \/>\n<meta name=\"twitter:label1\" content=\"Dost\u0119pno\u015b\u0107\" \/>\n\t<meta name=\"twitter:data1\" content=\"Dost\u0119pny\" \/>\n<script type=\"application\/ld+json\" class=\"yoast-schema-graph\">{\"@context\":\"https:\/\/schema.org\",\"@graph\":[{\"@type\":\"WebPage\",\"@id\":\"https:\/\/stonersmeds.com\/shop\/buy-dextripam-10mg-pills-online-diazepam\/\",\"url\":\"https:\/\/stonersmeds.com\/shop\/buy-dextripam-10mg-pills-online-diazepam\/\",\"name\":\"Buy Dextripam 10mg pills online (Diazepam) - Fast and safe delivery\",\"isPartOf\":{\"@id\":\"https:\/\/stonersmeds.com\/#website\"},\"primaryImageOfPage\":{\"@id\":\"https:\/\/stonersmeds.com\/shop\/buy-dextripam-10mg-pills-online-diazepam\/#primaryimage\"},\"image\":{\"@id\":\"https:\/\/stonersmeds.com\/shop\/buy-dextripam-10mg-pills-online-diazepam\/#primaryimage\"},\"thumbnailUrl\":\"https:\/\/stonersmeds.com\/wp-content\/uploads\/2022\/03\/buy-dextripam-10mg-pills-online.jpg\",\"datePublished\":\"2022-03-12T02:31:57+00:00\",\"dateModified\":\"2026-02-25T12:20:34+00:00\",\"description\":\"Buy Dextripam 10mg, Order safely & maintain your privacy No prescription necessary Discreet standard shipping at Low prices.\",\"breadcrumb\":{\"@id\":\"https:\/\/stonersmeds.com\/shop\/buy-dextripam-10mg-pills-online-diazepam\/#breadcrumb\"},\"inLanguage\":\"pl-PL\",\"potentialAction\":[{\"@type\":\"ReadAction\",\"target\":[\"https:\/\/stonersmeds.com\/shop\/buy-dextripam-10mg-pills-online-diazepam\/\"]}]},{\"@type\":\"ImageObject\",\"inLanguage\":\"pl-PL\",\"@id\":\"https:\/\/stonersmeds.com\/shop\/buy-dextripam-10mg-pills-online-diazepam\/#primaryimage\",\"url\":\"https:\/\/stonersmeds.com\/wp-content\/uploads\/2022\/03\/buy-dextripam-10mg-pills-online.jpg\",\"contentUrl\":\"https:\/\/stonersmeds.com\/wp-content\/uploads\/2022\/03\/buy-dextripam-10mg-pills-online.jpg\",\"width\":600,\"height\":600},{\"@type\":\"BreadcrumbList\",\"@id\":\"https:\/\/stonersmeds.com\/shop\/buy-dextripam-10mg-pills-online-diazepam\/#breadcrumb\",\"itemListElement\":[{\"@type\":\"ListItem\",\"position\":1,\"name\":\"Home\",\"item\":\"https:\/\/stonersmeds.com\/\"},{\"@type\":\"ListItem\",\"position\":2,\"name\":\"Shop\",\"item\":\"https:\/\/stonersmeds.com\/shop\/\"},{\"@type\":\"ListItem\",\"position\":3,\"name\":\"Buy Dextripam 10mg pills online (Diazepam)\"}]},{\"@type\":\"WebSite\",\"@id\":\"https:\/\/stonersmeds.com\/#website\",\"url\":\"https:\/\/stonersmeds.com\/\",\"name\":\"stonersmeds.com\",\"description\":\"verschreibungspflichtige Medizin kaufen\",\"publisher\":{\"@id\":\"https:\/\/stonersmeds.com\/#organization\"},\"alternateName\":\"Research chemical shop\",\"potentialAction\":[{\"@type\":\"SearchAction\",\"target\":{\"@type\":\"EntryPoint\",\"urlTemplate\":\"https:\/\/stonersmeds.com\/?s={search_term_string}\"},\"query-input\":{\"@type\":\"PropertyValueSpecification\",\"valueRequired\":true,\"valueName\":\"search_term_string\"}}],\"inLanguage\":\"pl-PL\"},{\"@type\":\"Organization\",\"@id\":\"https:\/\/stonersmeds.com\/#organization\",\"name\":\"Stonersmeds Shop\",\"url\":\"https:\/\/stonersmeds.com\/\",\"logo\":{\"@type\":\"ImageObject\",\"inLanguage\":\"pl-PL\",\"@id\":\"https:\/\/stonersmeds.com\/#\/schema\/logo\/image\/\",\"url\":\"https:\/\/stonersmeds.com\/wp-content\/uploads\/2026\/02\/high-purity-DMT-powder.jpg\",\"contentUrl\":\"https:\/\/stonersmeds.com\/wp-content\/uploads\/2026\/02\/high-purity-DMT-powder.jpg\",\"width\":500,\"height\":500,\"caption\":\"Stonersmeds Shop\"},\"image\":{\"@id\":\"https:\/\/stonersmeds.com\/#\/schema\/logo\/image\/\"}}]}<\/script>\n<meta property=\"og:availability\" content=\"instock\" \/>\n<meta property=\"product:availability\" content=\"instock\" \/>\n<meta property=\"product:condition\" content=\"new\" \/>\n<!-- \/ Yoast SEO plugin. -->","yoast_head_json":{"title":"Buy Dextripam 10mg pills online (Diazepam) - Fast and safe delivery","description":"Buy Dextripam 10mg, Order safely & maintain your privacy No prescription necessary Discreet standard shipping at Low prices.","robots":{"index":"index","follow":"follow","max-snippet":"max-snippet:-1","max-image-preview":"max-image-preview:large","max-video-preview":"max-video-preview:-1"},"canonical":"https:\/\/stonersmeds.com\/pl\/shop\/buy-dextripam-10mg-pills-online-diazepam\/","og_locale":"pl_PL","og_type":"article","og_title":"Buy Dextripam 10mg pills online (Diazepam) - Fast and safe delivery","og_description":"Buy Dextripam 10mg, Order safely & maintain your privacy No prescription necessary Discreet standard shipping at Low prices.","og_url":"https:\/\/stonersmeds.com\/pl\/shop\/buy-dextripam-10mg-pills-online-diazepam\/","og_site_name":"stonersmeds.com","article_modified_time":"2026-02-25T12:20:34+00:00","og_image":[{"width":600,"height":600,"url":"https:\/\/stonersmeds.com\/wp-content\/uploads\/2022\/03\/buy-dextripam-10mg-pills-online.jpg","type":"image\/jpeg"}],"twitter_card":"summary_large_image","twitter_misc":{"Dost\u0119pno\u015b\u0107":"Dost\u0119pny"},"schema":{"@context":"https:\/\/schema.org","@graph":[{"@type":"WebPage","@id":"https:\/\/stonersmeds.com\/shop\/buy-dextripam-10mg-pills-online-diazepam\/","url":"https:\/\/stonersmeds.com\/shop\/buy-dextripam-10mg-pills-online-diazepam\/","name":"Buy Dextripam 10mg pills online (Diazepam) - Fast and safe delivery","isPartOf":{"@id":"https:\/\/stonersmeds.com\/#website"},"primaryImageOfPage":{"@id":"https:\/\/stonersmeds.com\/shop\/buy-dextripam-10mg-pills-online-diazepam\/#primaryimage"},"image":{"@id":"https:\/\/stonersmeds.com\/shop\/buy-dextripam-10mg-pills-online-diazepam\/#primaryimage"},"thumbnailUrl":"https:\/\/stonersmeds.com\/wp-content\/uploads\/2022\/03\/buy-dextripam-10mg-pills-online.jpg","datePublished":"2022-03-12T02:31:57+00:00","dateModified":"2026-02-25T12:20:34+00:00","description":"Buy Dextripam 10mg, Order safely & maintain your privacy No prescription necessary Discreet standard shipping at Low prices.","breadcrumb":{"@id":"https:\/\/stonersmeds.com\/shop\/buy-dextripam-10mg-pills-online-diazepam\/#breadcrumb"},"inLanguage":"pl-PL","potentialAction":[{"@type":"ReadAction","target":["https:\/\/stonersmeds.com\/shop\/buy-dextripam-10mg-pills-online-diazepam\/"]}]},{"@type":"ImageObject","inLanguage":"pl-PL","@id":"https:\/\/stonersmeds.com\/shop\/buy-dextripam-10mg-pills-online-diazepam\/#primaryimage","url":"https:\/\/stonersmeds.com\/wp-content\/uploads\/2022\/03\/buy-dextripam-10mg-pills-online.jpg","contentUrl":"https:\/\/stonersmeds.com\/wp-content\/uploads\/2022\/03\/buy-dextripam-10mg-pills-online.jpg","width":600,"height":600},{"@type":"BreadcrumbList","@id":"https:\/\/stonersmeds.com\/shop\/buy-dextripam-10mg-pills-online-diazepam\/#breadcrumb","itemListElement":[{"@type":"ListItem","position":1,"name":"Home","item":"https:\/\/stonersmeds.com\/"},{"@type":"ListItem","position":2,"name":"Shop","item":"https:\/\/stonersmeds.com\/shop\/"},{"@type":"ListItem","position":3,"name":"Buy Dextripam 10mg pills online (Diazepam)"}]},{"@type":"WebSite","@id":"https:\/\/stonersmeds.com\/#website","url":"https:\/\/stonersmeds.com\/","name":"stonersmeds.com","description":"verschreibungspflichtige Medizin kaufen","publisher":{"@id":"https:\/\/stonersmeds.com\/#organization"},"alternateName":"Research chemical shop","potentialAction":[{"@type":"SearchAction","target":{"@type":"EntryPoint","urlTemplate":"https:\/\/stonersmeds.com\/?s={search_term_string}"},"query-input":{"@type":"PropertyValueSpecification","valueRequired":true,"valueName":"search_term_string"}}],"inLanguage":"pl-PL"},{"@type":"Organization","@id":"https:\/\/stonersmeds.com\/#organization","name":"Stonersmeds Shop","url":"https:\/\/stonersmeds.com\/","logo":{"@type":"ImageObject","inLanguage":"pl-PL","@id":"https:\/\/stonersmeds.com\/#\/schema\/logo\/image\/","url":"https:\/\/stonersmeds.com\/wp-content\/uploads\/2026\/02\/high-purity-DMT-powder.jpg","contentUrl":"https:\/\/stonersmeds.com\/wp-content\/uploads\/2026\/02\/high-purity-DMT-powder.jpg","width":500,"height":500,"caption":"Stonersmeds Shop"},"image":{"@id":"https:\/\/stonersmeds.com\/#\/schema\/logo\/image\/"}}]},"og_availability":"instock","product_availability":"instock","product_condition":"new"},"_links":{"self":[{"href":"https:\/\/stonersmeds.com\/pl\/wp-json\/wp\/v2\/product\/9806","targetHints":{"allow":["GET"]}}],"collection":[{"href":"https:\/\/stonersmeds.com\/pl\/wp-json\/wp\/v2\/product"}],"about":[{"href":"https:\/\/stonersmeds.com\/pl\/wp-json\/wp\/v2\/types\/product"}],"replies":[{"embeddable":true,"href":"https:\/\/stonersmeds.com\/pl\/wp-json\/wp\/v2\/comments?post=9806"}],"version-history":[{"count":0,"href":"https:\/\/stonersmeds.com\/pl\/wp-json\/wp\/v2\/product\/9806\/revisions"}],"wp:featuredmedia":[{"embeddable":true,"href":"https:\/\/stonersmeds.com\/pl\/wp-json\/wp\/v2\/media\/9815"}],"wp:attachment":[{"href":"https:\/\/stonersmeds.com\/pl\/wp-json\/wp\/v2\/media?parent=9806"}],"wp:term":[{"taxonomy":"product_brand","embeddable":true,"href":"https:\/\/stonersmeds.com\/pl\/wp-json\/wp\/v2\/product_brand?post=9806"},{"taxonomy":"product_cat","embeddable":true,"href":"https:\/\/stonersmeds.com\/pl\/wp-json\/wp\/v2\/product_cat?post=9806"},{"taxonomy":"product_tag","embeddable":true,"href":"https:\/\/stonersmeds.com\/pl\/wp-json\/wp\/v2\/product_tag?post=9806"},{"taxonomy":"product_brands","embeddable":true,"href":"https:\/\/stonersmeds.com\/pl\/wp-json\/wp\/v2\/product_brands?post=9806"}],"curies":[{"name":"wp","href":"https:\/\/api.w.org\/{rel}","templated":true}]}}