{"id":9892,"date":"2022-03-12T03:16:35","date_gmt":"2022-03-12T03:16:35","guid":{"rendered":"https:\/\/stonersmeds.com\/?post_type=product&#038;p=9892"},"modified":"2026-03-02T19:00:08","modified_gmt":"2026-03-02T17:00:08","slug":"buy-lexotanil-bromazepam-3mg-pills-online","status":"publish","type":"product","link":"https:\/\/stonersmeds.com\/pl\/shop\/buy-lexotanil-bromazepam-3mg-pills-online\/","title":{"rendered":"Kup tabletki Lexotanil Bromazepam 3 mg online"},"content":{"rendered":"<h1>Buy Lexotanil Bromazepam 3mg pills online.<\/h1>\n<p>Bromazepam jest stosowany w leczeniu kr\u00f3tkotrwa\u0142ej bezsenno\u015bci, kr\u00f3tkotrwa\u0142ym leczeniu l\u0119ku lub napad\u00f3w paniki, gdy konieczne jest zastosowanie benzodiazepin, oraz w \u0142agodzeniu objaw\u00f3w odstawienia alkoholu i opiat\u00f3w. Bromazepam wi\u0105\u017ce si\u0119 z receptorem GABA-A, powoduj\u0105c zmian\u0119 konformacyjn\u0105 i zwi\u0119kszaj\u0105c jego dzia\u0142anie hamuj\u0105ce. Nie wp\u0142ywa na inne neuroprzeka\u017aniki.<\/p>\n<p>&nbsp;<\/p>\n<p>&nbsp;<\/p>\n<p>&nbsp;<\/p>\n<pre><strong>Buy Lexotanil Bromazepam 3mg pills online - buy Bromazepam , buy Lexotanil Bromazepam 3mg pills , buy Lexotanil online, Where to Buy Lexotanil Bromazepam 3mg pills , Lexotanil Bromazepam 3mg pills for sale, Lexotanil Bromazepam for sale, buy Bromazepam 3mg pills online, where to Buy Lexotanil Bromazepam 3mg pills online, Lexotanil Bromazepam 3mg tabletki na sprzeda\u017c w usa, USA, kanada, uk, kupi\u0107, online, dostawc\u00f3w, bezpiecznej dostawy, Mo\u017cna jeszcze dosta\u0107 Lexotanil Bromazepam 3mg tabletki, Czy Lexotanil Bromazepam 3mg tabletki legalne w usa, kupi\u0107 Lexotanil Bromazepam 3mg tabletki online usa, jak zam\u00f3wi\u0107 Lexotanil Bromazepam 3mg tabletki, Czy Lexotanil Bromazepam 3mg tabletki legalne w Kanadzie<\/strong><\/pre>","protected":false},"excerpt":{"rendered":"<p>Buy Lexotanil Bromazepam 3mg pills online.\u00a0<em>Bromazepam<\/em>\u00a0(<em>Lexotanil<\/em>) jest w grupie lek\u00f3w znanych jako benzodiazepiny, klasie lek\u00f3w przeciwdepresyjnych, przeciwl\u0119kowych i zwiotczaj\u0105cych mi\u0119\u015bnie.<\/p>\n<p>cena produktu wynosi: za tabletk\u0119<br \/>\n<strong>Minimalna ilo\u015b\u0107 zam\u00f3wienia to: 50 tabletek<\/strong><\/p>\n<pre><\/pre>","protected":false},"featured_media":9903,"comment_status":"open","ping_status":"closed","template":"","meta":{"_bst_post_transparent":"","_bst_post_title":"","_bst_post_layout":"","_bst_post_sidebar_id":"","_bst_post_content_style":"","_bst_post_vertical_padding":"","_bst_post_feature":"","_bst_post_feature_position":"","_bst_post_header":false,"_bst_post_footer":false},"product_brand":[],"product_cat":[769,77,771,770],"product_tag":[1201,482,483,465,480,1202,481,1197,479,485,1199,1198,1200,484],"product_brands":[],"class_list":{"0":"post-9892","1":"product","2":"type-product","3":"status-publish","4":"has-post-thumbnail","6":"product_cat-pain-pills","7":"product_cat-pain-sleeping-sex-pills","8":"product_cat-sex-pills","9":"product_cat-sleeping-pills","10":"product_tag-bromazepam-3-mg-price","11":"product_tag-bromazepam-online","12":"product_tag-bromazepam-price","13":"product_tag-buy-bromazepam","14":"product_tag-buy-bromazepam-6mg","15":"product_tag-lexotan-buy","16":"product_tag-lexotan-tablets-buy-online","17":"product_tag-lexotanil-1-5-mg-for-sleep","18":"product_tag-lexotanil-3-mg-buy-online","19":"product_tag-lexotanil-3mg","20":"product_tag-lexotanil-3mg-in-usa","21":"product_tag-lexotanil-3mg-price","22":"product_tag-lexotanil-for-depression","23":"product_tag-lexotanil-in-usa","25":"first","26":"instock","27":"shipping-taxable","28":"purchasable","29":"product-type-variable","30":"entry","31":"content-bg","32":"loop-entry"},"tiered_pricing_type":"fixed","tiered_pricing_fixed_rules":[],"tiered_pricing_percentage_rules":[],"tiered_pricing_minimum":1,"_administrator_tiered_pricing_type":"fixed","_administrator_tiered_pricing_fixed_rules":[],"_editor_tiered_pricing_type":"fixed","_editor_tiered_pricing_fixed_rules":[],"_author_tiered_pricing_type":"fixed","_author_tiered_pricing_fixed_rules":[],"_contributor_tiered_pricing_type":"fixed","_contributor_tiered_pricing_fixed_rules":[],"_subscriber_tiered_pricing_type":"fixed","_subscriber_tiered_pricing_fixed_rules":[],"_customer_tiered_pricing_type":"fixed","_customer_tiered_pricing_fixed_rules":[],"_shop_manager_tiered_pricing_type":"fixed","_shop_manager_tiered_pricing_fixed_rules":[],"_wpseo_manager_tiered_pricing_type":"fixed","_wpseo_manager_tiered_pricing_fixed_rules":[],"_wpseo_editor_tiered_pricing_type":"fixed","_wpseo_editor_tiered_pricing_fixed_rules":[],"yoast_head":"<!-- This site is optimized with the Yoast SEO plugin v27.2 - https:\/\/yoast.com\/product\/yoast-seo-wordpress\/ -->\n<title>Buy Lexotanil Bromazepam 3mg no prescription, Fast delivery<\/title>\n<meta name=\"description\" content=\"Buy Lexotanil Bromazepam 3mg, Order safely &amp; maintain your privacy No prescription necessary Discreet standard shipping at Low prices.\" \/>\n<meta name=\"robots\" content=\"index, follow, max-snippet:-1, max-image-preview:large, max-video-preview:-1\" \/>\n<link rel=\"canonical\" href=\"https:\/\/stonersmeds.com\/pl\/shop\/buy-lexotanil-bromazepam-3mg-pills-online\/\" \/>\n<meta property=\"og:locale\" content=\"pl_PL\" \/>\n<meta property=\"og:type\" content=\"article\" \/>\n<meta property=\"og:title\" content=\"Buy Lexotanil Bromazepam 3mg no prescription, Fast delivery\" \/>\n<meta property=\"og:description\" content=\"Buy Lexotanil Bromazepam 3mg, Order safely &amp; maintain your privacy No prescription necessary Discreet standard shipping at Low prices.\" \/>\n<meta property=\"og:url\" content=\"https:\/\/stonersmeds.com\/pl\/shop\/buy-lexotanil-bromazepam-3mg-pills-online\/\" \/>\n<meta property=\"og:site_name\" content=\"stonersmeds.com\" \/>\n<meta property=\"article:modified_time\" content=\"2026-03-02T17:00:08+00:00\" \/>\n<meta property=\"og:image\" content=\"https:\/\/stonersmeds.com\/wp-content\/uploads\/2022\/03\/Buy-Lexotanil-Bromazepam-3mg-pills-online.jpg\" \/>\n\t<meta property=\"og:image:width\" content=\"600\" \/>\n\t<meta property=\"og:image:height\" content=\"600\" \/>\n\t<meta property=\"og:image:type\" content=\"image\/jpeg\" \/>\n<meta name=\"twitter:card\" content=\"summary_large_image\" \/>\n<meta name=\"twitter:label1\" content=\"Dost\u0119pno\u015b\u0107\" \/>\n\t<meta name=\"twitter:data1\" content=\"Dost\u0119pny\" \/>\n<script type=\"application\/ld+json\" class=\"yoast-schema-graph\">{\"@context\":\"https:\/\/schema.org\",\"@graph\":[{\"@type\":\"WebPage\",\"@id\":\"https:\/\/stonersmeds.com\/de\/shop\/buy-lexotanil-bromazepam-3mg-pills-online\/\",\"url\":\"https:\/\/stonersmeds.com\/de\/shop\/buy-lexotanil-bromazepam-3mg-pills-online\/\",\"name\":\"Buy Lexotanil Bromazepam 3mg no prescription, Fast delivery\",\"isPartOf\":{\"@id\":\"https:\/\/stonersmeds.com\/#website\"},\"primaryImageOfPage\":{\"@id\":\"https:\/\/stonersmeds.com\/de\/shop\/buy-lexotanil-bromazepam-3mg-pills-online\/#primaryimage\"},\"image\":{\"@id\":\"https:\/\/stonersmeds.com\/de\/shop\/buy-lexotanil-bromazepam-3mg-pills-online\/#primaryimage\"},\"thumbnailUrl\":\"https:\/\/stonersmeds.com\/wp-content\/uploads\/2022\/03\/Buy-Lexotanil-Bromazepam-3mg-pills-online.jpg\",\"datePublished\":\"2022-03-12T03:16:35+00:00\",\"dateModified\":\"2026-03-02T17:00:08+00:00\",\"description\":\"Buy Lexotanil Bromazepam 3mg, Order safely & maintain your privacy No prescription necessary Discreet standard shipping at Low prices.\",\"breadcrumb\":{\"@id\":\"https:\/\/stonersmeds.com\/de\/shop\/buy-lexotanil-bromazepam-3mg-pills-online\/#breadcrumb\"},\"inLanguage\":\"pl-PL\",\"potentialAction\":[{\"@type\":\"ReadAction\",\"target\":[\"https:\/\/stonersmeds.com\/de\/shop\/buy-lexotanil-bromazepam-3mg-pills-online\/\"]}]},{\"@type\":\"ImageObject\",\"inLanguage\":\"pl-PL\",\"@id\":\"https:\/\/stonersmeds.com\/de\/shop\/buy-lexotanil-bromazepam-3mg-pills-online\/#primaryimage\",\"url\":\"https:\/\/stonersmeds.com\/wp-content\/uploads\/2022\/03\/Buy-Lexotanil-Bromazepam-3mg-pills-online.jpg\",\"contentUrl\":\"https:\/\/stonersmeds.com\/wp-content\/uploads\/2022\/03\/Buy-Lexotanil-Bromazepam-3mg-pills-online.jpg\",\"width\":600,\"height\":600},{\"@type\":\"BreadcrumbList\",\"@id\":\"https:\/\/stonersmeds.com\/de\/shop\/buy-lexotanil-bromazepam-3mg-pills-online\/#breadcrumb\",\"itemListElement\":[{\"@type\":\"ListItem\",\"position\":1,\"name\":\"Home\",\"item\":\"https:\/\/stonersmeds.com\/\"},{\"@type\":\"ListItem\",\"position\":2,\"name\":\"Shop\",\"item\":\"https:\/\/stonersmeds.com\/shop\/\"},{\"@type\":\"ListItem\",\"position\":3,\"name\":\"Buy Lexotanil Bromazepam 3mg pills online\"}]},{\"@type\":\"WebSite\",\"@id\":\"https:\/\/stonersmeds.com\/#website\",\"url\":\"https:\/\/stonersmeds.com\/\",\"name\":\"stonersmeds.com\",\"description\":\"verschreibungspflichtige Medizin kaufen\",\"publisher\":{\"@id\":\"https:\/\/stonersmeds.com\/#organization\"},\"alternateName\":\"Research chemical shop\",\"potentialAction\":[{\"@type\":\"SearchAction\",\"target\":{\"@type\":\"EntryPoint\",\"urlTemplate\":\"https:\/\/stonersmeds.com\/?s={search_term_string}\"},\"query-input\":{\"@type\":\"PropertyValueSpecification\",\"valueRequired\":true,\"valueName\":\"search_term_string\"}}],\"inLanguage\":\"pl-PL\"},{\"@type\":\"Organization\",\"@id\":\"https:\/\/stonersmeds.com\/#organization\",\"name\":\"Stonersmeds Shop\",\"url\":\"https:\/\/stonersmeds.com\/\",\"logo\":{\"@type\":\"ImageObject\",\"inLanguage\":\"pl-PL\",\"@id\":\"https:\/\/stonersmeds.com\/#\/schema\/logo\/image\/\",\"url\":\"https:\/\/stonersmeds.com\/wp-content\/uploads\/2026\/02\/high-purity-DMT-powder.jpg\",\"contentUrl\":\"https:\/\/stonersmeds.com\/wp-content\/uploads\/2026\/02\/high-purity-DMT-powder.jpg\",\"width\":500,\"height\":500,\"caption\":\"Stonersmeds Shop\"},\"image\":{\"@id\":\"https:\/\/stonersmeds.com\/#\/schema\/logo\/image\/\"}}]}<\/script>\n<meta property=\"og:availability\" content=\"instock\" \/>\n<meta property=\"product:availability\" content=\"instock\" \/>\n<meta property=\"product:condition\" content=\"new\" \/>\n<!-- \/ Yoast SEO plugin. -->","yoast_head_json":{"title":"Buy Lexotanil Bromazepam 3mg no prescription, Fast delivery","description":"Buy Lexotanil Bromazepam 3mg, Order safely & maintain your privacy No prescription necessary Discreet standard shipping at Low prices.","robots":{"index":"index","follow":"follow","max-snippet":"max-snippet:-1","max-image-preview":"max-image-preview:large","max-video-preview":"max-video-preview:-1"},"canonical":"https:\/\/stonersmeds.com\/pl\/shop\/buy-lexotanil-bromazepam-3mg-pills-online\/","og_locale":"pl_PL","og_type":"article","og_title":"Buy Lexotanil Bromazepam 3mg no prescription, Fast delivery","og_description":"Buy Lexotanil Bromazepam 3mg, Order safely & maintain your privacy No prescription necessary Discreet standard shipping at Low prices.","og_url":"https:\/\/stonersmeds.com\/pl\/shop\/buy-lexotanil-bromazepam-3mg-pills-online\/","og_site_name":"stonersmeds.com","article_modified_time":"2026-03-02T17:00:08+00:00","og_image":[{"width":600,"height":600,"url":"https:\/\/stonersmeds.com\/wp-content\/uploads\/2022\/03\/Buy-Lexotanil-Bromazepam-3mg-pills-online.jpg","type":"image\/jpeg"}],"twitter_card":"summary_large_image","twitter_misc":{"Dost\u0119pno\u015b\u0107":"Dost\u0119pny"},"schema":{"@context":"https:\/\/schema.org","@graph":[{"@type":"WebPage","@id":"https:\/\/stonersmeds.com\/de\/shop\/buy-lexotanil-bromazepam-3mg-pills-online\/","url":"https:\/\/stonersmeds.com\/de\/shop\/buy-lexotanil-bromazepam-3mg-pills-online\/","name":"Buy Lexotanil Bromazepam 3mg no prescription, Fast delivery","isPartOf":{"@id":"https:\/\/stonersmeds.com\/#website"},"primaryImageOfPage":{"@id":"https:\/\/stonersmeds.com\/de\/shop\/buy-lexotanil-bromazepam-3mg-pills-online\/#primaryimage"},"image":{"@id":"https:\/\/stonersmeds.com\/de\/shop\/buy-lexotanil-bromazepam-3mg-pills-online\/#primaryimage"},"thumbnailUrl":"https:\/\/stonersmeds.com\/wp-content\/uploads\/2022\/03\/Buy-Lexotanil-Bromazepam-3mg-pills-online.jpg","datePublished":"2022-03-12T03:16:35+00:00","dateModified":"2026-03-02T17:00:08+00:00","description":"Buy Lexotanil Bromazepam 3mg, Order safely & maintain your privacy No prescription necessary Discreet standard shipping at Low prices.","breadcrumb":{"@id":"https:\/\/stonersmeds.com\/de\/shop\/buy-lexotanil-bromazepam-3mg-pills-online\/#breadcrumb"},"inLanguage":"pl-PL","potentialAction":[{"@type":"ReadAction","target":["https:\/\/stonersmeds.com\/de\/shop\/buy-lexotanil-bromazepam-3mg-pills-online\/"]}]},{"@type":"ImageObject","inLanguage":"pl-PL","@id":"https:\/\/stonersmeds.com\/de\/shop\/buy-lexotanil-bromazepam-3mg-pills-online\/#primaryimage","url":"https:\/\/stonersmeds.com\/wp-content\/uploads\/2022\/03\/Buy-Lexotanil-Bromazepam-3mg-pills-online.jpg","contentUrl":"https:\/\/stonersmeds.com\/wp-content\/uploads\/2022\/03\/Buy-Lexotanil-Bromazepam-3mg-pills-online.jpg","width":600,"height":600},{"@type":"BreadcrumbList","@id":"https:\/\/stonersmeds.com\/de\/shop\/buy-lexotanil-bromazepam-3mg-pills-online\/#breadcrumb","itemListElement":[{"@type":"ListItem","position":1,"name":"Home","item":"https:\/\/stonersmeds.com\/"},{"@type":"ListItem","position":2,"name":"Shop","item":"https:\/\/stonersmeds.com\/shop\/"},{"@type":"ListItem","position":3,"name":"Buy Lexotanil Bromazepam 3mg pills online"}]},{"@type":"WebSite","@id":"https:\/\/stonersmeds.com\/#website","url":"https:\/\/stonersmeds.com\/","name":"stonersmeds.com","description":"verschreibungspflichtige Medizin kaufen","publisher":{"@id":"https:\/\/stonersmeds.com\/#organization"},"alternateName":"Research chemical shop","potentialAction":[{"@type":"SearchAction","target":{"@type":"EntryPoint","urlTemplate":"https:\/\/stonersmeds.com\/?s={search_term_string}"},"query-input":{"@type":"PropertyValueSpecification","valueRequired":true,"valueName":"search_term_string"}}],"inLanguage":"pl-PL"},{"@type":"Organization","@id":"https:\/\/stonersmeds.com\/#organization","name":"Stonersmeds Shop","url":"https:\/\/stonersmeds.com\/","logo":{"@type":"ImageObject","inLanguage":"pl-PL","@id":"https:\/\/stonersmeds.com\/#\/schema\/logo\/image\/","url":"https:\/\/stonersmeds.com\/wp-content\/uploads\/2026\/02\/high-purity-DMT-powder.jpg","contentUrl":"https:\/\/stonersmeds.com\/wp-content\/uploads\/2026\/02\/high-purity-DMT-powder.jpg","width":500,"height":500,"caption":"Stonersmeds Shop"},"image":{"@id":"https:\/\/stonersmeds.com\/#\/schema\/logo\/image\/"}}]},"og_availability":"instock","product_availability":"instock","product_condition":"new"},"_links":{"self":[{"href":"https:\/\/stonersmeds.com\/pl\/wp-json\/wp\/v2\/product\/9892","targetHints":{"allow":["GET"]}}],"collection":[{"href":"https:\/\/stonersmeds.com\/pl\/wp-json\/wp\/v2\/product"}],"about":[{"href":"https:\/\/stonersmeds.com\/pl\/wp-json\/wp\/v2\/types\/product"}],"replies":[{"embeddable":true,"href":"https:\/\/stonersmeds.com\/pl\/wp-json\/wp\/v2\/comments?post=9892"}],"version-history":[{"count":0,"href":"https:\/\/stonersmeds.com\/pl\/wp-json\/wp\/v2\/product\/9892\/revisions"}],"wp:featuredmedia":[{"embeddable":true,"href":"https:\/\/stonersmeds.com\/pl\/wp-json\/wp\/v2\/media\/9903"}],"wp:attachment":[{"href":"https:\/\/stonersmeds.com\/pl\/wp-json\/wp\/v2\/media?parent=9892"}],"wp:term":[{"taxonomy":"product_brand","embeddable":true,"href":"https:\/\/stonersmeds.com\/pl\/wp-json\/wp\/v2\/product_brand?post=9892"},{"taxonomy":"product_cat","embeddable":true,"href":"https:\/\/stonersmeds.com\/pl\/wp-json\/wp\/v2\/product_cat?post=9892"},{"taxonomy":"product_tag","embeddable":true,"href":"https:\/\/stonersmeds.com\/pl\/wp-json\/wp\/v2\/product_tag?post=9892"},{"taxonomy":"product_brands","embeddable":true,"href":"https:\/\/stonersmeds.com\/pl\/wp-json\/wp\/v2\/product_brands?post=9892"}],"curies":[{"name":"wp","href":"https:\/\/api.w.org\/{rel}","templated":true}]}}