{"id":10023,"date":"2022-03-12T04:44:57","date_gmt":"2022-03-12T04:44:57","guid":{"rendered":"https:\/\/stonersmeds.com\/?post_type=product&#038;p=10023"},"modified":"2026-02-23T21:00:04","modified_gmt":"2026-02-23T19:00:04","slug":"buy-roxicodone-30mg-pills-online","status":"publish","type":"product","link":"https:\/\/stonersmeds.com\/pt\/shop\/buy-roxicodone-30mg-pills-online\/","title":{"rendered":"Compre Oxicodona 10mg, 30mg Online"},"content":{"rendered":"<h2>Compre Oxicodona online 10mg, 30mg Online<\/h2>\n<p>A oxicodona \u00e9 um medicamento opi\u00f3ide dispon\u00edvel para o tratamento da dor moderada a grave. \u00c9 um medicamento oral em formula\u00e7\u00f5es de libera\u00e7\u00e3o imediata e de libera\u00e7\u00e3o prolongada. O in\u00edcio de a\u00e7\u00e3o da oxicodona geralmente come\u00e7a em 15 minutos e os efeitos desaparecem em cerca de seis horas para as formas de libera\u00e7\u00e3o imediata. As pessoas tamb\u00e9m podem comprar oxicodona online em combina\u00e7\u00e3o com paracetamol ou aspirina.<\/p>\n<p>A oxicodona \u00e9 mais potente que a morfina, pois estudos mostram que 5 mg de oxicodona tem aproximadamente 1,5 vezes a efic\u00e1cia de 5 mg de morfina.<\/p>\n<p>Os alem\u00e3es produziram pela primeira vez a oxicodona a partir da teba\u00edna no ano de 1916. Nos Estados Unidos, o medicamento tamb\u00e9m est\u00e1 dispon\u00edvel como uma vers\u00e3o gen\u00e9rica com um custo de atacado inferior a $0,30 por comprimido.<\/p>\n<p>A oxicodona \u00e9 um dos analg\u00e9sicos opi\u00f3ides mais prescritos nos Estados Unidos, com mais de 10 milh\u00f5es de prescri\u00e7\u00f5es por ano.<\/p>\n<h2>Usos da oxicodona<\/h2>\n<p>Voc\u00ea pode comprar oxicodona on-line para gerenciar suas condi\u00e7\u00f5es de dor que variam de dor aguda ou cr\u00f4nica moderada a grave. Os m\u00e9dicos prescrevem oxicodona apenas quando outras op\u00e7\u00f5es de tratamento, como opioides combinados ou analg\u00e9sicos n\u00e3o opioides, n\u00e3o s\u00e3o suficientes para o paciente fornecer o al\u00edvio da dor necess\u00e1rio. A medica\u00e7\u00e3o tamb\u00e9m pode melhorar a qualidade de vida em certas condi\u00e7\u00f5es.<\/p>\n<p>A oxicodona tamb\u00e9m vem como comprimidos de libera\u00e7\u00e3o controlada que t\u00eam efeitos analg\u00e9sicos que variam por cerca de 12 horas. Um estudo independente realizado em julho de 1996 descobriu que a forma de libera\u00e7\u00e3o controlada da oxicodona tem uma dura\u00e7\u00e3o de a\u00e7\u00e3o vari\u00e1vel que varia de 10 a 12 horas.<\/p>\n<p>Uma revis\u00e3o impressa em 2006 diz que a libera\u00e7\u00e3o controlada de oxicodona \u00e9 compar\u00e1vel \u00e0s suas formas de libera\u00e7\u00e3o imediata, hidromorfona e morfina no tratamento da dor do c\u00e2ncer, com menos efeitos colaterais do que outras. Conclui que a oxicodona de libera\u00e7\u00e3o controlada \u00e9 um tratamento de primeira linha e uma alternativa v\u00e1lida \u00e0 morfina para a dor do c\u00e2ncer.<\/p>\n<p>A FDA dos Estados Unidos aprova <a href=\"https:\/\/www.webmd.com\/drugs\/2\/drug-1025-5278\/oxycodone-oral\/oxycodone-oral\/details\">oxicodona<\/a> formas de libera\u00e7\u00e3o prolongada para crian\u00e7as de 11 anos ou mais para al\u00edvio da dor do trauma, dor do c\u00e2ncer ou dor devido \u00e0 cirurgia apenas para crian\u00e7as j\u00e1 tratadas com analg\u00e9sicos opi\u00f3ides e que tenham toler\u00e2ncia de pelo menos 20 mg de oxicodona por dia.<\/p>\n<h2>Mecanismo de a\u00e7\u00e3o<\/h2>\n<p>A oxicodona \u00e9 um opi\u00f3ide artificial ou semi-sint\u00e9tico, que \u00e9 um agonista total seletivo do MOR (receptor opi\u00f3ide mu), o principal alvo biol\u00f3gico do neuropept\u00eddeo opi\u00f3ide end\u00f3geno beta-endorfina. O medicamento tem baixa afinidade pelo KOR (receptor k-opi\u00f3ide) e DOR (receptor opi\u00f3ide delta), onde \u00e9 agonista. Ap\u00f3s a liga\u00e7\u00e3o ao MOR, a oxicodona libera um complexo de prote\u00edna G inibindo a libera\u00e7\u00e3o de neurotransmissores celulares, diminuindo a produ\u00e7\u00e3o de AMPc, abrindo canais de pot\u00e1ssio e fechando canais de c\u00e1lcio.<\/p>\n<p>Os cientistas acreditam que a oxicodona produz seus efeitos analg\u00e9sicos ativando MOR no mesenc\u00e9falo PAG (cinza periaquedutal) e RVM (medula ventromedial rostral). Por outro lado, eles fornecem depend\u00eancia ativando MOR no MRV (via de recompensa mesol\u00edmbica), incluindo no p\u00e1lido ventral, n\u00facleo accumbens e \u00e1rea tegmental ventral.<\/p>\n<h2>Efeitos adversos<\/h2>\n<p>A oxicodona produz v\u00e1rios efeitos colaterais juntamente com seu impacto de cura necess\u00e1rio. As pessoas devem comprar oxicodona online apenas com receita m\u00e9dica. Os efeitos colaterais graves da medica\u00e7\u00e3o incluem sensibilidade reduzida \u00e0 dor, ansi\u00f3lise, euforia, sensa\u00e7\u00e3o de relaxamento e depress\u00e3o respirat\u00f3ria.<\/p>\n<p>Alguns efeitos adversos comuns da oxicodona incluem:<\/p>\n<ul>\n<li>N\u00e1usea (23%)<\/li>\n<li>Constipa\u00e7\u00e3o (23%)<\/li>\n<li>Sonol\u00eancia (23%)<\/li>\n<li>Coceira (13%)<\/li>\n<li>Tonturas (13%)<\/li>\n<li>V\u00f4mitos (12%)<\/li>\n<li>Boca seca (6%)<\/li>\n<li>Sudorese (5%)<\/li>\n<\/ul>\n<p>Efeitos colaterais menos comuns da oxicodona experimentados por menos de 5 % dos pacientes incluem nervosismo, perda de apetite, diarr\u00e9ia, dor abdominal, dispn\u00e9ia, reten\u00e7\u00e3o de urina e solu\u00e7os.<\/p>\n<p>A maioria dos efeitos adversos tornam-se menos graves ao longo do tempo e desaparecem gradualmente em alguns dias ou em uma semana. No entanto, \u00e9 mais prov\u00e1vel que a constipa\u00e7\u00e3o continue durante o uso.<\/p>\n<h3>Intera\u00e7\u00f5es<\/h3>\n<p>A medica\u00e7\u00e3o interage com muitas drogas para produzir efeitos indesejados. \u00c9 aconselh\u00e1vel comprar oxicodona online e ler as instru\u00e7\u00f5es do r\u00f3tulo para conhecer todas as suas potenciais intera\u00e7\u00f5es medicamentosas.<\/p>\n<p>Enzimas como CYP3A4 e CYP2D6 metabolizam a oxicodona. Assim, os inibidores e indutores dessas enzimas podem alterar a depura\u00e7\u00e3o da oxicodona aumentando e diminuindo a meia-vida do medicamento, respectivamente. As varia\u00e7\u00f5es gen\u00e9ticas nessas enzimas tamb\u00e9m influenciam a remo\u00e7\u00e3o da oxicodona, que se relaciona com a ampla variabilidade interpessoal em sua pot\u00eancia e meia-vida.<\/p>\n<p>Lopinavir\/ritonavir ou ritonavir aumentam significativamente as concentra\u00e7\u00f5es plasm\u00e1ticas de oxicodona em humanos saud\u00e1veis devido \u00e0 inibi\u00e7\u00e3o de CYP2D6 e CYP3A4.<\/p>\n<p>A rifampicina reduz a concentra\u00e7\u00e3o plasm\u00e1tica da oxicodona devido \u00e0 sua propriedade ativa de indu\u00e7\u00e3o do CYP3A4. Em um paciente com dor cr\u00f4nica, a fosfenito\u00edna, um indutor do CYP2A4, reduz drasticamente os efeitos analg\u00e9sicos da oxicodona.<\/p>\n<p>\u00c9 necess\u00e1rio que um m\u00e9dico ajuste as dosagens ou medicamentos em caso de intera\u00e7\u00f5es medicamentosas.<\/p>","protected":false},"excerpt":{"rendered":"<p>\u00c9 importante saber o que \u00e9 oxicodona antes de comprar oxicodona on-line em uma farm\u00e1cia on-line real. a oxicodona \u00e9 um analg\u00e9sico opi\u00f3ide usado para tratar a dor moderada a grave.<\/p>\n<pre><\/pre>","protected":false},"featured_media":10026,"comment_status":"open","ping_status":"closed","template":"","meta":{"_bst_post_transparent":"","_bst_post_title":"","_bst_post_layout":"","_bst_post_sidebar_id":"","_bst_post_content_style":"","_bst_post_vertical_padding":"","_bst_post_feature":"","_bst_post_feature_position":"","_bst_post_header":false,"_bst_post_footer":false},"product_brand":[],"product_cat":[769,77],"product_tag":[1060,1058,1056,1055,1054,1059,1053,1057],"product_brands":[],"class_list":{"0":"post-10023","1":"product","2":"type-product","3":"status-publish","4":"has-post-thumbnail","6":"product_cat-pain-pills","7":"product_cat-pain-sleeping-sex-pills","8":"product_tag-10-mg-oxycontin","9":"product_tag-10-mg-percocet-high","10":"product_tag-10-milligram-oxycodone-pictures","11":"product_tag-how-strong-is-oxycodone-10","12":"product_tag-need-a-prescription-for-oxycodone","13":"product_tag-oxycodone-10-milligram-pink","14":"product_tag-oxycodone-15mg-pills-for-sale","15":"product_tag-picture-of-oxycontin-10-mg","17":"first","18":"instock","19":"shipping-taxable","20":"purchasable","21":"product-type-variable","22":"entry","23":"content-bg","24":"loop-entry"},"tiered_pricing_type":"fixed","tiered_pricing_fixed_rules":[],"tiered_pricing_percentage_rules":[],"tiered_pricing_minimum":1,"_administrator_tiered_pricing_type":"fixed","_administrator_tiered_pricing_fixed_rules":[],"_editor_tiered_pricing_type":"fixed","_editor_tiered_pricing_fixed_rules":[],"_author_tiered_pricing_type":"fixed","_author_tiered_pricing_fixed_rules":[],"_contributor_tiered_pricing_type":"fixed","_contributor_tiered_pricing_fixed_rules":[],"_subscriber_tiered_pricing_type":"fixed","_subscriber_tiered_pricing_fixed_rules":[],"_customer_tiered_pricing_type":"fixed","_customer_tiered_pricing_fixed_rules":[],"_shop_manager_tiered_pricing_type":"fixed","_shop_manager_tiered_pricing_fixed_rules":[],"_wpseo_manager_tiered_pricing_type":"fixed","_wpseo_manager_tiered_pricing_fixed_rules":[],"_wpseo_editor_tiered_pricing_type":"fixed","_wpseo_editor_tiered_pricing_fixed_rules":[],"yoast_head":"<!-- This site is optimized with the Yoast SEO plugin v27.2 - https:\/\/yoast.com\/product\/yoast-seo-wordpress\/ -->\n<title>Buy Oxycodone 10mg, 30mg Online - stonersmeds.com<\/title>\n<meta name=\"description\" content=\"Place your order to buy oxycodone online without prescription . All order for oxycodone and its substitutes are processed same day.\" \/>\n<meta name=\"robots\" content=\"index, follow, max-snippet:-1, max-image-preview:large, max-video-preview:-1\" \/>\n<link rel=\"canonical\" href=\"https:\/\/stonersmeds.com\/pt\/shop\/buy-roxicodone-30mg-pills-online\/\" \/>\n<meta property=\"og:locale\" content=\"pt_PT\" \/>\n<meta property=\"og:type\" content=\"article\" \/>\n<meta property=\"og:title\" content=\"Buy Oxycodone 10mg, 30mg Online - stonersmeds.com\" \/>\n<meta property=\"og:description\" content=\"Place your order to buy oxycodone online without prescription . All order for oxycodone and its substitutes are processed same day.\" \/>\n<meta property=\"og:url\" content=\"https:\/\/stonersmeds.com\/pt\/shop\/buy-roxicodone-30mg-pills-online\/\" \/>\n<meta property=\"og:site_name\" content=\"stonersmeds.com\" \/>\n<meta property=\"article:modified_time\" content=\"2026-02-23T19:00:04+00:00\" \/>\n<meta property=\"og:image\" content=\"https:\/\/stonersmeds.com\/wp-content\/uploads\/2022\/03\/buy-roxicodone-30mg-pills-online.jpg\" \/>\n\t<meta property=\"og:image:width\" content=\"600\" \/>\n\t<meta property=\"og:image:height\" content=\"600\" \/>\n\t<meta property=\"og:image:type\" content=\"image\/jpeg\" \/>\n<meta name=\"twitter:card\" content=\"summary_large_image\" \/>\n<meta name=\"twitter:label1\" content=\"Disponibilidade\" \/>\n\t<meta name=\"twitter:data1\" content=\"Em stock\" \/>\n<script type=\"application\/ld+json\" class=\"yoast-schema-graph\">{\"@context\":\"https:\/\/schema.org\",\"@graph\":[{\"@type\":\"WebPage\",\"@id\":\"https:\/\/stonersmeds.com\/sk\/shop\/buy-roxicodone-30mg-pills-online\/\",\"url\":\"https:\/\/stonersmeds.com\/sk\/shop\/buy-roxicodone-30mg-pills-online\/\",\"name\":\"Buy Oxycodone 10mg, 30mg Online - stonersmeds.com\",\"isPartOf\":{\"@id\":\"https:\/\/stonersmeds.com\/#website\"},\"primaryImageOfPage\":{\"@id\":\"https:\/\/stonersmeds.com\/sk\/shop\/buy-roxicodone-30mg-pills-online\/#primaryimage\"},\"image\":{\"@id\":\"https:\/\/stonersmeds.com\/sk\/shop\/buy-roxicodone-30mg-pills-online\/#primaryimage\"},\"thumbnailUrl\":\"https:\/\/stonersmeds.com\/wp-content\/uploads\/2022\/03\/buy-roxicodone-30mg-pills-online.jpg\",\"datePublished\":\"2022-03-12T04:44:57+00:00\",\"dateModified\":\"2026-02-23T19:00:04+00:00\",\"description\":\"Place your order to buy oxycodone online without prescription . All order for oxycodone and its substitutes are processed same day.\",\"breadcrumb\":{\"@id\":\"https:\/\/stonersmeds.com\/sk\/shop\/buy-roxicodone-30mg-pills-online\/#breadcrumb\"},\"inLanguage\":\"pt-PT\",\"potentialAction\":[{\"@type\":\"ReadAction\",\"target\":[\"https:\/\/stonersmeds.com\/sk\/shop\/buy-roxicodone-30mg-pills-online\/\"]}]},{\"@type\":\"ImageObject\",\"inLanguage\":\"pt-PT\",\"@id\":\"https:\/\/stonersmeds.com\/sk\/shop\/buy-roxicodone-30mg-pills-online\/#primaryimage\",\"url\":\"https:\/\/stonersmeds.com\/wp-content\/uploads\/2022\/03\/buy-roxicodone-30mg-pills-online.jpg\",\"contentUrl\":\"https:\/\/stonersmeds.com\/wp-content\/uploads\/2022\/03\/buy-roxicodone-30mg-pills-online.jpg\",\"width\":600,\"height\":600},{\"@type\":\"BreadcrumbList\",\"@id\":\"https:\/\/stonersmeds.com\/sk\/shop\/buy-roxicodone-30mg-pills-online\/#breadcrumb\",\"itemListElement\":[{\"@type\":\"ListItem\",\"position\":1,\"name\":\"Home\",\"item\":\"https:\/\/stonersmeds.com\/\"},{\"@type\":\"ListItem\",\"position\":2,\"name\":\"Shop\",\"item\":\"https:\/\/stonersmeds.com\/shop\/\"},{\"@type\":\"ListItem\",\"position\":3,\"name\":\"Buy Oxycodone 10mg, 30mg Online\"}]},{\"@type\":\"WebSite\",\"@id\":\"https:\/\/stonersmeds.com\/#website\",\"url\":\"https:\/\/stonersmeds.com\/\",\"name\":\"stonersmeds.com\",\"description\":\"verschreibungspflichtige Medizin kaufen\",\"publisher\":{\"@id\":\"https:\/\/stonersmeds.com\/#organization\"},\"alternateName\":\"Research chemical shop\",\"potentialAction\":[{\"@type\":\"SearchAction\",\"target\":{\"@type\":\"EntryPoint\",\"urlTemplate\":\"https:\/\/stonersmeds.com\/?s={search_term_string}\"},\"query-input\":{\"@type\":\"PropertyValueSpecification\",\"valueRequired\":true,\"valueName\":\"search_term_string\"}}],\"inLanguage\":\"pt-PT\"},{\"@type\":\"Organization\",\"@id\":\"https:\/\/stonersmeds.com\/#organization\",\"name\":\"Stonersmeds Shop\",\"url\":\"https:\/\/stonersmeds.com\/\",\"logo\":{\"@type\":\"ImageObject\",\"inLanguage\":\"pt-PT\",\"@id\":\"https:\/\/stonersmeds.com\/#\/schema\/logo\/image\/\",\"url\":\"https:\/\/stonersmeds.com\/wp-content\/uploads\/2026\/02\/high-purity-DMT-powder.jpg\",\"contentUrl\":\"https:\/\/stonersmeds.com\/wp-content\/uploads\/2026\/02\/high-purity-DMT-powder.jpg\",\"width\":500,\"height\":500,\"caption\":\"Stonersmeds Shop\"},\"image\":{\"@id\":\"https:\/\/stonersmeds.com\/#\/schema\/logo\/image\/\"}}]}<\/script>\n<meta property=\"og:availability\" content=\"instock\" \/>\n<meta property=\"product:availability\" content=\"instock\" \/>\n<meta property=\"product:condition\" content=\"new\" \/>\n<!-- \/ Yoast SEO plugin. -->","yoast_head_json":{"title":"Compre Oxicodona 10mg, 30mg Online - stonersmeds.com","description":"Fa\u00e7a seu pedido para comprar oxicodona online sem receita m\u00e9dica. Todos os pedidos de oxicodona e seus substitutos s\u00e3o processados no mesmo dia.","robots":{"index":"index","follow":"follow","max-snippet":"max-snippet:-1","max-image-preview":"max-image-preview:large","max-video-preview":"max-video-preview:-1"},"canonical":"https:\/\/stonersmeds.com\/pt\/shop\/buy-roxicodone-30mg-pills-online\/","og_locale":"pt_PT","og_type":"article","og_title":"Buy Oxycodone 10mg, 30mg Online - stonersmeds.com","og_description":"Place your order to buy oxycodone online without prescription . All order for oxycodone and its substitutes are processed same day.","og_url":"https:\/\/stonersmeds.com\/pt\/shop\/buy-roxicodone-30mg-pills-online\/","og_site_name":"stonersmeds.com","article_modified_time":"2026-02-23T19:00:04+00:00","og_image":[{"width":600,"height":600,"url":"https:\/\/stonersmeds.com\/wp-content\/uploads\/2022\/03\/buy-roxicodone-30mg-pills-online.jpg","type":"image\/jpeg"}],"twitter_card":"summary_large_image","twitter_misc":{"Disponibilidade":"Em stock"},"schema":{"@context":"https:\/\/schema.org","@graph":[{"@type":"WebPage","@id":"https:\/\/stonersmeds.com\/sk\/shop\/buy-roxicodone-30mg-pills-online\/","url":"https:\/\/stonersmeds.com\/sk\/shop\/buy-roxicodone-30mg-pills-online\/","name":"Compre Oxicodona 10mg, 30mg Online - stonersmeds.com","isPartOf":{"@id":"https:\/\/stonersmeds.com\/#website"},"primaryImageOfPage":{"@id":"https:\/\/stonersmeds.com\/sk\/shop\/buy-roxicodone-30mg-pills-online\/#primaryimage"},"image":{"@id":"https:\/\/stonersmeds.com\/sk\/shop\/buy-roxicodone-30mg-pills-online\/#primaryimage"},"thumbnailUrl":"https:\/\/stonersmeds.com\/wp-content\/uploads\/2022\/03\/buy-roxicodone-30mg-pills-online.jpg","datePublished":"2022-03-12T04:44:57+00:00","dateModified":"2026-02-23T19:00:04+00:00","description":"Fa\u00e7a seu pedido para comprar oxicodona online sem receita m\u00e9dica. Todos os pedidos de oxicodona e seus substitutos s\u00e3o processados no mesmo dia.","breadcrumb":{"@id":"https:\/\/stonersmeds.com\/sk\/shop\/buy-roxicodone-30mg-pills-online\/#breadcrumb"},"inLanguage":"pt-PT","potentialAction":[{"@type":"ReadAction","target":["https:\/\/stonersmeds.com\/sk\/shop\/buy-roxicodone-30mg-pills-online\/"]}]},{"@type":"ImageObject","inLanguage":"pt-PT","@id":"https:\/\/stonersmeds.com\/sk\/shop\/buy-roxicodone-30mg-pills-online\/#primaryimage","url":"https:\/\/stonersmeds.com\/wp-content\/uploads\/2022\/03\/buy-roxicodone-30mg-pills-online.jpg","contentUrl":"https:\/\/stonersmeds.com\/wp-content\/uploads\/2022\/03\/buy-roxicodone-30mg-pills-online.jpg","width":600,"height":600},{"@type":"BreadcrumbList","@id":"https:\/\/stonersmeds.com\/sk\/shop\/buy-roxicodone-30mg-pills-online\/#breadcrumb","itemListElement":[{"@type":"ListItem","position":1,"name":"Home","item":"https:\/\/stonersmeds.com\/"},{"@type":"ListItem","position":2,"name":"Shop","item":"https:\/\/stonersmeds.com\/shop\/"},{"@type":"ListItem","position":3,"name":"Buy Oxycodone 10mg, 30mg Online"}]},{"@type":"WebSite","@id":"https:\/\/stonersmeds.com\/#website","url":"https:\/\/stonersmeds.com\/","name":"stonersmeds. com","description":"verschreibungspflichtige Medizin kaufen","publisher":{"@id":"https:\/\/stonersmeds.com\/#organization"},"alternateName":"Research chemical shop","potentialAction":[{"@type":"SearchAction","target":{"@type":"EntryPoint","urlTemplate":"https:\/\/stonersmeds.com\/?s={search_term_string}"},"query-input":{"@type":"PropertyValueSpecification","valueRequired":true,"valueName":"search_term_string"}}],"inLanguage":"pt-PT"},{"@type":"Organization","@id":"https:\/\/stonersmeds.com\/#organization","name":"Stonersmeds Shop","url":"https:\/\/stonersmeds.com\/","logo":{"@type":"ImageObject","inLanguage":"pt-PT","@id":"https:\/\/stonersmeds.com\/#\/schema\/logo\/image\/","url":"https:\/\/stonersmeds.com\/wp-content\/uploads\/2026\/02\/high-purity-DMT-powder.jpg","contentUrl":"https:\/\/stonersmeds.com\/wp-content\/uploads\/2026\/02\/high-purity-DMT-powder.jpg","width":500,"height":500,"caption":"Stonersmeds Shop"},"image":{"@id":"https:\/\/stonersmeds.com\/#\/schema\/logo\/image\/"}}]},"og_availability":"instock","product_availability":"instock","product_condition":"new"},"_links":{"self":[{"href":"https:\/\/stonersmeds.com\/pt\/wp-json\/wp\/v2\/product\/10023","targetHints":{"allow":["GET"]}}],"collection":[{"href":"https:\/\/stonersmeds.com\/pt\/wp-json\/wp\/v2\/product"}],"about":[{"href":"https:\/\/stonersmeds.com\/pt\/wp-json\/wp\/v2\/types\/product"}],"replies":[{"embeddable":true,"href":"https:\/\/stonersmeds.com\/pt\/wp-json\/wp\/v2\/comments?post=10023"}],"version-history":[{"count":0,"href":"https:\/\/stonersmeds.com\/pt\/wp-json\/wp\/v2\/product\/10023\/revisions"}],"wp:featuredmedia":[{"embeddable":true,"href":"https:\/\/stonersmeds.com\/pt\/wp-json\/wp\/v2\/media\/10026"}],"wp:attachment":[{"href":"https:\/\/stonersmeds.com\/pt\/wp-json\/wp\/v2\/media?parent=10023"}],"wp:term":[{"taxonomy":"product_brand","embeddable":true,"href":"https:\/\/stonersmeds.com\/pt\/wp-json\/wp\/v2\/product_brand?post=10023"},{"taxonomy":"product_cat","embeddable":true,"href":"https:\/\/stonersmeds.com\/pt\/wp-json\/wp\/v2\/product_cat?post=10023"},{"taxonomy":"product_tag","embeddable":true,"href":"https:\/\/stonersmeds.com\/pt\/wp-json\/wp\/v2\/product_tag?post=10023"},{"taxonomy":"product_brands","embeddable":true,"href":"https:\/\/stonersmeds.com\/pt\/wp-json\/wp\/v2\/product_brands?post=10023"}],"curies":[{"name":"wp","href":"https:\/\/api.w.org\/{rel}","templated":true}]}}