{"id":10095,"date":"2022-03-12T05:26:34","date_gmt":"2022-03-12T05:26:34","guid":{"rendered":"https:\/\/stonersmeds.com\/?post_type=product&#038;p=10095"},"modified":"2026-03-02T15:40:05","modified_gmt":"2026-03-02T13:40:05","slug":"buy-cheap-liquid-lsd-online","status":"publish","type":"product","link":"https:\/\/stonersmeds.com\/pt\/shop\/buy-cheap-liquid-lsd-online\/","title":{"rendered":"Compre LSD L\u00edquido Barato Online"},"content":{"rendered":"<h1>Comprar LSD l\u00edquido barato online<\/h1>\n<p>Tal como a Green Crack (que n\u00e3o deve ser confundida com o LSD), a Acid \u00e9 uma variedade que tem o nome de uma subst\u00e2ncia at\u00e9 certo ponto mais psicoactiva. Tudo considerado, Acid tem um poder, oferecendo impactos compensados juntamente com uma fragr\u00e2ncia desconcertante. Produzida pela Paradise Seeds, os reprodutores da Delahaze e da Sensi Star, a Acid \u00e9 obtida a partir das qualidades heredit\u00e1rias da mais amada New York Sour Diesel. O seu fasc\u00ednio valeu-lhe o t\u00edtulo de terceira melhor flor de interior na Copa THC Valencia 2016, em Espanha. Os n\u00edveis de THC da Corrosive foram estimados em algo entre 16% e 23%.<\/p>\n<p>A Corrosive deslumbra com flores m\u00e9dias a enormes e estimadas que t\u00eam uma forma articulada em forma de p\u00e1, praticamente como \u00e1rvores de Natal mais pequenas do que o normal, apertando desde uma base redonda larga at\u00e9 uma ponta afiada. Com uma estrutura apertada e espessa, \u00e9 inconfund\u00edvel que estes bot\u00f5es n\u00e3o podem ser outra coisa sen\u00e3o predominantes de \u00edndica. As folhas, firmemente torcidas internamente em direc\u00e7\u00e3o aos seus caules focais, s\u00e3o de um verde escuro e est\u00e3o contorcidas com pistilos ondulados de cor terra. Finalmente, tricomas brancos brilhantes cobrem as superf\u00edcies internas e externas das flores da Acid, dando \u00e0 variedade a sua for\u00e7a psicoactiva e tornando os bot\u00f5es excepcionalmente dif\u00edceis de separar sem a ajuda de um processador.<\/p>\n<p>No momento em que \u00e9 devidamente aliviado, Acid tem certamente uma fragr\u00e2ncia um pouco \u00e1cida, separada por um forte toque de citrinos. Da mesma forma, h\u00e1 notas de base s\u00f3lidas e almiscaradas, com fragr\u00e2ncia de solo \u00famido e incenso. Entretanto, a separa\u00e7\u00e3o ou granula\u00e7\u00e3o destes nugs grossos liberta o escape adstringente de g\u00e1s que torna a variedade-m\u00e3e New York Sour Diesel t\u00e3o afiada e conhecida. Quando queimada numa linha ou num charro, a Acid inflama-se com um fumo suave e f\u00e1cil de ingerir. Este fumo rico deixa o sabor a lim\u00e3o e a gas\u00f3leo ao expirar.<\/p>\n<p>O efeito do Corrosive revela-se gradualmente desde o in\u00edcio, distorcendo a impress\u00e3o que o fumador tem das suas actualiza\u00e7\u00f5es exteriores. Certos sons podem ser intensificados, como se fossem produzidos numa c\u00e2mara de reverbera\u00e7\u00e3o. Al\u00e9m disso, os tons caracter\u00edsticos e as luzes brilhantes podem ganhar outra for\u00e7a. Quando estes impactos tang\u00edveis se tornam mais evidentes, surgem maravilhas alucinog\u00e9nias mais vivas, semelhantes a contor\u00e7\u00f5es interiores e exteriores e uma sensa\u00e7\u00e3o s\u00f3lida de expans\u00e3o do tempo. Dentro de algum tempo, os fumadores podem sentir um peso deliberado \u00e0 volta dos santu\u00e1rios e dos \u00f3rg\u00e3os linf\u00e1ticos, tal como uma ligeira expans\u00e3o da saliva\u00e7\u00e3o. Estes arrepios transformam-se em fluxos de relaxamento que descem pela coluna vertebral e emanam pelo centro e pelos ap\u00eandices. Embora os clientes possam n\u00e3o ficar completamente imobilizados por estes impactos aliviadores, podem sentir-se estimulados a descontrair-se nos factores ambientais agrad\u00e1veis mais pr\u00f3ximos.<\/p>\n<p>A moca do Corrosivo \u00e9 adicionalmente descrita por uma mentalidade cerebral em que o fumador pode juntar-se a considera\u00e7\u00f5es ou ideias irregulares, descobrindo-as mais fascinantes do que elas, em qualquer caso, podem ser. Este tipo de racioc\u00ednio abertamente conhecido pode ser um m\u00e9todo decente para descobrir respostas inovadoras para problemas dif\u00edceis ou para lidar com determinadas tarefas de trabalho. A longo prazo - ou \u00e0 medida que a medida \u00e9 alargada - os impactos psicol\u00f3gicos de Acid tornam-se mais maravilhosos do que claros, tornando inv\u00e1lida e nula qualquer efic\u00e1cia anterior. Devido \u00e0 sua redu\u00e7\u00e3o progressiva de energia, esta variedade deve ser consumida ao fim da tarde ou \u00e0 noite.<\/p>\n<p><a href=\"https:\/\/stonersmeds.com\/pt\/produto-etiqueta\/liquid-lsd-price\/\">LSD l\u00edquido<\/a> 200ug\/gota, \u00e1cido l\u00edquido para venda, \u00e1cido para venda online, lsd para venda online, comprar lsd online, \u00e1cido lsd para venda online, loja online de lsd, lsd l\u00edquido para venda, \u00e1cido l\u00edquido para venda<\/p>\n<pre><strong>Comprar LSD l\u00edquido barato online - comprar LSD , comprar LSD l\u00edquido barato , comprar LSD l\u00edquido online, onde comprar LSD l\u00edquido barato , LSD l\u00edquido barato para venda, LSD barato para venda, comprar LSD barato online, onde comprar LSD l\u00edquido barato online, LSD l\u00edquido barato para venda nos eua , EUA, Canad\u00e1, Reino Unido, comprar, online, fornecedores, entrega segura, voc\u00ea ainda pode obter LSD l\u00edquido barato , O LSD l\u00edquido barato \u00e9 legal nos EUA, comprar LSD l\u00edquido barato online nos EUA, como pedir LSD l\u00edquido barato , O LSD l\u00edquido barato \u00e9 legal no Canad\u00e1<\/strong><\/pre>","protected":false},"excerpt":{"rendered":"<p>Vendemos o melhor LSD (dietilamida do \u00e1cido lis\u00e9rgico) em excesso em cada forma l\u00edquida (gotas) e blotters em linha a pre\u00e7os muito acess\u00edveis e moderados. Somos 100% profissionais e eficientes. A embalagem \u00e9 100% discreta e temos uma taxa de sucesso de entrega de cem%.<\/p>\n<p>No caso de nos encomendar, tem a garantia de produtos excepcionais e de um transporte seguro. Efectuamos entregas em todo o mundo.<\/p>\n<p>Comprar LSD l\u00edquido barato online. Real liquid LSD online - liquid LSD for sale | Buy liquid LSD online | Buy liquid LSD for sale| Buy cheap liquid LSD | Where to buy liquid LSD online<\/p>\n<pre><\/pre>","protected":false},"featured_media":10098,"comment_status":"open","ping_status":"closed","template":"","meta":{"_bst_post_transparent":"","_bst_post_title":"","_bst_post_layout":"","_bst_post_sidebar_id":"","_bst_post_content_style":"","_bst_post_vertical_padding":"","_bst_post_feature":"","_bst_post_feature_position":"","_bst_post_header":false,"_bst_post_footer":false},"product_brand":[],"product_cat":[80],"product_tag":[846,869,870,871,864,867,865,862,866,861,863,868],"product_brands":[],"class_list":{"0":"post-10095","1":"product","2":"type-product","3":"status-publish","4":"has-post-thumbnail","6":"product_cat-psychedelic-drugs","7":"product_tag-1p-lsd-shop","8":"product_tag-how-long-does-lsd-cost","9":"product_tag-how-much-does-lsd-cost","10":"product_tag-how-much-does-lsd-cost-per-tab","11":"product_tag-how-to-make-liquid-lsd","12":"product_tag-liquid-acid-lsd","13":"product_tag-liquid-lsd-color","14":"product_tag-liquid-lsd-online","15":"product_tag-liquid-lsd-price","16":"product_tag-liquid-lsd-shop","17":"product_tag-liquid-lsd-vs-tabs","18":"product_tag-what-does-lsd-look-like","20":"first","21":"instock","22":"shipping-taxable","23":"purchasable","24":"product-type-variable","25":"entry","26":"content-bg","27":"loop-entry"},"tiered_pricing_type":"fixed","tiered_pricing_fixed_rules":[],"tiered_pricing_percentage_rules":[],"tiered_pricing_minimum":1,"_administrator_tiered_pricing_type":"fixed","_administrator_tiered_pricing_fixed_rules":[],"_editor_tiered_pricing_type":"fixed","_editor_tiered_pricing_fixed_rules":[],"_author_tiered_pricing_type":"fixed","_author_tiered_pricing_fixed_rules":[],"_contributor_tiered_pricing_type":"fixed","_contributor_tiered_pricing_fixed_rules":[],"_subscriber_tiered_pricing_type":"fixed","_subscriber_tiered_pricing_fixed_rules":[],"_customer_tiered_pricing_type":"fixed","_customer_tiered_pricing_fixed_rules":[],"_shop_manager_tiered_pricing_type":"fixed","_shop_manager_tiered_pricing_fixed_rules":[],"_wpseo_manager_tiered_pricing_type":"fixed","_wpseo_manager_tiered_pricing_fixed_rules":[],"_wpseo_editor_tiered_pricing_type":"fixed","_wpseo_editor_tiered_pricing_fixed_rules":[],"yoast_head":"<!-- This site is optimized with the Yoast SEO plugin v27.2 - https:\/\/yoast.com\/product\/yoast-seo-wordpress\/ -->\n<title>Buy Cheap Liquid LSD Online - Cheap price, Highest quality<\/title>\n<meta name=\"description\" content=\"Buy Cheap Liquid LSD Online at an affordable price at stonersmeds. All products are lab qualified and have premium quality.\" \/>\n<meta name=\"robots\" content=\"index, follow, max-snippet:-1, max-image-preview:large, max-video-preview:-1\" \/>\n<link rel=\"canonical\" href=\"https:\/\/stonersmeds.com\/pt\/shop\/buy-cheap-liquid-lsd-online\/\" \/>\n<meta property=\"og:locale\" content=\"pt_PT\" \/>\n<meta property=\"og:type\" content=\"article\" \/>\n<meta property=\"og:title\" content=\"Buy Cheap Liquid LSD Online - Cheap price, Highest quality\" \/>\n<meta property=\"og:description\" content=\"Buy Cheap Liquid LSD Online at an affordable price at stonersmeds. All products are lab qualified and have premium quality.\" \/>\n<meta property=\"og:url\" content=\"https:\/\/stonersmeds.com\/pt\/shop\/buy-cheap-liquid-lsd-online\/\" \/>\n<meta property=\"og:site_name\" content=\"stonersmeds.com\" \/>\n<meta property=\"article:modified_time\" content=\"2026-03-02T13:40:05+00:00\" \/>\n<meta property=\"og:image\" content=\"https:\/\/stonersmeds.com\/wp-content\/uploads\/2022\/03\/buy-cheap-liquid-lsd-online.jpg\" \/>\n\t<meta property=\"og:image:width\" content=\"600\" \/>\n\t<meta property=\"og:image:height\" content=\"600\" \/>\n\t<meta property=\"og:image:type\" content=\"image\/jpeg\" \/>\n<meta name=\"twitter:card\" content=\"summary_large_image\" \/>\n<meta name=\"twitter:label1\" content=\"Disponibilidade\" \/>\n\t<meta name=\"twitter:data1\" content=\"Em stock\" \/>\n<script type=\"application\/ld+json\" class=\"yoast-schema-graph\">{\"@context\":\"https:\/\/schema.org\",\"@graph\":[{\"@type\":\"WebPage\",\"@id\":\"https:\/\/stonersmeds.com\/shop\/buy-cheap-liquid-lsd-online\/\",\"url\":\"https:\/\/stonersmeds.com\/shop\/buy-cheap-liquid-lsd-online\/\",\"name\":\"Buy Cheap Liquid LSD Online - Cheap price, Highest quality\",\"isPartOf\":{\"@id\":\"https:\/\/stonersmeds.com\/#website\"},\"primaryImageOfPage\":{\"@id\":\"https:\/\/stonersmeds.com\/shop\/buy-cheap-liquid-lsd-online\/#primaryimage\"},\"image\":{\"@id\":\"https:\/\/stonersmeds.com\/shop\/buy-cheap-liquid-lsd-online\/#primaryimage\"},\"thumbnailUrl\":\"https:\/\/stonersmeds.com\/wp-content\/uploads\/2022\/03\/buy-cheap-liquid-lsd-online.jpg\",\"datePublished\":\"2022-03-12T05:26:34+00:00\",\"dateModified\":\"2026-03-02T13:40:05+00:00\",\"description\":\"Buy Cheap Liquid LSD Online at an affordable price at stonersmeds. All products are lab qualified and have premium quality.\",\"breadcrumb\":{\"@id\":\"https:\/\/stonersmeds.com\/shop\/buy-cheap-liquid-lsd-online\/#breadcrumb\"},\"inLanguage\":\"pt-PT\",\"potentialAction\":[{\"@type\":\"ReadAction\",\"target\":[\"https:\/\/stonersmeds.com\/shop\/buy-cheap-liquid-lsd-online\/\"]}]},{\"@type\":\"ImageObject\",\"inLanguage\":\"pt-PT\",\"@id\":\"https:\/\/stonersmeds.com\/shop\/buy-cheap-liquid-lsd-online\/#primaryimage\",\"url\":\"https:\/\/stonersmeds.com\/wp-content\/uploads\/2022\/03\/buy-cheap-liquid-lsd-online.jpg\",\"contentUrl\":\"https:\/\/stonersmeds.com\/wp-content\/uploads\/2022\/03\/buy-cheap-liquid-lsd-online.jpg\",\"width\":600,\"height\":600},{\"@type\":\"BreadcrumbList\",\"@id\":\"https:\/\/stonersmeds.com\/shop\/buy-cheap-liquid-lsd-online\/#breadcrumb\",\"itemListElement\":[{\"@type\":\"ListItem\",\"position\":1,\"name\":\"Home\",\"item\":\"https:\/\/stonersmeds.com\/\"},{\"@type\":\"ListItem\",\"position\":2,\"name\":\"Shop\",\"item\":\"https:\/\/stonersmeds.com\/shop\/\"},{\"@type\":\"ListItem\",\"position\":3,\"name\":\"Buy Cheap Liquid LSD Online\"}]},{\"@type\":\"WebSite\",\"@id\":\"https:\/\/stonersmeds.com\/#website\",\"url\":\"https:\/\/stonersmeds.com\/\",\"name\":\"stonersmeds.com\",\"description\":\"verschreibungspflichtige Medizin kaufen\",\"publisher\":{\"@id\":\"https:\/\/stonersmeds.com\/#organization\"},\"alternateName\":\"Research chemical shop\",\"potentialAction\":[{\"@type\":\"SearchAction\",\"target\":{\"@type\":\"EntryPoint\",\"urlTemplate\":\"https:\/\/stonersmeds.com\/?s={search_term_string}\"},\"query-input\":{\"@type\":\"PropertyValueSpecification\",\"valueRequired\":true,\"valueName\":\"search_term_string\"}}],\"inLanguage\":\"pt-PT\"},{\"@type\":\"Organization\",\"@id\":\"https:\/\/stonersmeds.com\/#organization\",\"name\":\"Stonersmeds Shop\",\"url\":\"https:\/\/stonersmeds.com\/\",\"logo\":{\"@type\":\"ImageObject\",\"inLanguage\":\"pt-PT\",\"@id\":\"https:\/\/stonersmeds.com\/#\/schema\/logo\/image\/\",\"url\":\"https:\/\/stonersmeds.com\/wp-content\/uploads\/2026\/02\/high-purity-DMT-powder.jpg\",\"contentUrl\":\"https:\/\/stonersmeds.com\/wp-content\/uploads\/2026\/02\/high-purity-DMT-powder.jpg\",\"width\":500,\"height\":500,\"caption\":\"Stonersmeds Shop\"},\"image\":{\"@id\":\"https:\/\/stonersmeds.com\/#\/schema\/logo\/image\/\"}}]}<\/script>\n<meta property=\"og:availability\" content=\"instock\" \/>\n<meta property=\"product:availability\" content=\"instock\" \/>\n<meta property=\"product:condition\" content=\"new\" \/>\n<!-- \/ Yoast SEO plugin. -->","yoast_head_json":{"title":"Comprar LSD L\u00edquido Barato Online - Pre\u00e7o barato, Alta qualidade","description":"Compre LSD L\u00edquido Barato Online a um pre\u00e7o acess\u00edvel na stonersmeds. Todos os produtos s\u00e3o qualificados em laborat\u00f3rio e t\u00eam qualidade premium.","robots":{"index":"index","follow":"follow","max-snippet":"max-snippet:-1","max-image-preview":"max-image-preview:large","max-video-preview":"max-video-preview:-1"},"canonical":"https:\/\/stonersmeds.com\/pt\/shop\/buy-cheap-liquid-lsd-online\/","og_locale":"pt_PT","og_type":"article","og_title":"Buy Cheap Liquid LSD Online - Cheap price, Highest quality","og_description":"Buy Cheap Liquid LSD Online at an affordable price at stonersmeds. All products are lab qualified and have premium quality.","og_url":"https:\/\/stonersmeds.com\/pt\/shop\/buy-cheap-liquid-lsd-online\/","og_site_name":"stonersmeds.com","article_modified_time":"2026-03-02T13:40:05+00:00","og_image":[{"width":600,"height":600,"url":"https:\/\/stonersmeds.com\/wp-content\/uploads\/2022\/03\/buy-cheap-liquid-lsd-online.jpg","type":"image\/jpeg"}],"twitter_card":"summary_large_image","twitter_misc":{"Disponibilidade":"Em stock"},"schema":{"@context":"https:\/\/schema.org","@graph":[{"@type":"WebPage","@id":"https:\/\/stonersmeds.com\/shop\/buy-cheap-liquid-lsd-online\/","url":"https:\/\/stonersmeds.com\/shop\/buy-cheap-liquid-lsd-online\/","name":"Comprar LSD L\u00edquido Barato Online - Pre\u00e7o barato, Alta qualidade","isPartOf":{"@id":"https:\/\/stonersmeds.com\/#website"},"primaryImageOfPage":{"@id":"https:\/\/stonersmeds.com\/shop\/buy-cheap-liquid-lsd-online\/#primaryimage"},"image":{"@id":"https:\/\/stonersmeds.com\/shop\/buy-cheap-liquid-lsd-online\/#primaryimage"},"thumbnailUrl":"https:\/\/stonersmeds.com\/wp-content\/uploads\/2022\/03\/buy-cheap-liquid-lsd-online.jpg","datePublished":"2022-03-12T05:26:34+00:00","dateModified":"2026-03-02T13:40:05+00:00","description":"Compre LSD L\u00edquido Barato Online a um pre\u00e7o acess\u00edvel na stonersmeds. Todos os produtos s\u00e3o qualificados em laborat\u00f3rio e t\u00eam qualidade premium.","breadcrumb":{"@id":"https:\/\/stonersmeds.com\/shop\/buy-cheap-liquid-lsd-online\/#breadcrumb"},"inLanguage":"pt-PT","potentialAction":[{"@type":"ReadAction","target":["https:\/\/stonersmeds.com\/shop\/buy-cheap-liquid-lsd-online\/"]}]},{"@type":"ImageObject","inLanguage":"pt-PT","@id":"https:\/\/stonersmeds.com\/shop\/buy-cheap-liquid-lsd-online\/#primaryimage","url":"https:\/\/stonersmeds.com\/wp-content\/uploads\/2022\/03\/buy-cheap-liquid-lsd-online.jpg","contentUrl":"https:\/\/stonersmeds.com\/wp-content\/uploads\/2022\/03\/buy-cheap-liquid-lsd-online.jpg","width":600,"height":600},{"@type":"BreadcrumbList","@id":"https:\/\/stonersmeds.com\/shop\/buy-cheap-liquid-lsd-online\/#breadcrumb","itemListElement":[{"@type":"ListItem","position":1,"name":"Home","item":"https:\/\/stonersmeds.com\/"},{"@type":"ListItem","position":2,"name":"Shop","item":"https:\/\/stonersmeds.com\/shop\/"},{"@type":"ListItem","position":3,"name":"Buy Cheap Liquid LSD Online"}]},{"@type":"WebSite","@id":"https:\/\/stonersmeds.com\/#website","url":"https:\/\/stonersmeds.com\/","name":"stonersmeds. com","description":"verschreibungspflichtige Medizin kaufen","publisher":{"@id":"https:\/\/stonersmeds.com\/#organization"},"alternateName":"Research chemical shop","potentialAction":[{"@type":"SearchAction","target":{"@type":"EntryPoint","urlTemplate":"https:\/\/stonersmeds.com\/?s={search_term_string}"},"query-input":{"@type":"PropertyValueSpecification","valueRequired":true,"valueName":"search_term_string"}}],"inLanguage":"pt-PT"},{"@type":"Organization","@id":"https:\/\/stonersmeds.com\/#organization","name":"Stonersmeds Shop","url":"https:\/\/stonersmeds.com\/","logo":{"@type":"ImageObject","inLanguage":"pt-PT","@id":"https:\/\/stonersmeds.com\/#\/schema\/logo\/image\/","url":"https:\/\/stonersmeds.com\/wp-content\/uploads\/2026\/02\/high-purity-DMT-powder.jpg","contentUrl":"https:\/\/stonersmeds.com\/wp-content\/uploads\/2026\/02\/high-purity-DMT-powder.jpg","width":500,"height":500,"caption":"Stonersmeds Shop"},"image":{"@id":"https:\/\/stonersmeds.com\/#\/schema\/logo\/image\/"}}]},"og_availability":"instock","product_availability":"instock","product_condition":"new"},"_links":{"self":[{"href":"https:\/\/stonersmeds.com\/pt\/wp-json\/wp\/v2\/product\/10095","targetHints":{"allow":["GET"]}}],"collection":[{"href":"https:\/\/stonersmeds.com\/pt\/wp-json\/wp\/v2\/product"}],"about":[{"href":"https:\/\/stonersmeds.com\/pt\/wp-json\/wp\/v2\/types\/product"}],"replies":[{"embeddable":true,"href":"https:\/\/stonersmeds.com\/pt\/wp-json\/wp\/v2\/comments?post=10095"}],"version-history":[{"count":0,"href":"https:\/\/stonersmeds.com\/pt\/wp-json\/wp\/v2\/product\/10095\/revisions"}],"wp:featuredmedia":[{"embeddable":true,"href":"https:\/\/stonersmeds.com\/pt\/wp-json\/wp\/v2\/media\/10098"}],"wp:attachment":[{"href":"https:\/\/stonersmeds.com\/pt\/wp-json\/wp\/v2\/media?parent=10095"}],"wp:term":[{"taxonomy":"product_brand","embeddable":true,"href":"https:\/\/stonersmeds.com\/pt\/wp-json\/wp\/v2\/product_brand?post=10095"},{"taxonomy":"product_cat","embeddable":true,"href":"https:\/\/stonersmeds.com\/pt\/wp-json\/wp\/v2\/product_cat?post=10095"},{"taxonomy":"product_tag","embeddable":true,"href":"https:\/\/stonersmeds.com\/pt\/wp-json\/wp\/v2\/product_tag?post=10095"},{"taxonomy":"product_brands","embeddable":true,"href":"https:\/\/stonersmeds.com\/pt\/wp-json\/wp\/v2\/product_brands?post=10095"}],"curies":[{"name":"wp","href":"https:\/\/api.w.org\/{rel}","templated":true}]}}