{"id":10132,"date":"2022-03-12T05:41:26","date_gmt":"2022-03-12T05:41:26","guid":{"rendered":"https:\/\/stonersmeds.com\/?post_type=product&#038;p=10132"},"modified":"2026-03-02T02:00:09","modified_gmt":"2026-03-02T00:00:09","slug":"buy-crystal-meth-online-pills","status":"publish","type":"product","link":"https:\/\/stonersmeds.com\/pt\/shop\/buy-crystal-meth-online-pills\/","title":{"rendered":"Compre p\u00edlulas on-line de metanfetamina cristal"},"content":{"rendered":"<h1>Compre p\u00edlulas on-line de metanfetamina cristal<\/h1>\n<p>A metanfetamina \u00e9 um estimulante que actua directamente no sistema nervoso central do c\u00e9rebro humano. Trata-se de uma droga altamente viciante, utilizada para diversos fins \u00fateis. Este estimulante est\u00e1 inclu\u00eddo na lista dos estimulantes artificiais.<\/p>\n<p><a href=\"https:\/\/stonersmeds.com\/pt\/produto-etiqueta\/crystal-meth-vs-methamphetamine\/\">Metanfetamina cristalina<\/a> A droga foi fabricada pela primeira vez na Segunda Guerra Mundial para proporcionar al\u00edvio aos soldados. Nessa altura, era utilizada para os manter acordados e para aliviar as dores causadas pelas balas. Mas agora tornou-se popular em todo o mundo e \u00e9 utilizada para muitos outros fins. As pessoas utilizam-na ressonando, fumando ou injectando-a directamente, de acordo com as necessidades do organismo.<\/p>\n<h3>Metanfetamina cristal versus metanfetamina<\/h3>\n<p><a href=\"https:\/\/stonersmeds.com\/pt\/produto-etiqueta\/how-much-is-crystal-meth\/\">Metanfetamina cristalina<\/a> tem muitas caracter\u00edsticas, como a estimula\u00e7\u00e3o de sentimentos felizes quando uma pessoa se sente deprimida devido aos seus problemas. Devido a esta propriedade, est\u00e1 a tornar-se popular entre os bares e clubes de dan\u00e7a, onde as pessoas o utilizam para obter al\u00edvio dos seus problemas.<\/p>\n<p>A Crystal Meth actua na parte central do c\u00e9rebro e estimula-o a imaginar um quadro normal e feliz no qual pode sobreviver normalmente. \u00c9 por isso que tamb\u00e9m \u00e9 conhecida como droga de festa.<\/p>\n<p>Esta pr\u00f3-droga tamb\u00e9m proporciona ao ser humano um forte sentido de confian\u00e7a com o qual pode sobreviver em qualquer condi\u00e7\u00e3o. Tamb\u00e9m \u00e9 utilizada por pessoas que escalam montanhas altas para se tornarem mais en\u00e9rgicas. A metanfetamina tamb\u00e9m os ajuda a sobreviver a uma temperatura t\u00e3o perigosa.<\/p>\n<h3>Metanfetamina como medicamento<\/h3>\n<p>A metanfetamina n\u00e3o \u00e9 apenas utilizada por pessoas isoladas, mas tamb\u00e9m por elas pr\u00f3prias, de acordo com a <a href=\"https:\/\/stonersmeds.com\/pt\/produto-etiqueta\/medications-without-a-doctors-prescription\/\">prescri\u00e7\u00e3o de m\u00e9dicos<\/a>. Os m\u00e9dicos receitam os medicamentos feitos com Crystal meth.<\/p>\n<p>Quando est\u00e3o a lidar com pessoas que est\u00e3o a enfrentar o problema da depress\u00e3o e querem obter al\u00edvio imediato. As pessoas afirmam que se sentem muito confort\u00e1veis e activas depois de o utilizarem.<\/p>\n<p>Embora seja uma pr\u00f3-droga muito \u00fatil para os seres humanos. Mas a Crystal Meth tamb\u00e9m tem algumas desvantagens quando \u00e9 utilizada em quantidades excessivas ou em condi\u00e7\u00f5es n\u00e3o controladas. A Crystal Meth tem efeitos a longo prazo no corpo humano, pelo que \u00e9 utilizada durante um curto per\u00edodo de tempo.<\/p>\n<p>A nossa loja online est\u00e1 a lidar com <a href=\"https:\/\/stonersmeds.com\/pt\/produto-etiqueta\/crystal-meth-pricing\/\">Metanfetamina a um pre\u00e7o muito baixo<\/a> e tamb\u00e9m a entrega r\u00e1pida do produto \u00e0 sua porta.<\/p>\n<h3>Comprar Ice Meth barato - Comprar crystal meth online<\/h3>\n<p><a href=\"https:\/\/stonersmeds.com\/pt\/shop\/buy-cheap-chem-willie-marijuana-online\/\">Comprar Ice Meth barato<\/a> aqui. Temos a aprova\u00e7\u00e3o de muitos fornecedores de topo e a maioria dos clientes est\u00e1 satisfeita. Para al\u00e9m de <a href=\"https:\/\/stonersmeds.com\/pt\/produto-etiqueta\/buy-mexedrone-mxe-power-crystal-online-near-me\/\">Comprar crystal meth online<\/a> tamb\u00e9m oferecemos outras drogas como coca\u00edna e hero\u00edna.<\/p>\n<p>A metanfetamina apresenta-se geralmente sob a forma de um p\u00f3 branco cristalino, inodoro, de sabor amargo e que se dissolve facilmente em \u00e1gua ou \u00e1lcool.<\/p>\n<h3>Efeitos secund\u00e1rios da Crystal Meth?<\/h3>\n<p>Os efeitos da Crystal Meth s\u00e3o os seguintes: perda de apetite, aumento do ritmo card\u00edaco, da press\u00e3o arterial, da temperatura corporal, dilata\u00e7\u00e3o das pupilas, perturba\u00e7\u00e3o dos padr\u00f5es de sono, n\u00e1useas, comportamento bizarro, err\u00e1tico e por vezes violento, alucina\u00e7\u00f5es, hiperexcitabilidade, irritabilidade, p\u00e2nico e psicose, convuls\u00f5es, ataques e morte com doses elevadas<\/p>\n<pre><strong>Comprar Crystal Meth Pills Online - comprar Crystal , comprar Crystal Meth Pills , comprar Crystal Pills online, Onde comprar Crystal Meth Pills , Crystal Meth Pills para venda, Pills para venda, comprar Pills online, onde comprar Crystal Meth Pills online, Crystal Meth Pills para venda em eua , EUA, canada,uk, comprar, online, fornecedores, entrega segura, Voc\u00ea ainda pode obter Crystal Meth Pills , Is Crystal Meth Pills legal in usa, comprar Crystal Meth Pills online usa, como encomendar Crystal Meth Pills , Is Crystal Meth Pills legal in Canada<\/strong><\/pre>","protected":false},"excerpt":{"rendered":"<p>Comprar crystal meth online Pills - Comprar Crystal Methamphetamine 96.8% pure - Onde comprar Crystal Meth online - Comprar Ice Meth 96.8% pure- Comprar Methamphetamine online<\/p>\n<pre><\/pre>","protected":false},"featured_media":10160,"comment_status":"open","ping_status":"closed","template":"","meta":{"_bst_post_transparent":"","_bst_post_title":"","_bst_post_layout":"","_bst_post_sidebar_id":"","_bst_post_content_style":"","_bst_post_vertical_padding":"","_bst_post_feature":"","_bst_post_feature_position":"","_bst_post_header":false,"_bst_post_footer":false},"product_brand":[],"product_cat":[80],"product_tag":[905,912,911,906,908,907,910,909],"product_brands":[],"class_list":{"0":"post-10132","1":"product","2":"type-product","3":"status-publish","4":"has-post-thumbnail","6":"product_cat-psychedelic-drugs","7":"product_tag-10-signs-of-meth-use","8":"product_tag-california-meth-bust-today","9":"product_tag-crystal-meth-pricing","10":"product_tag-crystal-meth-vs-methamphetamine","11":"product_tag-how-much-is-crystal-meth","12":"product_tag-meth-before-and-after","13":"product_tag-meth-measurements","14":"product_tag-meth-street-values","16":"first","17":"instock","18":"shipping-taxable","19":"purchasable","20":"product-type-variable","21":"entry","22":"content-bg","23":"loop-entry"},"tiered_pricing_type":"fixed","tiered_pricing_fixed_rules":[],"tiered_pricing_percentage_rules":[],"tiered_pricing_minimum":1,"_administrator_tiered_pricing_type":"fixed","_administrator_tiered_pricing_fixed_rules":[],"_editor_tiered_pricing_type":"fixed","_editor_tiered_pricing_fixed_rules":[],"_author_tiered_pricing_type":"fixed","_author_tiered_pricing_fixed_rules":[],"_contributor_tiered_pricing_type":"fixed","_contributor_tiered_pricing_fixed_rules":[],"_subscriber_tiered_pricing_type":"fixed","_subscriber_tiered_pricing_fixed_rules":[],"_customer_tiered_pricing_type":"fixed","_customer_tiered_pricing_fixed_rules":[],"_shop_manager_tiered_pricing_type":"fixed","_shop_manager_tiered_pricing_fixed_rules":[],"_wpseo_manager_tiered_pricing_type":"fixed","_wpseo_manager_tiered_pricing_fixed_rules":[],"_wpseo_editor_tiered_pricing_type":"fixed","_wpseo_editor_tiered_pricing_fixed_rules":[],"yoast_head":"<!-- This site is optimized with the Yoast SEO plugin v27.2 - https:\/\/yoast.com\/product\/yoast-seo-wordpress\/ -->\n<title>Buy Crystal Meth Online Pills - Cheap price, Highest quality<\/title>\n<meta name=\"description\" content=\"Buy Crystal Meth Online at an affordable price at stonersmeds. All products are lab qualified and have premium quality.\" \/>\n<meta name=\"robots\" content=\"index, follow, max-snippet:-1, max-image-preview:large, max-video-preview:-1\" \/>\n<link rel=\"canonical\" href=\"https:\/\/stonersmeds.com\/pt\/shop\/buy-crystal-meth-online-pills\/\" \/>\n<meta property=\"og:locale\" content=\"pt_PT\" \/>\n<meta property=\"og:type\" content=\"article\" \/>\n<meta property=\"og:title\" content=\"Buy Crystal Meth Online Pills - Cheap price, Highest quality\" \/>\n<meta property=\"og:description\" content=\"Buy Crystal Meth Online at an affordable price at stonersmeds. All products are lab qualified and have premium quality.\" \/>\n<meta property=\"og:url\" content=\"https:\/\/stonersmeds.com\/pt\/shop\/buy-crystal-meth-online-pills\/\" \/>\n<meta property=\"og:site_name\" content=\"stonersmeds.com\" \/>\n<meta property=\"article:modified_time\" content=\"2026-03-02T00:00:09+00:00\" \/>\n<meta property=\"og:image\" content=\"https:\/\/stonersmeds.com\/wp-content\/uploads\/2022\/03\/crystal-meth-online.jpg\" \/>\n\t<meta property=\"og:image:width\" content=\"600\" \/>\n\t<meta property=\"og:image:height\" content=\"600\" \/>\n\t<meta property=\"og:image:type\" content=\"image\/jpeg\" \/>\n<meta name=\"twitter:card\" content=\"summary_large_image\" \/>\n<meta name=\"twitter:label1\" content=\"Disponibilidade\" \/>\n\t<meta name=\"twitter:data1\" content=\"Em stock\" \/>\n<script type=\"application\/ld+json\" class=\"yoast-schema-graph\">{\"@context\":\"https:\/\/schema.org\",\"@graph\":[{\"@type\":\"WebPage\",\"@id\":\"https:\/\/stonersmeds.com\/pl\/shop\/buy-crystal-meth-online-pills\/\",\"url\":\"https:\/\/stonersmeds.com\/pl\/shop\/buy-crystal-meth-online-pills\/\",\"name\":\"Buy Crystal Meth Online Pills - Cheap price, Highest quality\",\"isPartOf\":{\"@id\":\"https:\/\/stonersmeds.com\/#website\"},\"primaryImageOfPage\":{\"@id\":\"https:\/\/stonersmeds.com\/pl\/shop\/buy-crystal-meth-online-pills\/#primaryimage\"},\"image\":{\"@id\":\"https:\/\/stonersmeds.com\/pl\/shop\/buy-crystal-meth-online-pills\/#primaryimage\"},\"thumbnailUrl\":\"https:\/\/stonersmeds.com\/wp-content\/uploads\/2022\/03\/crystal-meth-online.jpg\",\"datePublished\":\"2022-03-12T05:41:26+00:00\",\"dateModified\":\"2026-03-02T00:00:09+00:00\",\"description\":\"Buy Crystal Meth Online at an affordable price at stonersmeds. All products are lab qualified and have premium quality.\",\"breadcrumb\":{\"@id\":\"https:\/\/stonersmeds.com\/pl\/shop\/buy-crystal-meth-online-pills\/#breadcrumb\"},\"inLanguage\":\"pt-PT\",\"potentialAction\":[{\"@type\":\"ReadAction\",\"target\":[\"https:\/\/stonersmeds.com\/pl\/shop\/buy-crystal-meth-online-pills\/\"]}]},{\"@type\":\"ImageObject\",\"inLanguage\":\"pt-PT\",\"@id\":\"https:\/\/stonersmeds.com\/pl\/shop\/buy-crystal-meth-online-pills\/#primaryimage\",\"url\":\"https:\/\/stonersmeds.com\/wp-content\/uploads\/2022\/03\/crystal-meth-online.jpg\",\"contentUrl\":\"https:\/\/stonersmeds.com\/wp-content\/uploads\/2022\/03\/crystal-meth-online.jpg\",\"width\":600,\"height\":600},{\"@type\":\"BreadcrumbList\",\"@id\":\"https:\/\/stonersmeds.com\/pl\/shop\/buy-crystal-meth-online-pills\/#breadcrumb\",\"itemListElement\":[{\"@type\":\"ListItem\",\"position\":1,\"name\":\"Home\",\"item\":\"https:\/\/stonersmeds.com\/\"},{\"@type\":\"ListItem\",\"position\":2,\"name\":\"Shop\",\"item\":\"https:\/\/stonersmeds.com\/shop\/\"},{\"@type\":\"ListItem\",\"position\":3,\"name\":\"Buy Crystal Meth Online Pills\"}]},{\"@type\":\"WebSite\",\"@id\":\"https:\/\/stonersmeds.com\/#website\",\"url\":\"https:\/\/stonersmeds.com\/\",\"name\":\"stonersmeds.com\",\"description\":\"verschreibungspflichtige Medizin kaufen\",\"publisher\":{\"@id\":\"https:\/\/stonersmeds.com\/#organization\"},\"alternateName\":\"Research chemical shop\",\"potentialAction\":[{\"@type\":\"SearchAction\",\"target\":{\"@type\":\"EntryPoint\",\"urlTemplate\":\"https:\/\/stonersmeds.com\/?s={search_term_string}\"},\"query-input\":{\"@type\":\"PropertyValueSpecification\",\"valueRequired\":true,\"valueName\":\"search_term_string\"}}],\"inLanguage\":\"pt-PT\"},{\"@type\":\"Organization\",\"@id\":\"https:\/\/stonersmeds.com\/#organization\",\"name\":\"Stonersmeds Shop\",\"url\":\"https:\/\/stonersmeds.com\/\",\"logo\":{\"@type\":\"ImageObject\",\"inLanguage\":\"pt-PT\",\"@id\":\"https:\/\/stonersmeds.com\/#\/schema\/logo\/image\/\",\"url\":\"https:\/\/stonersmeds.com\/wp-content\/uploads\/2026\/02\/high-purity-DMT-powder.jpg\",\"contentUrl\":\"https:\/\/stonersmeds.com\/wp-content\/uploads\/2026\/02\/high-purity-DMT-powder.jpg\",\"width\":500,\"height\":500,\"caption\":\"Stonersmeds Shop\"},\"image\":{\"@id\":\"https:\/\/stonersmeds.com\/#\/schema\/logo\/image\/\"}}]}<\/script>\n<meta property=\"og:availability\" content=\"instock\" \/>\n<meta property=\"product:availability\" content=\"instock\" \/>\n<meta property=\"product:condition\" content=\"new\" \/>\n<!-- \/ Yoast SEO plugin. -->","yoast_head_json":{"title":"Comprar Crystal Meth Online Pills - Pre\u00e7o barato, Alta qualidade","description":"Compre MDPV online Online a um pre\u00e7o acess\u00edvel em stonersmeds. Todos os produtos s\u00e3o qualificados em laborat\u00f3rio e t\u00eam qualidade premium.","robots":{"index":"index","follow":"follow","max-snippet":"max-snippet:-1","max-image-preview":"max-image-preview:large","max-video-preview":"max-video-preview:-1"},"canonical":"https:\/\/stonersmeds.com\/pt\/shop\/buy-crystal-meth-online-pills\/","og_locale":"pt_PT","og_type":"article","og_title":"Buy Crystal Meth Online Pills - Cheap price, Highest quality","og_description":"Buy Crystal Meth Online at an affordable price at stonersmeds. All products are lab qualified and have premium quality.","og_url":"https:\/\/stonersmeds.com\/pt\/shop\/buy-crystal-meth-online-pills\/","og_site_name":"stonersmeds.com","article_modified_time":"2026-03-02T00:00:09+00:00","og_image":[{"width":600,"height":600,"url":"https:\/\/stonersmeds.com\/wp-content\/uploads\/2022\/03\/crystal-meth-online.jpg","type":"image\/jpeg"}],"twitter_card":"summary_large_image","twitter_misc":{"Disponibilidade":"Em stock"},"schema":{"@context":"https:\/\/schema.org","@graph":[{"@type":"WebPage","@id":"https:\/\/stonersmeds.com\/pl\/shop\/buy-crystal-meth-online-pills\/","url":"https:\/\/stonersmeds.com\/pl\/shop\/buy-crystal-meth-online-pills\/","name":"Comprar Crystal Meth Online Pills - Pre\u00e7o barato, Alta qualidade","isPartOf":{"@id":"https:\/\/stonersmeds.com\/#website"},"primaryImageOfPage":{"@id":"https:\/\/stonersmeds.com\/pl\/shop\/buy-crystal-meth-online-pills\/#primaryimage"},"image":{"@id":"https:\/\/stonersmeds.com\/pl\/shop\/buy-crystal-meth-online-pills\/#primaryimage"},"thumbnailUrl":"https:\/\/stonersmeds.com\/wp-content\/uploads\/2022\/03\/crystal-meth-online.jpg","datePublished":"2022-03-12T05:41:26+00:00","dateModified":"2026-03-02T00:00:09+00:00","description":"Compre MDPV online Online a um pre\u00e7o acess\u00edvel em stonersmeds. Todos os produtos s\u00e3o qualificados em laborat\u00f3rio e t\u00eam qualidade premium.","breadcrumb":{"@id":"https:\/\/stonersmeds.com\/pl\/shop\/buy-crystal-meth-online-pills\/#breadcrumb"},"inLanguage":"pt-PT","potentialAction":[{"@type":"ReadAction","target":["https:\/\/stonersmeds.com\/pl\/shop\/buy-crystal-meth-online-pills\/"]}]},{"@type":"ImageObject","inLanguage":"pt-PT","@id":"https:\/\/stonersmeds.com\/pl\/shop\/buy-crystal-meth-online-pills\/#primaryimage","url":"https:\/\/stonersmeds.com\/wp-content\/uploads\/2022\/03\/crystal-meth-online.jpg","contentUrl":"https:\/\/stonersmeds.com\/wp-content\/uploads\/2022\/03\/crystal-meth-online.jpg","width":600,"height":600},{"@type":"BreadcrumbList","@id":"https:\/\/stonersmeds.com\/pl\/shop\/buy-crystal-meth-online-pills\/#breadcrumb","itemListElement":[{"@type":"ListItem","position":1,"name":"Home","item":"https:\/\/stonersmeds.com\/"},{"@type":"ListItem","position":2,"name":"Shop","item":"https:\/\/stonersmeds.com\/shop\/"},{"@type":"ListItem","position":3,"name":"Buy Crystal Meth Online Pills"}]},{"@type":"WebSite","@id":"https:\/\/stonersmeds.com\/#website","url":"https:\/\/stonersmeds.com\/","name":"stonersmeds. com","description":"verschreibungspflichtige Medizin kaufen","publisher":{"@id":"https:\/\/stonersmeds.com\/#organization"},"alternateName":"Research chemical shop","potentialAction":[{"@type":"SearchAction","target":{"@type":"EntryPoint","urlTemplate":"https:\/\/stonersmeds.com\/?s={search_term_string}"},"query-input":{"@type":"PropertyValueSpecification","valueRequired":true,"valueName":"search_term_string"}}],"inLanguage":"pt-PT"},{"@type":"Organization","@id":"https:\/\/stonersmeds.com\/#organization","name":"Stonersmeds Shop","url":"https:\/\/stonersmeds.com\/","logo":{"@type":"ImageObject","inLanguage":"pt-PT","@id":"https:\/\/stonersmeds.com\/#\/schema\/logo\/image\/","url":"https:\/\/stonersmeds.com\/wp-content\/uploads\/2026\/02\/high-purity-DMT-powder.jpg","contentUrl":"https:\/\/stonersmeds.com\/wp-content\/uploads\/2026\/02\/high-purity-DMT-powder.jpg","width":500,"height":500,"caption":"Stonersmeds Shop"},"image":{"@id":"https:\/\/stonersmeds.com\/#\/schema\/logo\/image\/"}}]},"og_availability":"instock","product_availability":"instock","product_condition":"new"},"_links":{"self":[{"href":"https:\/\/stonersmeds.com\/pt\/wp-json\/wp\/v2\/product\/10132","targetHints":{"allow":["GET"]}}],"collection":[{"href":"https:\/\/stonersmeds.com\/pt\/wp-json\/wp\/v2\/product"}],"about":[{"href":"https:\/\/stonersmeds.com\/pt\/wp-json\/wp\/v2\/types\/product"}],"replies":[{"embeddable":true,"href":"https:\/\/stonersmeds.com\/pt\/wp-json\/wp\/v2\/comments?post=10132"}],"version-history":[{"count":0,"href":"https:\/\/stonersmeds.com\/pt\/wp-json\/wp\/v2\/product\/10132\/revisions"}],"wp:featuredmedia":[{"embeddable":true,"href":"https:\/\/stonersmeds.com\/pt\/wp-json\/wp\/v2\/media\/10160"}],"wp:attachment":[{"href":"https:\/\/stonersmeds.com\/pt\/wp-json\/wp\/v2\/media?parent=10132"}],"wp:term":[{"taxonomy":"product_brand","embeddable":true,"href":"https:\/\/stonersmeds.com\/pt\/wp-json\/wp\/v2\/product_brand?post=10132"},{"taxonomy":"product_cat","embeddable":true,"href":"https:\/\/stonersmeds.com\/pt\/wp-json\/wp\/v2\/product_cat?post=10132"},{"taxonomy":"product_tag","embeddable":true,"href":"https:\/\/stonersmeds.com\/pt\/wp-json\/wp\/v2\/product_tag?post=10132"},{"taxonomy":"product_brands","embeddable":true,"href":"https:\/\/stonersmeds.com\/pt\/wp-json\/wp\/v2\/product_brands?post=10132"}],"curies":[{"name":"wp","href":"https:\/\/api.w.org\/{rel}","templated":true}]}}