{"id":10285,"date":"2022-03-12T06:35:09","date_gmt":"2022-03-12T06:35:09","guid":{"rendered":"https:\/\/stonersmeds.com\/?post_type=product&#038;p=10285"},"modified":"2026-02-28T22:20:05","modified_gmt":"2026-02-28T20:20:05","slug":"buy-alpha-pvp-online","status":"publish","type":"product","link":"https:\/\/stonersmeds.com\/pt\/shop\/buy-alpha-pvp-online\/","title":{"rendered":"Compre Alfa-PVP Online"},"content":{"rendered":"<h1><b>Compre Alfa-PVP Online<\/b><\/h1>\n<p>Alpha-PVP \u00e9 um estimulante sint\u00e9tico que \u00e9 usado na \u00e1rea m\u00e9dica para o tratamento de diferentes doen\u00e7as. Alfa colocado no grupo catinona de pr\u00f3-drogas. Alpha PVP foi sintetizado pela primeira vez como uma droga de designer. Agora tornou-se muito popular entre as pessoas para outros usos, como analg\u00e9sico. Este estimulante sint\u00e9tico \u00e9 usado para atender as necessidades de pessoas que est\u00e3o usando drogas. Tornou-se popular ap\u00f3s 40 anos de seu primeiro produto que \u00e9 2000. O mais importante a notar \u00e9 que entre esses anos n\u00e3o foi usado nem por uma pequena comunidade de pessoas. Mas em 2000 e anos at\u00e9 agora, tornou-se t\u00e3o popular que quase 70% da popula\u00e7\u00e3o total do planeta est\u00e1 usando.<\/p>\n<p><b>Motivo da popularidade das drogas psicad\u00e9licas Alfa-PVP<\/b><\/p>\n<p><b>Onde comprar PVP? Alfa-PVP<\/b><\/p>\n<p>Alpha-PVP \u00e9 um membro da classe mais popular de pr\u00f3-drogas e \u00e9 usado em grande escala. A principal raz\u00e3o por tr\u00e1s de sua popularidade \u00e9 sua alta pot\u00eancia e propriedade de a\u00e7\u00e3o r\u00e1pida. Funciona agindo diretamente no sistema nervoso central como outros estimulantes.<\/p>\n<p>Mas funciona de forma muito r\u00e1pida e libera alguns horm\u00f4nios para realizar as a\u00e7\u00f5es desejadas. Alpha PVP tamb\u00e9m \u00e9 conhecido como um estimulante do sistema nervoso central devido ao seu modo de a\u00e7\u00e3o.<\/p>\n<p><b>Uso m\u00e9dico de Drogas Psicad\u00e9licas Alfa-PVP<\/b><\/p>\n<p>Alpha-PVP tamb\u00e9m ajuda a mente humana a controlar sentimentos instant\u00e2neos como felicidade, tristeza ou dor. Esta droga ajuda a mente a imaginar uma estrutura normal para funcionar normalmente sem nenhum obst\u00e1culo. Desta forma, o Alpha-PVP \u00e9 usado para obter al\u00edvio de qualquer tipo de choque.<\/p>\n<p>As pessoas est\u00e3o usando essa pr\u00f3-droga em boates e bares. Mas isso tamb\u00e9m est\u00e1 usando apenas de acordo com a prescri\u00e7\u00e3o dos m\u00e9dicos em determinados tratamentos.<\/p>\n<p>Os m\u00e9dicos est\u00e3o usando os medicamentos feitos de Alpha-PVP para tratar as pessoas. O principal uso \u00e9 para se curar de depress\u00e3o e ansiedade.<\/p>\n<p>Esses s\u00e3o alguns dos principais recursos por causa dos quais o uso do Alpha-PVP est\u00e1 aumentando dia a dia. Est\u00e1 se tornando popular em ambos os campos da vida.<\/p>\n<p><b>Como comprar um PVP\u00a0<\/b><b>\u00a0com seguran\u00e7a - Descri\u00e7\u00e3o<\/b><\/p>\n<p><strong>Nome Qu\u00edmico Completo:<\/strong>\u00a0alfa-pirrolidinopentiofenona<br \/>\n<strong>Nome IUPAC Sistem\u00e1tico<\/strong>\u00a01-Fenil-2-(1-pirrolidinil)-1-pentanona<br \/>\n<strong>N\u00famero CAS<\/strong><strong>14530-33-7<\/strong><br \/>\n<strong>N\u00famero ChemSpider<\/strong><strong>9324063<\/strong><br \/>\n<strong>F\u00f3rmula molecular<\/strong><strong>C15H21NO<\/strong><br \/>\n<strong>Massa molecular<\/strong><strong>231,333 g\/mol<\/strong><\/p>\n<p>Compre o verdadeiro a-PVP online, \u03b1-Pyrrolidinopentiophenone (alpha-pyrrolidinovalerophenone, \u03b1-PVP, alpha-PVP, O-2387, \u03b2-ketone-prolintane) \u00e9 um composto estimulante desenvolvido nos anos 60 e relacionado com a pirovalerona e \u00e9 o an\u00e1logo da cetona do prolintano.<\/p>\n<p>Nossa loja online est\u00e1 lidando com Alpha-PVP em grande escala. Voc\u00ea pode comprar seus produtos desejados a pre\u00e7os muito razo\u00e1veis. Al\u00e9m disso, voc\u00ea receber\u00e1 o produto em um curto intervalo de tempo atrav\u00e9s de nossos servi\u00e7os de entrega online.<\/p>\n<p>Buy Alpha-PVP Online &#8211; buy PVP , buy Alpha-PVP , buy PVP online, Where to Buy Alpha-PVP , Alpha-PVP for sale, PVP for sale, buy PVP online, where to Buy Alpha-PVP online , Alpha-PVP for sale in usa , USA, canada,uk, buy, online, suppliers, safe delivery, You can still get Alpha-PVP , Is Alpha-PVP legal in usa, buy Alpha-PVP online usa, how to order Alpha-PVP , Is Alpha-PVP legal in Canada<\/p>\n<p>&nbsp;<\/p>\n<pre><strong>\u00a0<\/strong><\/pre>","protected":false},"excerpt":{"rendered":"<p><strong>O que \u00e9 a-PVP?<\/strong><br \/>\nA-PVP, \u03b1-Pyrrolidinopentiophenone (alpha-pyrrolidinovalerophenone, \u03b1-PVP, alpha-PVP, O-2387, \u03b2-ketone-prolintane) \u00e9 um composto estimulante desenvolvido nos anos 60 e relacionado com a pirovalerona e \u00e9 o an\u00e1logo da cetona do prolintano.<\/p>","protected":false},"featured_media":10302,"comment_status":"closed","ping_status":"closed","template":"","meta":{"_bst_post_transparent":"","_bst_post_title":"","_bst_post_layout":"","_bst_post_sidebar_id":"","_bst_post_content_style":"","_bst_post_vertical_padding":"","_bst_post_feature":"","_bst_post_feature_position":"","_bst_post_header":false,"_bst_post_footer":false},"product_brand":[],"product_cat":[79],"product_tag":[1465,1452,1453,1454,1455,1468,1456,1470,1472,1467,1485,1471,1443,1446,1457,1463,1483,1479,1469,1478,1440,1439,1449,1484,1480,1481,1482,1441,1458,1475,1459,1450,1451,1448,1474,1464,1460,1461,1444,1477,1473,1466,1476,1442,1445,1447,1462],"product_brands":[],"class_list":{"0":"post-10285","1":"product","2":"type-product","3":"status-publish","4":"has-post-thumbnail","6":"product_cat-research-chemicals-and-bath-salt","7":"product_tag-a-phip","8":"product_tag-a-pvp-kopen","9":"product_tag-a-pvp-online","10":"product_tag-a-pvp-online-kopen","11":"product_tag-a-pvp-poeder","12":"product_tag-alpha-pihp","13":"product_tag-alpha-pvp","14":"product_tag-alpha-pvp-legal-status","15":"product_tag-alpha-pvp-vendor-in-china","16":"product_tag-alpha-pyrrolidinopentiophenone","17":"product_tag-alpha-pyrrolidinopentiophenone-cost","18":"product_tag-alpha-pyrrolidinopentiophenone-side-effects","19":"product_tag-alpha-pvp-for-sale","20":"product_tag-alpha-pvp-for-sale-in-usa","21":"product_tag-alpha-pyrrolidinovalerophenone","22":"product_tag-apvp","23":"product_tag-buy-a-pvp-crystals-online","24":"product_tag-buy-a-pvp-online","25":"product_tag-buy-alpha-pvp-drug-online","26":"product_tag-buy-alpha-pvp-online","27":"product_tag-buy-alpha-pvp","28":"product_tag-buy-alpha-pvp-online-buy-pvp","29":"product_tag-buy-alpha-pvp-online-usa","30":"product_tag-buy-apvp-in-usa","31":"product_tag-buy-apvp-overnight-shipping","32":"product_tag-buy-flakka-drug-online","33":"product_tag-buy-flakka-online","34":"product_tag-buy-pvp-online","35":"product_tag-flakka","36":"product_tag-flocka-drug-info","37":"product_tag-grind","38":"product_tag-how-to-order-alpha-pvp","39":"product_tag-is-alpha-pvp-legal-in-canada","40":"product_tag-is-alpha-pvp-legal-in-usa","41":"product_tag-list-of-synthetic-drugs","42":"product_tag-mfpvp","43":"product_tag-niff","44":"product_tag-prolintane","45":"product_tag-pvp-for-sale","46":"product_tag-pyrrolidinovalerophenone","47":"product_tag-what-is-alpha-pyrrolidinopentiophenone","48":"product_tag-what-is-flakka","49":"product_tag-what-is-flakka-drug","50":"product_tag-where-to-buy-alpha-pvp","51":"product_tag-where-to-buy-alpha-pvp-online","52":"product_tag-you-can-still-get-alpha-pvp","53":"product_tag--pvp","55":"first","56":"instock","57":"shipping-taxable","58":"purchasable","59":"product-type-simple","60":"entry","61":"content-bg","62":"loop-entry"},"tiered_pricing_type":"fixed","tiered_pricing_fixed_rules":{"50":"5","100":"4.5","500":"1.8","1000":"1.5"},"tiered_pricing_percentage_rules":[],"tiered_pricing_minimum":1,"_administrator_tiered_pricing_type":"fixed","_administrator_tiered_pricing_fixed_rules":[],"_editor_tiered_pricing_type":"fixed","_editor_tiered_pricing_fixed_rules":[],"_author_tiered_pricing_type":"fixed","_author_tiered_pricing_fixed_rules":[],"_contributor_tiered_pricing_type":"fixed","_contributor_tiered_pricing_fixed_rules":[],"_subscriber_tiered_pricing_type":"fixed","_subscriber_tiered_pricing_fixed_rules":[],"_customer_tiered_pricing_type":"fixed","_customer_tiered_pricing_fixed_rules":[],"_shop_manager_tiered_pricing_type":"fixed","_shop_manager_tiered_pricing_fixed_rules":[],"_wpseo_manager_tiered_pricing_type":"fixed","_wpseo_manager_tiered_pricing_fixed_rules":[],"_wpseo_editor_tiered_pricing_type":"fixed","_wpseo_editor_tiered_pricing_fixed_rules":[],"yoast_head":"<!-- This site is optimized with the Yoast SEO plugin v27.2 - https:\/\/yoast.com\/product\/yoast-seo-wordpress\/ -->\n<title>Buy Alpha-PVP Online - Cheap price, top quality<\/title>\n<meta name=\"description\" content=\"Buy Alpha-PVP Online at an affordable price at stonersmeds. All products are lab qualified and have premium quality.\" \/>\n<meta name=\"robots\" content=\"index, follow, max-snippet:-1, max-image-preview:large, max-video-preview:-1\" \/>\n<link rel=\"canonical\" href=\"https:\/\/stonersmeds.com\/pt\/shop\/buy-alpha-pvp-online\/\" \/>\n<meta property=\"og:locale\" content=\"pt_PT\" \/>\n<meta property=\"og:type\" content=\"article\" \/>\n<meta property=\"og:title\" content=\"Buy Alpha-PVP Online - Cheap price, top quality\" \/>\n<meta property=\"og:description\" content=\"Buy Alpha-PVP Online at an affordable price at stonersmeds. All products are lab qualified and have premium quality.\" \/>\n<meta property=\"og:url\" content=\"https:\/\/stonersmeds.com\/pt\/shop\/buy-alpha-pvp-online\/\" \/>\n<meta property=\"og:site_name\" content=\"stonersmeds.com\" \/>\n<meta property=\"article:modified_time\" content=\"2026-02-28T20:20:05+00:00\" \/>\n<meta property=\"og:image\" content=\"https:\/\/stonersmeds.com\/wp-content\/uploads\/2022\/03\/A-pvp-crystal.jpg\" \/>\n\t<meta property=\"og:image:width\" content=\"600\" \/>\n\t<meta property=\"og:image:height\" content=\"600\" \/>\n\t<meta property=\"og:image:type\" content=\"image\/jpeg\" \/>\n<meta name=\"twitter:card\" content=\"summary_large_image\" \/>\n<meta name=\"twitter:label1\" content=\"pre\u00e7o\" \/>\n\t<meta name=\"twitter:data1\" content=\"6&#036;\" \/>\n\t<meta name=\"twitter:label2\" content=\"Disponibilidade\" \/>\n\t<meta name=\"twitter:data2\" content=\"Em stock\" \/>\n<script type=\"application\/ld+json\" class=\"yoast-schema-graph\">{\"@context\":\"https:\/\/schema.org\",\"@graph\":[{\"@type\":\"WebPage\",\"@id\":\"https:\/\/stonersmeds.com\/shop\/buy-alpha-pvp-online\/\",\"url\":\"https:\/\/stonersmeds.com\/shop\/buy-alpha-pvp-online\/\",\"name\":\"Buy Alpha-PVP Online - Cheap price, top quality\",\"isPartOf\":{\"@id\":\"https:\/\/stonersmeds.com\/#website\"},\"primaryImageOfPage\":{\"@id\":\"https:\/\/stonersmeds.com\/shop\/buy-alpha-pvp-online\/#primaryimage\"},\"image\":{\"@id\":\"https:\/\/stonersmeds.com\/shop\/buy-alpha-pvp-online\/#primaryimage\"},\"thumbnailUrl\":\"https:\/\/stonersmeds.com\/wp-content\/uploads\/2022\/03\/A-pvp-crystal.jpg\",\"datePublished\":\"2022-03-12T06:35:09+00:00\",\"dateModified\":\"2026-02-28T20:20:05+00:00\",\"description\":\"Buy Alpha-PVP Online at an affordable price at stonersmeds. All products are lab qualified and have premium quality.\",\"breadcrumb\":{\"@id\":\"https:\/\/stonersmeds.com\/shop\/buy-alpha-pvp-online\/#breadcrumb\"},\"inLanguage\":\"pt-PT\",\"potentialAction\":[{\"@type\":\"ReadAction\",\"target\":[\"https:\/\/stonersmeds.com\/shop\/buy-alpha-pvp-online\/\"]}]},{\"@type\":\"ImageObject\",\"inLanguage\":\"pt-PT\",\"@id\":\"https:\/\/stonersmeds.com\/shop\/buy-alpha-pvp-online\/#primaryimage\",\"url\":\"https:\/\/stonersmeds.com\/wp-content\/uploads\/2022\/03\/A-pvp-crystal.jpg\",\"contentUrl\":\"https:\/\/stonersmeds.com\/wp-content\/uploads\/2022\/03\/A-pvp-crystal.jpg\",\"width\":600,\"height\":600},{\"@type\":\"BreadcrumbList\",\"@id\":\"https:\/\/stonersmeds.com\/shop\/buy-alpha-pvp-online\/#breadcrumb\",\"itemListElement\":[{\"@type\":\"ListItem\",\"position\":1,\"name\":\"Home\",\"item\":\"https:\/\/stonersmeds.com\/\"},{\"@type\":\"ListItem\",\"position\":2,\"name\":\"Shop\",\"item\":\"https:\/\/stonersmeds.com\/shop\/\"},{\"@type\":\"ListItem\",\"position\":3,\"name\":\"Buy Alpha-PVP Online\"}]},{\"@type\":\"WebSite\",\"@id\":\"https:\/\/stonersmeds.com\/#website\",\"url\":\"https:\/\/stonersmeds.com\/\",\"name\":\"stonersmeds.com\",\"description\":\"verschreibungspflichtige Medizin kaufen\",\"publisher\":{\"@id\":\"https:\/\/stonersmeds.com\/#organization\"},\"alternateName\":\"Research chemical shop\",\"potentialAction\":[{\"@type\":\"SearchAction\",\"target\":{\"@type\":\"EntryPoint\",\"urlTemplate\":\"https:\/\/stonersmeds.com\/?s={search_term_string}\"},\"query-input\":{\"@type\":\"PropertyValueSpecification\",\"valueRequired\":true,\"valueName\":\"search_term_string\"}}],\"inLanguage\":\"pt-PT\"},{\"@type\":\"Organization\",\"@id\":\"https:\/\/stonersmeds.com\/#organization\",\"name\":\"Stonersmeds Shop\",\"url\":\"https:\/\/stonersmeds.com\/\",\"logo\":{\"@type\":\"ImageObject\",\"inLanguage\":\"pt-PT\",\"@id\":\"https:\/\/stonersmeds.com\/#\/schema\/logo\/image\/\",\"url\":\"https:\/\/stonersmeds.com\/wp-content\/uploads\/2026\/02\/high-purity-DMT-powder.jpg\",\"contentUrl\":\"https:\/\/stonersmeds.com\/wp-content\/uploads\/2026\/02\/high-purity-DMT-powder.jpg\",\"width\":500,\"height\":500,\"caption\":\"Stonersmeds Shop\"},\"image\":{\"@id\":\"https:\/\/stonersmeds.com\/#\/schema\/logo\/image\/\"}}]}<\/script>\n<meta property=\"product:price:amount\" content=\"6.00\" \/>\n<meta property=\"product:price:currency\" content=\"USD\" \/>\n<meta property=\"og:availability\" content=\"instock\" \/>\n<meta property=\"product:availability\" content=\"instock\" \/>\n<meta property=\"product:condition\" content=\"new\" \/>\n<!-- \/ Yoast SEO plugin. -->","yoast_head_json":{"title":"Compre Alpha-PVP Online - Pre\u00e7o barato, qualidade superior","description":"Compre Alpha-PVP Online a um pre\u00e7o acess\u00edvel em stonersmeds. Todos os produtos s\u00e3o qualificados em laborat\u00f3rio e t\u00eam qualidade premium.","robots":{"index":"index","follow":"follow","max-snippet":"max-snippet:-1","max-image-preview":"max-image-preview:large","max-video-preview":"max-video-preview:-1"},"canonical":"https:\/\/stonersmeds.com\/pt\/shop\/buy-alpha-pvp-online\/","og_locale":"pt_PT","og_type":"article","og_title":"Buy Alpha-PVP Online - Cheap price, top quality","og_description":"Buy Alpha-PVP Online at an affordable price at stonersmeds. All products are lab qualified and have premium quality.","og_url":"https:\/\/stonersmeds.com\/pt\/shop\/buy-alpha-pvp-online\/","og_site_name":"stonersmeds.com","article_modified_time":"2026-02-28T20:20:05+00:00","og_image":[{"width":600,"height":600,"url":"https:\/\/stonersmeds.com\/wp-content\/uploads\/2022\/03\/A-pvp-crystal.jpg","type":"image\/jpeg"}],"twitter_card":"summary_large_image","twitter_misc":{"pre\u00e7o":"6&#36;","Disponibilidade":"Em stock"},"schema":{"@context":"https:\/\/schema.org","@graph":[{"@type":"WebPage","@id":"https:\/\/stonersmeds.com\/shop\/buy-alpha-pvp-online\/","url":"https:\/\/stonersmeds.com\/shop\/buy-alpha-pvp-online\/","name":"Compre Alpha-PVP Online - Pre\u00e7o barato, qualidade superior","isPartOf":{"@id":"https:\/\/stonersmeds.com\/#website"},"primaryImageOfPage":{"@id":"https:\/\/stonersmeds.com\/shop\/buy-alpha-pvp-online\/#primaryimage"},"image":{"@id":"https:\/\/stonersmeds.com\/shop\/buy-alpha-pvp-online\/#primaryimage"},"thumbnailUrl":"https:\/\/stonersmeds.com\/wp-content\/uploads\/2022\/03\/A-pvp-crystal.jpg","datePublished":"2022-03-12T06:35:09+00:00","dateModified":"2026-02-28T20:20:05+00:00","description":"Compre Alpha-PVP Online a um pre\u00e7o acess\u00edvel em stonersmeds. Todos os produtos s\u00e3o qualificados em laborat\u00f3rio e t\u00eam qualidade premium.","breadcrumb":{"@id":"https:\/\/stonersmeds.com\/shop\/buy-alpha-pvp-online\/#breadcrumb"},"inLanguage":"pt-PT","potentialAction":[{"@type":"ReadAction","target":["https:\/\/stonersmeds.com\/shop\/buy-alpha-pvp-online\/"]}]},{"@type":"ImageObject","inLanguage":"pt-PT","@id":"https:\/\/stonersmeds.com\/shop\/buy-alpha-pvp-online\/#primaryimage","url":"https:\/\/stonersmeds.com\/wp-content\/uploads\/2022\/03\/A-pvp-crystal.jpg","contentUrl":"https:\/\/stonersmeds.com\/wp-content\/uploads\/2022\/03\/A-pvp-crystal.jpg","width":600,"height":600},{"@type":"BreadcrumbList","@id":"https:\/\/stonersmeds.com\/shop\/buy-alpha-pvp-online\/#breadcrumb","itemListElement":[{"@type":"ListItem","position":1,"name":"Home","item":"https:\/\/stonersmeds.com\/"},{"@type":"ListItem","position":2,"name":"Shop","item":"https:\/\/stonersmeds.com\/shop\/"},{"@type":"ListItem","position":3,"name":"Buy Alpha-PVP Online"}]},{"@type":"WebSite","@id":"https:\/\/stonersmeds.com\/#website","url":"https:\/\/stonersmeds.com\/","name":"stonersmeds. com","description":"verschreibungspflichtige Medizin kaufen","publisher":{"@id":"https:\/\/stonersmeds.com\/#organization"},"alternateName":"Research chemical shop","potentialAction":[{"@type":"SearchAction","target":{"@type":"EntryPoint","urlTemplate":"https:\/\/stonersmeds.com\/?s={search_term_string}"},"query-input":{"@type":"PropertyValueSpecification","valueRequired":true,"valueName":"search_term_string"}}],"inLanguage":"pt-PT"},{"@type":"Organization","@id":"https:\/\/stonersmeds.com\/#organization","name":"Stonersmeds Shop","url":"https:\/\/stonersmeds.com\/","logo":{"@type":"ImageObject","inLanguage":"pt-PT","@id":"https:\/\/stonersmeds.com\/#\/schema\/logo\/image\/","url":"https:\/\/stonersmeds.com\/wp-content\/uploads\/2026\/02\/high-purity-DMT-powder.jpg","contentUrl":"https:\/\/stonersmeds.com\/wp-content\/uploads\/2026\/02\/high-purity-DMT-powder.jpg","width":500,"height":500,"caption":"Stonersmeds Shop"},"image":{"@id":"https:\/\/stonersmeds.com\/#\/schema\/logo\/image\/"}}]},"product_price_amount":"6.00","product_price_currency":"USD","og_availability":"instock","product_availability":"instock","product_condition":"new"},"_links":{"self":[{"href":"https:\/\/stonersmeds.com\/pt\/wp-json\/wp\/v2\/product\/10285","targetHints":{"allow":["GET"]}}],"collection":[{"href":"https:\/\/stonersmeds.com\/pt\/wp-json\/wp\/v2\/product"}],"about":[{"href":"https:\/\/stonersmeds.com\/pt\/wp-json\/wp\/v2\/types\/product"}],"replies":[{"embeddable":true,"href":"https:\/\/stonersmeds.com\/pt\/wp-json\/wp\/v2\/comments?post=10285"}],"version-history":[{"count":0,"href":"https:\/\/stonersmeds.com\/pt\/wp-json\/wp\/v2\/product\/10285\/revisions"}],"wp:featuredmedia":[{"embeddable":true,"href":"https:\/\/stonersmeds.com\/pt\/wp-json\/wp\/v2\/media\/10302"}],"wp:attachment":[{"href":"https:\/\/stonersmeds.com\/pt\/wp-json\/wp\/v2\/media?parent=10285"}],"wp:term":[{"taxonomy":"product_brand","embeddable":true,"href":"https:\/\/stonersmeds.com\/pt\/wp-json\/wp\/v2\/product_brand?post=10285"},{"taxonomy":"product_cat","embeddable":true,"href":"https:\/\/stonersmeds.com\/pt\/wp-json\/wp\/v2\/product_cat?post=10285"},{"taxonomy":"product_tag","embeddable":true,"href":"https:\/\/stonersmeds.com\/pt\/wp-json\/wp\/v2\/product_tag?post=10285"},{"taxonomy":"product_brands","embeddable":true,"href":"https:\/\/stonersmeds.com\/pt\/wp-json\/wp\/v2\/product_brands?post=10285"}],"curies":[{"name":"wp","href":"https:\/\/api.w.org\/{rel}","templated":true}]}}