{"id":10342,"date":"2022-03-12T06:55:58","date_gmt":"2022-03-12T06:55:58","guid":{"rendered":"https:\/\/stonersmeds.com\/?post_type=product&#038;p=10342"},"modified":"2026-02-22T10:30:46","modified_gmt":"2026-02-22T08:30:46","slug":"buy-cheap-clonazolam-powder-online","status":"publish","type":"product","link":"https:\/\/stonersmeds.com\/pt\/shop\/buy-cheap-clonazolam-powder-online\/","title":{"rendered":"Compre o p\u00f3 de clonazolam barato online"},"content":{"rendered":"<h1><b>Comprar Clonazolam em P\u00f3 Online<\/b><\/h1>\n<p>Clonazolam em p\u00f3 \u00e9 um membro da s\u00e9rie de benzodiazepinas de pr\u00f3-drogas que s\u00e3o usadas em muitas situa\u00e7\u00f5es para diferentes fins para os seres humanos. Foi sintetizado pela primeira vez em 1971 como uma droga de designer. Nos \u00faltimos anos, tornou-se uma das drogas mais usadas no mundo devido \u00e0s suas propriedades \u00fanicas. Actualmente, \u00e9 utilizada como produto qu\u00edmico de investiga\u00e7\u00e3o, bem como no tratamento de diferentes doen\u00e7as.<\/p>\n<h3><b>Actividade do Clonazolam em p\u00f3<\/b><\/h3>\n<p>O clonazolam em p\u00f3 tamb\u00e9m \u00e9 uma droga psicoativa como outras benzodiazepinas e tamb\u00e9m funciona de maneira semelhante a todas essas pr\u00f3-drogas. Tem alto potencial do que outras pr\u00f3-drogas da s\u00e9rie de benzodiazep\u00ednicos.<\/p>\n<p>Al\u00e9m disso, funciona da mesma forma que todos os pr\u00f3-f\u00e1rmacos, mas \u00e9 mais r\u00e1pido do que todos os pr\u00f3-f\u00e1rmacos n\u00e3o s\u00f3 desta fam\u00edlia, mas tamb\u00e9m de outras fam\u00edlias de pr\u00f3-f\u00e1rmacos. Funciona afectando directamente o sistema de neurotransmissores do c\u00e9rebro humano.<\/p>\n<p>Esta ac\u00e7\u00e3o aumenta alguns qu\u00edmicos espec\u00edficos para realizar a fun\u00e7\u00e3o em quest\u00e3o. Tamb\u00e9m \u00e9 utilizado para relaxar os m\u00fasculos, proporcionando um sono adequado.<\/p>\n<p>O p\u00f3 de clonazolam fornece o sono adequado ao corpo humano. \u00c9 usado por quase todos os m\u00e9dicos ao lidar com o paciente que \u00e9 afetado pela ins\u00f4nia. Os m\u00e9dicos tamb\u00e9m est\u00e3o a us\u00e1-lo em opera\u00e7\u00f5es cir\u00fargicas onde querem que o paciente fique inconsciente.<\/p>\n<p>Esta pr\u00f3-droga tamb\u00e9m ajuda os m\u00e9dicos a manter o doente afastado de outras drogas. Tamb\u00e9m \u00e9 utilizado para retirar o \u00e1lcool de todo o corpo atrav\u00e9s de diferentes processos. O clonazolam \u00e9 um medicamento muito bom, mas apenas quando \u00e9 utilizado de acordo com as necessidades do organismo e com a prescri\u00e7\u00e3o m\u00e9dica.<\/p>\n<p>O p\u00f3 de clonazolam n\u00e3o \u00e9 bom para a sa\u00fade humana quando usado por um longo intervalo de tempo. Pode prejudicar gravemente a sa\u00fade humana e afectar o sistema de neur\u00f3nios do c\u00e9rebro humano.<\/p>\n<p>A nossa loja online est\u00e1 a fornecer Clonazolam a pre\u00e7os muito baixos. A nossa loja tamb\u00e9m oferece a entrega do produto num prazo muito curto.<\/p>\n<p>&nbsp;<\/p>\n<p>&nbsp;<\/p>\n<pre><strong>Comprar Clonazolam Powder barato online - comprar Powder , comprar Clonazolam Powder barato , comprar Clonazolam Powder online, Onde comprar Clonazolam Powder barato , Clonazolam Powder barato para venda, Powder para venda, comprar Clonazolam barato online, onde comprar Clonazolam Powder barato online , Clonazolam Powder barato para venda nos eua , EUA, Canad\u00e1, Reino Unido, comprar, online, fornecedores, entrega segura, Voc\u00ea ainda pode obter Clonazolam Powder barato , Is Cheap Clonazolam Powder legal in usa, buy Cheap Clonazolam Powder online usa, como encomendar Clonazolam Powder barato , Is Cheap Clonazolam Powder legal in Canada<\/strong><\/pre>","protected":false},"excerpt":{"rendered":"<p>Comprar clonazolam em p\u00f3 barato online. O Clonazolam cont\u00e9m um anel de benzeno fundido com um anel de 1,2,4-triazol, mas \u00e9 estruturalmente id\u00eantico ao Clonazepam Para que \u00e9 utilizado o Clonazolam? O Clonazolam est\u00e1 actualmente dispon\u00edvel apenas como material de investiga\u00e7\u00e3o e n\u00e3o se destina ao consumo humano.<\/p>\n<pre><strong>Comprar Clonazolam Powder barato online - comprar Powder , comprar Clonazolam Powder barato , comprar Clonazolam Powder online, Onde comprar Clonazolam Powder barato , Clonazolam Powder barato para venda, Powder para venda, comprar Clonazolam barato online, onde comprar Clonazolam Powder barato online , Clonazolam Powder barato para venda nos eua , EUA, Canad\u00e1, Reino Unido, comprar, online, fornecedores, entrega segura, Voc\u00ea ainda pode obter Clonazolam Powder barato , Is Cheap Clonazolam Powder legal in usa, buy Cheap Clonazolam Powder online usa, como encomendar Clonazolam Powder barato , Is Cheap Clonazolam Powder legal in Canada<\/strong><\/pre>","protected":false},"featured_media":10350,"comment_status":"open","ping_status":"closed","template":"","meta":{"_bst_post_transparent":"","_bst_post_title":"","_bst_post_layout":"","_bst_post_sidebar_id":"","_bst_post_content_style":"","_bst_post_vertical_padding":"","_bst_post_feature":"","_bst_post_feature_position":"","_bst_post_header":false,"_bst_post_footer":false},"product_brand":[],"product_cat":[79],"product_tag":[],"product_brands":[],"class_list":{"0":"post-10342","1":"product","2":"type-product","3":"status-publish","4":"has-post-thumbnail","6":"product_cat-research-chemicals-and-bath-salt","8":"first","9":"instock","10":"shipping-taxable","11":"purchasable","12":"product-type-variable","13":"entry","14":"content-bg","15":"loop-entry"},"tiered_pricing_type":"fixed","tiered_pricing_fixed_rules":[],"tiered_pricing_percentage_rules":[],"tiered_pricing_minimum":1,"_administrator_tiered_pricing_type":"fixed","_administrator_tiered_pricing_fixed_rules":[],"_editor_tiered_pricing_type":"fixed","_editor_tiered_pricing_fixed_rules":[],"_author_tiered_pricing_type":"fixed","_author_tiered_pricing_fixed_rules":[],"_contributor_tiered_pricing_type":"fixed","_contributor_tiered_pricing_fixed_rules":[],"_subscriber_tiered_pricing_type":"fixed","_subscriber_tiered_pricing_fixed_rules":[],"_customer_tiered_pricing_type":"fixed","_customer_tiered_pricing_fixed_rules":[],"_shop_manager_tiered_pricing_type":"fixed","_shop_manager_tiered_pricing_fixed_rules":[],"_wpseo_manager_tiered_pricing_type":"fixed","_wpseo_manager_tiered_pricing_fixed_rules":[],"_wpseo_editor_tiered_pricing_type":"fixed","_wpseo_editor_tiered_pricing_fixed_rules":[],"yoast_head":"<!-- This site is optimized with the Yoast SEO plugin v27.2 - https:\/\/yoast.com\/product\/yoast-seo-wordpress\/ -->\n<title>Buy Cheap Clonazolam Powder Online - Cheap price, top quality<\/title>\n<meta name=\"description\" content=\"Buy Clonazolam Powder Online at an affordable price at stonersmeds. All products are lab qualified and have premium quality.\" \/>\n<meta name=\"robots\" content=\"index, follow, max-snippet:-1, max-image-preview:large, max-video-preview:-1\" \/>\n<link rel=\"canonical\" href=\"https:\/\/stonersmeds.com\/pt\/shop\/buy-cheap-clonazolam-powder-online\/\" \/>\n<meta property=\"og:locale\" content=\"pt_PT\" \/>\n<meta property=\"og:type\" content=\"article\" \/>\n<meta property=\"og:title\" content=\"Buy Cheap Clonazolam Powder Online - Cheap price, top quality\" \/>\n<meta property=\"og:description\" content=\"Buy Clonazolam Powder Online at an affordable price at stonersmeds. All products are lab qualified and have premium quality.\" \/>\n<meta property=\"og:url\" content=\"https:\/\/stonersmeds.com\/pt\/shop\/buy-cheap-clonazolam-powder-online\/\" \/>\n<meta property=\"og:site_name\" content=\"stonersmeds.com\" \/>\n<meta property=\"article:modified_time\" content=\"2026-02-22T08:30:46+00:00\" \/>\n<meta property=\"og:image\" content=\"https:\/\/stonersmeds.com\/wp-content\/uploads\/2022\/03\/Buy-cheap-clonazolam-powder-online.jpg\" \/>\n\t<meta property=\"og:image:width\" content=\"600\" \/>\n\t<meta property=\"og:image:height\" content=\"600\" \/>\n\t<meta property=\"og:image:type\" content=\"image\/jpeg\" \/>\n<meta name=\"twitter:card\" content=\"summary_large_image\" \/>\n<meta name=\"twitter:label1\" content=\"Disponibilidade\" \/>\n\t<meta name=\"twitter:data1\" content=\"Em stock\" \/>\n<script type=\"application\/ld+json\" class=\"yoast-schema-graph\">{\"@context\":\"https:\/\/schema.org\",\"@graph\":[{\"@type\":\"WebPage\",\"@id\":\"https:\/\/stonersmeds.com\/shop\/buy-cheap-clonazolam-powder-online\/\",\"url\":\"https:\/\/stonersmeds.com\/shop\/buy-cheap-clonazolam-powder-online\/\",\"name\":\"Buy Cheap Clonazolam Powder Online - Cheap price, top quality\",\"isPartOf\":{\"@id\":\"https:\/\/stonersmeds.com\/#website\"},\"primaryImageOfPage\":{\"@id\":\"https:\/\/stonersmeds.com\/shop\/buy-cheap-clonazolam-powder-online\/#primaryimage\"},\"image\":{\"@id\":\"https:\/\/stonersmeds.com\/shop\/buy-cheap-clonazolam-powder-online\/#primaryimage\"},\"thumbnailUrl\":\"https:\/\/stonersmeds.com\/wp-content\/uploads\/2022\/03\/Buy-cheap-clonazolam-powder-online.jpg\",\"datePublished\":\"2022-03-12T06:55:58+00:00\",\"dateModified\":\"2026-02-22T08:30:46+00:00\",\"description\":\"Buy Clonazolam Powder Online at an affordable price at stonersmeds. All products are lab qualified and have premium quality.\",\"breadcrumb\":{\"@id\":\"https:\/\/stonersmeds.com\/shop\/buy-cheap-clonazolam-powder-online\/#breadcrumb\"},\"inLanguage\":\"pt-PT\",\"potentialAction\":[{\"@type\":\"ReadAction\",\"target\":[\"https:\/\/stonersmeds.com\/shop\/buy-cheap-clonazolam-powder-online\/\"]}]},{\"@type\":\"ImageObject\",\"inLanguage\":\"pt-PT\",\"@id\":\"https:\/\/stonersmeds.com\/shop\/buy-cheap-clonazolam-powder-online\/#primaryimage\",\"url\":\"https:\/\/stonersmeds.com\/wp-content\/uploads\/2022\/03\/Buy-cheap-clonazolam-powder-online.jpg\",\"contentUrl\":\"https:\/\/stonersmeds.com\/wp-content\/uploads\/2022\/03\/Buy-cheap-clonazolam-powder-online.jpg\",\"width\":600,\"height\":600},{\"@type\":\"BreadcrumbList\",\"@id\":\"https:\/\/stonersmeds.com\/shop\/buy-cheap-clonazolam-powder-online\/#breadcrumb\",\"itemListElement\":[{\"@type\":\"ListItem\",\"position\":1,\"name\":\"Home\",\"item\":\"https:\/\/stonersmeds.com\/\"},{\"@type\":\"ListItem\",\"position\":2,\"name\":\"Shop\",\"item\":\"https:\/\/stonersmeds.com\/shop\/\"},{\"@type\":\"ListItem\",\"position\":3,\"name\":\"Buy Cheap Clonazolam Powder Online\"}]},{\"@type\":\"WebSite\",\"@id\":\"https:\/\/stonersmeds.com\/#website\",\"url\":\"https:\/\/stonersmeds.com\/\",\"name\":\"stonersmeds.com\",\"description\":\"verschreibungspflichtige Medizin kaufen\",\"publisher\":{\"@id\":\"https:\/\/stonersmeds.com\/#organization\"},\"alternateName\":\"Research chemical shop\",\"potentialAction\":[{\"@type\":\"SearchAction\",\"target\":{\"@type\":\"EntryPoint\",\"urlTemplate\":\"https:\/\/stonersmeds.com\/?s={search_term_string}\"},\"query-input\":{\"@type\":\"PropertyValueSpecification\",\"valueRequired\":true,\"valueName\":\"search_term_string\"}}],\"inLanguage\":\"pt-PT\"},{\"@type\":\"Organization\",\"@id\":\"https:\/\/stonersmeds.com\/#organization\",\"name\":\"Stonersmeds Shop\",\"url\":\"https:\/\/stonersmeds.com\/\",\"logo\":{\"@type\":\"ImageObject\",\"inLanguage\":\"pt-PT\",\"@id\":\"https:\/\/stonersmeds.com\/#\/schema\/logo\/image\/\",\"url\":\"https:\/\/stonersmeds.com\/wp-content\/uploads\/2026\/02\/high-purity-DMT-powder.jpg\",\"contentUrl\":\"https:\/\/stonersmeds.com\/wp-content\/uploads\/2026\/02\/high-purity-DMT-powder.jpg\",\"width\":500,\"height\":500,\"caption\":\"Stonersmeds Shop\"},\"image\":{\"@id\":\"https:\/\/stonersmeds.com\/#\/schema\/logo\/image\/\"}}]}<\/script>\n<meta property=\"og:availability\" content=\"instock\" \/>\n<meta property=\"product:availability\" content=\"instock\" \/>\n<meta property=\"product:condition\" content=\"new\" \/>\n<!-- \/ Yoast SEO plugin. -->","yoast_head_json":{"title":"Comprar Clonazolam em P\u00f3 Barato Online - Pre\u00e7o barato, qualidade superior","description":"Comprar Clonazolam Powder Online a um pre\u00e7o acess\u00edvel na stonersmeds. Todos os produtos s\u00e3o qualificados em laborat\u00f3rio e t\u00eam qualidade premium.","robots":{"index":"index","follow":"follow","max-snippet":"max-snippet:-1","max-image-preview":"max-image-preview:large","max-video-preview":"max-video-preview:-1"},"canonical":"https:\/\/stonersmeds.com\/pt\/shop\/buy-cheap-clonazolam-powder-online\/","og_locale":"pt_PT","og_type":"article","og_title":"Buy Cheap Clonazolam Powder Online - Cheap price, top quality","og_description":"Buy Clonazolam Powder Online at an affordable price at stonersmeds. All products are lab qualified and have premium quality.","og_url":"https:\/\/stonersmeds.com\/pt\/shop\/buy-cheap-clonazolam-powder-online\/","og_site_name":"stonersmeds.com","article_modified_time":"2026-02-22T08:30:46+00:00","og_image":[{"width":600,"height":600,"url":"https:\/\/stonersmeds.com\/wp-content\/uploads\/2022\/03\/Buy-cheap-clonazolam-powder-online.jpg","type":"image\/jpeg"}],"twitter_card":"summary_large_image","twitter_misc":{"Disponibilidade":"Em stock"},"schema":{"@context":"https:\/\/schema.org","@graph":[{"@type":"WebPage","@id":"https:\/\/stonersmeds.com\/shop\/buy-cheap-clonazolam-powder-online\/","url":"https:\/\/stonersmeds.com\/shop\/buy-cheap-clonazolam-powder-online\/","name":"Comprar Clonazolam em P\u00f3 Barato Online - Pre\u00e7o barato, qualidade superior","isPartOf":{"@id":"https:\/\/stonersmeds.com\/#website"},"primaryImageOfPage":{"@id":"https:\/\/stonersmeds.com\/shop\/buy-cheap-clonazolam-powder-online\/#primaryimage"},"image":{"@id":"https:\/\/stonersmeds.com\/shop\/buy-cheap-clonazolam-powder-online\/#primaryimage"},"thumbnailUrl":"https:\/\/stonersmeds.com\/wp-content\/uploads\/2022\/03\/Buy-cheap-clonazolam-powder-online.jpg","datePublished":"2022-03-12T06:55:58+00:00","dateModified":"2026-02-22T08:30:46+00:00","description":"Comprar Clonazolam Powder Online a um pre\u00e7o acess\u00edvel na stonersmeds. Todos os produtos s\u00e3o qualificados em laborat\u00f3rio e t\u00eam qualidade premium.","breadcrumb":{"@id":"https:\/\/stonersmeds.com\/shop\/buy-cheap-clonazolam-powder-online\/#breadcrumb"},"inLanguage":"pt-PT","potentialAction":[{"@type":"ReadAction","target":["https:\/\/stonersmeds.com\/shop\/buy-cheap-clonazolam-powder-online\/"]}]},{"@type":"ImageObject","inLanguage":"pt-PT","@id":"https:\/\/stonersmeds.com\/shop\/buy-cheap-clonazolam-powder-online\/#primaryimage","url":"https:\/\/stonersmeds.com\/wp-content\/uploads\/2022\/03\/Buy-cheap-clonazolam-powder-online.jpg","contentUrl":"https:\/\/stonersmeds.com\/wp-content\/uploads\/2022\/03\/Buy-cheap-clonazolam-powder-online.jpg","width":600,"height":600},{"@type":"BreadcrumbList","@id":"https:\/\/stonersmeds.com\/shop\/buy-cheap-clonazolam-powder-online\/#breadcrumb","itemListElement":[{"@type":"ListItem","position":1,"name":"Home","item":"https:\/\/stonersmeds.com\/"},{"@type":"ListItem","position":2,"name":"Shop","item":"https:\/\/stonersmeds.com\/shop\/"},{"@type":"ListItem","position":3,"name":"Buy Cheap Clonazolam Powder Online"}]},{"@type":"WebSite","@id":"https:\/\/stonersmeds.com\/#website","url":"https:\/\/stonersmeds.com\/","name":"stonersmeds. com","description":"verschreibungspflichtige Medizin kaufen","publisher":{"@id":"https:\/\/stonersmeds.com\/#organization"},"alternateName":"Research chemical shop","potentialAction":[{"@type":"SearchAction","target":{"@type":"EntryPoint","urlTemplate":"https:\/\/stonersmeds.com\/?s={search_term_string}"},"query-input":{"@type":"PropertyValueSpecification","valueRequired":true,"valueName":"search_term_string"}}],"inLanguage":"pt-PT"},{"@type":"Organization","@id":"https:\/\/stonersmeds.com\/#organization","name":"Stonersmeds Shop","url":"https:\/\/stonersmeds.com\/","logo":{"@type":"ImageObject","inLanguage":"pt-PT","@id":"https:\/\/stonersmeds.com\/#\/schema\/logo\/image\/","url":"https:\/\/stonersmeds.com\/wp-content\/uploads\/2026\/02\/high-purity-DMT-powder.jpg","contentUrl":"https:\/\/stonersmeds.com\/wp-content\/uploads\/2026\/02\/high-purity-DMT-powder.jpg","width":500,"height":500,"caption":"Stonersmeds Shop"},"image":{"@id":"https:\/\/stonersmeds.com\/#\/schema\/logo\/image\/"}}]},"og_availability":"instock","product_availability":"instock","product_condition":"new"},"_links":{"self":[{"href":"https:\/\/stonersmeds.com\/pt\/wp-json\/wp\/v2\/product\/10342","targetHints":{"allow":["GET"]}}],"collection":[{"href":"https:\/\/stonersmeds.com\/pt\/wp-json\/wp\/v2\/product"}],"about":[{"href":"https:\/\/stonersmeds.com\/pt\/wp-json\/wp\/v2\/types\/product"}],"replies":[{"embeddable":true,"href":"https:\/\/stonersmeds.com\/pt\/wp-json\/wp\/v2\/comments?post=10342"}],"version-history":[{"count":0,"href":"https:\/\/stonersmeds.com\/pt\/wp-json\/wp\/v2\/product\/10342\/revisions"}],"wp:featuredmedia":[{"embeddable":true,"href":"https:\/\/stonersmeds.com\/pt\/wp-json\/wp\/v2\/media\/10350"}],"wp:attachment":[{"href":"https:\/\/stonersmeds.com\/pt\/wp-json\/wp\/v2\/media?parent=10342"}],"wp:term":[{"taxonomy":"product_brand","embeddable":true,"href":"https:\/\/stonersmeds.com\/pt\/wp-json\/wp\/v2\/product_brand?post=10342"},{"taxonomy":"product_cat","embeddable":true,"href":"https:\/\/stonersmeds.com\/pt\/wp-json\/wp\/v2\/product_cat?post=10342"},{"taxonomy":"product_tag","embeddable":true,"href":"https:\/\/stonersmeds.com\/pt\/wp-json\/wp\/v2\/product_tag?post=10342"},{"taxonomy":"product_brands","embeddable":true,"href":"https:\/\/stonersmeds.com\/pt\/wp-json\/wp\/v2\/product_brands?post=10342"}],"curies":[{"name":"wp","href":"https:\/\/api.w.org\/{rel}","templated":true}]}}