{"id":10523,"date":"2022-03-12T08:09:29","date_gmt":"2022-03-12T08:09:29","guid":{"rendered":"https:\/\/stonersmeds.com\/?post_type=product&#038;p=10523"},"modified":"2026-02-21T14:50:05","modified_gmt":"2026-02-21T12:50:05","slug":"buy-sparkle-bath-salt-online","status":"publish","type":"product","link":"https:\/\/stonersmeds.com\/pt\/shop\/buy-sparkle-bath-salt-online\/","title":{"rendered":"Comprar sal de banho Sparkle Online"},"content":{"rendered":"<h1>Comprar sal de banho Sparkle Online<\/h1>\n<p>Os nossos sais de banho transformam o banho de casual em relaxante. Esta ess\u00eancia de banho premium cont\u00e9m sal do Mar Morto e sal ingl\u00eas, que t\u00eam um efeito desintoxicante, enquanto o leite de coco em p\u00f3 calmante, a prote\u00edna de aveia e a argila de caulino suavizam e nutrem a pele. Os \u00f3leos de eucalipto, zimbro e lavanda promovem o relaxamento, melhoram o sono e t\u00eam benef\u00edcios de aromaterapia para melhorar o humor.<\/p>\n<p>SPARKLING BATH SALTS \u00e9 embalado num frasco de vidro de 10 on\u00e7as envolto em algas tecidas. O interior da tampa funciona como um copo de medi\u00e7\u00e3o para o sal.<\/p>\n<p>A bolsa ZERO WASTE REFILL compost\u00e1vel da Home \u00e9 a nossa resposta aos sacos de pl\u00e1stico de sal de banho de utiliza\u00e7\u00e3o \u00fanica. A certifica\u00e7\u00e3o OK HOME Austria (impressa no fundo de cada saco) garante que \u00e9 completamente biodegrad\u00e1vel, mesmo na pilha de compostagem do seu quintal. Um saco ZERO WASTE REFILL cont\u00e9m 10 on\u00e7as de sal.<\/p>\n<p>&nbsp;<\/p>\n<pre><strong>Comprar Sparkle Bath Salt Online - comprar Sparkle Bath Salt , comprar Sparkle Bath Salt usa , comprar Sparkle Bath Salt online USA , Onde comprar Sparkle Bath Salt , Sparkle Bath Salt para venda, Sparkle Bath Salt para venda perto de mim , comprar Sparkle Bath Salt online perto de mim , onde comprar Sparkle Bath Salt online , Sparkle Bath Salt \u00e0 venda em USA , USA, Canad\u00e1, Reino Unido, comprar, online, fornecedores, entrega segura, Voc\u00ea ainda pode obter Sparkle Bath Salt , Is Sparkle Bath Salt legal in usa, buy Sparkle Bath Salt online usa, how to order Sparkle Bath Salt , Is Sparkle Bath Salt legal in Canada<\/strong><\/pre>","protected":false},"excerpt":{"rendered":"<p>Comprar Sais de Banho Sparkle para venda no Reino Unido, Europa e Austr\u00e1lia. Fornecemos as ofertas mais fi\u00e1veis e vendemos a pre\u00e7os muito competitivos. Encomendar Sparkle sais de banho agora ao melhor pre\u00e7o<\/p>\n<p>Sais de banho concentrados de alta qualidade. Uma colec\u00e7\u00e3o essencial que a far\u00e1 sentir-se BRILHANTE como uma estrela cintilante<\/p>\n<pre><strong>Comprar Sparkle Bath Salt Online - comprar Sparkle Bath Salt , comprar Sparkle Bath Salt usa , comprar Sparkle Bath Salt online USA , Onde comprar Sparkle Bath Salt , Sparkle Bath Salt para venda, Sparkle Bath Salt para venda perto de mim , comprar Sparkle Bath Salt online perto de mim , onde comprar Sparkle Bath Salt online , Sparkle Bath Salt \u00e0 venda em USA , USA, Canad\u00e1, Reino Unido, comprar, online, fornecedores, entrega segura, Voc\u00ea ainda pode obter Sparkle Bath Salt , Is Sparkle Bath Salt legal in usa, buy Sparkle Bath Salt online usa, how to order Sparkle Bath Salt , Is Sparkle Bath Salt legal in Canada<\/strong><\/pre>","protected":false},"featured_media":10536,"comment_status":"open","ping_status":"closed","template":"","meta":{"_bst_post_transparent":"","_bst_post_title":"","_bst_post_layout":"","_bst_post_sidebar_id":"","_bst_post_content_style":"","_bst_post_vertical_padding":"","_bst_post_feature":"","_bst_post_feature_position":"","_bst_post_header":false,"_bst_post_footer":false},"product_brand":[],"product_cat":[79],"product_tag":[583,580,589,585,581,584,582,594,595,593,587,591,588,586,590,592],"product_brands":[],"class_list":{"0":"post-10523","1":"product","2":"type-product","3":"status-publish","4":"has-post-thumbnail","6":"product_cat-research-chemicals-and-bath-salt","7":"product_tag-buy-sparkle-bath-salt","8":"product_tag-buy-sparkle-bath-salt-in-bulk","9":"product_tag-buy-sparkle-bath-salt-online-near-me","10":"product_tag-buy-sparkle-bath-salt-online-usa","11":"product_tag-buy-sparkle-bath-salt-recipe","12":"product_tag-buy-sparkle-bath-salt-usa","13":"product_tag-buy-sparkle-bath-salt-zombie","14":"product_tag-how-to-order-sparkle-bath-salt","15":"product_tag-is-sparkle-bath-salt-legal-in-canada","16":"product_tag-is-sparkle-bath-salt-legal-in-usa","17":"product_tag-sparkle-bath-salt-for-sale","18":"product_tag-sparkle-bath-salt-for-sale-in-usa","19":"product_tag-sparkle-bath-salt-for-sale-near-me","20":"product_tag-where-to-buy-sparkle-bath-salt","21":"product_tag-where-to-buy-sparkle-bath-salt-online","22":"product_tag-you-can-still-get-sparkle-bath-salt","24":"first","25":"instock","26":"shipping-taxable","27":"purchasable","28":"product-type-variable","29":"entry","30":"content-bg","31":"loop-entry"},"tiered_pricing_type":"fixed","tiered_pricing_fixed_rules":[],"tiered_pricing_percentage_rules":[],"tiered_pricing_minimum":1,"_administrator_tiered_pricing_type":"fixed","_administrator_tiered_pricing_fixed_rules":[],"_editor_tiered_pricing_type":"fixed","_editor_tiered_pricing_fixed_rules":[],"_author_tiered_pricing_type":"fixed","_author_tiered_pricing_fixed_rules":[],"_contributor_tiered_pricing_type":"fixed","_contributor_tiered_pricing_fixed_rules":[],"_subscriber_tiered_pricing_type":"fixed","_subscriber_tiered_pricing_fixed_rules":[],"_customer_tiered_pricing_type":"fixed","_customer_tiered_pricing_fixed_rules":[],"_shop_manager_tiered_pricing_type":"fixed","_shop_manager_tiered_pricing_fixed_rules":[],"_wpseo_manager_tiered_pricing_type":"fixed","_wpseo_manager_tiered_pricing_fixed_rules":[],"_wpseo_editor_tiered_pricing_type":"fixed","_wpseo_editor_tiered_pricing_fixed_rules":[],"yoast_head":"<!-- This site is optimized with the Yoast SEO plugin v27.2 - https:\/\/yoast.com\/product\/yoast-seo-wordpress\/ -->\n<title>Buy Sparkle Bath Salt Online - Cheap price, Grade A++<\/title>\n<meta name=\"description\" content=\"Buy Sparkle Bath Salt Online at an affordable price at stonersmeds. All products are lab qualified and have premium quality.\" \/>\n<meta name=\"robots\" content=\"index, follow, max-snippet:-1, max-image-preview:large, max-video-preview:-1\" \/>\n<link rel=\"canonical\" href=\"https:\/\/stonersmeds.com\/pt\/shop\/buy-sparkle-bath-salt-online\/\" \/>\n<meta property=\"og:locale\" content=\"pt_PT\" \/>\n<meta property=\"og:type\" content=\"article\" \/>\n<meta property=\"og:title\" content=\"Buy Sparkle Bath Salt Online - Cheap price, Grade A++\" \/>\n<meta property=\"og:description\" content=\"Buy Sparkle Bath Salt Online at an affordable price at stonersmeds. All products are lab qualified and have premium quality.\" \/>\n<meta property=\"og:url\" content=\"https:\/\/stonersmeds.com\/pt\/shop\/buy-sparkle-bath-salt-online\/\" \/>\n<meta property=\"og:site_name\" content=\"stonersmeds.com\" \/>\n<meta property=\"article:modified_time\" content=\"2026-02-21T12:50:05+00:00\" \/>\n<meta property=\"og:image\" content=\"https:\/\/stonersmeds.com\/wp-content\/uploads\/2022\/03\/buy-sparkle-bath-salt-online.jpg\" \/>\n\t<meta property=\"og:image:width\" content=\"600\" \/>\n\t<meta property=\"og:image:height\" content=\"600\" \/>\n\t<meta property=\"og:image:type\" content=\"image\/jpeg\" \/>\n<meta name=\"twitter:card\" content=\"summary_large_image\" \/>\n<meta name=\"twitter:label1\" content=\"Disponibilidade\" \/>\n\t<meta name=\"twitter:data1\" content=\"Em stock\" \/>\n<script type=\"application\/ld+json\" class=\"yoast-schema-graph\">{\"@context\":\"https:\/\/schema.org\",\"@graph\":[{\"@type\":\"WebPage\",\"@id\":\"https:\/\/stonersmeds.com\/shop\/buy-sparkle-bath-salt-online\/\",\"url\":\"https:\/\/stonersmeds.com\/shop\/buy-sparkle-bath-salt-online\/\",\"name\":\"Buy Sparkle Bath Salt Online - Cheap price, Grade A++\",\"isPartOf\":{\"@id\":\"https:\/\/stonersmeds.com\/#website\"},\"primaryImageOfPage\":{\"@id\":\"https:\/\/stonersmeds.com\/shop\/buy-sparkle-bath-salt-online\/#primaryimage\"},\"image\":{\"@id\":\"https:\/\/stonersmeds.com\/shop\/buy-sparkle-bath-salt-online\/#primaryimage\"},\"thumbnailUrl\":\"https:\/\/stonersmeds.com\/wp-content\/uploads\/2022\/03\/buy-sparkle-bath-salt-online.jpg\",\"datePublished\":\"2022-03-12T08:09:29+00:00\",\"dateModified\":\"2026-02-21T12:50:05+00:00\",\"description\":\"Buy Sparkle Bath Salt Online at an affordable price at stonersmeds. All products are lab qualified and have premium quality.\",\"breadcrumb\":{\"@id\":\"https:\/\/stonersmeds.com\/shop\/buy-sparkle-bath-salt-online\/#breadcrumb\"},\"inLanguage\":\"pt-PT\",\"potentialAction\":[{\"@type\":\"ReadAction\",\"target\":[\"https:\/\/stonersmeds.com\/shop\/buy-sparkle-bath-salt-online\/\"]}]},{\"@type\":\"ImageObject\",\"inLanguage\":\"pt-PT\",\"@id\":\"https:\/\/stonersmeds.com\/shop\/buy-sparkle-bath-salt-online\/#primaryimage\",\"url\":\"https:\/\/stonersmeds.com\/wp-content\/uploads\/2022\/03\/buy-sparkle-bath-salt-online.jpg\",\"contentUrl\":\"https:\/\/stonersmeds.com\/wp-content\/uploads\/2022\/03\/buy-sparkle-bath-salt-online.jpg\",\"width\":600,\"height\":600},{\"@type\":\"BreadcrumbList\",\"@id\":\"https:\/\/stonersmeds.com\/shop\/buy-sparkle-bath-salt-online\/#breadcrumb\",\"itemListElement\":[{\"@type\":\"ListItem\",\"position\":1,\"name\":\"Home\",\"item\":\"https:\/\/stonersmeds.com\/\"},{\"@type\":\"ListItem\",\"position\":2,\"name\":\"Shop\",\"item\":\"https:\/\/stonersmeds.com\/shop\/\"},{\"@type\":\"ListItem\",\"position\":3,\"name\":\"Buy Sparkle Bath Salt Online\"}]},{\"@type\":\"WebSite\",\"@id\":\"https:\/\/stonersmeds.com\/#website\",\"url\":\"https:\/\/stonersmeds.com\/\",\"name\":\"stonersmeds.com\",\"description\":\"verschreibungspflichtige Medizin kaufen\",\"publisher\":{\"@id\":\"https:\/\/stonersmeds.com\/#organization\"},\"alternateName\":\"Research chemical shop\",\"potentialAction\":[{\"@type\":\"SearchAction\",\"target\":{\"@type\":\"EntryPoint\",\"urlTemplate\":\"https:\/\/stonersmeds.com\/?s={search_term_string}\"},\"query-input\":{\"@type\":\"PropertyValueSpecification\",\"valueRequired\":true,\"valueName\":\"search_term_string\"}}],\"inLanguage\":\"pt-PT\"},{\"@type\":\"Organization\",\"@id\":\"https:\/\/stonersmeds.com\/#organization\",\"name\":\"Stonersmeds Shop\",\"url\":\"https:\/\/stonersmeds.com\/\",\"logo\":{\"@type\":\"ImageObject\",\"inLanguage\":\"pt-PT\",\"@id\":\"https:\/\/stonersmeds.com\/#\/schema\/logo\/image\/\",\"url\":\"https:\/\/stonersmeds.com\/wp-content\/uploads\/2026\/02\/high-purity-DMT-powder.jpg\",\"contentUrl\":\"https:\/\/stonersmeds.com\/wp-content\/uploads\/2026\/02\/high-purity-DMT-powder.jpg\",\"width\":500,\"height\":500,\"caption\":\"Stonersmeds Shop\"},\"image\":{\"@id\":\"https:\/\/stonersmeds.com\/#\/schema\/logo\/image\/\"}}]}<\/script>\n<meta property=\"og:availability\" content=\"instock\" \/>\n<meta property=\"product:availability\" content=\"instock\" \/>\n<meta property=\"product:condition\" content=\"new\" \/>\n<!-- \/ Yoast SEO plugin. -->","yoast_head_json":{"title":"Comprar Sal de Banho Sparkle Online - Pre\u00e7o barato, Grau A++","description":"Comprar Sparkle Bath Salt Online a um pre\u00e7o acess\u00edvel na stonersmeds. Todos os produtos s\u00e3o qualificados em laborat\u00f3rio e t\u00eam qualidade superior.","robots":{"index":"index","follow":"follow","max-snippet":"max-snippet:-1","max-image-preview":"max-image-preview:large","max-video-preview":"max-video-preview:-1"},"canonical":"https:\/\/stonersmeds.com\/pt\/shop\/buy-sparkle-bath-salt-online\/","og_locale":"pt_PT","og_type":"article","og_title":"Buy Sparkle Bath Salt Online - Cheap price, Grade A++","og_description":"Buy Sparkle Bath Salt Online at an affordable price at stonersmeds. All products are lab qualified and have premium quality.","og_url":"https:\/\/stonersmeds.com\/pt\/shop\/buy-sparkle-bath-salt-online\/","og_site_name":"stonersmeds.com","article_modified_time":"2026-02-21T12:50:05+00:00","og_image":[{"width":600,"height":600,"url":"https:\/\/stonersmeds.com\/wp-content\/uploads\/2022\/03\/buy-sparkle-bath-salt-online.jpg","type":"image\/jpeg"}],"twitter_card":"summary_large_image","twitter_misc":{"Disponibilidade":"Em stock"},"schema":{"@context":"https:\/\/schema.org","@graph":[{"@type":"WebPage","@id":"https:\/\/stonersmeds.com\/shop\/buy-sparkle-bath-salt-online\/","url":"https:\/\/stonersmeds.com\/shop\/buy-sparkle-bath-salt-online\/","name":"Comprar Sal de Banho Sparkle Online - Pre\u00e7o barato, Grau A++","isPartOf":{"@id":"https:\/\/stonersmeds.com\/#website"},"primaryImageOfPage":{"@id":"https:\/\/stonersmeds.com\/shop\/buy-sparkle-bath-salt-online\/#primaryimage"},"image":{"@id":"https:\/\/stonersmeds.com\/shop\/buy-sparkle-bath-salt-online\/#primaryimage"},"thumbnailUrl":"https:\/\/stonersmeds.com\/wp-content\/uploads\/2022\/03\/buy-sparkle-bath-salt-online.jpg","datePublished":"2022-03-12T08:09:29+00:00","dateModified":"2026-02-21T12:50:05+00:00","description":"Comprar Sparkle Bath Salt Online a um pre\u00e7o acess\u00edvel na stonersmeds. Todos os produtos s\u00e3o qualificados em laborat\u00f3rio e t\u00eam qualidade superior.","breadcrumb":{"@id":"https:\/\/stonersmeds.com\/shop\/buy-sparkle-bath-salt-online\/#breadcrumb"},"inLanguage":"pt-PT","potentialAction":[{"@type":"ReadAction","target":["https:\/\/stonersmeds.com\/shop\/buy-sparkle-bath-salt-online\/"]}]},{"@type":"ImageObject","inLanguage":"pt-PT","@id":"https:\/\/stonersmeds.com\/shop\/buy-sparkle-bath-salt-online\/#primaryimage","url":"https:\/\/stonersmeds.com\/wp-content\/uploads\/2022\/03\/buy-sparkle-bath-salt-online.jpg","contentUrl":"https:\/\/stonersmeds.com\/wp-content\/uploads\/2022\/03\/buy-sparkle-bath-salt-online.jpg","width":600,"height":600},{"@type":"BreadcrumbList","@id":"https:\/\/stonersmeds.com\/shop\/buy-sparkle-bath-salt-online\/#breadcrumb","itemListElement":[{"@type":"ListItem","position":1,"name":"Home","item":"https:\/\/stonersmeds.com\/"},{"@type":"ListItem","position":2,"name":"Shop","item":"https:\/\/stonersmeds.com\/shop\/"},{"@type":"ListItem","position":3,"name":"Buy Sparkle Bath Salt Online"}]},{"@type":"WebSite","@id":"https:\/\/stonersmeds.com\/#website","url":"https:\/\/stonersmeds.com\/","name":"stonersmeds. com","description":"verschreibungspflichtige Medizin kaufen","publisher":{"@id":"https:\/\/stonersmeds.com\/#organization"},"alternateName":"Research chemical shop","potentialAction":[{"@type":"SearchAction","target":{"@type":"EntryPoint","urlTemplate":"https:\/\/stonersmeds.com\/?s={search_term_string}"},"query-input":{"@type":"PropertyValueSpecification","valueRequired":true,"valueName":"search_term_string"}}],"inLanguage":"pt-PT"},{"@type":"Organization","@id":"https:\/\/stonersmeds.com\/#organization","name":"Stonersmeds Shop","url":"https:\/\/stonersmeds.com\/","logo":{"@type":"ImageObject","inLanguage":"pt-PT","@id":"https:\/\/stonersmeds.com\/#\/schema\/logo\/image\/","url":"https:\/\/stonersmeds.com\/wp-content\/uploads\/2026\/02\/high-purity-DMT-powder.jpg","contentUrl":"https:\/\/stonersmeds.com\/wp-content\/uploads\/2026\/02\/high-purity-DMT-powder.jpg","width":500,"height":500,"caption":"Stonersmeds Shop"},"image":{"@id":"https:\/\/stonersmeds.com\/#\/schema\/logo\/image\/"}}]},"og_availability":"instock","product_availability":"instock","product_condition":"new"},"_links":{"self":[{"href":"https:\/\/stonersmeds.com\/pt\/wp-json\/wp\/v2\/product\/10523","targetHints":{"allow":["GET"]}}],"collection":[{"href":"https:\/\/stonersmeds.com\/pt\/wp-json\/wp\/v2\/product"}],"about":[{"href":"https:\/\/stonersmeds.com\/pt\/wp-json\/wp\/v2\/types\/product"}],"replies":[{"embeddable":true,"href":"https:\/\/stonersmeds.com\/pt\/wp-json\/wp\/v2\/comments?post=10523"}],"version-history":[{"count":0,"href":"https:\/\/stonersmeds.com\/pt\/wp-json\/wp\/v2\/product\/10523\/revisions"}],"wp:featuredmedia":[{"embeddable":true,"href":"https:\/\/stonersmeds.com\/pt\/wp-json\/wp\/v2\/media\/10536"}],"wp:attachment":[{"href":"https:\/\/stonersmeds.com\/pt\/wp-json\/wp\/v2\/media?parent=10523"}],"wp:term":[{"taxonomy":"product_brand","embeddable":true,"href":"https:\/\/stonersmeds.com\/pt\/wp-json\/wp\/v2\/product_brand?post=10523"},{"taxonomy":"product_cat","embeddable":true,"href":"https:\/\/stonersmeds.com\/pt\/wp-json\/wp\/v2\/product_cat?post=10523"},{"taxonomy":"product_tag","embeddable":true,"href":"https:\/\/stonersmeds.com\/pt\/wp-json\/wp\/v2\/product_tag?post=10523"},{"taxonomy":"product_brands","embeddable":true,"href":"https:\/\/stonersmeds.com\/pt\/wp-json\/wp\/v2\/product_brands?post=10523"}],"curies":[{"name":"wp","href":"https:\/\/api.w.org\/{rel}","templated":true}]}}