{"id":10703,"date":"2022-03-12T09:22:41","date_gmt":"2022-03-12T09:22:41","guid":{"rendered":"https:\/\/stonersmeds.com\/?post_type=product&#038;p=10703"},"modified":"2026-03-02T06:40:05","modified_gmt":"2026-03-02T04:40:05","slug":"buy-pure-cheap-ephenidine-powder-online","status":"publish","type":"product","link":"https:\/\/stonersmeds.com\/pt\/shop\/buy-pure-cheap-ephenidine-powder-online\/","title":{"rendered":"Compre P\u00f3 de Efenidina Puro Barato Online"},"content":{"rendered":"<h1>Compre P\u00f3 de Efenidina Barato Puro Online.<\/h1>\n<p>A efenidina, tamb\u00e9m conhecida como NEDPA, \u00e9 um composto dissociativo mais recente e menos conhecido da classe das dietilaminas. Comprar testado <a href=\"https:\/\/www.researchgate.net\/publication\/326067810_Ephenidine_diphenidine_and_methoxphenidine_complications_reported_to_the_French_Addictovigilance_Network\">efenidina<\/a> p\u00f3, encomendar barato 50 g ephenidine online.<br \/>\nA efenidina \u00e9 um antagonista do receptor NMDA estruturalmente relacionado \u00e0 diariletilamina, como a difenidina e a metofenidina.<br \/>\nA efenidina e a diariletilamina relacionada foram estudadas em humanos para o tratamento de les\u00f5es neurot\u00f3xicas<\/p>\n<p>&nbsp;<\/p>\n<p>&nbsp;<\/p>\n<pre><strong><a href=\"https:\/\/stonersmeds.com\/pt\/produto-etiqueta\/where-to-buy-pure-cheap-ephenidine-powder-online\/\">Compre P\u00f3 de Efenidina Puro Barato Online<\/a> - comprar Pure Cheap Ephenidine Powder , comprar Pure Cheap Ephenidine Powder usa , comprar Pure Cheap Ephenidine Powder online USA , Onde comprar Pure Cheap Ephenidine Powder , Pure Cheap Ephenidine Powder para venda, Pure Cheap Ephenidine Powder para venda perto de mim , comprar Pure Cheap Ephenidine Powder online perto de mim , onde comprar Pure Cheap Ephenidine Powder online , Pure Cheap Ephenidine Powder para venda nos eua , EUA, Canad\u00e1, Reino Unido, comprar, online, fornecedores, entrega segura, Voc\u00ea ainda pode obter Pure Cheap Ephenidine Powder , Is Pure Cheap Ephenidine Powder legal in usa, buy Pure Cheap Ephenidine Powder online usa, how to order Pure Cheap Ephenidine Powder , Is Pure Cheap Ephenidine Powder legal in Canada<\/strong><\/pre>","protected":false},"excerpt":{"rendered":"<p>Comprar Efenidina em P\u00f3 Pura e Barata Online. A efenidina \u00e9 um anest\u00e9sico dissociativo e actua como um antagonista do receptor NMDA.<\/p>\n<p>A efenidina, tamb\u00e9m conhecida como NEDPA, \u00e9 um composto dissociativo mais novo e menos conhecido na classe das diarietilaminas.<br \/>\nA efenidina \u00e9 um antagonista do receptor NMDA estruturalmente relacionado \u00e0 diariletilamina, como a difenidina e a metofenidina.<\/p>\n<pre><strong>Compre o p\u00f3 de efenidina puro barato on-line - compre o p\u00f3 de efenidina puro barato, compre o p\u00f3 de efenidina barato puro eua, compre o p\u00f3 de efenidina barato puro on-line EUA, onde comprar o p\u00f3 de efenidina barato puro, o p\u00f3 de efenidina barato puro para venda, o p\u00f3 de efenidina barato puro para venda perto me, compre P\u00f3 de Efenidina Puro Barato online perto de mim, onde comprar P\u00f3 de Efenidina Puro Barato online, P\u00f3 de Efenidina Puro Barato \u00e0 venda nos eua, EUA, Canad\u00e1, Reino Unido, comprar, online, fornecedores, entrega segura, voc\u00ea ainda pode obter Puro Barato Efenidina em p\u00f3, \u00e9 o p\u00f3 de efenidina barato puro legal nos eua, compre o p\u00f3 de efenidina barato puro on-line eua, como encomendar o p\u00f3 de efenidina puro barato, \u00e9 o p\u00f3 de efenidina barato puro legal no Canad\u00e1<\/strong><\/pre>","protected":false},"featured_media":10719,"comment_status":"open","ping_status":"closed","template":"","meta":{"_bst_post_transparent":"","_bst_post_title":"","_bst_post_layout":"","_bst_post_sidebar_id":"","_bst_post_content_style":"","_bst_post_vertical_padding":"","_bst_post_feature":"","_bst_post_feature_position":"","_bst_post_header":false,"_bst_post_footer":false},"product_brand":[],"product_cat":[79],"product_tag":[262,268,264,263,266,270,267,265,269],"product_brands":[],"class_list":{"0":"post-10703","1":"product","2":"type-product","3":"status-publish","4":"has-post-thumbnail","6":"product_cat-research-chemicals-and-bath-salt","7":"product_tag-buy-pure-cheap-ephenidine-powder","8":"product_tag-buy-pure-cheap-ephenidine-powder-online-near-me","9":"product_tag-buy-pure-cheap-ephenidine-powder-online-usa","10":"product_tag-buy-pure-cheap-ephenidine-powder-usa","11":"product_tag-pure-cheap-ephenidine-powder-for-sale","12":"product_tag-pure-cheap-ephenidine-powder-for-sale-in-usa","13":"product_tag-pure-cheap-ephenidine-powder-for-sale-near-me","14":"product_tag-where-to-buy-pure-cheap-ephenidine-powder","15":"product_tag-where-to-buy-pure-cheap-ephenidine-powder-online","17":"first","18":"instock","19":"shipping-taxable","20":"purchasable","21":"product-type-variable","22":"has-default-attributes","23":"entry","24":"content-bg","25":"loop-entry"},"tiered_pricing_type":"fixed","tiered_pricing_fixed_rules":[],"tiered_pricing_percentage_rules":[],"tiered_pricing_minimum":1,"_administrator_tiered_pricing_type":"fixed","_administrator_tiered_pricing_fixed_rules":[],"_editor_tiered_pricing_type":"fixed","_editor_tiered_pricing_fixed_rules":[],"_author_tiered_pricing_type":"fixed","_author_tiered_pricing_fixed_rules":[],"_contributor_tiered_pricing_type":"fixed","_contributor_tiered_pricing_fixed_rules":[],"_subscriber_tiered_pricing_type":"fixed","_subscriber_tiered_pricing_fixed_rules":[],"_customer_tiered_pricing_type":"fixed","_customer_tiered_pricing_fixed_rules":[],"_shop_manager_tiered_pricing_type":"fixed","_shop_manager_tiered_pricing_fixed_rules":[],"_wpseo_manager_tiered_pricing_type":"fixed","_wpseo_manager_tiered_pricing_fixed_rules":[],"_wpseo_editor_tiered_pricing_type":"fixed","_wpseo_editor_tiered_pricing_fixed_rules":[],"yoast_head":"<!-- This site is optimized with the Yoast SEO plugin v27.2 - https:\/\/yoast.com\/product\/yoast-seo-wordpress\/ -->\n<title>Buy Pure Cheap Ephenidine Powder Online - stonersmeds.com<\/title>\n<meta name=\"description\" content=\"Buy Pure Cheap Ephenidine Powder Online at an affordable price at stonersmeds. All products are lab qualified and have premium quality.\" \/>\n<meta name=\"robots\" content=\"index, follow, max-snippet:-1, max-image-preview:large, max-video-preview:-1\" \/>\n<link rel=\"canonical\" href=\"https:\/\/stonersmeds.com\/pt\/shop\/buy-pure-cheap-ephenidine-powder-online\/\" \/>\n<meta property=\"og:locale\" content=\"pt_PT\" \/>\n<meta property=\"og:type\" content=\"article\" \/>\n<meta property=\"og:title\" content=\"Buy Pure Cheap Ephenidine Powder Online - stonersmeds.com\" \/>\n<meta property=\"og:description\" content=\"Buy Pure Cheap Ephenidine Powder Online at an affordable price at stonersmeds. All products are lab qualified and have premium quality.\" \/>\n<meta property=\"og:url\" content=\"https:\/\/stonersmeds.com\/pt\/shop\/buy-pure-cheap-ephenidine-powder-online\/\" \/>\n<meta property=\"og:site_name\" content=\"stonersmeds.com\" \/>\n<meta property=\"article:modified_time\" content=\"2026-03-02T04:40:05+00:00\" \/>\n<meta property=\"og:image\" content=\"https:\/\/stonersmeds.com\/wp-content\/uploads\/2022\/03\/buy-pure-cheap-ephenidine-powder-online.jpg\" \/>\n\t<meta property=\"og:image:width\" content=\"600\" \/>\n\t<meta property=\"og:image:height\" content=\"600\" \/>\n\t<meta property=\"og:image:type\" content=\"image\/jpeg\" \/>\n<meta name=\"twitter:card\" content=\"summary_large_image\" \/>\n<meta name=\"twitter:label1\" content=\"Disponibilidade\" \/>\n\t<meta name=\"twitter:data1\" content=\"Em stock\" \/>\n<script type=\"application\/ld+json\" class=\"yoast-schema-graph\">{\"@context\":\"https:\/\/schema.org\",\"@graph\":[{\"@type\":\"WebPage\",\"@id\":\"https:\/\/stonersmeds.com\/shop\/buy-pure-cheap-ephenidine-powder-online\/\",\"url\":\"https:\/\/stonersmeds.com\/shop\/buy-pure-cheap-ephenidine-powder-online\/\",\"name\":\"Buy Pure Cheap Ephenidine Powder Online - stonersmeds.com\",\"isPartOf\":{\"@id\":\"https:\/\/stonersmeds.com\/#website\"},\"primaryImageOfPage\":{\"@id\":\"https:\/\/stonersmeds.com\/shop\/buy-pure-cheap-ephenidine-powder-online\/#primaryimage\"},\"image\":{\"@id\":\"https:\/\/stonersmeds.com\/shop\/buy-pure-cheap-ephenidine-powder-online\/#primaryimage\"},\"thumbnailUrl\":\"https:\/\/stonersmeds.com\/wp-content\/uploads\/2022\/03\/buy-pure-cheap-ephenidine-powder-online.jpg\",\"datePublished\":\"2022-03-12T09:22:41+00:00\",\"dateModified\":\"2026-03-02T04:40:05+00:00\",\"description\":\"Buy Pure Cheap Ephenidine Powder Online at an affordable price at stonersmeds. All products are lab qualified and have premium quality.\",\"breadcrumb\":{\"@id\":\"https:\/\/stonersmeds.com\/shop\/buy-pure-cheap-ephenidine-powder-online\/#breadcrumb\"},\"inLanguage\":\"pt-PT\",\"potentialAction\":[{\"@type\":\"ReadAction\",\"target\":[\"https:\/\/stonersmeds.com\/shop\/buy-pure-cheap-ephenidine-powder-online\/\"]}]},{\"@type\":\"ImageObject\",\"inLanguage\":\"pt-PT\",\"@id\":\"https:\/\/stonersmeds.com\/shop\/buy-pure-cheap-ephenidine-powder-online\/#primaryimage\",\"url\":\"https:\/\/stonersmeds.com\/wp-content\/uploads\/2022\/03\/buy-pure-cheap-ephenidine-powder-online.jpg\",\"contentUrl\":\"https:\/\/stonersmeds.com\/wp-content\/uploads\/2022\/03\/buy-pure-cheap-ephenidine-powder-online.jpg\",\"width\":600,\"height\":600},{\"@type\":\"BreadcrumbList\",\"@id\":\"https:\/\/stonersmeds.com\/shop\/buy-pure-cheap-ephenidine-powder-online\/#breadcrumb\",\"itemListElement\":[{\"@type\":\"ListItem\",\"position\":1,\"name\":\"Home\",\"item\":\"https:\/\/stonersmeds.com\/\"},{\"@type\":\"ListItem\",\"position\":2,\"name\":\"Shop\",\"item\":\"https:\/\/stonersmeds.com\/shop\/\"},{\"@type\":\"ListItem\",\"position\":3,\"name\":\"Buy Pure Cheap Ephenidine Powder Online\"}]},{\"@type\":\"WebSite\",\"@id\":\"https:\/\/stonersmeds.com\/#website\",\"url\":\"https:\/\/stonersmeds.com\/\",\"name\":\"stonersmeds.com\",\"description\":\"verschreibungspflichtige Medizin kaufen\",\"publisher\":{\"@id\":\"https:\/\/stonersmeds.com\/#organization\"},\"alternateName\":\"Research chemical shop\",\"potentialAction\":[{\"@type\":\"SearchAction\",\"target\":{\"@type\":\"EntryPoint\",\"urlTemplate\":\"https:\/\/stonersmeds.com\/?s={search_term_string}\"},\"query-input\":{\"@type\":\"PropertyValueSpecification\",\"valueRequired\":true,\"valueName\":\"search_term_string\"}}],\"inLanguage\":\"pt-PT\"},{\"@type\":\"Organization\",\"@id\":\"https:\/\/stonersmeds.com\/#organization\",\"name\":\"Stonersmeds Shop\",\"url\":\"https:\/\/stonersmeds.com\/\",\"logo\":{\"@type\":\"ImageObject\",\"inLanguage\":\"pt-PT\",\"@id\":\"https:\/\/stonersmeds.com\/#\/schema\/logo\/image\/\",\"url\":\"https:\/\/stonersmeds.com\/wp-content\/uploads\/2026\/02\/high-purity-DMT-powder.jpg\",\"contentUrl\":\"https:\/\/stonersmeds.com\/wp-content\/uploads\/2026\/02\/high-purity-DMT-powder.jpg\",\"width\":500,\"height\":500,\"caption\":\"Stonersmeds Shop\"},\"image\":{\"@id\":\"https:\/\/stonersmeds.com\/#\/schema\/logo\/image\/\"}}]}<\/script>\n<meta property=\"og:availability\" content=\"instock\" \/>\n<meta property=\"product:availability\" content=\"instock\" \/>\n<meta property=\"product:condition\" content=\"new\" \/>\n<!-- \/ Yoast SEO plugin. -->","yoast_head_json":{"title":"Compre P\u00f3 de Efenidina Puro Barato Online - stonersmeds.com","description":"Compre P\u00f3 de Efenidina Barato Puro Online a um pre\u00e7o acess\u00edvel em stonersmeds. Todos os produtos s\u00e3o qualificados em laborat\u00f3rio e t\u00eam qualidade premium.","robots":{"index":"index","follow":"follow","max-snippet":"max-snippet:-1","max-image-preview":"max-image-preview:large","max-video-preview":"max-video-preview:-1"},"canonical":"https:\/\/stonersmeds.com\/pt\/shop\/buy-pure-cheap-ephenidine-powder-online\/","og_locale":"pt_PT","og_type":"article","og_title":"Buy Pure Cheap Ephenidine Powder Online - stonersmeds.com","og_description":"Buy Pure Cheap Ephenidine Powder Online at an affordable price at stonersmeds. All products are lab qualified and have premium quality.","og_url":"https:\/\/stonersmeds.com\/pt\/shop\/buy-pure-cheap-ephenidine-powder-online\/","og_site_name":"stonersmeds.com","article_modified_time":"2026-03-02T04:40:05+00:00","og_image":[{"width":600,"height":600,"url":"https:\/\/stonersmeds.com\/wp-content\/uploads\/2022\/03\/buy-pure-cheap-ephenidine-powder-online.jpg","type":"image\/jpeg"}],"twitter_card":"summary_large_image","twitter_misc":{"Disponibilidade":"Em stock"},"schema":{"@context":"https:\/\/schema.org","@graph":[{"@type":"WebPage","@id":"https:\/\/stonersmeds.com\/shop\/buy-pure-cheap-ephenidine-powder-online\/","url":"https:\/\/stonersmeds.com\/shop\/buy-pure-cheap-ephenidine-powder-online\/","name":"Compre P\u00f3 de Efenidina Puro Barato Online - stonersmeds.com","isPartOf":{"@id":"https:\/\/stonersmeds.com\/#website"},"primaryImageOfPage":{"@id":"https:\/\/stonersmeds.com\/shop\/buy-pure-cheap-ephenidine-powder-online\/#primaryimage"},"image":{"@id":"https:\/\/stonersmeds.com\/shop\/buy-pure-cheap-ephenidine-powder-online\/#primaryimage"},"thumbnailUrl":"https:\/\/stonersmeds.com\/wp-content\/uploads\/2022\/03\/buy-pure-cheap-ephenidine-powder-online.jpg","datePublished":"2022-03-12T09:22:41+00:00","dateModified":"2026-03-02T04:40:05+00:00","description":"Compre P\u00f3 de Efenidina Barato Puro Online a um pre\u00e7o acess\u00edvel em stonersmeds. Todos os produtos s\u00e3o qualificados em laborat\u00f3rio e t\u00eam qualidade premium.","breadcrumb":{"@id":"https:\/\/stonersmeds.com\/shop\/buy-pure-cheap-ephenidine-powder-online\/#breadcrumb"},"inLanguage":"pt-PT","potentialAction":[{"@type":"ReadAction","target":["https:\/\/stonersmeds.com\/shop\/buy-pure-cheap-ephenidine-powder-online\/"]}]},{"@type":"ImageObject","inLanguage":"pt-PT","@id":"https:\/\/stonersmeds.com\/shop\/buy-pure-cheap-ephenidine-powder-online\/#primaryimage","url":"https:\/\/stonersmeds.com\/wp-content\/uploads\/2022\/03\/buy-pure-cheap-ephenidine-powder-online.jpg","contentUrl":"https:\/\/stonersmeds.com\/wp-content\/uploads\/2022\/03\/buy-pure-cheap-ephenidine-powder-online.jpg","width":600,"height":600},{"@type":"BreadcrumbList","@id":"https:\/\/stonersmeds.com\/shop\/buy-pure-cheap-ephenidine-powder-online\/#breadcrumb","itemListElement":[{"@type":"ListItem","position":1,"name":"Home","item":"https:\/\/stonersmeds.com\/"},{"@type":"ListItem","position":2,"name":"Shop","item":"https:\/\/stonersmeds.com\/shop\/"},{"@type":"ListItem","position":3,"name":"Buy Pure Cheap Ephenidine Powder Online"}]},{"@type":"WebSite","@id":"https:\/\/stonersmeds.com\/#website","url":"https:\/\/stonersmeds.com\/","name":"stonersmeds. com","description":"verschreibungspflichtige Medizin kaufen","publisher":{"@id":"https:\/\/stonersmeds.com\/#organization"},"alternateName":"Research chemical shop","potentialAction":[{"@type":"SearchAction","target":{"@type":"EntryPoint","urlTemplate":"https:\/\/stonersmeds.com\/?s={search_term_string}"},"query-input":{"@type":"PropertyValueSpecification","valueRequired":true,"valueName":"search_term_string"}}],"inLanguage":"pt-PT"},{"@type":"Organization","@id":"https:\/\/stonersmeds.com\/#organization","name":"Stonersmeds Shop","url":"https:\/\/stonersmeds.com\/","logo":{"@type":"ImageObject","inLanguage":"pt-PT","@id":"https:\/\/stonersmeds.com\/#\/schema\/logo\/image\/","url":"https:\/\/stonersmeds.com\/wp-content\/uploads\/2026\/02\/high-purity-DMT-powder.jpg","contentUrl":"https:\/\/stonersmeds.com\/wp-content\/uploads\/2026\/02\/high-purity-DMT-powder.jpg","width":500,"height":500,"caption":"Stonersmeds Shop"},"image":{"@id":"https:\/\/stonersmeds.com\/#\/schema\/logo\/image\/"}}]},"og_availability":"instock","product_availability":"instock","product_condition":"new"},"_links":{"self":[{"href":"https:\/\/stonersmeds.com\/pt\/wp-json\/wp\/v2\/product\/10703","targetHints":{"allow":["GET"]}}],"collection":[{"href":"https:\/\/stonersmeds.com\/pt\/wp-json\/wp\/v2\/product"}],"about":[{"href":"https:\/\/stonersmeds.com\/pt\/wp-json\/wp\/v2\/types\/product"}],"replies":[{"embeddable":true,"href":"https:\/\/stonersmeds.com\/pt\/wp-json\/wp\/v2\/comments?post=10703"}],"version-history":[{"count":0,"href":"https:\/\/stonersmeds.com\/pt\/wp-json\/wp\/v2\/product\/10703\/revisions"}],"wp:featuredmedia":[{"embeddable":true,"href":"https:\/\/stonersmeds.com\/pt\/wp-json\/wp\/v2\/media\/10719"}],"wp:attachment":[{"href":"https:\/\/stonersmeds.com\/pt\/wp-json\/wp\/v2\/media?parent=10703"}],"wp:term":[{"taxonomy":"product_brand","embeddable":true,"href":"https:\/\/stonersmeds.com\/pt\/wp-json\/wp\/v2\/product_brand?post=10703"},{"taxonomy":"product_cat","embeddable":true,"href":"https:\/\/stonersmeds.com\/pt\/wp-json\/wp\/v2\/product_cat?post=10703"},{"taxonomy":"product_tag","embeddable":true,"href":"https:\/\/stonersmeds.com\/pt\/wp-json\/wp\/v2\/product_tag?post=10703"},{"taxonomy":"product_brands","embeddable":true,"href":"https:\/\/stonersmeds.com\/pt\/wp-json\/wp\/v2\/product_brands?post=10703"}],"curies":[{"name":"wp","href":"https:\/\/api.w.org\/{rel}","templated":true}]}}