{"id":10718,"date":"2022-03-12T09:26:17","date_gmt":"2022-03-12T09:26:17","guid":{"rendered":"https:\/\/stonersmeds.com\/?post_type=product&#038;p=10718"},"modified":"2026-03-02T07:10:40","modified_gmt":"2026-03-02T05:10:40","slug":"buy-mexedrone-mxe-power-crystal-online","status":"publish","type":"product","link":"https:\/\/stonersmeds.com\/pt\/shop\/buy-mexedrone-mxe-power-crystal-online\/","title":{"rendered":"Comprar Mexedrone MXE Power &amp; Crystal Online"},"content":{"rendered":"<h1>Buy Mexedrone MXE Power &amp; Crystal Online.<\/h1>\n<p>Mexedrone (4-mmc-oMe) is a simple of Mephedrone, <a href=\"https:\/\/www.mancheck-berlin.de\/mephedron\/\">4-MMC<\/a>. Mexedrone\u00e2 emerged\u00e2 upon Mephedrone\u00e2\u20ac\u2122s order as an illicit medication. Mexedrone has an atomic mass of\u00e2 207.268g\/Mol, a sub-atomic recipe of\u00e2 C12H17NO2, and a methodical name of\u00e2 3-methoxy-2-(methyamino)- 1-(4-methylphenyl)propan-1-one. Since Mexedrone is a particularly compound, data with respect to the biochemical properties of Mexedrone isn\u2019t accessible.<\/p>\n<p>Mexedrone is in the\u00e2 compound class\u00e2 cathinone and responds accordingly. The\u00e2 physical appearance\u00e2 of Mexedrone is white gems, however you can purchase Mexedrone in the structure of\u00e2 crystals\u00e2 or <a href=\"https:\/\/stonersmeds.com\/pt\/produto-etiqueta\/synthetic-powder\/\">synthetically identical\u00e2 powder<\/a>. Mexedrone is\u00e2 orally administered\u00e2 and has limit measurements from 50 mg to 100 mg. Mexedrone measurements of 100 mg to 150 mg are seen to exhibit comparable impacts of Mephedrone. Impacts of Mexedrone may endure for 4 to 6 hours.<\/p>\n<p>Mexedrone is a\u00e2 psychoactive drug\u00e2 named both stimulatory and an entactogen, which additionally causes incitement. It is plausible, however not yet demonstrated, that Mexedrone causes a flood of synapses, coming about in the stimulatory impacts of the experience. Synapses engaged with the Mexedrone experience may incorporate dopamine, noradrenaline, and serotonin.<\/p>\n<p>The impacts of Mexedrone are\u00e2 70%\u00e2 of that of its parent compound, Mephedrone.\u00e2 Effects\u00e2 of Mexedrone become more plausible in higher measurements, and are physical, intellectual, and hear-able in nature. Actual impacts of mexedrone incorporate happiness, sedation, material sensation and improvement, parchedness, expanded sweat, unconstrained sensations, teeth crushing, vibrating vision, and smothered temperature administrative capacities. Psychological impacts of Mexedrone incorporate rapture, and thought speeding up and network. Impacts of Mexedrone can likewise introduce as hear-able improvements.<\/p>\n<p>After devouring Mexedrone,\u00e2 post-stimulation\u00e2 top impacts may happen. Post-incitement impacts of Mexedrone might be negative in nature and incorporate decelerated contemplations and inspiration, intellectual weariness, uneasiness, fractiousness, burdensome state of mind, and attentiveness. Post-incitement impacts of Mexedrone probably happen because of synapse consumption, where synapse supply was depleted in the incitement period of the experience.<\/p>\n<p>&nbsp;<\/p>\n<p>&nbsp;<\/p>\n<pre><strong>Buy Mexedrone MXE Power &amp; Crystal Online - buy Mexedrone , buy Mexedrone MXE Power &amp; Crystal usa , buy Mexedrone MXE Power &amp; Crystal online USA , Where to Buy Mexedrone MXE Power &amp; Crystal , Mexedrone MXE Power &amp; Crystal for sale, Mexedrone MXE Power &amp; Crystal for sale near me , buy Mexedrone MXE Power &amp; Crystal online near me , where to Buy Mexedrone MXE Power &amp; Crystal online, Mexedrone MXE Power &amp; Crystal for sale in usa , USA, canada,uk, buy, online, suppliers, safe delivery, You can still get Mexedrone MXE Power &amp; Crystal , Is Mexedrone MXE Power &amp; Crystal legal in usa, buy Mexedrone MXE Power &amp; Crystal online usa, how to order Mexedrone MXE Power &amp; Crystal , Is Mexedrone MXE Power &amp; Crystal legal in Canada<\/strong><\/pre>","protected":false},"excerpt":{"rendered":"<p>Buy Mexedrone MXE Power &amp; Crystal Online.\u00a0Mexedrone MXE Power .Mexedrone, Also Referred To As MEX Or 4-MMC-Ome.<\/p>\n<pre><strong>Buy Mexedrone MXE Power &amp; Crystal Online - buy Mexedrone , buy Mexedrone MXE Power &amp; Crystal usa , buy Mexedrone MXE Power &amp; Crystal online USA , Where to Buy Mexedrone MXE Power &amp; Crystal , Mexedrone MXE Power &amp; Crystal for sale, Mexedrone MXE Power &amp; Crystal for sale near me , buy Mexedrone MXE Power &amp; Crystal online near me , where to Buy Mexedrone MXE Power &amp; Crystal online, Mexedrone MXE Power &amp; Crystal for sale in usa , USA, canada,uk, buy, online, suppliers, safe delivery, You can still get Mexedrone MXE Power &amp; Crystal , Is Mexedrone MXE Power &amp; Crystal legal in usa, buy Mexedrone MXE Power &amp; Crystal online usa, how to order Mexedrone MXE Power &amp; Crystal , Is Mexedrone MXE Power &amp; Crystal legal in Canada<\/strong><\/pre>","protected":false},"featured_media":10729,"comment_status":"open","ping_status":"closed","template":"","meta":{"_bst_post_transparent":"","_bst_post_title":"","_bst_post_layout":"","_bst_post_sidebar_id":"","_bst_post_content_style":"","_bst_post_vertical_padding":"","_bst_post_feature":"","_bst_post_feature_position":"","_bst_post_header":false,"_bst_post_footer":false},"product_brand":[],"product_cat":[79],"product_tag":[252,258,254,253,261,256,260,257,255,259],"product_brands":[],"class_list":{"0":"post-10718","1":"product","2":"type-product","3":"status-publish","4":"has-post-thumbnail","6":"product_cat-research-chemicals-and-bath-salt","7":"product_tag-buy-mexedrone","8":"product_tag-buy-mexedrone-mxe-power-crystal-online-near-me","9":"product_tag-buy-mexedrone-mxe-power-crystal-online-usa","10":"product_tag-buy-mexedrone-mxe-power-crystal-usa","11":"product_tag-how-to-order-mexedrone-mxe-power-crystal","12":"product_tag-mexedrone-mxe-power-crystal-for-sale","13":"product_tag-mexedrone-mxe-power-crystal-for-sale-in-usa","14":"product_tag-mexedrone-mxe-power-crystal-for-sale-near-me","15":"product_tag-where-to-buy-mexedrone-mxe-power-crystal","16":"product_tag-where-to-buy-mexedrone-mxe-power-crystal-online","18":"first","19":"instock","20":"shipping-taxable","21":"purchasable","22":"product-type-variable","23":"entry","24":"content-bg","25":"loop-entry"},"tiered_pricing_type":"fixed","tiered_pricing_fixed_rules":[],"tiered_pricing_percentage_rules":[],"tiered_pricing_minimum":1,"_administrator_tiered_pricing_type":"fixed","_administrator_tiered_pricing_fixed_rules":[],"_editor_tiered_pricing_type":"fixed","_editor_tiered_pricing_fixed_rules":[],"_author_tiered_pricing_type":"fixed","_author_tiered_pricing_fixed_rules":[],"_contributor_tiered_pricing_type":"fixed","_contributor_tiered_pricing_fixed_rules":[],"_subscriber_tiered_pricing_type":"fixed","_subscriber_tiered_pricing_fixed_rules":[],"_customer_tiered_pricing_type":"fixed","_customer_tiered_pricing_fixed_rules":[],"_shop_manager_tiered_pricing_type":"fixed","_shop_manager_tiered_pricing_fixed_rules":[],"_wpseo_manager_tiered_pricing_type":"fixed","_wpseo_manager_tiered_pricing_fixed_rules":[],"_wpseo_editor_tiered_pricing_type":"fixed","_wpseo_editor_tiered_pricing_fixed_rules":[],"yoast_head":"<!-- This site is optimized with the Yoast SEO plugin v27.2 - https:\/\/yoast.com\/product\/yoast-seo-wordpress\/ -->\n<title>Buy Mexedrone MXE Power &amp; Crystal Online - Cheap price, Grade A++<\/title>\n<meta name=\"description\" content=\"Buy Mexedrone MXE Power Online at an affordable price at stonersmeds. All products are lab qualified and have premium quality.\" \/>\n<meta name=\"robots\" content=\"index, follow, max-snippet:-1, max-image-preview:large, max-video-preview:-1\" \/>\n<link rel=\"canonical\" href=\"https:\/\/stonersmeds.com\/pt\/shop\/buy-mexedrone-mxe-power-crystal-online\/\" \/>\n<meta property=\"og:locale\" content=\"pt_PT\" \/>\n<meta property=\"og:type\" content=\"article\" \/>\n<meta property=\"og:title\" content=\"Buy Mexedrone MXE Power &amp; Crystal Online - Cheap price, Grade A++\" \/>\n<meta property=\"og:description\" content=\"Buy Mexedrone MXE Power Online at an affordable price at stonersmeds. All products are lab qualified and have premium quality.\" \/>\n<meta property=\"og:url\" content=\"https:\/\/stonersmeds.com\/pt\/shop\/buy-mexedrone-mxe-power-crystal-online\/\" \/>\n<meta property=\"og:site_name\" content=\"stonersmeds.com\" \/>\n<meta property=\"article:modified_time\" content=\"2026-03-02T05:10:40+00:00\" \/>\n<meta property=\"og:image\" content=\"https:\/\/stonersmeds.com\/wp-content\/uploads\/2022\/03\/buy-mexedrone-mxe-power-crystal-online-1.jpg\" \/>\n\t<meta property=\"og:image:width\" content=\"600\" \/>\n\t<meta property=\"og:image:height\" content=\"600\" \/>\n\t<meta property=\"og:image:type\" content=\"image\/jpeg\" \/>\n<meta name=\"twitter:card\" content=\"summary_large_image\" \/>\n<meta name=\"twitter:label1\" content=\"Disponibilidade\" \/>\n\t<meta name=\"twitter:data1\" content=\"Em stock\" \/>\n<script type=\"application\/ld+json\" class=\"yoast-schema-graph\">{\"@context\":\"https:\/\/schema.org\",\"@graph\":[{\"@type\":\"WebPage\",\"@id\":\"https:\/\/stonersmeds.com\/el\/shop\/buy-mexedrone-mxe-power-crystal-online\/\",\"url\":\"https:\/\/stonersmeds.com\/el\/shop\/buy-mexedrone-mxe-power-crystal-online\/\",\"name\":\"Buy Mexedrone MXE Power & Crystal Online - Cheap price, Grade A++\",\"isPartOf\":{\"@id\":\"https:\/\/stonersmeds.com\/#website\"},\"primaryImageOfPage\":{\"@id\":\"https:\/\/stonersmeds.com\/el\/shop\/buy-mexedrone-mxe-power-crystal-online\/#primaryimage\"},\"image\":{\"@id\":\"https:\/\/stonersmeds.com\/el\/shop\/buy-mexedrone-mxe-power-crystal-online\/#primaryimage\"},\"thumbnailUrl\":\"https:\/\/stonersmeds.com\/wp-content\/uploads\/2022\/03\/buy-mexedrone-mxe-power-crystal-online-1.jpg\",\"datePublished\":\"2022-03-12T09:26:17+00:00\",\"dateModified\":\"2026-03-02T05:10:40+00:00\",\"description\":\"Buy Mexedrone MXE Power Online at an affordable price at stonersmeds. All products are lab qualified and have premium quality.\",\"breadcrumb\":{\"@id\":\"https:\/\/stonersmeds.com\/el\/shop\/buy-mexedrone-mxe-power-crystal-online\/#breadcrumb\"},\"inLanguage\":\"pt-PT\",\"potentialAction\":[{\"@type\":\"ReadAction\",\"target\":[\"https:\/\/stonersmeds.com\/el\/shop\/buy-mexedrone-mxe-power-crystal-online\/\"]}]},{\"@type\":\"ImageObject\",\"inLanguage\":\"pt-PT\",\"@id\":\"https:\/\/stonersmeds.com\/el\/shop\/buy-mexedrone-mxe-power-crystal-online\/#primaryimage\",\"url\":\"https:\/\/stonersmeds.com\/wp-content\/uploads\/2022\/03\/buy-mexedrone-mxe-power-crystal-online-1.jpg\",\"contentUrl\":\"https:\/\/stonersmeds.com\/wp-content\/uploads\/2022\/03\/buy-mexedrone-mxe-power-crystal-online-1.jpg\",\"width\":600,\"height\":600},{\"@type\":\"BreadcrumbList\",\"@id\":\"https:\/\/stonersmeds.com\/el\/shop\/buy-mexedrone-mxe-power-crystal-online\/#breadcrumb\",\"itemListElement\":[{\"@type\":\"ListItem\",\"position\":1,\"name\":\"Home\",\"item\":\"https:\/\/stonersmeds.com\/\"},{\"@type\":\"ListItem\",\"position\":2,\"name\":\"Shop\",\"item\":\"https:\/\/stonersmeds.com\/shop\/\"},{\"@type\":\"ListItem\",\"position\":3,\"name\":\"Buy Mexedrone MXE Power &#038; Crystal Online\"}]},{\"@type\":\"WebSite\",\"@id\":\"https:\/\/stonersmeds.com\/#website\",\"url\":\"https:\/\/stonersmeds.com\/\",\"name\":\"stonersmeds.com\",\"description\":\"verschreibungspflichtige Medizin kaufen\",\"publisher\":{\"@id\":\"https:\/\/stonersmeds.com\/#organization\"},\"alternateName\":\"Research chemical shop\",\"potentialAction\":[{\"@type\":\"SearchAction\",\"target\":{\"@type\":\"EntryPoint\",\"urlTemplate\":\"https:\/\/stonersmeds.com\/?s={search_term_string}\"},\"query-input\":{\"@type\":\"PropertyValueSpecification\",\"valueRequired\":true,\"valueName\":\"search_term_string\"}}],\"inLanguage\":\"pt-PT\"},{\"@type\":\"Organization\",\"@id\":\"https:\/\/stonersmeds.com\/#organization\",\"name\":\"Stonersmeds Shop\",\"url\":\"https:\/\/stonersmeds.com\/\",\"logo\":{\"@type\":\"ImageObject\",\"inLanguage\":\"pt-PT\",\"@id\":\"https:\/\/stonersmeds.com\/#\/schema\/logo\/image\/\",\"url\":\"https:\/\/stonersmeds.com\/wp-content\/uploads\/2026\/02\/high-purity-DMT-powder.jpg\",\"contentUrl\":\"https:\/\/stonersmeds.com\/wp-content\/uploads\/2026\/02\/high-purity-DMT-powder.jpg\",\"width\":500,\"height\":500,\"caption\":\"Stonersmeds Shop\"},\"image\":{\"@id\":\"https:\/\/stonersmeds.com\/#\/schema\/logo\/image\/\"}}]}<\/script>\n<meta property=\"og:availability\" content=\"instock\" \/>\n<meta property=\"product:availability\" content=\"instock\" \/>\n<meta property=\"product:condition\" content=\"new\" \/>\n<!-- \/ Yoast SEO plugin. -->","yoast_head_json":{"title":"Buy Mexedrone MXE Power & Crystal Online - Cheap price, Grade A++","description":"Buy Mexedrone MXE Power Online at an affordable price at stonersmeds. All products are lab qualified and have premium quality.","robots":{"index":"index","follow":"follow","max-snippet":"max-snippet:-1","max-image-preview":"max-image-preview:large","max-video-preview":"max-video-preview:-1"},"canonical":"https:\/\/stonersmeds.com\/pt\/shop\/buy-mexedrone-mxe-power-crystal-online\/","og_locale":"pt_PT","og_type":"article","og_title":"Buy Mexedrone MXE Power & Crystal Online - Cheap price, Grade A++","og_description":"Buy Mexedrone MXE Power Online at an affordable price at stonersmeds. All products are lab qualified and have premium quality.","og_url":"https:\/\/stonersmeds.com\/pt\/shop\/buy-mexedrone-mxe-power-crystal-online\/","og_site_name":"stonersmeds.com","article_modified_time":"2026-03-02T05:10:40+00:00","og_image":[{"width":600,"height":600,"url":"https:\/\/stonersmeds.com\/wp-content\/uploads\/2022\/03\/buy-mexedrone-mxe-power-crystal-online-1.jpg","type":"image\/jpeg"}],"twitter_card":"summary_large_image","twitter_misc":{"Disponibilidade":"Em stock"},"schema":{"@context":"https:\/\/schema.org","@graph":[{"@type":"WebPage","@id":"https:\/\/stonersmeds.com\/el\/shop\/buy-mexedrone-mxe-power-crystal-online\/","url":"https:\/\/stonersmeds.com\/el\/shop\/buy-mexedrone-mxe-power-crystal-online\/","name":"Buy Mexedrone MXE Power & Crystal Online - Cheap price, Grade A++","isPartOf":{"@id":"https:\/\/stonersmeds.com\/#website"},"primaryImageOfPage":{"@id":"https:\/\/stonersmeds.com\/el\/shop\/buy-mexedrone-mxe-power-crystal-online\/#primaryimage"},"image":{"@id":"https:\/\/stonersmeds.com\/el\/shop\/buy-mexedrone-mxe-power-crystal-online\/#primaryimage"},"thumbnailUrl":"https:\/\/stonersmeds.com\/wp-content\/uploads\/2022\/03\/buy-mexedrone-mxe-power-crystal-online-1.jpg","datePublished":"2022-03-12T09:26:17+00:00","dateModified":"2026-03-02T05:10:40+00:00","description":"Buy Mexedrone MXE Power Online at an affordable price at stonersmeds. All products are lab qualified and have premium quality.","breadcrumb":{"@id":"https:\/\/stonersmeds.com\/el\/shop\/buy-mexedrone-mxe-power-crystal-online\/#breadcrumb"},"inLanguage":"pt-PT","potentialAction":[{"@type":"ReadAction","target":["https:\/\/stonersmeds.com\/el\/shop\/buy-mexedrone-mxe-power-crystal-online\/"]}]},{"@type":"ImageObject","inLanguage":"pt-PT","@id":"https:\/\/stonersmeds.com\/el\/shop\/buy-mexedrone-mxe-power-crystal-online\/#primaryimage","url":"https:\/\/stonersmeds.com\/wp-content\/uploads\/2022\/03\/buy-mexedrone-mxe-power-crystal-online-1.jpg","contentUrl":"https:\/\/stonersmeds.com\/wp-content\/uploads\/2022\/03\/buy-mexedrone-mxe-power-crystal-online-1.jpg","width":600,"height":600},{"@type":"BreadcrumbList","@id":"https:\/\/stonersmeds.com\/el\/shop\/buy-mexedrone-mxe-power-crystal-online\/#breadcrumb","itemListElement":[{"@type":"ListItem","position":1,"name":"Home","item":"https:\/\/stonersmeds.com\/"},{"@type":"ListItem","position":2,"name":"Shop","item":"https:\/\/stonersmeds.com\/shop\/"},{"@type":"ListItem","position":3,"name":"Buy Mexedrone MXE Power &#038; Crystal Online"}]},{"@type":"WebSite","@id":"https:\/\/stonersmeds.com\/#website","url":"https:\/\/stonersmeds.com\/","name":"stonersmeds. com","description":"verschreibungspflichtige Medizin kaufen","publisher":{"@id":"https:\/\/stonersmeds.com\/#organization"},"alternateName":"Research chemical shop","potentialAction":[{"@type":"SearchAction","target":{"@type":"EntryPoint","urlTemplate":"https:\/\/stonersmeds.com\/?s={search_term_string}"},"query-input":{"@type":"PropertyValueSpecification","valueRequired":true,"valueName":"search_term_string"}}],"inLanguage":"pt-PT"},{"@type":"Organization","@id":"https:\/\/stonersmeds.com\/#organization","name":"Stonersmeds Shop","url":"https:\/\/stonersmeds.com\/","logo":{"@type":"ImageObject","inLanguage":"pt-PT","@id":"https:\/\/stonersmeds.com\/#\/schema\/logo\/image\/","url":"https:\/\/stonersmeds.com\/wp-content\/uploads\/2026\/02\/high-purity-DMT-powder.jpg","contentUrl":"https:\/\/stonersmeds.com\/wp-content\/uploads\/2026\/02\/high-purity-DMT-powder.jpg","width":500,"height":500,"caption":"Stonersmeds Shop"},"image":{"@id":"https:\/\/stonersmeds.com\/#\/schema\/logo\/image\/"}}]},"og_availability":"instock","product_availability":"instock","product_condition":"new"},"_links":{"self":[{"href":"https:\/\/stonersmeds.com\/pt\/wp-json\/wp\/v2\/product\/10718","targetHints":{"allow":["GET"]}}],"collection":[{"href":"https:\/\/stonersmeds.com\/pt\/wp-json\/wp\/v2\/product"}],"about":[{"href":"https:\/\/stonersmeds.com\/pt\/wp-json\/wp\/v2\/types\/product"}],"replies":[{"embeddable":true,"href":"https:\/\/stonersmeds.com\/pt\/wp-json\/wp\/v2\/comments?post=10718"}],"version-history":[{"count":0,"href":"https:\/\/stonersmeds.com\/pt\/wp-json\/wp\/v2\/product\/10718\/revisions"}],"wp:featuredmedia":[{"embeddable":true,"href":"https:\/\/stonersmeds.com\/pt\/wp-json\/wp\/v2\/media\/10729"}],"wp:attachment":[{"href":"https:\/\/stonersmeds.com\/pt\/wp-json\/wp\/v2\/media?parent=10718"}],"wp:term":[{"taxonomy":"product_brand","embeddable":true,"href":"https:\/\/stonersmeds.com\/pt\/wp-json\/wp\/v2\/product_brand?post=10718"},{"taxonomy":"product_cat","embeddable":true,"href":"https:\/\/stonersmeds.com\/pt\/wp-json\/wp\/v2\/product_cat?post=10718"},{"taxonomy":"product_tag","embeddable":true,"href":"https:\/\/stonersmeds.com\/pt\/wp-json\/wp\/v2\/product_tag?post=10718"},{"taxonomy":"product_brands","embeddable":true,"href":"https:\/\/stonersmeds.com\/pt\/wp-json\/wp\/v2\/product_brands?post=10718"}],"curies":[{"name":"wp","href":"https:\/\/api.w.org\/{rel}","templated":true}]}}