{"id":10796,"date":"2022-03-12T09:51:30","date_gmt":"2022-03-12T09:51:30","guid":{"rendered":"https:\/\/stonersmeds.com\/?post_type=product&#038;p=10796"},"modified":"2026-02-24T05:20:45","modified_gmt":"2026-02-24T03:20:45","slug":"buy-pure-quality-al-lad-10-mg-powder-online","status":"publish","type":"product","link":"https:\/\/stonersmeds.com\/pt\/shop\/buy-pure-quality-al-lad-10-mg-powder-online\/","title":{"rendered":"Compre AL-LAD 10 mg em p\u00f3 de qualidade pura online"},"content":{"rendered":"<h1>Comprar AL-LAD 10 mg em p\u00f3 de qualidade pura online.<\/h1>\n<p>Comprar AL-LAD 150 mg bloqueador.<br \/>\nComprar AL-LAD 150mg Blotters foram sintetizados e produzidos pela primeira vez por um grupo de investiga\u00e7\u00e3o japon\u00eas na d\u00e9cada de 1970<br \/>\npopular com Alexander Shulgin no seu livro TiHKAL. Desde 2013, quando o AL-LAD foi lan\u00e7ado pela primeira vez no RC<br \/>\nNo mercado, ganhou imensa popularidade e \u00e9 anunciado como um dos maiores.<br \/>\nO que \u00e9 AL-LAD 150 mg blotter.<br \/>\nAL-LAD <a href=\"https:\/\/stonersmeds.com\/pt\/produto-etiqueta\/blotter-acid-for-sale\/\">Blotter 150 mcg \u00c1cido 6-alil-6-nor-lis\u00e9rgico<\/a> dietilamida) actua como um forte agonista dos receptores 5-HT2A<br \/>\nDiz-se que os receptores dan est\u00e3o activos entre 80 e 160 microgramas. Por favor, note que o nosso AL-LAD Blotter<br \/>\n150 g foram revestidos com uma camada fina (1,5 mg\/blotter) de 2-hidroxipropil-B-ciclodextrina (ciclodextrina).<br \/>\nproporciona uma protec\u00e7\u00e3o adicional contra o oxig\u00e9nio.<br \/>\n<a href=\"https:\/\/stonersmeds.com\/pt\/shop\/buy-quality-al-lad-blotters-cheap-online\/\">COMPRAR AL-LAD Blotter<\/a> EUA.<\/p>\n<pre><strong>Comprar AL-LAD 10 mg em p\u00f3 de qualidade pura online - comprar AL-LAD 10 mg em p\u00f3 de qualidade pura, comprar AL-LAD 10 mg em p\u00f3 de qualidade pura nos EUA, comprar AL-LAD 10 mg em p\u00f3 de qualidade pura online nos EUA, onde comprar AL-LAD 10 mg em p\u00f3 de qualidade pura, AL-LAD 10 mg em p\u00f3 de qualidade pura para venda, AL-LAD 10 mg em p\u00f3 de qualidade pura para venda perto de mim, comprar AL-LAD 10 mg em p\u00f3 de qualidade pura online perto de mim, onde comprar AL-LAD 10 mg em p\u00f3 de qualidade pura online, AL-LAD 10 mg em p\u00f3 de qualidade pura \u00e0 venda nos eua, EUA, Canad\u00e1, Reino Unido, comprar, online, fornecedores, entrega segura, voc\u00ea ainda pode obter AL-LAD 10 mg em p\u00f3 de qualidade pura, AL-LAD 10 mg em p\u00f3 de qualidade pura \u00e9 legal nos EUA, comprar AL-LAD 10 mg em p\u00f3 de qualidade pura online nos EUA, como pedir AL-LAD 10 mg em p\u00f3 de qualidade pura, AL-LAD 10 mg em p\u00f3 de qualidade pura \u00e9 legal no Canad\u00e1<\/strong><\/pre>","protected":false},"excerpt":{"rendered":"<p>Comprar AL-LAD 10 mg em p\u00f3 de qualidade pura online.\u00a0<em>AL<\/em>-<em>LAD<\/em>,\u00a0<em>comprar AL<\/em>-<em>LAD online.<\/em><\/p>\n<p>Comprar sangue AL-LAD de alta qualidade a pre\u00e7os baixos online. O 6-alil-6-nor-LSD \u00e9 uma lisergamida psicad\u00e9lica, tamb\u00e9m conhecida como AL-LAD (dietilamida do \u00e1cido lis\u00e9rgico). 150 mcg de suc\u00e7\u00e3o de AL-LAD.<\/p>\n<p>O pre\u00e7o do produto \u00e9 $10 para absor\u00e7\u00e3o.<\/p>\n<p>A quantidade m\u00ednima de encomenda \u00e9 de 15 mata-borr\u00f5es.<\/p>\n<pre><\/pre>","protected":false},"featured_media":10805,"comment_status":"open","ping_status":"closed","template":"","meta":{"_bst_post_transparent":"","_bst_post_title":"","_bst_post_layout":"","_bst_post_sidebar_id":"","_bst_post_content_style":"","_bst_post_vertical_padding":"","_bst_post_feature":"","_bst_post_feature_position":"","_bst_post_header":false,"_bst_post_footer":false},"product_brand":[],"product_cat":[79],"product_tag":[762,758,757,767,768,766,760,764,761,759,763,765],"product_brands":[],"class_list":{"0":"post-10796","1":"product","2":"type-product","3":"status-publish","4":"has-post-thumbnail","6":"product_cat-research-chemicals-and-bath-salt","7":"product_tag-buy-pure-quality-al-lad-10-mg-powder-online-near-me","8":"product_tag-buy-pure-quality-al-lad-10-mg-powder-online-usa","9":"product_tag-buy-pure-quality-al-lad-10-mg-powder-usa","10":"product_tag-how-to-order-pure-quality-al-lad-10-mg-powder","11":"product_tag-is-pure-quality-al-lad-10-mg-powder-legal-in-canada","12":"product_tag-is-pure-quality-al-lad-10-mg-powder-legal-in-usa","13":"product_tag-pure-quality-al-lad-10-mg-powder-for-sale","14":"product_tag-pure-quality-al-lad-10-mg-powder-for-sale-in-usa","15":"product_tag-pure-quality-al-lad-10-mg-powder-for-sale-near-me","16":"product_tag-where-to-buy-pure-quality-al-lad-10-mg-powder","17":"product_tag-where-to-buy-pure-quality-al-lad-10-mg-powder-online","18":"product_tag-you-can-still-get-pure-quality-al-lad-10-mg-powder","20":"first","21":"instock","22":"shipping-taxable","23":"purchasable","24":"product-type-variable","25":"entry","26":"content-bg","27":"loop-entry"},"tiered_pricing_type":"fixed","tiered_pricing_fixed_rules":[],"tiered_pricing_percentage_rules":[],"tiered_pricing_minimum":1,"_administrator_tiered_pricing_type":"fixed","_administrator_tiered_pricing_fixed_rules":[],"_editor_tiered_pricing_type":"fixed","_editor_tiered_pricing_fixed_rules":[],"_author_tiered_pricing_type":"fixed","_author_tiered_pricing_fixed_rules":[],"_contributor_tiered_pricing_type":"fixed","_contributor_tiered_pricing_fixed_rules":[],"_subscriber_tiered_pricing_type":"fixed","_subscriber_tiered_pricing_fixed_rules":[],"_customer_tiered_pricing_type":"fixed","_customer_tiered_pricing_fixed_rules":[],"_shop_manager_tiered_pricing_type":"fixed","_shop_manager_tiered_pricing_fixed_rules":[],"_wpseo_manager_tiered_pricing_type":"fixed","_wpseo_manager_tiered_pricing_fixed_rules":[],"_wpseo_editor_tiered_pricing_type":"fixed","_wpseo_editor_tiered_pricing_fixed_rules":[],"yoast_head":"<!-- This site is optimized with the Yoast SEO plugin v27.2 - https:\/\/yoast.com\/product\/yoast-seo-wordpress\/ -->\n<title>Buy pure quality AL-LAD 10 mg powder online - Cheap price, Grade A++<\/title>\n<meta name=\"description\" content=\"buy AL-LAD 10 mg powder Online at an affordable price at stonersmeds. All products are lab qualified and have premium quality.\" \/>\n<meta name=\"robots\" content=\"index, follow, max-snippet:-1, max-image-preview:large, max-video-preview:-1\" \/>\n<link rel=\"canonical\" href=\"https:\/\/stonersmeds.com\/pt\/shop\/buy-pure-quality-al-lad-10-mg-powder-online\/\" \/>\n<meta property=\"og:locale\" content=\"pt_PT\" \/>\n<meta property=\"og:type\" content=\"article\" \/>\n<meta property=\"og:title\" content=\"Buy pure quality AL-LAD 10 mg powder online - Cheap price, Grade A++\" \/>\n<meta property=\"og:description\" content=\"buy AL-LAD 10 mg powder Online at an affordable price at stonersmeds. All products are lab qualified and have premium quality.\" \/>\n<meta property=\"og:url\" content=\"https:\/\/stonersmeds.com\/pt\/shop\/buy-pure-quality-al-lad-10-mg-powder-online\/\" \/>\n<meta property=\"og:site_name\" content=\"stonersmeds.com\" \/>\n<meta property=\"article:modified_time\" content=\"2026-02-24T03:20:45+00:00\" \/>\n<meta property=\"og:image\" content=\"https:\/\/stonersmeds.com\/wp-content\/uploads\/2022\/03\/buy-pure-quality-al-lad-10-mg-powder-online.jpg\" \/>\n\t<meta property=\"og:image:width\" content=\"600\" \/>\n\t<meta property=\"og:image:height\" content=\"600\" \/>\n\t<meta property=\"og:image:type\" content=\"image\/jpeg\" \/>\n<meta name=\"twitter:card\" content=\"summary_large_image\" \/>\n<meta name=\"twitter:label1\" content=\"Disponibilidade\" \/>\n\t<meta name=\"twitter:data1\" content=\"Em stock\" \/>\n<script type=\"application\/ld+json\" class=\"yoast-schema-graph\">{\"@context\":\"https:\/\/schema.org\",\"@graph\":[{\"@type\":\"WebPage\",\"@id\":\"https:\/\/stonersmeds.com\/shop\/buy-pure-quality-al-lad-10-mg-powder-online\/\",\"url\":\"https:\/\/stonersmeds.com\/shop\/buy-pure-quality-al-lad-10-mg-powder-online\/\",\"name\":\"Buy pure quality AL-LAD 10 mg powder online - Cheap price, Grade A++\",\"isPartOf\":{\"@id\":\"https:\/\/stonersmeds.com\/#website\"},\"primaryImageOfPage\":{\"@id\":\"https:\/\/stonersmeds.com\/shop\/buy-pure-quality-al-lad-10-mg-powder-online\/#primaryimage\"},\"image\":{\"@id\":\"https:\/\/stonersmeds.com\/shop\/buy-pure-quality-al-lad-10-mg-powder-online\/#primaryimage\"},\"thumbnailUrl\":\"https:\/\/stonersmeds.com\/wp-content\/uploads\/2022\/03\/buy-pure-quality-al-lad-10-mg-powder-online.jpg\",\"datePublished\":\"2022-03-12T09:51:30+00:00\",\"dateModified\":\"2026-02-24T03:20:45+00:00\",\"description\":\"buy AL-LAD 10 mg powder Online at an affordable price at stonersmeds. All products are lab qualified and have premium quality.\",\"breadcrumb\":{\"@id\":\"https:\/\/stonersmeds.com\/shop\/buy-pure-quality-al-lad-10-mg-powder-online\/#breadcrumb\"},\"inLanguage\":\"pt-PT\",\"potentialAction\":[{\"@type\":\"ReadAction\",\"target\":[\"https:\/\/stonersmeds.com\/shop\/buy-pure-quality-al-lad-10-mg-powder-online\/\"]}]},{\"@type\":\"ImageObject\",\"inLanguage\":\"pt-PT\",\"@id\":\"https:\/\/stonersmeds.com\/shop\/buy-pure-quality-al-lad-10-mg-powder-online\/#primaryimage\",\"url\":\"https:\/\/stonersmeds.com\/wp-content\/uploads\/2022\/03\/buy-pure-quality-al-lad-10-mg-powder-online.jpg\",\"contentUrl\":\"https:\/\/stonersmeds.com\/wp-content\/uploads\/2022\/03\/buy-pure-quality-al-lad-10-mg-powder-online.jpg\",\"width\":600,\"height\":600},{\"@type\":\"BreadcrumbList\",\"@id\":\"https:\/\/stonersmeds.com\/shop\/buy-pure-quality-al-lad-10-mg-powder-online\/#breadcrumb\",\"itemListElement\":[{\"@type\":\"ListItem\",\"position\":1,\"name\":\"Home\",\"item\":\"https:\/\/stonersmeds.com\/\"},{\"@type\":\"ListItem\",\"position\":2,\"name\":\"Shop\",\"item\":\"https:\/\/stonersmeds.com\/shop\/\"},{\"@type\":\"ListItem\",\"position\":3,\"name\":\"Buy pure quality AL-LAD 10 mg powder online\"}]},{\"@type\":\"WebSite\",\"@id\":\"https:\/\/stonersmeds.com\/#website\",\"url\":\"https:\/\/stonersmeds.com\/\",\"name\":\"stonersmeds.com\",\"description\":\"verschreibungspflichtige Medizin kaufen\",\"publisher\":{\"@id\":\"https:\/\/stonersmeds.com\/#organization\"},\"alternateName\":\"Research chemical shop\",\"potentialAction\":[{\"@type\":\"SearchAction\",\"target\":{\"@type\":\"EntryPoint\",\"urlTemplate\":\"https:\/\/stonersmeds.com\/?s={search_term_string}\"},\"query-input\":{\"@type\":\"PropertyValueSpecification\",\"valueRequired\":true,\"valueName\":\"search_term_string\"}}],\"inLanguage\":\"pt-PT\"},{\"@type\":\"Organization\",\"@id\":\"https:\/\/stonersmeds.com\/#organization\",\"name\":\"Stonersmeds Shop\",\"url\":\"https:\/\/stonersmeds.com\/\",\"logo\":{\"@type\":\"ImageObject\",\"inLanguage\":\"pt-PT\",\"@id\":\"https:\/\/stonersmeds.com\/#\/schema\/logo\/image\/\",\"url\":\"https:\/\/stonersmeds.com\/wp-content\/uploads\/2026\/02\/high-purity-DMT-powder.jpg\",\"contentUrl\":\"https:\/\/stonersmeds.com\/wp-content\/uploads\/2026\/02\/high-purity-DMT-powder.jpg\",\"width\":500,\"height\":500,\"caption\":\"Stonersmeds Shop\"},\"image\":{\"@id\":\"https:\/\/stonersmeds.com\/#\/schema\/logo\/image\/\"}}]}<\/script>\n<meta property=\"og:availability\" content=\"instock\" \/>\n<meta property=\"product:availability\" content=\"instock\" \/>\n<meta property=\"product:condition\" content=\"new\" \/>\n<!-- \/ Yoast SEO plugin. -->","yoast_head_json":{"title":"Comprar AL-LAD 10 mg em p\u00f3 de qualidade pura online - Pre\u00e7o barato, Grau A++","description":"comprar AL-LAD 10 mg p\u00f3 Online a um pre\u00e7o acess\u00edvel na stonersmeds. Todos os produtos s\u00e3o qualificados em laborat\u00f3rio e t\u00eam qualidade premium.","robots":{"index":"index","follow":"follow","max-snippet":"max-snippet:-1","max-image-preview":"max-image-preview:large","max-video-preview":"max-video-preview:-1"},"canonical":"https:\/\/stonersmeds.com\/pt\/shop\/buy-pure-quality-al-lad-10-mg-powder-online\/","og_locale":"pt_PT","og_type":"article","og_title":"Buy pure quality AL-LAD 10 mg powder online - Cheap price, Grade A++","og_description":"buy AL-LAD 10 mg powder Online at an affordable price at stonersmeds. All products are lab qualified and have premium quality.","og_url":"https:\/\/stonersmeds.com\/pt\/shop\/buy-pure-quality-al-lad-10-mg-powder-online\/","og_site_name":"stonersmeds.com","article_modified_time":"2026-02-24T03:20:45+00:00","og_image":[{"width":600,"height":600,"url":"https:\/\/stonersmeds.com\/wp-content\/uploads\/2022\/03\/buy-pure-quality-al-lad-10-mg-powder-online.jpg","type":"image\/jpeg"}],"twitter_card":"summary_large_image","twitter_misc":{"Disponibilidade":"Em stock"},"schema":{"@context":"https:\/\/schema.org","@graph":[{"@type":"WebPage","@id":"https:\/\/stonersmeds.com\/shop\/buy-pure-quality-al-lad-10-mg-powder-online\/","url":"https:\/\/stonersmeds.com\/shop\/buy-pure-quality-al-lad-10-mg-powder-online\/","name":"Comprar AL-LAD 10 mg em p\u00f3 de qualidade pura online - Pre\u00e7o barato, Grau A++","isPartOf":{"@id":"https:\/\/stonersmeds.com\/#website"},"primaryImageOfPage":{"@id":"https:\/\/stonersmeds.com\/shop\/buy-pure-quality-al-lad-10-mg-powder-online\/#primaryimage"},"image":{"@id":"https:\/\/stonersmeds.com\/shop\/buy-pure-quality-al-lad-10-mg-powder-online\/#primaryimage"},"thumbnailUrl":"https:\/\/stonersmeds.com\/wp-content\/uploads\/2022\/03\/buy-pure-quality-al-lad-10-mg-powder-online.jpg","datePublished":"2022-03-12T09:51:30+00:00","dateModified":"2026-02-24T03:20:45+00:00","description":"comprar AL-LAD 10 mg p\u00f3 Online a um pre\u00e7o acess\u00edvel na stonersmeds. Todos os produtos s\u00e3o qualificados em laborat\u00f3rio e t\u00eam qualidade premium.","breadcrumb":{"@id":"https:\/\/stonersmeds.com\/shop\/buy-pure-quality-al-lad-10-mg-powder-online\/#breadcrumb"},"inLanguage":"pt-PT","potentialAction":[{"@type":"ReadAction","target":["https:\/\/stonersmeds.com\/shop\/buy-pure-quality-al-lad-10-mg-powder-online\/"]}]},{"@type":"ImageObject","inLanguage":"pt-PT","@id":"https:\/\/stonersmeds.com\/shop\/buy-pure-quality-al-lad-10-mg-powder-online\/#primaryimage","url":"https:\/\/stonersmeds.com\/wp-content\/uploads\/2022\/03\/buy-pure-quality-al-lad-10-mg-powder-online.jpg","contentUrl":"https:\/\/stonersmeds.com\/wp-content\/uploads\/2022\/03\/buy-pure-quality-al-lad-10-mg-powder-online.jpg","width":600,"height":600},{"@type":"BreadcrumbList","@id":"https:\/\/stonersmeds.com\/shop\/buy-pure-quality-al-lad-10-mg-powder-online\/#breadcrumb","itemListElement":[{"@type":"ListItem","position":1,"name":"Home","item":"https:\/\/stonersmeds.com\/"},{"@type":"ListItem","position":2,"name":"Shop","item":"https:\/\/stonersmeds.com\/shop\/"},{"@type":"ListItem","position":3,"name":"Buy pure quality AL-LAD 10 mg powder online"}]},{"@type":"WebSite","@id":"https:\/\/stonersmeds.com\/#website","url":"https:\/\/stonersmeds.com\/","name":"stonersmeds. com","description":"verschreibungspflichtige Medizin kaufen","publisher":{"@id":"https:\/\/stonersmeds.com\/#organization"},"alternateName":"Research chemical shop","potentialAction":[{"@type":"SearchAction","target":{"@type":"EntryPoint","urlTemplate":"https:\/\/stonersmeds.com\/?s={search_term_string}"},"query-input":{"@type":"PropertyValueSpecification","valueRequired":true,"valueName":"search_term_string"}}],"inLanguage":"pt-PT"},{"@type":"Organization","@id":"https:\/\/stonersmeds.com\/#organization","name":"Stonersmeds Shop","url":"https:\/\/stonersmeds.com\/","logo":{"@type":"ImageObject","inLanguage":"pt-PT","@id":"https:\/\/stonersmeds.com\/#\/schema\/logo\/image\/","url":"https:\/\/stonersmeds.com\/wp-content\/uploads\/2026\/02\/high-purity-DMT-powder.jpg","contentUrl":"https:\/\/stonersmeds.com\/wp-content\/uploads\/2026\/02\/high-purity-DMT-powder.jpg","width":500,"height":500,"caption":"Stonersmeds Shop"},"image":{"@id":"https:\/\/stonersmeds.com\/#\/schema\/logo\/image\/"}}]},"og_availability":"instock","product_availability":"instock","product_condition":"new"},"_links":{"self":[{"href":"https:\/\/stonersmeds.com\/pt\/wp-json\/wp\/v2\/product\/10796","targetHints":{"allow":["GET"]}}],"collection":[{"href":"https:\/\/stonersmeds.com\/pt\/wp-json\/wp\/v2\/product"}],"about":[{"href":"https:\/\/stonersmeds.com\/pt\/wp-json\/wp\/v2\/types\/product"}],"replies":[{"embeddable":true,"href":"https:\/\/stonersmeds.com\/pt\/wp-json\/wp\/v2\/comments?post=10796"}],"version-history":[{"count":0,"href":"https:\/\/stonersmeds.com\/pt\/wp-json\/wp\/v2\/product\/10796\/revisions"}],"wp:featuredmedia":[{"embeddable":true,"href":"https:\/\/stonersmeds.com\/pt\/wp-json\/wp\/v2\/media\/10805"}],"wp:attachment":[{"href":"https:\/\/stonersmeds.com\/pt\/wp-json\/wp\/v2\/media?parent=10796"}],"wp:term":[{"taxonomy":"product_brand","embeddable":true,"href":"https:\/\/stonersmeds.com\/pt\/wp-json\/wp\/v2\/product_brand?post=10796"},{"taxonomy":"product_cat","embeddable":true,"href":"https:\/\/stonersmeds.com\/pt\/wp-json\/wp\/v2\/product_cat?post=10796"},{"taxonomy":"product_tag","embeddable":true,"href":"https:\/\/stonersmeds.com\/pt\/wp-json\/wp\/v2\/product_tag?post=10796"},{"taxonomy":"product_brands","embeddable":true,"href":"https:\/\/stonersmeds.com\/pt\/wp-json\/wp\/v2\/product_brands?post=10796"}],"curies":[{"name":"wp","href":"https:\/\/api.w.org\/{rel}","templated":true}]}}