{"id":8983,"date":"2022-03-11T11:13:33","date_gmt":"2022-03-11T11:13:33","guid":{"rendered":"https:\/\/stonersmeds.com\/?post_type=product&#038;p=8983"},"modified":"2026-03-02T11:20:05","modified_gmt":"2026-03-02T09:20:05","slug":"buy-afghan-black-hash-online","status":"publish","type":"product","link":"https:\/\/stonersmeds.com\/pt\/shop\/buy-afghan-black-hash-online\/","title":{"rendered":"Compre Afghan Black Hash Online"},"content":{"rendered":"<h1>Compre Afghan Black Hash Online<\/h1>\n<p>Compre Afghan Black Hash Online.\u00a0<strong>Hash Preto Afeg\u00e3o<\/strong>\u00a0\u00e9 um clone de haxixe. \u00c9 um crime de quil\u00f3metros em todo o mundo e vai ser pris\u00e3o para sempre. Ele n\u00e3o cont\u00e9m mais THC, canabin\u00f3ides sint\u00e9ticos ou diferentes compostos qu\u00edmicos de estudos (como JWH-018, JWH-073, JWH-250, AM-2209 e muitos outros). \u00c9 provavelmente o haxixe prisional excepcional do mercado. \u00c9 melhor usarmos subst\u00e2ncias de primeira classe \u00e0 base de ervas e refei\u00e7\u00f5es. Parece haxixe, parece haxixe, cheira a c\u00e2nhamo e tem um sabor excelente. O haxixe Afghan Black difere mais eficazmente na cor dos nossos outros produtos. Se n\u00e3o est\u00e1s familiarizado com a nossa mercadoria, compra uma amostra p.C. primeiro. O envio \u00e9 gratuito. Compra mais da nossa mercadoria de haxixe criminal e o pre\u00e7o pode ser mais baixo.<\/p>\n<p>&nbsp;<\/p>\n<p>&nbsp;<\/p>\n<p>&nbsp;<\/p>\n<pre><strong>Compre Afghan Black Hash Online - compre p\u00edlulas de Hash, compre Black Hash, compre Black Hashy online, Onde comprar Afghan Black Hash,Afghan Black Hash para venda, Black Hash para venda, compre Hash online, onde comprar Black Hash online, Afghan Black Hash \u00e0 venda nos eua, EUA, canad\u00e1, reino unido, comprar, online, fornecedores, entrega segura, Voc\u00ea ainda pode obter Afghan Black Hash, Afghan Black Hash \u00e9 legal nos eua, compre Afghan Black Hash online nos eua, como encomendar Afghan Black Hash , \u00e9 afeg\u00e3o Black Hashlegal no Canad\u00e1<\/strong><\/pre>","protected":false},"excerpt":{"rendered":"<p>APENAS aceitamos pagamentos usando Western Union, Moneygram e bitcoins. O tempo de entrega leva cerca de 3 dias ou 24 horas.<\/p>\n<p>Venda de haxixe preto afeg\u00e3o<br \/>\nAs flores negras afeg\u00e3s exalam um perfume profundo e almiscarado que cheira a terra e folhas \u00famidas. A respira\u00e7\u00e3o mais profunda tamb\u00e9m pode sentir o toque da fruta azeda. Enquanto isso, moer ou colher esta flor peluda proporciona a sensa\u00e7\u00e3o picante frequentemente associada aos afeg\u00e3os.<\/p>\n<pre><strong>Compre Afghan Black Hash Online - compre p\u00edlulas de Hash, compre Black Hash, compre Black Hashy online, Onde comprar Afghan Black Hash,Afghan Black Hash para venda, Black Hash para venda, compre Hash online, onde comprar Black Hash online, Afghan Black Hash \u00e0 venda nos eua, EUA, canad\u00e1, reino unido, comprar, online, fornecedores, entrega segura, Voc\u00ea ainda pode obter Afghan Black Hash, Afghan Black Hash \u00e9 legal nos eua, compre Afghan Black Hash online nos eua, como encomendar Afghan Black Hash , \u00e9 afeg\u00e3o Black Hashlegal no Canad\u00e1<\/strong><\/pre>","protected":false},"featured_media":8995,"comment_status":"open","ping_status":"closed","template":"","meta":{"_bst_post_transparent":"","_bst_post_title":"","_bst_post_layout":"","_bst_post_sidebar_id":"","_bst_post_content_style":"","_bst_post_vertical_padding":"","_bst_post_feature":"","_bst_post_feature_position":"","_bst_post_header":false,"_bst_post_footer":false},"product_brand":[],"product_cat":[74],"product_tag":[],"product_brands":[],"class_list":{"0":"post-8983","1":"product","2":"type-product","3":"status-publish","4":"has-post-thumbnail","6":"product_cat-hash-hashish","8":"first","9":"instock","10":"shipping-taxable","11":"purchasable","12":"product-type-variable","13":"entry","14":"content-bg","15":"loop-entry"},"tiered_pricing_type":"fixed","tiered_pricing_fixed_rules":[],"tiered_pricing_percentage_rules":[],"tiered_pricing_minimum":1,"_administrator_tiered_pricing_type":"fixed","_administrator_tiered_pricing_fixed_rules":[],"_editor_tiered_pricing_type":"fixed","_editor_tiered_pricing_fixed_rules":[],"_author_tiered_pricing_type":"fixed","_author_tiered_pricing_fixed_rules":[],"_contributor_tiered_pricing_type":"fixed","_contributor_tiered_pricing_fixed_rules":[],"_subscriber_tiered_pricing_type":"fixed","_subscriber_tiered_pricing_fixed_rules":[],"_customer_tiered_pricing_type":"fixed","_customer_tiered_pricing_fixed_rules":[],"_shop_manager_tiered_pricing_type":"fixed","_shop_manager_tiered_pricing_fixed_rules":[],"_wpseo_manager_tiered_pricing_type":"fixed","_wpseo_manager_tiered_pricing_fixed_rules":[],"_wpseo_editor_tiered_pricing_type":"fixed","_wpseo_editor_tiered_pricing_fixed_rules":[],"yoast_head":"<!-- This site is optimized with the Yoast SEO plugin v27.2 - https:\/\/yoast.com\/product\/yoast-seo-wordpress\/ -->\n<title>Buy Afghan Black Hash Online - Cheap price, top quality<\/title>\n<meta name=\"description\" content=\"Buy Afghan Black Hash Online at an affordable price at stonersmeds. Our hash has high THC, best quality you will find\" \/>\n<meta name=\"robots\" content=\"index, follow, max-snippet:-1, max-image-preview:large, max-video-preview:-1\" \/>\n<link rel=\"canonical\" href=\"https:\/\/stonersmeds.com\/pt\/shop\/buy-afghan-black-hash-online\/\" \/>\n<meta property=\"og:locale\" content=\"pt_PT\" \/>\n<meta property=\"og:type\" content=\"article\" \/>\n<meta property=\"og:title\" content=\"Buy Afghan Black Hash Online - Cheap price, top quality\" \/>\n<meta property=\"og:description\" content=\"Buy Afghan Black Hash Online at an affordable price at stonersmeds. Our hash has high THC, best quality you will find\" \/>\n<meta property=\"og:url\" content=\"https:\/\/stonersmeds.com\/pt\/shop\/buy-afghan-black-hash-online\/\" \/>\n<meta property=\"og:site_name\" content=\"stonersmeds.com\" \/>\n<meta property=\"article:modified_time\" content=\"2026-03-02T09:20:05+00:00\" \/>\n<meta property=\"og:image\" content=\"https:\/\/stonersmeds.com\/wp-content\/uploads\/2022\/03\/Buy-Afghan-Black-Hash-Online.jpg\" \/>\n\t<meta property=\"og:image:width\" content=\"600\" \/>\n\t<meta property=\"og:image:height\" content=\"600\" \/>\n\t<meta property=\"og:image:type\" content=\"image\/jpeg\" \/>\n<meta name=\"twitter:card\" content=\"summary_large_image\" \/>\n<meta name=\"twitter:label1\" content=\"Disponibilidade\" \/>\n\t<meta name=\"twitter:data1\" content=\"Em stock\" \/>\n<script type=\"application\/ld+json\" class=\"yoast-schema-graph\">{\"@context\":\"https:\/\/schema.org\",\"@graph\":[{\"@type\":\"WebPage\",\"@id\":\"https:\/\/stonersmeds.com\/sk\/shop\/buy-afghan-black-hash-online\/\",\"url\":\"https:\/\/stonersmeds.com\/sk\/shop\/buy-afghan-black-hash-online\/\",\"name\":\"Buy Afghan Black Hash Online - Cheap price, top quality\",\"isPartOf\":{\"@id\":\"https:\/\/stonersmeds.com\/#website\"},\"primaryImageOfPage\":{\"@id\":\"https:\/\/stonersmeds.com\/sk\/shop\/buy-afghan-black-hash-online\/#primaryimage\"},\"image\":{\"@id\":\"https:\/\/stonersmeds.com\/sk\/shop\/buy-afghan-black-hash-online\/#primaryimage\"},\"thumbnailUrl\":\"https:\/\/stonersmeds.com\/wp-content\/uploads\/2022\/03\/Buy-Afghan-Black-Hash-Online.jpg\",\"datePublished\":\"2022-03-11T11:13:33+00:00\",\"dateModified\":\"2026-03-02T09:20:05+00:00\",\"description\":\"Buy Afghan Black Hash Online at an affordable price at stonersmeds. Our hash has high THC, best quality you will find\",\"breadcrumb\":{\"@id\":\"https:\/\/stonersmeds.com\/sk\/shop\/buy-afghan-black-hash-online\/#breadcrumb\"},\"inLanguage\":\"pt-PT\",\"potentialAction\":[{\"@type\":\"ReadAction\",\"target\":[\"https:\/\/stonersmeds.com\/sk\/shop\/buy-afghan-black-hash-online\/\"]}]},{\"@type\":\"ImageObject\",\"inLanguage\":\"pt-PT\",\"@id\":\"https:\/\/stonersmeds.com\/sk\/shop\/buy-afghan-black-hash-online\/#primaryimage\",\"url\":\"https:\/\/stonersmeds.com\/wp-content\/uploads\/2022\/03\/Buy-Afghan-Black-Hash-Online.jpg\",\"contentUrl\":\"https:\/\/stonersmeds.com\/wp-content\/uploads\/2022\/03\/Buy-Afghan-Black-Hash-Online.jpg\",\"width\":600,\"height\":600},{\"@type\":\"BreadcrumbList\",\"@id\":\"https:\/\/stonersmeds.com\/sk\/shop\/buy-afghan-black-hash-online\/#breadcrumb\",\"itemListElement\":[{\"@type\":\"ListItem\",\"position\":1,\"name\":\"Home\",\"item\":\"https:\/\/stonersmeds.com\/\"},{\"@type\":\"ListItem\",\"position\":2,\"name\":\"Shop\",\"item\":\"https:\/\/stonersmeds.com\/shop\/\"},{\"@type\":\"ListItem\",\"position\":3,\"name\":\"Buy Afghan Black Hash Online\"}]},{\"@type\":\"WebSite\",\"@id\":\"https:\/\/stonersmeds.com\/#website\",\"url\":\"https:\/\/stonersmeds.com\/\",\"name\":\"stonersmeds.com\",\"description\":\"verschreibungspflichtige Medizin kaufen\",\"publisher\":{\"@id\":\"https:\/\/stonersmeds.com\/#organization\"},\"alternateName\":\"Research chemical shop\",\"potentialAction\":[{\"@type\":\"SearchAction\",\"target\":{\"@type\":\"EntryPoint\",\"urlTemplate\":\"https:\/\/stonersmeds.com\/?s={search_term_string}\"},\"query-input\":{\"@type\":\"PropertyValueSpecification\",\"valueRequired\":true,\"valueName\":\"search_term_string\"}}],\"inLanguage\":\"pt-PT\"},{\"@type\":\"Organization\",\"@id\":\"https:\/\/stonersmeds.com\/#organization\",\"name\":\"Stonersmeds Shop\",\"url\":\"https:\/\/stonersmeds.com\/\",\"logo\":{\"@type\":\"ImageObject\",\"inLanguage\":\"pt-PT\",\"@id\":\"https:\/\/stonersmeds.com\/#\/schema\/logo\/image\/\",\"url\":\"https:\/\/stonersmeds.com\/wp-content\/uploads\/2026\/02\/high-purity-DMT-powder.jpg\",\"contentUrl\":\"https:\/\/stonersmeds.com\/wp-content\/uploads\/2026\/02\/high-purity-DMT-powder.jpg\",\"width\":500,\"height\":500,\"caption\":\"Stonersmeds Shop\"},\"image\":{\"@id\":\"https:\/\/stonersmeds.com\/#\/schema\/logo\/image\/\"}}]}<\/script>\n<meta property=\"og:availability\" content=\"instock\" \/>\n<meta property=\"product:availability\" content=\"instock\" \/>\n<meta property=\"product:condition\" content=\"new\" \/>\n<!-- \/ Yoast SEO plugin. -->","yoast_head_json":{"title":"Compre Afghan Black Hash Online - Pre\u00e7o barato, qualidade superior","description":"Compre Afghan Black Hash Online a um pre\u00e7o acess\u00edvel em stonersmeds. Nosso hash tem alto THC, melhor qualidade voc\u00ea encontrar\u00e1","robots":{"index":"index","follow":"follow","max-snippet":"max-snippet:-1","max-image-preview":"max-image-preview:large","max-video-preview":"max-video-preview:-1"},"canonical":"https:\/\/stonersmeds.com\/pt\/shop\/buy-afghan-black-hash-online\/","og_locale":"pt_PT","og_type":"article","og_title":"Buy Afghan Black Hash Online - Cheap price, top quality","og_description":"Buy Afghan Black Hash Online at an affordable price at stonersmeds. Our hash has high THC, best quality you will find","og_url":"https:\/\/stonersmeds.com\/pt\/shop\/buy-afghan-black-hash-online\/","og_site_name":"stonersmeds.com","article_modified_time":"2026-03-02T09:20:05+00:00","og_image":[{"width":600,"height":600,"url":"https:\/\/stonersmeds.com\/wp-content\/uploads\/2022\/03\/Buy-Afghan-Black-Hash-Online.jpg","type":"image\/jpeg"}],"twitter_card":"summary_large_image","twitter_misc":{"Disponibilidade":"Em stock"},"schema":{"@context":"https:\/\/schema.org","@graph":[{"@type":"WebPage","@id":"https:\/\/stonersmeds.com\/sk\/shop\/buy-afghan-black-hash-online\/","url":"https:\/\/stonersmeds.com\/sk\/shop\/buy-afghan-black-hash-online\/","name":"Compre Afghan Black Hash Online - Pre\u00e7o barato, qualidade superior","isPartOf":{"@id":"https:\/\/stonersmeds.com\/#website"},"primaryImageOfPage":{"@id":"https:\/\/stonersmeds.com\/sk\/shop\/buy-afghan-black-hash-online\/#primaryimage"},"image":{"@id":"https:\/\/stonersmeds.com\/sk\/shop\/buy-afghan-black-hash-online\/#primaryimage"},"thumbnailUrl":"https:\/\/stonersmeds.com\/wp-content\/uploads\/2022\/03\/Buy-Afghan-Black-Hash-Online.jpg","datePublished":"2022-03-11T11:13:33+00:00","dateModified":"2026-03-02T09:20:05+00:00","description":"Compre Afghan Black Hash Online a um pre\u00e7o acess\u00edvel em stonersmeds. Nosso hash tem alto THC, melhor qualidade voc\u00ea encontrar\u00e1","breadcrumb":{"@id":"https:\/\/stonersmeds.com\/sk\/shop\/buy-afghan-black-hash-online\/#breadcrumb"},"inLanguage":"pt-PT","potentialAction":[{"@type":"ReadAction","target":["https:\/\/stonersmeds.com\/sk\/shop\/buy-afghan-black-hash-online\/"]}]},{"@type":"ImageObject","inLanguage":"pt-PT","@id":"https:\/\/stonersmeds.com\/sk\/shop\/buy-afghan-black-hash-online\/#primaryimage","url":"https:\/\/stonersmeds.com\/wp-content\/uploads\/2022\/03\/Buy-Afghan-Black-Hash-Online.jpg","contentUrl":"https:\/\/stonersmeds.com\/wp-content\/uploads\/2022\/03\/Buy-Afghan-Black-Hash-Online.jpg","width":600,"height":600},{"@type":"BreadcrumbList","@id":"https:\/\/stonersmeds.com\/sk\/shop\/buy-afghan-black-hash-online\/#breadcrumb","itemListElement":[{"@type":"ListItem","position":1,"name":"Home","item":"https:\/\/stonersmeds.com\/"},{"@type":"ListItem","position":2,"name":"Shop","item":"https:\/\/stonersmeds.com\/shop\/"},{"@type":"ListItem","position":3,"name":"Buy Afghan Black Hash Online"}]},{"@type":"WebSite","@id":"https:\/\/stonersmeds.com\/#website","url":"https:\/\/stonersmeds.com\/","name":"stonersmeds. com","description":"verschreibungspflichtige Medizin kaufen","publisher":{"@id":"https:\/\/stonersmeds.com\/#organization"},"alternateName":"Research chemical shop","potentialAction":[{"@type":"SearchAction","target":{"@type":"EntryPoint","urlTemplate":"https:\/\/stonersmeds.com\/?s={search_term_string}"},"query-input":{"@type":"PropertyValueSpecification","valueRequired":true,"valueName":"search_term_string"}}],"inLanguage":"pt-PT"},{"@type":"Organization","@id":"https:\/\/stonersmeds.com\/#organization","name":"Stonersmeds Shop","url":"https:\/\/stonersmeds.com\/","logo":{"@type":"ImageObject","inLanguage":"pt-PT","@id":"https:\/\/stonersmeds.com\/#\/schema\/logo\/image\/","url":"https:\/\/stonersmeds.com\/wp-content\/uploads\/2026\/02\/high-purity-DMT-powder.jpg","contentUrl":"https:\/\/stonersmeds.com\/wp-content\/uploads\/2026\/02\/high-purity-DMT-powder.jpg","width":500,"height":500,"caption":"Stonersmeds Shop"},"image":{"@id":"https:\/\/stonersmeds.com\/#\/schema\/logo\/image\/"}}]},"og_availability":"instock","product_availability":"instock","product_condition":"new"},"_links":{"self":[{"href":"https:\/\/stonersmeds.com\/pt\/wp-json\/wp\/v2\/product\/8983","targetHints":{"allow":["GET"]}}],"collection":[{"href":"https:\/\/stonersmeds.com\/pt\/wp-json\/wp\/v2\/product"}],"about":[{"href":"https:\/\/stonersmeds.com\/pt\/wp-json\/wp\/v2\/types\/product"}],"replies":[{"embeddable":true,"href":"https:\/\/stonersmeds.com\/pt\/wp-json\/wp\/v2\/comments?post=8983"}],"version-history":[{"count":0,"href":"https:\/\/stonersmeds.com\/pt\/wp-json\/wp\/v2\/product\/8983\/revisions"}],"wp:featuredmedia":[{"embeddable":true,"href":"https:\/\/stonersmeds.com\/pt\/wp-json\/wp\/v2\/media\/8995"}],"wp:attachment":[{"href":"https:\/\/stonersmeds.com\/pt\/wp-json\/wp\/v2\/media?parent=8983"}],"wp:term":[{"taxonomy":"product_brand","embeddable":true,"href":"https:\/\/stonersmeds.com\/pt\/wp-json\/wp\/v2\/product_brand?post=8983"},{"taxonomy":"product_cat","embeddable":true,"href":"https:\/\/stonersmeds.com\/pt\/wp-json\/wp\/v2\/product_cat?post=8983"},{"taxonomy":"product_tag","embeddable":true,"href":"https:\/\/stonersmeds.com\/pt\/wp-json\/wp\/v2\/product_tag?post=8983"},{"taxonomy":"product_brands","embeddable":true,"href":"https:\/\/stonersmeds.com\/pt\/wp-json\/wp\/v2\/product_brands?post=8983"}],"curies":[{"name":"wp","href":"https:\/\/api.w.org\/{rel}","templated":true}]}}