{"id":9125,"date":"2022-03-11T13:50:44","date_gmt":"2022-03-11T13:50:44","guid":{"rendered":"https:\/\/stonersmeds.com\/?post_type=product&#038;p=9125"},"modified":"2026-02-23T00:00:11","modified_gmt":"2026-02-22T22:00:11","slug":"thc-live-diamonds-superior-extract","status":"publish","type":"product","link":"https:\/\/stonersmeds.com\/pt\/shop\/thc-live-diamonds-superior-extract\/","title":{"rendered":"THC Live Diamonds - Extrato Superior"},"content":{"rendered":"<h1>THC Live Diamonds - Extrato Superior<\/h1>\n<div>\n<div>Superior THC Live Diamonds are molded from live resin \u2013 which helps retain terpenes \u2013 allowing for a more erotic concentrate!<\/div>\n<div>A resina viva que ainda \u00e9 viscosa \u00e9 selada em um vaso de press\u00e3o e deixada \u00e0 temperatura ambiente. Com o tempo, os cristais de THCA come\u00e7am a se formar nessa mistura e caem no fundo do frasco. Os terpenos restantes, que est\u00e3o na resina viva, sobem e formam uma camada viscosa no topo. O resultado: um concentrado feito de 97-99% THC, com sabor adicional e benef\u00edcios curativos de terpenos espec\u00edficos de cepas.<\/div>\n<div><\/div>\n<div>Currently available in varieties:<\/div>\n<div><\/div>\n<div>Wedding cake (sativa dominant hybrid)<\/div>\n<div>Gelato (indica dominant hybrid)<\/div>\n<div>Monkey Mints (balanced hybrid)<\/div>\n<div>Tom Ford Pink (Indica Hybrid Dominant)<\/div>\n<div>Maui Vaui (Sativa)<\/div>\n<div>Mimosa (sativa dominant hybrid)<\/div>\n<div>Super Lemon Haze (Sativa Dominant Hybrid)<\/div>\n<div>White Castle (hybrid with dominant indica)<\/div>\n<div>Beetle Death (Indica)<\/div>\n<div>Lord Bud (Indica)<\/div>\n<div>Tropical truffles (Sativa Predominant)<\/div>\n<div>Lemon Diesel (sativa dominant)<\/div>\n<div>Herbal breath (hybrid with indica dominant)<\/div>\n<div>Pink Beetle (indica dominant hybrid)<\/div>\n<div>Cake Crasher (sativa dominant hybrid)<\/div>\n<div>Rockstar (indica dominant hybrid)<\/div>\n<\/div>\n<div><\/div>\n<div><\/div>\n<div><\/div>\n<div><\/div>\n<pre><strong>THC Live Diamonds- Superior Extract - buy THC, buy THC Live Diamonds , buy THC Live Diamonds online, Where to THC Live Diamonds- Superior Extract , THC Live Diamonds- Superior Extract for sale,THC Live Diamonds- Superior Extract for sale, buy THC Live online, where to Buy THC Live Diamonds- Superior Extract online,THC Live Diamonds- Superior Extract for sale in usa , USA, canada,uk, buy, online, suppliers, safe delivery, You can still get THC Live Diamonds- Superior Extract , Is THC Live Diamonds- Superior Extract legal in usa, buy THC Live Diamonds- Superior Extract online usa, how to order THC Live Diamonds- Superior Extract , Is THC Live Diamonds- Superior Extract legal in Canada<\/strong><\/pre>","protected":false},"excerpt":{"rendered":"<p>Incredible live THC diamonds<br \/>\nOften referred to as \u201cWorld\u2019s Strongest\u201d \u2013 Diamond Live THC Superior is the latest extract to gain popularity in the cannabis community as it is the most potent concentrate on the market. This crystallized extract is composed of over 99% pure THC-A \u2013 which does not cause high levels when ingested, but requires decarboxylation (burning) to convert THC-A into the psychoactive THC.<\/p>\n<p>&nbsp;<\/p>\n<ul>\n<li>Um concentrado composto por 97-99% THC<\/li>\n<li>99% THC-A puro<\/li>\n<li>worldwide Shipping<\/li>\n<\/ul>\n<pre><strong>THC Live Diamonds- Superior Extract - buy THC, buy THC Live Diamonds , buy THC Live Diamonds online, Where to THC Live Diamonds- Superior Extract , THC Live Diamonds- Superior Extract for sale,THC Live Diamonds- Superior Extract for sale, buy THC Live online, where to Buy THC Live Diamonds- Superior Extract online,THC Live Diamonds- Superior Extract for sale in usa , USA, canada,uk, buy, online, suppliers, safe delivery, You can still get THC Live Diamonds- Superior Extract , Is THC Live Diamonds- Superior Extract legal in usa, buy THC Live Diamonds- Superior Extract online usa, how to order THC Live Diamonds- Superior Extract , Is THC Live Diamonds- Superior Extract legal in Canada<\/strong><\/pre>","protected":false},"featured_media":9132,"comment_status":"open","ping_status":"closed","template":"","meta":{"_bst_post_transparent":"","_bst_post_title":"","_bst_post_layout":"","_bst_post_sidebar_id":"","_bst_post_content_style":"","_bst_post_vertical_padding":"","_bst_post_feature":"","_bst_post_feature_position":"","_bst_post_header":false,"_bst_post_footer":false},"product_brand":[],"product_cat":[74],"product_tag":[],"product_brands":[],"class_list":{"0":"post-9125","1":"product","2":"type-product","3":"status-publish","4":"has-post-thumbnail","6":"product_cat-hash-hashish","8":"first","9":"instock","10":"shipping-taxable","11":"purchasable","12":"product-type-variable","13":"entry","14":"content-bg","15":"loop-entry"},"tiered_pricing_type":"fixed","tiered_pricing_fixed_rules":[],"tiered_pricing_percentage_rules":[],"tiered_pricing_minimum":1,"_administrator_tiered_pricing_type":"fixed","_administrator_tiered_pricing_fixed_rules":[],"_editor_tiered_pricing_type":"fixed","_editor_tiered_pricing_fixed_rules":[],"_author_tiered_pricing_type":"fixed","_author_tiered_pricing_fixed_rules":[],"_contributor_tiered_pricing_type":"fixed","_contributor_tiered_pricing_fixed_rules":[],"_subscriber_tiered_pricing_type":"fixed","_subscriber_tiered_pricing_fixed_rules":[],"_customer_tiered_pricing_type":"fixed","_customer_tiered_pricing_fixed_rules":[],"_shop_manager_tiered_pricing_type":"fixed","_shop_manager_tiered_pricing_fixed_rules":[],"_wpseo_manager_tiered_pricing_type":"fixed","_wpseo_manager_tiered_pricing_fixed_rules":[],"_wpseo_editor_tiered_pricing_type":"fixed","_wpseo_editor_tiered_pricing_fixed_rules":[],"yoast_head":"<!-- This site is optimized with the Yoast SEO plugin v27.2 - https:\/\/yoast.com\/product\/yoast-seo-wordpress\/ -->\n<title>THC Live Diamonds- Superior Extract - Cheap price, top quality<\/title>\n<meta name=\"description\" content=\"buy THC Live Diamonds Online at an affordable price at stonersmeds. Our hash has high THC, best quality you will find\" \/>\n<meta name=\"robots\" content=\"index, follow, max-snippet:-1, max-image-preview:large, max-video-preview:-1\" \/>\n<link rel=\"canonical\" href=\"https:\/\/stonersmeds.com\/pt\/shop\/thc-live-diamonds-superior-extract\/\" \/>\n<meta property=\"og:locale\" content=\"pt_PT\" \/>\n<meta property=\"og:type\" content=\"article\" \/>\n<meta property=\"og:title\" content=\"THC Live Diamonds- Superior Extract - Cheap price, top quality\" \/>\n<meta property=\"og:description\" content=\"buy THC Live Diamonds Online at an affordable price at stonersmeds. Our hash has high THC, best quality you will find\" \/>\n<meta property=\"og:url\" content=\"https:\/\/stonersmeds.com\/pt\/shop\/thc-live-diamonds-superior-extract\/\" \/>\n<meta property=\"og:site_name\" content=\"stonersmeds.com\" \/>\n<meta property=\"article:modified_time\" content=\"2026-02-22T22:00:11+00:00\" \/>\n<meta property=\"og:image\" content=\"https:\/\/stonersmeds.com\/wp-content\/uploads\/2022\/03\/THC-Live-Diamonds-Superior-Extract.jpg\" \/>\n\t<meta property=\"og:image:width\" content=\"600\" \/>\n\t<meta property=\"og:image:height\" content=\"600\" \/>\n\t<meta property=\"og:image:type\" content=\"image\/jpeg\" \/>\n<meta name=\"twitter:card\" content=\"summary_large_image\" \/>\n<meta name=\"twitter:label1\" content=\"Disponibilidade\" \/>\n\t<meta name=\"twitter:data1\" content=\"Em stock\" \/>\n<script type=\"application\/ld+json\" class=\"yoast-schema-graph\">{\"@context\":\"https:\/\/schema.org\",\"@graph\":[{\"@type\":\"WebPage\",\"@id\":\"https:\/\/stonersmeds.com\/shop\/thc-live-diamonds-superior-extract\/\",\"url\":\"https:\/\/stonersmeds.com\/shop\/thc-live-diamonds-superior-extract\/\",\"name\":\"THC Live Diamonds- Superior Extract - Cheap price, top quality\",\"isPartOf\":{\"@id\":\"https:\/\/stonersmeds.com\/#website\"},\"primaryImageOfPage\":{\"@id\":\"https:\/\/stonersmeds.com\/shop\/thc-live-diamonds-superior-extract\/#primaryimage\"},\"image\":{\"@id\":\"https:\/\/stonersmeds.com\/shop\/thc-live-diamonds-superior-extract\/#primaryimage\"},\"thumbnailUrl\":\"https:\/\/stonersmeds.com\/wp-content\/uploads\/2022\/03\/THC-Live-Diamonds-Superior-Extract.jpg\",\"datePublished\":\"2022-03-11T13:50:44+00:00\",\"dateModified\":\"2026-02-22T22:00:11+00:00\",\"description\":\"buy THC Live Diamonds Online at an affordable price at stonersmeds. Our hash has high THC, best quality you will find\",\"breadcrumb\":{\"@id\":\"https:\/\/stonersmeds.com\/shop\/thc-live-diamonds-superior-extract\/#breadcrumb\"},\"inLanguage\":\"pt-PT\",\"potentialAction\":[{\"@type\":\"ReadAction\",\"target\":[\"https:\/\/stonersmeds.com\/shop\/thc-live-diamonds-superior-extract\/\"]}]},{\"@type\":\"ImageObject\",\"inLanguage\":\"pt-PT\",\"@id\":\"https:\/\/stonersmeds.com\/shop\/thc-live-diamonds-superior-extract\/#primaryimage\",\"url\":\"https:\/\/stonersmeds.com\/wp-content\/uploads\/2022\/03\/THC-Live-Diamonds-Superior-Extract.jpg\",\"contentUrl\":\"https:\/\/stonersmeds.com\/wp-content\/uploads\/2022\/03\/THC-Live-Diamonds-Superior-Extract.jpg\",\"width\":600,\"height\":600},{\"@type\":\"BreadcrumbList\",\"@id\":\"https:\/\/stonersmeds.com\/shop\/thc-live-diamonds-superior-extract\/#breadcrumb\",\"itemListElement\":[{\"@type\":\"ListItem\",\"position\":1,\"name\":\"Home\",\"item\":\"https:\/\/stonersmeds.com\/\"},{\"@type\":\"ListItem\",\"position\":2,\"name\":\"Shop\",\"item\":\"https:\/\/stonersmeds.com\/shop\/\"},{\"@type\":\"ListItem\",\"position\":3,\"name\":\"THC Live Diamonds- Superior Extract\"}]},{\"@type\":\"WebSite\",\"@id\":\"https:\/\/stonersmeds.com\/#website\",\"url\":\"https:\/\/stonersmeds.com\/\",\"name\":\"stonersmeds.com\",\"description\":\"verschreibungspflichtige Medizin kaufen\",\"publisher\":{\"@id\":\"https:\/\/stonersmeds.com\/#organization\"},\"alternateName\":\"Research chemical shop\",\"potentialAction\":[{\"@type\":\"SearchAction\",\"target\":{\"@type\":\"EntryPoint\",\"urlTemplate\":\"https:\/\/stonersmeds.com\/?s={search_term_string}\"},\"query-input\":{\"@type\":\"PropertyValueSpecification\",\"valueRequired\":true,\"valueName\":\"search_term_string\"}}],\"inLanguage\":\"pt-PT\"},{\"@type\":\"Organization\",\"@id\":\"https:\/\/stonersmeds.com\/#organization\",\"name\":\"Stonersmeds Shop\",\"url\":\"https:\/\/stonersmeds.com\/\",\"logo\":{\"@type\":\"ImageObject\",\"inLanguage\":\"pt-PT\",\"@id\":\"https:\/\/stonersmeds.com\/#\/schema\/logo\/image\/\",\"url\":\"https:\/\/stonersmeds.com\/wp-content\/uploads\/2026\/02\/high-purity-DMT-powder.jpg\",\"contentUrl\":\"https:\/\/stonersmeds.com\/wp-content\/uploads\/2026\/02\/high-purity-DMT-powder.jpg\",\"width\":500,\"height\":500,\"caption\":\"Stonersmeds Shop\"},\"image\":{\"@id\":\"https:\/\/stonersmeds.com\/#\/schema\/logo\/image\/\"}}]}<\/script>\n<meta property=\"og:availability\" content=\"instock\" \/>\n<meta property=\"product:availability\" content=\"instock\" \/>\n<meta property=\"product:condition\" content=\"new\" \/>\n<!-- \/ Yoast SEO plugin. -->","yoast_head_json":{"title":"THC Live Diamonds- Superior Extract - Cheap price, top quality","description":"buy THC Live Diamonds Online at an affordable price at stonersmeds. Our hash has high THC, best quality you will find","robots":{"index":"index","follow":"follow","max-snippet":"max-snippet:-1","max-image-preview":"max-image-preview:large","max-video-preview":"max-video-preview:-1"},"canonical":"https:\/\/stonersmeds.com\/pt\/shop\/thc-live-diamonds-superior-extract\/","og_locale":"pt_PT","og_type":"article","og_title":"THC Live Diamonds- Superior Extract - Cheap price, top quality","og_description":"buy THC Live Diamonds Online at an affordable price at stonersmeds. Our hash has high THC, best quality you will find","og_url":"https:\/\/stonersmeds.com\/pt\/shop\/thc-live-diamonds-superior-extract\/","og_site_name":"stonersmeds.com","article_modified_time":"2026-02-22T22:00:11+00:00","og_image":[{"width":600,"height":600,"url":"https:\/\/stonersmeds.com\/wp-content\/uploads\/2022\/03\/THC-Live-Diamonds-Superior-Extract.jpg","type":"image\/jpeg"}],"twitter_card":"summary_large_image","twitter_misc":{"Disponibilidade":"Em stock"},"schema":{"@context":"https:\/\/schema.org","@graph":[{"@type":"WebPage","@id":"https:\/\/stonersmeds.com\/shop\/thc-live-diamonds-superior-extract\/","url":"https:\/\/stonersmeds.com\/shop\/thc-live-diamonds-superior-extract\/","name":"THC Live Diamonds- Superior Extract - Cheap price, top quality","isPartOf":{"@id":"https:\/\/stonersmeds.com\/#website"},"primaryImageOfPage":{"@id":"https:\/\/stonersmeds.com\/shop\/thc-live-diamonds-superior-extract\/#primaryimage"},"image":{"@id":"https:\/\/stonersmeds.com\/shop\/thc-live-diamonds-superior-extract\/#primaryimage"},"thumbnailUrl":"https:\/\/stonersmeds.com\/wp-content\/uploads\/2022\/03\/THC-Live-Diamonds-Superior-Extract.jpg","datePublished":"2022-03-11T13:50:44+00:00","dateModified":"2026-02-22T22:00:11+00:00","description":"buy THC Live Diamonds Online at an affordable price at stonersmeds. Our hash has high THC, best quality you will find","breadcrumb":{"@id":"https:\/\/stonersmeds.com\/shop\/thc-live-diamonds-superior-extract\/#breadcrumb"},"inLanguage":"pt-PT","potentialAction":[{"@type":"ReadAction","target":["https:\/\/stonersmeds.com\/shop\/thc-live-diamonds-superior-extract\/"]}]},{"@type":"ImageObject","inLanguage":"pt-PT","@id":"https:\/\/stonersmeds.com\/shop\/thc-live-diamonds-superior-extract\/#primaryimage","url":"https:\/\/stonersmeds.com\/wp-content\/uploads\/2022\/03\/THC-Live-Diamonds-Superior-Extract.jpg","contentUrl":"https:\/\/stonersmeds.com\/wp-content\/uploads\/2022\/03\/THC-Live-Diamonds-Superior-Extract.jpg","width":600,"height":600},{"@type":"BreadcrumbList","@id":"https:\/\/stonersmeds.com\/shop\/thc-live-diamonds-superior-extract\/#breadcrumb","itemListElement":[{"@type":"ListItem","position":1,"name":"Home","item":"https:\/\/stonersmeds.com\/"},{"@type":"ListItem","position":2,"name":"Shop","item":"https:\/\/stonersmeds.com\/shop\/"},{"@type":"ListItem","position":3,"name":"THC Live Diamonds- Superior Extract"}]},{"@type":"WebSite","@id":"https:\/\/stonersmeds.com\/#website","url":"https:\/\/stonersmeds.com\/","name":"stonersmeds. com","description":"verschreibungspflichtige Medizin kaufen","publisher":{"@id":"https:\/\/stonersmeds.com\/#organization"},"alternateName":"Research chemical shop","potentialAction":[{"@type":"SearchAction","target":{"@type":"EntryPoint","urlTemplate":"https:\/\/stonersmeds.com\/?s={search_term_string}"},"query-input":{"@type":"PropertyValueSpecification","valueRequired":true,"valueName":"search_term_string"}}],"inLanguage":"pt-PT"},{"@type":"Organization","@id":"https:\/\/stonersmeds.com\/#organization","name":"Stonersmeds Shop","url":"https:\/\/stonersmeds.com\/","logo":{"@type":"ImageObject","inLanguage":"pt-PT","@id":"https:\/\/stonersmeds.com\/#\/schema\/logo\/image\/","url":"https:\/\/stonersmeds.com\/wp-content\/uploads\/2026\/02\/high-purity-DMT-powder.jpg","contentUrl":"https:\/\/stonersmeds.com\/wp-content\/uploads\/2026\/02\/high-purity-DMT-powder.jpg","width":500,"height":500,"caption":"Stonersmeds Shop"},"image":{"@id":"https:\/\/stonersmeds.com\/#\/schema\/logo\/image\/"}}]},"og_availability":"instock","product_availability":"instock","product_condition":"new"},"_links":{"self":[{"href":"https:\/\/stonersmeds.com\/pt\/wp-json\/wp\/v2\/product\/9125","targetHints":{"allow":["GET"]}}],"collection":[{"href":"https:\/\/stonersmeds.com\/pt\/wp-json\/wp\/v2\/product"}],"about":[{"href":"https:\/\/stonersmeds.com\/pt\/wp-json\/wp\/v2\/types\/product"}],"replies":[{"embeddable":true,"href":"https:\/\/stonersmeds.com\/pt\/wp-json\/wp\/v2\/comments?post=9125"}],"version-history":[{"count":0,"href":"https:\/\/stonersmeds.com\/pt\/wp-json\/wp\/v2\/product\/9125\/revisions"}],"wp:featuredmedia":[{"embeddable":true,"href":"https:\/\/stonersmeds.com\/pt\/wp-json\/wp\/v2\/media\/9132"}],"wp:attachment":[{"href":"https:\/\/stonersmeds.com\/pt\/wp-json\/wp\/v2\/media?parent=9125"}],"wp:term":[{"taxonomy":"product_brand","embeddable":true,"href":"https:\/\/stonersmeds.com\/pt\/wp-json\/wp\/v2\/product_brand?post=9125"},{"taxonomy":"product_cat","embeddable":true,"href":"https:\/\/stonersmeds.com\/pt\/wp-json\/wp\/v2\/product_cat?post=9125"},{"taxonomy":"product_tag","embeddable":true,"href":"https:\/\/stonersmeds.com\/pt\/wp-json\/wp\/v2\/product_tag?post=9125"},{"taxonomy":"product_brands","embeddable":true,"href":"https:\/\/stonersmeds.com\/pt\/wp-json\/wp\/v2\/product_brands?post=9125"}],"curies":[{"name":"wp","href":"https:\/\/api.w.org\/{rel}","templated":true}]}}