{"id":9208,"date":"2022-03-11T14:37:25","date_gmt":"2022-03-11T14:37:25","guid":{"rendered":"https:\/\/stonersmeds.com\/?post_type=product&#038;p=9208"},"modified":"2026-02-24T21:20:05","modified_gmt":"2026-02-24T19:20:05","slug":"buy-k2-incense-spray-online-spice","status":"publish","type":"product","link":"https:\/\/stonersmeds.com\/pt\/shop\/buy-k2-incense-spray-online-spice\/","title":{"rendered":"Compre o spray de incenso K2 on-line (SPICE)"},"content":{"rendered":"<h1>Comprar K2 Incense Spray Online<\/h1>\n<p>Comprar K2 Incense Spray - Temos tamb\u00e9m\u00a0<a href=\"https:\/\/www.lawsonspharmacy24.com\/product\/drug\/buy-mephedrone-hydrochloride-4-mmc-online\/\">Papel K2 para venda<\/a>.\u00a0<strong>inodoro e incolor<\/strong>\u00a0K2 spray dispon\u00edvel para venda.\u00a0<em>S\u00e3o necess\u00e1rios 25ml para pulverizar uma folha de papel A4 inteira.\u00a0<a href=\"https:\/\/casadelamedicina.es\/english\/contact-us\/\">Comprar K2 Incense Spray Online<\/a>\u00a0(SPICE)<br \/>\n<\/em><\/p>\n<p>Flavor e K2 s\u00e3o os dois nomes b\u00e1sicos que s\u00e3o utilizados para a Marijuana fabricada. S\u00e3o criados a partir de material vegetal seco injectado com um canabin\u00f3ide engenhoso. Os canabin\u00f3ides concebidos s\u00e3o misturas fabricadas que ajudam os receptores de canabin\u00f3ides do c\u00e9rebro correspondendo ao Delta9-tetrahidrocanabinol (THC) - a subst\u00e2ncia din\u00e2mica respons\u00e1vel pelos efeitos da Marijuana. Os indiv\u00edduos que utilizam Spice reportam sensa\u00e7\u00f5es como a da Marijuana \u00e9 uma planta que cont\u00e9m Cannabinoides, que s\u00e3o misturas de misturas. Flavor e K2 s\u00e3o dois nomes usados para retratar uma reuni\u00e3o de receitas conhecidas como canabin\u00f3ides concebidos (engenheirados). S\u00e3o criados a partir de materiais vegetais secos que foram salpicados com subst\u00e2ncias fabricadas que alteram a mente. Estes medicamentos produzidos foram inicialmente arranjados por analistas a fim de serem utilizados no exame.<\/p>\n<h3>Compre o spray de incenso K2 on-line (SPICE)<\/h3>\n<p>Al\u00e9m disso, o K2 vem em estrutura l\u00edquida para ser deteriorado em e-cigarettes. Tamb\u00e9m \u00e9 fumado atrav\u00e9s de cachimbos, em juntas, ou transformado em ch\u00e1. Na sua estrutura l\u00edquida, o K2 \u00e9 depois polvilhado em plantas, papel, de fibras. Os efeitos de fumar Spice podem duplicar a sensa\u00e7\u00e3o de fumar erva, mas as principais raz\u00f5es pelas quais as pessoas fumam Spice \u00e9 porque \u00e9 humilde, e considerando a forma como se sabe que \u00e9 ... Esta subst\u00e2ncia \u00e9 normalmente vendida como uma mat\u00e9ria vegetal. Apesar da forma como vendemos o not\u00e1vel sabor do k2, o agregado das nossas misturas artificiais \u00e9 completamente educado em rela\u00e7\u00e3o \u00e0s regras actuais. Comprar Incenso Herbal Online Forte K2 Incenso Herbal para Ignite Sentidos! Enquanto outros vendem misturas mortas sem imita\u00e7\u00e3o de poder, ao comprar-nos o K2, a nossa qualidade fala por si sem qualquer problema! Vendemos magn\u00edficos Incensos de Ervas e somos excepcionais entre outros comerciantes de Zing de Ervas. Sabor, al\u00e9m disso normalmente conhecido como K2, Marijuana Sint\u00e9tica, e Spray de Incenso de Erva Sint\u00e9tica, o spray de k2 para venda \u00e9 um spray de rua feito pelo homem, silencioso, contendo subst\u00e2ncias artificiais regadas com sabores. O k2 l\u00edquido sobre papel. Comprar K2 Spray e incenso l\u00edquido na web. Adquira papel K2 zing de qualidade e coloque-o \u00e0 sua porta. Est\u00e1 na loja certa para dominar os l\u00edquidos de incenso local K2 e os E-L\u00edquidos borrifados na web. Vendemos os dominios do l\u00edquido K2 l\u00edquido local com as despesas mais reduzidas para satisfazer as necessidades de todos os clientes nos EUA e em todo o mundo. Outro uso not\u00e1vel \u00e9 para fazer um duche K2, pelo que ser\u00e1 em geral aplicado topicamente. \u00c9 genuinamente essencial. Produziu canabin\u00f3ides, conhecidos normalmente pelo nome de \"Flavor\" ou \"K2\", abertos pela primeira vez nos E.U.A. durante os anos 2000. Papel Aut\u00eantico de Especiarias K2 Alto. Temos o melhor papel de mistura K2 acess\u00edvel para ser comprado na web. Adquira-o agora. O que \u00e9 a Marijuana (canabin\u00f3ides fabricados, K2, ou Especiaria)? Temos o melhor incenso local em stock na web.<\/p>\n<p>&nbsp;<\/p>\n<pre><strong>Comprar K2 Incense Spray - Incenso Bizarro herbal, l\u00edquido k2, l\u00edquido k2 nas pris\u00f5es, k2 l\u00edquido, k2 incenso l\u00edquido, o k2, comprar k2 Spice Spray,erva sint\u00e9tica, marijuana sint\u00e9tica,k2 droga, Comprar k2 l\u00edquido Spice,k2 gotas l\u00edquidas, como colocar k2 l\u00edquido em papel, onde posso comprar k2 e-liquido, incenso bizarro, k2 spray, k2 spray l\u00edquido, Comprar Bizarro L\u00edquido K2 Spray Online, Bizarro L\u00edquido K2 Spray, k2 erva daninha, bizarro, incenso l\u00edquido bizarro, k2 spray sobre papel, k2 spray para venda, K2 spray qu\u00edmico, Diablo, erva sint\u00e9tica, k2 erva daninha, k2 spray, k2, diablo k2, diablo k2 para venda, , diablo incenso l\u00edquido, diablo incenso herbal, diablo incenso herbal para venda, k2 spray sobre papel,comprar,comprar,cofre,online,<\/strong><\/pre>","protected":false},"excerpt":{"rendered":"<p><strong>inodoro e incolor<\/strong>\u00a0K2 spray dispon\u00edvel para venda.\u00a0<em><strong>S\u00e3o necess\u00e1rios 25ml para pulverizar uma folha de papel A4 inteira.\u00a0\u00a0<\/strong><\/em>Temos tamb\u00e9m<strong>\u00a0Papel K2<\/strong>\u00a0para venda.<\/p>","protected":false},"featured_media":9213,"comment_status":"open","ping_status":"closed","template":"","meta":{"_bst_post_transparent":"","_bst_post_title":"","_bst_post_layout":"","_bst_post_sidebar_id":"","_bst_post_content_style":"","_bst_post_vertical_padding":"","_bst_post_feature":"","_bst_post_feature_position":"","_bst_post_header":false,"_bst_post_footer":false},"product_brand":[],"product_cat":[82],"product_tag":[],"product_brands":[],"class_list":{"0":"post-9208","1":"product","2":"type-product","3":"status-publish","4":"has-post-thumbnail","6":"product_cat-k2-paper-and-spray","8":"first","9":"instock","10":"shipping-taxable","11":"purchasable","12":"product-type-variable","13":"entry","14":"content-bg","15":"loop-entry"},"tiered_pricing_type":"fixed","tiered_pricing_fixed_rules":[],"tiered_pricing_percentage_rules":[],"tiered_pricing_minimum":1,"_administrator_tiered_pricing_type":"fixed","_administrator_tiered_pricing_fixed_rules":[],"_editor_tiered_pricing_type":"fixed","_editor_tiered_pricing_fixed_rules":[],"_author_tiered_pricing_type":"fixed","_author_tiered_pricing_fixed_rules":[],"_contributor_tiered_pricing_type":"fixed","_contributor_tiered_pricing_fixed_rules":[],"_subscriber_tiered_pricing_type":"fixed","_subscriber_tiered_pricing_fixed_rules":[],"_customer_tiered_pricing_type":"fixed","_customer_tiered_pricing_fixed_rules":[],"_shop_manager_tiered_pricing_type":"fixed","_shop_manager_tiered_pricing_fixed_rules":[],"_wpseo_manager_tiered_pricing_type":"fixed","_wpseo_manager_tiered_pricing_fixed_rules":[],"_wpseo_editor_tiered_pricing_type":"fixed","_wpseo_editor_tiered_pricing_fixed_rules":[],"yoast_head":"<!-- This site is optimized with the Yoast SEO plugin v27.2 - https:\/\/yoast.com\/product\/yoast-seo-wordpress\/ -->\n<title>Buy K2 Incense Spray Online (SPICE) - Cheap price, top quality<\/title>\n<meta name=\"description\" content=\"Buy K2 Incense Spray Online at an affordable price at stonersmeds. All products are lab qualified and have premium quality.\" \/>\n<meta name=\"robots\" content=\"index, follow, max-snippet:-1, max-image-preview:large, max-video-preview:-1\" \/>\n<link rel=\"canonical\" href=\"https:\/\/stonersmeds.com\/pt\/shop\/buy-k2-incense-spray-online-spice\/\" \/>\n<meta property=\"og:locale\" content=\"pt_PT\" \/>\n<meta property=\"og:type\" content=\"article\" \/>\n<meta property=\"og:title\" content=\"Buy K2 Incense Spray Online (SPICE) - Cheap price, top quality\" \/>\n<meta property=\"og:description\" content=\"Buy K2 Incense Spray Online at an affordable price at stonersmeds. All products are lab qualified and have premium quality.\" \/>\n<meta property=\"og:url\" content=\"https:\/\/stonersmeds.com\/pt\/shop\/buy-k2-incense-spray-online-spice\/\" \/>\n<meta property=\"og:site_name\" content=\"stonersmeds.com\" \/>\n<meta property=\"article:modified_time\" content=\"2026-02-24T19:20:05+00:00\" \/>\n<meta property=\"og:image\" content=\"https:\/\/stonersmeds.com\/wp-content\/uploads\/2022\/03\/sp.jpg\" \/>\n\t<meta property=\"og:image:width\" content=\"600\" \/>\n\t<meta property=\"og:image:height\" content=\"600\" \/>\n\t<meta property=\"og:image:type\" content=\"image\/jpeg\" \/>\n<meta name=\"twitter:card\" content=\"summary_large_image\" \/>\n<meta name=\"twitter:label1\" content=\"Disponibilidade\" \/>\n\t<meta name=\"twitter:data1\" content=\"Em stock\" \/>\n<script type=\"application\/ld+json\" class=\"yoast-schema-graph\">{\"@context\":\"https:\/\/schema.org\",\"@graph\":[{\"@type\":\"WebPage\",\"@id\":\"https:\/\/stonersmeds.com\/shop\/buy-k2-incense-spray-online-spice\/\",\"url\":\"https:\/\/stonersmeds.com\/shop\/buy-k2-incense-spray-online-spice\/\",\"name\":\"Buy K2 Incense Spray Online (SPICE) - Cheap price, top quality\",\"isPartOf\":{\"@id\":\"https:\/\/stonersmeds.com\/#website\"},\"primaryImageOfPage\":{\"@id\":\"https:\/\/stonersmeds.com\/shop\/buy-k2-incense-spray-online-spice\/#primaryimage\"},\"image\":{\"@id\":\"https:\/\/stonersmeds.com\/shop\/buy-k2-incense-spray-online-spice\/#primaryimage\"},\"thumbnailUrl\":\"https:\/\/stonersmeds.com\/wp-content\/uploads\/2022\/03\/sp.jpg\",\"datePublished\":\"2022-03-11T14:37:25+00:00\",\"dateModified\":\"2026-02-24T19:20:05+00:00\",\"description\":\"Buy K2 Incense Spray Online at an affordable price at stonersmeds. All products are lab qualified and have premium quality.\",\"breadcrumb\":{\"@id\":\"https:\/\/stonersmeds.com\/shop\/buy-k2-incense-spray-online-spice\/#breadcrumb\"},\"inLanguage\":\"pt-PT\",\"potentialAction\":[{\"@type\":\"ReadAction\",\"target\":[\"https:\/\/stonersmeds.com\/shop\/buy-k2-incense-spray-online-spice\/\"]}]},{\"@type\":\"ImageObject\",\"inLanguage\":\"pt-PT\",\"@id\":\"https:\/\/stonersmeds.com\/shop\/buy-k2-incense-spray-online-spice\/#primaryimage\",\"url\":\"https:\/\/stonersmeds.com\/wp-content\/uploads\/2022\/03\/sp.jpg\",\"contentUrl\":\"https:\/\/stonersmeds.com\/wp-content\/uploads\/2022\/03\/sp.jpg\",\"width\":600,\"height\":600},{\"@type\":\"BreadcrumbList\",\"@id\":\"https:\/\/stonersmeds.com\/shop\/buy-k2-incense-spray-online-spice\/#breadcrumb\",\"itemListElement\":[{\"@type\":\"ListItem\",\"position\":1,\"name\":\"Home\",\"item\":\"https:\/\/stonersmeds.com\/\"},{\"@type\":\"ListItem\",\"position\":2,\"name\":\"Shop\",\"item\":\"https:\/\/stonersmeds.com\/shop\/\"},{\"@type\":\"ListItem\",\"position\":3,\"name\":\"Buy K2 Incense Spray Online (SPICE)\"}]},{\"@type\":\"WebSite\",\"@id\":\"https:\/\/stonersmeds.com\/#website\",\"url\":\"https:\/\/stonersmeds.com\/\",\"name\":\"stonersmeds.com\",\"description\":\"verschreibungspflichtige Medizin kaufen\",\"publisher\":{\"@id\":\"https:\/\/stonersmeds.com\/#organization\"},\"alternateName\":\"Research chemical shop\",\"potentialAction\":[{\"@type\":\"SearchAction\",\"target\":{\"@type\":\"EntryPoint\",\"urlTemplate\":\"https:\/\/stonersmeds.com\/?s={search_term_string}\"},\"query-input\":{\"@type\":\"PropertyValueSpecification\",\"valueRequired\":true,\"valueName\":\"search_term_string\"}}],\"inLanguage\":\"pt-PT\"},{\"@type\":\"Organization\",\"@id\":\"https:\/\/stonersmeds.com\/#organization\",\"name\":\"Stonersmeds Shop\",\"url\":\"https:\/\/stonersmeds.com\/\",\"logo\":{\"@type\":\"ImageObject\",\"inLanguage\":\"pt-PT\",\"@id\":\"https:\/\/stonersmeds.com\/#\/schema\/logo\/image\/\",\"url\":\"https:\/\/stonersmeds.com\/wp-content\/uploads\/2026\/02\/high-purity-DMT-powder.jpg\",\"contentUrl\":\"https:\/\/stonersmeds.com\/wp-content\/uploads\/2026\/02\/high-purity-DMT-powder.jpg\",\"width\":500,\"height\":500,\"caption\":\"Stonersmeds Shop\"},\"image\":{\"@id\":\"https:\/\/stonersmeds.com\/#\/schema\/logo\/image\/\"}}]}<\/script>\n<meta property=\"og:availability\" content=\"instock\" \/>\n<meta property=\"product:availability\" content=\"instock\" \/>\n<meta property=\"product:condition\" content=\"new\" \/>\n<!-- \/ Yoast SEO plugin. -->","yoast_head_json":{"title":"Comprar K2 Incense Spray Online (SPICE) - Pre\u00e7o barato, qualidade superior","description":"Comprar o K2 Incense Spray Online a um pre\u00e7o acess\u00edvel a pedrarias. Todos os produtos s\u00e3o qualificados em laborat\u00f3rio e t\u00eam qualidade superior.","robots":{"index":"index","follow":"follow","max-snippet":"max-snippet:-1","max-image-preview":"max-image-preview:large","max-video-preview":"max-video-preview:-1"},"canonical":"https:\/\/stonersmeds.com\/pt\/shop\/buy-k2-incense-spray-online-spice\/","og_locale":"pt_PT","og_type":"article","og_title":"Buy K2 Incense Spray Online (SPICE) - Cheap price, top quality","og_description":"Buy K2 Incense Spray Online at an affordable price at stonersmeds. All products are lab qualified and have premium quality.","og_url":"https:\/\/stonersmeds.com\/pt\/shop\/buy-k2-incense-spray-online-spice\/","og_site_name":"stonersmeds.com","article_modified_time":"2026-02-24T19:20:05+00:00","og_image":[{"width":600,"height":600,"url":"https:\/\/stonersmeds.com\/wp-content\/uploads\/2022\/03\/sp.jpg","type":"image\/jpeg"}],"twitter_card":"summary_large_image","twitter_misc":{"Disponibilidade":"Em stock"},"schema":{"@context":"https:\/\/schema.org","@graph":[{"@type":"WebPage","@id":"https:\/\/stonersmeds.com\/shop\/buy-k2-incense-spray-online-spice\/","url":"https:\/\/stonersmeds.com\/shop\/buy-k2-incense-spray-online-spice\/","name":"Comprar K2 Incense Spray Online (SPICE) - Pre\u00e7o barato, qualidade superior","isPartOf":{"@id":"https:\/\/stonersmeds.com\/#website"},"primaryImageOfPage":{"@id":"https:\/\/stonersmeds.com\/shop\/buy-k2-incense-spray-online-spice\/#primaryimage"},"image":{"@id":"https:\/\/stonersmeds.com\/shop\/buy-k2-incense-spray-online-spice\/#primaryimage"},"thumbnailUrl":"https:\/\/stonersmeds.com\/wp-content\/uploads\/2022\/03\/sp.jpg","datePublished":"2022-03-11T14:37:25+00:00","dateModified":"2026-02-24T19:20:05+00:00","description":"Comprar o K2 Incense Spray Online a um pre\u00e7o acess\u00edvel a pedrarias. Todos os produtos s\u00e3o qualificados em laborat\u00f3rio e t\u00eam qualidade superior.","breadcrumb":{"@id":"https:\/\/stonersmeds.com\/shop\/buy-k2-incense-spray-online-spice\/#breadcrumb"},"inLanguage":"pt-PT","potentialAction":[{"@type":"ReadAction","target":["https:\/\/stonersmeds.com\/shop\/buy-k2-incense-spray-online-spice\/"]}]},{"@type":"ImageObject","inLanguage":"pt-PT","@id":"https:\/\/stonersmeds.com\/shop\/buy-k2-incense-spray-online-spice\/#primaryimage","url":"https:\/\/stonersmeds.com\/wp-content\/uploads\/2022\/03\/sp.jpg","contentUrl":"https:\/\/stonersmeds.com\/wp-content\/uploads\/2022\/03\/sp.jpg","width":600,"height":600},{"@type":"BreadcrumbList","@id":"https:\/\/stonersmeds.com\/shop\/buy-k2-incense-spray-online-spice\/#breadcrumb","itemListElement":[{"@type":"ListItem","position":1,"name":"Home","item":"https:\/\/stonersmeds.com\/"},{"@type":"ListItem","position":2,"name":"Shop","item":"https:\/\/stonersmeds.com\/shop\/"},{"@type":"ListItem","position":3,"name":"Buy K2 Incense Spray Online (SPICE)"}]},{"@type":"WebSite","@id":"https:\/\/stonersmeds.com\/#website","url":"https:\/\/stonersmeds.com\/","name":"stonersmeds. com","description":"verschreibungspflichtige Medizin kaufen","publisher":{"@id":"https:\/\/stonersmeds.com\/#organization"},"alternateName":"Research chemical shop","potentialAction":[{"@type":"SearchAction","target":{"@type":"EntryPoint","urlTemplate":"https:\/\/stonersmeds.com\/?s={search_term_string}"},"query-input":{"@type":"PropertyValueSpecification","valueRequired":true,"valueName":"search_term_string"}}],"inLanguage":"pt-PT"},{"@type":"Organization","@id":"https:\/\/stonersmeds.com\/#organization","name":"Stonersmeds Shop","url":"https:\/\/stonersmeds.com\/","logo":{"@type":"ImageObject","inLanguage":"pt-PT","@id":"https:\/\/stonersmeds.com\/#\/schema\/logo\/image\/","url":"https:\/\/stonersmeds.com\/wp-content\/uploads\/2026\/02\/high-purity-DMT-powder.jpg","contentUrl":"https:\/\/stonersmeds.com\/wp-content\/uploads\/2026\/02\/high-purity-DMT-powder.jpg","width":500,"height":500,"caption":"Stonersmeds Shop"},"image":{"@id":"https:\/\/stonersmeds.com\/#\/schema\/logo\/image\/"}}]},"og_availability":"instock","product_availability":"instock","product_condition":"new"},"_links":{"self":[{"href":"https:\/\/stonersmeds.com\/pt\/wp-json\/wp\/v2\/product\/9208","targetHints":{"allow":["GET"]}}],"collection":[{"href":"https:\/\/stonersmeds.com\/pt\/wp-json\/wp\/v2\/product"}],"about":[{"href":"https:\/\/stonersmeds.com\/pt\/wp-json\/wp\/v2\/types\/product"}],"replies":[{"embeddable":true,"href":"https:\/\/stonersmeds.com\/pt\/wp-json\/wp\/v2\/comments?post=9208"}],"version-history":[{"count":0,"href":"https:\/\/stonersmeds.com\/pt\/wp-json\/wp\/v2\/product\/9208\/revisions"}],"wp:featuredmedia":[{"embeddable":true,"href":"https:\/\/stonersmeds.com\/pt\/wp-json\/wp\/v2\/media\/9213"}],"wp:attachment":[{"href":"https:\/\/stonersmeds.com\/pt\/wp-json\/wp\/v2\/media?parent=9208"}],"wp:term":[{"taxonomy":"product_brand","embeddable":true,"href":"https:\/\/stonersmeds.com\/pt\/wp-json\/wp\/v2\/product_brand?post=9208"},{"taxonomy":"product_cat","embeddable":true,"href":"https:\/\/stonersmeds.com\/pt\/wp-json\/wp\/v2\/product_cat?post=9208"},{"taxonomy":"product_tag","embeddable":true,"href":"https:\/\/stonersmeds.com\/pt\/wp-json\/wp\/v2\/product_tag?post=9208"},{"taxonomy":"product_brands","embeddable":true,"href":"https:\/\/stonersmeds.com\/pt\/wp-json\/wp\/v2\/product_brands?post=9208"}],"curies":[{"name":"wp","href":"https:\/\/api.w.org\/{rel}","templated":true}]}}