{"id":9315,"date":"2022-03-11T15:24:48","date_gmt":"2022-03-11T15:24:48","guid":{"rendered":"https:\/\/stonersmeds.com\/?post_type=product&#038;p=9315"},"modified":"2026-02-24T06:30:31","modified_gmt":"2026-02-24T04:30:31","slug":"buy-blue-dream-sativa-strain-online","status":"publish","type":"product","link":"https:\/\/stonersmeds.com\/pt\/shop\/buy-blue-dream-sativa-strain-online\/","title":{"rendered":"Compre on-line Blue Dream Sativa Strain"},"content":{"rendered":"<h1>Compre online a linhagem Blue Dream Sativa.<\/h1>\n<p>Compre online a linhagem Blue Dream Sativa.<\/p>\n<h4>H\u00edbrido Sativa Dominante - 60% Sativa \/ 40% Indica<\/h4>\n<h4>THC: 17% - 24%, CBD:\u00a0<em>2<\/em>%, CBN:\u00a0<em>1<\/em>%<\/h4>\n<p><strong>Efeitos<\/strong><br \/>\nCriativo, Energizante, Euforia, Feliz<br \/>\n<strong>Pode aliviar<\/strong><br \/>\nADD\/ADHD, Ansiedade, Transtorno Bipolar, Dor Cr\u00f4nica, Depress\u00e3o, Fadiga, Dores de Cabe\u00e7a, Hiperatividade<br \/>\n<strong>Sabores<\/strong><br \/>\nBaga, Mirtilo, Frutado, Ervas, Doce, Baunilha<br \/>\n<strong>Aromas<\/strong><br \/>\nTerroso, Frutado, Doce, Baunilha<\/p>\n<p>&nbsp;<\/p>\n<p>&nbsp;<\/p>\n<p>&nbsp;<\/p>\n<pre><strong>Comprar Blue Dream Sativa Strain Online - comprar Sativa Strain , comprar Blue Dream Sativa Strain , comprar Blue Sativa Strain online, Onde Comprar Blue Dream Sativa Strain , Blue Dream Sativa Strain \u00e0 venda, Sativa Strain \u00e0 venda, comprar Blue Sativa Strain online, onde comprar Blue Dream Sativa Strain online, Blue Dream Sativa Strain \u00e0 venda nos eua, EUA, canad\u00e1, reino unido, comprar, online, fornecedores, entrega segura, Voc\u00ea ainda pode obter Blue Dream Sativa Strain, Blue Dream Sativa Strain \u00e9 legal nos eua, comprar Blue Dream Sativa Strain online eua, como encomendar Blue Dream Sativa Strain , Blue Dream Sativa Strain \u00e9 legal no Canad\u00e1<\/strong><\/pre>","protected":false},"excerpt":{"rendered":"<p>Comprar Blue Dream Sativa Strain Online. comprar maconha online com ou sem um cart\u00e3o de maconha medicinal. Venda de marijuana por correio.<\/p>\n<pre><strong>Comprar Blue Dream Sativa Strain Online - comprar Sativa Strain , comprar Blue Dream Sativa Strain , comprar Blue Sativa Strain online, Onde Comprar Blue Dream Sativa Strain , Blue Dream Sativa Strain \u00e0 venda, Sativa Strain \u00e0 venda, comprar Blue Sativa Strain online, onde comprar Blue Dream Sativa Strain online, Blue Dream Sativa Strain \u00e0 venda nos eua, EUA, canad\u00e1, reino unido, comprar, online, fornecedores, entrega segura, Voc\u00ea ainda pode obter Blue Dream Sativa Strain, Blue Dream Sativa Strain \u00e9 legal nos eua, comprar Blue Dream Sativa Strain online eua, como encomendar Blue Dream Sativa Strain , Blue Dream Sativa Strain \u00e9 legal no Canad\u00e1<\/strong><\/pre>","protected":false},"featured_media":9323,"comment_status":"open","ping_status":"closed","template":"","meta":{"_bst_post_transparent":"","_bst_post_title":"","_bst_post_layout":"","_bst_post_sidebar_id":"","_bst_post_content_style":"","_bst_post_vertical_padding":"","_bst_post_feature":"","_bst_post_feature_position":"","_bst_post_header":false,"_bst_post_footer":false},"product_brand":[],"product_cat":[81],"product_tag":[],"product_brands":[],"class_list":{"0":"post-9315","1":"product","2":"type-product","3":"status-publish","4":"has-post-thumbnail","6":"product_cat-marijuana-medical-cannabis","8":"first","9":"instock","10":"shipping-taxable","11":"purchasable","12":"product-type-variable","13":"entry","14":"content-bg","15":"loop-entry"},"tiered_pricing_type":"fixed","tiered_pricing_fixed_rules":{"28":"9","50":"8","100":"7","250":"6","500":"4.5","1000":"3"},"tiered_pricing_percentage_rules":[],"tiered_pricing_minimum":1,"_administrator_tiered_pricing_type":"fixed","_administrator_tiered_pricing_fixed_rules":[],"_editor_tiered_pricing_type":"fixed","_editor_tiered_pricing_fixed_rules":[],"_author_tiered_pricing_type":"fixed","_author_tiered_pricing_fixed_rules":[],"_contributor_tiered_pricing_type":"fixed","_contributor_tiered_pricing_fixed_rules":[],"_subscriber_tiered_pricing_type":"fixed","_subscriber_tiered_pricing_fixed_rules":[],"_customer_tiered_pricing_type":"fixed","_customer_tiered_pricing_fixed_rules":[],"_shop_manager_tiered_pricing_type":"fixed","_shop_manager_tiered_pricing_fixed_rules":[],"_wpseo_manager_tiered_pricing_type":"fixed","_wpseo_manager_tiered_pricing_fixed_rules":[],"_wpseo_editor_tiered_pricing_type":"fixed","_wpseo_editor_tiered_pricing_fixed_rules":[],"yoast_head":"<!-- This site is optimized with the Yoast SEO plugin v27.2 - https:\/\/yoast.com\/product\/yoast-seo-wordpress\/ -->\n<title>Buy Blue Dream Sativa Strain Online - stonersmeds.com<\/title>\n<meta name=\"robots\" content=\"index, follow, max-snippet:-1, max-image-preview:large, max-video-preview:-1\" \/>\n<link rel=\"canonical\" href=\"https:\/\/stonersmeds.com\/pt\/shop\/buy-blue-dream-sativa-strain-online\/\" \/>\n<meta property=\"og:locale\" content=\"pt_PT\" \/>\n<meta property=\"og:type\" content=\"article\" \/>\n<meta property=\"og:title\" content=\"Buy Blue Dream Sativa Strain Online - stonersmeds.com\" \/>\n<meta property=\"og:description\" content=\"Buy Blue Dream Sativa Strain Online.\u00a0buy weed online with or without a medical marijuana card. Mail order marijuana. Buy Blue Dream Sativa Strain Online - buy Sativa Strain , buy Blue Dream Sativa Strain , buy Blue Sativa Strain online, Where to Buy Blue Dream Sativa Strain , Blue Dream Sativa Strain for sale, Sativa Strain for sale, buy Blue Sativa Strain online, where to Buy Blue Dream Sativa Strain online, Blue Dream Sativa Strain for sale in usa , USA, canada,uk, buy, online, suppliers, safe delivery, You can still get Blue Dream Sativa Strain , Is Blue Dream Sativa Strain legal in usa, buy Blue Dream Sativa Strain online usa, how to order Blue Dream Sativa Strain , Is Blue Dream Sativa Strain legal in Canada\" \/>\n<meta property=\"og:url\" content=\"https:\/\/stonersmeds.com\/pt\/shop\/buy-blue-dream-sativa-strain-online\/\" \/>\n<meta property=\"og:site_name\" content=\"stonersmeds.com\" \/>\n<meta property=\"article:modified_time\" content=\"2026-02-24T04:30:31+00:00\" \/>\n<meta property=\"og:image\" content=\"https:\/\/stonersmeds.com\/wp-content\/uploads\/2022\/03\/Buy-Blue-Dream-Sativa-Strain-Online.jpg\" \/>\n\t<meta property=\"og:image:width\" content=\"600\" \/>\n\t<meta property=\"og:image:height\" content=\"600\" \/>\n\t<meta property=\"og:image:type\" content=\"image\/jpeg\" \/>\n<meta name=\"twitter:card\" content=\"summary_large_image\" \/>\n<meta name=\"twitter:label1\" content=\"Disponibilidade\" \/>\n\t<meta name=\"twitter:data1\" content=\"Em stock\" \/>\n<script type=\"application\/ld+json\" class=\"yoast-schema-graph\">{\"@context\":\"https:\/\/schema.org\",\"@graph\":[{\"@type\":\"WebPage\",\"@id\":\"https:\/\/stonersmeds.com\/shop\/buy-blue-dream-sativa-strain-online\/\",\"url\":\"https:\/\/stonersmeds.com\/shop\/buy-blue-dream-sativa-strain-online\/\",\"name\":\"Buy Blue Dream Sativa Strain Online - stonersmeds.com\",\"isPartOf\":{\"@id\":\"https:\/\/stonersmeds.com\/#website\"},\"primaryImageOfPage\":{\"@id\":\"https:\/\/stonersmeds.com\/shop\/buy-blue-dream-sativa-strain-online\/#primaryimage\"},\"image\":{\"@id\":\"https:\/\/stonersmeds.com\/shop\/buy-blue-dream-sativa-strain-online\/#primaryimage\"},\"thumbnailUrl\":\"https:\/\/stonersmeds.com\/wp-content\/uploads\/2022\/03\/Buy-Blue-Dream-Sativa-Strain-Online.jpg\",\"datePublished\":\"2022-03-11T15:24:48+00:00\",\"dateModified\":\"2026-02-24T04:30:31+00:00\",\"breadcrumb\":{\"@id\":\"https:\/\/stonersmeds.com\/shop\/buy-blue-dream-sativa-strain-online\/#breadcrumb\"},\"inLanguage\":\"pt-PT\",\"potentialAction\":[{\"@type\":\"ReadAction\",\"target\":[\"https:\/\/stonersmeds.com\/shop\/buy-blue-dream-sativa-strain-online\/\"]}]},{\"@type\":\"ImageObject\",\"inLanguage\":\"pt-PT\",\"@id\":\"https:\/\/stonersmeds.com\/shop\/buy-blue-dream-sativa-strain-online\/#primaryimage\",\"url\":\"https:\/\/stonersmeds.com\/wp-content\/uploads\/2022\/03\/Buy-Blue-Dream-Sativa-Strain-Online.jpg\",\"contentUrl\":\"https:\/\/stonersmeds.com\/wp-content\/uploads\/2022\/03\/Buy-Blue-Dream-Sativa-Strain-Online.jpg\",\"width\":600,\"height\":600},{\"@type\":\"BreadcrumbList\",\"@id\":\"https:\/\/stonersmeds.com\/shop\/buy-blue-dream-sativa-strain-online\/#breadcrumb\",\"itemListElement\":[{\"@type\":\"ListItem\",\"position\":1,\"name\":\"Home\",\"item\":\"https:\/\/stonersmeds.com\/\"},{\"@type\":\"ListItem\",\"position\":2,\"name\":\"Shop\",\"item\":\"https:\/\/stonersmeds.com\/shop\/\"},{\"@type\":\"ListItem\",\"position\":3,\"name\":\"Buy Blue Dream Sativa Strain Online\"}]},{\"@type\":\"WebSite\",\"@id\":\"https:\/\/stonersmeds.com\/#website\",\"url\":\"https:\/\/stonersmeds.com\/\",\"name\":\"stonersmeds.com\",\"description\":\"verschreibungspflichtige Medizin kaufen\",\"publisher\":{\"@id\":\"https:\/\/stonersmeds.com\/#organization\"},\"alternateName\":\"Research chemical shop\",\"potentialAction\":[{\"@type\":\"SearchAction\",\"target\":{\"@type\":\"EntryPoint\",\"urlTemplate\":\"https:\/\/stonersmeds.com\/?s={search_term_string}\"},\"query-input\":{\"@type\":\"PropertyValueSpecification\",\"valueRequired\":true,\"valueName\":\"search_term_string\"}}],\"inLanguage\":\"pt-PT\"},{\"@type\":\"Organization\",\"@id\":\"https:\/\/stonersmeds.com\/#organization\",\"name\":\"Stonersmeds Shop\",\"url\":\"https:\/\/stonersmeds.com\/\",\"logo\":{\"@type\":\"ImageObject\",\"inLanguage\":\"pt-PT\",\"@id\":\"https:\/\/stonersmeds.com\/#\/schema\/logo\/image\/\",\"url\":\"https:\/\/stonersmeds.com\/wp-content\/uploads\/2026\/02\/high-purity-DMT-powder.jpg\",\"contentUrl\":\"https:\/\/stonersmeds.com\/wp-content\/uploads\/2026\/02\/high-purity-DMT-powder.jpg\",\"width\":500,\"height\":500,\"caption\":\"Stonersmeds Shop\"},\"image\":{\"@id\":\"https:\/\/stonersmeds.com\/#\/schema\/logo\/image\/\"}}]}<\/script>\n<meta property=\"og:availability\" content=\"instock\" \/>\n<meta property=\"product:availability\" content=\"instock\" \/>\n<meta property=\"product:condition\" content=\"new\" \/>\n<!-- \/ Yoast SEO plugin. -->","yoast_head_json":{"title":"Compre Blue Dream Sativa Strain Online - stonersmeds.com","robots":{"index":"index","follow":"follow","max-snippet":"max-snippet:-1","max-image-preview":"max-image-preview:large","max-video-preview":"max-video-preview:-1"},"canonical":"https:\/\/stonersmeds.com\/pt\/shop\/buy-blue-dream-sativa-strain-online\/","og_locale":"pt_PT","og_type":"article","og_title":"Buy Blue Dream Sativa Strain Online - stonersmeds.com","og_description":"Buy Blue Dream Sativa Strain Online.\u00a0buy weed online with or without a medical marijuana card. Mail order marijuana. Buy Blue Dream Sativa Strain Online - buy Sativa Strain , buy Blue Dream Sativa Strain , buy Blue Sativa Strain online, Where to Buy Blue Dream Sativa Strain , Blue Dream Sativa Strain for sale, Sativa Strain for sale, buy Blue Sativa Strain online, where to Buy Blue Dream Sativa Strain online, Blue Dream Sativa Strain for sale in usa , USA, canada,uk, buy, online, suppliers, safe delivery, You can still get Blue Dream Sativa Strain , Is Blue Dream Sativa Strain legal in usa, buy Blue Dream Sativa Strain online usa, how to order Blue Dream Sativa Strain , Is Blue Dream Sativa Strain legal in Canada","og_url":"https:\/\/stonersmeds.com\/pt\/shop\/buy-blue-dream-sativa-strain-online\/","og_site_name":"stonersmeds.com","article_modified_time":"2026-02-24T04:30:31+00:00","og_image":[{"width":600,"height":600,"url":"https:\/\/stonersmeds.com\/wp-content\/uploads\/2022\/03\/Buy-Blue-Dream-Sativa-Strain-Online.jpg","type":"image\/jpeg"}],"twitter_card":"summary_large_image","twitter_misc":{"Disponibilidade":"Em stock"},"schema":{"@context":"https:\/\/schema.org","@graph":[{"@type":"WebPage","@id":"https:\/\/stonersmeds.com\/shop\/buy-blue-dream-sativa-strain-online\/","url":"https:\/\/stonersmeds.com\/shop\/buy-blue-dream-sativa-strain-online\/","name":"Compre Blue Dream Sativa Strain Online - stonersmeds.com","isPartOf":{"@id":"https:\/\/stonersmeds.com\/#website"},"primaryImageOfPage":{"@id":"https:\/\/stonersmeds.com\/shop\/buy-blue-dream-sativa-strain-online\/#primaryimage"},"image":{"@id":"https:\/\/stonersmeds.com\/shop\/buy-blue-dream-sativa-strain-online\/#primaryimage"},"thumbnailUrl":"https:\/\/stonersmeds.com\/wp-content\/uploads\/2022\/03\/Buy-Blue-Dream-Sativa-Strain-Online.jpg","datePublished":"2022-03-11T15:24:48+00:00","dateModified":"2026-02-24T04:30:31+00:00","breadcrumb":{"@id":"https:\/\/stonersmeds.com\/shop\/buy-blue-dream-sativa-strain-online\/#breadcrumb"},"inLanguage":"pt-PT","potentialAction":[{"@type":"ReadAction","target":["https:\/\/stonersmeds.com\/shop\/buy-blue-dream-sativa-strain-online\/"]}]},{"@type":"ImageObject","inLanguage":"pt-PT","@id":"https:\/\/stonersmeds.com\/shop\/buy-blue-dream-sativa-strain-online\/#primaryimage","url":"https:\/\/stonersmeds.com\/wp-content\/uploads\/2022\/03\/Buy-Blue-Dream-Sativa-Strain-Online.jpg","contentUrl":"https:\/\/stonersmeds.com\/wp-content\/uploads\/2022\/03\/Buy-Blue-Dream-Sativa-Strain-Online.jpg","width":600,"height":600},{"@type":"BreadcrumbList","@id":"https:\/\/stonersmeds.com\/shop\/buy-blue-dream-sativa-strain-online\/#breadcrumb","itemListElement":[{"@type":"ListItem","position":1,"name":"Home","item":"https:\/\/stonersmeds.com\/"},{"@type":"ListItem","position":2,"name":"Shop","item":"https:\/\/stonersmeds.com\/shop\/"},{"@type":"ListItem","position":3,"name":"Buy Blue Dream Sativa Strain Online"}]},{"@type":"WebSite","@id":"https:\/\/stonersmeds.com\/#website","url":"https:\/\/stonersmeds.com\/","name":"stonersmeds. com","description":"verschreibungspflichtige Medizin kaufen","publisher":{"@id":"https:\/\/stonersmeds.com\/#organization"},"alternateName":"Research chemical shop","potentialAction":[{"@type":"SearchAction","target":{"@type":"EntryPoint","urlTemplate":"https:\/\/stonersmeds.com\/?s={search_term_string}"},"query-input":{"@type":"PropertyValueSpecification","valueRequired":true,"valueName":"search_term_string"}}],"inLanguage":"pt-PT"},{"@type":"Organization","@id":"https:\/\/stonersmeds.com\/#organization","name":"Stonersmeds Shop","url":"https:\/\/stonersmeds.com\/","logo":{"@type":"ImageObject","inLanguage":"pt-PT","@id":"https:\/\/stonersmeds.com\/#\/schema\/logo\/image\/","url":"https:\/\/stonersmeds.com\/wp-content\/uploads\/2026\/02\/high-purity-DMT-powder.jpg","contentUrl":"https:\/\/stonersmeds.com\/wp-content\/uploads\/2026\/02\/high-purity-DMT-powder.jpg","width":500,"height":500,"caption":"Stonersmeds Shop"},"image":{"@id":"https:\/\/stonersmeds.com\/#\/schema\/logo\/image\/"}}]},"og_availability":"instock","product_availability":"instock","product_condition":"new"},"_links":{"self":[{"href":"https:\/\/stonersmeds.com\/pt\/wp-json\/wp\/v2\/product\/9315","targetHints":{"allow":["GET"]}}],"collection":[{"href":"https:\/\/stonersmeds.com\/pt\/wp-json\/wp\/v2\/product"}],"about":[{"href":"https:\/\/stonersmeds.com\/pt\/wp-json\/wp\/v2\/types\/product"}],"replies":[{"embeddable":true,"href":"https:\/\/stonersmeds.com\/pt\/wp-json\/wp\/v2\/comments?post=9315"}],"version-history":[{"count":0,"href":"https:\/\/stonersmeds.com\/pt\/wp-json\/wp\/v2\/product\/9315\/revisions"}],"wp:featuredmedia":[{"embeddable":true,"href":"https:\/\/stonersmeds.com\/pt\/wp-json\/wp\/v2\/media\/9323"}],"wp:attachment":[{"href":"https:\/\/stonersmeds.com\/pt\/wp-json\/wp\/v2\/media?parent=9315"}],"wp:term":[{"taxonomy":"product_brand","embeddable":true,"href":"https:\/\/stonersmeds.com\/pt\/wp-json\/wp\/v2\/product_brand?post=9315"},{"taxonomy":"product_cat","embeddable":true,"href":"https:\/\/stonersmeds.com\/pt\/wp-json\/wp\/v2\/product_cat?post=9315"},{"taxonomy":"product_tag","embeddable":true,"href":"https:\/\/stonersmeds.com\/pt\/wp-json\/wp\/v2\/product_tag?post=9315"},{"taxonomy":"product_brands","embeddable":true,"href":"https:\/\/stonersmeds.com\/pt\/wp-json\/wp\/v2\/product_brands?post=9315"}],"curies":[{"name":"wp","href":"https:\/\/api.w.org\/{rel}","templated":true}]}}