{"id":9325,"date":"2022-03-11T15:29:25","date_gmt":"2022-03-11T15:29:25","guid":{"rendered":"https:\/\/stonersmeds.com\/?post_type=product&#038;p=9325"},"modified":"2026-02-28T00:30:08","modified_gmt":"2026-02-27T22:30:08","slug":"buy-cannalope-kush-marijuana-online","status":"publish","type":"product","link":"https:\/\/stonersmeds.com\/pt\/shop\/buy-cannalope-kush-marijuana-online\/","title":{"rendered":"Compre maconha Cannalope Kush on-line"},"content":{"rendered":"<h1>Compre maconha Cannalope Kush online.<\/h1>\n<p>Comprar maconha Cannalope Kush online pode n\u00e3o ter sentido quando chega a hora de nomear a ra\u00e7a, dada a popularidade da variedade Kush no Golden State. Os brotos s\u00e3o grandes e densos com poucas folhas e poucos pistilos. As flores s\u00e3o divididas em verde claro, azul gelado e cheias de tricomas por toda parte. Os bot\u00f5es de Cali Kush t\u00eam um aroma c\u00edtrico frutado com tons de caf\u00e9 mais escuros. Notas mais picantes e sabores de caf\u00e9 s\u00e3o mais distintos no sabor. A variante dominante indica deste h\u00edbrido \u00e9 mais popular, mas a vers\u00e3o dominante sativa tamb\u00e9m foi notada.<\/p>\n<p>&nbsp;<\/p>\n<p>&nbsp;<\/p>\n<p>&nbsp;<\/p>\n<p>&nbsp;<\/p>\n<pre><strong>Comprar Cannalope Kush Marijuana Online - comprar Kush Marijuana , comprar Cannalope Kush Marijuana , comprar Cannalope Kush Marijuana online, Onde Comprar Cannalope Kush Marijuana , Cannalope Kush Marijuana \u00e0 venda, Kush Marijuana \u00e0 venda, comprar Cannalope Kush Marijuana online, onde comprar Cannalope Kush Marijuana online, Cannalope Kush Marijuana \u00e0 venda nos eua , EUA, canad\u00e1, reino unido, comprar, online, fornecedores, entrega segura, Voc\u00ea ainda pode obter Cannalope Kush Marijuana , Cannalope Kush Marijuana \u00e9 legal nos eua, comprar Cannalope Kush Marijuana online eua, como encomendar Cannalope Kush Marijuana , Cannalope Kush Marijuana \u00e9 legal no Canad\u00e1<\/strong><\/pre>","protected":false},"excerpt":{"rendered":"<p>Buy Cannalope Kush Marijuana Online.\u00a0Cannalope Kush is sativa Dominant Hybrid \u2013 70% Sativa \/ 30% Indica THC: 21% \u2013 25%<\/p>\n<pre><strong>Comprar Cannalope Kush Marijuana Online - comprar Kush Marijuana , comprar Cannalope Kush Marijuana , comprar Cannalope Kush Marijuana online, Onde Comprar Cannalope Kush Marijuana , Cannalope Kush Marijuana \u00e0 venda, Kush Marijuana \u00e0 venda, comprar Cannalope Kush Marijuana online, onde comprar Cannalope Kush Marijuana online, Cannalope Kush Marijuana \u00e0 venda nos eua , EUA, canad\u00e1, reino unido, comprar, online, fornecedores, entrega segura, Voc\u00ea ainda pode obter Cannalope Kush Marijuana , Cannalope Kush Marijuana \u00e9 legal nos eua, comprar Cannalope Kush Marijuana online eua, como encomendar Cannalope Kush Marijuana , Cannalope Kush Marijuana \u00e9 legal no Canad\u00e1<\/strong><\/pre>","protected":false},"featured_media":9332,"comment_status":"open","ping_status":"closed","template":"","meta":{"_bst_post_transparent":"","_bst_post_title":"","_bst_post_layout":"","_bst_post_sidebar_id":"","_bst_post_content_style":"","_bst_post_vertical_padding":"","_bst_post_feature":"","_bst_post_feature_position":"","_bst_post_header":false,"_bst_post_footer":false},"product_brand":[],"product_cat":[81],"product_tag":[],"product_brands":[],"class_list":{"0":"post-9325","1":"product","2":"type-product","3":"status-publish","4":"has-post-thumbnail","6":"product_cat-marijuana-medical-cannabis","8":"first","9":"instock","10":"shipping-taxable","11":"purchasable","12":"product-type-variable","13":"entry","14":"content-bg","15":"loop-entry"},"tiered_pricing_type":"fixed","tiered_pricing_fixed_rules":{"28":"9","50":"8","100":"7","250":"6","500":"4.5","1000":"3"},"tiered_pricing_percentage_rules":[],"tiered_pricing_minimum":1,"_administrator_tiered_pricing_type":"fixed","_administrator_tiered_pricing_fixed_rules":[],"_editor_tiered_pricing_type":"fixed","_editor_tiered_pricing_fixed_rules":[],"_author_tiered_pricing_type":"fixed","_author_tiered_pricing_fixed_rules":[],"_contributor_tiered_pricing_type":"fixed","_contributor_tiered_pricing_fixed_rules":[],"_subscriber_tiered_pricing_type":"fixed","_subscriber_tiered_pricing_fixed_rules":[],"_customer_tiered_pricing_type":"fixed","_customer_tiered_pricing_fixed_rules":[],"_shop_manager_tiered_pricing_type":"fixed","_shop_manager_tiered_pricing_fixed_rules":[],"_wpseo_manager_tiered_pricing_type":"fixed","_wpseo_manager_tiered_pricing_fixed_rules":[],"_wpseo_editor_tiered_pricing_type":"fixed","_wpseo_editor_tiered_pricing_fixed_rules":[],"yoast_head":"<!-- This site is optimized with the Yoast SEO plugin v27.2 - https:\/\/yoast.com\/product\/yoast-seo-wordpress\/ -->\n<title>Buy Cannalope Kush Marijuana Online - stonersmeds.com<\/title>\n<meta name=\"robots\" content=\"index, follow, max-snippet:-1, max-image-preview:large, max-video-preview:-1\" \/>\n<link rel=\"canonical\" href=\"https:\/\/stonersmeds.com\/pt\/shop\/buy-cannalope-kush-marijuana-online\/\" \/>\n<meta property=\"og:locale\" content=\"pt_PT\" \/>\n<meta property=\"og:type\" content=\"article\" \/>\n<meta property=\"og:title\" content=\"Buy Cannalope Kush Marijuana Online - stonersmeds.com\" \/>\n<meta property=\"og:description\" content=\"Buy Cannalope Kush Marijuana Online.\u00a0Cannalope Kush is sativa Dominant Hybrid \u2013 70% Sativa \/ 30% Indica THC: 21% \u2013 25% Buy Cannalope Kush Marijuana Online - buy Kush Marijuana , buy Cannalope Kush Marijuana , buy Cannalope Kush Marijuana online, Where to Buy Cannalope Kush Marijuana , Cannalope Kush Marijuana for sale, Kush Marijuana for sale, buy Cannalope Kush Marijuana online, where to Buy Cannalope Kush Marijuana online, Cannalope Kush Marijuana for sale in usa , USA, canada,uk, buy, online, suppliers, safe delivery, You can still get Cannalope Kush Marijuana , Is Cannalope Kush Marijuana legal in usa, buy Cannalope Kush Marijuana online usa, how to order Cannalope Kush Marijuana , Is Cannalope Kush Marijuana legal in Canada\" \/>\n<meta property=\"og:url\" content=\"https:\/\/stonersmeds.com\/pt\/shop\/buy-cannalope-kush-marijuana-online\/\" \/>\n<meta property=\"og:site_name\" content=\"stonersmeds.com\" \/>\n<meta property=\"article:modified_time\" content=\"2026-02-27T22:30:08+00:00\" \/>\n<meta property=\"og:image\" content=\"https:\/\/stonersmeds.com\/wp-content\/uploads\/2022\/03\/Buy-Cannalope-Kush-Marijuana-Online.jpg\" \/>\n\t<meta property=\"og:image:width\" content=\"600\" \/>\n\t<meta property=\"og:image:height\" content=\"600\" \/>\n\t<meta property=\"og:image:type\" content=\"image\/jpeg\" \/>\n<meta name=\"twitter:card\" content=\"summary_large_image\" \/>\n<meta name=\"twitter:label1\" content=\"Disponibilidade\" \/>\n\t<meta name=\"twitter:data1\" content=\"Em stock\" \/>\n<script type=\"application\/ld+json\" class=\"yoast-schema-graph\">{\"@context\":\"https:\/\/schema.org\",\"@graph\":[{\"@type\":\"WebPage\",\"@id\":\"https:\/\/stonersmeds.com\/shop\/buy-cannalope-kush-marijuana-online\/\",\"url\":\"https:\/\/stonersmeds.com\/shop\/buy-cannalope-kush-marijuana-online\/\",\"name\":\"Buy Cannalope Kush Marijuana Online - stonersmeds.com\",\"isPartOf\":{\"@id\":\"https:\/\/stonersmeds.com\/#website\"},\"primaryImageOfPage\":{\"@id\":\"https:\/\/stonersmeds.com\/shop\/buy-cannalope-kush-marijuana-online\/#primaryimage\"},\"image\":{\"@id\":\"https:\/\/stonersmeds.com\/shop\/buy-cannalope-kush-marijuana-online\/#primaryimage\"},\"thumbnailUrl\":\"https:\/\/stonersmeds.com\/wp-content\/uploads\/2022\/03\/Buy-Cannalope-Kush-Marijuana-Online.jpg\",\"datePublished\":\"2022-03-11T15:29:25+00:00\",\"dateModified\":\"2026-02-27T22:30:08+00:00\",\"breadcrumb\":{\"@id\":\"https:\/\/stonersmeds.com\/shop\/buy-cannalope-kush-marijuana-online\/#breadcrumb\"},\"inLanguage\":\"pt-PT\",\"potentialAction\":[{\"@type\":\"ReadAction\",\"target\":[\"https:\/\/stonersmeds.com\/shop\/buy-cannalope-kush-marijuana-online\/\"]}]},{\"@type\":\"ImageObject\",\"inLanguage\":\"pt-PT\",\"@id\":\"https:\/\/stonersmeds.com\/shop\/buy-cannalope-kush-marijuana-online\/#primaryimage\",\"url\":\"https:\/\/stonersmeds.com\/wp-content\/uploads\/2022\/03\/Buy-Cannalope-Kush-Marijuana-Online.jpg\",\"contentUrl\":\"https:\/\/stonersmeds.com\/wp-content\/uploads\/2022\/03\/Buy-Cannalope-Kush-Marijuana-Online.jpg\",\"width\":600,\"height\":600},{\"@type\":\"BreadcrumbList\",\"@id\":\"https:\/\/stonersmeds.com\/shop\/buy-cannalope-kush-marijuana-online\/#breadcrumb\",\"itemListElement\":[{\"@type\":\"ListItem\",\"position\":1,\"name\":\"Home\",\"item\":\"https:\/\/stonersmeds.com\/\"},{\"@type\":\"ListItem\",\"position\":2,\"name\":\"Shop\",\"item\":\"https:\/\/stonersmeds.com\/shop\/\"},{\"@type\":\"ListItem\",\"position\":3,\"name\":\"Buy Cannalope Kush Marijuana Online\"}]},{\"@type\":\"WebSite\",\"@id\":\"https:\/\/stonersmeds.com\/#website\",\"url\":\"https:\/\/stonersmeds.com\/\",\"name\":\"stonersmeds.com\",\"description\":\"verschreibungspflichtige Medizin kaufen\",\"publisher\":{\"@id\":\"https:\/\/stonersmeds.com\/#organization\"},\"alternateName\":\"Research chemical shop\",\"potentialAction\":[{\"@type\":\"SearchAction\",\"target\":{\"@type\":\"EntryPoint\",\"urlTemplate\":\"https:\/\/stonersmeds.com\/?s={search_term_string}\"},\"query-input\":{\"@type\":\"PropertyValueSpecification\",\"valueRequired\":true,\"valueName\":\"search_term_string\"}}],\"inLanguage\":\"pt-PT\"},{\"@type\":\"Organization\",\"@id\":\"https:\/\/stonersmeds.com\/#organization\",\"name\":\"Stonersmeds Shop\",\"url\":\"https:\/\/stonersmeds.com\/\",\"logo\":{\"@type\":\"ImageObject\",\"inLanguage\":\"pt-PT\",\"@id\":\"https:\/\/stonersmeds.com\/#\/schema\/logo\/image\/\",\"url\":\"https:\/\/stonersmeds.com\/wp-content\/uploads\/2026\/02\/high-purity-DMT-powder.jpg\",\"contentUrl\":\"https:\/\/stonersmeds.com\/wp-content\/uploads\/2026\/02\/high-purity-DMT-powder.jpg\",\"width\":500,\"height\":500,\"caption\":\"Stonersmeds Shop\"},\"image\":{\"@id\":\"https:\/\/stonersmeds.com\/#\/schema\/logo\/image\/\"}}]}<\/script>\n<meta property=\"og:availability\" content=\"instock\" \/>\n<meta property=\"product:availability\" content=\"instock\" \/>\n<meta property=\"product:condition\" content=\"new\" \/>\n<!-- \/ Yoast SEO plugin. -->","yoast_head_json":{"title":"Compre maconha Cannalope Kush on-line - stonersmeds.com","robots":{"index":"index","follow":"follow","max-snippet":"max-snippet:-1","max-image-preview":"max-image-preview:large","max-video-preview":"max-video-preview:-1"},"canonical":"https:\/\/stonersmeds.com\/pt\/shop\/buy-cannalope-kush-marijuana-online\/","og_locale":"pt_PT","og_type":"article","og_title":"Buy Cannalope Kush Marijuana Online - stonersmeds.com","og_description":"Buy Cannalope Kush Marijuana Online.\u00a0Cannalope Kush is sativa Dominant Hybrid \u2013 70% Sativa \/ 30% Indica THC: 21% \u2013 25% Buy Cannalope Kush Marijuana Online - buy Kush Marijuana , buy Cannalope Kush Marijuana , buy Cannalope Kush Marijuana online, Where to Buy Cannalope Kush Marijuana , Cannalope Kush Marijuana for sale, Kush Marijuana for sale, buy Cannalope Kush Marijuana online, where to Buy Cannalope Kush Marijuana online, Cannalope Kush Marijuana for sale in usa , USA, canada,uk, buy, online, suppliers, safe delivery, You can still get Cannalope Kush Marijuana , Is Cannalope Kush Marijuana legal in usa, buy Cannalope Kush Marijuana online usa, how to order Cannalope Kush Marijuana , Is Cannalope Kush Marijuana legal in Canada","og_url":"https:\/\/stonersmeds.com\/pt\/shop\/buy-cannalope-kush-marijuana-online\/","og_site_name":"stonersmeds.com","article_modified_time":"2026-02-27T22:30:08+00:00","og_image":[{"width":600,"height":600,"url":"https:\/\/stonersmeds.com\/wp-content\/uploads\/2022\/03\/Buy-Cannalope-Kush-Marijuana-Online.jpg","type":"image\/jpeg"}],"twitter_card":"summary_large_image","twitter_misc":{"Disponibilidade":"Em stock"},"schema":{"@context":"https:\/\/schema.org","@graph":[{"@type":"WebPage","@id":"https:\/\/stonersmeds.com\/shop\/buy-cannalope-kush-marijuana-online\/","url":"https:\/\/stonersmeds.com\/shop\/buy-cannalope-kush-marijuana-online\/","name":"Compre maconha Cannalope Kush on-line - stonersmeds.com","isPartOf":{"@id":"https:\/\/stonersmeds.com\/#website"},"primaryImageOfPage":{"@id":"https:\/\/stonersmeds.com\/shop\/buy-cannalope-kush-marijuana-online\/#primaryimage"},"image":{"@id":"https:\/\/stonersmeds.com\/shop\/buy-cannalope-kush-marijuana-online\/#primaryimage"},"thumbnailUrl":"https:\/\/stonersmeds.com\/wp-content\/uploads\/2022\/03\/Buy-Cannalope-Kush-Marijuana-Online.jpg","datePublished":"2022-03-11T15:29:25+00:00","dateModified":"2026-02-27T22:30:08+00:00","breadcrumb":{"@id":"https:\/\/stonersmeds.com\/shop\/buy-cannalope-kush-marijuana-online\/#breadcrumb"},"inLanguage":"pt-PT","potentialAction":[{"@type":"ReadAction","target":["https:\/\/stonersmeds.com\/shop\/buy-cannalope-kush-marijuana-online\/"]}]},{"@type":"ImageObject","inLanguage":"pt-PT","@id":"https:\/\/stonersmeds.com\/shop\/buy-cannalope-kush-marijuana-online\/#primaryimage","url":"https:\/\/stonersmeds.com\/wp-content\/uploads\/2022\/03\/Buy-Cannalope-Kush-Marijuana-Online.jpg","contentUrl":"https:\/\/stonersmeds.com\/wp-content\/uploads\/2022\/03\/Buy-Cannalope-Kush-Marijuana-Online.jpg","width":600,"height":600},{"@type":"BreadcrumbList","@id":"https:\/\/stonersmeds.com\/shop\/buy-cannalope-kush-marijuana-online\/#breadcrumb","itemListElement":[{"@type":"ListItem","position":1,"name":"Home","item":"https:\/\/stonersmeds.com\/"},{"@type":"ListItem","position":2,"name":"Shop","item":"https:\/\/stonersmeds.com\/shop\/"},{"@type":"ListItem","position":3,"name":"Buy Cannalope Kush Marijuana Online"}]},{"@type":"WebSite","@id":"https:\/\/stonersmeds.com\/#website","url":"https:\/\/stonersmeds.com\/","name":"stonersmeds. com","description":"verschreibungspflichtige Medizin kaufen","publisher":{"@id":"https:\/\/stonersmeds.com\/#organization"},"alternateName":"Research chemical shop","potentialAction":[{"@type":"SearchAction","target":{"@type":"EntryPoint","urlTemplate":"https:\/\/stonersmeds.com\/?s={search_term_string}"},"query-input":{"@type":"PropertyValueSpecification","valueRequired":true,"valueName":"search_term_string"}}],"inLanguage":"pt-PT"},{"@type":"Organization","@id":"https:\/\/stonersmeds.com\/#organization","name":"Stonersmeds Shop","url":"https:\/\/stonersmeds.com\/","logo":{"@type":"ImageObject","inLanguage":"pt-PT","@id":"https:\/\/stonersmeds.com\/#\/schema\/logo\/image\/","url":"https:\/\/stonersmeds.com\/wp-content\/uploads\/2026\/02\/high-purity-DMT-powder.jpg","contentUrl":"https:\/\/stonersmeds.com\/wp-content\/uploads\/2026\/02\/high-purity-DMT-powder.jpg","width":500,"height":500,"caption":"Stonersmeds Shop"},"image":{"@id":"https:\/\/stonersmeds.com\/#\/schema\/logo\/image\/"}}]},"og_availability":"instock","product_availability":"instock","product_condition":"new"},"_links":{"self":[{"href":"https:\/\/stonersmeds.com\/pt\/wp-json\/wp\/v2\/product\/9325","targetHints":{"allow":["GET"]}}],"collection":[{"href":"https:\/\/stonersmeds.com\/pt\/wp-json\/wp\/v2\/product"}],"about":[{"href":"https:\/\/stonersmeds.com\/pt\/wp-json\/wp\/v2\/types\/product"}],"replies":[{"embeddable":true,"href":"https:\/\/stonersmeds.com\/pt\/wp-json\/wp\/v2\/comments?post=9325"}],"version-history":[{"count":0,"href":"https:\/\/stonersmeds.com\/pt\/wp-json\/wp\/v2\/product\/9325\/revisions"}],"wp:featuredmedia":[{"embeddable":true,"href":"https:\/\/stonersmeds.com\/pt\/wp-json\/wp\/v2\/media\/9332"}],"wp:attachment":[{"href":"https:\/\/stonersmeds.com\/pt\/wp-json\/wp\/v2\/media?parent=9325"}],"wp:term":[{"taxonomy":"product_brand","embeddable":true,"href":"https:\/\/stonersmeds.com\/pt\/wp-json\/wp\/v2\/product_brand?post=9325"},{"taxonomy":"product_cat","embeddable":true,"href":"https:\/\/stonersmeds.com\/pt\/wp-json\/wp\/v2\/product_cat?post=9325"},{"taxonomy":"product_tag","embeddable":true,"href":"https:\/\/stonersmeds.com\/pt\/wp-json\/wp\/v2\/product_tag?post=9325"},{"taxonomy":"product_brands","embeddable":true,"href":"https:\/\/stonersmeds.com\/pt\/wp-json\/wp\/v2\/product_brands?post=9325"}],"curies":[{"name":"wp","href":"https:\/\/api.w.org\/{rel}","templated":true}]}}