{"id":9672,"date":"2022-03-11T18:54:04","date_gmt":"2022-03-11T18:54:04","guid":{"rendered":"https:\/\/stonersmeds.com\/?post_type=product&#038;p=9672"},"modified":"2026-03-01T21:00:04","modified_gmt":"2026-03-01T19:00:04","slug":"buy-alaskan-thunder-fuck-budder-top-shelf","status":"publish","type":"product","link":"https:\/\/stonersmeds.com\/pt\/shop\/buy-alaskan-thunder-fuck-budder-top-shelf\/","title":{"rendered":"Comprar Alaskan Thunder Fuck Budder - Prateleira superior"},"content":{"rendered":"<h1>Comprar Alaskan Thunder Fuck Budder - Prateleira superior<\/h1>\n<p>A Alaskan Thunder Fuck, tamb\u00e9m conhecida como ATF, Matanuska Thunder Fuck e Matanuska Tundra, \u00e9 uma variedade rara de domin\u00e2ncia sativa origin\u00e1ria do Vale Matanuska do Alasca. Acredita-se que seja originalmente uma sativa do norte da Calif\u00f3rnia cruzada com uma ruderalis russa, e mais tarde foi cruzada com gen\u00e9tica afeg\u00e3 no final da d\u00e9cada de 1970. Esta variedade tem um aroma pungente que \u00e9 uma mistura de pinho e lim\u00e3o, com notas de skunk e mentol. A ATF \u00e9 adorada pela sua capacidade de estimular o apetite e pelos seus efeitos semelhantes aos da trepadeira. O efeito da ATF come\u00e7a com um in\u00edcio s\u00fabito de estimula\u00e7\u00e3o cerebral, que induz a sociabilidade e a criatividade. \u00c0 medida que esta euforia intensa aumenta, o corpo come\u00e7a a entrar num estado de relaxamento e a fome instala-se rapidamente. A Alaskan Thunder Fuck pode ser usada para tratar o baixo apetite, a depress\u00e3o, o stress cr\u00f3nico, bem como a dor ligeira a moderada.<\/p>\n<p>&nbsp;<\/p>\n<p>&nbsp;<\/p>\n<p>&nbsp;<\/p>\n<pre><strong>Comprar Alaskan Thunder Fuck Budder - Top Shelf - comprar Alaskan Thunder , comprar Alaskan Thunder Fuck Budder , comprar Alaskan Thunder Budder online, Onde comprar Alaskan Thunder Fuck Budder , Alaskan Thunder Fuck Budder para venda, Alaskan Thunder Budder para venda, comprar Alaskan Fuck Buddern online, onde comprar Alaskan Thunder Fuck Budder online, Alaskan Thunder Fuck Budder para venda nos eua , EUA, Canad\u00e1, Reino Unido, comprar, online, fornecedores, entrega segura, Voc\u00ea ainda pode obter Alaskan Thunder Fuck Budder , Is Alaskan Thunder Fuck Budder legal in usa, buy Alaskan Thunder Fuck Budder online usa, how to order Alaskan Thunder Fuck Budder , Is Alaskan Thunder Fuck Budder legal in Canada<\/strong><\/pre>","protected":false},"excerpt":{"rendered":"<ul>\n<li>Envio para todo o planeta<\/li>\n<li>A quantidade m\u00ednima do pedido \u00e9\u00a0<strong>3<\/strong><\/li>\n<li><strong>Contate-Nos<\/strong>\u00a0para pedidos maiores<\/li>\n<\/ul>\n<pre><\/pre>","protected":false},"featured_media":9678,"comment_status":"open","ping_status":"closed","template":"","meta":{"_bst_post_transparent":"","_bst_post_title":"","_bst_post_layout":"","_bst_post_sidebar_id":"","_bst_post_content_style":"","_bst_post_vertical_padding":"","_bst_post_feature":"","_bst_post_feature_position":"","_bst_post_header":false,"_bst_post_footer":false},"product_brand":[],"product_cat":[76],"product_tag":[1004,1003,996,992,993,998,991,1001,994,1002,1000,997,995,1006,1005,999],"product_brands":[],"class_list":{"0":"post-9672","1":"product","2":"type-product","3":"status-publish","4":"has-post-thumbnail","6":"product_cat-marijuana-wax","7":"product_tag-best-cannabis-butter-recipe","8":"product_tag-best-way-to-make-cannabutter","9":"product_tag-buy-cannabutter-glasgow","10":"product_tag-cannabis-butter-near-me","11":"product_tag-cannabis-cooking-oil-for-sale","12":"product_tag-cannabutter-recipe","13":"product_tag-how-much-does-cannabutter-cost","14":"product_tag-how-much-is-cannabutter-cost","15":"product_tag-how-to-make-cannabutter","16":"product_tag-how-to-make-cannabutter-in-crock-pot","17":"product_tag-how-to-make-strong-cannabutter","18":"product_tag-price-of-cannabutter","19":"product_tag-thc-butter-cost","20":"product_tag-weed-butter-cost","21":"product_tag-weed-butter-price","22":"product_tag-where-to-buy-cannabis-butter","24":"first","25":"instock","26":"shipping-taxable","27":"purchasable","28":"product-type-variable","29":"entry","30":"content-bg","31":"loop-entry"},"tiered_pricing_type":"fixed","tiered_pricing_fixed_rules":[],"tiered_pricing_percentage_rules":[],"tiered_pricing_minimum":1,"_administrator_tiered_pricing_type":"fixed","_administrator_tiered_pricing_fixed_rules":[],"_editor_tiered_pricing_type":"fixed","_editor_tiered_pricing_fixed_rules":[],"_author_tiered_pricing_type":"fixed","_author_tiered_pricing_fixed_rules":[],"_contributor_tiered_pricing_type":"fixed","_contributor_tiered_pricing_fixed_rules":[],"_subscriber_tiered_pricing_type":"fixed","_subscriber_tiered_pricing_fixed_rules":[],"_customer_tiered_pricing_type":"fixed","_customer_tiered_pricing_fixed_rules":[],"_shop_manager_tiered_pricing_type":"fixed","_shop_manager_tiered_pricing_fixed_rules":[],"_wpseo_manager_tiered_pricing_type":"fixed","_wpseo_manager_tiered_pricing_fixed_rules":[],"_wpseo_editor_tiered_pricing_type":"fixed","_wpseo_editor_tiered_pricing_fixed_rules":[],"yoast_head":"<!-- This site is optimized with the Yoast SEO plugin v27.2 - https:\/\/yoast.com\/product\/yoast-seo-wordpress\/ -->\n<title>Buy Alaskan Thunder Fuck Budder \u2013 Top Shelf - stonersmeds.com<\/title>\n<meta name=\"robots\" content=\"index, follow, max-snippet:-1, max-image-preview:large, max-video-preview:-1\" \/>\n<link rel=\"canonical\" href=\"https:\/\/stonersmeds.com\/pt\/shop\/buy-alaskan-thunder-fuck-budder-top-shelf\/\" \/>\n<meta property=\"og:locale\" content=\"pt_PT\" \/>\n<meta property=\"og:type\" content=\"article\" \/>\n<meta property=\"og:title\" content=\"Buy Alaskan Thunder Fuck Budder \u2013 Top Shelf - stonersmeds.com\" \/>\n<meta property=\"og:description\" content=\"Worldwide shipping  Minimum order quantity is\u00a03  Contact us\u00a0for bigger orders\" \/>\n<meta property=\"og:url\" content=\"https:\/\/stonersmeds.com\/pt\/shop\/buy-alaskan-thunder-fuck-budder-top-shelf\/\" \/>\n<meta property=\"og:site_name\" content=\"stonersmeds.com\" \/>\n<meta property=\"article:modified_time\" content=\"2026-03-01T19:00:04+00:00\" \/>\n<meta property=\"og:image\" content=\"https:\/\/stonersmeds.com\/wp-content\/uploads\/2022\/03\/Buy-Alaskan-Thunder-Fuck-Budder.jpg\" \/>\n\t<meta property=\"og:image:width\" content=\"600\" \/>\n\t<meta property=\"og:image:height\" content=\"600\" \/>\n\t<meta property=\"og:image:type\" content=\"image\/jpeg\" \/>\n<meta name=\"twitter:card\" content=\"summary_large_image\" \/>\n<meta name=\"twitter:label1\" content=\"Disponibilidade\" \/>\n\t<meta name=\"twitter:data1\" content=\"Em stock\" \/>\n<script type=\"application\/ld+json\" class=\"yoast-schema-graph\">{\"@context\":\"https:\/\/schema.org\",\"@graph\":[{\"@type\":\"WebPage\",\"@id\":\"https:\/\/stonersmeds.com\/shop\/buy-alaskan-thunder-fuck-budder-top-shelf\/\",\"url\":\"https:\/\/stonersmeds.com\/shop\/buy-alaskan-thunder-fuck-budder-top-shelf\/\",\"name\":\"Buy Alaskan Thunder Fuck Budder \u2013 Top Shelf - stonersmeds.com\",\"isPartOf\":{\"@id\":\"https:\/\/stonersmeds.com\/#website\"},\"primaryImageOfPage\":{\"@id\":\"https:\/\/stonersmeds.com\/shop\/buy-alaskan-thunder-fuck-budder-top-shelf\/#primaryimage\"},\"image\":{\"@id\":\"https:\/\/stonersmeds.com\/shop\/buy-alaskan-thunder-fuck-budder-top-shelf\/#primaryimage\"},\"thumbnailUrl\":\"https:\/\/stonersmeds.com\/wp-content\/uploads\/2022\/03\/Buy-Alaskan-Thunder-Fuck-Budder.jpg\",\"datePublished\":\"2022-03-11T18:54:04+00:00\",\"dateModified\":\"2026-03-01T19:00:04+00:00\",\"breadcrumb\":{\"@id\":\"https:\/\/stonersmeds.com\/shop\/buy-alaskan-thunder-fuck-budder-top-shelf\/#breadcrumb\"},\"inLanguage\":\"pt-PT\",\"potentialAction\":[{\"@type\":\"ReadAction\",\"target\":[\"https:\/\/stonersmeds.com\/shop\/buy-alaskan-thunder-fuck-budder-top-shelf\/\"]}]},{\"@type\":\"ImageObject\",\"inLanguage\":\"pt-PT\",\"@id\":\"https:\/\/stonersmeds.com\/shop\/buy-alaskan-thunder-fuck-budder-top-shelf\/#primaryimage\",\"url\":\"https:\/\/stonersmeds.com\/wp-content\/uploads\/2022\/03\/Buy-Alaskan-Thunder-Fuck-Budder.jpg\",\"contentUrl\":\"https:\/\/stonersmeds.com\/wp-content\/uploads\/2022\/03\/Buy-Alaskan-Thunder-Fuck-Budder.jpg\",\"width\":600,\"height\":600},{\"@type\":\"BreadcrumbList\",\"@id\":\"https:\/\/stonersmeds.com\/shop\/buy-alaskan-thunder-fuck-budder-top-shelf\/#breadcrumb\",\"itemListElement\":[{\"@type\":\"ListItem\",\"position\":1,\"name\":\"Home\",\"item\":\"https:\/\/stonersmeds.com\/\"},{\"@type\":\"ListItem\",\"position\":2,\"name\":\"Shop\",\"item\":\"https:\/\/stonersmeds.com\/shop\/\"},{\"@type\":\"ListItem\",\"position\":3,\"name\":\"Buy Alaskan Thunder Fuck Budder \u2013 Top Shelf\"}]},{\"@type\":\"WebSite\",\"@id\":\"https:\/\/stonersmeds.com\/#website\",\"url\":\"https:\/\/stonersmeds.com\/\",\"name\":\"stonersmeds.com\",\"description\":\"verschreibungspflichtige Medizin kaufen\",\"publisher\":{\"@id\":\"https:\/\/stonersmeds.com\/#organization\"},\"alternateName\":\"Research chemical shop\",\"potentialAction\":[{\"@type\":\"SearchAction\",\"target\":{\"@type\":\"EntryPoint\",\"urlTemplate\":\"https:\/\/stonersmeds.com\/?s={search_term_string}\"},\"query-input\":{\"@type\":\"PropertyValueSpecification\",\"valueRequired\":true,\"valueName\":\"search_term_string\"}}],\"inLanguage\":\"pt-PT\"},{\"@type\":\"Organization\",\"@id\":\"https:\/\/stonersmeds.com\/#organization\",\"name\":\"Stonersmeds Shop\",\"url\":\"https:\/\/stonersmeds.com\/\",\"logo\":{\"@type\":\"ImageObject\",\"inLanguage\":\"pt-PT\",\"@id\":\"https:\/\/stonersmeds.com\/#\/schema\/logo\/image\/\",\"url\":\"https:\/\/stonersmeds.com\/wp-content\/uploads\/2026\/02\/high-purity-DMT-powder.jpg\",\"contentUrl\":\"https:\/\/stonersmeds.com\/wp-content\/uploads\/2026\/02\/high-purity-DMT-powder.jpg\",\"width\":500,\"height\":500,\"caption\":\"Stonersmeds Shop\"},\"image\":{\"@id\":\"https:\/\/stonersmeds.com\/#\/schema\/logo\/image\/\"}}]}<\/script>\n<meta property=\"og:availability\" content=\"instock\" \/>\n<meta property=\"product:availability\" content=\"instock\" \/>\n<meta property=\"product:condition\" content=\"new\" \/>\n<!-- \/ Yoast SEO plugin. -->","yoast_head_json":{"title":"Comprar Alaskan Thunder Fuck Budder - Top Shelf - stonersmeds.com","robots":{"index":"index","follow":"follow","max-snippet":"max-snippet:-1","max-image-preview":"max-image-preview:large","max-video-preview":"max-video-preview:-1"},"canonical":"https:\/\/stonersmeds.com\/pt\/shop\/buy-alaskan-thunder-fuck-budder-top-shelf\/","og_locale":"pt_PT","og_type":"article","og_title":"Buy Alaskan Thunder Fuck Budder \u2013 Top Shelf - stonersmeds.com","og_description":"Worldwide shipping  Minimum order quantity is\u00a03  Contact us\u00a0for bigger orders","og_url":"https:\/\/stonersmeds.com\/pt\/shop\/buy-alaskan-thunder-fuck-budder-top-shelf\/","og_site_name":"stonersmeds.com","article_modified_time":"2026-03-01T19:00:04+00:00","og_image":[{"width":600,"height":600,"url":"https:\/\/stonersmeds.com\/wp-content\/uploads\/2022\/03\/Buy-Alaskan-Thunder-Fuck-Budder.jpg","type":"image\/jpeg"}],"twitter_card":"summary_large_image","twitter_misc":{"Disponibilidade":"Em stock"},"schema":{"@context":"https:\/\/schema.org","@graph":[{"@type":"WebPage","@id":"https:\/\/stonersmeds.com\/shop\/buy-alaskan-thunder-fuck-budder-top-shelf\/","url":"https:\/\/stonersmeds.com\/shop\/buy-alaskan-thunder-fuck-budder-top-shelf\/","name":"Comprar Alaskan Thunder Fuck Budder - Top Shelf - stonersmeds.com","isPartOf":{"@id":"https:\/\/stonersmeds.com\/#website"},"primaryImageOfPage":{"@id":"https:\/\/stonersmeds.com\/shop\/buy-alaskan-thunder-fuck-budder-top-shelf\/#primaryimage"},"image":{"@id":"https:\/\/stonersmeds.com\/shop\/buy-alaskan-thunder-fuck-budder-top-shelf\/#primaryimage"},"thumbnailUrl":"https:\/\/stonersmeds.com\/wp-content\/uploads\/2022\/03\/Buy-Alaskan-Thunder-Fuck-Budder.jpg","datePublished":"2022-03-11T18:54:04+00:00","dateModified":"2026-03-01T19:00:04+00:00","breadcrumb":{"@id":"https:\/\/stonersmeds.com\/shop\/buy-alaskan-thunder-fuck-budder-top-shelf\/#breadcrumb"},"inLanguage":"pt-PT","potentialAction":[{"@type":"ReadAction","target":["https:\/\/stonersmeds.com\/shop\/buy-alaskan-thunder-fuck-budder-top-shelf\/"]}]},{"@type":"ImageObject","inLanguage":"pt-PT","@id":"https:\/\/stonersmeds.com\/shop\/buy-alaskan-thunder-fuck-budder-top-shelf\/#primaryimage","url":"https:\/\/stonersmeds.com\/wp-content\/uploads\/2022\/03\/Buy-Alaskan-Thunder-Fuck-Budder.jpg","contentUrl":"https:\/\/stonersmeds.com\/wp-content\/uploads\/2022\/03\/Buy-Alaskan-Thunder-Fuck-Budder.jpg","width":600,"height":600},{"@type":"BreadcrumbList","@id":"https:\/\/stonersmeds.com\/shop\/buy-alaskan-thunder-fuck-budder-top-shelf\/#breadcrumb","itemListElement":[{"@type":"ListItem","position":1,"name":"Home","item":"https:\/\/stonersmeds.com\/"},{"@type":"ListItem","position":2,"name":"Shop","item":"https:\/\/stonersmeds.com\/shop\/"},{"@type":"ListItem","position":3,"name":"Buy Alaskan Thunder Fuck Budder \u2013 Top Shelf"}]},{"@type":"WebSite","@id":"https:\/\/stonersmeds.com\/#website","url":"https:\/\/stonersmeds.com\/","name":"stonersmeds. com","description":"verschreibungspflichtige Medizin kaufen","publisher":{"@id":"https:\/\/stonersmeds.com\/#organization"},"alternateName":"Research chemical shop","potentialAction":[{"@type":"SearchAction","target":{"@type":"EntryPoint","urlTemplate":"https:\/\/stonersmeds.com\/?s={search_term_string}"},"query-input":{"@type":"PropertyValueSpecification","valueRequired":true,"valueName":"search_term_string"}}],"inLanguage":"pt-PT"},{"@type":"Organization","@id":"https:\/\/stonersmeds.com\/#organization","name":"Stonersmeds Shop","url":"https:\/\/stonersmeds.com\/","logo":{"@type":"ImageObject","inLanguage":"pt-PT","@id":"https:\/\/stonersmeds.com\/#\/schema\/logo\/image\/","url":"https:\/\/stonersmeds.com\/wp-content\/uploads\/2026\/02\/high-purity-DMT-powder.jpg","contentUrl":"https:\/\/stonersmeds.com\/wp-content\/uploads\/2026\/02\/high-purity-DMT-powder.jpg","width":500,"height":500,"caption":"Stonersmeds Shop"},"image":{"@id":"https:\/\/stonersmeds.com\/#\/schema\/logo\/image\/"}}]},"og_availability":"instock","product_availability":"instock","product_condition":"new"},"_links":{"self":[{"href":"https:\/\/stonersmeds.com\/pt\/wp-json\/wp\/v2\/product\/9672","targetHints":{"allow":["GET"]}}],"collection":[{"href":"https:\/\/stonersmeds.com\/pt\/wp-json\/wp\/v2\/product"}],"about":[{"href":"https:\/\/stonersmeds.com\/pt\/wp-json\/wp\/v2\/types\/product"}],"replies":[{"embeddable":true,"href":"https:\/\/stonersmeds.com\/pt\/wp-json\/wp\/v2\/comments?post=9672"}],"version-history":[{"count":0,"href":"https:\/\/stonersmeds.com\/pt\/wp-json\/wp\/v2\/product\/9672\/revisions"}],"wp:featuredmedia":[{"embeddable":true,"href":"https:\/\/stonersmeds.com\/pt\/wp-json\/wp\/v2\/media\/9678"}],"wp:attachment":[{"href":"https:\/\/stonersmeds.com\/pt\/wp-json\/wp\/v2\/media?parent=9672"}],"wp:term":[{"taxonomy":"product_brand","embeddable":true,"href":"https:\/\/stonersmeds.com\/pt\/wp-json\/wp\/v2\/product_brand?post=9672"},{"taxonomy":"product_cat","embeddable":true,"href":"https:\/\/stonersmeds.com\/pt\/wp-json\/wp\/v2\/product_cat?post=9672"},{"taxonomy":"product_tag","embeddable":true,"href":"https:\/\/stonersmeds.com\/pt\/wp-json\/wp\/v2\/product_tag?post=9672"},{"taxonomy":"product_brands","embeddable":true,"href":"https:\/\/stonersmeds.com\/pt\/wp-json\/wp\/v2\/product_brands?post=9672"}],"curies":[{"name":"wp","href":"https:\/\/api.w.org\/{rel}","templated":true}]}}