{"id":9706,"date":"2022-03-11T19:11:23","date_gmt":"2022-03-11T19:11:23","guid":{"rendered":"https:\/\/stonersmeds.com\/?post_type=product&#038;p=9706"},"modified":"2026-03-01T01:40:07","modified_gmt":"2026-02-28T23:40:07","slug":"buy-gelato-shatter-top-shelf","status":"publish","type":"product","link":"https:\/\/stonersmeds.com\/pt\/shop\/buy-gelato-shatter-top-shelf\/","title":{"rendered":"Comprar Gelato Shatter - Prateleira superior"},"content":{"rendered":"<h1>Comprar Gelato Shatter - Prateleira superior<\/h1>\n<p>Gelato Tamb\u00e9m conhecida como \"Larry Bird\", a Gelato \u00e9 uma variedade h\u00edbrida ligeiramente \u00edndica criada pelo cruzamento da cada vez mais popular Sunset Sherbert com a Thin Mint Girl Scout Cake. O seu aroma apetitoso excitar\u00e1 os sentidos do utilizador mais experiente. Tem um aroma doce, quase de bolo, com notas de lavanda e mirtilos frescos. Embora adorado pelo seu sabor delicioso, o gelato \u00e9 conhecido pelo seu poderoso efeito euf\u00f3rico. Os principiantes devem ter cuidado porque este tipo induz um forte impulso cerebral poucos minutos depois de ser fumado. Este poderoso efeito cerebral n\u00e3o mant\u00e9m o utilizador relaxado ou fechado no sof\u00e1; em vez disso, d\u00e1 lugar a um pensamento positivo e a uma energia concentrada. \u00c0 medida que esta euforia aumenta suavemente, o corpo entra gradualmente num agrad\u00e1vel estado de relaxamento, fazendo com que o utilizador se sinta completamente \u00e0 vontade. Estes efeitos poderosos, mas equilibrados, fazem da Gelato uma variedade ideal para quem procura tratar uma variedade de condi\u00e7\u00f5es, incluindo espasmos musculares, enxaquecas, fadiga cr\u00f3nica e dores cr\u00f3nicas causadas por inflama\u00e7\u00f5es.<\/p>\n<p>&nbsp;<\/p>\n<pre><strong>Comprar Gelato Shatter - Top Shelf - comprar Gelato Shatter , comprar Gelato Shatter eua , comprar Gelato Shatter online EUA , Onde comprar Gelato Shatter , Gelato Shatter para venda, Gelato Shatter para venda perto de mim , comprar Gelato Shatter online perto de mim , onde comprar Gelato Shatter online , Gelato Shatter para venda nos eua , EUA, Canad\u00e1, Reino Unido, comprar, online, fornecedores, entrega segura, Voc\u00ea ainda pode obter Gelato Shatter , Is Gelato Shatter legal in usa, buy Gelato Shatter online usa, how to order Gelato Shatter , Is Gelato Shatter legal in Canada<\/strong><\/pre>","protected":false},"excerpt":{"rendered":"<ul>\n<li>Envio para todo o planeta<\/li>\n<li><strong>Nota: AAAAA<\/strong><\/li>\n<li>O pedido m\u00ednimo \u00e9\u00a0<strong>3,5 gramas<\/strong><\/li>\n<li><strong>Contate-Nos<\/strong>\u00a0para pedidos maiores<\/li>\n<\/ul>\n<pre><strong>Comprar Gelato Shatter - Top Shelf - comprar Gelato Shatter , comprar Gelato Shatter eua , comprar Gelato Shatter online EUA , Onde comprar Gelato Shatter , Gelato Shatter para venda, Gelato Shatter para venda perto de mim , comprar Gelato Shatter online perto de mim , onde comprar Gelato Shatter online , Gelato Shatter para venda nos eua , EUA, Canad\u00e1, Reino Unido, comprar, online, fornecedores, entrega segura, Voc\u00ea ainda pode obter Gelato Shatter , Is Gelato Shatter legal in usa, buy Gelato Shatter online usa, how to order Gelato Shatter , Is Gelato Shatter legal in Canada<\/strong><\/pre>","protected":false},"featured_media":9721,"comment_status":"open","ping_status":"closed","template":"","meta":{"_bst_post_transparent":"","_bst_post_title":"","_bst_post_layout":"","_bst_post_sidebar_id":"","_bst_post_content_style":"","_bst_post_vertical_padding":"","_bst_post_feature":"","_bst_post_feature_position":"","_bst_post_header":false,"_bst_post_footer":false},"product_brand":[],"product_cat":[78],"product_tag":[],"product_brands":[],"class_list":{"0":"post-9706","1":"product","2":"type-product","3":"status-publish","4":"has-post-thumbnail","6":"product_cat-shatter","8":"first","9":"instock","10":"shipping-taxable","11":"purchasable","12":"product-type-variable","13":"entry","14":"content-bg","15":"loop-entry"},"tiered_pricing_type":"fixed","tiered_pricing_fixed_rules":[],"tiered_pricing_percentage_rules":[],"tiered_pricing_minimum":1,"_administrator_tiered_pricing_type":"fixed","_administrator_tiered_pricing_fixed_rules":[],"_editor_tiered_pricing_type":"fixed","_editor_tiered_pricing_fixed_rules":[],"_author_tiered_pricing_type":"fixed","_author_tiered_pricing_fixed_rules":[],"_contributor_tiered_pricing_type":"fixed","_contributor_tiered_pricing_fixed_rules":[],"_subscriber_tiered_pricing_type":"fixed","_subscriber_tiered_pricing_fixed_rules":[],"_customer_tiered_pricing_type":"fixed","_customer_tiered_pricing_fixed_rules":[],"_shop_manager_tiered_pricing_type":"fixed","_shop_manager_tiered_pricing_fixed_rules":[],"_wpseo_manager_tiered_pricing_type":"fixed","_wpseo_manager_tiered_pricing_fixed_rules":[],"_wpseo_editor_tiered_pricing_type":"fixed","_wpseo_editor_tiered_pricing_fixed_rules":[],"yoast_head":"<!-- This site is optimized with the Yoast SEO plugin v27.2 - https:\/\/yoast.com\/product\/yoast-seo-wordpress\/ -->\n<title>Buy Gelato Shatter \u2013 Top Shelf - Cheap price, top quality<\/title>\n<meta name=\"description\" content=\"Buy Gelato Shatter Online at an affordable price at stonersmeds. Our hash has high THC, best quality you will find\" \/>\n<meta name=\"robots\" content=\"index, follow, max-snippet:-1, max-image-preview:large, max-video-preview:-1\" \/>\n<link rel=\"canonical\" href=\"https:\/\/stonersmeds.com\/pt\/shop\/buy-gelato-shatter-top-shelf\/\" \/>\n<meta property=\"og:locale\" content=\"pt_PT\" \/>\n<meta property=\"og:type\" content=\"article\" \/>\n<meta property=\"og:title\" content=\"Buy Gelato Shatter \u2013 Top Shelf - Cheap price, top quality\" \/>\n<meta property=\"og:description\" content=\"Buy Gelato Shatter Online at an affordable price at stonersmeds. Our hash has high THC, best quality you will find\" \/>\n<meta property=\"og:url\" content=\"https:\/\/stonersmeds.com\/pt\/shop\/buy-gelato-shatter-top-shelf\/\" \/>\n<meta property=\"og:site_name\" content=\"stonersmeds.com\" \/>\n<meta property=\"article:modified_time\" content=\"2026-02-28T23:40:07+00:00\" \/>\n<meta property=\"og:image\" content=\"https:\/\/stonersmeds.com\/wp-content\/uploads\/2022\/03\/Buy-Gelato-Shatter.jpg\" \/>\n\t<meta property=\"og:image:width\" content=\"600\" \/>\n\t<meta property=\"og:image:height\" content=\"600\" \/>\n\t<meta property=\"og:image:type\" content=\"image\/jpeg\" \/>\n<meta name=\"twitter:card\" content=\"summary_large_image\" \/>\n<meta name=\"twitter:label1\" content=\"Disponibilidade\" \/>\n\t<meta name=\"twitter:data1\" content=\"Em stock\" \/>\n<script type=\"application\/ld+json\" class=\"yoast-schema-graph\">{\"@context\":\"https:\/\/schema.org\",\"@graph\":[{\"@type\":\"WebPage\",\"@id\":\"https:\/\/stonersmeds.com\/shop\/buy-gelato-shatter-top-shelf\/\",\"url\":\"https:\/\/stonersmeds.com\/shop\/buy-gelato-shatter-top-shelf\/\",\"name\":\"Buy Gelato Shatter \u2013 Top Shelf - Cheap price, top quality\",\"isPartOf\":{\"@id\":\"https:\/\/stonersmeds.com\/#website\"},\"primaryImageOfPage\":{\"@id\":\"https:\/\/stonersmeds.com\/shop\/buy-gelato-shatter-top-shelf\/#primaryimage\"},\"image\":{\"@id\":\"https:\/\/stonersmeds.com\/shop\/buy-gelato-shatter-top-shelf\/#primaryimage\"},\"thumbnailUrl\":\"https:\/\/stonersmeds.com\/wp-content\/uploads\/2022\/03\/Buy-Gelato-Shatter.jpg\",\"datePublished\":\"2022-03-11T19:11:23+00:00\",\"dateModified\":\"2026-02-28T23:40:07+00:00\",\"description\":\"Buy Gelato Shatter Online at an affordable price at stonersmeds. Our hash has high THC, best quality you will find\",\"breadcrumb\":{\"@id\":\"https:\/\/stonersmeds.com\/shop\/buy-gelato-shatter-top-shelf\/#breadcrumb\"},\"inLanguage\":\"pt-PT\",\"potentialAction\":[{\"@type\":\"ReadAction\",\"target\":[\"https:\/\/stonersmeds.com\/shop\/buy-gelato-shatter-top-shelf\/\"]}]},{\"@type\":\"ImageObject\",\"inLanguage\":\"pt-PT\",\"@id\":\"https:\/\/stonersmeds.com\/shop\/buy-gelato-shatter-top-shelf\/#primaryimage\",\"url\":\"https:\/\/stonersmeds.com\/wp-content\/uploads\/2022\/03\/Buy-Gelato-Shatter.jpg\",\"contentUrl\":\"https:\/\/stonersmeds.com\/wp-content\/uploads\/2022\/03\/Buy-Gelato-Shatter.jpg\",\"width\":600,\"height\":600},{\"@type\":\"BreadcrumbList\",\"@id\":\"https:\/\/stonersmeds.com\/shop\/buy-gelato-shatter-top-shelf\/#breadcrumb\",\"itemListElement\":[{\"@type\":\"ListItem\",\"position\":1,\"name\":\"Home\",\"item\":\"https:\/\/stonersmeds.com\/\"},{\"@type\":\"ListItem\",\"position\":2,\"name\":\"Shop\",\"item\":\"https:\/\/stonersmeds.com\/shop\/\"},{\"@type\":\"ListItem\",\"position\":3,\"name\":\"Buy Gelato Shatter \u2013 Top Shelf\"}]},{\"@type\":\"WebSite\",\"@id\":\"https:\/\/stonersmeds.com\/#website\",\"url\":\"https:\/\/stonersmeds.com\/\",\"name\":\"stonersmeds.com\",\"description\":\"verschreibungspflichtige Medizin kaufen\",\"publisher\":{\"@id\":\"https:\/\/stonersmeds.com\/#organization\"},\"alternateName\":\"Research chemical shop\",\"potentialAction\":[{\"@type\":\"SearchAction\",\"target\":{\"@type\":\"EntryPoint\",\"urlTemplate\":\"https:\/\/stonersmeds.com\/?s={search_term_string}\"},\"query-input\":{\"@type\":\"PropertyValueSpecification\",\"valueRequired\":true,\"valueName\":\"search_term_string\"}}],\"inLanguage\":\"pt-PT\"},{\"@type\":\"Organization\",\"@id\":\"https:\/\/stonersmeds.com\/#organization\",\"name\":\"Stonersmeds Shop\",\"url\":\"https:\/\/stonersmeds.com\/\",\"logo\":{\"@type\":\"ImageObject\",\"inLanguage\":\"pt-PT\",\"@id\":\"https:\/\/stonersmeds.com\/#\/schema\/logo\/image\/\",\"url\":\"https:\/\/stonersmeds.com\/wp-content\/uploads\/2026\/02\/high-purity-DMT-powder.jpg\",\"contentUrl\":\"https:\/\/stonersmeds.com\/wp-content\/uploads\/2026\/02\/high-purity-DMT-powder.jpg\",\"width\":500,\"height\":500,\"caption\":\"Stonersmeds Shop\"},\"image\":{\"@id\":\"https:\/\/stonersmeds.com\/#\/schema\/logo\/image\/\"}}]}<\/script>\n<meta property=\"og:availability\" content=\"instock\" \/>\n<meta property=\"product:availability\" content=\"instock\" \/>\n<meta property=\"product:condition\" content=\"new\" \/>\n<!-- \/ Yoast SEO plugin. -->","yoast_head_json":{"title":"Comprar Gelato Shatter - Top Shelf - Pre\u00e7o barato, qualidade superior","description":"Compre Gelato Shatter Online a um pre\u00e7o acess\u00edvel na stonersmeds. O nosso haxixe tem THC elevado, a melhor qualidade que encontrar\u00e1s","robots":{"index":"index","follow":"follow","max-snippet":"max-snippet:-1","max-image-preview":"max-image-preview:large","max-video-preview":"max-video-preview:-1"},"canonical":"https:\/\/stonersmeds.com\/pt\/shop\/buy-gelato-shatter-top-shelf\/","og_locale":"pt_PT","og_type":"article","og_title":"Buy Gelato Shatter \u2013 Top Shelf - Cheap price, top quality","og_description":"Buy Gelato Shatter Online at an affordable price at stonersmeds. Our hash has high THC, best quality you will find","og_url":"https:\/\/stonersmeds.com\/pt\/shop\/buy-gelato-shatter-top-shelf\/","og_site_name":"stonersmeds.com","article_modified_time":"2026-02-28T23:40:07+00:00","og_image":[{"width":600,"height":600,"url":"https:\/\/stonersmeds.com\/wp-content\/uploads\/2022\/03\/Buy-Gelato-Shatter.jpg","type":"image\/jpeg"}],"twitter_card":"summary_large_image","twitter_misc":{"Disponibilidade":"Em stock"},"schema":{"@context":"https:\/\/schema.org","@graph":[{"@type":"WebPage","@id":"https:\/\/stonersmeds.com\/shop\/buy-gelato-shatter-top-shelf\/","url":"https:\/\/stonersmeds.com\/shop\/buy-gelato-shatter-top-shelf\/","name":"Comprar Gelato Shatter - Top Shelf - Pre\u00e7o barato, qualidade superior","isPartOf":{"@id":"https:\/\/stonersmeds.com\/#website"},"primaryImageOfPage":{"@id":"https:\/\/stonersmeds.com\/shop\/buy-gelato-shatter-top-shelf\/#primaryimage"},"image":{"@id":"https:\/\/stonersmeds.com\/shop\/buy-gelato-shatter-top-shelf\/#primaryimage"},"thumbnailUrl":"https:\/\/stonersmeds.com\/wp-content\/uploads\/2022\/03\/Buy-Gelato-Shatter.jpg","datePublished":"2022-03-11T19:11:23+00:00","dateModified":"2026-02-28T23:40:07+00:00","description":"Compre Gelato Shatter Online a um pre\u00e7o acess\u00edvel na stonersmeds. O nosso haxixe tem THC elevado, a melhor qualidade que encontrar\u00e1s","breadcrumb":{"@id":"https:\/\/stonersmeds.com\/shop\/buy-gelato-shatter-top-shelf\/#breadcrumb"},"inLanguage":"pt-PT","potentialAction":[{"@type":"ReadAction","target":["https:\/\/stonersmeds.com\/shop\/buy-gelato-shatter-top-shelf\/"]}]},{"@type":"ImageObject","inLanguage":"pt-PT","@id":"https:\/\/stonersmeds.com\/shop\/buy-gelato-shatter-top-shelf\/#primaryimage","url":"https:\/\/stonersmeds.com\/wp-content\/uploads\/2022\/03\/Buy-Gelato-Shatter.jpg","contentUrl":"https:\/\/stonersmeds.com\/wp-content\/uploads\/2022\/03\/Buy-Gelato-Shatter.jpg","width":600,"height":600},{"@type":"BreadcrumbList","@id":"https:\/\/stonersmeds.com\/shop\/buy-gelato-shatter-top-shelf\/#breadcrumb","itemListElement":[{"@type":"ListItem","position":1,"name":"Home","item":"https:\/\/stonersmeds.com\/"},{"@type":"ListItem","position":2,"name":"Shop","item":"https:\/\/stonersmeds.com\/shop\/"},{"@type":"ListItem","position":3,"name":"Buy Gelato Shatter \u2013 Top Shelf"}]},{"@type":"WebSite","@id":"https:\/\/stonersmeds.com\/#website","url":"https:\/\/stonersmeds.com\/","name":"stonersmeds. com","description":"verschreibungspflichtige Medizin kaufen","publisher":{"@id":"https:\/\/stonersmeds.com\/#organization"},"alternateName":"Research chemical shop","potentialAction":[{"@type":"SearchAction","target":{"@type":"EntryPoint","urlTemplate":"https:\/\/stonersmeds.com\/?s={search_term_string}"},"query-input":{"@type":"PropertyValueSpecification","valueRequired":true,"valueName":"search_term_string"}}],"inLanguage":"pt-PT"},{"@type":"Organization","@id":"https:\/\/stonersmeds.com\/#organization","name":"Stonersmeds Shop","url":"https:\/\/stonersmeds.com\/","logo":{"@type":"ImageObject","inLanguage":"pt-PT","@id":"https:\/\/stonersmeds.com\/#\/schema\/logo\/image\/","url":"https:\/\/stonersmeds.com\/wp-content\/uploads\/2026\/02\/high-purity-DMT-powder.jpg","contentUrl":"https:\/\/stonersmeds.com\/wp-content\/uploads\/2026\/02\/high-purity-DMT-powder.jpg","width":500,"height":500,"caption":"Stonersmeds Shop"},"image":{"@id":"https:\/\/stonersmeds.com\/#\/schema\/logo\/image\/"}}]},"og_availability":"instock","product_availability":"instock","product_condition":"new"},"_links":{"self":[{"href":"https:\/\/stonersmeds.com\/pt\/wp-json\/wp\/v2\/product\/9706","targetHints":{"allow":["GET"]}}],"collection":[{"href":"https:\/\/stonersmeds.com\/pt\/wp-json\/wp\/v2\/product"}],"about":[{"href":"https:\/\/stonersmeds.com\/pt\/wp-json\/wp\/v2\/types\/product"}],"replies":[{"embeddable":true,"href":"https:\/\/stonersmeds.com\/pt\/wp-json\/wp\/v2\/comments?post=9706"}],"version-history":[{"count":0,"href":"https:\/\/stonersmeds.com\/pt\/wp-json\/wp\/v2\/product\/9706\/revisions"}],"wp:featuredmedia":[{"embeddable":true,"href":"https:\/\/stonersmeds.com\/pt\/wp-json\/wp\/v2\/media\/9721"}],"wp:attachment":[{"href":"https:\/\/stonersmeds.com\/pt\/wp-json\/wp\/v2\/media?parent=9706"}],"wp:term":[{"taxonomy":"product_brand","embeddable":true,"href":"https:\/\/stonersmeds.com\/pt\/wp-json\/wp\/v2\/product_brand?post=9706"},{"taxonomy":"product_cat","embeddable":true,"href":"https:\/\/stonersmeds.com\/pt\/wp-json\/wp\/v2\/product_cat?post=9706"},{"taxonomy":"product_tag","embeddable":true,"href":"https:\/\/stonersmeds.com\/pt\/wp-json\/wp\/v2\/product_tag?post=9706"},{"taxonomy":"product_brands","embeddable":true,"href":"https:\/\/stonersmeds.com\/pt\/wp-json\/wp\/v2\/product_brands?post=9706"}],"curies":[{"name":"wp","href":"https:\/\/api.w.org\/{rel}","templated":true}]}}