{"id":9720,"date":"2022-03-11T19:14:07","date_gmt":"2022-03-11T19:14:07","guid":{"rendered":"https:\/\/stonersmeds.com\/?post_type=product&#038;p=9720"},"modified":"2026-03-01T02:00:49","modified_gmt":"2026-03-01T00:00:49","slug":"buy-thc-live-diamonds-superior-extract","status":"publish","type":"product","link":"https:\/\/stonersmeds.com\/pt\/shop\/buy-thc-live-diamonds-superior-extract\/","title":{"rendered":"Compre THC Live Diamonds - Extrato Superior"},"content":{"rendered":"<h1>Compre THC Live Diamonds - Extrato Superior<\/h1>\n<p>Comprar THC Live Diamonds - bom extracto. Muitas vezes referido como \"o mais forte do mundo\", o Superior THC Live Diamonds \u00e9 o mais recente extracto a ganhar popularidade significativa na comunidade can\u00e1bica, pois \u00e9 o concentrado mais forte do mercado. Este extracto cristalizado \u00e9 composto por mais de 99% de THC-A puro - que n\u00e3o provoca n\u00edveis elevados quando ingerido, mas requer descarboxila\u00e7\u00e3o (queima) para converter o THC-A no THC psicoactivo.<\/p>\n<p>Os THC Live Diamonds superiores s\u00e3o formados por uma resina viva - que ajuda a reter os terpenos - permitindo um concentrado mais er\u00f3tico!<br \/>\nA resina viva que ainda \u00e9 viscosa \u00e9 selada em um vaso de press\u00e3o e deixada \u00e0 temperatura ambiente. Com o tempo, os cristais de THCA come\u00e7am a se formar nessa mistura e caem no fundo do frasco. Os terpenos restantes, que est\u00e3o na resina viva, sobem e formam uma camada viscosa no topo. O resultado: um concentrado feito de 97-99% THC, com sabor adicional e benef\u00edcios curativos de terpenos espec\u00edficos de cepas.<\/p>\n<div><\/div>\n<div><\/div>\n<div><\/div>\n<div><\/div>\n<pre><strong>Compre THC Live Diamonds - Extrato Superior - compre diamantes, compre THC Live Diamonds, compre THC Live Diamonds online, onde comprar THC Live Diamonds, THC Live Diamonds \u00e0 venda, THC Diamonds \u00e0 venda, compre THC Diamonds online, onde comprar THC Live Diamonds online, THC Live Diamonds \u00e0 venda nos eua, EUA, canad\u00e1, reino unido, comprar, online, fornecedores, entrega segura, Voc\u00ea ainda pode obter THC Live Diamonds, THC Live Diamonds \u00e9 legal nos eua, compre THC Live Diamonds online nos eua, como para encomendar THC Live Diamonds, o THC Live Diamonds \u00e9 legal no Canad\u00e1<\/strong><\/pre>","protected":false},"excerpt":{"rendered":"<ul>\n<li>Envio para todo o planeta<\/li>\n<li><strong>Um concentrado composto por 97-99% THC<\/strong><\/li>\n<li><strong>99% THC-A puro<\/strong><\/li>\n<li><strong>Contate-Nos<\/strong>\u00a0para pedidos maiores<\/li>\n<\/ul>\n<pre><strong>Compre THC Live Diamonds - Extrato Superior - compre diamantes, compre THC Live Diamonds, compre THC Live Diamonds online, onde comprar THC Live Diamonds, THC Live Diamonds \u00e0 venda, THC Diamonds \u00e0 venda, compre THC Diamonds online, onde comprar THC Live Diamonds online, THC Live Diamonds \u00e0 venda nos eua, EUA, canad\u00e1, reino unido, comprar, online, fornecedores, entrega segura, Voc\u00ea ainda pode obter THC Live Diamonds, THC Live Diamonds \u00e9 legal nos eua, compre THC Live Diamonds online nos eua, como para encomendar THC Live Diamonds, o THC Live Diamonds \u00e9 legal no Canad\u00e1<\/strong><\/pre>","protected":false},"featured_media":9730,"comment_status":"open","ping_status":"closed","template":"","meta":{"_bst_post_transparent":"","_bst_post_title":"","_bst_post_layout":"","_bst_post_sidebar_id":"","_bst_post_content_style":"","_bst_post_vertical_padding":"","_bst_post_feature":"","_bst_post_feature_position":"","_bst_post_header":false,"_bst_post_footer":false},"product_brand":[],"product_cat":[76],"product_tag":[970,987,980,985,983,988,971,977,990,974,979,976,982,973,986,972,975,989,981,984,978],"product_brands":[],"class_list":{"0":"post-9720","1":"product","2":"type-product","3":"status-publish","4":"has-post-thumbnail","6":"product_cat-marijuana-wax","7":"product_tag-100-thc-wax-shop-online","8":"product_tag-buy-cannabis-wax-online","9":"product_tag-buy-dab-wax-online","10":"product_tag-buy-dabs-online-any-state","11":"product_tag-cannabis-wax-for-sale","12":"product_tag-dabs-for-sale-online","13":"product_tag-dangers-of-marijuana-wax","14":"product_tag-how-do-you-smoke-wax","15":"product_tag-marijuana-wax-dabs","16":"product_tag-marijuana-wax-for-sale","17":"product_tag-marijuana-wax-for-sale-online","18":"product_tag-marijuana-wax-making-kit","19":"product_tag-marijuana-wax-making-machine","20":"product_tag-side-effects-of-smoking-wax","21":"product_tag-thc-edibles-online-ship-anywhere","22":"product_tag-thc-wax-concentrates-prices","23":"product_tag-wax-concentrate-for-sale","24":"product_tag-wax-dabs-for-sale","25":"product_tag-wax-press-machine-for-weed","26":"product_tag-where-to-buy-dab-wax","27":"product_tag-where-to-buy-hash-wax","29":"first","30":"instock","31":"shipping-taxable","32":"purchasable","33":"product-type-variable","34":"entry","35":"content-bg","36":"loop-entry"},"tiered_pricing_type":"fixed","tiered_pricing_fixed_rules":[],"tiered_pricing_percentage_rules":[],"tiered_pricing_minimum":1,"_administrator_tiered_pricing_type":"fixed","_administrator_tiered_pricing_fixed_rules":[],"_editor_tiered_pricing_type":"fixed","_editor_tiered_pricing_fixed_rules":[],"_author_tiered_pricing_type":"fixed","_author_tiered_pricing_fixed_rules":[],"_contributor_tiered_pricing_type":"fixed","_contributor_tiered_pricing_fixed_rules":[],"_subscriber_tiered_pricing_type":"fixed","_subscriber_tiered_pricing_fixed_rules":[],"_customer_tiered_pricing_type":"fixed","_customer_tiered_pricing_fixed_rules":[],"_shop_manager_tiered_pricing_type":"fixed","_shop_manager_tiered_pricing_fixed_rules":[],"_wpseo_manager_tiered_pricing_type":"fixed","_wpseo_manager_tiered_pricing_fixed_rules":[],"_wpseo_editor_tiered_pricing_type":"fixed","_wpseo_editor_tiered_pricing_fixed_rules":[],"yoast_head":"<!-- This site is optimized with the Yoast SEO plugin v27.2 - https:\/\/yoast.com\/product\/yoast-seo-wordpress\/ -->\n<title>Buy THC Live Diamonds- Superior Extract - stonersmeds.com<\/title>\n<meta name=\"robots\" content=\"index, follow, max-snippet:-1, max-image-preview:large, max-video-preview:-1\" \/>\n<link rel=\"canonical\" href=\"https:\/\/stonersmeds.com\/pt\/shop\/buy-thc-live-diamonds-superior-extract\/\" \/>\n<meta property=\"og:locale\" content=\"pt_PT\" \/>\n<meta property=\"og:type\" content=\"article\" \/>\n<meta property=\"og:title\" content=\"Buy THC Live Diamonds- Superior Extract - stonersmeds.com\" \/>\n<meta property=\"og:description\" content=\"Worldwide shipping  A Concentrate Comprised of 97-99% THC  99% pure THC-A  Contact us\u00a0for bigger orders  Buy THC Live Diamonds- Superior Extract - buy Diamonds , buy THC Live Diamonds , buy THC Live Diamonds online, Where to Buy THC Live Diamonds , THC Live Diamonds for sale , THC Diamonds for sale, buy THC Diamonds online, where to Buy THC Live Diamonds online, THC Live Diamonds for sale in usa , USA, canada,uk, buy, online, suppliers, safe delivery, You can still get THC Live Diamonds , Is THC Live Diamonds legal in usa, buy THC Live Diamonds online usa, how to order THC Live Diamonds , Is THC Live Diamonds legal in Canada\" \/>\n<meta property=\"og:url\" content=\"https:\/\/stonersmeds.com\/pt\/shop\/buy-thc-live-diamonds-superior-extract\/\" \/>\n<meta property=\"og:site_name\" content=\"stonersmeds.com\" \/>\n<meta property=\"article:modified_time\" content=\"2026-03-01T00:00:49+00:00\" \/>\n<meta property=\"og:image\" content=\"https:\/\/stonersmeds.com\/wp-content\/uploads\/2022\/03\/Buy-THC-Live-Diamonds-Superior-Extract.jpg\" \/>\n\t<meta property=\"og:image:width\" content=\"600\" \/>\n\t<meta property=\"og:image:height\" content=\"600\" \/>\n\t<meta property=\"og:image:type\" content=\"image\/jpeg\" \/>\n<meta name=\"twitter:card\" content=\"summary_large_image\" \/>\n<meta name=\"twitter:label1\" content=\"Disponibilidade\" \/>\n\t<meta name=\"twitter:data1\" content=\"Em stock\" \/>\n<script type=\"application\/ld+json\" class=\"yoast-schema-graph\">{\"@context\":\"https:\/\/schema.org\",\"@graph\":[{\"@type\":\"WebPage\",\"@id\":\"https:\/\/stonersmeds.com\/shop\/buy-thc-live-diamonds-superior-extract\/\",\"url\":\"https:\/\/stonersmeds.com\/shop\/buy-thc-live-diamonds-superior-extract\/\",\"name\":\"Buy THC Live Diamonds- Superior Extract - stonersmeds.com\",\"isPartOf\":{\"@id\":\"https:\/\/stonersmeds.com\/#website\"},\"primaryImageOfPage\":{\"@id\":\"https:\/\/stonersmeds.com\/shop\/buy-thc-live-diamonds-superior-extract\/#primaryimage\"},\"image\":{\"@id\":\"https:\/\/stonersmeds.com\/shop\/buy-thc-live-diamonds-superior-extract\/#primaryimage\"},\"thumbnailUrl\":\"https:\/\/stonersmeds.com\/wp-content\/uploads\/2022\/03\/Buy-THC-Live-Diamonds-Superior-Extract.jpg\",\"datePublished\":\"2022-03-11T19:14:07+00:00\",\"dateModified\":\"2026-03-01T00:00:49+00:00\",\"breadcrumb\":{\"@id\":\"https:\/\/stonersmeds.com\/shop\/buy-thc-live-diamonds-superior-extract\/#breadcrumb\"},\"inLanguage\":\"pt-PT\",\"potentialAction\":[{\"@type\":\"ReadAction\",\"target\":[\"https:\/\/stonersmeds.com\/shop\/buy-thc-live-diamonds-superior-extract\/\"]}]},{\"@type\":\"ImageObject\",\"inLanguage\":\"pt-PT\",\"@id\":\"https:\/\/stonersmeds.com\/shop\/buy-thc-live-diamonds-superior-extract\/#primaryimage\",\"url\":\"https:\/\/stonersmeds.com\/wp-content\/uploads\/2022\/03\/Buy-THC-Live-Diamonds-Superior-Extract.jpg\",\"contentUrl\":\"https:\/\/stonersmeds.com\/wp-content\/uploads\/2022\/03\/Buy-THC-Live-Diamonds-Superior-Extract.jpg\",\"width\":600,\"height\":600},{\"@type\":\"BreadcrumbList\",\"@id\":\"https:\/\/stonersmeds.com\/shop\/buy-thc-live-diamonds-superior-extract\/#breadcrumb\",\"itemListElement\":[{\"@type\":\"ListItem\",\"position\":1,\"name\":\"Home\",\"item\":\"https:\/\/stonersmeds.com\/\"},{\"@type\":\"ListItem\",\"position\":2,\"name\":\"Shop\",\"item\":\"https:\/\/stonersmeds.com\/shop\/\"},{\"@type\":\"ListItem\",\"position\":3,\"name\":\"Buy THC Live Diamonds- Superior Extract\"}]},{\"@type\":\"WebSite\",\"@id\":\"https:\/\/stonersmeds.com\/#website\",\"url\":\"https:\/\/stonersmeds.com\/\",\"name\":\"stonersmeds.com\",\"description\":\"verschreibungspflichtige Medizin kaufen\",\"publisher\":{\"@id\":\"https:\/\/stonersmeds.com\/#organization\"},\"alternateName\":\"Research chemical shop\",\"potentialAction\":[{\"@type\":\"SearchAction\",\"target\":{\"@type\":\"EntryPoint\",\"urlTemplate\":\"https:\/\/stonersmeds.com\/?s={search_term_string}\"},\"query-input\":{\"@type\":\"PropertyValueSpecification\",\"valueRequired\":true,\"valueName\":\"search_term_string\"}}],\"inLanguage\":\"pt-PT\"},{\"@type\":\"Organization\",\"@id\":\"https:\/\/stonersmeds.com\/#organization\",\"name\":\"Stonersmeds Shop\",\"url\":\"https:\/\/stonersmeds.com\/\",\"logo\":{\"@type\":\"ImageObject\",\"inLanguage\":\"pt-PT\",\"@id\":\"https:\/\/stonersmeds.com\/#\/schema\/logo\/image\/\",\"url\":\"https:\/\/stonersmeds.com\/wp-content\/uploads\/2026\/02\/high-purity-DMT-powder.jpg\",\"contentUrl\":\"https:\/\/stonersmeds.com\/wp-content\/uploads\/2026\/02\/high-purity-DMT-powder.jpg\",\"width\":500,\"height\":500,\"caption\":\"Stonersmeds Shop\"},\"image\":{\"@id\":\"https:\/\/stonersmeds.com\/#\/schema\/logo\/image\/\"}}]}<\/script>\n<meta property=\"og:availability\" content=\"instock\" \/>\n<meta property=\"product:availability\" content=\"instock\" \/>\n<meta property=\"product:condition\" content=\"new\" \/>\n<!-- \/ Yoast SEO plugin. -->","yoast_head_json":{"title":"Comprar THC Live Diamonds - Extracto Superior - stonersmeds.com","robots":{"index":"index","follow":"follow","max-snippet":"max-snippet:-1","max-image-preview":"max-image-preview:large","max-video-preview":"max-video-preview:-1"},"canonical":"https:\/\/stonersmeds.com\/pt\/shop\/buy-thc-live-diamonds-superior-extract\/","og_locale":"pt_PT","og_type":"article","og_title":"Buy THC Live Diamonds- Superior Extract - stonersmeds.com","og_description":"Worldwide shipping  A Concentrate Comprised of 97-99% THC  99% pure THC-A  Contact us\u00a0for bigger orders  Buy THC Live Diamonds- Superior Extract - buy Diamonds , buy THC Live Diamonds , buy THC Live Diamonds online, Where to Buy THC Live Diamonds , THC Live Diamonds for sale , THC Diamonds for sale, buy THC Diamonds online, where to Buy THC Live Diamonds online, THC Live Diamonds for sale in usa , USA, canada,uk, buy, online, suppliers, safe delivery, You can still get THC Live Diamonds , Is THC Live Diamonds legal in usa, buy THC Live Diamonds online usa, how to order THC Live Diamonds , Is THC Live Diamonds legal in Canada","og_url":"https:\/\/stonersmeds.com\/pt\/shop\/buy-thc-live-diamonds-superior-extract\/","og_site_name":"stonersmeds.com","article_modified_time":"2026-03-01T00:00:49+00:00","og_image":[{"width":600,"height":600,"url":"https:\/\/stonersmeds.com\/wp-content\/uploads\/2022\/03\/Buy-THC-Live-Diamonds-Superior-Extract.jpg","type":"image\/jpeg"}],"twitter_card":"summary_large_image","twitter_misc":{"Disponibilidade":"Em stock"},"schema":{"@context":"https:\/\/schema.org","@graph":[{"@type":"WebPage","@id":"https:\/\/stonersmeds.com\/shop\/buy-thc-live-diamonds-superior-extract\/","url":"https:\/\/stonersmeds.com\/shop\/buy-thc-live-diamonds-superior-extract\/","name":"Comprar THC Live Diamonds - Extracto Superior - stonersmeds.com","isPartOf":{"@id":"https:\/\/stonersmeds.com\/#website"},"primaryImageOfPage":{"@id":"https:\/\/stonersmeds.com\/shop\/buy-thc-live-diamonds-superior-extract\/#primaryimage"},"image":{"@id":"https:\/\/stonersmeds.com\/shop\/buy-thc-live-diamonds-superior-extract\/#primaryimage"},"thumbnailUrl":"https:\/\/stonersmeds.com\/wp-content\/uploads\/2022\/03\/Buy-THC-Live-Diamonds-Superior-Extract.jpg","datePublished":"2022-03-11T19:14:07+00:00","dateModified":"2026-03-01T00:00:49+00:00","breadcrumb":{"@id":"https:\/\/stonersmeds.com\/shop\/buy-thc-live-diamonds-superior-extract\/#breadcrumb"},"inLanguage":"pt-PT","potentialAction":[{"@type":"ReadAction","target":["https:\/\/stonersmeds.com\/shop\/buy-thc-live-diamonds-superior-extract\/"]}]},{"@type":"ImageObject","inLanguage":"pt-PT","@id":"https:\/\/stonersmeds.com\/shop\/buy-thc-live-diamonds-superior-extract\/#primaryimage","url":"https:\/\/stonersmeds.com\/wp-content\/uploads\/2022\/03\/Buy-THC-Live-Diamonds-Superior-Extract.jpg","contentUrl":"https:\/\/stonersmeds.com\/wp-content\/uploads\/2022\/03\/Buy-THC-Live-Diamonds-Superior-Extract.jpg","width":600,"height":600},{"@type":"BreadcrumbList","@id":"https:\/\/stonersmeds.com\/shop\/buy-thc-live-diamonds-superior-extract\/#breadcrumb","itemListElement":[{"@type":"ListItem","position":1,"name":"Home","item":"https:\/\/stonersmeds.com\/"},{"@type":"ListItem","position":2,"name":"Shop","item":"https:\/\/stonersmeds.com\/shop\/"},{"@type":"ListItem","position":3,"name":"Buy THC Live Diamonds- Superior Extract"}]},{"@type":"WebSite","@id":"https:\/\/stonersmeds.com\/#website","url":"https:\/\/stonersmeds.com\/","name":"stonersmeds. com","description":"verschreibungspflichtige Medizin kaufen","publisher":{"@id":"https:\/\/stonersmeds.com\/#organization"},"alternateName":"Research chemical shop","potentialAction":[{"@type":"SearchAction","target":{"@type":"EntryPoint","urlTemplate":"https:\/\/stonersmeds.com\/?s={search_term_string}"},"query-input":{"@type":"PropertyValueSpecification","valueRequired":true,"valueName":"search_term_string"}}],"inLanguage":"pt-PT"},{"@type":"Organization","@id":"https:\/\/stonersmeds.com\/#organization","name":"Stonersmeds Shop","url":"https:\/\/stonersmeds.com\/","logo":{"@type":"ImageObject","inLanguage":"pt-PT","@id":"https:\/\/stonersmeds.com\/#\/schema\/logo\/image\/","url":"https:\/\/stonersmeds.com\/wp-content\/uploads\/2026\/02\/high-purity-DMT-powder.jpg","contentUrl":"https:\/\/stonersmeds.com\/wp-content\/uploads\/2026\/02\/high-purity-DMT-powder.jpg","width":500,"height":500,"caption":"Stonersmeds Shop"},"image":{"@id":"https:\/\/stonersmeds.com\/#\/schema\/logo\/image\/"}}]},"og_availability":"instock","product_availability":"instock","product_condition":"new"},"_links":{"self":[{"href":"https:\/\/stonersmeds.com\/pt\/wp-json\/wp\/v2\/product\/9720","targetHints":{"allow":["GET"]}}],"collection":[{"href":"https:\/\/stonersmeds.com\/pt\/wp-json\/wp\/v2\/product"}],"about":[{"href":"https:\/\/stonersmeds.com\/pt\/wp-json\/wp\/v2\/types\/product"}],"replies":[{"embeddable":true,"href":"https:\/\/stonersmeds.com\/pt\/wp-json\/wp\/v2\/comments?post=9720"}],"version-history":[{"count":0,"href":"https:\/\/stonersmeds.com\/pt\/wp-json\/wp\/v2\/product\/9720\/revisions"}],"wp:featuredmedia":[{"embeddable":true,"href":"https:\/\/stonersmeds.com\/pt\/wp-json\/wp\/v2\/media\/9730"}],"wp:attachment":[{"href":"https:\/\/stonersmeds.com\/pt\/wp-json\/wp\/v2\/media?parent=9720"}],"wp:term":[{"taxonomy":"product_brand","embeddable":true,"href":"https:\/\/stonersmeds.com\/pt\/wp-json\/wp\/v2\/product_brand?post=9720"},{"taxonomy":"product_cat","embeddable":true,"href":"https:\/\/stonersmeds.com\/pt\/wp-json\/wp\/v2\/product_cat?post=9720"},{"taxonomy":"product_tag","embeddable":true,"href":"https:\/\/stonersmeds.com\/pt\/wp-json\/wp\/v2\/product_tag?post=9720"},{"taxonomy":"product_brands","embeddable":true,"href":"https:\/\/stonersmeds.com\/pt\/wp-json\/wp\/v2\/product_brands?post=9720"}],"curies":[{"name":"wp","href":"https:\/\/api.w.org\/{rel}","templated":true}]}}