{"id":9732,"date":"2022-03-11T19:18:50","date_gmt":"2022-03-11T19:18:50","guid":{"rendered":"https:\/\/stonersmeds.com\/?post_type=product&#038;p=9732"},"modified":"2026-03-02T14:00:07","modified_gmt":"2026-03-02T12:00:07","slug":"buy-thca-crystals-top-shelf","status":"publish","type":"product","link":"https:\/\/stonersmeds.com\/pt\/shop\/buy-thca-crystals-top-shelf\/","title":{"rendered":"Compre cristais de THCA - prateleira superior"},"content":{"rendered":"<h1>Compre cristais de THCA - prateleira superior<\/h1>\n<p>O THCA, ou tetra-hidrocanabin\u00f3lico corrosivo, \u00e9 um composto de can\u00e1bis que come\u00e7a a apresentar potencial curativo, independentemente do in\u00edcio do seu exame. Conhece o THC, e tendo em conta que podem parecer comparativos, o THCA tem propriedades totalmente diferentes. De modo algum como o THC, o THCA \u00e9 um canabin\u00f3ide n\u00e3o embriagante encontrado na can\u00e1bis em bruto e viva. \u00c0 medida que a planta seca, a THCA converte-se gradualmente em THC. O calor facilita esta mudan\u00e7a num ciclo conhecido como descarboxila\u00e7\u00e3o, uma palavra extravagante que retrata o que acontece quando se fuma ou desintegra a flor.<\/p>\n<p>Na hip\u00f3tese de ter comprado cannabis testada em laborat\u00f3rio, poder\u00e1 ver que o canabin\u00f3ide mais abundante \u00e9 o THC ou o THCA, ambos os quais se podem estender entre 10-20% em geral. Embora THCA seja o nome mais preciso para a flor que n\u00e3o foi descarboxilada, eles significam basicamente algo muito semelhante na hip\u00f3tese remota de aceitar que o comprador espera fumar, desintegrar, ou aquecer o item de uma forma ou de outra.<\/p>\n<p>\"Pedras preciosas\" ou pedras preciosas THCA t\u00eam-se movimentado com clientes de concentrado de can\u00e1bis no decurso dos \u00faltimos anos. Desde n\u00e3o h\u00e1 muito tempo, o THCA isolado tem sido elusivo. Actualmente, \u00e9 poss\u00edvel descobri-los segregados ou ainda mais geralmente encharcados com terpenos em recipientes denominados \"molho\". Vamos rever tudo o que precisar para pensar sobre THCA semelhante a vidro.<\/p>\n<p>THCA representa corrosivo tetrahidrocanabin\u00f3lico. A cannabis bruta e viva tem os maiores agrupamentos. O THCA converte-se gradualmente em THC \u00e0 medida que a planta seca. O aquecimento da cannabis acelera o ciclo.<\/p>\n<p>THCA \u00e9 um antecedente n\u00e3o psicoactivo do THC, o que implica que n\u00e3o o vai deixar pedrado. Esta \u00e9 a explica\u00e7\u00e3o para a cannabis dever ser descarboxilada num fog\u00e3o antes de ser utilizada em edibles. O ciclo garante que todo o THCA foi transformado em THC para que se possa encontrar todos os impactos psicoativos.<\/p>\n<p>THCA \u00e9 um antecedente n\u00e3o psicoactivo do THC, o que implica que n\u00e3o o vai deixar pedrado. Esta \u00e9 a explica\u00e7\u00e3o para a cannabis dever ser descarboxilada num fog\u00e3o antes de ser utilizada em edibles. O ciclo garante que todo o THCA foi transformado em THC para que se possa encontrar todos os impactos psicoativos.<\/p>\n<p>A cannabis bruta \u00e9 um superalimento conhecido. Espremer cannabis pode fornecer n\u00edveis mais significativos de THCA. Comer n\u00edveis elevados de THCA pode ajudar a compensar a falta de endocanabinoides sem o alto. As insufici\u00eancias endocanabin\u00f3ides s\u00e3o respons\u00e1veis por algumas doen\u00e7as incapacitantes.<\/p>\n<p>comprar thca online, thca cristalino para venda, thca cristalino para venda online, thc cristais para venda, thca para venda, certos indiv\u00edduos que s\u00e3o sens\u00edveis ao THC n\u00e3o podem devorar o suficiente do canabin\u00f3ide para facilitar as suas manifesta\u00e7\u00f5es. Felizmente, podem mesmo agora descobrir ajuda equivalente ou mais proeminente do consumo de can\u00e1bis em bruto.<\/p>\n<p>O Dr. William Courtney, m\u00e9dico de Willits, Calif\u00f3rnia, tem vindo a empurrar as vantagens de espremer erva h\u00e1 j\u00e1 quase 10 anos. As novas plantas s\u00e3o mais elevadas em THCA. Assim, excepto se perceber como desenvolver erva daninha ou algu\u00e9m que o fa\u00e7a, est\u00e1 numa situa\u00e7\u00e3o ideal ao descobrir THCA transl\u00facido.<\/p>\n<p>&nbsp;<\/p>\n<p>&nbsp;<\/p>\n<p>&nbsp;<\/p>\n<pre><strong>Comprar Cristais THCA - Prateleira Superior - comprar THCA , comprar Cristais THCA , comprar Cristais THCA online, Onde Comprar Cristais THCA , Cristais THCA \u00e0 venda , Cristais \u00e0 venda, comprar THCA online, onde Comprar Cristais THCA online, Cristais THCA \u00e0 venda em eua, eua, canad\u00e1, reino unido, comprar, online, fornecedores, entrega segura, voc\u00ea ainda pode obter THCA Crystals, THCA Crystals \u00e9 legal nos eua, comprar THCA Crystals online eua, como encomendar THCA Crystals, THCA Crystals \u00e9 legal no Canad\u00e1<\/strong><\/pre>","protected":false},"excerpt":{"rendered":"<ul>\n<li>Envio para todo o planeta<\/li>\n<li><strong>Um concentrado composto por 97-99% THC<\/strong><\/li>\n<li><strong>99% THC-A puro<\/strong><\/li>\n<li><strong>Contate-Nos<\/strong>\u00a0para pedidos maiores<\/li>\n<\/ul>\n<pre><\/pre>","protected":false},"featured_media":9747,"comment_status":"open","ping_status":"closed","template":"","meta":{"_bst_post_transparent":"","_bst_post_title":"","_bst_post_layout":"","_bst_post_sidebar_id":"","_bst_post_content_style":"","_bst_post_vertical_padding":"","_bst_post_feature":"","_bst_post_feature_position":"","_bst_post_header":false,"_bst_post_footer":false},"product_brand":[],"product_cat":[76],"product_tag":[970,987,980,985,983,988,971,977,990,974,979,976,982,973,986,972,975,989,981,984,978],"product_brands":[],"class_list":{"0":"post-9732","1":"product","2":"type-product","3":"status-publish","4":"has-post-thumbnail","6":"product_cat-marijuana-wax","7":"product_tag-100-thc-wax-shop-online","8":"product_tag-buy-cannabis-wax-online","9":"product_tag-buy-dab-wax-online","10":"product_tag-buy-dabs-online-any-state","11":"product_tag-cannabis-wax-for-sale","12":"product_tag-dabs-for-sale-online","13":"product_tag-dangers-of-marijuana-wax","14":"product_tag-how-do-you-smoke-wax","15":"product_tag-marijuana-wax-dabs","16":"product_tag-marijuana-wax-for-sale","17":"product_tag-marijuana-wax-for-sale-online","18":"product_tag-marijuana-wax-making-kit","19":"product_tag-marijuana-wax-making-machine","20":"product_tag-side-effects-of-smoking-wax","21":"product_tag-thc-edibles-online-ship-anywhere","22":"product_tag-thc-wax-concentrates-prices","23":"product_tag-wax-concentrate-for-sale","24":"product_tag-wax-dabs-for-sale","25":"product_tag-wax-press-machine-for-weed","26":"product_tag-where-to-buy-dab-wax","27":"product_tag-where-to-buy-hash-wax","29":"first","30":"instock","31":"shipping-taxable","32":"purchasable","33":"product-type-variable","34":"entry","35":"content-bg","36":"loop-entry"},"tiered_pricing_type":"fixed","tiered_pricing_fixed_rules":[],"tiered_pricing_percentage_rules":[],"tiered_pricing_minimum":1,"_administrator_tiered_pricing_type":"fixed","_administrator_tiered_pricing_fixed_rules":[],"_editor_tiered_pricing_type":"fixed","_editor_tiered_pricing_fixed_rules":[],"_author_tiered_pricing_type":"fixed","_author_tiered_pricing_fixed_rules":[],"_contributor_tiered_pricing_type":"fixed","_contributor_tiered_pricing_fixed_rules":[],"_subscriber_tiered_pricing_type":"fixed","_subscriber_tiered_pricing_fixed_rules":[],"_customer_tiered_pricing_type":"fixed","_customer_tiered_pricing_fixed_rules":[],"_shop_manager_tiered_pricing_type":"fixed","_shop_manager_tiered_pricing_fixed_rules":[],"_wpseo_manager_tiered_pricing_type":"fixed","_wpseo_manager_tiered_pricing_fixed_rules":[],"_wpseo_editor_tiered_pricing_type":"fixed","_wpseo_editor_tiered_pricing_fixed_rules":[],"yoast_head":"<!-- This site is optimized with the Yoast SEO plugin v27.2 - https:\/\/yoast.com\/product\/yoast-seo-wordpress\/ -->\n<title>Buy THCA Crystals- Top Shelf - stonersmeds.com<\/title>\n<meta name=\"description\" content=\"By THCA crystal, 99.9 % pure. safe and fast delivery to your door step. Order now and get quality THCA crystals in maximum 3 days\" \/>\n<meta name=\"robots\" content=\"index, follow, max-snippet:-1, max-image-preview:large, max-video-preview:-1\" \/>\n<link rel=\"canonical\" href=\"https:\/\/stonersmeds.com\/pt\/shop\/buy-thca-crystals-top-shelf\/\" \/>\n<meta property=\"og:locale\" content=\"pt_PT\" \/>\n<meta property=\"og:type\" content=\"article\" \/>\n<meta property=\"og:title\" content=\"Buy THCA Crystals- Top Shelf - stonersmeds.com\" \/>\n<meta property=\"og:description\" content=\"By THCA crystal, 99.9 % pure. safe and fast delivery to your door step. Order now and get quality THCA crystals in maximum 3 days\" \/>\n<meta property=\"og:url\" content=\"https:\/\/stonersmeds.com\/pt\/shop\/buy-thca-crystals-top-shelf\/\" \/>\n<meta property=\"og:site_name\" content=\"stonersmeds.com\" \/>\n<meta property=\"article:modified_time\" content=\"2026-03-02T12:00:07+00:00\" \/>\n<meta property=\"og:image\" content=\"https:\/\/stonersmeds.com\/wp-content\/uploads\/2022\/03\/Buy-THCA-Crystals-Top-Shelf.jpg\" \/>\n\t<meta property=\"og:image:width\" content=\"600\" \/>\n\t<meta property=\"og:image:height\" content=\"600\" \/>\n\t<meta property=\"og:image:type\" content=\"image\/jpeg\" \/>\n<meta name=\"twitter:card\" content=\"summary_large_image\" \/>\n<meta name=\"twitter:label1\" content=\"Disponibilidade\" \/>\n\t<meta name=\"twitter:data1\" content=\"Em stock\" \/>\n<script type=\"application\/ld+json\" class=\"yoast-schema-graph\">{\"@context\":\"https:\/\/schema.org\",\"@graph\":[{\"@type\":\"WebPage\",\"@id\":\"https:\/\/stonersmeds.com\/shop\/buy-thca-crystals-top-shelf\/\",\"url\":\"https:\/\/stonersmeds.com\/shop\/buy-thca-crystals-top-shelf\/\",\"name\":\"Buy THCA Crystals- Top Shelf - stonersmeds.com\",\"isPartOf\":{\"@id\":\"https:\/\/stonersmeds.com\/#website\"},\"primaryImageOfPage\":{\"@id\":\"https:\/\/stonersmeds.com\/shop\/buy-thca-crystals-top-shelf\/#primaryimage\"},\"image\":{\"@id\":\"https:\/\/stonersmeds.com\/shop\/buy-thca-crystals-top-shelf\/#primaryimage\"},\"thumbnailUrl\":\"https:\/\/stonersmeds.com\/wp-content\/uploads\/2022\/03\/Buy-THCA-Crystals-Top-Shelf.jpg\",\"datePublished\":\"2022-03-11T19:18:50+00:00\",\"dateModified\":\"2026-03-02T12:00:07+00:00\",\"description\":\"By THCA crystal, 99.9 % pure. safe and fast delivery to your door step. Order now and get quality THCA crystals in maximum 3 days\",\"breadcrumb\":{\"@id\":\"https:\/\/stonersmeds.com\/shop\/buy-thca-crystals-top-shelf\/#breadcrumb\"},\"inLanguage\":\"pt-PT\",\"potentialAction\":[{\"@type\":\"ReadAction\",\"target\":[\"https:\/\/stonersmeds.com\/shop\/buy-thca-crystals-top-shelf\/\"]}]},{\"@type\":\"ImageObject\",\"inLanguage\":\"pt-PT\",\"@id\":\"https:\/\/stonersmeds.com\/shop\/buy-thca-crystals-top-shelf\/#primaryimage\",\"url\":\"https:\/\/stonersmeds.com\/wp-content\/uploads\/2022\/03\/Buy-THCA-Crystals-Top-Shelf.jpg\",\"contentUrl\":\"https:\/\/stonersmeds.com\/wp-content\/uploads\/2022\/03\/Buy-THCA-Crystals-Top-Shelf.jpg\",\"width\":600,\"height\":600},{\"@type\":\"BreadcrumbList\",\"@id\":\"https:\/\/stonersmeds.com\/shop\/buy-thca-crystals-top-shelf\/#breadcrumb\",\"itemListElement\":[{\"@type\":\"ListItem\",\"position\":1,\"name\":\"Home\",\"item\":\"https:\/\/stonersmeds.com\/\"},{\"@type\":\"ListItem\",\"position\":2,\"name\":\"Shop\",\"item\":\"https:\/\/stonersmeds.com\/shop\/\"},{\"@type\":\"ListItem\",\"position\":3,\"name\":\"Buy THCA Crystals- Top Shelf\"}]},{\"@type\":\"WebSite\",\"@id\":\"https:\/\/stonersmeds.com\/#website\",\"url\":\"https:\/\/stonersmeds.com\/\",\"name\":\"stonersmeds.com\",\"description\":\"verschreibungspflichtige Medizin kaufen\",\"publisher\":{\"@id\":\"https:\/\/stonersmeds.com\/#organization\"},\"alternateName\":\"Research chemical shop\",\"potentialAction\":[{\"@type\":\"SearchAction\",\"target\":{\"@type\":\"EntryPoint\",\"urlTemplate\":\"https:\/\/stonersmeds.com\/?s={search_term_string}\"},\"query-input\":{\"@type\":\"PropertyValueSpecification\",\"valueRequired\":true,\"valueName\":\"search_term_string\"}}],\"inLanguage\":\"pt-PT\"},{\"@type\":\"Organization\",\"@id\":\"https:\/\/stonersmeds.com\/#organization\",\"name\":\"Stonersmeds Shop\",\"url\":\"https:\/\/stonersmeds.com\/\",\"logo\":{\"@type\":\"ImageObject\",\"inLanguage\":\"pt-PT\",\"@id\":\"https:\/\/stonersmeds.com\/#\/schema\/logo\/image\/\",\"url\":\"https:\/\/stonersmeds.com\/wp-content\/uploads\/2026\/02\/high-purity-DMT-powder.jpg\",\"contentUrl\":\"https:\/\/stonersmeds.com\/wp-content\/uploads\/2026\/02\/high-purity-DMT-powder.jpg\",\"width\":500,\"height\":500,\"caption\":\"Stonersmeds Shop\"},\"image\":{\"@id\":\"https:\/\/stonersmeds.com\/#\/schema\/logo\/image\/\"}}]}<\/script>\n<meta property=\"og:availability\" content=\"instock\" \/>\n<meta property=\"product:availability\" content=\"instock\" \/>\n<meta property=\"product:condition\" content=\"new\" \/>\n<!-- \/ Yoast SEO plugin. -->","yoast_head_json":{"title":"Compre cristais THCA - prateleira superior - stonersmeds.com","description":"Por THCA cristal, 99.9 % puro. entrega segura e r\u00e1pida \u00e0 sua porta. Encomende agora e obtenha cristais de THCA de qualidade no m\u00e1ximo 3 dias","robots":{"index":"index","follow":"follow","max-snippet":"max-snippet:-1","max-image-preview":"max-image-preview:large","max-video-preview":"max-video-preview:-1"},"canonical":"https:\/\/stonersmeds.com\/pt\/shop\/buy-thca-crystals-top-shelf\/","og_locale":"pt_PT","og_type":"article","og_title":"Buy THCA Crystals- Top Shelf - stonersmeds.com","og_description":"By THCA crystal, 99.9 % pure. safe and fast delivery to your door step. Order now and get quality THCA crystals in maximum 3 days","og_url":"https:\/\/stonersmeds.com\/pt\/shop\/buy-thca-crystals-top-shelf\/","og_site_name":"stonersmeds.com","article_modified_time":"2026-03-02T12:00:07+00:00","og_image":[{"width":600,"height":600,"url":"https:\/\/stonersmeds.com\/wp-content\/uploads\/2022\/03\/Buy-THCA-Crystals-Top-Shelf.jpg","type":"image\/jpeg"}],"twitter_card":"summary_large_image","twitter_misc":{"Disponibilidade":"Em stock"},"schema":{"@context":"https:\/\/schema.org","@graph":[{"@type":"WebPage","@id":"https:\/\/stonersmeds.com\/shop\/buy-thca-crystals-top-shelf\/","url":"https:\/\/stonersmeds.com\/shop\/buy-thca-crystals-top-shelf\/","name":"Compre cristais THCA - prateleira superior - stonersmeds.com","isPartOf":{"@id":"https:\/\/stonersmeds.com\/#website"},"primaryImageOfPage":{"@id":"https:\/\/stonersmeds.com\/shop\/buy-thca-crystals-top-shelf\/#primaryimage"},"image":{"@id":"https:\/\/stonersmeds.com\/shop\/buy-thca-crystals-top-shelf\/#primaryimage"},"thumbnailUrl":"https:\/\/stonersmeds.com\/wp-content\/uploads\/2022\/03\/Buy-THCA-Crystals-Top-Shelf.jpg","datePublished":"2022-03-11T19:18:50+00:00","dateModified":"2026-03-02T12:00:07+00:00","description":"Por THCA cristal, 99.9 % puro. entrega segura e r\u00e1pida \u00e0 sua porta. Encomende agora e obtenha cristais de THCA de qualidade no m\u00e1ximo 3 dias","breadcrumb":{"@id":"https:\/\/stonersmeds.com\/shop\/buy-thca-crystals-top-shelf\/#breadcrumb"},"inLanguage":"pt-PT","potentialAction":[{"@type":"ReadAction","target":["https:\/\/stonersmeds.com\/shop\/buy-thca-crystals-top-shelf\/"]}]},{"@type":"ImageObject","inLanguage":"pt-PT","@id":"https:\/\/stonersmeds.com\/shop\/buy-thca-crystals-top-shelf\/#primaryimage","url":"https:\/\/stonersmeds.com\/wp-content\/uploads\/2022\/03\/Buy-THCA-Crystals-Top-Shelf.jpg","contentUrl":"https:\/\/stonersmeds.com\/wp-content\/uploads\/2022\/03\/Buy-THCA-Crystals-Top-Shelf.jpg","width":600,"height":600},{"@type":"BreadcrumbList","@id":"https:\/\/stonersmeds.com\/shop\/buy-thca-crystals-top-shelf\/#breadcrumb","itemListElement":[{"@type":"ListItem","position":1,"name":"Home","item":"https:\/\/stonersmeds.com\/"},{"@type":"ListItem","position":2,"name":"Shop","item":"https:\/\/stonersmeds.com\/shop\/"},{"@type":"ListItem","position":3,"name":"Buy THCA Crystals- Top Shelf"}]},{"@type":"WebSite","@id":"https:\/\/stonersmeds.com\/#website","url":"https:\/\/stonersmeds.com\/","name":"stonersmeds. com","description":"verschreibungspflichtige Medizin kaufen","publisher":{"@id":"https:\/\/stonersmeds.com\/#organization"},"alternateName":"Research chemical shop","potentialAction":[{"@type":"SearchAction","target":{"@type":"EntryPoint","urlTemplate":"https:\/\/stonersmeds.com\/?s={search_term_string}"},"query-input":{"@type":"PropertyValueSpecification","valueRequired":true,"valueName":"search_term_string"}}],"inLanguage":"pt-PT"},{"@type":"Organization","@id":"https:\/\/stonersmeds.com\/#organization","name":"Stonersmeds Shop","url":"https:\/\/stonersmeds.com\/","logo":{"@type":"ImageObject","inLanguage":"pt-PT","@id":"https:\/\/stonersmeds.com\/#\/schema\/logo\/image\/","url":"https:\/\/stonersmeds.com\/wp-content\/uploads\/2026\/02\/high-purity-DMT-powder.jpg","contentUrl":"https:\/\/stonersmeds.com\/wp-content\/uploads\/2026\/02\/high-purity-DMT-powder.jpg","width":500,"height":500,"caption":"Stonersmeds Shop"},"image":{"@id":"https:\/\/stonersmeds.com\/#\/schema\/logo\/image\/"}}]},"og_availability":"instock","product_availability":"instock","product_condition":"new"},"_links":{"self":[{"href":"https:\/\/stonersmeds.com\/pt\/wp-json\/wp\/v2\/product\/9732","targetHints":{"allow":["GET"]}}],"collection":[{"href":"https:\/\/stonersmeds.com\/pt\/wp-json\/wp\/v2\/product"}],"about":[{"href":"https:\/\/stonersmeds.com\/pt\/wp-json\/wp\/v2\/types\/product"}],"replies":[{"embeddable":true,"href":"https:\/\/stonersmeds.com\/pt\/wp-json\/wp\/v2\/comments?post=9732"}],"version-history":[{"count":0,"href":"https:\/\/stonersmeds.com\/pt\/wp-json\/wp\/v2\/product\/9732\/revisions"}],"wp:featuredmedia":[{"embeddable":true,"href":"https:\/\/stonersmeds.com\/pt\/wp-json\/wp\/v2\/media\/9747"}],"wp:attachment":[{"href":"https:\/\/stonersmeds.com\/pt\/wp-json\/wp\/v2\/media?parent=9732"}],"wp:term":[{"taxonomy":"product_brand","embeddable":true,"href":"https:\/\/stonersmeds.com\/pt\/wp-json\/wp\/v2\/product_brand?post=9732"},{"taxonomy":"product_cat","embeddable":true,"href":"https:\/\/stonersmeds.com\/pt\/wp-json\/wp\/v2\/product_cat?post=9732"},{"taxonomy":"product_tag","embeddable":true,"href":"https:\/\/stonersmeds.com\/pt\/wp-json\/wp\/v2\/product_tag?post=9732"},{"taxonomy":"product_brands","embeddable":true,"href":"https:\/\/stonersmeds.com\/pt\/wp-json\/wp\/v2\/product_brands?post=9732"}],"curies":[{"name":"wp","href":"https:\/\/api.w.org\/{rel}","templated":true}]}}