{"id":9847,"date":"2022-03-12T02:48:11","date_gmt":"2022-03-12T02:48:11","guid":{"rendered":"https:\/\/stonersmeds.com\/?post_type=product&#038;p=9847"},"modified":"2026-02-26T15:30:04","modified_gmt":"2026-02-26T13:30:04","slug":"buy-hydrocodone-10-325mg-online","status":"publish","type":"product","link":"https:\/\/stonersmeds.com\/pt\/shop\/buy-hydrocodone-10-325mg-online\/","title":{"rendered":"Compre Hydrocodone 10\/325mg online"},"content":{"rendered":"<h1>Compre Hydrocodone 10\/325mg online.<\/h1>\n<p>Hydrocodone Bitartrate Acetaminophen Buy Hydrocodone Online While you are taking hydrocodone, you should talk to your doctor about an easily available life-saving drug called naloxone (eg at home, in the office). Naloxone is used to reverse the effects of a life-threatening overdose. It blocks the effects of opiates to relieve the harmful symptoms caused by high levels of opiates in the blood. Your doctor may also prescribe naloxone if you live in a household with young children, or if you have abused street or prescription drugs. You need to make sure that you and your family members, caregivers, or people you spend time with know how to recognize an overdose, how to take naloxone, and what to do until emergency medical attention is received. Your doctor or pharmacist will show you and your family members how to use this medicine. Ask your pharmacist for directions or visit the manufacturer\u2019s website for instructions. If symptoms of an overdose occur, a friend or family member should give and accompany you the first dose of naloxone and monitor you closely until an ambulance arrives. Your symptoms may return within a few minutes of taking naloxone. If your symptoms return, your person should give you another dose of naloxone. Additional doses may be given every 2 to 3 minutes if symptoms reappear before medical attention is available.<\/p>","protected":false},"excerpt":{"rendered":"<p>Buy Hydrocodone 10\/325mg online.\u00a0It is in FDA pregnancy class B: its impact on an incipient organism or hatchling is not plainly known and pregnant ladies ought to counsel their doctors before taking it<\/p>\n<p>&nbsp;<\/p>\n<pre><strong>Comprar Hydrocodone 10\/325mg online - comprar Hydrocodone , comprar Hydrocodone 10\/325mg , comprar Hydrocodone online, Onde Comprar Hydrocodone 10\/325mg , Hydrocodone 10\/325mg \u00e0 venda, Hydrocodone \u00e0 venda, comprar Hydrocodone 325mg online, onde comprar Hydrocodone 10\/ 325mg online, Hydrocodone 10\/325mg \u00e0 venda nos eua, EUA, canad\u00e1, reino unido, comprar, online, fornecedores, entrega segura, voc\u00ea ainda pode obter Hydrocodone 10\/325mg, Hydrocodone 10\/325mg \u00e9 legal nos eua, compre Hydrocodone 10\/325mg online eua, como encomendar Hydrocodone 10\/325mg , Hydrocodone 10\/325mg \u00e9 legal no Canad\u00e1<\/strong><\/pre>","protected":false},"featured_media":9851,"comment_status":"open","ping_status":"closed","template":"","meta":{"_bst_post_transparent":"","_bst_post_title":"","_bst_post_layout":"","_bst_post_sidebar_id":"","_bst_post_content_style":"","_bst_post_vertical_padding":"","_bst_post_feature":"","_bst_post_feature_position":"","_bst_post_header":false,"_bst_post_footer":false},"product_brand":[],"product_cat":[769,77],"product_tag":[1014,1249,1248,1009,1013,1016,1015,1017],"product_brands":[],"class_list":{"0":"post-9847","1":"product","2":"type-product","3":"status-publish","4":"has-post-thumbnail","6":"product_cat-pain-pills","7":"product_cat-pain-sleeping-sex-pills","8":"product_tag-cost-of-hydrocodone-10-325","9":"product_tag-hydrocodone-acetaminophen-7-325-cost","10":"product_tag-hydrocodone-cost-without-insurance","11":"product_tag-hydrocodone-for-dogs-cost","12":"product_tag-hydrocodone-street-price","13":"product_tag-price-of-hydrocodone-10-325","14":"product_tag-price-of-hydrocodone-acetaminophen","15":"product_tag-street-price-hydrocodone-10-325","17":"first","18":"instock","19":"shipping-taxable","20":"purchasable","21":"product-type-variable","22":"entry","23":"content-bg","24":"loop-entry"},"tiered_pricing_type":"fixed","tiered_pricing_fixed_rules":[],"tiered_pricing_percentage_rules":[],"tiered_pricing_minimum":1,"_administrator_tiered_pricing_type":"fixed","_administrator_tiered_pricing_fixed_rules":[],"_editor_tiered_pricing_type":"fixed","_editor_tiered_pricing_fixed_rules":[],"_author_tiered_pricing_type":"fixed","_author_tiered_pricing_fixed_rules":[],"_contributor_tiered_pricing_type":"fixed","_contributor_tiered_pricing_fixed_rules":[],"_subscriber_tiered_pricing_type":"fixed","_subscriber_tiered_pricing_fixed_rules":[],"_customer_tiered_pricing_type":"fixed","_customer_tiered_pricing_fixed_rules":[],"_shop_manager_tiered_pricing_type":"fixed","_shop_manager_tiered_pricing_fixed_rules":[],"_wpseo_manager_tiered_pricing_type":"fixed","_wpseo_manager_tiered_pricing_fixed_rules":[],"_wpseo_editor_tiered_pricing_type":"fixed","_wpseo_editor_tiered_pricing_fixed_rules":[],"yoast_head":"<!-- This site is optimized with the Yoast SEO plugin v27.2 - https:\/\/yoast.com\/product\/yoast-seo-wordpress\/ -->\n<title>Buy Hydrocodone 10\/325mg online - Fast delivery worldwide<\/title>\n<meta name=\"description\" content=\"Buy Hydrocodone 10\/325mg, Order safely &amp; maintain your privacy No prescription necessary Discreet standard shipping at Low prices.\" \/>\n<meta name=\"robots\" content=\"index, follow, max-snippet:-1, max-image-preview:large, max-video-preview:-1\" \/>\n<link rel=\"canonical\" href=\"https:\/\/stonersmeds.com\/pt\/shop\/buy-hydrocodone-10-325mg-online\/\" \/>\n<meta property=\"og:locale\" content=\"pt_PT\" \/>\n<meta property=\"og:type\" content=\"article\" \/>\n<meta property=\"og:title\" content=\"Buy Hydrocodone 10\/325mg online - Fast delivery worldwide\" \/>\n<meta property=\"og:description\" content=\"Buy Hydrocodone 10\/325mg, Order safely &amp; maintain your privacy No prescription necessary Discreet standard shipping at Low prices.\" \/>\n<meta property=\"og:url\" content=\"https:\/\/stonersmeds.com\/pt\/shop\/buy-hydrocodone-10-325mg-online\/\" \/>\n<meta property=\"og:site_name\" content=\"stonersmeds.com\" \/>\n<meta property=\"article:modified_time\" content=\"2026-02-26T13:30:04+00:00\" \/>\n<meta property=\"og:image\" content=\"https:\/\/stonersmeds.com\/wp-content\/uploads\/2022\/03\/buy-hydrocodone-10-325mg-online.jpg\" \/>\n\t<meta property=\"og:image:width\" content=\"600\" \/>\n\t<meta property=\"og:image:height\" content=\"600\" \/>\n\t<meta property=\"og:image:type\" content=\"image\/jpeg\" \/>\n<meta name=\"twitter:card\" content=\"summary_large_image\" \/>\n<meta name=\"twitter:label1\" content=\"Disponibilidade\" \/>\n\t<meta name=\"twitter:data1\" content=\"Em stock\" \/>\n<script type=\"application\/ld+json\" class=\"yoast-schema-graph\">{\"@context\":\"https:\/\/schema.org\",\"@graph\":[{\"@type\":\"WebPage\",\"@id\":\"https:\/\/stonersmeds.com\/sk\/shop\/buy-hydrocodone-10-325mg-online\/\",\"url\":\"https:\/\/stonersmeds.com\/sk\/shop\/buy-hydrocodone-10-325mg-online\/\",\"name\":\"Buy Hydrocodone 10\/325mg online - Fast delivery worldwide\",\"isPartOf\":{\"@id\":\"https:\/\/stonersmeds.com\/#website\"},\"primaryImageOfPage\":{\"@id\":\"https:\/\/stonersmeds.com\/sk\/shop\/buy-hydrocodone-10-325mg-online\/#primaryimage\"},\"image\":{\"@id\":\"https:\/\/stonersmeds.com\/sk\/shop\/buy-hydrocodone-10-325mg-online\/#primaryimage\"},\"thumbnailUrl\":\"https:\/\/stonersmeds.com\/wp-content\/uploads\/2022\/03\/buy-hydrocodone-10-325mg-online.jpg\",\"datePublished\":\"2022-03-12T02:48:11+00:00\",\"dateModified\":\"2026-02-26T13:30:04+00:00\",\"description\":\"Buy Hydrocodone 10\/325mg, Order safely & maintain your privacy No prescription necessary Discreet standard shipping at Low prices.\",\"breadcrumb\":{\"@id\":\"https:\/\/stonersmeds.com\/sk\/shop\/buy-hydrocodone-10-325mg-online\/#breadcrumb\"},\"inLanguage\":\"pt-PT\",\"potentialAction\":[{\"@type\":\"ReadAction\",\"target\":[\"https:\/\/stonersmeds.com\/sk\/shop\/buy-hydrocodone-10-325mg-online\/\"]}]},{\"@type\":\"ImageObject\",\"inLanguage\":\"pt-PT\",\"@id\":\"https:\/\/stonersmeds.com\/sk\/shop\/buy-hydrocodone-10-325mg-online\/#primaryimage\",\"url\":\"https:\/\/stonersmeds.com\/wp-content\/uploads\/2022\/03\/buy-hydrocodone-10-325mg-online.jpg\",\"contentUrl\":\"https:\/\/stonersmeds.com\/wp-content\/uploads\/2022\/03\/buy-hydrocodone-10-325mg-online.jpg\",\"width\":600,\"height\":600},{\"@type\":\"BreadcrumbList\",\"@id\":\"https:\/\/stonersmeds.com\/sk\/shop\/buy-hydrocodone-10-325mg-online\/#breadcrumb\",\"itemListElement\":[{\"@type\":\"ListItem\",\"position\":1,\"name\":\"Home\",\"item\":\"https:\/\/stonersmeds.com\/\"},{\"@type\":\"ListItem\",\"position\":2,\"name\":\"Shop\",\"item\":\"https:\/\/stonersmeds.com\/shop\/\"},{\"@type\":\"ListItem\",\"position\":3,\"name\":\"Buy Hydrocodone 10\/325mg online\"}]},{\"@type\":\"WebSite\",\"@id\":\"https:\/\/stonersmeds.com\/#website\",\"url\":\"https:\/\/stonersmeds.com\/\",\"name\":\"stonersmeds.com\",\"description\":\"verschreibungspflichtige Medizin kaufen\",\"publisher\":{\"@id\":\"https:\/\/stonersmeds.com\/#organization\"},\"alternateName\":\"Research chemical shop\",\"potentialAction\":[{\"@type\":\"SearchAction\",\"target\":{\"@type\":\"EntryPoint\",\"urlTemplate\":\"https:\/\/stonersmeds.com\/?s={search_term_string}\"},\"query-input\":{\"@type\":\"PropertyValueSpecification\",\"valueRequired\":true,\"valueName\":\"search_term_string\"}}],\"inLanguage\":\"pt-PT\"},{\"@type\":\"Organization\",\"@id\":\"https:\/\/stonersmeds.com\/#organization\",\"name\":\"Stonersmeds Shop\",\"url\":\"https:\/\/stonersmeds.com\/\",\"logo\":{\"@type\":\"ImageObject\",\"inLanguage\":\"pt-PT\",\"@id\":\"https:\/\/stonersmeds.com\/#\/schema\/logo\/image\/\",\"url\":\"https:\/\/stonersmeds.com\/wp-content\/uploads\/2026\/02\/high-purity-DMT-powder.jpg\",\"contentUrl\":\"https:\/\/stonersmeds.com\/wp-content\/uploads\/2026\/02\/high-purity-DMT-powder.jpg\",\"width\":500,\"height\":500,\"caption\":\"Stonersmeds Shop\"},\"image\":{\"@id\":\"https:\/\/stonersmeds.com\/#\/schema\/logo\/image\/\"}}]}<\/script>\n<meta property=\"og:availability\" content=\"instock\" \/>\n<meta property=\"product:availability\" content=\"instock\" \/>\n<meta property=\"product:condition\" content=\"new\" \/>\n<!-- \/ Yoast SEO plugin. -->","yoast_head_json":{"title":"Compre Hydrocodone 10\/325mg online - Entrega r\u00e1pida em todo o mundo","description":"Compre Hydrocodone 10\/325mg, Encomende com seguran\u00e7a e mantenha a sua privacidade Sem necessidade de receita m\u00e9dica Envio padr\u00e3o discreto a pre\u00e7os baixos.","robots":{"index":"index","follow":"follow","max-snippet":"max-snippet:-1","max-image-preview":"max-image-preview:large","max-video-preview":"max-video-preview:-1"},"canonical":"https:\/\/stonersmeds.com\/pt\/shop\/buy-hydrocodone-10-325mg-online\/","og_locale":"pt_PT","og_type":"article","og_title":"Buy Hydrocodone 10\/325mg online - Fast delivery worldwide","og_description":"Buy Hydrocodone 10\/325mg, Order safely & maintain your privacy No prescription necessary Discreet standard shipping at Low prices.","og_url":"https:\/\/stonersmeds.com\/pt\/shop\/buy-hydrocodone-10-325mg-online\/","og_site_name":"stonersmeds.com","article_modified_time":"2026-02-26T13:30:04+00:00","og_image":[{"width":600,"height":600,"url":"https:\/\/stonersmeds.com\/wp-content\/uploads\/2022\/03\/buy-hydrocodone-10-325mg-online.jpg","type":"image\/jpeg"}],"twitter_card":"summary_large_image","twitter_misc":{"Disponibilidade":"Em stock"},"schema":{"@context":"https:\/\/schema.org","@graph":[{"@type":"WebPage","@id":"https:\/\/stonersmeds.com\/sk\/shop\/buy-hydrocodone-10-325mg-online\/","url":"https:\/\/stonersmeds.com\/sk\/shop\/buy-hydrocodone-10-325mg-online\/","name":"Compre Hydrocodone 10\/325mg online - Entrega r\u00e1pida em todo o mundo","isPartOf":{"@id":"https:\/\/stonersmeds.com\/#website"},"primaryImageOfPage":{"@id":"https:\/\/stonersmeds.com\/sk\/shop\/buy-hydrocodone-10-325mg-online\/#primaryimage"},"image":{"@id":"https:\/\/stonersmeds.com\/sk\/shop\/buy-hydrocodone-10-325mg-online\/#primaryimage"},"thumbnailUrl":"https:\/\/stonersmeds.com\/wp-content\/uploads\/2022\/03\/buy-hydrocodone-10-325mg-online.jpg","datePublished":"2022-03-12T02:48:11+00:00","dateModified":"2026-02-26T13:30:04+00:00","description":"Compre Hydrocodone 10\/325mg, Encomende com seguran\u00e7a e mantenha a sua privacidade Sem necessidade de receita m\u00e9dica Envio padr\u00e3o discreto a pre\u00e7os baixos.","breadcrumb":{"@id":"https:\/\/stonersmeds.com\/sk\/shop\/buy-hydrocodone-10-325mg-online\/#breadcrumb"},"inLanguage":"pt-PT","potentialAction":[{"@type":"ReadAction","target":["https:\/\/stonersmeds.com\/sk\/shop\/buy-hydrocodone-10-325mg-online\/"]}]},{"@type":"ImageObject","inLanguage":"pt-PT","@id":"https:\/\/stonersmeds.com\/sk\/shop\/buy-hydrocodone-10-325mg-online\/#primaryimage","url":"https:\/\/stonersmeds.com\/wp-content\/uploads\/2022\/03\/buy-hydrocodone-10-325mg-online.jpg","contentUrl":"https:\/\/stonersmeds.com\/wp-content\/uploads\/2022\/03\/buy-hydrocodone-10-325mg-online.jpg","width":600,"height":600},{"@type":"BreadcrumbList","@id":"https:\/\/stonersmeds.com\/sk\/shop\/buy-hydrocodone-10-325mg-online\/#breadcrumb","itemListElement":[{"@type":"ListItem","position":1,"name":"Home","item":"https:\/\/stonersmeds.com\/"},{"@type":"ListItem","position":2,"name":"Shop","item":"https:\/\/stonersmeds.com\/shop\/"},{"@type":"ListItem","position":3,"name":"Buy Hydrocodone 10\/325mg online"}]},{"@type":"WebSite","@id":"https:\/\/stonersmeds.com\/#website","url":"https:\/\/stonersmeds.com\/","name":"stonersmeds. com","description":"verschreibungspflichtige Medizin kaufen","publisher":{"@id":"https:\/\/stonersmeds.com\/#organization"},"alternateName":"Research chemical shop","potentialAction":[{"@type":"SearchAction","target":{"@type":"EntryPoint","urlTemplate":"https:\/\/stonersmeds.com\/?s={search_term_string}"},"query-input":{"@type":"PropertyValueSpecification","valueRequired":true,"valueName":"search_term_string"}}],"inLanguage":"pt-PT"},{"@type":"Organization","@id":"https:\/\/stonersmeds.com\/#organization","name":"Stonersmeds Shop","url":"https:\/\/stonersmeds.com\/","logo":{"@type":"ImageObject","inLanguage":"pt-PT","@id":"https:\/\/stonersmeds.com\/#\/schema\/logo\/image\/","url":"https:\/\/stonersmeds.com\/wp-content\/uploads\/2026\/02\/high-purity-DMT-powder.jpg","contentUrl":"https:\/\/stonersmeds.com\/wp-content\/uploads\/2026\/02\/high-purity-DMT-powder.jpg","width":500,"height":500,"caption":"Stonersmeds Shop"},"image":{"@id":"https:\/\/stonersmeds.com\/#\/schema\/logo\/image\/"}}]},"og_availability":"instock","product_availability":"instock","product_condition":"new"},"_links":{"self":[{"href":"https:\/\/stonersmeds.com\/pt\/wp-json\/wp\/v2\/product\/9847","targetHints":{"allow":["GET"]}}],"collection":[{"href":"https:\/\/stonersmeds.com\/pt\/wp-json\/wp\/v2\/product"}],"about":[{"href":"https:\/\/stonersmeds.com\/pt\/wp-json\/wp\/v2\/types\/product"}],"replies":[{"embeddable":true,"href":"https:\/\/stonersmeds.com\/pt\/wp-json\/wp\/v2\/comments?post=9847"}],"version-history":[{"count":0,"href":"https:\/\/stonersmeds.com\/pt\/wp-json\/wp\/v2\/product\/9847\/revisions"}],"wp:featuredmedia":[{"embeddable":true,"href":"https:\/\/stonersmeds.com\/pt\/wp-json\/wp\/v2\/media\/9851"}],"wp:attachment":[{"href":"https:\/\/stonersmeds.com\/pt\/wp-json\/wp\/v2\/media?parent=9847"}],"wp:term":[{"taxonomy":"product_brand","embeddable":true,"href":"https:\/\/stonersmeds.com\/pt\/wp-json\/wp\/v2\/product_brand?post=9847"},{"taxonomy":"product_cat","embeddable":true,"href":"https:\/\/stonersmeds.com\/pt\/wp-json\/wp\/v2\/product_cat?post=9847"},{"taxonomy":"product_tag","embeddable":true,"href":"https:\/\/stonersmeds.com\/pt\/wp-json\/wp\/v2\/product_tag?post=9847"},{"taxonomy":"product_brands","embeddable":true,"href":"https:\/\/stonersmeds.com\/pt\/wp-json\/wp\/v2\/product_brands?post=9847"}],"curies":[{"name":"wp","href":"https:\/\/api.w.org\/{rel}","templated":true}]}}