{"id":10095,"date":"2022-03-12T05:26:34","date_gmt":"2022-03-12T05:26:34","guid":{"rendered":"https:\/\/stonersmeds.com\/?post_type=product&#038;p=10095"},"modified":"2026-03-02T15:40:05","modified_gmt":"2026-03-02T13:40:05","slug":"buy-cheap-liquid-lsd-online","status":"publish","type":"product","link":"https:\/\/stonersmeds.com\/ro\/shop\/buy-cheap-liquid-lsd-online\/","title":{"rendered":"Cump\u0103ra\u021bi LSD lichid ieftin online"},"content":{"rendered":"<h1>Cump\u0103ra\u021bi LSD lichid ieftin online<\/h1>\n<p>La fel ca Green Crack (\u0219i nu trebuie confundat\u0103 cu LSD), Acid este o tulpin\u0103 numit\u0103 dup\u0103 o substan\u021b\u0103 oarecum mai psihoactiv\u0103. Una peste alta, Acid are o putere, oferind efecte compensate al\u0103turi de un parfum perplex. Fabricat\u0103 de Paradise Seeds, reproduc\u0103torii Delahaze \u0219i Sensi Star, Acid este ob\u021binut\u0103 din calit\u0103\u021bile ereditare ale celei mai iubite New York Sour Diesel din teritoriu. Farmecul s\u0103u i-a adus titlul de a treia cea mai bun\u0103 floare cultivat\u0103 \u00een interior la Copa THC Valencia 2016 din Spania. Nivelurile de THC ale Corrosivei au fost estimate undeva \u00eentre 16% \u0219i 23%.<\/p>\n<p>Corrosive uime\u0219te cu flori medii p\u00e2n\u0103 la enorme, care au o form\u0103 articulat\u0103, asem\u0103n\u0103toare cu cea a unui pom de Cr\u0103ciun, mai mici dec\u00e2t un pom de Cr\u0103ciun normal, care se \u00eencordeaz\u0103 de la o baz\u0103 rotund\u0103 larg\u0103 p\u00e2n\u0103 la un v\u00e2rf ascu\u021bit. Cu o structur\u0103 str\u00e2ns\u0103 \u0219i groas\u0103, \u00een mod inconfundabil ace\u0219ti muguri nu puteau fi altceva dec\u00e2t indica-predominant\u0103. Frunzele, r\u0103sucite ferm \u00een interior spre tulpinile lor focale, sunt de un verde \u00eenchis \u0219i supra\u00een\u0103l\u021bat \u0219i sunt contorsionate prin pistiluri ondulate de culoare p\u0103m\u00e2ntie. \u00cen cele din urm\u0103, tricomii de un alb str\u0103lucitor acoper\u0103 suprafe\u021bele interioare \u0219i exterioare ale florilor de Acid, conferind tulpinii puterea sa psihoactiv\u0103 \u0219i f\u0103c\u00e2nd ca mugurii s\u0103 fie excep\u021bional de dificil de separat f\u0103r\u0103 ajutorul unui procesor.<\/p>\n<p>\u00cen momentul \u00een care este u\u0219urat \u00een mod corespunz\u0103tor, Acid for sure are un parfum oarecum acid, distins de o arom\u0103 ascu\u021bit\u0103 de citrice. Exist\u0103, de asemenea, note de baz\u0103 solide, moscate, parfumate de p\u0103m\u00e2nt umed \u0219i t\u0103m\u00e2ie. \u00centre timp, separarea separat\u0103 sau granularea acestor nugs groase descarc\u0103 gazul astringent de evacuare care face ca tulpina mam\u0103 New York Sour Diesel s\u0103 fie at\u00e2t de ascu\u021bit\u0103 \u0219i de cunoscut\u0103. Atunci c\u00e2nd este ars\u0103 \u00eentr-o linie sau \u00eentr-un joint, Acid se aprinde cu un fum lin \u0219i u\u0219or de ingerat. Acest fum bogat abandoneaz\u0103 aroma de l\u0103m\u00e2ie \u0219i motorin\u0103 la expira\u021bie.<\/p>\n<p>Nivelul ridicat al lui Corrosive se descoper\u0103 treptat \u00eenc\u0103 de la \u00eenceput, distorsion\u00e2nd impresia fum\u0103torului despre \u00eembun\u0103t\u0103\u021birile sale exterioare. Anumite sunete ar putea fi intensificate, ca \u0219i cum ar fi produse \u00een interiorul unei camere de reverbera\u021bie. \u00cen plus, tonurile distinctive \u0219i luminile str\u0103lucitoare pot c\u0103p\u0103ta o alt\u0103 for\u021b\u0103. Atunci c\u00e2nd aceste impacturi tangibile devin cu totul exterioare, se instaleaz\u0103 minuni halucinogene mai vii, asem\u0103n\u0103toare unor contorsiuni de perspicacitate interioar\u0103 \u0219i exterioar\u0103 \u0219i o senza\u021bie solid\u0103 de expansiune a timpului. \u00cen interiorul unui anumit timp, fum\u0103torii pot sim\u021bi o greutate deliberat\u0103 \u00een jurul sanctuarelor \u0219i organelor limfatice, la fel ca o u\u0219oar\u0103 expansiune a saliva\u021biei. Aceste frisoane progreseaz\u0103 \u00een inunda\u021bii de desc\u0103tu\u0219are care se deplaseaz\u0103 \u00een josul coloanei vertebrale \u0219i eman\u0103 prin centru \u0219i anexe. \u00cen timp ce clien\u021bii pot s\u0103 nu fie complet imobiliza\u021bi de aceste impacturi eliberatoare, ei se pot sim\u021bi trezi\u021bi s\u0103 se destind\u0103 \u00een cei mai apropia\u021bi factori de mediu agreabili.<\/p>\n<p>High-ul de Corrosive este descris, \u00een plus, de o mentalitate cerebral\u0103 \u00een care fum\u0103torul' se poate al\u0103tura unor considera\u021bii sau idei neregulate, descoperindu-le mai fascinante dec\u00e2t ar putea fi, \u00een orice caz. Un astfel de ra\u021bionament deschis la cuno\u0219tin\u021b\u0103 poate fi o metod\u0103 decent\u0103 de a descoperi r\u0103spunsuri inovatoare pentru a se s\u0103pa \u00een probleme sau pentru a face fa\u021b\u0103 anumitor sarcini de lucru. Pe termen lung - sau pe m\u0103sur\u0103 ce m\u0103sura este extins\u0103 - impactul psihologic al Acidului devine mai mult minunat dec\u00e2t clar, livr\u00e2nd orice eficien\u021b\u0103 anterioar\u0103 invalid\u0103 \u0219i nul\u0103. Din cauza reducerii progresive a energiei, aceast\u0103 tulpin\u0103 ar trebui s\u0103 fie \u00eenc\u00e2ntat\u0103 \u00een timpul serii t\u00e2rzii sau al nop\u021bii.<\/p>\n<p><a href=\"https:\/\/stonersmeds.com\/ro\/eticheta-produs\/liquid-lsd-price\/\">LSD lichid<\/a> 200ug\/drop, acid lichid de v\u00e2nzare, acid de v\u00e2nzare online, lsd de v\u00e2nzare online, cump\u0103rare lsd online, acid lsd de v\u00e2nzare online, magazin lsd online, lsd lichid de v\u00e2nzare, acid lichid de v\u00e2nzare, acid lichid de v\u00e2nzare<\/p>\n<pre><strong>Cump\u0103ra\u021bi LSD lichid ieftin online - cump\u0103ra\u021bi LSD, cump\u0103ra\u021bi LSD ieftin, cump\u0103ra\u021bi LSD lichid online, unde s\u0103 cump\u0103ra\u021bi LSD ieftin, LSD ieftin de v\u00e2nzare, LSD ieftin de v\u00e2nzare, cump\u0103ra\u021bi LSD ieftin online, unde s\u0103 cump\u0103ra\u021bi LSD ieftin online, LSD ieftin de v\u00e2nzare \u00een Statele Unite ale Americii, SUA, Canada, Marea Britanie, cump\u0103ra\u021bi, online, furnizori, livrare sigur\u0103, Pute\u021bi ob\u021bine \u00een continuare LSD ieftin, este LSD ieftin legal \u00een SUA, cump\u0103ra\u021bi LSD ieftin online \u00een SUA, cum s\u0103 comanda\u021bi LSD ieftin, este LSD ieftin legal \u00een Canada<\/strong><\/pre>","protected":false},"excerpt":{"rendered":"<p>Vindem cele mai bune LSD (dietilamida acidului lisergic) \u00een fiecare lichid (pic\u0103turi) \u0219i sub form\u0103 de blotters pe linie la pre\u021buri foarte accesibile \u0219i moderate. Suntem 100% profesioni\u0219ti \u0219i eficien\u021bi. Ambalajul este 100% discret \u0219i de\u021binem o rat\u0103 de succes de livrare de o sut\u0103%.<\/p>\n<p>\u00cen cazul \u00een care comanda\u021bi de la noi, sunte\u021bi 100% garantat de produse excep\u021bionale \u0219i transport sigur. Livr\u0103m \u00een \u00eentreaga lume.<\/p>\n<p>Cump\u0103ra\u021bi LSD lichid ieftin online. LSD lichid real online - LSD lichid de v\u00e2nzare | Cump\u0103ra\u021bi LSD lichid online | Cump\u0103ra\u021bi LSD lichid de v\u00e2nzare | Cump\u0103ra\u021bi LSD lichid ieftin | Unde s\u0103 cump\u0103ra\u021bi LSD lichid online<\/p>\n<pre><\/pre>","protected":false},"featured_media":10098,"comment_status":"open","ping_status":"closed","template":"","meta":{"_bst_post_transparent":"","_bst_post_title":"","_bst_post_layout":"","_bst_post_sidebar_id":"","_bst_post_content_style":"","_bst_post_vertical_padding":"","_bst_post_feature":"","_bst_post_feature_position":"","_bst_post_header":false,"_bst_post_footer":false},"product_brand":[],"product_cat":[80],"product_tag":[846,869,870,871,864,867,865,862,866,861,863,868],"product_brands":[],"class_list":{"0":"post-10095","1":"product","2":"type-product","3":"status-publish","4":"has-post-thumbnail","6":"product_cat-psychedelic-drugs","7":"product_tag-1p-lsd-shop","8":"product_tag-how-long-does-lsd-cost","9":"product_tag-how-much-does-lsd-cost","10":"product_tag-how-much-does-lsd-cost-per-tab","11":"product_tag-how-to-make-liquid-lsd","12":"product_tag-liquid-acid-lsd","13":"product_tag-liquid-lsd-color","14":"product_tag-liquid-lsd-online","15":"product_tag-liquid-lsd-price","16":"product_tag-liquid-lsd-shop","17":"product_tag-liquid-lsd-vs-tabs","18":"product_tag-what-does-lsd-look-like","20":"first","21":"instock","22":"shipping-taxable","23":"purchasable","24":"product-type-variable","25":"entry","26":"content-bg","27":"loop-entry"},"tiered_pricing_type":"fixed","tiered_pricing_fixed_rules":[],"tiered_pricing_percentage_rules":[],"tiered_pricing_minimum":1,"_administrator_tiered_pricing_type":"fixed","_administrator_tiered_pricing_fixed_rules":[],"_editor_tiered_pricing_type":"fixed","_editor_tiered_pricing_fixed_rules":[],"_author_tiered_pricing_type":"fixed","_author_tiered_pricing_fixed_rules":[],"_contributor_tiered_pricing_type":"fixed","_contributor_tiered_pricing_fixed_rules":[],"_subscriber_tiered_pricing_type":"fixed","_subscriber_tiered_pricing_fixed_rules":[],"_customer_tiered_pricing_type":"fixed","_customer_tiered_pricing_fixed_rules":[],"_shop_manager_tiered_pricing_type":"fixed","_shop_manager_tiered_pricing_fixed_rules":[],"_wpseo_manager_tiered_pricing_type":"fixed","_wpseo_manager_tiered_pricing_fixed_rules":[],"_wpseo_editor_tiered_pricing_type":"fixed","_wpseo_editor_tiered_pricing_fixed_rules":[],"yoast_head":"<!-- This site is optimized with the Yoast SEO plugin v27.2 - https:\/\/yoast.com\/product\/yoast-seo-wordpress\/ -->\n<title>Buy Cheap Liquid LSD Online - Cheap price, Highest quality<\/title>\n<meta name=\"description\" content=\"Buy Cheap Liquid LSD Online at an affordable price at stonersmeds. All products are lab qualified and have premium quality.\" \/>\n<meta name=\"robots\" content=\"index, follow, max-snippet:-1, max-image-preview:large, max-video-preview:-1\" \/>\n<link rel=\"canonical\" href=\"https:\/\/stonersmeds.com\/ro\/shop\/buy-cheap-liquid-lsd-online\/\" \/>\n<meta property=\"og:locale\" content=\"ro_RO\" \/>\n<meta property=\"og:type\" content=\"article\" \/>\n<meta property=\"og:title\" content=\"Buy Cheap Liquid LSD Online - Cheap price, Highest quality\" \/>\n<meta property=\"og:description\" content=\"Buy Cheap Liquid LSD Online at an affordable price at stonersmeds. All products are lab qualified and have premium quality.\" \/>\n<meta property=\"og:url\" content=\"https:\/\/stonersmeds.com\/ro\/shop\/buy-cheap-liquid-lsd-online\/\" \/>\n<meta property=\"og:site_name\" content=\"stonersmeds.com\" \/>\n<meta property=\"article:modified_time\" content=\"2026-03-02T13:40:05+00:00\" \/>\n<meta property=\"og:image\" content=\"https:\/\/stonersmeds.com\/wp-content\/uploads\/2022\/03\/buy-cheap-liquid-lsd-online.jpg\" \/>\n\t<meta property=\"og:image:width\" content=\"600\" \/>\n\t<meta property=\"og:image:height\" content=\"600\" \/>\n\t<meta property=\"og:image:type\" content=\"image\/jpeg\" \/>\n<meta name=\"twitter:card\" content=\"summary_large_image\" \/>\n<meta name=\"twitter:label1\" content=\"Disponibilitate\" \/>\n\t<meta name=\"twitter:data1\" content=\"\u00cen stoc\" \/>\n<script type=\"application\/ld+json\" class=\"yoast-schema-graph\">{\"@context\":\"https:\/\/schema.org\",\"@graph\":[{\"@type\":\"WebPage\",\"@id\":\"https:\/\/stonersmeds.com\/shop\/buy-cheap-liquid-lsd-online\/\",\"url\":\"https:\/\/stonersmeds.com\/shop\/buy-cheap-liquid-lsd-online\/\",\"name\":\"Buy Cheap Liquid LSD Online - Cheap price, Highest quality\",\"isPartOf\":{\"@id\":\"https:\/\/stonersmeds.com\/#website\"},\"primaryImageOfPage\":{\"@id\":\"https:\/\/stonersmeds.com\/shop\/buy-cheap-liquid-lsd-online\/#primaryimage\"},\"image\":{\"@id\":\"https:\/\/stonersmeds.com\/shop\/buy-cheap-liquid-lsd-online\/#primaryimage\"},\"thumbnailUrl\":\"https:\/\/stonersmeds.com\/wp-content\/uploads\/2022\/03\/buy-cheap-liquid-lsd-online.jpg\",\"datePublished\":\"2022-03-12T05:26:34+00:00\",\"dateModified\":\"2026-03-02T13:40:05+00:00\",\"description\":\"Buy Cheap Liquid LSD Online at an affordable price at stonersmeds. All products are lab qualified and have premium quality.\",\"breadcrumb\":{\"@id\":\"https:\/\/stonersmeds.com\/shop\/buy-cheap-liquid-lsd-online\/#breadcrumb\"},\"inLanguage\":\"ro-RO\",\"potentialAction\":[{\"@type\":\"ReadAction\",\"target\":[\"https:\/\/stonersmeds.com\/shop\/buy-cheap-liquid-lsd-online\/\"]}]},{\"@type\":\"ImageObject\",\"inLanguage\":\"ro-RO\",\"@id\":\"https:\/\/stonersmeds.com\/shop\/buy-cheap-liquid-lsd-online\/#primaryimage\",\"url\":\"https:\/\/stonersmeds.com\/wp-content\/uploads\/2022\/03\/buy-cheap-liquid-lsd-online.jpg\",\"contentUrl\":\"https:\/\/stonersmeds.com\/wp-content\/uploads\/2022\/03\/buy-cheap-liquid-lsd-online.jpg\",\"width\":600,\"height\":600},{\"@type\":\"BreadcrumbList\",\"@id\":\"https:\/\/stonersmeds.com\/shop\/buy-cheap-liquid-lsd-online\/#breadcrumb\",\"itemListElement\":[{\"@type\":\"ListItem\",\"position\":1,\"name\":\"Home\",\"item\":\"https:\/\/stonersmeds.com\/\"},{\"@type\":\"ListItem\",\"position\":2,\"name\":\"Shop\",\"item\":\"https:\/\/stonersmeds.com\/shop\/\"},{\"@type\":\"ListItem\",\"position\":3,\"name\":\"Buy Cheap Liquid LSD Online\"}]},{\"@type\":\"WebSite\",\"@id\":\"https:\/\/stonersmeds.com\/#website\",\"url\":\"https:\/\/stonersmeds.com\/\",\"name\":\"stonersmeds.com\",\"description\":\"verschreibungspflichtige Medizin kaufen\",\"publisher\":{\"@id\":\"https:\/\/stonersmeds.com\/#organization\"},\"alternateName\":\"Research chemical shop\",\"potentialAction\":[{\"@type\":\"SearchAction\",\"target\":{\"@type\":\"EntryPoint\",\"urlTemplate\":\"https:\/\/stonersmeds.com\/?s={search_term_string}\"},\"query-input\":{\"@type\":\"PropertyValueSpecification\",\"valueRequired\":true,\"valueName\":\"search_term_string\"}}],\"inLanguage\":\"ro-RO\"},{\"@type\":\"Organization\",\"@id\":\"https:\/\/stonersmeds.com\/#organization\",\"name\":\"Stonersmeds Shop\",\"url\":\"https:\/\/stonersmeds.com\/\",\"logo\":{\"@type\":\"ImageObject\",\"inLanguage\":\"ro-RO\",\"@id\":\"https:\/\/stonersmeds.com\/#\/schema\/logo\/image\/\",\"url\":\"https:\/\/stonersmeds.com\/wp-content\/uploads\/2026\/02\/high-purity-DMT-powder.jpg\",\"contentUrl\":\"https:\/\/stonersmeds.com\/wp-content\/uploads\/2026\/02\/high-purity-DMT-powder.jpg\",\"width\":500,\"height\":500,\"caption\":\"Stonersmeds Shop\"},\"image\":{\"@id\":\"https:\/\/stonersmeds.com\/#\/schema\/logo\/image\/\"}}]}<\/script>\n<meta property=\"og:availability\" content=\"instock\" \/>\n<meta property=\"product:availability\" content=\"instock\" \/>\n<meta property=\"product:condition\" content=\"new\" \/>\n<!-- \/ Yoast SEO plugin. -->","yoast_head_json":{"title":"Cump\u0103ra\u021bi LSD lichid ieftin online - pre\u021b ieftin, cea mai bun\u0103 calitate","description":"Cump\u0103ra\u021bi ieftin LSD lichid online la un pre\u021b accesibil la stonersmeds. Toate produsele sunt calificate de laborator \u0219i au o calitate premium.","robots":{"index":"index","follow":"follow","max-snippet":"max-snippet:-1","max-image-preview":"max-image-preview:large","max-video-preview":"max-video-preview:-1"},"canonical":"https:\/\/stonersmeds.com\/ro\/shop\/buy-cheap-liquid-lsd-online\/","og_locale":"ro_RO","og_type":"article","og_title":"Buy Cheap Liquid LSD Online - Cheap price, Highest quality","og_description":"Buy Cheap Liquid LSD Online at an affordable price at stonersmeds. All products are lab qualified and have premium quality.","og_url":"https:\/\/stonersmeds.com\/ro\/shop\/buy-cheap-liquid-lsd-online\/","og_site_name":"stonersmeds.com","article_modified_time":"2026-03-02T13:40:05+00:00","og_image":[{"width":600,"height":600,"url":"https:\/\/stonersmeds.com\/wp-content\/uploads\/2022\/03\/buy-cheap-liquid-lsd-online.jpg","type":"image\/jpeg"}],"twitter_card":"summary_large_image","twitter_misc":{"Disponibilitate":"\u00cen stoc"},"schema":{"@context":"https:\/\/schema.org","@graph":[{"@type":"WebPage","@id":"https:\/\/stonersmeds.com\/shop\/buy-cheap-liquid-lsd-online\/","url":"https:\/\/stonersmeds.com\/shop\/buy-cheap-liquid-lsd-online\/","name":"Cump\u0103ra\u021bi LSD lichid ieftin online - pre\u021b ieftin, cea mai bun\u0103 calitate","isPartOf":{"@id":"https:\/\/stonersmeds.com\/#website"},"primaryImageOfPage":{"@id":"https:\/\/stonersmeds.com\/shop\/buy-cheap-liquid-lsd-online\/#primaryimage"},"image":{"@id":"https:\/\/stonersmeds.com\/shop\/buy-cheap-liquid-lsd-online\/#primaryimage"},"thumbnailUrl":"https:\/\/stonersmeds.com\/wp-content\/uploads\/2022\/03\/buy-cheap-liquid-lsd-online.jpg","datePublished":"2022-03-12T05:26:34+00:00","dateModified":"2026-03-02T13:40:05+00:00","description":"Cump\u0103ra\u021bi ieftin LSD lichid online la un pre\u021b accesibil la stonersmeds. Toate produsele sunt calificate de laborator \u0219i au o calitate premium.","breadcrumb":{"@id":"https:\/\/stonersmeds.com\/shop\/buy-cheap-liquid-lsd-online\/#breadcrumb"},"inLanguage":"ro-RO","potentialAction":[{"@type":"ReadAction","target":["https:\/\/stonersmeds.com\/shop\/buy-cheap-liquid-lsd-online\/"]}]},{"@type":"ImageObject","inLanguage":"ro-RO","@id":"https:\/\/stonersmeds.com\/shop\/buy-cheap-liquid-lsd-online\/#primaryimage","url":"https:\/\/stonersmeds.com\/wp-content\/uploads\/2022\/03\/buy-cheap-liquid-lsd-online.jpg","contentUrl":"https:\/\/stonersmeds.com\/wp-content\/uploads\/2022\/03\/buy-cheap-liquid-lsd-online.jpg","width":600,"height":600},{"@type":"BreadcrumbList","@id":"https:\/\/stonersmeds.com\/shop\/buy-cheap-liquid-lsd-online\/#breadcrumb","itemListElement":[{"@type":"ListItem","position":1,"name":"Home","item":"https:\/\/stonersmeds.com\/"},{"@type":"ListItem","position":2,"name":"Shop","item":"https:\/\/stonersmeds.com\/shop\/"},{"@type":"ListItem","position":3,"name":"Buy Cheap Liquid LSD Online"}]},{"@type":"WebSite","@id":"https:\/\/stonersmeds.com\/#website","url":"https:\/\/stonersmeds.com\/","name":"stonersmeds.com","description":"verschreibungspflichtige Medizin kaufen","publisher":{"@id":"https:\/\/stonersmeds.com\/#organization"},"alternateName":"Research chemical shop","potentialAction":[{"@type":"SearchAction","target":{"@type":"EntryPoint","urlTemplate":"https:\/\/stonersmeds.com\/?s={search_term_string}"},"query-input":{"@type":"PropertyValueSpecification","valueRequired":true,"valueName":"search_term_string"}}],"inLanguage":"ro-RO"},{"@type":"Organization","@id":"https:\/\/stonersmeds.com\/#organization","name":"Stonersmeds Shop","url":"https:\/\/stonersmeds.com\/","logo":{"@type":"ImageObject","inLanguage":"ro-RO","@id":"https:\/\/stonersmeds.com\/#\/schema\/logo\/image\/","url":"https:\/\/stonersmeds.com\/wp-content\/uploads\/2026\/02\/high-purity-DMT-powder.jpg","contentUrl":"https:\/\/stonersmeds.com\/wp-content\/uploads\/2026\/02\/high-purity-DMT-powder.jpg","width":500,"height":500,"caption":"Stonersmeds Shop"},"image":{"@id":"https:\/\/stonersmeds.com\/#\/schema\/logo\/image\/"}}]},"og_availability":"instock","product_availability":"instock","product_condition":"new"},"_links":{"self":[{"href":"https:\/\/stonersmeds.com\/ro\/wp-json\/wp\/v2\/product\/10095","targetHints":{"allow":["GET"]}}],"collection":[{"href":"https:\/\/stonersmeds.com\/ro\/wp-json\/wp\/v2\/product"}],"about":[{"href":"https:\/\/stonersmeds.com\/ro\/wp-json\/wp\/v2\/types\/product"}],"replies":[{"embeddable":true,"href":"https:\/\/stonersmeds.com\/ro\/wp-json\/wp\/v2\/comments?post=10095"}],"version-history":[{"count":0,"href":"https:\/\/stonersmeds.com\/ro\/wp-json\/wp\/v2\/product\/10095\/revisions"}],"wp:featuredmedia":[{"embeddable":true,"href":"https:\/\/stonersmeds.com\/ro\/wp-json\/wp\/v2\/media\/10098"}],"wp:attachment":[{"href":"https:\/\/stonersmeds.com\/ro\/wp-json\/wp\/v2\/media?parent=10095"}],"wp:term":[{"taxonomy":"product_brand","embeddable":true,"href":"https:\/\/stonersmeds.com\/ro\/wp-json\/wp\/v2\/product_brand?post=10095"},{"taxonomy":"product_cat","embeddable":true,"href":"https:\/\/stonersmeds.com\/ro\/wp-json\/wp\/v2\/product_cat?post=10095"},{"taxonomy":"product_tag","embeddable":true,"href":"https:\/\/stonersmeds.com\/ro\/wp-json\/wp\/v2\/product_tag?post=10095"},{"taxonomy":"product_brands","embeddable":true,"href":"https:\/\/stonersmeds.com\/ro\/wp-json\/wp\/v2\/product_brands?post=10095"}],"curies":[{"name":"wp","href":"https:\/\/api.w.org\/{rel}","templated":true}]}}