{"id":10352,"date":"2022-03-12T07:01:15","date_gmt":"2022-03-12T07:01:15","guid":{"rendered":"https:\/\/stonersmeds.com\/?post_type=product&#038;p=10352"},"modified":"2026-02-25T19:20:06","modified_gmt":"2026-02-25T17:20:06","slug":"buy-cheap-th-pvp-crystal-online","status":"publish","type":"product","link":"https:\/\/stonersmeds.com\/ro\/shop\/buy-cheap-th-pvp-crystal-online\/","title":{"rendered":"Cump\u0103ra\u021bi TH-PVP Crystal online"},"content":{"rendered":"<h1>Cump\u0103ra\u021bi cristale TH-PVP ieftine online.<\/h1>\n<p>Cump\u0103ra\u021bi online ieftin TH-PVP Crystal.<\/p>\n<p>Achizi\u021biona\u021bi TH-PVP online de la probabil cel mai bun transport de birouri din lume. TH-PVP este un energizator ca a-PVP. Se \u0219tie pu\u021bin despre acest compus de-a lungul acestor linii, oferind o u\u0219\u0103 deschis\u0103 extraordinar\u0103 pentru cercetare.<\/p>\n<p>Suntem cel mai bun furnizor al Chinei TH-PVP \u0219i suntem considera\u021bi cel mai bun comerciant Reddit TH-PVP. \u00cen cazul \u00een care c\u0103uta\u021bi un v\u00e2nz\u0103tor cu reducere Legit TH-PVP, \u00een acel moment nu c\u0103uta\u021bi \u00een alt loc dec\u00e2t noi.<\/p>\n<p><strong>Cump\u0103ra\u021bi TH-PVP ONLINE DE LA NOI<\/strong><\/p>\n<p>\u00cen cazul \u00een care c\u0103uta\u021bi un magazin TH-PVP pe web, care v\u0103 ofer\u0103 posibilitatea de a aranja online \u00een siguran\u021b\u0103 bijuteria TH-PVP, Classicarabians este cel mai bun loc. Avem o mul\u021bime de materiale sintetice diferite pentru cercetare \u00een apropiere de TH-PVP \u0219i al\u021bi analogi TH-PVP gata de mutare. Strategia noastr\u0103 este excep\u021bional de simpl\u0103 \u0219i simpl\u0103 de utilizat intrarea avansat\u0103 pentru a cump\u0103ra online bijuterii TH-PVP la pre\u021buri reduse de la produc\u0103tori \u0219i furnizori din China.<\/p>\n<p>\u00cen cazul \u00een care sunte\u021bi cineva din SUA, Canada, Marea Britanie, Australia, Europa \u0219i ave\u021bi nevoie de articol \u00een cel mai scurt timp posibil, oferim expediere \u00een \u00eentreaga lume. Oricum ar fi, ar trebui s\u0103 v\u0103 recomand\u0103m s\u0103 cunoa\u0219te\u021bi utiliz\u0103rile \u0219i simptomele TH-PVP \u00eenainte de a solicita. \u00cen plus, exist\u0103 c\u00e2teva ramifica\u021bii legitime legate de achizi\u021bionarea de bijuterii TH-PVP online f\u0103r\u0103 un remediu \u00een expresia dvs. pe care ar trebui s\u0103-l cunoa\u0219te\u021bi. Classicarabians este cel mai bine v\u00e2ndut pentru achizi\u021bionarea online de TH-PVP pentru a-\u021bi respinge explorarea logic\u0103 cu cele mai bune materiale de substan\u021be accesibile. Oricum ar fi, ar trebui s\u0103 v\u0103 recomand\u0103m s\u0103 cunoa\u0219te\u021bi utiliz\u0103rile \u0219i simptomele TH-PVP \u00eenainte de a solicita. \u00cen plus, exist\u0103 c\u00e2teva ramifica\u021bii legitime legate de achizi\u021bionarea de bijuterii TH-PVP online f\u0103r\u0103 un remediu \u00een expresia dvs. pe care ar trebui s\u0103-l cunoa\u0219te\u021bi.<\/p>\n<p>Oferim cea mai bun\u0103 cantitate \u0219i articole de calitate. \u00eencearc\u0103 s\u0103 nu-\u021bi pierzi timpul. Introduce\u021bi cererea acum \u0219i primi\u021bi articolul la u\u0219a dumneavoastr\u0103. De asemenea avem<br \/>\ncear\u0103 de stea mor\u021bii<\/p>\n<p>&nbsp;<\/p>\n<p>&nbsp;<\/p>\n<pre><strong>Cump\u0103ra\u021bi cristal TH-PVP ieftin online - cump\u0103ra\u021bi cristal , cump\u0103ra\u021bi cristal TH-PVP ieftin, cump\u0103ra\u021bi cristal TH-PVP ieftin online, de unde s\u0103 cump\u0103ra\u021bi cristal TH-PVP ieftin, cristal TH-PVP ieftin de v\u00e2nzare, cristal PVP de v\u00e2nzare, cump\u0103ra\u021bi cristal ieftin online, unde s\u0103 cump\u0103ra\u021bi cristale TH-PVP ieftine online, cristale TH-PVP ieftine de v\u00e2nzare \u00een SUA, SUA, canada, Marea Britanie, cump\u0103rare, online, furnizori, livrare \u00een siguran\u021b\u0103, \u00cenc\u0103 pute\u021bi ob\u021bine cristale TH-PVP ieftine, este TH ieftin -PVP Crystal legal \u00een SUA, cump\u0103ra\u021bi ieftin TH-PVP Crystal online SUA, cum s\u0103 comanda\u021bi ieftin TH-PVP Crystal, este ieftin TH-PVP Crystal legal \u00een Canada<\/strong><\/pre>","protected":false},"excerpt":{"rendered":"<p>uy cheap TH-PVP crystal online.\u00a0Real TH-PVP Crystal online \u2013 TH-PVP Crystal for sale | Buy TH-PVP Crystal online | Buy TH-PVP Crystal powder for sale| Buy cheap TH-PVP Crystal powder | Where to buy TH-PVP Crystal powder online.<\/p>\n<pre><strong>Cump\u0103ra\u021bi cristal TH-PVP ieftin online - cump\u0103ra\u021bi cristal , cump\u0103ra\u021bi cristal TH-PVP ieftin, cump\u0103ra\u021bi cristal TH-PVP ieftin online, de unde s\u0103 cump\u0103ra\u021bi cristal TH-PVP ieftin, cristal TH-PVP ieftin de v\u00e2nzare, cristal PVP de v\u00e2nzare, cump\u0103ra\u021bi cristal ieftin online, unde s\u0103 cump\u0103ra\u021bi cristale TH-PVP ieftine online, cristale TH-PVP ieftine de v\u00e2nzare \u00een SUA, SUA, canada, Marea Britanie, cump\u0103rare, online, furnizori, livrare \u00een siguran\u021b\u0103, \u00cenc\u0103 pute\u021bi ob\u021bine cristale TH-PVP ieftine, este TH ieftin -PVP Crystal legal \u00een SUA, cump\u0103ra\u021bi ieftin TH-PVP Crystal online SUA, cum s\u0103 comanda\u021bi ieftin TH-PVP Crystal, este ieftin TH-PVP Crystal legal \u00een Canada<\/strong><\/pre>","protected":false},"featured_media":10367,"comment_status":"open","ping_status":"closed","template":"","meta":{"_bst_post_transparent":"","_bst_post_title":"","_bst_post_layout":"","_bst_post_sidebar_id":"","_bst_post_content_style":"","_bst_post_vertical_padding":"","_bst_post_feature":"","_bst_post_feature_position":"","_bst_post_header":false,"_bst_post_footer":false},"product_brand":[],"product_cat":[79],"product_tag":[],"product_brands":[],"class_list":{"0":"post-10352","1":"product","2":"type-product","3":"status-publish","4":"has-post-thumbnail","6":"product_cat-research-chemicals-and-bath-salt","8":"first","9":"instock","10":"shipping-taxable","11":"purchasable","12":"product-type-variable","13":"entry","14":"content-bg","15":"loop-entry"},"tiered_pricing_type":"fixed","tiered_pricing_fixed_rules":[],"tiered_pricing_percentage_rules":[],"tiered_pricing_minimum":1,"_administrator_tiered_pricing_type":"fixed","_administrator_tiered_pricing_fixed_rules":[],"_editor_tiered_pricing_type":"fixed","_editor_tiered_pricing_fixed_rules":[],"_author_tiered_pricing_type":"fixed","_author_tiered_pricing_fixed_rules":[],"_contributor_tiered_pricing_type":"fixed","_contributor_tiered_pricing_fixed_rules":[],"_subscriber_tiered_pricing_type":"fixed","_subscriber_tiered_pricing_fixed_rules":[],"_customer_tiered_pricing_type":"fixed","_customer_tiered_pricing_fixed_rules":[],"_shop_manager_tiered_pricing_type":"fixed","_shop_manager_tiered_pricing_fixed_rules":[],"_wpseo_manager_tiered_pricing_type":"fixed","_wpseo_manager_tiered_pricing_fixed_rules":[],"_wpseo_editor_tiered_pricing_type":"fixed","_wpseo_editor_tiered_pricing_fixed_rules":[],"yoast_head":"<!-- This site is optimized with the Yoast SEO plugin v27.2 - https:\/\/yoast.com\/product\/yoast-seo-wordpress\/ -->\n<title>Buy TH-PVP Crystal Online - Cheap price, top quality<\/title>\n<meta name=\"description\" content=\"Buy cheap TH-PVP Crystal Online at an affordable price at stonersmeds. All products are lab qualified and have premium quality.\" \/>\n<meta name=\"robots\" content=\"index, follow, max-snippet:-1, max-image-preview:large, max-video-preview:-1\" \/>\n<link rel=\"canonical\" href=\"https:\/\/stonersmeds.com\/ro\/shop\/buy-cheap-th-pvp-crystal-online\/\" \/>\n<meta property=\"og:locale\" content=\"ro_RO\" \/>\n<meta property=\"og:type\" content=\"article\" \/>\n<meta property=\"og:title\" content=\"Buy TH-PVP Crystal Online - Cheap price, top quality\" \/>\n<meta property=\"og:description\" content=\"Buy cheap TH-PVP Crystal Online at an affordable price at stonersmeds. All products are lab qualified and have premium quality.\" \/>\n<meta property=\"og:url\" content=\"https:\/\/stonersmeds.com\/ro\/shop\/buy-cheap-th-pvp-crystal-online\/\" \/>\n<meta property=\"og:site_name\" content=\"stonersmeds.com\" \/>\n<meta property=\"article:modified_time\" content=\"2026-02-25T17:20:06+00:00\" \/>\n<meta property=\"og:image\" content=\"https:\/\/stonersmeds.com\/wp-content\/uploads\/2022\/03\/buy-cheap-th-pvp-crystal-online.jpg\" \/>\n\t<meta property=\"og:image:width\" content=\"600\" \/>\n\t<meta property=\"og:image:height\" content=\"600\" \/>\n\t<meta property=\"og:image:type\" content=\"image\/jpeg\" \/>\n<meta name=\"twitter:card\" content=\"summary_large_image\" \/>\n<meta name=\"twitter:label1\" content=\"Disponibilitate\" \/>\n\t<meta name=\"twitter:data1\" content=\"\u00cen stoc\" \/>\n<script type=\"application\/ld+json\" class=\"yoast-schema-graph\">{\"@context\":\"https:\/\/schema.org\",\"@graph\":[{\"@type\":\"WebPage\",\"@id\":\"https:\/\/stonersmeds.com\/shop\/buy-cheap-th-pvp-crystal-online\/\",\"url\":\"https:\/\/stonersmeds.com\/shop\/buy-cheap-th-pvp-crystal-online\/\",\"name\":\"Buy TH-PVP Crystal Online - Cheap price, top quality\",\"isPartOf\":{\"@id\":\"https:\/\/stonersmeds.com\/#website\"},\"primaryImageOfPage\":{\"@id\":\"https:\/\/stonersmeds.com\/shop\/buy-cheap-th-pvp-crystal-online\/#primaryimage\"},\"image\":{\"@id\":\"https:\/\/stonersmeds.com\/shop\/buy-cheap-th-pvp-crystal-online\/#primaryimage\"},\"thumbnailUrl\":\"https:\/\/stonersmeds.com\/wp-content\/uploads\/2022\/03\/buy-cheap-th-pvp-crystal-online.jpg\",\"datePublished\":\"2022-03-12T07:01:15+00:00\",\"dateModified\":\"2026-02-25T17:20:06+00:00\",\"description\":\"Buy cheap TH-PVP Crystal Online at an affordable price at stonersmeds. All products are lab qualified and have premium quality.\",\"breadcrumb\":{\"@id\":\"https:\/\/stonersmeds.com\/shop\/buy-cheap-th-pvp-crystal-online\/#breadcrumb\"},\"inLanguage\":\"ro-RO\",\"potentialAction\":[{\"@type\":\"ReadAction\",\"target\":[\"https:\/\/stonersmeds.com\/shop\/buy-cheap-th-pvp-crystal-online\/\"]}]},{\"@type\":\"ImageObject\",\"inLanguage\":\"ro-RO\",\"@id\":\"https:\/\/stonersmeds.com\/shop\/buy-cheap-th-pvp-crystal-online\/#primaryimage\",\"url\":\"https:\/\/stonersmeds.com\/wp-content\/uploads\/2022\/03\/buy-cheap-th-pvp-crystal-online.jpg\",\"contentUrl\":\"https:\/\/stonersmeds.com\/wp-content\/uploads\/2022\/03\/buy-cheap-th-pvp-crystal-online.jpg\",\"width\":600,\"height\":600},{\"@type\":\"BreadcrumbList\",\"@id\":\"https:\/\/stonersmeds.com\/shop\/buy-cheap-th-pvp-crystal-online\/#breadcrumb\",\"itemListElement\":[{\"@type\":\"ListItem\",\"position\":1,\"name\":\"Home\",\"item\":\"https:\/\/stonersmeds.com\/\"},{\"@type\":\"ListItem\",\"position\":2,\"name\":\"Shop\",\"item\":\"https:\/\/stonersmeds.com\/shop\/\"},{\"@type\":\"ListItem\",\"position\":3,\"name\":\"Buy TH-PVP Crystal Online\"}]},{\"@type\":\"WebSite\",\"@id\":\"https:\/\/stonersmeds.com\/#website\",\"url\":\"https:\/\/stonersmeds.com\/\",\"name\":\"stonersmeds.com\",\"description\":\"verschreibungspflichtige Medizin kaufen\",\"publisher\":{\"@id\":\"https:\/\/stonersmeds.com\/#organization\"},\"alternateName\":\"Research chemical shop\",\"potentialAction\":[{\"@type\":\"SearchAction\",\"target\":{\"@type\":\"EntryPoint\",\"urlTemplate\":\"https:\/\/stonersmeds.com\/?s={search_term_string}\"},\"query-input\":{\"@type\":\"PropertyValueSpecification\",\"valueRequired\":true,\"valueName\":\"search_term_string\"}}],\"inLanguage\":\"ro-RO\"},{\"@type\":\"Organization\",\"@id\":\"https:\/\/stonersmeds.com\/#organization\",\"name\":\"Stonersmeds Shop\",\"url\":\"https:\/\/stonersmeds.com\/\",\"logo\":{\"@type\":\"ImageObject\",\"inLanguage\":\"ro-RO\",\"@id\":\"https:\/\/stonersmeds.com\/#\/schema\/logo\/image\/\",\"url\":\"https:\/\/stonersmeds.com\/wp-content\/uploads\/2026\/02\/high-purity-DMT-powder.jpg\",\"contentUrl\":\"https:\/\/stonersmeds.com\/wp-content\/uploads\/2026\/02\/high-purity-DMT-powder.jpg\",\"width\":500,\"height\":500,\"caption\":\"Stonersmeds Shop\"},\"image\":{\"@id\":\"https:\/\/stonersmeds.com\/#\/schema\/logo\/image\/\"}}]}<\/script>\n<meta property=\"og:availability\" content=\"instock\" \/>\n<meta property=\"product:availability\" content=\"instock\" \/>\n<meta property=\"product:condition\" content=\"new\" \/>\n<!-- \/ Yoast SEO plugin. -->","yoast_head_json":{"title":"Cump\u0103ra\u021bi TH-PVP Crystal Online - Pre\u021b ieftin, calitate superioar\u0103","description":"Cump\u0103ra\u021bi online TH-PVP Crystal ieftin la un pre\u021b accesibil la stonersmeds. Toate produsele sunt calificate de laborator \u0219i au calitate premium.","robots":{"index":"index","follow":"follow","max-snippet":"max-snippet:-1","max-image-preview":"max-image-preview:large","max-video-preview":"max-video-preview:-1"},"canonical":"https:\/\/stonersmeds.com\/ro\/shop\/buy-cheap-th-pvp-crystal-online\/","og_locale":"ro_RO","og_type":"article","og_title":"Buy TH-PVP Crystal Online - Cheap price, top quality","og_description":"Buy cheap TH-PVP Crystal Online at an affordable price at stonersmeds. All products are lab qualified and have premium quality.","og_url":"https:\/\/stonersmeds.com\/ro\/shop\/buy-cheap-th-pvp-crystal-online\/","og_site_name":"stonersmeds.com","article_modified_time":"2026-02-25T17:20:06+00:00","og_image":[{"width":600,"height":600,"url":"https:\/\/stonersmeds.com\/wp-content\/uploads\/2022\/03\/buy-cheap-th-pvp-crystal-online.jpg","type":"image\/jpeg"}],"twitter_card":"summary_large_image","twitter_misc":{"Disponibilitate":"\u00cen stoc"},"schema":{"@context":"https:\/\/schema.org","@graph":[{"@type":"WebPage","@id":"https:\/\/stonersmeds.com\/shop\/buy-cheap-th-pvp-crystal-online\/","url":"https:\/\/stonersmeds.com\/shop\/buy-cheap-th-pvp-crystal-online\/","name":"Cump\u0103ra\u021bi TH-PVP Crystal Online - Pre\u021b ieftin, calitate superioar\u0103","isPartOf":{"@id":"https:\/\/stonersmeds.com\/#website"},"primaryImageOfPage":{"@id":"https:\/\/stonersmeds.com\/shop\/buy-cheap-th-pvp-crystal-online\/#primaryimage"},"image":{"@id":"https:\/\/stonersmeds.com\/shop\/buy-cheap-th-pvp-crystal-online\/#primaryimage"},"thumbnailUrl":"https:\/\/stonersmeds.com\/wp-content\/uploads\/2022\/03\/buy-cheap-th-pvp-crystal-online.jpg","datePublished":"2022-03-12T07:01:15+00:00","dateModified":"2026-02-25T17:20:06+00:00","description":"Cump\u0103ra\u021bi online TH-PVP Crystal ieftin la un pre\u021b accesibil la stonersmeds. Toate produsele sunt calificate de laborator \u0219i au calitate premium.","breadcrumb":{"@id":"https:\/\/stonersmeds.com\/shop\/buy-cheap-th-pvp-crystal-online\/#breadcrumb"},"inLanguage":"ro-RO","potentialAction":[{"@type":"ReadAction","target":["https:\/\/stonersmeds.com\/shop\/buy-cheap-th-pvp-crystal-online\/"]}]},{"@type":"ImageObject","inLanguage":"ro-RO","@id":"https:\/\/stonersmeds.com\/shop\/buy-cheap-th-pvp-crystal-online\/#primaryimage","url":"https:\/\/stonersmeds.com\/wp-content\/uploads\/2022\/03\/buy-cheap-th-pvp-crystal-online.jpg","contentUrl":"https:\/\/stonersmeds.com\/wp-content\/uploads\/2022\/03\/buy-cheap-th-pvp-crystal-online.jpg","width":600,"height":600},{"@type":"BreadcrumbList","@id":"https:\/\/stonersmeds.com\/shop\/buy-cheap-th-pvp-crystal-online\/#breadcrumb","itemListElement":[{"@type":"ListItem","position":1,"name":"Home","item":"https:\/\/stonersmeds.com\/"},{"@type":"ListItem","position":2,"name":"Shop","item":"https:\/\/stonersmeds.com\/shop\/"},{"@type":"ListItem","position":3,"name":"Buy TH-PVP Crystal Online"}]},{"@type":"WebSite","@id":"https:\/\/stonersmeds.com\/#website","url":"https:\/\/stonersmeds.com\/","name":"stonersmeds.com","description":"verschreibungspflichtige Medizin kaufen","publisher":{"@id":"https:\/\/stonersmeds.com\/#organization"},"alternateName":"Research chemical shop","potentialAction":[{"@type":"SearchAction","target":{"@type":"EntryPoint","urlTemplate":"https:\/\/stonersmeds.com\/?s={search_term_string}"},"query-input":{"@type":"PropertyValueSpecification","valueRequired":true,"valueName":"search_term_string"}}],"inLanguage":"ro-RO"},{"@type":"Organization","@id":"https:\/\/stonersmeds.com\/#organization","name":"Stonersmeds Shop","url":"https:\/\/stonersmeds.com\/","logo":{"@type":"ImageObject","inLanguage":"ro-RO","@id":"https:\/\/stonersmeds.com\/#\/schema\/logo\/image\/","url":"https:\/\/stonersmeds.com\/wp-content\/uploads\/2026\/02\/high-purity-DMT-powder.jpg","contentUrl":"https:\/\/stonersmeds.com\/wp-content\/uploads\/2026\/02\/high-purity-DMT-powder.jpg","width":500,"height":500,"caption":"Stonersmeds Shop"},"image":{"@id":"https:\/\/stonersmeds.com\/#\/schema\/logo\/image\/"}}]},"og_availability":"instock","product_availability":"instock","product_condition":"new"},"_links":{"self":[{"href":"https:\/\/stonersmeds.com\/ro\/wp-json\/wp\/v2\/product\/10352","targetHints":{"allow":["GET"]}}],"collection":[{"href":"https:\/\/stonersmeds.com\/ro\/wp-json\/wp\/v2\/product"}],"about":[{"href":"https:\/\/stonersmeds.com\/ro\/wp-json\/wp\/v2\/types\/product"}],"replies":[{"embeddable":true,"href":"https:\/\/stonersmeds.com\/ro\/wp-json\/wp\/v2\/comments?post=10352"}],"version-history":[{"count":0,"href":"https:\/\/stonersmeds.com\/ro\/wp-json\/wp\/v2\/product\/10352\/revisions"}],"wp:featuredmedia":[{"embeddable":true,"href":"https:\/\/stonersmeds.com\/ro\/wp-json\/wp\/v2\/media\/10367"}],"wp:attachment":[{"href":"https:\/\/stonersmeds.com\/ro\/wp-json\/wp\/v2\/media?parent=10352"}],"wp:term":[{"taxonomy":"product_brand","embeddable":true,"href":"https:\/\/stonersmeds.com\/ro\/wp-json\/wp\/v2\/product_brand?post=10352"},{"taxonomy":"product_cat","embeddable":true,"href":"https:\/\/stonersmeds.com\/ro\/wp-json\/wp\/v2\/product_cat?post=10352"},{"taxonomy":"product_tag","embeddable":true,"href":"https:\/\/stonersmeds.com\/ro\/wp-json\/wp\/v2\/product_tag?post=10352"},{"taxonomy":"product_brands","embeddable":true,"href":"https:\/\/stonersmeds.com\/ro\/wp-json\/wp\/v2\/product_brands?post=10352"}],"curies":[{"name":"wp","href":"https:\/\/api.w.org\/{rel}","templated":true}]}}