{"id":10498,"date":"2022-03-12T08:00:25","date_gmt":"2022-03-12T08:00:25","guid":{"rendered":"https:\/\/stonersmeds.com\/?post_type=product&#038;p=10498"},"modified":"2026-02-25T16:40:32","modified_gmt":"2026-02-25T14:40:32","slug":"buy-jwh-018-powder-online","status":"publish","type":"product","link":"https:\/\/stonersmeds.com\/ro\/shop\/buy-jwh-018-powder-online\/","title":{"rendered":"Cump\u0103ra\u021bi JWH-018 Powder Online"},"content":{"rendered":"<h1>Cump\u0103ra\u021bi JWH-018 pulbere online<\/h1>\n<p>Con\u021bine\u00a0<strong>un gram de JWH-018 pur 99,8%+ min 99,8%+.<\/strong>\u00a0pe unitate de comand\u0103.<\/p>\n<p><strong>JWH 018 spray de v\u00e2nzare<\/strong><\/p>\n<p>\u00cenainte de a examina JWH-018, am putea dori s\u0103 v\u0103 dezv\u0103luim o bucat\u0103 aprins\u0103 despre CBD<br \/>\nCBD, prescurtare de la canabidiol, este un compus sintetic din planta Cannabis sativa, care este numit\u0103 \u0219i buruian\u0103 sau ajutor, dup\u0103 cum indic\u0103 Biblioteca Public\u0103 de Medicin\u0103 din SUA.<br \/>\nEste o substan\u021b\u0103 care se \u00eent\u00e2mpl\u0103 \u00een mod normal \u0219i care este utilizat\u0103 \u00een articole precum uleiurile \u0219i produsele comestibile pentru a da o senza\u021bie de relaxare \u0219i lini\u0219te. Spre deosebire de v\u0103rul s\u0103u, delta-9-tetrahidrocannabinol (THC), care este fixatorul dinamic semnificativ din canabis, CBD nu este psihoactiv.<br \/>\nJWH-018 este un canabinoid modificat care se g\u0103se\u0219te \u00een c\u00e2teva adapt\u0103ri ale amestecului \"Zest\" cultivat \u00een \u021bara noastr\u0103. Utilizarea ilegal\u0103 a acestui canabinoid Zest se concentreaz\u0103 pe efectele sale psihoactive, care le copiaz\u0103 pe cele ale \u03949-THC din canabis. De\u0219i este impresionant de puternic dec\u00e2t m\u0103surile comparabile de canabis, JWH-018 prezint\u0103, \u00een plus, dificult\u0103\u021bi uria\u0219e de descoperire prin examene obi\u0219nuite de testare a \u03949-THC.<br \/>\n\u00cen iulie 2009, Organiza\u021bia american\u0103 pentru medicamente (DEA) a \u00eenregistrat JWH-018 pe lista sa de medicamente \u0219i produse sintetice care prezint\u0103 motive de \u00eengrijorare. \u00cen pofida capturilor anun\u021bate de Flavor \u00een Ohio \u0219i Florida, c\u00e2teva state au adoptat o activitate autoritar\u0103 care limiteaz\u0103 comercializarea sau de\u021binerea de JWH-018, inclusiv Alabama, Arkansas, Georgia, Kansas, Kentucky, Dakota de Nord \u0219i Tennessee.<br \/>\nDac\u0103 sunte\u021bi \u00eentr-adev\u0103r \u00een c\u0103utarea pentru un spray de \u00eenalt\u0103 calitate jwh-018, deci sunte\u021bi \u00een locul potrivit. livr\u0103m produse de \u00eenalt\u0103 calitate \u0219i cantitate \u00een \u00eentreaga lume. Plasa\u021bi comanda acum \u0219i ob\u021bine\u021bi spray-ul jwh-018 \u00een urm\u0103toarele cinci zile lucr\u0103toare. Cump\u0103ra\u021bi jwh-018 online.<\/p>\n<p>&nbsp;<\/p>\n<p>&nbsp;<\/p>\n<pre><strong>Cump\u0103ra\u021bi JWH-018 Powder Online - cump\u0103ra\u021bi Powder , cump\u0103ra\u021bi JWH-018 Powder , cump\u0103ra\u021bi Powder online, Unde s\u0103 cump\u0103ra\u021bi JWH-018 Powder , JWH-018 Powder de v\u00e2nzare, Powder de v\u00e2nzare, cump\u0103ra\u021bi JWH-018 online, unde s\u0103 cump\u0103ra\u021bi JWH-018 Powderonline , JWH-018 Powder de v\u00e2nzare \u00een SUA , SUA, canada,uk, cump\u0103ra, online, furnizori, livrare sigur\u0103, Pute\u021bi ob\u021bine \u00een continuare JWH-018 Powder , Este JWH-018 Powder legal \u00een SUA, cump\u0103ra\u021bi JWH-018 Powder online \u00een SUA, cum s\u0103 comanda\u021bi JWH-018 Powder , Este JWH-018 Powder legal \u00een Canada<\/strong><\/pre>","protected":false},"excerpt":{"rendered":"<p>JWH-018<\/p>\n<p>Stare: Produs nou<\/p>\n<p>Cump\u0103ra\u021bi JWH-018<\/p>\n<p>Substan\u021ba activ\u0103:<br \/>\nActiv dup\u0103:<br \/>\nTimp activ:<br \/>\nO unitate de comand\u0103:<\/p>\n<p>JWH-018<br \/>\n20-30 min. dup\u0103 utilizare<br \/>\n4-5 ore<br \/>\n1g de min 99<\/p>\n<pre><\/pre>","protected":false},"featured_media":10511,"comment_status":"open","ping_status":"closed","template":"","meta":{"_bst_post_transparent":"","_bst_post_title":"","_bst_post_layout":"","_bst_post_sidebar_id":"","_bst_post_content_style":"","_bst_post_vertical_padding":"","_bst_post_feature":"","_bst_post_feature_position":"","_bst_post_header":false,"_bst_post_footer":false},"product_brand":[],"product_cat":[79],"product_tag":[623,620,628,540,629,630,627,622,625,543,621,624,626],"product_brands":[],"class_list":{"0":"post-10498","1":"product","2":"type-product","3":"status-publish","4":"has-post-thumbnail","6":"product_cat-research-chemicals-and-bath-salt","7":"product_tag-buy-jwh-018-online","8":"product_tag-buy-jwh-018-powder","9":"product_tag-buy-jwh-018-powder-online-usa","10":"product_tag-buy-powder-online","11":"product_tag-how-to-order-jwh-018-powder","12":"product_tag-is-jwh-018-powder-legal-in-canada","13":"product_tag-is-jwh-018-powder-legal-in-usa","14":"product_tag-jwh-018-powder-for-sale","15":"product_tag-jwh-018-powder-for-sale-in-usa","16":"product_tag-powder-for-sale","17":"product_tag-where-to-buy-jwh-018-powder","18":"product_tag-where-to-buy-jwh-018-powderonline","19":"product_tag-you-can-still-get-jwh-018-powder","21":"first","22":"instock","23":"shipping-taxable","24":"purchasable","25":"product-type-variable","26":"entry","27":"content-bg","28":"loop-entry"},"tiered_pricing_type":"fixed","tiered_pricing_fixed_rules":[],"tiered_pricing_percentage_rules":[],"tiered_pricing_minimum":1,"_administrator_tiered_pricing_type":"fixed","_administrator_tiered_pricing_fixed_rules":[],"_editor_tiered_pricing_type":"fixed","_editor_tiered_pricing_fixed_rules":[],"_author_tiered_pricing_type":"fixed","_author_tiered_pricing_fixed_rules":[],"_contributor_tiered_pricing_type":"fixed","_contributor_tiered_pricing_fixed_rules":[],"_subscriber_tiered_pricing_type":"fixed","_subscriber_tiered_pricing_fixed_rules":[],"_customer_tiered_pricing_type":"fixed","_customer_tiered_pricing_fixed_rules":[],"_shop_manager_tiered_pricing_type":"fixed","_shop_manager_tiered_pricing_fixed_rules":[],"_wpseo_manager_tiered_pricing_type":"fixed","_wpseo_manager_tiered_pricing_fixed_rules":[],"_wpseo_editor_tiered_pricing_type":"fixed","_wpseo_editor_tiered_pricing_fixed_rules":[],"yoast_head":"<!-- This site is optimized with the Yoast SEO plugin v27.2 - https:\/\/yoast.com\/product\/yoast-seo-wordpress\/ -->\n<title>Buy JWH-018 Powder Online - Cheap price, Grade A++<\/title>\n<meta name=\"description\" content=\"Buy JWH-018 Powder Online Online at an affordable price at stonersmeds. All products are lab qualified and have premium quality.\" \/>\n<meta name=\"robots\" content=\"index, follow, max-snippet:-1, max-image-preview:large, max-video-preview:-1\" \/>\n<link rel=\"canonical\" href=\"https:\/\/stonersmeds.com\/ro\/shop\/buy-jwh-018-powder-online\/\" \/>\n<meta property=\"og:locale\" content=\"ro_RO\" \/>\n<meta property=\"og:type\" content=\"article\" \/>\n<meta property=\"og:title\" content=\"Buy JWH-018 Powder Online - Cheap price, Grade A++\" \/>\n<meta property=\"og:description\" content=\"Buy JWH-018 Powder Online Online at an affordable price at stonersmeds. All products are lab qualified and have premium quality.\" \/>\n<meta property=\"og:url\" content=\"https:\/\/stonersmeds.com\/ro\/shop\/buy-jwh-018-powder-online\/\" \/>\n<meta property=\"og:site_name\" content=\"stonersmeds.com\" \/>\n<meta property=\"article:modified_time\" content=\"2026-02-25T14:40:32+00:00\" \/>\n<meta property=\"og:image\" content=\"https:\/\/stonersmeds.com\/wp-content\/uploads\/2022\/03\/buy-jwh-018-online.jpg\" \/>\n\t<meta property=\"og:image:width\" content=\"600\" \/>\n\t<meta property=\"og:image:height\" content=\"600\" \/>\n\t<meta property=\"og:image:type\" content=\"image\/jpeg\" \/>\n<meta name=\"twitter:card\" content=\"summary_large_image\" \/>\n<meta name=\"twitter:label1\" content=\"Disponibilitate\" \/>\n\t<meta name=\"twitter:data1\" content=\"\u00cen stoc\" \/>\n<script type=\"application\/ld+json\" class=\"yoast-schema-graph\">{\"@context\":\"https:\/\/schema.org\",\"@graph\":[{\"@type\":\"WebPage\",\"@id\":\"https:\/\/stonersmeds.com\/el\/shop\/buy-jwh-018-powder-online\/\",\"url\":\"https:\/\/stonersmeds.com\/el\/shop\/buy-jwh-018-powder-online\/\",\"name\":\"Buy JWH-018 Powder Online - Cheap price, Grade A++\",\"isPartOf\":{\"@id\":\"https:\/\/stonersmeds.com\/#website\"},\"primaryImageOfPage\":{\"@id\":\"https:\/\/stonersmeds.com\/el\/shop\/buy-jwh-018-powder-online\/#primaryimage\"},\"image\":{\"@id\":\"https:\/\/stonersmeds.com\/el\/shop\/buy-jwh-018-powder-online\/#primaryimage\"},\"thumbnailUrl\":\"https:\/\/stonersmeds.com\/wp-content\/uploads\/2022\/03\/buy-jwh-018-online.jpg\",\"datePublished\":\"2022-03-12T08:00:25+00:00\",\"dateModified\":\"2026-02-25T14:40:32+00:00\",\"description\":\"Buy JWH-018 Powder Online Online at an affordable price at stonersmeds. All products are lab qualified and have premium quality.\",\"breadcrumb\":{\"@id\":\"https:\/\/stonersmeds.com\/el\/shop\/buy-jwh-018-powder-online\/#breadcrumb\"},\"inLanguage\":\"ro-RO\",\"potentialAction\":[{\"@type\":\"ReadAction\",\"target\":[\"https:\/\/stonersmeds.com\/el\/shop\/buy-jwh-018-powder-online\/\"]}]},{\"@type\":\"ImageObject\",\"inLanguage\":\"ro-RO\",\"@id\":\"https:\/\/stonersmeds.com\/el\/shop\/buy-jwh-018-powder-online\/#primaryimage\",\"url\":\"https:\/\/stonersmeds.com\/wp-content\/uploads\/2022\/03\/buy-jwh-018-online.jpg\",\"contentUrl\":\"https:\/\/stonersmeds.com\/wp-content\/uploads\/2022\/03\/buy-jwh-018-online.jpg\",\"width\":600,\"height\":600},{\"@type\":\"BreadcrumbList\",\"@id\":\"https:\/\/stonersmeds.com\/el\/shop\/buy-jwh-018-powder-online\/#breadcrumb\",\"itemListElement\":[{\"@type\":\"ListItem\",\"position\":1,\"name\":\"Home\",\"item\":\"https:\/\/stonersmeds.com\/\"},{\"@type\":\"ListItem\",\"position\":2,\"name\":\"Shop\",\"item\":\"https:\/\/stonersmeds.com\/shop\/\"},{\"@type\":\"ListItem\",\"position\":3,\"name\":\"Buy JWH-018 Powder Online\"}]},{\"@type\":\"WebSite\",\"@id\":\"https:\/\/stonersmeds.com\/#website\",\"url\":\"https:\/\/stonersmeds.com\/\",\"name\":\"stonersmeds.com\",\"description\":\"verschreibungspflichtige Medizin kaufen\",\"publisher\":{\"@id\":\"https:\/\/stonersmeds.com\/#organization\"},\"alternateName\":\"Research chemical shop\",\"potentialAction\":[{\"@type\":\"SearchAction\",\"target\":{\"@type\":\"EntryPoint\",\"urlTemplate\":\"https:\/\/stonersmeds.com\/?s={search_term_string}\"},\"query-input\":{\"@type\":\"PropertyValueSpecification\",\"valueRequired\":true,\"valueName\":\"search_term_string\"}}],\"inLanguage\":\"ro-RO\"},{\"@type\":\"Organization\",\"@id\":\"https:\/\/stonersmeds.com\/#organization\",\"name\":\"Stonersmeds Shop\",\"url\":\"https:\/\/stonersmeds.com\/\",\"logo\":{\"@type\":\"ImageObject\",\"inLanguage\":\"ro-RO\",\"@id\":\"https:\/\/stonersmeds.com\/#\/schema\/logo\/image\/\",\"url\":\"https:\/\/stonersmeds.com\/wp-content\/uploads\/2026\/02\/high-purity-DMT-powder.jpg\",\"contentUrl\":\"https:\/\/stonersmeds.com\/wp-content\/uploads\/2026\/02\/high-purity-DMT-powder.jpg\",\"width\":500,\"height\":500,\"caption\":\"Stonersmeds Shop\"},\"image\":{\"@id\":\"https:\/\/stonersmeds.com\/#\/schema\/logo\/image\/\"}}]}<\/script>\n<meta property=\"og:availability\" content=\"instock\" \/>\n<meta property=\"product:availability\" content=\"instock\" \/>\n<meta property=\"product:condition\" content=\"new\" \/>\n<!-- \/ Yoast SEO plugin. -->","yoast_head_json":{"title":"Cump\u0103ra\u021bi JWH-018 Pulbere online - Pre\u021b ieftin, grad A +++","description":"Cump\u0103ra\u021bi JWH-018 Powder Online Online la un pre\u021b accesibil la stonersmeds. Toate produsele sunt calificate de laborator \u0219i au o calitate premium.","robots":{"index":"index","follow":"follow","max-snippet":"max-snippet:-1","max-image-preview":"max-image-preview:large","max-video-preview":"max-video-preview:-1"},"canonical":"https:\/\/stonersmeds.com\/ro\/shop\/buy-jwh-018-powder-online\/","og_locale":"ro_RO","og_type":"article","og_title":"Buy JWH-018 Powder Online - Cheap price, Grade A++","og_description":"Buy JWH-018 Powder Online Online at an affordable price at stonersmeds. All products are lab qualified and have premium quality.","og_url":"https:\/\/stonersmeds.com\/ro\/shop\/buy-jwh-018-powder-online\/","og_site_name":"stonersmeds.com","article_modified_time":"2026-02-25T14:40:32+00:00","og_image":[{"width":600,"height":600,"url":"https:\/\/stonersmeds.com\/wp-content\/uploads\/2022\/03\/buy-jwh-018-online.jpg","type":"image\/jpeg"}],"twitter_card":"summary_large_image","twitter_misc":{"Disponibilitate":"\u00cen stoc"},"schema":{"@context":"https:\/\/schema.org","@graph":[{"@type":"WebPage","@id":"https:\/\/stonersmeds.com\/el\/shop\/buy-jwh-018-powder-online\/","url":"https:\/\/stonersmeds.com\/el\/shop\/buy-jwh-018-powder-online\/","name":"Cump\u0103ra\u021bi JWH-018 Pulbere online - Pre\u021b ieftin, grad A +++","isPartOf":{"@id":"https:\/\/stonersmeds.com\/#website"},"primaryImageOfPage":{"@id":"https:\/\/stonersmeds.com\/el\/shop\/buy-jwh-018-powder-online\/#primaryimage"},"image":{"@id":"https:\/\/stonersmeds.com\/el\/shop\/buy-jwh-018-powder-online\/#primaryimage"},"thumbnailUrl":"https:\/\/stonersmeds.com\/wp-content\/uploads\/2022\/03\/buy-jwh-018-online.jpg","datePublished":"2022-03-12T08:00:25+00:00","dateModified":"2026-02-25T14:40:32+00:00","description":"Cump\u0103ra\u021bi JWH-018 Powder Online Online la un pre\u021b accesibil la stonersmeds. Toate produsele sunt calificate de laborator \u0219i au o calitate premium.","breadcrumb":{"@id":"https:\/\/stonersmeds.com\/el\/shop\/buy-jwh-018-powder-online\/#breadcrumb"},"inLanguage":"ro-RO","potentialAction":[{"@type":"ReadAction","target":["https:\/\/stonersmeds.com\/el\/shop\/buy-jwh-018-powder-online\/"]}]},{"@type":"ImageObject","inLanguage":"ro-RO","@id":"https:\/\/stonersmeds.com\/el\/shop\/buy-jwh-018-powder-online\/#primaryimage","url":"https:\/\/stonersmeds.com\/wp-content\/uploads\/2022\/03\/buy-jwh-018-online.jpg","contentUrl":"https:\/\/stonersmeds.com\/wp-content\/uploads\/2022\/03\/buy-jwh-018-online.jpg","width":600,"height":600},{"@type":"BreadcrumbList","@id":"https:\/\/stonersmeds.com\/el\/shop\/buy-jwh-018-powder-online\/#breadcrumb","itemListElement":[{"@type":"ListItem","position":1,"name":"Home","item":"https:\/\/stonersmeds.com\/"},{"@type":"ListItem","position":2,"name":"Shop","item":"https:\/\/stonersmeds.com\/shop\/"},{"@type":"ListItem","position":3,"name":"Buy JWH-018 Powder Online"}]},{"@type":"WebSite","@id":"https:\/\/stonersmeds.com\/#website","url":"https:\/\/stonersmeds.com\/","name":"stonersmeds.com","description":"verschreibungspflichtige Medizin kaufen","publisher":{"@id":"https:\/\/stonersmeds.com\/#organization"},"alternateName":"Research chemical shop","potentialAction":[{"@type":"SearchAction","target":{"@type":"EntryPoint","urlTemplate":"https:\/\/stonersmeds.com\/?s={search_term_string}"},"query-input":{"@type":"PropertyValueSpecification","valueRequired":true,"valueName":"search_term_string"}}],"inLanguage":"ro-RO"},{"@type":"Organization","@id":"https:\/\/stonersmeds.com\/#organization","name":"Stonersmeds Shop","url":"https:\/\/stonersmeds.com\/","logo":{"@type":"ImageObject","inLanguage":"ro-RO","@id":"https:\/\/stonersmeds.com\/#\/schema\/logo\/image\/","url":"https:\/\/stonersmeds.com\/wp-content\/uploads\/2026\/02\/high-purity-DMT-powder.jpg","contentUrl":"https:\/\/stonersmeds.com\/wp-content\/uploads\/2026\/02\/high-purity-DMT-powder.jpg","width":500,"height":500,"caption":"Stonersmeds Shop"},"image":{"@id":"https:\/\/stonersmeds.com\/#\/schema\/logo\/image\/"}}]},"og_availability":"instock","product_availability":"instock","product_condition":"new"},"_links":{"self":[{"href":"https:\/\/stonersmeds.com\/ro\/wp-json\/wp\/v2\/product\/10498","targetHints":{"allow":["GET"]}}],"collection":[{"href":"https:\/\/stonersmeds.com\/ro\/wp-json\/wp\/v2\/product"}],"about":[{"href":"https:\/\/stonersmeds.com\/ro\/wp-json\/wp\/v2\/types\/product"}],"replies":[{"embeddable":true,"href":"https:\/\/stonersmeds.com\/ro\/wp-json\/wp\/v2\/comments?post=10498"}],"version-history":[{"count":0,"href":"https:\/\/stonersmeds.com\/ro\/wp-json\/wp\/v2\/product\/10498\/revisions"}],"wp:featuredmedia":[{"embeddable":true,"href":"https:\/\/stonersmeds.com\/ro\/wp-json\/wp\/v2\/media\/10511"}],"wp:attachment":[{"href":"https:\/\/stonersmeds.com\/ro\/wp-json\/wp\/v2\/media?parent=10498"}],"wp:term":[{"taxonomy":"product_brand","embeddable":true,"href":"https:\/\/stonersmeds.com\/ro\/wp-json\/wp\/v2\/product_brand?post=10498"},{"taxonomy":"product_cat","embeddable":true,"href":"https:\/\/stonersmeds.com\/ro\/wp-json\/wp\/v2\/product_cat?post=10498"},{"taxonomy":"product_tag","embeddable":true,"href":"https:\/\/stonersmeds.com\/ro\/wp-json\/wp\/v2\/product_tag?post=10498"},{"taxonomy":"product_brands","embeddable":true,"href":"https:\/\/stonersmeds.com\/ro\/wp-json\/wp\/v2\/product_brands?post=10498"}],"curies":[{"name":"wp","href":"https:\/\/api.w.org\/{rel}","templated":true}]}}