{"id":10559,"date":"2022-03-12T08:22:09","date_gmt":"2022-03-12T08:22:09","guid":{"rendered":"https:\/\/stonersmeds.com\/?post_type=product&#038;p=10559"},"modified":"2026-03-01T22:30:09","modified_gmt":"2026-03-01T20:30:09","slug":"buy-klonopin-2mg-pills-online-2","status":"publish","type":"product","link":"https:\/\/stonersmeds.com\/ro\/shop\/buy-klonopin-2mg-pills-online-2\/","title":{"rendered":"Cump\u0103ra\u021bi online pastile Klonopin 2mg"},"content":{"rendered":"<h1>Cumpara Klonopin 2mg pastile online.<\/h1>\n<p>Clonazepamul este utilizat pentru a preveni \u0219i controla convulsiile. Aceste medicamente sunt cunoscute sub numele de anticonvulsivante sau antiepileptice. De asemenea, este utilizat pentru a trata atacurile de panic\u0103. Clonazepamul ac\u021bioneaz\u0103 prin calmarea creierului \u0219i a nervilor. Acesta apar\u021bine unei clase de medicamente numite benzodiazepine.<\/p>\n<div><\/div>\n<div><\/div>\n<div><\/div>\n<div><\/div>\n<pre><strong>Cumpara Klonopin 2mg pastile online - cumpara Klonopin , cumpara Klonopin 2mg pastile , cumpara Klonopin online, \u00cen cazul \u00een care pentru a cump\u0103ra Klonopin 2mg pastile , Klonopin 2mg pastile de v\u00e2nzare, Klonopin pastile de v\u00e2nzare, cumpara Klonopin 2mg online, \u00een cazul \u00een care pentru a cump\u0103ra Klonopin 2mg pastile online, Klonopin 2mg pastile de v\u00e2nzare \u00een Statele Unite ale Americii, SUA, Canada, Marea Britanie, cump\u0103ra, online, furnizori, livrare sigur\u0103, Pute\u021bi ob\u021bine \u00een continuare Klonopin 2mg pastile, Este Klonopin 2mg pastile legale \u00een Statele Unite ale Americii, cumpara Klonopin 2mg pastile online Statele Unite ale Americii, cum s\u0103 comanda\u021bi Klonopin 2mg pastile, Este Klonopin 2mg pastile legale \u00een Canada<\/strong><\/pre>","protected":false},"excerpt":{"rendered":"<p>Cumpara Klonopin 2mg pastile online. Klonopin (Clonazepam) trateaz\u0103 convulsiile, tulburarea de panic\u0103 \u0219i anxietatea. Acest medicament este o benzodiazepin\u0103.<\/p>\n<p>pretul produsului este ca: per pastila<br \/>\n<strong>Cantitatea minima de comanda este: 50 pastile<\/strong><\/p>\n<p>&nbsp;<\/p>\n<pre><strong>Cumpara Klonopin 2mg pastile online - cumpara Klonopin , cumpara Klonopin 2mg pastile , cumpara Klonopin online, \u00cen cazul \u00een care pentru a cump\u0103ra Klonopin 2mg pastile , Klonopin 2mg pastile de v\u00e2nzare, Klonopin pastile de v\u00e2nzare, cumpara Klonopin 2mg online, \u00een cazul \u00een care pentru a cump\u0103ra Klonopin 2mg pastile online, Klonopin 2mg pastile de v\u00e2nzare \u00een Statele Unite ale Americii, SUA, Canada, Marea Britanie, cump\u0103ra, online, furnizori, livrare sigur\u0103, Pute\u021bi ob\u021bine \u00een continuare Klonopin 2mg pastile, Este Klonopin 2mg pastile legale \u00een Statele Unite ale Americii, cumpara Klonopin 2mg pastile online Statele Unite ale Americii, cum s\u0103 comanda\u021bi Klonopin 2mg pastile, Este Klonopin 2mg pastile legale \u00een Canada<\/strong><\/pre>","protected":false},"featured_media":10585,"comment_status":"open","ping_status":"closed","template":"","meta":{"_bst_post_transparent":"","_bst_post_title":"","_bst_post_layout":"","_bst_post_sidebar_id":"","_bst_post_content_style":"","_bst_post_vertical_padding":"","_bst_post_feature":"","_bst_post_feature_position":"","_bst_post_header":false,"_bst_post_footer":false},"product_brand":[],"product_cat":[79],"product_tag":[502,505,504,507,501,511,517,512,522,513,499,503,523,524,521,515,519,510,509,500,516,506,508,514,518,520],"product_brands":[],"class_list":{"0":"post-10559","1":"product","2":"type-product","3":"status-publish","4":"has-post-thumbnail","6":"product_cat-research-chemicals-and-bath-salt","7":"product_tag-buy-clonazepam-0-25-online","8":"product_tag-buy-clonazepam-2mg","9":"product_tag-buy-clonazepam-ireland","10":"product_tag-buy-clonazepam-uk","11":"product_tag-buy-generic-clonazepam","12":"product_tag-buy-klonopin","13":"product_tag-buy-klonopin-2mg-online","14":"product_tag-buy-klonopin-2mg-pills","15":"product_tag-buy-klonopin-2mg-pills-online-usa","16":"product_tag-buy-klonopin-online","17":"product_tag-clonazepam-2mg-buy-online","18":"product_tag-free-klonopin","19":"product_tag-how-to-order-klonopin-2mg-pills","20":"product_tag-is-klonopin-2mg-pills-legal-in-canada","21":"product_tag-is-klonopin-2mg-pills-legal-in-usa","22":"product_tag-klonopin-2mg-pills-for-sale","23":"product_tag-klonopin-2mg-pills-for-sale-in-usa","24":"product_tag-klonopin-dopamine","25":"product_tag-klonopin-dosage","26":"product_tag-klonopin-from-ebay-online","27":"product_tag-klonopin-pills-for-sale","28":"product_tag-online-doctors-who-prescribe-klonopin","29":"product_tag-online-doctors-who-prescribe-klonopin-reddit","30":"product_tag-where-to-buy-klonopin-2mg-pills","31":"product_tag-where-to-buy-klonopin-2mg-pills-online","32":"product_tag-you-can-still-get-klonopin-2mg-pills","34":"first","35":"instock","36":"shipping-taxable","37":"purchasable","38":"product-type-variable","39":"entry","40":"content-bg","41":"loop-entry"},"tiered_pricing_type":"fixed","tiered_pricing_fixed_rules":[],"tiered_pricing_percentage_rules":[],"tiered_pricing_minimum":1,"_administrator_tiered_pricing_type":"fixed","_administrator_tiered_pricing_fixed_rules":[],"_editor_tiered_pricing_type":"fixed","_editor_tiered_pricing_fixed_rules":[],"_author_tiered_pricing_type":"fixed","_author_tiered_pricing_fixed_rules":[],"_contributor_tiered_pricing_type":"fixed","_contributor_tiered_pricing_fixed_rules":[],"_subscriber_tiered_pricing_type":"fixed","_subscriber_tiered_pricing_fixed_rules":[],"_customer_tiered_pricing_type":"fixed","_customer_tiered_pricing_fixed_rules":[],"_shop_manager_tiered_pricing_type":"fixed","_shop_manager_tiered_pricing_fixed_rules":[],"_wpseo_manager_tiered_pricing_type":"fixed","_wpseo_manager_tiered_pricing_fixed_rules":[],"_wpseo_editor_tiered_pricing_type":"fixed","_wpseo_editor_tiered_pricing_fixed_rules":[],"yoast_head":"<!-- This site is optimized with the Yoast SEO plugin v27.2 - https:\/\/yoast.com\/product\/yoast-seo-wordpress\/ -->\n<title>Buy Klonopin 2mg pills online - Cheap price, Grade A++<\/title>\n<meta name=\"description\" content=\"Buy Klonopin 2mg pills Online at an affordable price at stonersmeds. All products are lab qualified and have premium quality.\" \/>\n<meta name=\"robots\" content=\"index, follow, max-snippet:-1, max-image-preview:large, max-video-preview:-1\" \/>\n<link rel=\"canonical\" href=\"https:\/\/stonersmeds.com\/ro\/shop\/buy-klonopin-2mg-pills-online-2\/\" \/>\n<meta property=\"og:locale\" content=\"ro_RO\" \/>\n<meta property=\"og:type\" content=\"article\" \/>\n<meta property=\"og:title\" content=\"Buy Klonopin 2mg pills online - Cheap price, Grade A++\" \/>\n<meta property=\"og:description\" content=\"Buy Klonopin 2mg pills Online at an affordable price at stonersmeds. All products are lab qualified and have premium quality.\" \/>\n<meta property=\"og:url\" content=\"https:\/\/stonersmeds.com\/ro\/shop\/buy-klonopin-2mg-pills-online-2\/\" \/>\n<meta property=\"og:site_name\" content=\"stonersmeds.com\" \/>\n<meta property=\"article:modified_time\" content=\"2026-03-01T20:30:09+00:00\" \/>\n<meta property=\"og:image\" content=\"https:\/\/stonersmeds.com\/wp-content\/uploads\/2022\/03\/Buy-Klonopin-2mg-pills-online-1.jpg\" \/>\n\t<meta property=\"og:image:width\" content=\"600\" \/>\n\t<meta property=\"og:image:height\" content=\"600\" \/>\n\t<meta property=\"og:image:type\" content=\"image\/jpeg\" \/>\n<meta name=\"twitter:card\" content=\"summary_large_image\" \/>\n<meta name=\"twitter:label1\" content=\"Disponibilitate\" \/>\n\t<meta name=\"twitter:data1\" content=\"\u00cen stoc\" \/>\n<script type=\"application\/ld+json\" class=\"yoast-schema-graph\">{\"@context\":\"https:\/\/schema.org\",\"@graph\":[{\"@type\":\"WebPage\",\"@id\":\"https:\/\/stonersmeds.com\/shop\/buy-klonopin-2mg-pills-online-2\/\",\"url\":\"https:\/\/stonersmeds.com\/shop\/buy-klonopin-2mg-pills-online-2\/\",\"name\":\"Buy Klonopin 2mg pills online - Cheap price, Grade A++\",\"isPartOf\":{\"@id\":\"https:\/\/stonersmeds.com\/#website\"},\"primaryImageOfPage\":{\"@id\":\"https:\/\/stonersmeds.com\/shop\/buy-klonopin-2mg-pills-online-2\/#primaryimage\"},\"image\":{\"@id\":\"https:\/\/stonersmeds.com\/shop\/buy-klonopin-2mg-pills-online-2\/#primaryimage\"},\"thumbnailUrl\":\"https:\/\/stonersmeds.com\/wp-content\/uploads\/2022\/03\/Buy-Klonopin-2mg-pills-online-1.jpg\",\"datePublished\":\"2022-03-12T08:22:09+00:00\",\"dateModified\":\"2026-03-01T20:30:09+00:00\",\"description\":\"Buy Klonopin 2mg pills Online at an affordable price at stonersmeds. All products are lab qualified and have premium quality.\",\"breadcrumb\":{\"@id\":\"https:\/\/stonersmeds.com\/shop\/buy-klonopin-2mg-pills-online-2\/#breadcrumb\"},\"inLanguage\":\"ro-RO\",\"potentialAction\":[{\"@type\":\"ReadAction\",\"target\":[\"https:\/\/stonersmeds.com\/shop\/buy-klonopin-2mg-pills-online-2\/\"]}]},{\"@type\":\"ImageObject\",\"inLanguage\":\"ro-RO\",\"@id\":\"https:\/\/stonersmeds.com\/shop\/buy-klonopin-2mg-pills-online-2\/#primaryimage\",\"url\":\"https:\/\/stonersmeds.com\/wp-content\/uploads\/2022\/03\/Buy-Klonopin-2mg-pills-online-1.jpg\",\"contentUrl\":\"https:\/\/stonersmeds.com\/wp-content\/uploads\/2022\/03\/Buy-Klonopin-2mg-pills-online-1.jpg\",\"width\":600,\"height\":600},{\"@type\":\"BreadcrumbList\",\"@id\":\"https:\/\/stonersmeds.com\/shop\/buy-klonopin-2mg-pills-online-2\/#breadcrumb\",\"itemListElement\":[{\"@type\":\"ListItem\",\"position\":1,\"name\":\"Home\",\"item\":\"https:\/\/stonersmeds.com\/\"},{\"@type\":\"ListItem\",\"position\":2,\"name\":\"Shop\",\"item\":\"https:\/\/stonersmeds.com\/shop\/\"},{\"@type\":\"ListItem\",\"position\":3,\"name\":\"Buy Klonopin 2mg pills online\"}]},{\"@type\":\"WebSite\",\"@id\":\"https:\/\/stonersmeds.com\/#website\",\"url\":\"https:\/\/stonersmeds.com\/\",\"name\":\"stonersmeds.com\",\"description\":\"verschreibungspflichtige Medizin kaufen\",\"publisher\":{\"@id\":\"https:\/\/stonersmeds.com\/#organization\"},\"alternateName\":\"Research chemical shop\",\"potentialAction\":[{\"@type\":\"SearchAction\",\"target\":{\"@type\":\"EntryPoint\",\"urlTemplate\":\"https:\/\/stonersmeds.com\/?s={search_term_string}\"},\"query-input\":{\"@type\":\"PropertyValueSpecification\",\"valueRequired\":true,\"valueName\":\"search_term_string\"}}],\"inLanguage\":\"ro-RO\"},{\"@type\":\"Organization\",\"@id\":\"https:\/\/stonersmeds.com\/#organization\",\"name\":\"Stonersmeds Shop\",\"url\":\"https:\/\/stonersmeds.com\/\",\"logo\":{\"@type\":\"ImageObject\",\"inLanguage\":\"ro-RO\",\"@id\":\"https:\/\/stonersmeds.com\/#\/schema\/logo\/image\/\",\"url\":\"https:\/\/stonersmeds.com\/wp-content\/uploads\/2026\/02\/high-purity-DMT-powder.jpg\",\"contentUrl\":\"https:\/\/stonersmeds.com\/wp-content\/uploads\/2026\/02\/high-purity-DMT-powder.jpg\",\"width\":500,\"height\":500,\"caption\":\"Stonersmeds Shop\"},\"image\":{\"@id\":\"https:\/\/stonersmeds.com\/#\/schema\/logo\/image\/\"}}]}<\/script>\n<meta property=\"og:availability\" content=\"instock\" \/>\n<meta property=\"product:availability\" content=\"instock\" \/>\n<meta property=\"product:condition\" content=\"new\" \/>\n<!-- \/ Yoast SEO plugin. -->","yoast_head_json":{"title":"Cumpara Klonopin 2mg pastile online - Pre\u021bul ieftin, Grad A++","description":"Cumpara Klonopin 2mg pastile Online la un pre\u021b accesibil la stonersmeds. Toate produsele sunt calificate de laborator \u0219i au o calitate premium.","robots":{"index":"index","follow":"follow","max-snippet":"max-snippet:-1","max-image-preview":"max-image-preview:large","max-video-preview":"max-video-preview:-1"},"canonical":"https:\/\/stonersmeds.com\/ro\/shop\/buy-klonopin-2mg-pills-online-2\/","og_locale":"ro_RO","og_type":"article","og_title":"Buy Klonopin 2mg pills online - Cheap price, Grade A++","og_description":"Buy Klonopin 2mg pills Online at an affordable price at stonersmeds. All products are lab qualified and have premium quality.","og_url":"https:\/\/stonersmeds.com\/ro\/shop\/buy-klonopin-2mg-pills-online-2\/","og_site_name":"stonersmeds.com","article_modified_time":"2026-03-01T20:30:09+00:00","og_image":[{"width":600,"height":600,"url":"https:\/\/stonersmeds.com\/wp-content\/uploads\/2022\/03\/Buy-Klonopin-2mg-pills-online-1.jpg","type":"image\/jpeg"}],"twitter_card":"summary_large_image","twitter_misc":{"Disponibilitate":"\u00cen stoc"},"schema":{"@context":"https:\/\/schema.org","@graph":[{"@type":"WebPage","@id":"https:\/\/stonersmeds.com\/shop\/buy-klonopin-2mg-pills-online-2\/","url":"https:\/\/stonersmeds.com\/shop\/buy-klonopin-2mg-pills-online-2\/","name":"Cumpara Klonopin 2mg pastile online - Pre\u021bul ieftin, Grad A++","isPartOf":{"@id":"https:\/\/stonersmeds.com\/#website"},"primaryImageOfPage":{"@id":"https:\/\/stonersmeds.com\/shop\/buy-klonopin-2mg-pills-online-2\/#primaryimage"},"image":{"@id":"https:\/\/stonersmeds.com\/shop\/buy-klonopin-2mg-pills-online-2\/#primaryimage"},"thumbnailUrl":"https:\/\/stonersmeds.com\/wp-content\/uploads\/2022\/03\/Buy-Klonopin-2mg-pills-online-1.jpg","datePublished":"2022-03-12T08:22:09+00:00","dateModified":"2026-03-01T20:30:09+00:00","description":"Cumpara Klonopin 2mg pastile Online la un pre\u021b accesibil la stonersmeds. Toate produsele sunt calificate de laborator \u0219i au o calitate premium.","breadcrumb":{"@id":"https:\/\/stonersmeds.com\/shop\/buy-klonopin-2mg-pills-online-2\/#breadcrumb"},"inLanguage":"ro-RO","potentialAction":[{"@type":"ReadAction","target":["https:\/\/stonersmeds.com\/shop\/buy-klonopin-2mg-pills-online-2\/"]}]},{"@type":"ImageObject","inLanguage":"ro-RO","@id":"https:\/\/stonersmeds.com\/shop\/buy-klonopin-2mg-pills-online-2\/#primaryimage","url":"https:\/\/stonersmeds.com\/wp-content\/uploads\/2022\/03\/Buy-Klonopin-2mg-pills-online-1.jpg","contentUrl":"https:\/\/stonersmeds.com\/wp-content\/uploads\/2022\/03\/Buy-Klonopin-2mg-pills-online-1.jpg","width":600,"height":600},{"@type":"BreadcrumbList","@id":"https:\/\/stonersmeds.com\/shop\/buy-klonopin-2mg-pills-online-2\/#breadcrumb","itemListElement":[{"@type":"ListItem","position":1,"name":"Home","item":"https:\/\/stonersmeds.com\/"},{"@type":"ListItem","position":2,"name":"Shop","item":"https:\/\/stonersmeds.com\/shop\/"},{"@type":"ListItem","position":3,"name":"Buy Klonopin 2mg pills online"}]},{"@type":"WebSite","@id":"https:\/\/stonersmeds.com\/#website","url":"https:\/\/stonersmeds.com\/","name":"stonersmeds.com","description":"verschreibungspflichtige Medizin kaufen","publisher":{"@id":"https:\/\/stonersmeds.com\/#organization"},"alternateName":"Research chemical shop","potentialAction":[{"@type":"SearchAction","target":{"@type":"EntryPoint","urlTemplate":"https:\/\/stonersmeds.com\/?s={search_term_string}"},"query-input":{"@type":"PropertyValueSpecification","valueRequired":true,"valueName":"search_term_string"}}],"inLanguage":"ro-RO"},{"@type":"Organization","@id":"https:\/\/stonersmeds.com\/#organization","name":"Stonersmeds Shop","url":"https:\/\/stonersmeds.com\/","logo":{"@type":"ImageObject","inLanguage":"ro-RO","@id":"https:\/\/stonersmeds.com\/#\/schema\/logo\/image\/","url":"https:\/\/stonersmeds.com\/wp-content\/uploads\/2026\/02\/high-purity-DMT-powder.jpg","contentUrl":"https:\/\/stonersmeds.com\/wp-content\/uploads\/2026\/02\/high-purity-DMT-powder.jpg","width":500,"height":500,"caption":"Stonersmeds Shop"},"image":{"@id":"https:\/\/stonersmeds.com\/#\/schema\/logo\/image\/"}}]},"og_availability":"instock","product_availability":"instock","product_condition":"new"},"_links":{"self":[{"href":"https:\/\/stonersmeds.com\/ro\/wp-json\/wp\/v2\/product\/10559","targetHints":{"allow":["GET"]}}],"collection":[{"href":"https:\/\/stonersmeds.com\/ro\/wp-json\/wp\/v2\/product"}],"about":[{"href":"https:\/\/stonersmeds.com\/ro\/wp-json\/wp\/v2\/types\/product"}],"replies":[{"embeddable":true,"href":"https:\/\/stonersmeds.com\/ro\/wp-json\/wp\/v2\/comments?post=10559"}],"version-history":[{"count":0,"href":"https:\/\/stonersmeds.com\/ro\/wp-json\/wp\/v2\/product\/10559\/revisions"}],"wp:featuredmedia":[{"embeddable":true,"href":"https:\/\/stonersmeds.com\/ro\/wp-json\/wp\/v2\/media\/10585"}],"wp:attachment":[{"href":"https:\/\/stonersmeds.com\/ro\/wp-json\/wp\/v2\/media?parent=10559"}],"wp:term":[{"taxonomy":"product_brand","embeddable":true,"href":"https:\/\/stonersmeds.com\/ro\/wp-json\/wp\/v2\/product_brand?post=10559"},{"taxonomy":"product_cat","embeddable":true,"href":"https:\/\/stonersmeds.com\/ro\/wp-json\/wp\/v2\/product_cat?post=10559"},{"taxonomy":"product_tag","embeddable":true,"href":"https:\/\/stonersmeds.com\/ro\/wp-json\/wp\/v2\/product_tag?post=10559"},{"taxonomy":"product_brands","embeddable":true,"href":"https:\/\/stonersmeds.com\/ro\/wp-json\/wp\/v2\/product_brands?post=10559"}],"curies":[{"name":"wp","href":"https:\/\/api.w.org\/{rel}","templated":true}]}}