{"id":10703,"date":"2022-03-12T09:22:41","date_gmt":"2022-03-12T09:22:41","guid":{"rendered":"https:\/\/stonersmeds.com\/?post_type=product&#038;p=10703"},"modified":"2026-03-02T06:40:05","modified_gmt":"2026-03-02T04:40:05","slug":"buy-pure-cheap-ephenidine-powder-online","status":"publish","type":"product","link":"https:\/\/stonersmeds.com\/ro\/shop\/buy-pure-cheap-ephenidine-powder-online\/","title":{"rendered":"Cump\u0103ra\u021bi online pudr\u0103 de efenidin\u0103 pur\u0103 ieftin\u0103"},"content":{"rendered":"<h1>Cump\u0103ra\u021bi online pudr\u0103 de efenidin\u0103 pur\u0103 ieftin\u0103.<\/h1>\n<p>Efenidina, cunoscut\u0103 \u0219i sub numele de NEDPA, este un compus disociativ mai nou, mai pu\u021bin cunoscut, din clasa dietilaminei. Cump\u0103rare testat\u0103 <a href=\"https:\/\/www.researchgate.net\/publication\/326067810_Ephenidine_diphenidine_and_methoxphenidine_complications_reported_to_the_French_Addictovigilance_Network\">efenidin\u0103<\/a> pulbere, comanda\u021bi ieftin 50 g ephenidine online.<br \/>\nEfenidina este un antagonist al receptorului NMDA care este \u00eenrudit structural cu diariletilamin\u0103, cum ar fi difenidina \u0219i metofenidina.<br \/>\nEfenidina \u0219i diariletilamina \u00eenrudite au fost studiate la oameni pentru tratamentul leziunilor neurotoxice<\/p>\n<p>&nbsp;<\/p>\n<p>&nbsp;<\/p>\n<pre><strong><a href=\"https:\/\/stonersmeds.com\/ro\/eticheta-produs\/where-to-buy-pure-cheap-ephenidine-powder-online\/\">Cump\u0103ra\u021bi online pudr\u0103 de efenidin\u0103 pur\u0103 ieftin\u0103<\/a> - cump\u0103ra Pure Cheap Ephenidine Powder , cump\u0103ra Pure Cheap Ephenidine Powder SUA , cump\u0103ra Pure Cheap Ephenidine Powder online SUA , Unde s\u0103 cumpere Pure Cheap Ephenidine Powder , Pure Cheap Ephenidine Powder de v\u00e2nzare, Pure Cheap Ephenidine Powder de v\u00e2nzare l\u00e2ng\u0103 mine , cump\u0103ra Pure Cheap Ephenidine Powder online l\u00e2ng\u0103 mine , unde s\u0103 cumpere Pure Cheap Ephenidine Powder online , Pure Cheap Ephenidine Powder de v\u00e2nzare \u00een Statele Unite ale Americii, SUA, Canada, Marea Britanie, cump\u0103ra\u021bi, online, furnizori, livrare sigur\u0103, Pute\u021bi ob\u021bine \u00een continuare Pure Cheap Ephenidine Powder , Este Pure Cheap Ephenidine Powder legal \u00een Statele Unite ale Americii, cump\u0103ra\u021bi Pure Cheap Ephenidine Powder online \u00een Statele Unite ale Americii, cum s\u0103 comanda\u021bi Pure Cheap Ephenidine Powder , Este Pure Cheap Ephenidine Powder legal \u00een Canada<\/strong><\/pre>","protected":false},"excerpt":{"rendered":"<p>Cump\u0103ra\u021bi Pure Cheap Ephenidine Powder Online. Efenidina este un anestezic disociativ \u0219i ac\u021bioneaz\u0103 ca un antagonist pentru receptorul NMDA.<\/p>\n<p>Efenidina, cunoscut\u0103 \u0219i sub numele de NEDPA, este un compus disociativ mai nou, mai pu\u021bin cunoscut din clasa diarietilaminelor.<br \/>\nEfenidina este un antagonist al receptorului NMDA care este \u00eenrudit structural cu diariletilamin\u0103, cum ar fi difenidina \u0219i metofenidina.<\/p>\n<pre><strong>Cump\u0103ra\u021bi pudr\u0103 de efenidin\u0103 pur\u0103 ieftin\u0103 online - cump\u0103ra\u021bi pudr\u0103 de efenidin\u0103 pur\u0103 ieftin\u0103, cump\u0103ra\u021bi pudr\u0103 de efenidin\u0103 pur\u0103 ieftin\u0103 SUA, cump\u0103ra\u021bi pudr\u0103 de efenidin\u0103 pur\u0103 ieftin\u0103 online SUA, de unde s\u0103 cump\u0103ra\u021bi pudr\u0103 de efenidin\u0103 pur\u0103 ieftin\u0103, pudr\u0103 de efenidin\u0103 pur\u0103 ieftin\u0103 de v\u00e2nzare, pudr\u0103 de efenidin\u0103 pur\u0103 ieftin\u0103 de v\u00e2nzare \u00een apropiere eu , cumpara Pure Cheap Ephenidine Powder online langa mine , de unde cumpar Pure Cheap Ephenidine Powder online , Pure Cheap Ephenidine Powder de vanzare in Statele Unite ale Americii , SUA, Canada, Marea Britanie, cumpara, online, furnizori, livrare in siguranta, inca mai poti obtine Pure Cheap Ephenidine Powder , Pure Cheap Ephenidine Powder este legal\u0103 \u00een SUA, cump\u0103ra\u021bi Pure Cheap Ephenidine Powder online SUA, cum s\u0103 comanda\u021bi Pure Cheap Ephenidine Powder , Este Pure Cheap Ephenidine Powder legal\u0103 \u00een Canada<\/strong><\/pre>","protected":false},"featured_media":10719,"comment_status":"open","ping_status":"closed","template":"","meta":{"_bst_post_transparent":"","_bst_post_title":"","_bst_post_layout":"","_bst_post_sidebar_id":"","_bst_post_content_style":"","_bst_post_vertical_padding":"","_bst_post_feature":"","_bst_post_feature_position":"","_bst_post_header":false,"_bst_post_footer":false},"product_brand":[],"product_cat":[79],"product_tag":[262,268,264,263,266,270,267,265,269],"product_brands":[],"class_list":{"0":"post-10703","1":"product","2":"type-product","3":"status-publish","4":"has-post-thumbnail","6":"product_cat-research-chemicals-and-bath-salt","7":"product_tag-buy-pure-cheap-ephenidine-powder","8":"product_tag-buy-pure-cheap-ephenidine-powder-online-near-me","9":"product_tag-buy-pure-cheap-ephenidine-powder-online-usa","10":"product_tag-buy-pure-cheap-ephenidine-powder-usa","11":"product_tag-pure-cheap-ephenidine-powder-for-sale","12":"product_tag-pure-cheap-ephenidine-powder-for-sale-in-usa","13":"product_tag-pure-cheap-ephenidine-powder-for-sale-near-me","14":"product_tag-where-to-buy-pure-cheap-ephenidine-powder","15":"product_tag-where-to-buy-pure-cheap-ephenidine-powder-online","17":"first","18":"instock","19":"shipping-taxable","20":"purchasable","21":"product-type-variable","22":"has-default-attributes","23":"entry","24":"content-bg","25":"loop-entry"},"tiered_pricing_type":"fixed","tiered_pricing_fixed_rules":[],"tiered_pricing_percentage_rules":[],"tiered_pricing_minimum":1,"_administrator_tiered_pricing_type":"fixed","_administrator_tiered_pricing_fixed_rules":[],"_editor_tiered_pricing_type":"fixed","_editor_tiered_pricing_fixed_rules":[],"_author_tiered_pricing_type":"fixed","_author_tiered_pricing_fixed_rules":[],"_contributor_tiered_pricing_type":"fixed","_contributor_tiered_pricing_fixed_rules":[],"_subscriber_tiered_pricing_type":"fixed","_subscriber_tiered_pricing_fixed_rules":[],"_customer_tiered_pricing_type":"fixed","_customer_tiered_pricing_fixed_rules":[],"_shop_manager_tiered_pricing_type":"fixed","_shop_manager_tiered_pricing_fixed_rules":[],"_wpseo_manager_tiered_pricing_type":"fixed","_wpseo_manager_tiered_pricing_fixed_rules":[],"_wpseo_editor_tiered_pricing_type":"fixed","_wpseo_editor_tiered_pricing_fixed_rules":[],"yoast_head":"<!-- This site is optimized with the Yoast SEO plugin v27.2 - https:\/\/yoast.com\/product\/yoast-seo-wordpress\/ -->\n<title>Buy Pure Cheap Ephenidine Powder Online - stonersmeds.com<\/title>\n<meta name=\"description\" content=\"Buy Pure Cheap Ephenidine Powder Online at an affordable price at stonersmeds. All products are lab qualified and have premium quality.\" \/>\n<meta name=\"robots\" content=\"index, follow, max-snippet:-1, max-image-preview:large, max-video-preview:-1\" \/>\n<link rel=\"canonical\" href=\"https:\/\/stonersmeds.com\/ro\/shop\/buy-pure-cheap-ephenidine-powder-online\/\" \/>\n<meta property=\"og:locale\" content=\"ro_RO\" \/>\n<meta property=\"og:type\" content=\"article\" \/>\n<meta property=\"og:title\" content=\"Buy Pure Cheap Ephenidine Powder Online - stonersmeds.com\" \/>\n<meta property=\"og:description\" content=\"Buy Pure Cheap Ephenidine Powder Online at an affordable price at stonersmeds. All products are lab qualified and have premium quality.\" \/>\n<meta property=\"og:url\" content=\"https:\/\/stonersmeds.com\/ro\/shop\/buy-pure-cheap-ephenidine-powder-online\/\" \/>\n<meta property=\"og:site_name\" content=\"stonersmeds.com\" \/>\n<meta property=\"article:modified_time\" content=\"2026-03-02T04:40:05+00:00\" \/>\n<meta property=\"og:image\" content=\"https:\/\/stonersmeds.com\/wp-content\/uploads\/2022\/03\/buy-pure-cheap-ephenidine-powder-online.jpg\" \/>\n\t<meta property=\"og:image:width\" content=\"600\" \/>\n\t<meta property=\"og:image:height\" content=\"600\" \/>\n\t<meta property=\"og:image:type\" content=\"image\/jpeg\" \/>\n<meta name=\"twitter:card\" content=\"summary_large_image\" \/>\n<meta name=\"twitter:label1\" content=\"Disponibilitate\" \/>\n\t<meta name=\"twitter:data1\" content=\"\u00cen stoc\" \/>\n<script type=\"application\/ld+json\" class=\"yoast-schema-graph\">{\"@context\":\"https:\/\/schema.org\",\"@graph\":[{\"@type\":\"WebPage\",\"@id\":\"https:\/\/stonersmeds.com\/shop\/buy-pure-cheap-ephenidine-powder-online\/\",\"url\":\"https:\/\/stonersmeds.com\/shop\/buy-pure-cheap-ephenidine-powder-online\/\",\"name\":\"Buy Pure Cheap Ephenidine Powder Online - stonersmeds.com\",\"isPartOf\":{\"@id\":\"https:\/\/stonersmeds.com\/#website\"},\"primaryImageOfPage\":{\"@id\":\"https:\/\/stonersmeds.com\/shop\/buy-pure-cheap-ephenidine-powder-online\/#primaryimage\"},\"image\":{\"@id\":\"https:\/\/stonersmeds.com\/shop\/buy-pure-cheap-ephenidine-powder-online\/#primaryimage\"},\"thumbnailUrl\":\"https:\/\/stonersmeds.com\/wp-content\/uploads\/2022\/03\/buy-pure-cheap-ephenidine-powder-online.jpg\",\"datePublished\":\"2022-03-12T09:22:41+00:00\",\"dateModified\":\"2026-03-02T04:40:05+00:00\",\"description\":\"Buy Pure Cheap Ephenidine Powder Online at an affordable price at stonersmeds. All products are lab qualified and have premium quality.\",\"breadcrumb\":{\"@id\":\"https:\/\/stonersmeds.com\/shop\/buy-pure-cheap-ephenidine-powder-online\/#breadcrumb\"},\"inLanguage\":\"ro-RO\",\"potentialAction\":[{\"@type\":\"ReadAction\",\"target\":[\"https:\/\/stonersmeds.com\/shop\/buy-pure-cheap-ephenidine-powder-online\/\"]}]},{\"@type\":\"ImageObject\",\"inLanguage\":\"ro-RO\",\"@id\":\"https:\/\/stonersmeds.com\/shop\/buy-pure-cheap-ephenidine-powder-online\/#primaryimage\",\"url\":\"https:\/\/stonersmeds.com\/wp-content\/uploads\/2022\/03\/buy-pure-cheap-ephenidine-powder-online.jpg\",\"contentUrl\":\"https:\/\/stonersmeds.com\/wp-content\/uploads\/2022\/03\/buy-pure-cheap-ephenidine-powder-online.jpg\",\"width\":600,\"height\":600},{\"@type\":\"BreadcrumbList\",\"@id\":\"https:\/\/stonersmeds.com\/shop\/buy-pure-cheap-ephenidine-powder-online\/#breadcrumb\",\"itemListElement\":[{\"@type\":\"ListItem\",\"position\":1,\"name\":\"Home\",\"item\":\"https:\/\/stonersmeds.com\/\"},{\"@type\":\"ListItem\",\"position\":2,\"name\":\"Shop\",\"item\":\"https:\/\/stonersmeds.com\/shop\/\"},{\"@type\":\"ListItem\",\"position\":3,\"name\":\"Buy Pure Cheap Ephenidine Powder Online\"}]},{\"@type\":\"WebSite\",\"@id\":\"https:\/\/stonersmeds.com\/#website\",\"url\":\"https:\/\/stonersmeds.com\/\",\"name\":\"stonersmeds.com\",\"description\":\"verschreibungspflichtige Medizin kaufen\",\"publisher\":{\"@id\":\"https:\/\/stonersmeds.com\/#organization\"},\"alternateName\":\"Research chemical shop\",\"potentialAction\":[{\"@type\":\"SearchAction\",\"target\":{\"@type\":\"EntryPoint\",\"urlTemplate\":\"https:\/\/stonersmeds.com\/?s={search_term_string}\"},\"query-input\":{\"@type\":\"PropertyValueSpecification\",\"valueRequired\":true,\"valueName\":\"search_term_string\"}}],\"inLanguage\":\"ro-RO\"},{\"@type\":\"Organization\",\"@id\":\"https:\/\/stonersmeds.com\/#organization\",\"name\":\"Stonersmeds Shop\",\"url\":\"https:\/\/stonersmeds.com\/\",\"logo\":{\"@type\":\"ImageObject\",\"inLanguage\":\"ro-RO\",\"@id\":\"https:\/\/stonersmeds.com\/#\/schema\/logo\/image\/\",\"url\":\"https:\/\/stonersmeds.com\/wp-content\/uploads\/2026\/02\/high-purity-DMT-powder.jpg\",\"contentUrl\":\"https:\/\/stonersmeds.com\/wp-content\/uploads\/2026\/02\/high-purity-DMT-powder.jpg\",\"width\":500,\"height\":500,\"caption\":\"Stonersmeds Shop\"},\"image\":{\"@id\":\"https:\/\/stonersmeds.com\/#\/schema\/logo\/image\/\"}}]}<\/script>\n<meta property=\"og:availability\" content=\"instock\" \/>\n<meta property=\"product:availability\" content=\"instock\" \/>\n<meta property=\"product:condition\" content=\"new\" \/>\n<!-- \/ Yoast SEO plugin. -->","yoast_head_json":{"title":"Cump\u0103ra\u021bi online pudr\u0103 de efenidin\u0103 pur\u0103 ieftin\u0103 - stonersmeds.com","description":"Cump\u0103ra\u021bi Pure ieftin\u0103 Ephenidine Powder Online la un pre\u021b accesibil la stonersmeds. Toate produsele sunt calificate de laborator \u0219i au calitate premium.","robots":{"index":"index","follow":"follow","max-snippet":"max-snippet:-1","max-image-preview":"max-image-preview:large","max-video-preview":"max-video-preview:-1"},"canonical":"https:\/\/stonersmeds.com\/ro\/shop\/buy-pure-cheap-ephenidine-powder-online\/","og_locale":"ro_RO","og_type":"article","og_title":"Buy Pure Cheap Ephenidine Powder Online - stonersmeds.com","og_description":"Buy Pure Cheap Ephenidine Powder Online at an affordable price at stonersmeds. All products are lab qualified and have premium quality.","og_url":"https:\/\/stonersmeds.com\/ro\/shop\/buy-pure-cheap-ephenidine-powder-online\/","og_site_name":"stonersmeds.com","article_modified_time":"2026-03-02T04:40:05+00:00","og_image":[{"width":600,"height":600,"url":"https:\/\/stonersmeds.com\/wp-content\/uploads\/2022\/03\/buy-pure-cheap-ephenidine-powder-online.jpg","type":"image\/jpeg"}],"twitter_card":"summary_large_image","twitter_misc":{"Disponibilitate":"\u00cen stoc"},"schema":{"@context":"https:\/\/schema.org","@graph":[{"@type":"WebPage","@id":"https:\/\/stonersmeds.com\/shop\/buy-pure-cheap-ephenidine-powder-online\/","url":"https:\/\/stonersmeds.com\/shop\/buy-pure-cheap-ephenidine-powder-online\/","name":"Cump\u0103ra\u021bi online pudr\u0103 de efenidin\u0103 pur\u0103 ieftin\u0103 - stonersmeds.com","isPartOf":{"@id":"https:\/\/stonersmeds.com\/#website"},"primaryImageOfPage":{"@id":"https:\/\/stonersmeds.com\/shop\/buy-pure-cheap-ephenidine-powder-online\/#primaryimage"},"image":{"@id":"https:\/\/stonersmeds.com\/shop\/buy-pure-cheap-ephenidine-powder-online\/#primaryimage"},"thumbnailUrl":"https:\/\/stonersmeds.com\/wp-content\/uploads\/2022\/03\/buy-pure-cheap-ephenidine-powder-online.jpg","datePublished":"2022-03-12T09:22:41+00:00","dateModified":"2026-03-02T04:40:05+00:00","description":"Cump\u0103ra\u021bi Pure ieftin\u0103 Ephenidine Powder Online la un pre\u021b accesibil la stonersmeds. Toate produsele sunt calificate de laborator \u0219i au calitate premium.","breadcrumb":{"@id":"https:\/\/stonersmeds.com\/shop\/buy-pure-cheap-ephenidine-powder-online\/#breadcrumb"},"inLanguage":"ro-RO","potentialAction":[{"@type":"ReadAction","target":["https:\/\/stonersmeds.com\/shop\/buy-pure-cheap-ephenidine-powder-online\/"]}]},{"@type":"ImageObject","inLanguage":"ro-RO","@id":"https:\/\/stonersmeds.com\/shop\/buy-pure-cheap-ephenidine-powder-online\/#primaryimage","url":"https:\/\/stonersmeds.com\/wp-content\/uploads\/2022\/03\/buy-pure-cheap-ephenidine-powder-online.jpg","contentUrl":"https:\/\/stonersmeds.com\/wp-content\/uploads\/2022\/03\/buy-pure-cheap-ephenidine-powder-online.jpg","width":600,"height":600},{"@type":"BreadcrumbList","@id":"https:\/\/stonersmeds.com\/shop\/buy-pure-cheap-ephenidine-powder-online\/#breadcrumb","itemListElement":[{"@type":"ListItem","position":1,"name":"Home","item":"https:\/\/stonersmeds.com\/"},{"@type":"ListItem","position":2,"name":"Shop","item":"https:\/\/stonersmeds.com\/shop\/"},{"@type":"ListItem","position":3,"name":"Buy Pure Cheap Ephenidine Powder Online"}]},{"@type":"WebSite","@id":"https:\/\/stonersmeds.com\/#website","url":"https:\/\/stonersmeds.com\/","name":"stonersmeds.com","description":"verschreibungspflichtige Medizin kaufen","publisher":{"@id":"https:\/\/stonersmeds.com\/#organization"},"alternateName":"Research chemical shop","potentialAction":[{"@type":"SearchAction","target":{"@type":"EntryPoint","urlTemplate":"https:\/\/stonersmeds.com\/?s={search_term_string}"},"query-input":{"@type":"PropertyValueSpecification","valueRequired":true,"valueName":"search_term_string"}}],"inLanguage":"ro-RO"},{"@type":"Organization","@id":"https:\/\/stonersmeds.com\/#organization","name":"Stonersmeds Shop","url":"https:\/\/stonersmeds.com\/","logo":{"@type":"ImageObject","inLanguage":"ro-RO","@id":"https:\/\/stonersmeds.com\/#\/schema\/logo\/image\/","url":"https:\/\/stonersmeds.com\/wp-content\/uploads\/2026\/02\/high-purity-DMT-powder.jpg","contentUrl":"https:\/\/stonersmeds.com\/wp-content\/uploads\/2026\/02\/high-purity-DMT-powder.jpg","width":500,"height":500,"caption":"Stonersmeds Shop"},"image":{"@id":"https:\/\/stonersmeds.com\/#\/schema\/logo\/image\/"}}]},"og_availability":"instock","product_availability":"instock","product_condition":"new"},"_links":{"self":[{"href":"https:\/\/stonersmeds.com\/ro\/wp-json\/wp\/v2\/product\/10703","targetHints":{"allow":["GET"]}}],"collection":[{"href":"https:\/\/stonersmeds.com\/ro\/wp-json\/wp\/v2\/product"}],"about":[{"href":"https:\/\/stonersmeds.com\/ro\/wp-json\/wp\/v2\/types\/product"}],"replies":[{"embeddable":true,"href":"https:\/\/stonersmeds.com\/ro\/wp-json\/wp\/v2\/comments?post=10703"}],"version-history":[{"count":0,"href":"https:\/\/stonersmeds.com\/ro\/wp-json\/wp\/v2\/product\/10703\/revisions"}],"wp:featuredmedia":[{"embeddable":true,"href":"https:\/\/stonersmeds.com\/ro\/wp-json\/wp\/v2\/media\/10719"}],"wp:attachment":[{"href":"https:\/\/stonersmeds.com\/ro\/wp-json\/wp\/v2\/media?parent=10703"}],"wp:term":[{"taxonomy":"product_brand","embeddable":true,"href":"https:\/\/stonersmeds.com\/ro\/wp-json\/wp\/v2\/product_brand?post=10703"},{"taxonomy":"product_cat","embeddable":true,"href":"https:\/\/stonersmeds.com\/ro\/wp-json\/wp\/v2\/product_cat?post=10703"},{"taxonomy":"product_tag","embeddable":true,"href":"https:\/\/stonersmeds.com\/ro\/wp-json\/wp\/v2\/product_tag?post=10703"},{"taxonomy":"product_brands","embeddable":true,"href":"https:\/\/stonersmeds.com\/ro\/wp-json\/wp\/v2\/product_brands?post=10703"}],"curies":[{"name":"wp","href":"https:\/\/api.w.org\/{rel}","templated":true}]}}