{"id":10718,"date":"2022-03-12T09:26:17","date_gmt":"2022-03-12T09:26:17","guid":{"rendered":"https:\/\/stonersmeds.com\/?post_type=product&#038;p=10718"},"modified":"2026-03-02T07:10:40","modified_gmt":"2026-03-02T05:10:40","slug":"buy-mexedrone-mxe-power-crystal-online","status":"publish","type":"product","link":"https:\/\/stonersmeds.com\/ro\/shop\/buy-mexedrone-mxe-power-crystal-online\/","title":{"rendered":"Cump\u0103ra\u021bi Mexedrone MXE Power &amp; Crystal Online"},"content":{"rendered":"<h1>Cump\u0103ra\u021bi Mexedrone MXE Power &amp; Crystal online.<\/h1>\n<p>Mexedrona (4-mmc-oMe) este un simplu de mefedron\u0103, <a href=\"https:\/\/www.mancheck-berlin.de\/mephedron\/\">4-MMC<\/a>. Mexedrone\u00e2 a ap\u0103rut\u00e2 la comanda Mefedronei ca medicament ilicit. Mexedrona are o mas\u0103 atomic\u0103 de\u00e2 207,268g\/Mol, o re\u021bet\u0103 subatomic\u0103 de\u00e2 C12H17NO2, \u0219i un nume metodic de\u00e2 3-metoxi-2-(metamino)- 1-(4-metilfenil)propan-1-one. Deoarece Mexedrona este un compus deosebit, datele cu privire la propriet\u0103\u021bile biochimice ale Mexedronei nu sunt accesibile.<\/p>\n<p>Mexedrona face parte din \"clasa compus\u0103\" cathinon\u0103 \u0219i r\u0103spunde \u00een consecin\u021b\u0103. Aspectul fizic al Mexedronei este reprezentat de pietre albe, \u00eens\u0103 pute\u021bi achizi\u021biona Mexedrone \u00een structura de cristale sau de <a href=\"https:\/\/stonersmeds.com\/ro\/eticheta-produs\/synthetic-powder\/\">praf identic cu cel sintetic<\/a>. Mexedrone este\u00e2 administrat pe cale oral\u0103\u00e2 \u0219i are m\u0103suri limit\u0103 de la 50 mg la 100 mg. M\u0103sur\u0103torile Mexedrone de la 100 mg la 150 mg sunt v\u0103zute pentru a prezenta un impact comparabil cu Mefedrona. Impactul Mexedronei poate dura \u00eentre 4 \u0219i 6 ore.<\/p>\n<p>Mexedrona este un drog psihoactiv numit at\u00e2t stimulator, c\u00e2t \u0219i entactogen, care provoac\u0103, \u00een plus, incitare. Este plauzibil, dar \u00eenc\u0103 nedemonstrat, c\u0103 Mexedrona provoac\u0103 o inunda\u021bie de sinapse, survenind \u00een impactul stimulator al experien\u021bei. Sinapsele angajate cu experien\u021ba Mexedronei pot \u00eencorpora dopamina, noradrenalina \u0219i serotonina.<\/p>\n<p>Impactul Mexedronei este 70%\u00e2 din cel al compusului s\u0103u p\u0103rinte, Mefedrona.\u00e2 Efectele Mexedronei devin mai plauzibile \u00een m\u0103sur\u0103tori mai mari \u0219i sunt de natur\u0103 fizic\u0103, intelectual\u0103 \u0219i auditiv\u0103. Efectele reale ale mexedronei \u00eencorporeaz\u0103 fericire, sedare, senza\u021bie \u0219i \u00eembun\u0103t\u0103\u021bire material\u0103, parchedness, transpira\u021bie extins\u0103, senza\u021bii neconstr\u00e2nse, zdrobirea din\u021bilor, viziune vibrant\u0103 \u0219i capacit\u0103\u021bi administrative de temperatur\u0103 \u00een\u0103bu\u0219ite. Efectele psihologice ale Mexedronei \u00eencorporeaz\u0103 extazul \u0219i accelerarea \u0219i re\u021beaua de g\u00e2ndire. Efectele Mexedronei pot introduce, de asemenea, ca \u00eembun\u0103t\u0103\u021biri audibile.<\/p>\n<p>Dup\u0103 devorarea Mexedrone, se pot \u00eent\u00e2mpla efecte de top post-stimulare. Impactele post-incitare ale Mexedrone ar putea fi de natur\u0103 negativ\u0103 \u0219i s\u0103 \u00eencorporeze contempla\u021bii \u0219i inspira\u021bie decelerate, oboseal\u0103 intelectual\u0103, nelini\u0219te, frac\u021bionare, stare de spirit \u00eempov\u0103r\u0103toare \u0219i aten\u021bie. Efectele post-incitare ale Mexedronei se \u00eent\u00e2mpl\u0103 probabil din cauza consumului de sinapse, \u00een cazul \u00een care rezerva de sinapse a fost epuizat\u0103 \u00een perioada de incitare a experien\u021bei.<\/p>\n<p>&nbsp;<\/p>\n<p>&nbsp;<\/p>\n<pre><strong>Cump\u0103ra Mexedrone MXE Power &amp; Crystal Online - cump\u0103ra Mexedrone , cump\u0103ra Mexedrone MXE Power &amp; Crystal SUA , cump\u0103ra Mexedrone MXE Power &amp; Crystal online SUA , Unde s\u0103 cumpere Mexedrone MXE Power &amp; Crystal , Mexedrone MXE Power &amp; Crystal de v\u00e2nzare, Mexedrone MXE Power &amp; Crystal de v\u00e2nzare aproape de mine , cump\u0103ra Mexedrone MXE Power &amp; Crystal online aproape de mine , unde s\u0103 cumpere Mexedrone MXE Power &amp; Crystal online, Mexedrone MXE Power &amp; Crystal de v\u00e2nzare \u00een Statele Unite ale Americii, SUA, Canada, Marea Britanie, cump\u0103ra\u021bi, online, furnizori, livrare sigur\u0103, \u00cenc\u0103 mai pute\u021bi ob\u021bine Mexedrone MXE Power &amp; Crystal , Este Mexedrone MXE Power &amp; Crystal legal \u00een Statele Unite ale Americii, cump\u0103ra\u021bi Mexedrone MXE Power &amp; Crystal online \u00een Statele Unite ale Americii, cum s\u0103 comanda\u021bi Mexedrone MXE Power &amp; Crystal , Este Mexedrone MXE Power &amp; Crystal legal \u00een Canada<\/strong><\/pre>","protected":false},"excerpt":{"rendered":"<p>Cump\u0103ra\u021bi Mexedrone MXE Power &amp; Crystal online. Mexedrone MXE Power .Mexedrone, denumit \u0219i MEX sau 4-MMC-Ome.<\/p>\n<pre><strong>Cump\u0103ra Mexedrone MXE Power &amp; Crystal Online - cump\u0103ra Mexedrone , cump\u0103ra Mexedrone MXE Power &amp; Crystal SUA , cump\u0103ra Mexedrone MXE Power &amp; Crystal online SUA , Unde s\u0103 cumpere Mexedrone MXE Power &amp; Crystal , Mexedrone MXE Power &amp; Crystal de v\u00e2nzare, Mexedrone MXE Power &amp; Crystal de v\u00e2nzare aproape de mine , cump\u0103ra Mexedrone MXE Power &amp; Crystal online aproape de mine , unde s\u0103 cumpere Mexedrone MXE Power &amp; Crystal online, Mexedrone MXE Power &amp; Crystal de v\u00e2nzare \u00een Statele Unite ale Americii, SUA, Canada, Marea Britanie, cump\u0103ra\u021bi, online, furnizori, livrare sigur\u0103, \u00cenc\u0103 mai pute\u021bi ob\u021bine Mexedrone MXE Power &amp; Crystal , Este Mexedrone MXE Power &amp; Crystal legal \u00een Statele Unite ale Americii, cump\u0103ra\u021bi Mexedrone MXE Power &amp; Crystal online \u00een Statele Unite ale Americii, cum s\u0103 comanda\u021bi Mexedrone MXE Power &amp; Crystal , Este Mexedrone MXE Power &amp; Crystal legal \u00een Canada<\/strong><\/pre>","protected":false},"featured_media":10729,"comment_status":"open","ping_status":"closed","template":"","meta":{"_bst_post_transparent":"","_bst_post_title":"","_bst_post_layout":"","_bst_post_sidebar_id":"","_bst_post_content_style":"","_bst_post_vertical_padding":"","_bst_post_feature":"","_bst_post_feature_position":"","_bst_post_header":false,"_bst_post_footer":false},"product_brand":[],"product_cat":[79],"product_tag":[252,258,254,253,261,256,260,257,255,259],"product_brands":[],"class_list":{"0":"post-10718","1":"product","2":"type-product","3":"status-publish","4":"has-post-thumbnail","6":"product_cat-research-chemicals-and-bath-salt","7":"product_tag-buy-mexedrone","8":"product_tag-buy-mexedrone-mxe-power-crystal-online-near-me","9":"product_tag-buy-mexedrone-mxe-power-crystal-online-usa","10":"product_tag-buy-mexedrone-mxe-power-crystal-usa","11":"product_tag-how-to-order-mexedrone-mxe-power-crystal","12":"product_tag-mexedrone-mxe-power-crystal-for-sale","13":"product_tag-mexedrone-mxe-power-crystal-for-sale-in-usa","14":"product_tag-mexedrone-mxe-power-crystal-for-sale-near-me","15":"product_tag-where-to-buy-mexedrone-mxe-power-crystal","16":"product_tag-where-to-buy-mexedrone-mxe-power-crystal-online","18":"first","19":"instock","20":"shipping-taxable","21":"purchasable","22":"product-type-variable","23":"entry","24":"content-bg","25":"loop-entry"},"tiered_pricing_type":"fixed","tiered_pricing_fixed_rules":[],"tiered_pricing_percentage_rules":[],"tiered_pricing_minimum":1,"_administrator_tiered_pricing_type":"fixed","_administrator_tiered_pricing_fixed_rules":[],"_editor_tiered_pricing_type":"fixed","_editor_tiered_pricing_fixed_rules":[],"_author_tiered_pricing_type":"fixed","_author_tiered_pricing_fixed_rules":[],"_contributor_tiered_pricing_type":"fixed","_contributor_tiered_pricing_fixed_rules":[],"_subscriber_tiered_pricing_type":"fixed","_subscriber_tiered_pricing_fixed_rules":[],"_customer_tiered_pricing_type":"fixed","_customer_tiered_pricing_fixed_rules":[],"_shop_manager_tiered_pricing_type":"fixed","_shop_manager_tiered_pricing_fixed_rules":[],"_wpseo_manager_tiered_pricing_type":"fixed","_wpseo_manager_tiered_pricing_fixed_rules":[],"_wpseo_editor_tiered_pricing_type":"fixed","_wpseo_editor_tiered_pricing_fixed_rules":[],"yoast_head":"<!-- This site is optimized with the Yoast SEO plugin v27.2 - https:\/\/yoast.com\/product\/yoast-seo-wordpress\/ -->\n<title>Buy Mexedrone MXE Power &amp; Crystal Online - Cheap price, Grade A++<\/title>\n<meta name=\"description\" content=\"Buy Mexedrone MXE Power Online at an affordable price at stonersmeds. All products are lab qualified and have premium quality.\" \/>\n<meta name=\"robots\" content=\"index, follow, max-snippet:-1, max-image-preview:large, max-video-preview:-1\" \/>\n<link rel=\"canonical\" href=\"https:\/\/stonersmeds.com\/ro\/shop\/buy-mexedrone-mxe-power-crystal-online\/\" \/>\n<meta property=\"og:locale\" content=\"ro_RO\" \/>\n<meta property=\"og:type\" content=\"article\" \/>\n<meta property=\"og:title\" content=\"Buy Mexedrone MXE Power &amp; Crystal Online - Cheap price, Grade A++\" \/>\n<meta property=\"og:description\" content=\"Buy Mexedrone MXE Power Online at an affordable price at stonersmeds. All products are lab qualified and have premium quality.\" \/>\n<meta property=\"og:url\" content=\"https:\/\/stonersmeds.com\/ro\/shop\/buy-mexedrone-mxe-power-crystal-online\/\" \/>\n<meta property=\"og:site_name\" content=\"stonersmeds.com\" \/>\n<meta property=\"article:modified_time\" content=\"2026-03-02T05:10:40+00:00\" \/>\n<meta property=\"og:image\" content=\"https:\/\/stonersmeds.com\/wp-content\/uploads\/2022\/03\/buy-mexedrone-mxe-power-crystal-online-1.jpg\" \/>\n\t<meta property=\"og:image:width\" content=\"600\" \/>\n\t<meta property=\"og:image:height\" content=\"600\" \/>\n\t<meta property=\"og:image:type\" content=\"image\/jpeg\" \/>\n<meta name=\"twitter:card\" content=\"summary_large_image\" \/>\n<meta name=\"twitter:label1\" content=\"Disponibilitate\" \/>\n\t<meta name=\"twitter:data1\" content=\"\u00cen stoc\" \/>\n<script type=\"application\/ld+json\" class=\"yoast-schema-graph\">{\"@context\":\"https:\/\/schema.org\",\"@graph\":[{\"@type\":\"WebPage\",\"@id\":\"https:\/\/stonersmeds.com\/el\/shop\/buy-mexedrone-mxe-power-crystal-online\/\",\"url\":\"https:\/\/stonersmeds.com\/el\/shop\/buy-mexedrone-mxe-power-crystal-online\/\",\"name\":\"Buy Mexedrone MXE Power & Crystal Online - Cheap price, Grade A++\",\"isPartOf\":{\"@id\":\"https:\/\/stonersmeds.com\/#website\"},\"primaryImageOfPage\":{\"@id\":\"https:\/\/stonersmeds.com\/el\/shop\/buy-mexedrone-mxe-power-crystal-online\/#primaryimage\"},\"image\":{\"@id\":\"https:\/\/stonersmeds.com\/el\/shop\/buy-mexedrone-mxe-power-crystal-online\/#primaryimage\"},\"thumbnailUrl\":\"https:\/\/stonersmeds.com\/wp-content\/uploads\/2022\/03\/buy-mexedrone-mxe-power-crystal-online-1.jpg\",\"datePublished\":\"2022-03-12T09:26:17+00:00\",\"dateModified\":\"2026-03-02T05:10:40+00:00\",\"description\":\"Buy Mexedrone MXE Power Online at an affordable price at stonersmeds. All products are lab qualified and have premium quality.\",\"breadcrumb\":{\"@id\":\"https:\/\/stonersmeds.com\/el\/shop\/buy-mexedrone-mxe-power-crystal-online\/#breadcrumb\"},\"inLanguage\":\"ro-RO\",\"potentialAction\":[{\"@type\":\"ReadAction\",\"target\":[\"https:\/\/stonersmeds.com\/el\/shop\/buy-mexedrone-mxe-power-crystal-online\/\"]}]},{\"@type\":\"ImageObject\",\"inLanguage\":\"ro-RO\",\"@id\":\"https:\/\/stonersmeds.com\/el\/shop\/buy-mexedrone-mxe-power-crystal-online\/#primaryimage\",\"url\":\"https:\/\/stonersmeds.com\/wp-content\/uploads\/2022\/03\/buy-mexedrone-mxe-power-crystal-online-1.jpg\",\"contentUrl\":\"https:\/\/stonersmeds.com\/wp-content\/uploads\/2022\/03\/buy-mexedrone-mxe-power-crystal-online-1.jpg\",\"width\":600,\"height\":600},{\"@type\":\"BreadcrumbList\",\"@id\":\"https:\/\/stonersmeds.com\/el\/shop\/buy-mexedrone-mxe-power-crystal-online\/#breadcrumb\",\"itemListElement\":[{\"@type\":\"ListItem\",\"position\":1,\"name\":\"Home\",\"item\":\"https:\/\/stonersmeds.com\/\"},{\"@type\":\"ListItem\",\"position\":2,\"name\":\"Shop\",\"item\":\"https:\/\/stonersmeds.com\/shop\/\"},{\"@type\":\"ListItem\",\"position\":3,\"name\":\"Buy Mexedrone MXE Power &#038; Crystal Online\"}]},{\"@type\":\"WebSite\",\"@id\":\"https:\/\/stonersmeds.com\/#website\",\"url\":\"https:\/\/stonersmeds.com\/\",\"name\":\"stonersmeds.com\",\"description\":\"verschreibungspflichtige Medizin kaufen\",\"publisher\":{\"@id\":\"https:\/\/stonersmeds.com\/#organization\"},\"alternateName\":\"Research chemical shop\",\"potentialAction\":[{\"@type\":\"SearchAction\",\"target\":{\"@type\":\"EntryPoint\",\"urlTemplate\":\"https:\/\/stonersmeds.com\/?s={search_term_string}\"},\"query-input\":{\"@type\":\"PropertyValueSpecification\",\"valueRequired\":true,\"valueName\":\"search_term_string\"}}],\"inLanguage\":\"ro-RO\"},{\"@type\":\"Organization\",\"@id\":\"https:\/\/stonersmeds.com\/#organization\",\"name\":\"Stonersmeds Shop\",\"url\":\"https:\/\/stonersmeds.com\/\",\"logo\":{\"@type\":\"ImageObject\",\"inLanguage\":\"ro-RO\",\"@id\":\"https:\/\/stonersmeds.com\/#\/schema\/logo\/image\/\",\"url\":\"https:\/\/stonersmeds.com\/wp-content\/uploads\/2026\/02\/high-purity-DMT-powder.jpg\",\"contentUrl\":\"https:\/\/stonersmeds.com\/wp-content\/uploads\/2026\/02\/high-purity-DMT-powder.jpg\",\"width\":500,\"height\":500,\"caption\":\"Stonersmeds Shop\"},\"image\":{\"@id\":\"https:\/\/stonersmeds.com\/#\/schema\/logo\/image\/\"}}]}<\/script>\n<meta property=\"og:availability\" content=\"instock\" \/>\n<meta property=\"product:availability\" content=\"instock\" \/>\n<meta property=\"product:condition\" content=\"new\" \/>\n<!-- \/ Yoast SEO plugin. -->","yoast_head_json":{"title":"Cump\u0103ra\u021bi Mexedrone MXE Power &amp; Crystal Online - Pre\u021b ieftin, Grad A++","description":"Cump\u0103ra\u021bi Mexedrone MXE Power Online la un pre\u021b accesibil la stonersmeds. Toate produsele sunt calificate de laborator \u0219i au o calitate premium.","robots":{"index":"index","follow":"follow","max-snippet":"max-snippet:-1","max-image-preview":"max-image-preview:large","max-video-preview":"max-video-preview:-1"},"canonical":"https:\/\/stonersmeds.com\/ro\/shop\/buy-mexedrone-mxe-power-crystal-online\/","og_locale":"ro_RO","og_type":"article","og_title":"Buy Mexedrone MXE Power & Crystal Online - Cheap price, Grade A++","og_description":"Buy Mexedrone MXE Power Online at an affordable price at stonersmeds. All products are lab qualified and have premium quality.","og_url":"https:\/\/stonersmeds.com\/ro\/shop\/buy-mexedrone-mxe-power-crystal-online\/","og_site_name":"stonersmeds.com","article_modified_time":"2026-03-02T05:10:40+00:00","og_image":[{"width":600,"height":600,"url":"https:\/\/stonersmeds.com\/wp-content\/uploads\/2022\/03\/buy-mexedrone-mxe-power-crystal-online-1.jpg","type":"image\/jpeg"}],"twitter_card":"summary_large_image","twitter_misc":{"Disponibilitate":"\u00cen stoc"},"schema":{"@context":"https:\/\/schema.org","@graph":[{"@type":"WebPage","@id":"https:\/\/stonersmeds.com\/el\/shop\/buy-mexedrone-mxe-power-crystal-online\/","url":"https:\/\/stonersmeds.com\/el\/shop\/buy-mexedrone-mxe-power-crystal-online\/","name":"Cump\u0103ra\u021bi Mexedrone MXE Power &amp; Crystal Online - Pre\u021b ieftin, Grad A++","isPartOf":{"@id":"https:\/\/stonersmeds.com\/#website"},"primaryImageOfPage":{"@id":"https:\/\/stonersmeds.com\/el\/shop\/buy-mexedrone-mxe-power-crystal-online\/#primaryimage"},"image":{"@id":"https:\/\/stonersmeds.com\/el\/shop\/buy-mexedrone-mxe-power-crystal-online\/#primaryimage"},"thumbnailUrl":"https:\/\/stonersmeds.com\/wp-content\/uploads\/2022\/03\/buy-mexedrone-mxe-power-crystal-online-1.jpg","datePublished":"2022-03-12T09:26:17+00:00","dateModified":"2026-03-02T05:10:40+00:00","description":"Cump\u0103ra\u021bi Mexedrone MXE Power Online la un pre\u021b accesibil la stonersmeds. Toate produsele sunt calificate de laborator \u0219i au o calitate premium.","breadcrumb":{"@id":"https:\/\/stonersmeds.com\/el\/shop\/buy-mexedrone-mxe-power-crystal-online\/#breadcrumb"},"inLanguage":"ro-RO","potentialAction":[{"@type":"ReadAction","target":["https:\/\/stonersmeds.com\/el\/shop\/buy-mexedrone-mxe-power-crystal-online\/"]}]},{"@type":"ImageObject","inLanguage":"ro-RO","@id":"https:\/\/stonersmeds.com\/el\/shop\/buy-mexedrone-mxe-power-crystal-online\/#primaryimage","url":"https:\/\/stonersmeds.com\/wp-content\/uploads\/2022\/03\/buy-mexedrone-mxe-power-crystal-online-1.jpg","contentUrl":"https:\/\/stonersmeds.com\/wp-content\/uploads\/2022\/03\/buy-mexedrone-mxe-power-crystal-online-1.jpg","width":600,"height":600},{"@type":"BreadcrumbList","@id":"https:\/\/stonersmeds.com\/el\/shop\/buy-mexedrone-mxe-power-crystal-online\/#breadcrumb","itemListElement":[{"@type":"ListItem","position":1,"name":"Home","item":"https:\/\/stonersmeds.com\/"},{"@type":"ListItem","position":2,"name":"Shop","item":"https:\/\/stonersmeds.com\/shop\/"},{"@type":"ListItem","position":3,"name":"Buy Mexedrone MXE Power &#038; Crystal Online"}]},{"@type":"WebSite","@id":"https:\/\/stonersmeds.com\/#website","url":"https:\/\/stonersmeds.com\/","name":"stonersmeds.com","description":"verschreibungspflichtige Medizin kaufen","publisher":{"@id":"https:\/\/stonersmeds.com\/#organization"},"alternateName":"Research chemical shop","potentialAction":[{"@type":"SearchAction","target":{"@type":"EntryPoint","urlTemplate":"https:\/\/stonersmeds.com\/?s={search_term_string}"},"query-input":{"@type":"PropertyValueSpecification","valueRequired":true,"valueName":"search_term_string"}}],"inLanguage":"ro-RO"},{"@type":"Organization","@id":"https:\/\/stonersmeds.com\/#organization","name":"Stonersmeds Shop","url":"https:\/\/stonersmeds.com\/","logo":{"@type":"ImageObject","inLanguage":"ro-RO","@id":"https:\/\/stonersmeds.com\/#\/schema\/logo\/image\/","url":"https:\/\/stonersmeds.com\/wp-content\/uploads\/2026\/02\/high-purity-DMT-powder.jpg","contentUrl":"https:\/\/stonersmeds.com\/wp-content\/uploads\/2026\/02\/high-purity-DMT-powder.jpg","width":500,"height":500,"caption":"Stonersmeds Shop"},"image":{"@id":"https:\/\/stonersmeds.com\/#\/schema\/logo\/image\/"}}]},"og_availability":"instock","product_availability":"instock","product_condition":"new"},"_links":{"self":[{"href":"https:\/\/stonersmeds.com\/ro\/wp-json\/wp\/v2\/product\/10718","targetHints":{"allow":["GET"]}}],"collection":[{"href":"https:\/\/stonersmeds.com\/ro\/wp-json\/wp\/v2\/product"}],"about":[{"href":"https:\/\/stonersmeds.com\/ro\/wp-json\/wp\/v2\/types\/product"}],"replies":[{"embeddable":true,"href":"https:\/\/stonersmeds.com\/ro\/wp-json\/wp\/v2\/comments?post=10718"}],"version-history":[{"count":0,"href":"https:\/\/stonersmeds.com\/ro\/wp-json\/wp\/v2\/product\/10718\/revisions"}],"wp:featuredmedia":[{"embeddable":true,"href":"https:\/\/stonersmeds.com\/ro\/wp-json\/wp\/v2\/media\/10729"}],"wp:attachment":[{"href":"https:\/\/stonersmeds.com\/ro\/wp-json\/wp\/v2\/media?parent=10718"}],"wp:term":[{"taxonomy":"product_brand","embeddable":true,"href":"https:\/\/stonersmeds.com\/ro\/wp-json\/wp\/v2\/product_brand?post=10718"},{"taxonomy":"product_cat","embeddable":true,"href":"https:\/\/stonersmeds.com\/ro\/wp-json\/wp\/v2\/product_cat?post=10718"},{"taxonomy":"product_tag","embeddable":true,"href":"https:\/\/stonersmeds.com\/ro\/wp-json\/wp\/v2\/product_tag?post=10718"},{"taxonomy":"product_brands","embeddable":true,"href":"https:\/\/stonersmeds.com\/ro\/wp-json\/wp\/v2\/product_brands?post=10718"}],"curies":[{"name":"wp","href":"https:\/\/api.w.org\/{rel}","templated":true}]}}