{"id":8616,"date":"2022-03-11T06:05:16","date_gmt":"2022-03-11T06:05:16","guid":{"rendered":"https:\/\/stonersmeds.com\/?post_type=product&#038;p=8616"},"modified":"2026-02-25T01:20:35","modified_gmt":"2026-02-24T23:20:35","slug":"buy-crack-cocaine-online","status":"publish","type":"product","link":"https:\/\/stonersmeds.com\/ro\/shop\/buy-crack-cocaine-online\/","title":{"rendered":"Cump\u0103ra\u021bi cocain\u0103 crack online"},"content":{"rendered":"<h1><b>Cump\u0103ra\u021bi cocain\u0103 crack<\/b><\/h1>\n<p>Cocaina crack este o form\u0103 de cocain\u0103 numit\u0103 \u0219i forma liber\u0103 de baz\u0103. Ofer\u0103 efecte ridicate asupra corpului utilizatorului \u0219i \u00een acest fel se simte mai relaxat. Oamenii au c\u0103zut rapid \u00een dependen\u021b\u0103 de aceast\u0103 form\u0103. Acesta este motivul pentru care; se mai nume\u0219te \u0219i cea mai dependent\u0103 form\u0103 de cocain\u0103.<\/p>\n<p>Oamenii l-au fumat cel mai mult, dar pot folosi \u0219i prin alte moduri. Cocaina crack a fost produs\u0103 pentru prima dat\u0103 \u00een anii 1984 \u0219i 1985 pentru a o utiliza ca drog de agrement. Dar \u00een ultimii ani, utilizarea sa s-a r\u0103sp\u00e2ndit foarte rapid \u00een fiecare domeniu al vie\u021bii, datorit\u0103 caracteristicilor sale multiple. crack online, unde s\u0103 cump\u0103r crack, crack legal, crack online<\/p>\n<p>Datorit\u0103 popularit\u0103\u021bii sale rapide, este cunoscut\u0103 \u0219i ca epidemie de crack.<\/p>\n<p>Este produs chimic prin amestecarea diferitelor baze cu alte ingrediente pentru a-i spori efectul. Ajunge la mintea uman\u0103 pentru a efectua ac\u021biunile dorite asupra acesteia atunci c\u00e2nd este fumat\u0103. Aceast\u0103 form\u0103 de cocain\u0103 ofer\u0103 creierului uman o intensitate intens\u0103 pentru un interval scurt de timp.<\/p>\n<p>Modul prin care poate fi luat \u0219i direct prin nas care se nume\u0219te pufnit. Dar nu este d\u0103un\u0103tor \u00eentr-o asemenea m\u0103sur\u0103. Utilizatorul poate c\u0103dea \u00een dependen\u021b\u0103 atunci c\u00e2nd este fumat. Dar, \u00een ultimul caz, exist\u0103 \u0219anse foarte mici de a deveni dependent de acest drog extrem de puternic.<\/p>\n<p>Cocaina crack este una dintre cele mai pure forme \u00een care se g\u0103se\u0219te cocaina. Are o puritate de 70-100% care poate fi d\u0103un\u0103toare s\u0103n\u0103t\u0103\u021bii umane atunci c\u00e2nd este utilizat pentru un interval lung de timp. Acest tip de cocain\u0103 este numit Crack deoarece produce sunet atunci c\u00e2nd este \u00eenc\u0103lzit pentru a produce diferite produse.<\/p>\n<p>Motivul din spatele popularit\u0103\u021bii sale \u00eentr-o m\u0103sur\u0103 at\u00e2t de mare este c\u0103 este disponibil la un pre\u021b foarte mic. Cocaina obi\u0219nuit\u0103 este, de asemenea, numit\u0103 ca\u00a0<b>\"drogul omului bogat\"<\/b>\u00a0deoarece se vinde la preturi foarte mari. \u00cen timp ce Crack Cocaine, pe de alt\u0103 parte, este u\u0219or accesibil\u0103 oricui.<\/p>\n<h3>$70 pe gram \u0219i cocain\u0103 crack.<\/h3>\n<p>Cum trimitem pachete?<br \/>\nCump\u0103ra\u021bi cocain\u0103 crack online \u0219i ob\u021bine\u021bi livrare discret\u0103 \u00een toat\u0103 lumea. Ambal\u0103m pachetele cu grij\u0103 cu h\u00e2rtie de tungsten \u0219i carbon pentru a trece peste aparatele vamale cu raze X din aeroporturi. Coletele sunt frumos ambalate cu h\u00e2rtii cadou din exterior.<\/p>\n<p>pretul produsului este ca: pe gram<br \/>\n<strong>Cantitatea minima de comanda este: 2 grame<\/strong><\/p>\n<p>Este disponibil \u00een aproape toate magazinele online. Magazinul nostru online se ocup\u0103, de asemenea, cu la pre\u021buri foarte mici. Pute\u021bi cump\u0103ra acest produs \u0219i pute\u021bi ob\u021bine livrarea rapid\u0103 a produsului la u\u0219a dvs.c<\/p>\n<p><a href=\"https:\/\/stonersmeds.com\/ro\/categorie-produs\/cocaine\/\">https:\/\/stonersmeds.com\/product-category\/cocaine\/<\/a><\/p>\n<blockquote class=\"wp-embedded-content\" data-secret=\"Ux82VA29Ss\"><p><a href=\"https:\/\/stonersmeds.com\/ro\/shop\/buy-bio-cocaine-86\/\">Cump\u0103ra\u021bi Bio Cocaine 86%<\/a><\/p><\/blockquote>\n<p><iframe class=\"wp-embedded-content\" sandbox=\"allow-scripts\" security=\"restricted\" style=\"position: absolute; visibility: hidden;\" title=\"&quot;Cump\u0103ra\u021bi Bio Cocaine 86%&quot; - stonersmeds.com\" src=\"https:\/\/stonersmeds.com\/shop\/buy-bio-cocaine-86\/embed\/#?secret=X43AyYOnvF#?secret=Ux82VA29Ss\" data-secret=\"Ux82VA29Ss\" width=\"600\" height=\"338\" frameborder=\"0\" marginwidth=\"0\" marginheight=\"0\" scrolling=\"no\"><\/iframe><\/p>\n<blockquote class=\"wp-embedded-content\" data-secret=\"T0Nn8AUwFa\"><p><a href=\"https:\/\/stonersmeds.com\/ro\/shop\/buy-pure-colombian-cocaine-96-pure\/\">Cump\u0103ra\u021bi cocain\u0103 pur\u0103 columbian\u0103 96% Pure<\/a><\/p><\/blockquote>\n<p><iframe class=\"wp-embedded-content\" sandbox=\"allow-scripts\" security=\"restricted\" style=\"position: absolute; visibility: hidden;\" title=\"&quot;Cumpara Pure Colombian Cocaine 96% Pure&quot; - stonersmeds.com\" src=\"https:\/\/stonersmeds.com\/shop\/buy-pure-colombian-cocaine-96-pure\/embed\/#?secret=YPas3lunK0#?secret=T0Nn8AUwFa\" data-secret=\"T0Nn8AUwFa\" width=\"600\" height=\"338\" frameborder=\"0\" marginwidth=\"0\" marginheight=\"0\" scrolling=\"no\"><\/iframe><\/p>\n<pre><strong>Cump\u0103ra\u021bi Cocain\u0103 Crack Online - cump\u0103ra\u021bi Cocain\u0103 Crack, cump\u0103ra\u021bi Cocain\u0103 Crack, cump\u0103ra\u021bi Cocain\u0103 online, De unde s\u0103 cump\u0103ra\u021bi Cocain\u0103 Crack ,Cocain\u0103 Crack de v\u00e2nzare, Cocain\u0103 de v\u00e2nzare, cump\u0103ra\u021bi Cocain\u0103 online, unde s\u0103 cump\u0103ra\u021bi Cocain\u0103 online, Cocain\u0103 Crack de v\u00e2nzare \u00een SUA, SUA , Canada, Marea Britanie, cump\u0103rare, online, furnizori, livrare \u00een siguran\u021b\u0103, Pute\u021bi ob\u021bine \u00een continuare cocaina crack , cocaina crack este legal\u0103 \u00een SUA, cump\u0103ra\u021bi cocaina crack online SUA, cum s\u0103 comanda\u021bi cocaina crack , cocaina crack este legal\u0103 \u00een Canada<\/strong><\/pre>","protected":false},"excerpt":{"rendered":"<p>Cea mai bun\u0103 cocain\u0103 crack de v\u00e2nzare online. V\u0103 oferim crack coca la pre\u021buri accesibile. Comanda acum!<\/p>\n<p><strong>Cump\u0103ra\u021bi medicamente online la pre\u021buri angro uimitoare!!!<\/strong><\/p>\n<p>&nbsp;<\/p>\n<pre><strong>Cump\u0103ra\u021bi Cocain\u0103 Crack Online - cump\u0103ra\u021bi Cocain\u0103 Crack, cump\u0103ra\u021bi Cocain\u0103 Crack, cump\u0103ra\u021bi Cocain\u0103 online, De unde s\u0103 cump\u0103ra\u021bi Cocain\u0103 Crack ,Cocain\u0103 Crack de v\u00e2nzare, Cocain\u0103 de v\u00e2nzare, cump\u0103ra\u021bi Cocain\u0103 online, unde s\u0103 cump\u0103ra\u021bi Cocain\u0103 online, Cocain\u0103 Crack de v\u00e2nzare \u00een SUA, SUA , Canada, Marea Britanie, cump\u0103rare, online, furnizori, livrare \u00een siguran\u021b\u0103, Pute\u021bi ob\u021bine \u00een continuare cocaina crack , cocaina crack este legal\u0103 \u00een SUA, cump\u0103ra\u021bi cocaina crack online SUA, cum s\u0103 comanda\u021bi cocaina crack , cocaina crack este legal\u0103 \u00een Canada<\/strong><\/pre>","protected":false},"featured_media":8621,"comment_status":"closed","ping_status":"closed","template":"","meta":{"_bst_post_transparent":"","_bst_post_title":"","_bst_post_layout":"","_bst_post_sidebar_id":"","_bst_post_content_style":"","_bst_post_vertical_padding":"","_bst_post_feature":"","_bst_post_feature_position":"","_bst_post_header":false,"_bst_post_footer":false},"product_brand":[],"product_cat":[72],"product_tag":[101,105,128,98,127,89,97,102,130,132,90,93,95,94,141,96,137,99,103,91,92,100,139,138,135,133,104,131,129,140],"product_brands":[],"class_list":{"0":"post-8616","1":"product","2":"type-product","3":"status-publish","4":"has-post-thumbnail","6":"product_cat-cocaine","7":"product_tag-bolivian-cocaine-for-sale","8":"product_tag-buy-adhd-pills-online","9":"product_tag-buy-cocaine-online","10":"product_tag-buy-cocaine-powder-online","11":"product_tag-buy-crack-cocaine","12":"product_tag-cheap-cocaine","13":"product_tag-cocaine-for-sale","14":"product_tag-colombian-cocaine-for-sale","15":"product_tag-crack-cocaine-for-sale","16":"product_tag-crack-cocaine-for-sale-in-usa","17":"product_tag-crack-for-sale","18":"product_tag-drugs-online","19":"product_tag-dutchanonstore","20":"product_tag-gogaine","21":"product_tag-is-crack-cocaine-legal-in-usa","22":"product_tag-legal-cocaine","23":"product_tag-online","24":"product_tag-order-volkswagen-cocaine-online","25":"product_tag-peruvian-cocaine-for-sale","26":"product_tag-pure-cocaine","27":"product_tag-pure-coke-shop","28":"product_tag-pure-peruvian-cocaine-for-sale","29":"product_tag-safe-delivery","30":"product_tag-suppliers","31":"product_tag-uk","32":"product_tag-usa","33":"product_tag-where-to-buy-bio-cocaine","34":"product_tag-where-to-buy-cocaine-online","35":"product_tag-where-to-buy-crack-cocaine","36":"product_tag-you-can-still-get-crack-cocaine","38":"first","39":"instock","40":"shipping-taxable","41":"purchasable","42":"product-type-simple","43":"entry","44":"content-bg","45":"loop-entry"},"tiered_pricing_type":"fixed","tiered_pricing_fixed_rules":{"8":"35","20":"30","50":"17","100":"15","250":"13","500":"10","1000":"8"},"tiered_pricing_percentage_rules":[],"tiered_pricing_minimum":1,"_administrator_tiered_pricing_type":"fixed","_administrator_tiered_pricing_fixed_rules":[],"_editor_tiered_pricing_type":"fixed","_editor_tiered_pricing_fixed_rules":[],"_author_tiered_pricing_type":"fixed","_author_tiered_pricing_fixed_rules":[],"_contributor_tiered_pricing_type":"fixed","_contributor_tiered_pricing_fixed_rules":[],"_subscriber_tiered_pricing_type":"fixed","_subscriber_tiered_pricing_fixed_rules":[],"_customer_tiered_pricing_type":"fixed","_customer_tiered_pricing_fixed_rules":[],"_shop_manager_tiered_pricing_type":"fixed","_shop_manager_tiered_pricing_fixed_rules":[],"_wpseo_manager_tiered_pricing_type":"fixed","_wpseo_manager_tiered_pricing_fixed_rules":[],"_wpseo_editor_tiered_pricing_type":"fixed","_wpseo_editor_tiered_pricing_fixed_rules":[],"yoast_head":"<!-- This site is optimized with the Yoast SEO plugin v27.2 - https:\/\/yoast.com\/product\/yoast-seo-wordpress\/ -->\n<title>Buy Crack Cocaine Online - fast and safe delivery<\/title>\n<meta name=\"description\" content=\"Buy Crack Cocaine, Order safely &amp; maintain your privacy No prescription necessary Discreet standard shipping at Low prices.\" \/>\n<meta name=\"robots\" content=\"index, follow, max-snippet:-1, max-image-preview:large, max-video-preview:-1\" \/>\n<link rel=\"canonical\" href=\"https:\/\/stonersmeds.com\/ro\/shop\/buy-crack-cocaine-online\/\" \/>\n<meta property=\"og:locale\" content=\"ro_RO\" \/>\n<meta property=\"og:type\" content=\"article\" \/>\n<meta property=\"og:title\" content=\"Buy Crack Cocaine Online - fast and safe delivery\" \/>\n<meta property=\"og:description\" content=\"Buy Crack Cocaine, Order safely &amp; maintain your privacy No prescription necessary Discreet standard shipping at Low prices.\" \/>\n<meta property=\"og:url\" content=\"https:\/\/stonersmeds.com\/ro\/shop\/buy-crack-cocaine-online\/\" \/>\n<meta property=\"og:site_name\" content=\"stonersmeds.com\" \/>\n<meta property=\"article:modified_time\" content=\"2026-02-24T23:20:35+00:00\" \/>\n<meta property=\"og:image\" content=\"https:\/\/stonersmeds.com\/wp-content\/uploads\/2022\/03\/buy-volkswagen-cocaine-online-90-pure.jpg\" \/>\n\t<meta property=\"og:image:width\" content=\"600\" \/>\n\t<meta property=\"og:image:height\" content=\"600\" \/>\n\t<meta property=\"og:image:type\" content=\"image\/jpeg\" \/>\n<meta name=\"twitter:card\" content=\"summary_large_image\" \/>\n<meta name=\"twitter:label1\" content=\"Pre\u021b\" \/>\n\t<meta name=\"twitter:data1\" content=\"35&#036;\" \/>\n\t<meta name=\"twitter:label2\" content=\"Disponibilitate\" \/>\n\t<meta name=\"twitter:data2\" content=\"\u00cen stoc\" \/>\n<script type=\"application\/ld+json\" class=\"yoast-schema-graph\">{\"@context\":\"https:\/\/schema.org\",\"@graph\":[{\"@type\":\"WebPage\",\"@id\":\"https:\/\/stonersmeds.com\/shop\/buy-crack-cocaine-online\/\",\"url\":\"https:\/\/stonersmeds.com\/shop\/buy-crack-cocaine-online\/\",\"name\":\"Buy Crack Cocaine Online - fast and safe delivery\",\"isPartOf\":{\"@id\":\"https:\/\/stonersmeds.com\/#website\"},\"primaryImageOfPage\":{\"@id\":\"https:\/\/stonersmeds.com\/shop\/buy-crack-cocaine-online\/#primaryimage\"},\"image\":{\"@id\":\"https:\/\/stonersmeds.com\/shop\/buy-crack-cocaine-online\/#primaryimage\"},\"thumbnailUrl\":\"https:\/\/stonersmeds.com\/wp-content\/uploads\/2022\/03\/buy-volkswagen-cocaine-online-90-pure.jpg\",\"datePublished\":\"2022-03-11T06:05:16+00:00\",\"dateModified\":\"2026-02-24T23:20:35+00:00\",\"description\":\"Buy Crack Cocaine, Order safely & maintain your privacy No prescription necessary Discreet standard shipping at Low prices.\",\"breadcrumb\":{\"@id\":\"https:\/\/stonersmeds.com\/shop\/buy-crack-cocaine-online\/#breadcrumb\"},\"inLanguage\":\"ro-RO\",\"potentialAction\":[{\"@type\":\"ReadAction\",\"target\":[\"https:\/\/stonersmeds.com\/shop\/buy-crack-cocaine-online\/\"]}]},{\"@type\":\"ImageObject\",\"inLanguage\":\"ro-RO\",\"@id\":\"https:\/\/stonersmeds.com\/shop\/buy-crack-cocaine-online\/#primaryimage\",\"url\":\"https:\/\/stonersmeds.com\/wp-content\/uploads\/2022\/03\/buy-volkswagen-cocaine-online-90-pure.jpg\",\"contentUrl\":\"https:\/\/stonersmeds.com\/wp-content\/uploads\/2022\/03\/buy-volkswagen-cocaine-online-90-pure.jpg\",\"width\":600,\"height\":600},{\"@type\":\"BreadcrumbList\",\"@id\":\"https:\/\/stonersmeds.com\/shop\/buy-crack-cocaine-online\/#breadcrumb\",\"itemListElement\":[{\"@type\":\"ListItem\",\"position\":1,\"name\":\"Home\",\"item\":\"https:\/\/stonersmeds.com\/\"},{\"@type\":\"ListItem\",\"position\":2,\"name\":\"Shop\",\"item\":\"https:\/\/stonersmeds.com\/shop\/\"},{\"@type\":\"ListItem\",\"position\":3,\"name\":\"Buy Crack Cocaine Online\"}]},{\"@type\":\"WebSite\",\"@id\":\"https:\/\/stonersmeds.com\/#website\",\"url\":\"https:\/\/stonersmeds.com\/\",\"name\":\"stonersmeds.com\",\"description\":\"verschreibungspflichtige Medizin kaufen\",\"publisher\":{\"@id\":\"https:\/\/stonersmeds.com\/#organization\"},\"alternateName\":\"Research chemical shop\",\"potentialAction\":[{\"@type\":\"SearchAction\",\"target\":{\"@type\":\"EntryPoint\",\"urlTemplate\":\"https:\/\/stonersmeds.com\/?s={search_term_string}\"},\"query-input\":{\"@type\":\"PropertyValueSpecification\",\"valueRequired\":true,\"valueName\":\"search_term_string\"}}],\"inLanguage\":\"ro-RO\"},{\"@type\":\"Organization\",\"@id\":\"https:\/\/stonersmeds.com\/#organization\",\"name\":\"Stonersmeds Shop\",\"url\":\"https:\/\/stonersmeds.com\/\",\"logo\":{\"@type\":\"ImageObject\",\"inLanguage\":\"ro-RO\",\"@id\":\"https:\/\/stonersmeds.com\/#\/schema\/logo\/image\/\",\"url\":\"https:\/\/stonersmeds.com\/wp-content\/uploads\/2026\/02\/high-purity-DMT-powder.jpg\",\"contentUrl\":\"https:\/\/stonersmeds.com\/wp-content\/uploads\/2026\/02\/high-purity-DMT-powder.jpg\",\"width\":500,\"height\":500,\"caption\":\"Stonersmeds Shop\"},\"image\":{\"@id\":\"https:\/\/stonersmeds.com\/#\/schema\/logo\/image\/\"}}]}<\/script>\n<meta property=\"product:price:amount\" content=\"35.00\" \/>\n<meta property=\"product:price:currency\" content=\"USD\" \/>\n<meta property=\"og:availability\" content=\"instock\" \/>\n<meta property=\"product:availability\" content=\"instock\" \/>\n<meta property=\"product:condition\" content=\"new\" \/>\n<!-- \/ Yoast SEO plugin. -->","yoast_head_json":{"title":"Cump\u0103ra\u021bi Crack Cocaine Online - livrare rapid\u0103 \u0219i sigur\u0103","description":"Cump\u0103ra\u021bi cocain\u0103 crack, comanda\u021bi \u00een siguran\u021b\u0103 \u0219i p\u0103stra\u021bi-v\u0103 confiden\u021bialitatea F\u0103r\u0103 prescrip\u021bie necesar\u0103 Livrare standard discret\u0103 la pre\u021buri mici.","robots":{"index":"index","follow":"follow","max-snippet":"max-snippet:-1","max-image-preview":"max-image-preview:large","max-video-preview":"max-video-preview:-1"},"canonical":"https:\/\/stonersmeds.com\/ro\/shop\/buy-crack-cocaine-online\/","og_locale":"ro_RO","og_type":"article","og_title":"Buy Crack Cocaine Online - fast and safe delivery","og_description":"Buy Crack Cocaine, Order safely & maintain your privacy No prescription necessary Discreet standard shipping at Low prices.","og_url":"https:\/\/stonersmeds.com\/ro\/shop\/buy-crack-cocaine-online\/","og_site_name":"stonersmeds.com","article_modified_time":"2026-02-24T23:20:35+00:00","og_image":[{"width":600,"height":600,"url":"https:\/\/stonersmeds.com\/wp-content\/uploads\/2022\/03\/buy-volkswagen-cocaine-online-90-pure.jpg","type":"image\/jpeg"}],"twitter_card":"summary_large_image","twitter_misc":{"Pre\u021b":"35&#36;","Disponibilitate":"\u00cen stoc"},"schema":{"@context":"https:\/\/schema.org","@graph":[{"@type":"WebPage","@id":"https:\/\/stonersmeds.com\/shop\/buy-crack-cocaine-online\/","url":"https:\/\/stonersmeds.com\/shop\/buy-crack-cocaine-online\/","name":"Cump\u0103ra\u021bi Crack Cocaine Online - livrare rapid\u0103 \u0219i sigur\u0103","isPartOf":{"@id":"https:\/\/stonersmeds.com\/#website"},"primaryImageOfPage":{"@id":"https:\/\/stonersmeds.com\/shop\/buy-crack-cocaine-online\/#primaryimage"},"image":{"@id":"https:\/\/stonersmeds.com\/shop\/buy-crack-cocaine-online\/#primaryimage"},"thumbnailUrl":"https:\/\/stonersmeds.com\/wp-content\/uploads\/2022\/03\/buy-volkswagen-cocaine-online-90-pure.jpg","datePublished":"2022-03-11T06:05:16+00:00","dateModified":"2026-02-24T23:20:35+00:00","description":"Cump\u0103ra\u021bi cocain\u0103 crack, comanda\u021bi \u00een siguran\u021b\u0103 \u0219i p\u0103stra\u021bi-v\u0103 confiden\u021bialitatea F\u0103r\u0103 prescrip\u021bie necesar\u0103 Livrare standard discret\u0103 la pre\u021buri mici.","breadcrumb":{"@id":"https:\/\/stonersmeds.com\/shop\/buy-crack-cocaine-online\/#breadcrumb"},"inLanguage":"ro-RO","potentialAction":[{"@type":"ReadAction","target":["https:\/\/stonersmeds.com\/shop\/buy-crack-cocaine-online\/"]}]},{"@type":"ImageObject","inLanguage":"ro-RO","@id":"https:\/\/stonersmeds.com\/shop\/buy-crack-cocaine-online\/#primaryimage","url":"https:\/\/stonersmeds.com\/wp-content\/uploads\/2022\/03\/buy-volkswagen-cocaine-online-90-pure.jpg","contentUrl":"https:\/\/stonersmeds.com\/wp-content\/uploads\/2022\/03\/buy-volkswagen-cocaine-online-90-pure.jpg","width":600,"height":600},{"@type":"BreadcrumbList","@id":"https:\/\/stonersmeds.com\/shop\/buy-crack-cocaine-online\/#breadcrumb","itemListElement":[{"@type":"ListItem","position":1,"name":"Home","item":"https:\/\/stonersmeds.com\/"},{"@type":"ListItem","position":2,"name":"Shop","item":"https:\/\/stonersmeds.com\/shop\/"},{"@type":"ListItem","position":3,"name":"Buy Crack Cocaine Online"}]},{"@type":"WebSite","@id":"https:\/\/stonersmeds.com\/#website","url":"https:\/\/stonersmeds.com\/","name":"stonersmeds.com","description":"verschreibungspflichtige Medizin kaufen","publisher":{"@id":"https:\/\/stonersmeds.com\/#organization"},"alternateName":"Research chemical shop","potentialAction":[{"@type":"SearchAction","target":{"@type":"EntryPoint","urlTemplate":"https:\/\/stonersmeds.com\/?s={search_term_string}"},"query-input":{"@type":"PropertyValueSpecification","valueRequired":true,"valueName":"search_term_string"}}],"inLanguage":"ro-RO"},{"@type":"Organization","@id":"https:\/\/stonersmeds.com\/#organization","name":"Stonersmeds Shop","url":"https:\/\/stonersmeds.com\/","logo":{"@type":"ImageObject","inLanguage":"ro-RO","@id":"https:\/\/stonersmeds.com\/#\/schema\/logo\/image\/","url":"https:\/\/stonersmeds.com\/wp-content\/uploads\/2026\/02\/high-purity-DMT-powder.jpg","contentUrl":"https:\/\/stonersmeds.com\/wp-content\/uploads\/2026\/02\/high-purity-DMT-powder.jpg","width":500,"height":500,"caption":"Stonersmeds Shop"},"image":{"@id":"https:\/\/stonersmeds.com\/#\/schema\/logo\/image\/"}}]},"product_price_amount":"35.00","product_price_currency":"USD","og_availability":"instock","product_availability":"instock","product_condition":"new"},"_links":{"self":[{"href":"https:\/\/stonersmeds.com\/ro\/wp-json\/wp\/v2\/product\/8616","targetHints":{"allow":["GET"]}}],"collection":[{"href":"https:\/\/stonersmeds.com\/ro\/wp-json\/wp\/v2\/product"}],"about":[{"href":"https:\/\/stonersmeds.com\/ro\/wp-json\/wp\/v2\/types\/product"}],"replies":[{"embeddable":true,"href":"https:\/\/stonersmeds.com\/ro\/wp-json\/wp\/v2\/comments?post=8616"}],"version-history":[{"count":0,"href":"https:\/\/stonersmeds.com\/ro\/wp-json\/wp\/v2\/product\/8616\/revisions"}],"wp:featuredmedia":[{"embeddable":true,"href":"https:\/\/stonersmeds.com\/ro\/wp-json\/wp\/v2\/media\/8621"}],"wp:attachment":[{"href":"https:\/\/stonersmeds.com\/ro\/wp-json\/wp\/v2\/media?parent=8616"}],"wp:term":[{"taxonomy":"product_brand","embeddable":true,"href":"https:\/\/stonersmeds.com\/ro\/wp-json\/wp\/v2\/product_brand?post=8616"},{"taxonomy":"product_cat","embeddable":true,"href":"https:\/\/stonersmeds.com\/ro\/wp-json\/wp\/v2\/product_cat?post=8616"},{"taxonomy":"product_tag","embeddable":true,"href":"https:\/\/stonersmeds.com\/ro\/wp-json\/wp\/v2\/product_tag?post=8616"},{"taxonomy":"product_brands","embeddable":true,"href":"https:\/\/stonersmeds.com\/ro\/wp-json\/wp\/v2\/product_brands?post=8616"}],"curies":[{"name":"wp","href":"https:\/\/api.w.org\/{rel}","templated":true}]}}