{"id":8896,"date":"2022-03-11T10:38:33","date_gmt":"2022-03-11T10:38:33","guid":{"rendered":"https:\/\/stonersmeds.com\/?post_type=product&#038;p=8896"},"modified":"2026-03-01T07:50:11","modified_gmt":"2026-03-01T05:50:11","slug":"buy-real-quality-tesla-ecstasy-pills-online","status":"publish","type":"product","link":"https:\/\/stonersmeds.com\/ro\/shop\/buy-real-quality-tesla-ecstasy-pills-online\/","title":{"rendered":"Cump\u0103ra\u021bi online pastile de ecstasy Tesla de calitate real\u0103"},"content":{"rendered":"<h1>Cump\u0103ra\u021bi online pastile de ecstasy Tesla de calitate real\u0103.<\/h1>\n<p>&nbsp;<\/p>\n<p>Ce este extazul?<br \/>\nEcstasy (MDMA, 3,4 metilendioximetanfetamina) este un drog psihoactiv sintetic care este chimic similar metamfetaminei stimulante \u0219i mescalinei halucinogene. Este un drog ilegal care ac\u021bioneaz\u0103 at\u00e2t ca un stimulent, c\u00e2t \u0219i ca un psihedelic, produc\u00e2nd un efect stimulant, precum \u0219i distorsiuni \u00een timp \u0219i percep\u021bie \u0219i spore\u0219te pl\u0103cerea experien\u021belor tactile.<\/p>\n<p>&nbsp;<\/p>\n<p>&nbsp;<\/p>\n<pre><strong>Cump\u0103ra\u021bi pastile de ecstasy Tesla de calitate real\u0103 online - cump\u0103ra\u021bi pastile de ecstasy Tesla, cump\u0103ra\u021bi pastile de ecstasy Tesla de calitate real\u0103, cump\u0103ra\u021bi pastile de ecstasy Tesla de calitate real\u0103 online, De unde s\u0103 cump\u0103ra\u021bi pastile de ecstasy Tesla de calitate real\u0103, de v\u00e2nzare pastile de ecstasy Tesla de calitate real\u0103, pastile Tesla ecstasy de calitate real\u0103 v\u00e2nzare, cump\u0103ra\u021bi ecstasy online, de unde s\u0103 cump\u0103ra\u021bi pastile de ecstasy online, pastile de ecstasy Tesla de calitate real\u0103 de v\u00e2nzare \u00een Statele Unite ale Americii, SUA, canada, Marea Britanie, cump\u0103rare, online, furnizori, livrare \u00een siguran\u021b\u0103, Pute\u021bi ob\u021bine \u00een continuare pastile de ecstasy Tesla de calitate real\u0103, Este real pastile de ecstasy Tesla de calitate legale \u00een SUA, cump\u0103r\u0103 pastile de ecstasy Tesla de calitate real\u0103 online SUA, cum s\u0103 comanzi pastile de ecstasy Tesla de calitate real\u0103, Pastilele de ecstasy Tesla de calitate real\u0103 sunt legale \u00een Canada<\/strong><\/pre>","protected":false},"excerpt":{"rendered":"<p>Cump\u0103ra\u021bi online pastile de ecstasy Tesla de calitate real\u0103.<\/p>\n<p><strong>Comand\u0103 minim\u0103<\/strong><strong>\u00a0este de 25 de pastile.<\/strong><\/p>\n<pre><\/pre>","protected":false},"featured_media":8910,"comment_status":"closed","ping_status":"closed","template":"","meta":{"_bst_post_transparent":"","_bst_post_title":"","_bst_post_layout":"","_bst_post_sidebar_id":"","_bst_post_content_style":"","_bst_post_vertical_padding":"","_bst_post_feature":"","_bst_post_feature_position":"","_bst_post_header":false,"_bst_post_footer":false},"product_brand":[],"product_cat":[83],"product_tag":[931,945,949,964,928,926,959,955,957,954,937,961,968,948,946,932,925,941,935,934,933,940,947,967,969,943,966,950,953,963,942,952,951,956,929,927,965,962,938,936,939,958,930,960,944],"product_brands":[],"class_list":{"0":"post-8896","1":"product","2":"type-product","3":"status-publish","4":"has-post-thumbnail","6":"product_cat-ecstasy-pills","7":"product_tag-best-ecstasy-pills","8":"product_tag-best-legal-ecstasy","9":"product_tag-best-legal-mdma-substitute-herbal-ecstasy-reviews","10":"product_tag-best-way-to-take-molly","11":"product_tag-buy-molly-online","12":"product_tag-buy-synthetic-molly-online","13":"product_tag-can-mdma-be-prescribed","14":"product_tag-can-you-be-prescribed-mdma","15":"product_tag-can-you-buy-molly-legally","16":"product_tag-can-you-get-prescription-mdma","17":"product_tag-different-ecstasy-pills","18":"product_tag-drugs-similar-to-mdma","19":"product_tag-drugs-similar-to-molly","20":"product_tag-drugs-that-are-legal","21":"product_tag-ecstasy-alternative","22":"product_tag-ecstasy-drug-facts","23":"product_tag-ecstasy-online-shop","24":"product_tag-ecstasy-pill-identification","25":"product_tag-ecstasy-pill-identifier","26":"product_tag-ecstasy-pill-identifier-imprint","27":"product_tag-ecstasy-pill-identifier-with-pictures","28":"product_tag-ecstasy-pill-list","29":"product_tag-herbal-ecstasy-pills","30":"product_tag-how-do-you-take-molly","31":"product_tag-how-to-make-molly","32":"product_tag-is-mdma-legal-in-usa","33":"product_tag-is-molly-illegal-in-usa","34":"product_tag-is-molly-legal","35":"product_tag-katy-herbal-extacy","36":"product_tag-legal-alternatives-to-mdma","37":"product_tag-legal-ecstasy-alternative","38":"product_tag-legal-ecstasy-pill","39":"product_tag-legalzoom-forms","40":"product_tag-mdma-prescription-drug","41":"product_tag-online-molly-pills","42":"product_tag-order-ecstasy-online","43":"product_tag-over-the-counter-mdma","44":"product_tag-prescription-drugs-similar-to-mdma","45":"product_tag-types-of-ecstasy-pills","46":"product_tag-types-of-ecstasy-pills-names","47":"product_tag-what-do-ecstasy-pills-do","48":"product_tag-what-does-mdma-stand-for","49":"product_tag-what-is-ecstasy-made-from","50":"product_tag-what-is-mdma-drug","51":"product_tag-where-is-ecstasy-legal","53":"first","54":"instock","55":"shipping-taxable","56":"purchasable","57":"product-type-simple","58":"entry","59":"content-bg","60":"loop-entry"},"tiered_pricing_type":"fixed","tiered_pricing_fixed_rules":{"25":"9","50":"8","100":"7"},"tiered_pricing_percentage_rules":[],"tiered_pricing_minimum":1,"_administrator_tiered_pricing_type":"fixed","_administrator_tiered_pricing_fixed_rules":[],"_editor_tiered_pricing_type":"fixed","_editor_tiered_pricing_fixed_rules":[],"_author_tiered_pricing_type":"fixed","_author_tiered_pricing_fixed_rules":[],"_contributor_tiered_pricing_type":"fixed","_contributor_tiered_pricing_fixed_rules":[],"_subscriber_tiered_pricing_type":"fixed","_subscriber_tiered_pricing_fixed_rules":[],"_customer_tiered_pricing_type":"fixed","_customer_tiered_pricing_fixed_rules":[],"_shop_manager_tiered_pricing_type":"fixed","_shop_manager_tiered_pricing_fixed_rules":[],"_wpseo_manager_tiered_pricing_type":"fixed","_wpseo_manager_tiered_pricing_fixed_rules":[],"_wpseo_editor_tiered_pricing_type":"fixed","_wpseo_editor_tiered_pricing_fixed_rules":[],"yoast_head":"<!-- This site is optimized with the Yoast SEO plugin v27.2 - https:\/\/yoast.com\/product\/yoast-seo-wordpress\/ -->\n<title>Buy real quality Tesla ecstasy pills online - stonersmeds.com<\/title>\n<meta name=\"description\" content=\"Buy Tesla ecstasy Pills Online at an affordable price at stonermeds. All products are lab qualified and have premium quality.\" \/>\n<meta name=\"robots\" content=\"index, follow, max-snippet:-1, max-image-preview:large, max-video-preview:-1\" \/>\n<link rel=\"canonical\" href=\"https:\/\/stonersmeds.com\/ro\/shop\/buy-real-quality-tesla-ecstasy-pills-online\/\" \/>\n<meta property=\"og:locale\" content=\"ro_RO\" \/>\n<meta property=\"og:type\" content=\"article\" \/>\n<meta property=\"og:title\" content=\"Buy real quality Tesla ecstasy pills online - stonersmeds.com\" \/>\n<meta property=\"og:description\" content=\"Buy Tesla ecstasy Pills Online at an affordable price at stonermeds. All products are lab qualified and have premium quality.\" \/>\n<meta property=\"og:url\" content=\"https:\/\/stonersmeds.com\/ro\/shop\/buy-real-quality-tesla-ecstasy-pills-online\/\" \/>\n<meta property=\"og:site_name\" content=\"stonersmeds.com\" \/>\n<meta property=\"article:modified_time\" content=\"2026-03-01T05:50:11+00:00\" \/>\n<meta property=\"og:image\" content=\"https:\/\/stonersmeds.com\/wp-content\/uploads\/2022\/03\/buy-real-quality-tesla-ecstasy-pills-online.jpg\" \/>\n\t<meta property=\"og:image:width\" content=\"600\" \/>\n\t<meta property=\"og:image:height\" content=\"600\" \/>\n\t<meta property=\"og:image:type\" content=\"image\/jpeg\" \/>\n<meta name=\"twitter:card\" content=\"summary_large_image\" \/>\n<meta name=\"twitter:label1\" content=\"Pre\u021b\" \/>\n\t<meta name=\"twitter:data1\" content=\"12&#036;\" \/>\n\t<meta name=\"twitter:label2\" content=\"Disponibilitate\" \/>\n\t<meta name=\"twitter:data2\" content=\"\u00cen stoc\" \/>\n<script type=\"application\/ld+json\" class=\"yoast-schema-graph\">{\"@context\":\"https:\/\/schema.org\",\"@graph\":[{\"@type\":\"WebPage\",\"@id\":\"https:\/\/stonersmeds.com\/shop\/buy-real-quality-tesla-ecstasy-pills-online\/\",\"url\":\"https:\/\/stonersmeds.com\/shop\/buy-real-quality-tesla-ecstasy-pills-online\/\",\"name\":\"Buy real quality Tesla ecstasy pills online - stonersmeds.com\",\"isPartOf\":{\"@id\":\"https:\/\/stonersmeds.com\/#website\"},\"primaryImageOfPage\":{\"@id\":\"https:\/\/stonersmeds.com\/shop\/buy-real-quality-tesla-ecstasy-pills-online\/#primaryimage\"},\"image\":{\"@id\":\"https:\/\/stonersmeds.com\/shop\/buy-real-quality-tesla-ecstasy-pills-online\/#primaryimage\"},\"thumbnailUrl\":\"https:\/\/stonersmeds.com\/wp-content\/uploads\/2022\/03\/buy-real-quality-tesla-ecstasy-pills-online.jpg\",\"datePublished\":\"2022-03-11T10:38:33+00:00\",\"dateModified\":\"2026-03-01T05:50:11+00:00\",\"description\":\"Buy Tesla ecstasy Pills Online at an affordable price at stonermeds. All products are lab qualified and have premium quality.\",\"breadcrumb\":{\"@id\":\"https:\/\/stonersmeds.com\/shop\/buy-real-quality-tesla-ecstasy-pills-online\/#breadcrumb\"},\"inLanguage\":\"ro-RO\",\"potentialAction\":[{\"@type\":\"ReadAction\",\"target\":[\"https:\/\/stonersmeds.com\/shop\/buy-real-quality-tesla-ecstasy-pills-online\/\"]}]},{\"@type\":\"ImageObject\",\"inLanguage\":\"ro-RO\",\"@id\":\"https:\/\/stonersmeds.com\/shop\/buy-real-quality-tesla-ecstasy-pills-online\/#primaryimage\",\"url\":\"https:\/\/stonersmeds.com\/wp-content\/uploads\/2022\/03\/buy-real-quality-tesla-ecstasy-pills-online.jpg\",\"contentUrl\":\"https:\/\/stonersmeds.com\/wp-content\/uploads\/2022\/03\/buy-real-quality-tesla-ecstasy-pills-online.jpg\",\"width\":600,\"height\":600},{\"@type\":\"BreadcrumbList\",\"@id\":\"https:\/\/stonersmeds.com\/shop\/buy-real-quality-tesla-ecstasy-pills-online\/#breadcrumb\",\"itemListElement\":[{\"@type\":\"ListItem\",\"position\":1,\"name\":\"Home\",\"item\":\"https:\/\/stonersmeds.com\/\"},{\"@type\":\"ListItem\",\"position\":2,\"name\":\"Shop\",\"item\":\"https:\/\/stonersmeds.com\/shop\/\"},{\"@type\":\"ListItem\",\"position\":3,\"name\":\"Buy real quality Tesla ecstasy pills online\"}]},{\"@type\":\"WebSite\",\"@id\":\"https:\/\/stonersmeds.com\/#website\",\"url\":\"https:\/\/stonersmeds.com\/\",\"name\":\"stonersmeds.com\",\"description\":\"verschreibungspflichtige Medizin kaufen\",\"publisher\":{\"@id\":\"https:\/\/stonersmeds.com\/#organization\"},\"alternateName\":\"Research chemical shop\",\"potentialAction\":[{\"@type\":\"SearchAction\",\"target\":{\"@type\":\"EntryPoint\",\"urlTemplate\":\"https:\/\/stonersmeds.com\/?s={search_term_string}\"},\"query-input\":{\"@type\":\"PropertyValueSpecification\",\"valueRequired\":true,\"valueName\":\"search_term_string\"}}],\"inLanguage\":\"ro-RO\"},{\"@type\":\"Organization\",\"@id\":\"https:\/\/stonersmeds.com\/#organization\",\"name\":\"Stonersmeds Shop\",\"url\":\"https:\/\/stonersmeds.com\/\",\"logo\":{\"@type\":\"ImageObject\",\"inLanguage\":\"ro-RO\",\"@id\":\"https:\/\/stonersmeds.com\/#\/schema\/logo\/image\/\",\"url\":\"https:\/\/stonersmeds.com\/wp-content\/uploads\/2026\/02\/high-purity-DMT-powder.jpg\",\"contentUrl\":\"https:\/\/stonersmeds.com\/wp-content\/uploads\/2026\/02\/high-purity-DMT-powder.jpg\",\"width\":500,\"height\":500,\"caption\":\"Stonersmeds Shop\"},\"image\":{\"@id\":\"https:\/\/stonersmeds.com\/#\/schema\/logo\/image\/\"}}]}<\/script>\n<meta property=\"product:price:amount\" content=\"12.00\" \/>\n<meta property=\"product:price:currency\" content=\"USD\" \/>\n<meta property=\"og:availability\" content=\"instock\" \/>\n<meta property=\"product:availability\" content=\"instock\" \/>\n<meta property=\"product:condition\" content=\"new\" \/>\n<!-- \/ Yoast SEO plugin. -->","yoast_head_json":{"title":"Cump\u0103ra\u021bi online pastile de ecstasy Tesla de calitate real\u0103 - stonersmeds.com","description":"Cump\u0103ra\u021bi online pastile de ecstasy Tesla la un pre\u021b accesibil la stonermeds. Toate produsele sunt calificate de laborator \u0219i au calitate premium.","robots":{"index":"index","follow":"follow","max-snippet":"max-snippet:-1","max-image-preview":"max-image-preview:large","max-video-preview":"max-video-preview:-1"},"canonical":"https:\/\/stonersmeds.com\/ro\/shop\/buy-real-quality-tesla-ecstasy-pills-online\/","og_locale":"ro_RO","og_type":"article","og_title":"Buy real quality Tesla ecstasy pills online - stonersmeds.com","og_description":"Buy Tesla ecstasy Pills Online at an affordable price at stonermeds. All products are lab qualified and have premium quality.","og_url":"https:\/\/stonersmeds.com\/ro\/shop\/buy-real-quality-tesla-ecstasy-pills-online\/","og_site_name":"stonersmeds.com","article_modified_time":"2026-03-01T05:50:11+00:00","og_image":[{"width":600,"height":600,"url":"https:\/\/stonersmeds.com\/wp-content\/uploads\/2022\/03\/buy-real-quality-tesla-ecstasy-pills-online.jpg","type":"image\/jpeg"}],"twitter_card":"summary_large_image","twitter_misc":{"Pre\u021b":"12&#36;","Disponibilitate":"\u00cen stoc"},"schema":{"@context":"https:\/\/schema.org","@graph":[{"@type":"WebPage","@id":"https:\/\/stonersmeds.com\/shop\/buy-real-quality-tesla-ecstasy-pills-online\/","url":"https:\/\/stonersmeds.com\/shop\/buy-real-quality-tesla-ecstasy-pills-online\/","name":"Cump\u0103ra\u021bi online pastile de ecstasy Tesla de calitate real\u0103 - stonersmeds.com","isPartOf":{"@id":"https:\/\/stonersmeds.com\/#website"},"primaryImageOfPage":{"@id":"https:\/\/stonersmeds.com\/shop\/buy-real-quality-tesla-ecstasy-pills-online\/#primaryimage"},"image":{"@id":"https:\/\/stonersmeds.com\/shop\/buy-real-quality-tesla-ecstasy-pills-online\/#primaryimage"},"thumbnailUrl":"https:\/\/stonersmeds.com\/wp-content\/uploads\/2022\/03\/buy-real-quality-tesla-ecstasy-pills-online.jpg","datePublished":"2022-03-11T10:38:33+00:00","dateModified":"2026-03-01T05:50:11+00:00","description":"Cump\u0103ra\u021bi online pastile de ecstasy Tesla la un pre\u021b accesibil la stonermeds. Toate produsele sunt calificate de laborator \u0219i au calitate premium.","breadcrumb":{"@id":"https:\/\/stonersmeds.com\/shop\/buy-real-quality-tesla-ecstasy-pills-online\/#breadcrumb"},"inLanguage":"ro-RO","potentialAction":[{"@type":"ReadAction","target":["https:\/\/stonersmeds.com\/shop\/buy-real-quality-tesla-ecstasy-pills-online\/"]}]},{"@type":"ImageObject","inLanguage":"ro-RO","@id":"https:\/\/stonersmeds.com\/shop\/buy-real-quality-tesla-ecstasy-pills-online\/#primaryimage","url":"https:\/\/stonersmeds.com\/wp-content\/uploads\/2022\/03\/buy-real-quality-tesla-ecstasy-pills-online.jpg","contentUrl":"https:\/\/stonersmeds.com\/wp-content\/uploads\/2022\/03\/buy-real-quality-tesla-ecstasy-pills-online.jpg","width":600,"height":600},{"@type":"BreadcrumbList","@id":"https:\/\/stonersmeds.com\/shop\/buy-real-quality-tesla-ecstasy-pills-online\/#breadcrumb","itemListElement":[{"@type":"ListItem","position":1,"name":"Home","item":"https:\/\/stonersmeds.com\/"},{"@type":"ListItem","position":2,"name":"Shop","item":"https:\/\/stonersmeds.com\/shop\/"},{"@type":"ListItem","position":3,"name":"Buy real quality Tesla ecstasy pills online"}]},{"@type":"WebSite","@id":"https:\/\/stonersmeds.com\/#website","url":"https:\/\/stonersmeds.com\/","name":"stonersmeds.com","description":"verschreibungspflichtige Medizin kaufen","publisher":{"@id":"https:\/\/stonersmeds.com\/#organization"},"alternateName":"Research chemical shop","potentialAction":[{"@type":"SearchAction","target":{"@type":"EntryPoint","urlTemplate":"https:\/\/stonersmeds.com\/?s={search_term_string}"},"query-input":{"@type":"PropertyValueSpecification","valueRequired":true,"valueName":"search_term_string"}}],"inLanguage":"ro-RO"},{"@type":"Organization","@id":"https:\/\/stonersmeds.com\/#organization","name":"Stonersmeds Shop","url":"https:\/\/stonersmeds.com\/","logo":{"@type":"ImageObject","inLanguage":"ro-RO","@id":"https:\/\/stonersmeds.com\/#\/schema\/logo\/image\/","url":"https:\/\/stonersmeds.com\/wp-content\/uploads\/2026\/02\/high-purity-DMT-powder.jpg","contentUrl":"https:\/\/stonersmeds.com\/wp-content\/uploads\/2026\/02\/high-purity-DMT-powder.jpg","width":500,"height":500,"caption":"Stonersmeds Shop"},"image":{"@id":"https:\/\/stonersmeds.com\/#\/schema\/logo\/image\/"}}]},"product_price_amount":"12.00","product_price_currency":"USD","og_availability":"instock","product_availability":"instock","product_condition":"new"},"_links":{"self":[{"href":"https:\/\/stonersmeds.com\/ro\/wp-json\/wp\/v2\/product\/8896","targetHints":{"allow":["GET"]}}],"collection":[{"href":"https:\/\/stonersmeds.com\/ro\/wp-json\/wp\/v2\/product"}],"about":[{"href":"https:\/\/stonersmeds.com\/ro\/wp-json\/wp\/v2\/types\/product"}],"replies":[{"embeddable":true,"href":"https:\/\/stonersmeds.com\/ro\/wp-json\/wp\/v2\/comments?post=8896"}],"version-history":[{"count":0,"href":"https:\/\/stonersmeds.com\/ro\/wp-json\/wp\/v2\/product\/8896\/revisions"}],"wp:featuredmedia":[{"embeddable":true,"href":"https:\/\/stonersmeds.com\/ro\/wp-json\/wp\/v2\/media\/8910"}],"wp:attachment":[{"href":"https:\/\/stonersmeds.com\/ro\/wp-json\/wp\/v2\/media?parent=8896"}],"wp:term":[{"taxonomy":"product_brand","embeddable":true,"href":"https:\/\/stonersmeds.com\/ro\/wp-json\/wp\/v2\/product_brand?post=8896"},{"taxonomy":"product_cat","embeddable":true,"href":"https:\/\/stonersmeds.com\/ro\/wp-json\/wp\/v2\/product_cat?post=8896"},{"taxonomy":"product_tag","embeddable":true,"href":"https:\/\/stonersmeds.com\/ro\/wp-json\/wp\/v2\/product_tag?post=8896"},{"taxonomy":"product_brands","embeddable":true,"href":"https:\/\/stonersmeds.com\/ro\/wp-json\/wp\/v2\/product_brands?post=8896"}],"curies":[{"name":"wp","href":"https:\/\/api.w.org\/{rel}","templated":true}]}}