{"id":8983,"date":"2022-03-11T11:13:33","date_gmt":"2022-03-11T11:13:33","guid":{"rendered":"https:\/\/stonersmeds.com\/?post_type=product&#038;p=8983"},"modified":"2026-03-02T11:20:05","modified_gmt":"2026-03-02T09:20:05","slug":"buy-afghan-black-hash-online","status":"publish","type":"product","link":"https:\/\/stonersmeds.com\/ro\/shop\/buy-afghan-black-hash-online\/","title":{"rendered":"Cump\u0103ra\u021bi Afghan Black Hash Online"},"content":{"rendered":"<h1>Cump\u0103ra\u021bi Afghan Black Hash Online<\/h1>\n<p>Cump\u0103ra\u021bi Afghan Black Hash Online.\u00a0<strong>Ha\u0219 negru afgan<\/strong>\u00a0este o clon\u0103 de hash. Este o infrac\u021biune la nivel mondial \u0219i va fi \u00eenchisoare pentru totdeauna. Nu mai cuprinde niciun fel de THC, canabinoizi sintetici sau al\u021bi compu\u0219i chimici de studii (cum ar fi JWH-018, JWH-073, JWH-250, AM-2209 \u0219i multe altele.). Este, probabil, ha\u0219i\u0219ul de \u00eenchisoare excep\u021bional de pe pia\u021b\u0103. Cel mai bine folosim substan\u021be de prim\u0103 clas\u0103 pe baz\u0103 de plante, mese. Seam\u0103n\u0103 cu ha\u0219i\u0219ul, arat\u0103 ca ha\u0219i\u0219ul, miroase a c\u00e2nep\u0103 \u0219i are o arom\u0103 excelent\u0103. Ha\u0219i\u0219ul Afghan Black difer\u0103 cel mai eficient ca \u0219i culoare de celelalte m\u0103rfuri ale noastre. Dac\u0103 nu cunoa\u0219te\u021bi marfa noastr\u0103, cump\u0103ra\u021bi mai \u00eent\u00e2i o mostr\u0103 p.c.. Transportul este gratuit. Cump\u0103ra\u021bi mai mult din marfa noastr\u0103 de ha\u0219i\u0219 criminal \u0219i taxa poate fi mai mic\u0103.<\/p>\n<p>&nbsp;<\/p>\n<p>&nbsp;<\/p>\n<p>&nbsp;<\/p>\n<pre><strong>Cump\u0103ra\u021bi Afghan Black Hash Online - cump\u0103ra\u021bi pastile Hash, cump\u0103ra\u021bi Black Hash, cump\u0103ra\u021bi Black Hash online, De unde s\u0103 cump\u0103ra\u021bi Afghan Black Hash, Afghan Black Hash de v\u00e2nzare, Black Hash de v\u00e2nzare, cump\u0103ra\u021bi Hash online, unde s\u0103 cump\u0103ra\u021bi Black Hash online, Afghan Black Hash de v\u00e2nzare \u00een Statele Unite ale Americii, SUA, Canada, Marea Britanie, cump\u0103rare, online, furnizori, livrare \u00een siguran\u021b\u0103, \u00cenc\u0103 pute\u021bi ob\u021bine Afghan Black Hash, Afghan Black Hash este legal \u00een SUA, cump\u0103ra\u021bi Afghan Black Hash online SUA, cum s\u0103 comanda\u021bi Afghan Black Hash , Afghan Black Hash este legal \u00een Canada<\/strong><\/pre>","protected":false},"excerpt":{"rendered":"<p>Pl\u0103\u021bim NUMAI folosind Western Union, Moneygram \u0219i bitcoins. Termenul de livrare dureaz\u0103 aproximativ 3 zile sau 24 de ore.<\/p>\n<p>Ha\u0219i\u0219 negru afgan de v\u00e2nzare<br \/>\nFlorile negre afgane eman\u0103 un parfum profund, mosc, care miroase a p\u0103m\u00e2nt \u0219i a frunze umede. Respira\u021bia profund\u0103 poate sim\u021bi, de asemenea, atingerea fructelor acre. \u00centre timp, m\u0103cinarea sau culesul acestei flori p\u0103roase ofer\u0103 senza\u021bia de condiment adesea asociat\u0103 afganilor.<\/p>\n<pre><strong>Cump\u0103ra\u021bi Afghan Black Hash Online - cump\u0103ra\u021bi pastile Hash, cump\u0103ra\u021bi Black Hash, cump\u0103ra\u021bi Black Hash online, De unde s\u0103 cump\u0103ra\u021bi Afghan Black Hash, Afghan Black Hash de v\u00e2nzare, Black Hash de v\u00e2nzare, cump\u0103ra\u021bi Hash online, unde s\u0103 cump\u0103ra\u021bi Black Hash online, Afghan Black Hash de v\u00e2nzare \u00een Statele Unite ale Americii, SUA, Canada, Marea Britanie, cump\u0103rare, online, furnizori, livrare \u00een siguran\u021b\u0103, \u00cenc\u0103 pute\u021bi ob\u021bine Afghan Black Hash, Afghan Black Hash este legal \u00een SUA, cump\u0103ra\u021bi Afghan Black Hash online SUA, cum s\u0103 comanda\u021bi Afghan Black Hash , Afghan Black Hash este legal \u00een Canada<\/strong><\/pre>","protected":false},"featured_media":8995,"comment_status":"open","ping_status":"closed","template":"","meta":{"_bst_post_transparent":"","_bst_post_title":"","_bst_post_layout":"","_bst_post_sidebar_id":"","_bst_post_content_style":"","_bst_post_vertical_padding":"","_bst_post_feature":"","_bst_post_feature_position":"","_bst_post_header":false,"_bst_post_footer":false},"product_brand":[],"product_cat":[74],"product_tag":[],"product_brands":[],"class_list":{"0":"post-8983","1":"product","2":"type-product","3":"status-publish","4":"has-post-thumbnail","6":"product_cat-hash-hashish","8":"first","9":"instock","10":"shipping-taxable","11":"purchasable","12":"product-type-variable","13":"entry","14":"content-bg","15":"loop-entry"},"tiered_pricing_type":"fixed","tiered_pricing_fixed_rules":[],"tiered_pricing_percentage_rules":[],"tiered_pricing_minimum":1,"_administrator_tiered_pricing_type":"fixed","_administrator_tiered_pricing_fixed_rules":[],"_editor_tiered_pricing_type":"fixed","_editor_tiered_pricing_fixed_rules":[],"_author_tiered_pricing_type":"fixed","_author_tiered_pricing_fixed_rules":[],"_contributor_tiered_pricing_type":"fixed","_contributor_tiered_pricing_fixed_rules":[],"_subscriber_tiered_pricing_type":"fixed","_subscriber_tiered_pricing_fixed_rules":[],"_customer_tiered_pricing_type":"fixed","_customer_tiered_pricing_fixed_rules":[],"_shop_manager_tiered_pricing_type":"fixed","_shop_manager_tiered_pricing_fixed_rules":[],"_wpseo_manager_tiered_pricing_type":"fixed","_wpseo_manager_tiered_pricing_fixed_rules":[],"_wpseo_editor_tiered_pricing_type":"fixed","_wpseo_editor_tiered_pricing_fixed_rules":[],"yoast_head":"<!-- This site is optimized with the Yoast SEO plugin v27.2 - https:\/\/yoast.com\/product\/yoast-seo-wordpress\/ -->\n<title>Buy Afghan Black Hash Online - Cheap price, top quality<\/title>\n<meta name=\"description\" content=\"Buy Afghan Black Hash Online at an affordable price at stonersmeds. Our hash has high THC, best quality you will find\" \/>\n<meta name=\"robots\" content=\"index, follow, max-snippet:-1, max-image-preview:large, max-video-preview:-1\" \/>\n<link rel=\"canonical\" href=\"https:\/\/stonersmeds.com\/ro\/shop\/buy-afghan-black-hash-online\/\" \/>\n<meta property=\"og:locale\" content=\"ro_RO\" \/>\n<meta property=\"og:type\" content=\"article\" \/>\n<meta property=\"og:title\" content=\"Buy Afghan Black Hash Online - Cheap price, top quality\" \/>\n<meta property=\"og:description\" content=\"Buy Afghan Black Hash Online at an affordable price at stonersmeds. Our hash has high THC, best quality you will find\" \/>\n<meta property=\"og:url\" content=\"https:\/\/stonersmeds.com\/ro\/shop\/buy-afghan-black-hash-online\/\" \/>\n<meta property=\"og:site_name\" content=\"stonersmeds.com\" \/>\n<meta property=\"article:modified_time\" content=\"2026-03-02T09:20:05+00:00\" \/>\n<meta property=\"og:image\" content=\"https:\/\/stonersmeds.com\/wp-content\/uploads\/2022\/03\/Buy-Afghan-Black-Hash-Online.jpg\" \/>\n\t<meta property=\"og:image:width\" content=\"600\" \/>\n\t<meta property=\"og:image:height\" content=\"600\" \/>\n\t<meta property=\"og:image:type\" content=\"image\/jpeg\" \/>\n<meta name=\"twitter:card\" content=\"summary_large_image\" \/>\n<meta name=\"twitter:label1\" content=\"Disponibilitate\" \/>\n\t<meta name=\"twitter:data1\" content=\"\u00cen stoc\" \/>\n<script type=\"application\/ld+json\" class=\"yoast-schema-graph\">{\"@context\":\"https:\/\/schema.org\",\"@graph\":[{\"@type\":\"WebPage\",\"@id\":\"https:\/\/stonersmeds.com\/sk\/shop\/buy-afghan-black-hash-online\/\",\"url\":\"https:\/\/stonersmeds.com\/sk\/shop\/buy-afghan-black-hash-online\/\",\"name\":\"Buy Afghan Black Hash Online - Cheap price, top quality\",\"isPartOf\":{\"@id\":\"https:\/\/stonersmeds.com\/#website\"},\"primaryImageOfPage\":{\"@id\":\"https:\/\/stonersmeds.com\/sk\/shop\/buy-afghan-black-hash-online\/#primaryimage\"},\"image\":{\"@id\":\"https:\/\/stonersmeds.com\/sk\/shop\/buy-afghan-black-hash-online\/#primaryimage\"},\"thumbnailUrl\":\"https:\/\/stonersmeds.com\/wp-content\/uploads\/2022\/03\/Buy-Afghan-Black-Hash-Online.jpg\",\"datePublished\":\"2022-03-11T11:13:33+00:00\",\"dateModified\":\"2026-03-02T09:20:05+00:00\",\"description\":\"Buy Afghan Black Hash Online at an affordable price at stonersmeds. Our hash has high THC, best quality you will find\",\"breadcrumb\":{\"@id\":\"https:\/\/stonersmeds.com\/sk\/shop\/buy-afghan-black-hash-online\/#breadcrumb\"},\"inLanguage\":\"ro-RO\",\"potentialAction\":[{\"@type\":\"ReadAction\",\"target\":[\"https:\/\/stonersmeds.com\/sk\/shop\/buy-afghan-black-hash-online\/\"]}]},{\"@type\":\"ImageObject\",\"inLanguage\":\"ro-RO\",\"@id\":\"https:\/\/stonersmeds.com\/sk\/shop\/buy-afghan-black-hash-online\/#primaryimage\",\"url\":\"https:\/\/stonersmeds.com\/wp-content\/uploads\/2022\/03\/Buy-Afghan-Black-Hash-Online.jpg\",\"contentUrl\":\"https:\/\/stonersmeds.com\/wp-content\/uploads\/2022\/03\/Buy-Afghan-Black-Hash-Online.jpg\",\"width\":600,\"height\":600},{\"@type\":\"BreadcrumbList\",\"@id\":\"https:\/\/stonersmeds.com\/sk\/shop\/buy-afghan-black-hash-online\/#breadcrumb\",\"itemListElement\":[{\"@type\":\"ListItem\",\"position\":1,\"name\":\"Home\",\"item\":\"https:\/\/stonersmeds.com\/\"},{\"@type\":\"ListItem\",\"position\":2,\"name\":\"Shop\",\"item\":\"https:\/\/stonersmeds.com\/shop\/\"},{\"@type\":\"ListItem\",\"position\":3,\"name\":\"Buy Afghan Black Hash Online\"}]},{\"@type\":\"WebSite\",\"@id\":\"https:\/\/stonersmeds.com\/#website\",\"url\":\"https:\/\/stonersmeds.com\/\",\"name\":\"stonersmeds.com\",\"description\":\"verschreibungspflichtige Medizin kaufen\",\"publisher\":{\"@id\":\"https:\/\/stonersmeds.com\/#organization\"},\"alternateName\":\"Research chemical shop\",\"potentialAction\":[{\"@type\":\"SearchAction\",\"target\":{\"@type\":\"EntryPoint\",\"urlTemplate\":\"https:\/\/stonersmeds.com\/?s={search_term_string}\"},\"query-input\":{\"@type\":\"PropertyValueSpecification\",\"valueRequired\":true,\"valueName\":\"search_term_string\"}}],\"inLanguage\":\"ro-RO\"},{\"@type\":\"Organization\",\"@id\":\"https:\/\/stonersmeds.com\/#organization\",\"name\":\"Stonersmeds Shop\",\"url\":\"https:\/\/stonersmeds.com\/\",\"logo\":{\"@type\":\"ImageObject\",\"inLanguage\":\"ro-RO\",\"@id\":\"https:\/\/stonersmeds.com\/#\/schema\/logo\/image\/\",\"url\":\"https:\/\/stonersmeds.com\/wp-content\/uploads\/2026\/02\/high-purity-DMT-powder.jpg\",\"contentUrl\":\"https:\/\/stonersmeds.com\/wp-content\/uploads\/2026\/02\/high-purity-DMT-powder.jpg\",\"width\":500,\"height\":500,\"caption\":\"Stonersmeds Shop\"},\"image\":{\"@id\":\"https:\/\/stonersmeds.com\/#\/schema\/logo\/image\/\"}}]}<\/script>\n<meta property=\"og:availability\" content=\"instock\" \/>\n<meta property=\"product:availability\" content=\"instock\" \/>\n<meta property=\"product:condition\" content=\"new\" \/>\n<!-- \/ Yoast SEO plugin. -->","yoast_head_json":{"title":"Cump\u0103ra\u021bi Afghan Black Hash Online - Pre\u021b ieftin, calitate superioar\u0103","description":"Cump\u0103ra\u021bi Afghan Black Hash Online la un pre\u021b accesibil la stonersmeds. Ha\u0219ul nostru are THC ridicat, cea mai bun\u0103 calitate pe care o ve\u021bi g\u0103si","robots":{"index":"index","follow":"follow","max-snippet":"max-snippet:-1","max-image-preview":"max-image-preview:large","max-video-preview":"max-video-preview:-1"},"canonical":"https:\/\/stonersmeds.com\/ro\/shop\/buy-afghan-black-hash-online\/","og_locale":"ro_RO","og_type":"article","og_title":"Buy Afghan Black Hash Online - Cheap price, top quality","og_description":"Buy Afghan Black Hash Online at an affordable price at stonersmeds. Our hash has high THC, best quality you will find","og_url":"https:\/\/stonersmeds.com\/ro\/shop\/buy-afghan-black-hash-online\/","og_site_name":"stonersmeds.com","article_modified_time":"2026-03-02T09:20:05+00:00","og_image":[{"width":600,"height":600,"url":"https:\/\/stonersmeds.com\/wp-content\/uploads\/2022\/03\/Buy-Afghan-Black-Hash-Online.jpg","type":"image\/jpeg"}],"twitter_card":"summary_large_image","twitter_misc":{"Disponibilitate":"\u00cen stoc"},"schema":{"@context":"https:\/\/schema.org","@graph":[{"@type":"WebPage","@id":"https:\/\/stonersmeds.com\/sk\/shop\/buy-afghan-black-hash-online\/","url":"https:\/\/stonersmeds.com\/sk\/shop\/buy-afghan-black-hash-online\/","name":"Cump\u0103ra\u021bi Afghan Black Hash Online - Pre\u021b ieftin, calitate superioar\u0103","isPartOf":{"@id":"https:\/\/stonersmeds.com\/#website"},"primaryImageOfPage":{"@id":"https:\/\/stonersmeds.com\/sk\/shop\/buy-afghan-black-hash-online\/#primaryimage"},"image":{"@id":"https:\/\/stonersmeds.com\/sk\/shop\/buy-afghan-black-hash-online\/#primaryimage"},"thumbnailUrl":"https:\/\/stonersmeds.com\/wp-content\/uploads\/2022\/03\/Buy-Afghan-Black-Hash-Online.jpg","datePublished":"2022-03-11T11:13:33+00:00","dateModified":"2026-03-02T09:20:05+00:00","description":"Cump\u0103ra\u021bi Afghan Black Hash Online la un pre\u021b accesibil la stonersmeds. Ha\u0219ul nostru are THC ridicat, cea mai bun\u0103 calitate pe care o ve\u021bi g\u0103si","breadcrumb":{"@id":"https:\/\/stonersmeds.com\/sk\/shop\/buy-afghan-black-hash-online\/#breadcrumb"},"inLanguage":"ro-RO","potentialAction":[{"@type":"ReadAction","target":["https:\/\/stonersmeds.com\/sk\/shop\/buy-afghan-black-hash-online\/"]}]},{"@type":"ImageObject","inLanguage":"ro-RO","@id":"https:\/\/stonersmeds.com\/sk\/shop\/buy-afghan-black-hash-online\/#primaryimage","url":"https:\/\/stonersmeds.com\/wp-content\/uploads\/2022\/03\/Buy-Afghan-Black-Hash-Online.jpg","contentUrl":"https:\/\/stonersmeds.com\/wp-content\/uploads\/2022\/03\/Buy-Afghan-Black-Hash-Online.jpg","width":600,"height":600},{"@type":"BreadcrumbList","@id":"https:\/\/stonersmeds.com\/sk\/shop\/buy-afghan-black-hash-online\/#breadcrumb","itemListElement":[{"@type":"ListItem","position":1,"name":"Home","item":"https:\/\/stonersmeds.com\/"},{"@type":"ListItem","position":2,"name":"Shop","item":"https:\/\/stonersmeds.com\/shop\/"},{"@type":"ListItem","position":3,"name":"Buy Afghan Black Hash Online"}]},{"@type":"WebSite","@id":"https:\/\/stonersmeds.com\/#website","url":"https:\/\/stonersmeds.com\/","name":"stonersmeds.com","description":"verschreibungspflichtige Medizin kaufen","publisher":{"@id":"https:\/\/stonersmeds.com\/#organization"},"alternateName":"Research chemical shop","potentialAction":[{"@type":"SearchAction","target":{"@type":"EntryPoint","urlTemplate":"https:\/\/stonersmeds.com\/?s={search_term_string}"},"query-input":{"@type":"PropertyValueSpecification","valueRequired":true,"valueName":"search_term_string"}}],"inLanguage":"ro-RO"},{"@type":"Organization","@id":"https:\/\/stonersmeds.com\/#organization","name":"Stonersmeds Shop","url":"https:\/\/stonersmeds.com\/","logo":{"@type":"ImageObject","inLanguage":"ro-RO","@id":"https:\/\/stonersmeds.com\/#\/schema\/logo\/image\/","url":"https:\/\/stonersmeds.com\/wp-content\/uploads\/2026\/02\/high-purity-DMT-powder.jpg","contentUrl":"https:\/\/stonersmeds.com\/wp-content\/uploads\/2026\/02\/high-purity-DMT-powder.jpg","width":500,"height":500,"caption":"Stonersmeds Shop"},"image":{"@id":"https:\/\/stonersmeds.com\/#\/schema\/logo\/image\/"}}]},"og_availability":"instock","product_availability":"instock","product_condition":"new"},"_links":{"self":[{"href":"https:\/\/stonersmeds.com\/ro\/wp-json\/wp\/v2\/product\/8983","targetHints":{"allow":["GET"]}}],"collection":[{"href":"https:\/\/stonersmeds.com\/ro\/wp-json\/wp\/v2\/product"}],"about":[{"href":"https:\/\/stonersmeds.com\/ro\/wp-json\/wp\/v2\/types\/product"}],"replies":[{"embeddable":true,"href":"https:\/\/stonersmeds.com\/ro\/wp-json\/wp\/v2\/comments?post=8983"}],"version-history":[{"count":0,"href":"https:\/\/stonersmeds.com\/ro\/wp-json\/wp\/v2\/product\/8983\/revisions"}],"wp:featuredmedia":[{"embeddable":true,"href":"https:\/\/stonersmeds.com\/ro\/wp-json\/wp\/v2\/media\/8995"}],"wp:attachment":[{"href":"https:\/\/stonersmeds.com\/ro\/wp-json\/wp\/v2\/media?parent=8983"}],"wp:term":[{"taxonomy":"product_brand","embeddable":true,"href":"https:\/\/stonersmeds.com\/ro\/wp-json\/wp\/v2\/product_brand?post=8983"},{"taxonomy":"product_cat","embeddable":true,"href":"https:\/\/stonersmeds.com\/ro\/wp-json\/wp\/v2\/product_cat?post=8983"},{"taxonomy":"product_tag","embeddable":true,"href":"https:\/\/stonersmeds.com\/ro\/wp-json\/wp\/v2\/product_tag?post=8983"},{"taxonomy":"product_brands","embeddable":true,"href":"https:\/\/stonersmeds.com\/ro\/wp-json\/wp\/v2\/product_brands?post=8983"}],"curies":[{"name":"wp","href":"https:\/\/api.w.org\/{rel}","templated":true}]}}