{"id":9284,"date":"2022-03-11T15:11:43","date_gmt":"2022-03-11T15:11:43","guid":{"rendered":"https:\/\/stonersmeds.com\/?post_type=product&#038;p=9284"},"modified":"2026-03-02T18:00:47","modified_gmt":"2026-03-02T16:00:47","slug":"buy-black-cherry-soda-marijuana-strain-online","status":"publish","type":"product","link":"https:\/\/stonersmeds.com\/ro\/shop\/buy-black-cherry-soda-marijuana-strain-online\/","title":{"rendered":"Cump\u0103ra\u021bi online tulpina de marijuana Black Cherry Soda"},"content":{"rendered":"<h1>Cump\u0103ra\u021bi online tulpina de marijuana Black Cherry Soda.<\/h1>\n<p>Dezl\u0103n\u021bui\u021bi gustul delicios dulce \u0219i fructat al soiului de sifon de cire\u0219e negre. Bucura\u021bi-v\u0103 de aromele incredibile de citrice, pin m\u0103cinat \u0219i terpene picante din plante de fiecare dat\u0103 c\u00e2nd fuma\u021bi. De asemenea, respectat pentru con\u021binutul s\u0103u ridicat de THC de 30%, aspectul uimitor \u0219i genetica bun\u0103. Mo\u0219tenirea celor mai bune caracteristici ale Cherry AK47, Blackberry, Ortega \u0219i Airborne G13. Black Cherry Soda prezint\u0103 l\u0103stari verzi energici cu subtonuri violet \u0219i p\u0103r rar de migdale. Efectul s\u0103u relaxant \u00eel face o alegere excelent\u0103 pentru a fuma marijuana \u00een timpul zilei sau a ie\u0219i cu prietenii.<\/p>\n<div><\/div>\n<div><\/div>\n<div><\/div>\n<div><\/div>\n<div><\/div>\n<pre><strong>Cump\u0103ra\u021bi Black Cherry Soda Marijuana Online - cump\u0103ra\u021bi Black Cherry Soda Marijuana, cump\u0103ra\u021bi Black Cherry Soda Marijuana , cump\u0103ra\u021bi Black Cherry Soda Marijuana online, Unde s\u0103 tulpini Black Cherry Soda Marijuana , Black Cherry Soda Marijuana de v\u00e2nzare, Black Cherry Soda Marijuana de v\u00e2nzare , cump\u0103ra\u021bi marijuana Cherry Soda online, de unde cump\u0103ra\u021bi tulpin\u0103 de marijuana Black Cherry Soda online, tulpina de marijuana Black Cherry Soda de v\u00e2nzare \u00een Statele Unite ale Americii, SUA, canada, Marea Britanie, cump\u0103rare, online, furnizori, livrare \u00een siguran\u021b\u0103, \u00cenc\u0103 pute\u021bi ob\u021bine marijuana Black Cherry Soda Tulpina , este tulpina de marijuana Black Cherry Soda legal\u0103 \u00een SUA, cump\u0103ra\u021bi tulpina de marijuana Black Cherry Soda online SUA, cum s\u0103 comanda\u021bi tulpina de marijuana Black Cherry Soda , tulpina de marijuana Black Cherry Soda este legal\u0103 \u00een Canada<\/strong><\/pre>","protected":false},"excerpt":{"rendered":"<p>Cump\u0103ra\u021bi Black Cherry Soda Soiul de Marijuana online. Black cherry soda marijuana este un hibrid sativa dominant\u0103 - 80% Sativa \/ 20% Indica.<\/p>\n<pre><strong>Cump\u0103ra\u021bi Black Cherry Soda Marijuana Online - cump\u0103ra\u021bi Black Cherry Soda Marijuana, cump\u0103ra\u021bi Black Cherry Soda Marijuana , cump\u0103ra\u021bi Black Cherry Soda Marijuana online, Unde s\u0103 tulpini Black Cherry Soda Marijuana , Black Cherry Soda Marijuana de v\u00e2nzare, Black Cherry Soda Marijuana de v\u00e2nzare , cump\u0103ra\u021bi marijuana Cherry Soda online, de unde cump\u0103ra\u021bi tulpin\u0103 de marijuana Black Cherry Soda online, tulpina de marijuana Black Cherry Soda de v\u00e2nzare \u00een Statele Unite ale Americii, SUA, canada, Marea Britanie, cump\u0103rare, online, furnizori, livrare \u00een siguran\u021b\u0103, \u00cenc\u0103 pute\u021bi ob\u021bine marijuana Black Cherry Soda Tulpina , este tulpina de marijuana Black Cherry Soda legal\u0103 \u00een SUA, cump\u0103ra\u021bi tulpina de marijuana Black Cherry Soda online SUA, cum s\u0103 comanda\u021bi tulpina de marijuana Black Cherry Soda , tulpina de marijuana Black Cherry Soda este legal\u0103 \u00een Canada<\/strong><\/pre>","protected":false},"featured_media":9300,"comment_status":"open","ping_status":"closed","template":"","meta":{"_bst_post_transparent":"","_bst_post_title":"","_bst_post_layout":"","_bst_post_sidebar_id":"","_bst_post_content_style":"","_bst_post_vertical_padding":"","_bst_post_feature":"","_bst_post_feature_position":"","_bst_post_header":false,"_bst_post_footer":false},"product_brand":[],"product_cat":[81],"product_tag":[],"product_brands":[],"class_list":{"0":"post-9284","1":"product","2":"type-product","3":"status-publish","4":"has-post-thumbnail","6":"product_cat-marijuana-medical-cannabis","8":"first","9":"instock","10":"shipping-taxable","11":"purchasable","12":"product-type-variable","13":"entry","14":"content-bg","15":"loop-entry"},"tiered_pricing_type":"fixed","tiered_pricing_fixed_rules":{"28":"9","50":"8","100":"7","250":"6","500":"4.5","1000":"3"},"tiered_pricing_percentage_rules":[],"tiered_pricing_minimum":1,"_administrator_tiered_pricing_type":"fixed","_administrator_tiered_pricing_fixed_rules":[],"_editor_tiered_pricing_type":"fixed","_editor_tiered_pricing_fixed_rules":[],"_author_tiered_pricing_type":"fixed","_author_tiered_pricing_fixed_rules":[],"_contributor_tiered_pricing_type":"fixed","_contributor_tiered_pricing_fixed_rules":[],"_subscriber_tiered_pricing_type":"fixed","_subscriber_tiered_pricing_fixed_rules":[],"_customer_tiered_pricing_type":"fixed","_customer_tiered_pricing_fixed_rules":[],"_shop_manager_tiered_pricing_type":"fixed","_shop_manager_tiered_pricing_fixed_rules":[],"_wpseo_manager_tiered_pricing_type":"fixed","_wpseo_manager_tiered_pricing_fixed_rules":[],"_wpseo_editor_tiered_pricing_type":"fixed","_wpseo_editor_tiered_pricing_fixed_rules":[],"yoast_head":"<!-- This site is optimized with the Yoast SEO plugin v27.2 - https:\/\/yoast.com\/product\/yoast-seo-wordpress\/ -->\n<title>Buy Black Cherry Soda Marijuana Strain Online - stonersmeds.com<\/title>\n<meta name=\"robots\" content=\"index, follow, max-snippet:-1, max-image-preview:large, max-video-preview:-1\" \/>\n<link rel=\"canonical\" href=\"https:\/\/stonersmeds.com\/ro\/shop\/buy-black-cherry-soda-marijuana-strain-online\/\" \/>\n<meta property=\"og:locale\" content=\"ro_RO\" \/>\n<meta property=\"og:type\" content=\"article\" \/>\n<meta property=\"og:title\" content=\"Buy Black Cherry Soda Marijuana Strain Online - stonersmeds.com\" \/>\n<meta property=\"og:description\" content=\"Buy Black Cherry Soda Marijuana Strain Online.\u00a0Black cherry soda marijuana is sativa Dominant Hybrid \u2013 80% Sativa \/ 20% Indica Buy Black Cherry Soda Marijuana Strain Online - buy Cherry Soda Marijuana, buy Black Cherry Soda Marijuana Strain , buy Black Cherry Soda Marijuana online, Where to Black Cherry Soda Marijuana Strain , Black Cherry Soda Marijuana Strain for sale, Black Cherry Soda Marijuana Strain for sale, buy Cherry Soda Marijuana online, where to Buy Black Cherry Soda Marijuana Strain online, Black Cherry Soda Marijuana Strain for sale in usa , USA, canada,uk, buy, online, suppliers, safe delivery, You can still get Black Cherry Soda Marijuana Strain , Is Black Cherry Soda Marijuana Strain legal in usa, buy Black Cherry Soda Marijuana Strain online usa, how to order Black Cherry Soda Marijuana Strain , Is Black Cherry Soda Marijuana Strain legal in Canada\" \/>\n<meta property=\"og:url\" content=\"https:\/\/stonersmeds.com\/ro\/shop\/buy-black-cherry-soda-marijuana-strain-online\/\" \/>\n<meta property=\"og:site_name\" content=\"stonersmeds.com\" \/>\n<meta property=\"article:modified_time\" content=\"2026-03-02T16:00:47+00:00\" \/>\n<meta property=\"og:image\" content=\"https:\/\/stonersmeds.com\/wp-content\/uploads\/2022\/03\/Buy-Black-Cherry-Soda-Marijuana-Strain-Online.jpg\" \/>\n\t<meta property=\"og:image:width\" content=\"600\" \/>\n\t<meta property=\"og:image:height\" content=\"600\" \/>\n\t<meta property=\"og:image:type\" content=\"image\/jpeg\" \/>\n<meta name=\"twitter:card\" content=\"summary_large_image\" \/>\n<meta name=\"twitter:label1\" content=\"Disponibilitate\" \/>\n\t<meta name=\"twitter:data1\" content=\"\u00cen stoc\" \/>\n<script type=\"application\/ld+json\" class=\"yoast-schema-graph\">{\"@context\":\"https:\/\/schema.org\",\"@graph\":[{\"@type\":\"WebPage\",\"@id\":\"https:\/\/stonersmeds.com\/shop\/buy-black-cherry-soda-marijuana-strain-online\/\",\"url\":\"https:\/\/stonersmeds.com\/shop\/buy-black-cherry-soda-marijuana-strain-online\/\",\"name\":\"Buy Black Cherry Soda Marijuana Strain Online - stonersmeds.com\",\"isPartOf\":{\"@id\":\"https:\/\/stonersmeds.com\/#website\"},\"primaryImageOfPage\":{\"@id\":\"https:\/\/stonersmeds.com\/shop\/buy-black-cherry-soda-marijuana-strain-online\/#primaryimage\"},\"image\":{\"@id\":\"https:\/\/stonersmeds.com\/shop\/buy-black-cherry-soda-marijuana-strain-online\/#primaryimage\"},\"thumbnailUrl\":\"https:\/\/stonersmeds.com\/wp-content\/uploads\/2022\/03\/Buy-Black-Cherry-Soda-Marijuana-Strain-Online.jpg\",\"datePublished\":\"2022-03-11T15:11:43+00:00\",\"dateModified\":\"2026-03-02T16:00:47+00:00\",\"breadcrumb\":{\"@id\":\"https:\/\/stonersmeds.com\/shop\/buy-black-cherry-soda-marijuana-strain-online\/#breadcrumb\"},\"inLanguage\":\"ro-RO\",\"potentialAction\":[{\"@type\":\"ReadAction\",\"target\":[\"https:\/\/stonersmeds.com\/shop\/buy-black-cherry-soda-marijuana-strain-online\/\"]}]},{\"@type\":\"ImageObject\",\"inLanguage\":\"ro-RO\",\"@id\":\"https:\/\/stonersmeds.com\/shop\/buy-black-cherry-soda-marijuana-strain-online\/#primaryimage\",\"url\":\"https:\/\/stonersmeds.com\/wp-content\/uploads\/2022\/03\/Buy-Black-Cherry-Soda-Marijuana-Strain-Online.jpg\",\"contentUrl\":\"https:\/\/stonersmeds.com\/wp-content\/uploads\/2022\/03\/Buy-Black-Cherry-Soda-Marijuana-Strain-Online.jpg\",\"width\":600,\"height\":600},{\"@type\":\"BreadcrumbList\",\"@id\":\"https:\/\/stonersmeds.com\/shop\/buy-black-cherry-soda-marijuana-strain-online\/#breadcrumb\",\"itemListElement\":[{\"@type\":\"ListItem\",\"position\":1,\"name\":\"Home\",\"item\":\"https:\/\/stonersmeds.com\/\"},{\"@type\":\"ListItem\",\"position\":2,\"name\":\"Shop\",\"item\":\"https:\/\/stonersmeds.com\/shop\/\"},{\"@type\":\"ListItem\",\"position\":3,\"name\":\"Buy Black Cherry Soda Marijuana Strain Online\"}]},{\"@type\":\"WebSite\",\"@id\":\"https:\/\/stonersmeds.com\/#website\",\"url\":\"https:\/\/stonersmeds.com\/\",\"name\":\"stonersmeds.com\",\"description\":\"verschreibungspflichtige Medizin kaufen\",\"publisher\":{\"@id\":\"https:\/\/stonersmeds.com\/#organization\"},\"alternateName\":\"Research chemical shop\",\"potentialAction\":[{\"@type\":\"SearchAction\",\"target\":{\"@type\":\"EntryPoint\",\"urlTemplate\":\"https:\/\/stonersmeds.com\/?s={search_term_string}\"},\"query-input\":{\"@type\":\"PropertyValueSpecification\",\"valueRequired\":true,\"valueName\":\"search_term_string\"}}],\"inLanguage\":\"ro-RO\"},{\"@type\":\"Organization\",\"@id\":\"https:\/\/stonersmeds.com\/#organization\",\"name\":\"Stonersmeds Shop\",\"url\":\"https:\/\/stonersmeds.com\/\",\"logo\":{\"@type\":\"ImageObject\",\"inLanguage\":\"ro-RO\",\"@id\":\"https:\/\/stonersmeds.com\/#\/schema\/logo\/image\/\",\"url\":\"https:\/\/stonersmeds.com\/wp-content\/uploads\/2026\/02\/high-purity-DMT-powder.jpg\",\"contentUrl\":\"https:\/\/stonersmeds.com\/wp-content\/uploads\/2026\/02\/high-purity-DMT-powder.jpg\",\"width\":500,\"height\":500,\"caption\":\"Stonersmeds Shop\"},\"image\":{\"@id\":\"https:\/\/stonersmeds.com\/#\/schema\/logo\/image\/\"}}]}<\/script>\n<meta property=\"og:availability\" content=\"instock\" \/>\n<meta property=\"product:availability\" content=\"instock\" \/>\n<meta property=\"product:condition\" content=\"new\" \/>\n<!-- \/ Yoast SEO plugin. -->","yoast_head_json":{"title":"Cump\u0103ra\u021bi online tulpina de marijuana Black Cherry Soda - stonersmeds.com","robots":{"index":"index","follow":"follow","max-snippet":"max-snippet:-1","max-image-preview":"max-image-preview:large","max-video-preview":"max-video-preview:-1"},"canonical":"https:\/\/stonersmeds.com\/ro\/shop\/buy-black-cherry-soda-marijuana-strain-online\/","og_locale":"ro_RO","og_type":"article","og_title":"Buy Black Cherry Soda Marijuana Strain Online - stonersmeds.com","og_description":"Buy Black Cherry Soda Marijuana Strain Online.\u00a0Black cherry soda marijuana is sativa Dominant Hybrid \u2013 80% Sativa \/ 20% Indica Buy Black Cherry Soda Marijuana Strain Online - buy Cherry Soda Marijuana, buy Black Cherry Soda Marijuana Strain , buy Black Cherry Soda Marijuana online, Where to Black Cherry Soda Marijuana Strain , Black Cherry Soda Marijuana Strain for sale, Black Cherry Soda Marijuana Strain for sale, buy Cherry Soda Marijuana online, where to Buy Black Cherry Soda Marijuana Strain online, Black Cherry Soda Marijuana Strain for sale in usa , USA, canada,uk, buy, online, suppliers, safe delivery, You can still get Black Cherry Soda Marijuana Strain , Is Black Cherry Soda Marijuana Strain legal in usa, buy Black Cherry Soda Marijuana Strain online usa, how to order Black Cherry Soda Marijuana Strain , Is Black Cherry Soda Marijuana Strain legal in Canada","og_url":"https:\/\/stonersmeds.com\/ro\/shop\/buy-black-cherry-soda-marijuana-strain-online\/","og_site_name":"stonersmeds.com","article_modified_time":"2026-03-02T16:00:47+00:00","og_image":[{"width":600,"height":600,"url":"https:\/\/stonersmeds.com\/wp-content\/uploads\/2022\/03\/Buy-Black-Cherry-Soda-Marijuana-Strain-Online.jpg","type":"image\/jpeg"}],"twitter_card":"summary_large_image","twitter_misc":{"Disponibilitate":"\u00cen stoc"},"schema":{"@context":"https:\/\/schema.org","@graph":[{"@type":"WebPage","@id":"https:\/\/stonersmeds.com\/shop\/buy-black-cherry-soda-marijuana-strain-online\/","url":"https:\/\/stonersmeds.com\/shop\/buy-black-cherry-soda-marijuana-strain-online\/","name":"Cump\u0103ra\u021bi online tulpina de marijuana Black Cherry Soda - stonersmeds.com","isPartOf":{"@id":"https:\/\/stonersmeds.com\/#website"},"primaryImageOfPage":{"@id":"https:\/\/stonersmeds.com\/shop\/buy-black-cherry-soda-marijuana-strain-online\/#primaryimage"},"image":{"@id":"https:\/\/stonersmeds.com\/shop\/buy-black-cherry-soda-marijuana-strain-online\/#primaryimage"},"thumbnailUrl":"https:\/\/stonersmeds.com\/wp-content\/uploads\/2022\/03\/Buy-Black-Cherry-Soda-Marijuana-Strain-Online.jpg","datePublished":"2022-03-11T15:11:43+00:00","dateModified":"2026-03-02T16:00:47+00:00","breadcrumb":{"@id":"https:\/\/stonersmeds.com\/shop\/buy-black-cherry-soda-marijuana-strain-online\/#breadcrumb"},"inLanguage":"ro-RO","potentialAction":[{"@type":"ReadAction","target":["https:\/\/stonersmeds.com\/shop\/buy-black-cherry-soda-marijuana-strain-online\/"]}]},{"@type":"ImageObject","inLanguage":"ro-RO","@id":"https:\/\/stonersmeds.com\/shop\/buy-black-cherry-soda-marijuana-strain-online\/#primaryimage","url":"https:\/\/stonersmeds.com\/wp-content\/uploads\/2022\/03\/Buy-Black-Cherry-Soda-Marijuana-Strain-Online.jpg","contentUrl":"https:\/\/stonersmeds.com\/wp-content\/uploads\/2022\/03\/Buy-Black-Cherry-Soda-Marijuana-Strain-Online.jpg","width":600,"height":600},{"@type":"BreadcrumbList","@id":"https:\/\/stonersmeds.com\/shop\/buy-black-cherry-soda-marijuana-strain-online\/#breadcrumb","itemListElement":[{"@type":"ListItem","position":1,"name":"Home","item":"https:\/\/stonersmeds.com\/"},{"@type":"ListItem","position":2,"name":"Shop","item":"https:\/\/stonersmeds.com\/shop\/"},{"@type":"ListItem","position":3,"name":"Buy Black Cherry Soda Marijuana Strain Online"}]},{"@type":"WebSite","@id":"https:\/\/stonersmeds.com\/#website","url":"https:\/\/stonersmeds.com\/","name":"stonersmeds.com","description":"verschreibungspflichtige Medizin kaufen","publisher":{"@id":"https:\/\/stonersmeds.com\/#organization"},"alternateName":"Research chemical shop","potentialAction":[{"@type":"SearchAction","target":{"@type":"EntryPoint","urlTemplate":"https:\/\/stonersmeds.com\/?s={search_term_string}"},"query-input":{"@type":"PropertyValueSpecification","valueRequired":true,"valueName":"search_term_string"}}],"inLanguage":"ro-RO"},{"@type":"Organization","@id":"https:\/\/stonersmeds.com\/#organization","name":"Stonersmeds Shop","url":"https:\/\/stonersmeds.com\/","logo":{"@type":"ImageObject","inLanguage":"ro-RO","@id":"https:\/\/stonersmeds.com\/#\/schema\/logo\/image\/","url":"https:\/\/stonersmeds.com\/wp-content\/uploads\/2026\/02\/high-purity-DMT-powder.jpg","contentUrl":"https:\/\/stonersmeds.com\/wp-content\/uploads\/2026\/02\/high-purity-DMT-powder.jpg","width":500,"height":500,"caption":"Stonersmeds Shop"},"image":{"@id":"https:\/\/stonersmeds.com\/#\/schema\/logo\/image\/"}}]},"og_availability":"instock","product_availability":"instock","product_condition":"new"},"_links":{"self":[{"href":"https:\/\/stonersmeds.com\/ro\/wp-json\/wp\/v2\/product\/9284","targetHints":{"allow":["GET"]}}],"collection":[{"href":"https:\/\/stonersmeds.com\/ro\/wp-json\/wp\/v2\/product"}],"about":[{"href":"https:\/\/stonersmeds.com\/ro\/wp-json\/wp\/v2\/types\/product"}],"replies":[{"embeddable":true,"href":"https:\/\/stonersmeds.com\/ro\/wp-json\/wp\/v2\/comments?post=9284"}],"version-history":[{"count":0,"href":"https:\/\/stonersmeds.com\/ro\/wp-json\/wp\/v2\/product\/9284\/revisions"}],"wp:featuredmedia":[{"embeddable":true,"href":"https:\/\/stonersmeds.com\/ro\/wp-json\/wp\/v2\/media\/9300"}],"wp:attachment":[{"href":"https:\/\/stonersmeds.com\/ro\/wp-json\/wp\/v2\/media?parent=9284"}],"wp:term":[{"taxonomy":"product_brand","embeddable":true,"href":"https:\/\/stonersmeds.com\/ro\/wp-json\/wp\/v2\/product_brand?post=9284"},{"taxonomy":"product_cat","embeddable":true,"href":"https:\/\/stonersmeds.com\/ro\/wp-json\/wp\/v2\/product_cat?post=9284"},{"taxonomy":"product_tag","embeddable":true,"href":"https:\/\/stonersmeds.com\/ro\/wp-json\/wp\/v2\/product_tag?post=9284"},{"taxonomy":"product_brands","embeddable":true,"href":"https:\/\/stonersmeds.com\/ro\/wp-json\/wp\/v2\/product_brands?post=9284"}],"curies":[{"name":"wp","href":"https:\/\/api.w.org\/{rel}","templated":true}]}}