{"id":9545,"date":"2022-03-11T17:40:33","date_gmt":"2022-03-11T17:40:33","guid":{"rendered":"https:\/\/stonersmeds.com\/?post_type=product&#038;p=9545"},"modified":"2026-02-28T10:00:05","modified_gmt":"2026-02-28T08:00:05","slug":"buy-purple-dragon-cannabis-aaaaa","status":"publish","type":"product","link":"https:\/\/stonersmeds.com\/ro\/shop\/buy-purple-dragon-cannabis-aaaaa\/","title":{"rendered":"Cump\u0103ra\u021bi canabis Purple Dragon (AAAAA)"},"content":{"rendered":"<h1>Cump\u0103ra\u021bi canabis Purple Dragon (AAAAA)<\/h1>\n<p>Purple Dragon este un hibrid dominant indica \u0219i o \u00eencruci\u0219are \u00eentre puternica Purple Urkle \u0219i Blue Dragon. Purple Dragon ofer\u0103 utilizatorului un nivel ridicat echilibrat, care calmeaz\u0103 \u0219i relaxeaz\u0103 mintea \u0219i corpul. Aceast\u0103 tulpin\u0103 produce o arom\u0103 unic\u0103 \u0219i satisf\u0103c\u0103toare, care combin\u0103 salvia moscat\u0103 cu o arom\u0103 floral\u0103 distinctiv\u0103 care r\u0103m\u00e2ne \u00een palet\u0103. Dup\u0103 ce te bucuri de aceast\u0103 tensiune, mintea este plin\u0103 de energie, iar euforia intens\u0103 amelioreaz\u0103 rapid anxietatea \u0219i depresia. Purple Dragon ofer\u0103 ini\u021bial utilizatorului o claritate mental\u0103 \u00een\u0103l\u021b\u0103toare \u0219i stimulant\u0103; Cu toate acestea, aceste efecte ofer\u0103 \u00eencet-\u00eencet o modalitate de a u\u0219ura durerea \u0219i sedarea timp de ore \u00eentregi. Durerile generale ale corpului sunt m\u0103turate pe m\u0103sur\u0103 ce corpul consumatorului trece \u00eencet la o stare de relaxare care se simte at\u00e2t \u00een corp, c\u00e2t \u0219i \u00een minte. Purple Dragon este un tratament eficient pentru o varietate de afec\u021biuni, inclusiv anxietatea, depresia, tulbur\u0103rile de dispozi\u021bie, oboseala fizic\u0103, migrenele\/durerile de cap, durerile cronice \u0219i pierderea poftei de m\u00e2ncare.<\/p>\n<p>&nbsp;<\/p>\n<p>&nbsp;<\/p>\n<p>&nbsp;<\/p>\n<pre><strong>Cump\u0103ra\u021bi canabis Purple Dragon (AAAAA) online - cump\u0103ra\u021bi canabis Dragon, cump\u0103ra\u021bi canabis Purple Dragon (AAAAA), cump\u0103ra\u021bi canabis Purple Dragon online, unde s\u0103 cump\u0103ra\u021bi canabis Purple Dragon (AAAAA), canabis Purple Dragon (AAAAA) de v\u00e2nzare, canabis Purple Dragon de v\u00e2nzare, cump\u0103ra\u021bi canabis Purple Dragon online, unde s\u0103 cump\u0103ra\u021bi canabis Purple Dragon (AAAAA) online, Purple Dragon cannabis (AAAAA) de v\u00e2nzare \u00een SUA, SUA, Canada, Marea Britanie, cump\u0103ra\u021bi, online, furnizori, livrare sigur\u0103, Pute\u021bi ob\u021bine \u00een continuare Purple Dragon cannabis (AAAAA) , Este Purple Dragon cannabis (AAAAA) \u00een SUA, cump\u0103ra\u021bi canabis (AAAAA) online \u00een SUA, cum s\u0103 comanda\u021bi Purple Dragon cannabis (AAAAA) , Este Purple Dragon cannabis (AAAAA) legal \u00een Canada?<\/strong><\/pre>","protected":false},"excerpt":{"rendered":"<p><strong>$15 \/ gram<\/strong><\/p>\n<ul>\n<li>AAAAA reprezint\u0103 cel mai bun dintre cei mai buni!<\/li>\n<li>Contacta\u021bi-ne pentru comenzi en-gros<\/li>\n<li><strong>Comanda minima este de 7 grame<\/strong><\/li>\n<li>Livrare \u00een toat\u0103 lumea.<\/li>\n<\/ul>\n<pre><strong>Cump\u0103ra\u021bi canabis Purple Dragon (AAAAA) online - cump\u0103ra\u021bi canabis Dragon, cump\u0103ra\u021bi canabis Purple Dragon (AAAAA), cump\u0103ra\u021bi canabis Purple Dragon online, unde s\u0103 cump\u0103ra\u021bi canabis Purple Dragon (AAAAA), canabis Purple Dragon (AAAAA) de v\u00e2nzare, canabis Purple Dragon de v\u00e2nzare, cump\u0103ra\u021bi canabis Purple Dragon online, unde s\u0103 cump\u0103ra\u021bi canabis Purple Dragon (AAAAA) online, Purple Dragon cannabis (AAAAA) de v\u00e2nzare \u00een SUA, SUA, Canada, Marea Britanie, cump\u0103ra\u021bi, online, furnizori, livrare sigur\u0103, Pute\u021bi ob\u021bine \u00een continuare Purple Dragon cannabis (AAAAA) , Este Purple Dragon cannabis (AAAAA) \u00een SUA, cump\u0103ra\u021bi canabis (AAAAA) online \u00een SUA, cum s\u0103 comanda\u021bi Purple Dragon cannabis (AAAAA) , Este Purple Dragon cannabis (AAAAA) legal \u00een Canada?<\/strong><\/pre>","protected":false},"featured_media":9559,"comment_status":"open","ping_status":"closed","template":"","meta":{"_bst_post_transparent":"","_bst_post_title":"","_bst_post_layout":"","_bst_post_sidebar_id":"","_bst_post_content_style":"","_bst_post_vertical_padding":"","_bst_post_feature":"","_bst_post_feature_position":"","_bst_post_header":false,"_bst_post_footer":false},"product_brand":[],"product_cat":[81],"product_tag":[],"product_brands":[],"class_list":{"0":"post-9545","1":"product","2":"type-product","3":"status-publish","4":"has-post-thumbnail","6":"product_cat-marijuana-medical-cannabis","8":"first","9":"instock","10":"shipping-taxable","11":"purchasable","12":"product-type-variable","13":"entry","14":"content-bg","15":"loop-entry"},"tiered_pricing_type":"fixed","tiered_pricing_fixed_rules":{"28":"9","50":"8","100":"7","250":"6","500":"4.5","1000":"3"},"tiered_pricing_percentage_rules":[],"tiered_pricing_minimum":1,"_administrator_tiered_pricing_type":"fixed","_administrator_tiered_pricing_fixed_rules":[],"_editor_tiered_pricing_type":"fixed","_editor_tiered_pricing_fixed_rules":[],"_author_tiered_pricing_type":"fixed","_author_tiered_pricing_fixed_rules":[],"_contributor_tiered_pricing_type":"fixed","_contributor_tiered_pricing_fixed_rules":[],"_subscriber_tiered_pricing_type":"fixed","_subscriber_tiered_pricing_fixed_rules":[],"_customer_tiered_pricing_type":"fixed","_customer_tiered_pricing_fixed_rules":[],"_shop_manager_tiered_pricing_type":"fixed","_shop_manager_tiered_pricing_fixed_rules":[],"_wpseo_manager_tiered_pricing_type":"fixed","_wpseo_manager_tiered_pricing_fixed_rules":[],"_wpseo_editor_tiered_pricing_type":"fixed","_wpseo_editor_tiered_pricing_fixed_rules":[],"yoast_head":"<!-- This site is optimized with the Yoast SEO plugin v27.2 - https:\/\/yoast.com\/product\/yoast-seo-wordpress\/ -->\n<title>Buy Purple Dragon cannabis (AAAAA) - stonersmeds.com<\/title>\n<meta name=\"robots\" content=\"index, follow, max-snippet:-1, max-image-preview:large, max-video-preview:-1\" \/>\n<link rel=\"canonical\" href=\"https:\/\/stonersmeds.com\/ro\/shop\/buy-purple-dragon-cannabis-aaaaa\/\" \/>\n<meta property=\"og:locale\" content=\"ro_RO\" \/>\n<meta property=\"og:type\" content=\"article\" \/>\n<meta property=\"og:title\" content=\"Buy Purple Dragon cannabis (AAAAA) - stonersmeds.com\" \/>\n<meta property=\"og:description\" content=\"$15 \/ gram   AAAAA represents the best of the best!  Contact us for wholesale orders  Minimum order is 7 grams  Worldwide shipping.  Buy Purple Dragon cannabis (AAAAA) Online - buy Dragon cannabis , buy Purple Dragon cannabis (AAAAA) , buy Purple Dragon cannabis online, Where to Buy Purple Dragon cannabis (AAAAA) , Purple Dragon cannabis (AAAAA) for sale, Purple Dragon cannabis for sale, buy Purple Dragon cannabis online, where to Buy Purple Dragon cannabis (AAAAA) online, Purple Dragon cannabis (AAAAA) for sale in usa , USA, canada,uk, buy, online, suppliers, safe delivery, You can still get Purple Dragon cannabis (AAAAA) , Is Purple Dragon cannabis (AAAAA) usa, buy cannabis (AAAAA) online usa, how to order Purple Dragon cannabis (AAAAA) , Is Purple Dragon cannabis (AAAAA) legal in Canada\" \/>\n<meta property=\"og:url\" content=\"https:\/\/stonersmeds.com\/ro\/shop\/buy-purple-dragon-cannabis-aaaaa\/\" \/>\n<meta property=\"og:site_name\" content=\"stonersmeds.com\" \/>\n<meta property=\"article:modified_time\" content=\"2026-02-28T08:00:05+00:00\" \/>\n<meta property=\"og:image\" content=\"https:\/\/stonersmeds.com\/wp-content\/uploads\/2022\/03\/Buy-Purple-Dragon-cannabis-AAAAA.jpg\" \/>\n\t<meta property=\"og:image:width\" content=\"600\" \/>\n\t<meta property=\"og:image:height\" content=\"600\" \/>\n\t<meta property=\"og:image:type\" content=\"image\/jpeg\" \/>\n<meta name=\"twitter:card\" content=\"summary_large_image\" \/>\n<meta name=\"twitter:label1\" content=\"Disponibilitate\" \/>\n\t<meta name=\"twitter:data1\" content=\"\u00cen stoc\" \/>\n<script type=\"application\/ld+json\" class=\"yoast-schema-graph\">{\"@context\":\"https:\/\/schema.org\",\"@graph\":[{\"@type\":\"WebPage\",\"@id\":\"https:\/\/stonersmeds.com\/shop\/buy-purple-dragon-cannabis-aaaaa\/\",\"url\":\"https:\/\/stonersmeds.com\/shop\/buy-purple-dragon-cannabis-aaaaa\/\",\"name\":\"Buy Purple Dragon cannabis (AAAAA) - stonersmeds.com\",\"isPartOf\":{\"@id\":\"https:\/\/stonersmeds.com\/#website\"},\"primaryImageOfPage\":{\"@id\":\"https:\/\/stonersmeds.com\/shop\/buy-purple-dragon-cannabis-aaaaa\/#primaryimage\"},\"image\":{\"@id\":\"https:\/\/stonersmeds.com\/shop\/buy-purple-dragon-cannabis-aaaaa\/#primaryimage\"},\"thumbnailUrl\":\"https:\/\/stonersmeds.com\/wp-content\/uploads\/2022\/03\/Buy-Purple-Dragon-cannabis-AAAAA.jpg\",\"datePublished\":\"2022-03-11T17:40:33+00:00\",\"dateModified\":\"2026-02-28T08:00:05+00:00\",\"breadcrumb\":{\"@id\":\"https:\/\/stonersmeds.com\/shop\/buy-purple-dragon-cannabis-aaaaa\/#breadcrumb\"},\"inLanguage\":\"ro-RO\",\"potentialAction\":[{\"@type\":\"ReadAction\",\"target\":[\"https:\/\/stonersmeds.com\/shop\/buy-purple-dragon-cannabis-aaaaa\/\"]}]},{\"@type\":\"ImageObject\",\"inLanguage\":\"ro-RO\",\"@id\":\"https:\/\/stonersmeds.com\/shop\/buy-purple-dragon-cannabis-aaaaa\/#primaryimage\",\"url\":\"https:\/\/stonersmeds.com\/wp-content\/uploads\/2022\/03\/Buy-Purple-Dragon-cannabis-AAAAA.jpg\",\"contentUrl\":\"https:\/\/stonersmeds.com\/wp-content\/uploads\/2022\/03\/Buy-Purple-Dragon-cannabis-AAAAA.jpg\",\"width\":600,\"height\":600},{\"@type\":\"BreadcrumbList\",\"@id\":\"https:\/\/stonersmeds.com\/shop\/buy-purple-dragon-cannabis-aaaaa\/#breadcrumb\",\"itemListElement\":[{\"@type\":\"ListItem\",\"position\":1,\"name\":\"Home\",\"item\":\"https:\/\/stonersmeds.com\/\"},{\"@type\":\"ListItem\",\"position\":2,\"name\":\"Shop\",\"item\":\"https:\/\/stonersmeds.com\/shop\/\"},{\"@type\":\"ListItem\",\"position\":3,\"name\":\"Buy Purple Dragon cannabis (AAAAA)\"}]},{\"@type\":\"WebSite\",\"@id\":\"https:\/\/stonersmeds.com\/#website\",\"url\":\"https:\/\/stonersmeds.com\/\",\"name\":\"stonersmeds.com\",\"description\":\"verschreibungspflichtige Medizin kaufen\",\"publisher\":{\"@id\":\"https:\/\/stonersmeds.com\/#organization\"},\"alternateName\":\"Research chemical shop\",\"potentialAction\":[{\"@type\":\"SearchAction\",\"target\":{\"@type\":\"EntryPoint\",\"urlTemplate\":\"https:\/\/stonersmeds.com\/?s={search_term_string}\"},\"query-input\":{\"@type\":\"PropertyValueSpecification\",\"valueRequired\":true,\"valueName\":\"search_term_string\"}}],\"inLanguage\":\"ro-RO\"},{\"@type\":\"Organization\",\"@id\":\"https:\/\/stonersmeds.com\/#organization\",\"name\":\"Stonersmeds Shop\",\"url\":\"https:\/\/stonersmeds.com\/\",\"logo\":{\"@type\":\"ImageObject\",\"inLanguage\":\"ro-RO\",\"@id\":\"https:\/\/stonersmeds.com\/#\/schema\/logo\/image\/\",\"url\":\"https:\/\/stonersmeds.com\/wp-content\/uploads\/2026\/02\/high-purity-DMT-powder.jpg\",\"contentUrl\":\"https:\/\/stonersmeds.com\/wp-content\/uploads\/2026\/02\/high-purity-DMT-powder.jpg\",\"width\":500,\"height\":500,\"caption\":\"Stonersmeds Shop\"},\"image\":{\"@id\":\"https:\/\/stonersmeds.com\/#\/schema\/logo\/image\/\"}}]}<\/script>\n<meta property=\"og:availability\" content=\"instock\" \/>\n<meta property=\"product:availability\" content=\"instock\" \/>\n<meta property=\"product:condition\" content=\"new\" \/>\n<!-- \/ Yoast SEO plugin. -->","yoast_head_json":{"title":"Cump\u0103ra\u021bi canabis Purple Dragon (AAAAA) - stonersmeds.com","robots":{"index":"index","follow":"follow","max-snippet":"max-snippet:-1","max-image-preview":"max-image-preview:large","max-video-preview":"max-video-preview:-1"},"canonical":"https:\/\/stonersmeds.com\/ro\/shop\/buy-purple-dragon-cannabis-aaaaa\/","og_locale":"ro_RO","og_type":"article","og_title":"Buy Purple Dragon cannabis (AAAAA) - stonersmeds.com","og_description":"$15 \/ gram   AAAAA represents the best of the best!  Contact us for wholesale orders  Minimum order is 7 grams  Worldwide shipping.  Buy Purple Dragon cannabis (AAAAA) Online - buy Dragon cannabis , buy Purple Dragon cannabis (AAAAA) , buy Purple Dragon cannabis online, Where to Buy Purple Dragon cannabis (AAAAA) , Purple Dragon cannabis (AAAAA) for sale, Purple Dragon cannabis for sale, buy Purple Dragon cannabis online, where to Buy Purple Dragon cannabis (AAAAA) online, Purple Dragon cannabis (AAAAA) for sale in usa , USA, canada,uk, buy, online, suppliers, safe delivery, You can still get Purple Dragon cannabis (AAAAA) , Is Purple Dragon cannabis (AAAAA) usa, buy cannabis (AAAAA) online usa, how to order Purple Dragon cannabis (AAAAA) , Is Purple Dragon cannabis (AAAAA) legal in Canada","og_url":"https:\/\/stonersmeds.com\/ro\/shop\/buy-purple-dragon-cannabis-aaaaa\/","og_site_name":"stonersmeds.com","article_modified_time":"2026-02-28T08:00:05+00:00","og_image":[{"width":600,"height":600,"url":"https:\/\/stonersmeds.com\/wp-content\/uploads\/2022\/03\/Buy-Purple-Dragon-cannabis-AAAAA.jpg","type":"image\/jpeg"}],"twitter_card":"summary_large_image","twitter_misc":{"Disponibilitate":"\u00cen stoc"},"schema":{"@context":"https:\/\/schema.org","@graph":[{"@type":"WebPage","@id":"https:\/\/stonersmeds.com\/shop\/buy-purple-dragon-cannabis-aaaaa\/","url":"https:\/\/stonersmeds.com\/shop\/buy-purple-dragon-cannabis-aaaaa\/","name":"Cump\u0103ra\u021bi canabis Purple Dragon (AAAAA) - stonersmeds.com","isPartOf":{"@id":"https:\/\/stonersmeds.com\/#website"},"primaryImageOfPage":{"@id":"https:\/\/stonersmeds.com\/shop\/buy-purple-dragon-cannabis-aaaaa\/#primaryimage"},"image":{"@id":"https:\/\/stonersmeds.com\/shop\/buy-purple-dragon-cannabis-aaaaa\/#primaryimage"},"thumbnailUrl":"https:\/\/stonersmeds.com\/wp-content\/uploads\/2022\/03\/Buy-Purple-Dragon-cannabis-AAAAA.jpg","datePublished":"2022-03-11T17:40:33+00:00","dateModified":"2026-02-28T08:00:05+00:00","breadcrumb":{"@id":"https:\/\/stonersmeds.com\/shop\/buy-purple-dragon-cannabis-aaaaa\/#breadcrumb"},"inLanguage":"ro-RO","potentialAction":[{"@type":"ReadAction","target":["https:\/\/stonersmeds.com\/shop\/buy-purple-dragon-cannabis-aaaaa\/"]}]},{"@type":"ImageObject","inLanguage":"ro-RO","@id":"https:\/\/stonersmeds.com\/shop\/buy-purple-dragon-cannabis-aaaaa\/#primaryimage","url":"https:\/\/stonersmeds.com\/wp-content\/uploads\/2022\/03\/Buy-Purple-Dragon-cannabis-AAAAA.jpg","contentUrl":"https:\/\/stonersmeds.com\/wp-content\/uploads\/2022\/03\/Buy-Purple-Dragon-cannabis-AAAAA.jpg","width":600,"height":600},{"@type":"BreadcrumbList","@id":"https:\/\/stonersmeds.com\/shop\/buy-purple-dragon-cannabis-aaaaa\/#breadcrumb","itemListElement":[{"@type":"ListItem","position":1,"name":"Home","item":"https:\/\/stonersmeds.com\/"},{"@type":"ListItem","position":2,"name":"Shop","item":"https:\/\/stonersmeds.com\/shop\/"},{"@type":"ListItem","position":3,"name":"Buy Purple Dragon cannabis (AAAAA)"}]},{"@type":"WebSite","@id":"https:\/\/stonersmeds.com\/#website","url":"https:\/\/stonersmeds.com\/","name":"stonersmeds.com","description":"verschreibungspflichtige Medizin kaufen","publisher":{"@id":"https:\/\/stonersmeds.com\/#organization"},"alternateName":"Research chemical shop","potentialAction":[{"@type":"SearchAction","target":{"@type":"EntryPoint","urlTemplate":"https:\/\/stonersmeds.com\/?s={search_term_string}"},"query-input":{"@type":"PropertyValueSpecification","valueRequired":true,"valueName":"search_term_string"}}],"inLanguage":"ro-RO"},{"@type":"Organization","@id":"https:\/\/stonersmeds.com\/#organization","name":"Stonersmeds Shop","url":"https:\/\/stonersmeds.com\/","logo":{"@type":"ImageObject","inLanguage":"ro-RO","@id":"https:\/\/stonersmeds.com\/#\/schema\/logo\/image\/","url":"https:\/\/stonersmeds.com\/wp-content\/uploads\/2026\/02\/high-purity-DMT-powder.jpg","contentUrl":"https:\/\/stonersmeds.com\/wp-content\/uploads\/2026\/02\/high-purity-DMT-powder.jpg","width":500,"height":500,"caption":"Stonersmeds Shop"},"image":{"@id":"https:\/\/stonersmeds.com\/#\/schema\/logo\/image\/"}}]},"og_availability":"instock","product_availability":"instock","product_condition":"new"},"_links":{"self":[{"href":"https:\/\/stonersmeds.com\/ro\/wp-json\/wp\/v2\/product\/9545","targetHints":{"allow":["GET"]}}],"collection":[{"href":"https:\/\/stonersmeds.com\/ro\/wp-json\/wp\/v2\/product"}],"about":[{"href":"https:\/\/stonersmeds.com\/ro\/wp-json\/wp\/v2\/types\/product"}],"replies":[{"embeddable":true,"href":"https:\/\/stonersmeds.com\/ro\/wp-json\/wp\/v2\/comments?post=9545"}],"version-history":[{"count":0,"href":"https:\/\/stonersmeds.com\/ro\/wp-json\/wp\/v2\/product\/9545\/revisions"}],"wp:featuredmedia":[{"embeddable":true,"href":"https:\/\/stonersmeds.com\/ro\/wp-json\/wp\/v2\/media\/9559"}],"wp:attachment":[{"href":"https:\/\/stonersmeds.com\/ro\/wp-json\/wp\/v2\/media?parent=9545"}],"wp:term":[{"taxonomy":"product_brand","embeddable":true,"href":"https:\/\/stonersmeds.com\/ro\/wp-json\/wp\/v2\/product_brand?post=9545"},{"taxonomy":"product_cat","embeddable":true,"href":"https:\/\/stonersmeds.com\/ro\/wp-json\/wp\/v2\/product_cat?post=9545"},{"taxonomy":"product_tag","embeddable":true,"href":"https:\/\/stonersmeds.com\/ro\/wp-json\/wp\/v2\/product_tag?post=9545"},{"taxonomy":"product_brands","embeddable":true,"href":"https:\/\/stonersmeds.com\/ro\/wp-json\/wp\/v2\/product_brands?post=9545"}],"curies":[{"name":"wp","href":"https:\/\/api.w.org\/{rel}","templated":true}]}}