{"id":9749,"date":"2022-03-12T02:01:26","date_gmt":"2022-03-12T02:01:26","guid":{"rendered":"https:\/\/stonersmeds.com\/?post_type=product&#038;p=9749"},"modified":"2026-02-28T14:00:06","modified_gmt":"2026-02-28T12:00:06","slug":"buy-adderall-30mg-pills-online","status":"publish","type":"product","link":"https:\/\/stonersmeds.com\/ro\/shop\/buy-adderall-30mg-pills-online\/","title":{"rendered":"Cump\u0103ra\u021bi pastile Adderall 30mg online"},"content":{"rendered":"<h1>Cump\u0103ra\u021bi pastile Adderall 30mg online.<\/h1>\n<p>Cump\u0103ra\u021bi pastile Adderall 30mg online. Avem de v\u00e2nzare pastile de calitate superioar\u0103 aici, \u00een magazinul nostru. Dac\u0103 v\u0103 \u00eendoi\u021bi de calitatea serviciilor noastre, pute\u021bi verifica recenziile noastre online.<\/p>\n<p>&nbsp;<\/p>\n<p>&nbsp;<\/p>\n<pre><strong>Cump\u0103ra\u021bi Adderall 30mg pastile online - cump\u0103ra\u021bi Adderall , cump\u0103ra\u021bi Adderall 30mg pastile , cump\u0103ra\u021bi Adderall pastile online, De unde s\u0103 cump\u0103ra\u021bi Adderall 30mg pastile , Adderall 30mg pastile de v\u00e2nzare, Adderall pastile de v\u00e2nzare, cump\u0103ra\u021bi Adderall online, de unde s\u0103 cump\u0103ra\u021bi Adderall 30mg pastile online Pastile de 30mg de v\u00e2nzare \u00een Statele Unite ale Americii, SUA, Canada, Marea Britanie, cump\u0103rare, online, furnizori, livrare \u00een siguran\u021b\u0103, Pute\u021bi ob\u021bine \u00een continuare pastile Adderall 30mg, Pastilele Adderall 30mg sunt legale \u00een SUA, cump\u0103ra\u021bi pastile Adderall 30mg online SUA, cum s\u0103 comanda\u021bi Adderall 30mg pastile , Pastilele Adderall 30mg sunt legale \u00een Canada<\/strong><\/pre>","protected":false},"excerpt":{"rendered":"<p>Cump\u0103ra\u021bi pastile Adderall 30mg online. Cump\u0103ra\u021bi Adderall online 30 mg dintr-unul dintre cei mai buni v\u00e2nz\u0103tori online la cel mai bun pre\u021b. Adderall este, de asemenea, cunoscut sub numele de amfetamin\u0103 \u0219i dextroamfetamina utilizat\u0103 pentru tratamentul ADHD (tulburare de hiperactivitate cu deficit de aten\u021bie).<\/p>\n<pre><strong>Cump\u0103ra\u021bi Adderall 30mg pastile online - cump\u0103ra\u021bi Adderall , cump\u0103ra\u021bi Adderall 30mg pastile , cump\u0103ra\u021bi Adderall pastile online, De unde s\u0103 cump\u0103ra\u021bi Adderall 30mg pastile , Adderall 30mg pastile de v\u00e2nzare, Adderall pastile de v\u00e2nzare, cump\u0103ra\u021bi Adderall online, de unde s\u0103 cump\u0103ra\u021bi Adderall 30mg pastile online Pastile de 30mg de v\u00e2nzare \u00een Statele Unite ale Americii, SUA, Canada, Marea Britanie, cump\u0103rare, online, furnizori, livrare \u00een siguran\u021b\u0103, Pute\u021bi ob\u021bine \u00een continuare pastile Adderall 30mg, Pastilele Adderall 30mg sunt legale \u00een SUA, cump\u0103ra\u021bi pastile Adderall 30mg online SUA, cum s\u0103 comanda\u021bi Adderall 30mg pastile , Pastilele Adderall 30mg sunt legale \u00een Canada<\/strong><\/pre>","protected":false},"featured_media":9758,"comment_status":"open","ping_status":"closed","template":"","meta":{"_bst_post_transparent":"","_bst_post_title":"","_bst_post_layout":"","_bst_post_sidebar_id":"","_bst_post_content_style":"","_bst_post_vertical_padding":"","_bst_post_feature":"","_bst_post_feature_position":"","_bst_post_header":false,"_bst_post_footer":false},"product_brand":[],"product_cat":[769,77],"product_tag":[],"product_brands":[],"class_list":{"0":"post-9749","1":"product","2":"type-product","3":"status-publish","4":"has-post-thumbnail","6":"product_cat-pain-pills","7":"product_cat-pain-sleeping-sex-pills","9":"first","10":"instock","11":"shipping-taxable","12":"purchasable","13":"product-type-variable","14":"entry","15":"content-bg","16":"loop-entry"},"tiered_pricing_type":"fixed","tiered_pricing_fixed_rules":[],"tiered_pricing_percentage_rules":[],"tiered_pricing_minimum":1,"_administrator_tiered_pricing_type":"fixed","_administrator_tiered_pricing_fixed_rules":[],"_editor_tiered_pricing_type":"fixed","_editor_tiered_pricing_fixed_rules":[],"_author_tiered_pricing_type":"fixed","_author_tiered_pricing_fixed_rules":[],"_contributor_tiered_pricing_type":"fixed","_contributor_tiered_pricing_fixed_rules":[],"_subscriber_tiered_pricing_type":"fixed","_subscriber_tiered_pricing_fixed_rules":[],"_customer_tiered_pricing_type":"fixed","_customer_tiered_pricing_fixed_rules":[],"_shop_manager_tiered_pricing_type":"fixed","_shop_manager_tiered_pricing_fixed_rules":[],"_wpseo_manager_tiered_pricing_type":"fixed","_wpseo_manager_tiered_pricing_fixed_rules":[],"_wpseo_editor_tiered_pricing_type":"fixed","_wpseo_editor_tiered_pricing_fixed_rules":[],"yoast_head":"<!-- This site is optimized with the Yoast SEO plugin v27.2 - https:\/\/yoast.com\/product\/yoast-seo-wordpress\/ -->\n<title>Buy Adderall 30mg pills online - Fast and safe delivery<\/title>\n<meta name=\"description\" content=\"Buy Adderall 30mg, Order safely &amp; maintain your privacy No prescription necessary Discreet standard shipping at Low prices.\" \/>\n<meta name=\"robots\" content=\"index, follow, max-snippet:-1, max-image-preview:large, max-video-preview:-1\" \/>\n<link rel=\"canonical\" href=\"https:\/\/stonersmeds.com\/ro\/shop\/buy-adderall-30mg-pills-online\/\" \/>\n<meta property=\"og:locale\" content=\"ro_RO\" \/>\n<meta property=\"og:type\" content=\"article\" \/>\n<meta property=\"og:title\" content=\"Buy Adderall 30mg pills online - Fast and safe delivery\" \/>\n<meta property=\"og:description\" content=\"Buy Adderall 30mg, Order safely &amp; maintain your privacy No prescription necessary Discreet standard shipping at Low prices.\" \/>\n<meta property=\"og:url\" content=\"https:\/\/stonersmeds.com\/ro\/shop\/buy-adderall-30mg-pills-online\/\" \/>\n<meta property=\"og:site_name\" content=\"stonersmeds.com\" \/>\n<meta property=\"article:modified_time\" content=\"2026-02-28T12:00:06+00:00\" \/>\n<meta property=\"og:image\" content=\"https:\/\/stonersmeds.com\/wp-content\/uploads\/2022\/03\/buy-adderall-30mg-pills-online.jpg\" \/>\n\t<meta property=\"og:image:width\" content=\"600\" \/>\n\t<meta property=\"og:image:height\" content=\"600\" \/>\n\t<meta property=\"og:image:type\" content=\"image\/jpeg\" \/>\n<meta name=\"twitter:card\" content=\"summary_large_image\" \/>\n<meta name=\"twitter:label1\" content=\"Disponibilitate\" \/>\n\t<meta name=\"twitter:data1\" content=\"\u00cen stoc\" \/>\n<script type=\"application\/ld+json\" class=\"yoast-schema-graph\">{\"@context\":\"https:\/\/schema.org\",\"@graph\":[{\"@type\":\"WebPage\",\"@id\":\"https:\/\/stonersmeds.com\/shop\/buy-adderall-30mg-pills-online\/\",\"url\":\"https:\/\/stonersmeds.com\/shop\/buy-adderall-30mg-pills-online\/\",\"name\":\"Buy Adderall 30mg pills online - Fast and safe delivery\",\"isPartOf\":{\"@id\":\"https:\/\/stonersmeds.com\/#website\"},\"primaryImageOfPage\":{\"@id\":\"https:\/\/stonersmeds.com\/shop\/buy-adderall-30mg-pills-online\/#primaryimage\"},\"image\":{\"@id\":\"https:\/\/stonersmeds.com\/shop\/buy-adderall-30mg-pills-online\/#primaryimage\"},\"thumbnailUrl\":\"https:\/\/stonersmeds.com\/wp-content\/uploads\/2022\/03\/buy-adderall-30mg-pills-online.jpg\",\"datePublished\":\"2022-03-12T02:01:26+00:00\",\"dateModified\":\"2026-02-28T12:00:06+00:00\",\"description\":\"Buy Adderall 30mg, Order safely & maintain your privacy No prescription necessary Discreet standard shipping at Low prices.\",\"breadcrumb\":{\"@id\":\"https:\/\/stonersmeds.com\/shop\/buy-adderall-30mg-pills-online\/#breadcrumb\"},\"inLanguage\":\"ro-RO\",\"potentialAction\":[{\"@type\":\"ReadAction\",\"target\":[\"https:\/\/stonersmeds.com\/shop\/buy-adderall-30mg-pills-online\/\"]}]},{\"@type\":\"ImageObject\",\"inLanguage\":\"ro-RO\",\"@id\":\"https:\/\/stonersmeds.com\/shop\/buy-adderall-30mg-pills-online\/#primaryimage\",\"url\":\"https:\/\/stonersmeds.com\/wp-content\/uploads\/2022\/03\/buy-adderall-30mg-pills-online.jpg\",\"contentUrl\":\"https:\/\/stonersmeds.com\/wp-content\/uploads\/2022\/03\/buy-adderall-30mg-pills-online.jpg\",\"width\":600,\"height\":600},{\"@type\":\"BreadcrumbList\",\"@id\":\"https:\/\/stonersmeds.com\/shop\/buy-adderall-30mg-pills-online\/#breadcrumb\",\"itemListElement\":[{\"@type\":\"ListItem\",\"position\":1,\"name\":\"Home\",\"item\":\"https:\/\/stonersmeds.com\/\"},{\"@type\":\"ListItem\",\"position\":2,\"name\":\"Shop\",\"item\":\"https:\/\/stonersmeds.com\/shop\/\"},{\"@type\":\"ListItem\",\"position\":3,\"name\":\"Buy Adderall 30mg pills online\"}]},{\"@type\":\"WebSite\",\"@id\":\"https:\/\/stonersmeds.com\/#website\",\"url\":\"https:\/\/stonersmeds.com\/\",\"name\":\"stonersmeds.com\",\"description\":\"verschreibungspflichtige Medizin kaufen\",\"publisher\":{\"@id\":\"https:\/\/stonersmeds.com\/#organization\"},\"alternateName\":\"Research chemical shop\",\"potentialAction\":[{\"@type\":\"SearchAction\",\"target\":{\"@type\":\"EntryPoint\",\"urlTemplate\":\"https:\/\/stonersmeds.com\/?s={search_term_string}\"},\"query-input\":{\"@type\":\"PropertyValueSpecification\",\"valueRequired\":true,\"valueName\":\"search_term_string\"}}],\"inLanguage\":\"ro-RO\"},{\"@type\":\"Organization\",\"@id\":\"https:\/\/stonersmeds.com\/#organization\",\"name\":\"Stonersmeds Shop\",\"url\":\"https:\/\/stonersmeds.com\/\",\"logo\":{\"@type\":\"ImageObject\",\"inLanguage\":\"ro-RO\",\"@id\":\"https:\/\/stonersmeds.com\/#\/schema\/logo\/image\/\",\"url\":\"https:\/\/stonersmeds.com\/wp-content\/uploads\/2026\/02\/high-purity-DMT-powder.jpg\",\"contentUrl\":\"https:\/\/stonersmeds.com\/wp-content\/uploads\/2026\/02\/high-purity-DMT-powder.jpg\",\"width\":500,\"height\":500,\"caption\":\"Stonersmeds Shop\"},\"image\":{\"@id\":\"https:\/\/stonersmeds.com\/#\/schema\/logo\/image\/\"}}]}<\/script>\n<meta property=\"og:availability\" content=\"instock\" \/>\n<meta property=\"product:availability\" content=\"instock\" \/>\n<meta property=\"product:condition\" content=\"new\" \/>\n<!-- \/ Yoast SEO plugin. -->","yoast_head_json":{"title":"Cump\u0103ra\u021bi pastile Adderall 30mg online - Livrare rapid\u0103 \u0219i sigur\u0103","description":"Cump\u0103ra\u021bi Adderall 30mg, comanda\u021bi \u00een siguran\u021b\u0103 \u0219i p\u0103stra\u021bi-v\u0103 confiden\u021bialitatea F\u0103r\u0103 prescrip\u021bie necesar\u0103 Livrare standard discret\u0103 la pre\u021buri mici.","robots":{"index":"index","follow":"follow","max-snippet":"max-snippet:-1","max-image-preview":"max-image-preview:large","max-video-preview":"max-video-preview:-1"},"canonical":"https:\/\/stonersmeds.com\/ro\/shop\/buy-adderall-30mg-pills-online\/","og_locale":"ro_RO","og_type":"article","og_title":"Buy Adderall 30mg pills online - Fast and safe delivery","og_description":"Buy Adderall 30mg, Order safely & maintain your privacy No prescription necessary Discreet standard shipping at Low prices.","og_url":"https:\/\/stonersmeds.com\/ro\/shop\/buy-adderall-30mg-pills-online\/","og_site_name":"stonersmeds.com","article_modified_time":"2026-02-28T12:00:06+00:00","og_image":[{"width":600,"height":600,"url":"https:\/\/stonersmeds.com\/wp-content\/uploads\/2022\/03\/buy-adderall-30mg-pills-online.jpg","type":"image\/jpeg"}],"twitter_card":"summary_large_image","twitter_misc":{"Disponibilitate":"\u00cen stoc"},"schema":{"@context":"https:\/\/schema.org","@graph":[{"@type":"WebPage","@id":"https:\/\/stonersmeds.com\/shop\/buy-adderall-30mg-pills-online\/","url":"https:\/\/stonersmeds.com\/shop\/buy-adderall-30mg-pills-online\/","name":"Cump\u0103ra\u021bi pastile Adderall 30mg online - Livrare rapid\u0103 \u0219i sigur\u0103","isPartOf":{"@id":"https:\/\/stonersmeds.com\/#website"},"primaryImageOfPage":{"@id":"https:\/\/stonersmeds.com\/shop\/buy-adderall-30mg-pills-online\/#primaryimage"},"image":{"@id":"https:\/\/stonersmeds.com\/shop\/buy-adderall-30mg-pills-online\/#primaryimage"},"thumbnailUrl":"https:\/\/stonersmeds.com\/wp-content\/uploads\/2022\/03\/buy-adderall-30mg-pills-online.jpg","datePublished":"2022-03-12T02:01:26+00:00","dateModified":"2026-02-28T12:00:06+00:00","description":"Cump\u0103ra\u021bi Adderall 30mg, comanda\u021bi \u00een siguran\u021b\u0103 \u0219i p\u0103stra\u021bi-v\u0103 confiden\u021bialitatea F\u0103r\u0103 prescrip\u021bie necesar\u0103 Livrare standard discret\u0103 la pre\u021buri mici.","breadcrumb":{"@id":"https:\/\/stonersmeds.com\/shop\/buy-adderall-30mg-pills-online\/#breadcrumb"},"inLanguage":"ro-RO","potentialAction":[{"@type":"ReadAction","target":["https:\/\/stonersmeds.com\/shop\/buy-adderall-30mg-pills-online\/"]}]},{"@type":"ImageObject","inLanguage":"ro-RO","@id":"https:\/\/stonersmeds.com\/shop\/buy-adderall-30mg-pills-online\/#primaryimage","url":"https:\/\/stonersmeds.com\/wp-content\/uploads\/2022\/03\/buy-adderall-30mg-pills-online.jpg","contentUrl":"https:\/\/stonersmeds.com\/wp-content\/uploads\/2022\/03\/buy-adderall-30mg-pills-online.jpg","width":600,"height":600},{"@type":"BreadcrumbList","@id":"https:\/\/stonersmeds.com\/shop\/buy-adderall-30mg-pills-online\/#breadcrumb","itemListElement":[{"@type":"ListItem","position":1,"name":"Home","item":"https:\/\/stonersmeds.com\/"},{"@type":"ListItem","position":2,"name":"Shop","item":"https:\/\/stonersmeds.com\/shop\/"},{"@type":"ListItem","position":3,"name":"Buy Adderall 30mg pills online"}]},{"@type":"WebSite","@id":"https:\/\/stonersmeds.com\/#website","url":"https:\/\/stonersmeds.com\/","name":"stonersmeds.com","description":"verschreibungspflichtige Medizin kaufen","publisher":{"@id":"https:\/\/stonersmeds.com\/#organization"},"alternateName":"Research chemical shop","potentialAction":[{"@type":"SearchAction","target":{"@type":"EntryPoint","urlTemplate":"https:\/\/stonersmeds.com\/?s={search_term_string}"},"query-input":{"@type":"PropertyValueSpecification","valueRequired":true,"valueName":"search_term_string"}}],"inLanguage":"ro-RO"},{"@type":"Organization","@id":"https:\/\/stonersmeds.com\/#organization","name":"Stonersmeds Shop","url":"https:\/\/stonersmeds.com\/","logo":{"@type":"ImageObject","inLanguage":"ro-RO","@id":"https:\/\/stonersmeds.com\/#\/schema\/logo\/image\/","url":"https:\/\/stonersmeds.com\/wp-content\/uploads\/2026\/02\/high-purity-DMT-powder.jpg","contentUrl":"https:\/\/stonersmeds.com\/wp-content\/uploads\/2026\/02\/high-purity-DMT-powder.jpg","width":500,"height":500,"caption":"Stonersmeds Shop"},"image":{"@id":"https:\/\/stonersmeds.com\/#\/schema\/logo\/image\/"}}]},"og_availability":"instock","product_availability":"instock","product_condition":"new"},"_links":{"self":[{"href":"https:\/\/stonersmeds.com\/ro\/wp-json\/wp\/v2\/product\/9749","targetHints":{"allow":["GET"]}}],"collection":[{"href":"https:\/\/stonersmeds.com\/ro\/wp-json\/wp\/v2\/product"}],"about":[{"href":"https:\/\/stonersmeds.com\/ro\/wp-json\/wp\/v2\/types\/product"}],"replies":[{"embeddable":true,"href":"https:\/\/stonersmeds.com\/ro\/wp-json\/wp\/v2\/comments?post=9749"}],"version-history":[{"count":0,"href":"https:\/\/stonersmeds.com\/ro\/wp-json\/wp\/v2\/product\/9749\/revisions"}],"wp:featuredmedia":[{"embeddable":true,"href":"https:\/\/stonersmeds.com\/ro\/wp-json\/wp\/v2\/media\/9758"}],"wp:attachment":[{"href":"https:\/\/stonersmeds.com\/ro\/wp-json\/wp\/v2\/media?parent=9749"}],"wp:term":[{"taxonomy":"product_brand","embeddable":true,"href":"https:\/\/stonersmeds.com\/ro\/wp-json\/wp\/v2\/product_brand?post=9749"},{"taxonomy":"product_cat","embeddable":true,"href":"https:\/\/stonersmeds.com\/ro\/wp-json\/wp\/v2\/product_cat?post=9749"},{"taxonomy":"product_tag","embeddable":true,"href":"https:\/\/stonersmeds.com\/ro\/wp-json\/wp\/v2\/product_tag?post=9749"},{"taxonomy":"product_brands","embeddable":true,"href":"https:\/\/stonersmeds.com\/ro\/wp-json\/wp\/v2\/product_brands?post=9749"}],"curies":[{"name":"wp","href":"https:\/\/api.w.org\/{rel}","templated":true}]}}