{"id":9828,"date":"2022-03-12T02:41:29","date_gmt":"2022-03-12T02:41:29","guid":{"rendered":"https:\/\/stonersmeds.com\/?post_type=product&#038;p=9828"},"modified":"2026-03-01T11:30:06","modified_gmt":"2026-03-01T09:30:06","slug":"buy-fentanyl-tablets-online","status":"publish","type":"product","link":"https:\/\/stonersmeds.com\/ro\/shop\/buy-fentanyl-tablets-online\/","title":{"rendered":"Cump\u0103ra\u021bi tablete de fentanil online"},"content":{"rendered":"<h1>Cump\u0103ra\u021bi tablete de fentanil online<\/h1>\n<p>Pentru ce este fentanilul:<br \/>\nFolosit pentru ameliorarea durerii<\/p>\n<p>Cum ac\u021bioneaz\u0103 Fentanyl:<br \/>\nFentanilul reduce senza\u021bia \u0219i r\u0103spunsul unei persoane la durere.<\/p>\n<p>Cum trebuie utilizat fentanilul:<br \/>\nNu lua\u021bi acest <a href=\"https:\/\/stonersmeds.com\/ro\/eticheta-produs\/pain-medication-without-doctor-prescription\/\">medicamente cu alte analgezice puternice f\u0103r\u0103 a discuta cu medicul dumneavoastr\u0103.<\/a> prima. Be\u021bi multe lichide decofeinizate, cu excep\u021bia cazului \u00een care medicul dumneavoastr\u0103 v\u0103 spune s\u0103 be\u021bi mai pu\u021bine lichide. \u021aine\u021bi un jurnal al durerii.<\/p>\n<div><\/div>\n<div><\/div>\n<div><\/div>\n<div><\/div>\n<pre><strong>Cump\u0103ra\u021bi tablete de fentanil online - cump\u0103ra\u021bi fentanil, cump\u0103ra\u021bi tablete de fentanil, cump\u0103ra\u021bi fentanil online, unde s\u0103 cump\u0103ra\u021bi tablete de fentanil, tablete de fentanil de v\u00e2nzare, fentanil de v\u00e2nzare, cump\u0103ra\u021bi tablete online, unde s\u0103 cump\u0103ra\u021bi tablete de fentanil online, tablete de fentanil de v\u00e2nzare \u00een SUA, Statele Unite ale Americii, Canada, Marea Britanie, cump\u0103ra\u021bi, online, furnizori, livrare sigur\u0103, Pute\u021bi ob\u021bine \u00een continuare tablete de fentanil , Este tabletele de fentanil legale \u00een SUA, cump\u0103ra\u021bi tablete de fentanil online \u00een SUA, cum s\u0103 comanda\u021bi tablete de fentanil , Este tabletele de fentanil legale \u00een Canada<\/strong><\/pre>","protected":false},"excerpt":{"rendered":"<p><strong>200mcg ..........................00$4 \/ Pastil\u0103<\/strong><\/p>\n<p>Fentanilul este disponibil sub forma a patru produse transmucosale diferite \u0219i a altor c\u00e2teva tipuri de produse. Medicamentul din fiecare produs este absorbit \u00een mod diferit de c\u0103tre organism, astfel \u00eenc\u00e2t un produs nu poate fi \u00eenlocuit cu altul. Atunci c\u00e2nd trece\u021bi de la un produs la altul, medicul dumneavoastr\u0103 v\u0103 va prescrie cea mai bun\u0103 doz\u0103 pentru dumneavoastr\u0103.<\/p>\n<pre><strong>Cump\u0103ra\u021bi tablete de fentanil online - cump\u0103ra\u021bi fentanil, cump\u0103ra\u021bi tablete de fentanil, cump\u0103ra\u021bi fentanil online, unde s\u0103 cump\u0103ra\u021bi tablete de fentanil, tablete de fentanil de v\u00e2nzare, fentanil de v\u00e2nzare, cump\u0103ra\u021bi tablete online, unde s\u0103 cump\u0103ra\u021bi tablete de fentanil online, tablete de fentanil de v\u00e2nzare \u00een SUA, Statele Unite ale Americii, Canada, Marea Britanie, cump\u0103ra\u021bi, online, furnizori, livrare sigur\u0103, Pute\u021bi ob\u021bine \u00een continuare tablete de fentanil , Este tabletele de fentanil legale \u00een SUA, cump\u0103ra\u021bi tablete de fentanil online \u00een SUA, cum s\u0103 comanda\u021bi tablete de fentanil , Este tabletele de fentanil legale \u00een Canada<\/strong><\/pre>","protected":false},"featured_media":9837,"comment_status":"open","ping_status":"closed","template":"","meta":{"_bst_post_transparent":"","_bst_post_title":"","_bst_post_layout":"","_bst_post_sidebar_id":"","_bst_post_content_style":"","_bst_post_vertical_padding":"","_bst_post_feature":"","_bst_post_feature_position":"","_bst_post_header":false,"_bst_post_footer":false},"product_brand":[],"product_cat":[769,77,771],"product_tag":[],"product_brands":[],"class_list":{"0":"post-9828","1":"product","2":"type-product","3":"status-publish","4":"has-post-thumbnail","6":"product_cat-pain-pills","7":"product_cat-pain-sleeping-sex-pills","8":"product_cat-sex-pills","10":"first","11":"instock","12":"shipping-taxable","13":"purchasable","14":"product-type-variable","15":"entry","16":"content-bg","17":"loop-entry"},"tiered_pricing_type":"fixed","tiered_pricing_fixed_rules":[],"tiered_pricing_percentage_rules":[],"tiered_pricing_minimum":1,"_administrator_tiered_pricing_type":"fixed","_administrator_tiered_pricing_fixed_rules":[],"_editor_tiered_pricing_type":"fixed","_editor_tiered_pricing_fixed_rules":[],"_author_tiered_pricing_type":"fixed","_author_tiered_pricing_fixed_rules":[],"_contributor_tiered_pricing_type":"fixed","_contributor_tiered_pricing_fixed_rules":[],"_subscriber_tiered_pricing_type":"fixed","_subscriber_tiered_pricing_fixed_rules":[],"_customer_tiered_pricing_type":"fixed","_customer_tiered_pricing_fixed_rules":[],"_shop_manager_tiered_pricing_type":"fixed","_shop_manager_tiered_pricing_fixed_rules":[],"_wpseo_manager_tiered_pricing_type":"fixed","_wpseo_manager_tiered_pricing_fixed_rules":[],"_wpseo_editor_tiered_pricing_type":"fixed","_wpseo_editor_tiered_pricing_fixed_rules":[],"yoast_head":"<!-- This site is optimized with the Yoast SEO plugin v27.2 - https:\/\/yoast.com\/product\/yoast-seo-wordpress\/ -->\n<title>Buy fentanyl tablets online - Fast and safe delivery<\/title>\n<meta name=\"description\" content=\"Buy fentanyl tablets, Order safely &amp; maintain your privacy No prescription necessary Discreet standard shipping at Low prices.\" \/>\n<meta name=\"robots\" content=\"index, follow, max-snippet:-1, max-image-preview:large, max-video-preview:-1\" \/>\n<link rel=\"canonical\" href=\"https:\/\/stonersmeds.com\/ro\/shop\/buy-fentanyl-tablets-online\/\" \/>\n<meta property=\"og:locale\" content=\"ro_RO\" \/>\n<meta property=\"og:type\" content=\"article\" \/>\n<meta property=\"og:title\" content=\"Buy fentanyl tablets online - Fast and safe delivery\" \/>\n<meta property=\"og:description\" content=\"Buy fentanyl tablets, Order safely &amp; maintain your privacy No prescription necessary Discreet standard shipping at Low prices.\" \/>\n<meta property=\"og:url\" content=\"https:\/\/stonersmeds.com\/ro\/shop\/buy-fentanyl-tablets-online\/\" \/>\n<meta property=\"og:site_name\" content=\"stonersmeds.com\" \/>\n<meta property=\"article:modified_time\" content=\"2026-03-01T09:30:06+00:00\" \/>\n<meta property=\"og:image\" content=\"https:\/\/stonersmeds.com\/wp-content\/uploads\/2022\/03\/buy-fentanyl-tablets-online-1.jpg\" \/>\n\t<meta property=\"og:image:width\" content=\"600\" \/>\n\t<meta property=\"og:image:height\" content=\"600\" \/>\n\t<meta property=\"og:image:type\" content=\"image\/jpeg\" \/>\n<meta name=\"twitter:card\" content=\"summary_large_image\" \/>\n<meta name=\"twitter:label1\" content=\"Disponibilitate\" \/>\n\t<meta name=\"twitter:data1\" content=\"\u00cen stoc\" \/>\n<script type=\"application\/ld+json\" class=\"yoast-schema-graph\">{\"@context\":\"https:\/\/schema.org\",\"@graph\":[{\"@type\":\"WebPage\",\"@id\":\"https:\/\/stonersmeds.com\/de\/shop\/buy-fentanyl-tablets-online\/\",\"url\":\"https:\/\/stonersmeds.com\/de\/shop\/buy-fentanyl-tablets-online\/\",\"name\":\"Buy fentanyl tablets online - Fast and safe delivery\",\"isPartOf\":{\"@id\":\"https:\/\/stonersmeds.com\/#website\"},\"primaryImageOfPage\":{\"@id\":\"https:\/\/stonersmeds.com\/de\/shop\/buy-fentanyl-tablets-online\/#primaryimage\"},\"image\":{\"@id\":\"https:\/\/stonersmeds.com\/de\/shop\/buy-fentanyl-tablets-online\/#primaryimage\"},\"thumbnailUrl\":\"https:\/\/stonersmeds.com\/wp-content\/uploads\/2022\/03\/buy-fentanyl-tablets-online-1.jpg\",\"datePublished\":\"2022-03-12T02:41:29+00:00\",\"dateModified\":\"2026-03-01T09:30:06+00:00\",\"description\":\"Buy fentanyl tablets, Order safely & maintain your privacy No prescription necessary Discreet standard shipping at Low prices.\",\"breadcrumb\":{\"@id\":\"https:\/\/stonersmeds.com\/de\/shop\/buy-fentanyl-tablets-online\/#breadcrumb\"},\"inLanguage\":\"ro-RO\",\"potentialAction\":[{\"@type\":\"ReadAction\",\"target\":[\"https:\/\/stonersmeds.com\/de\/shop\/buy-fentanyl-tablets-online\/\"]}]},{\"@type\":\"ImageObject\",\"inLanguage\":\"ro-RO\",\"@id\":\"https:\/\/stonersmeds.com\/de\/shop\/buy-fentanyl-tablets-online\/#primaryimage\",\"url\":\"https:\/\/stonersmeds.com\/wp-content\/uploads\/2022\/03\/buy-fentanyl-tablets-online-1.jpg\",\"contentUrl\":\"https:\/\/stonersmeds.com\/wp-content\/uploads\/2022\/03\/buy-fentanyl-tablets-online-1.jpg\",\"width\":600,\"height\":600},{\"@type\":\"BreadcrumbList\",\"@id\":\"https:\/\/stonersmeds.com\/de\/shop\/buy-fentanyl-tablets-online\/#breadcrumb\",\"itemListElement\":[{\"@type\":\"ListItem\",\"position\":1,\"name\":\"Home\",\"item\":\"https:\/\/stonersmeds.com\/\"},{\"@type\":\"ListItem\",\"position\":2,\"name\":\"Shop\",\"item\":\"https:\/\/stonersmeds.com\/shop\/\"},{\"@type\":\"ListItem\",\"position\":3,\"name\":\"Buy fentanyl tablets online\"}]},{\"@type\":\"WebSite\",\"@id\":\"https:\/\/stonersmeds.com\/#website\",\"url\":\"https:\/\/stonersmeds.com\/\",\"name\":\"stonersmeds.com\",\"description\":\"verschreibungspflichtige Medizin kaufen\",\"publisher\":{\"@id\":\"https:\/\/stonersmeds.com\/#organization\"},\"alternateName\":\"Research chemical shop\",\"potentialAction\":[{\"@type\":\"SearchAction\",\"target\":{\"@type\":\"EntryPoint\",\"urlTemplate\":\"https:\/\/stonersmeds.com\/?s={search_term_string}\"},\"query-input\":{\"@type\":\"PropertyValueSpecification\",\"valueRequired\":true,\"valueName\":\"search_term_string\"}}],\"inLanguage\":\"ro-RO\"},{\"@type\":\"Organization\",\"@id\":\"https:\/\/stonersmeds.com\/#organization\",\"name\":\"Stonersmeds Shop\",\"url\":\"https:\/\/stonersmeds.com\/\",\"logo\":{\"@type\":\"ImageObject\",\"inLanguage\":\"ro-RO\",\"@id\":\"https:\/\/stonersmeds.com\/#\/schema\/logo\/image\/\",\"url\":\"https:\/\/stonersmeds.com\/wp-content\/uploads\/2026\/02\/high-purity-DMT-powder.jpg\",\"contentUrl\":\"https:\/\/stonersmeds.com\/wp-content\/uploads\/2026\/02\/high-purity-DMT-powder.jpg\",\"width\":500,\"height\":500,\"caption\":\"Stonersmeds Shop\"},\"image\":{\"@id\":\"https:\/\/stonersmeds.com\/#\/schema\/logo\/image\/\"}}]}<\/script>\n<meta property=\"og:availability\" content=\"instock\" \/>\n<meta property=\"product:availability\" content=\"instock\" \/>\n<meta property=\"product:condition\" content=\"new\" \/>\n<!-- \/ Yoast SEO plugin. -->","yoast_head_json":{"title":"Cump\u0103ra\u021bi tablete de fentanil online - Livrare rapid\u0103 \u0219i sigur\u0103","description":"Cump\u0103ra\u021bi tablete de fentanil, Comanda\u021bi \u00een siguran\u021b\u0103 \u0219i p\u0103stra\u021bi-v\u0103 confiden\u021bialitatea Nu este necesar\u0103 prescrip\u021bie medical\u0103 Transport standard discret la pre\u021buri sc\u0103zute.","robots":{"index":"index","follow":"follow","max-snippet":"max-snippet:-1","max-image-preview":"max-image-preview:large","max-video-preview":"max-video-preview:-1"},"canonical":"https:\/\/stonersmeds.com\/ro\/shop\/buy-fentanyl-tablets-online\/","og_locale":"ro_RO","og_type":"article","og_title":"Buy fentanyl tablets online - Fast and safe delivery","og_description":"Buy fentanyl tablets, Order safely & maintain your privacy No prescription necessary Discreet standard shipping at Low prices.","og_url":"https:\/\/stonersmeds.com\/ro\/shop\/buy-fentanyl-tablets-online\/","og_site_name":"stonersmeds.com","article_modified_time":"2026-03-01T09:30:06+00:00","og_image":[{"width":600,"height":600,"url":"https:\/\/stonersmeds.com\/wp-content\/uploads\/2022\/03\/buy-fentanyl-tablets-online-1.jpg","type":"image\/jpeg"}],"twitter_card":"summary_large_image","twitter_misc":{"Disponibilitate":"\u00cen stoc"},"schema":{"@context":"https:\/\/schema.org","@graph":[{"@type":"WebPage","@id":"https:\/\/stonersmeds.com\/de\/shop\/buy-fentanyl-tablets-online\/","url":"https:\/\/stonersmeds.com\/de\/shop\/buy-fentanyl-tablets-online\/","name":"Cump\u0103ra\u021bi tablete de fentanil online - Livrare rapid\u0103 \u0219i sigur\u0103","isPartOf":{"@id":"https:\/\/stonersmeds.com\/#website"},"primaryImageOfPage":{"@id":"https:\/\/stonersmeds.com\/de\/shop\/buy-fentanyl-tablets-online\/#primaryimage"},"image":{"@id":"https:\/\/stonersmeds.com\/de\/shop\/buy-fentanyl-tablets-online\/#primaryimage"},"thumbnailUrl":"https:\/\/stonersmeds.com\/wp-content\/uploads\/2022\/03\/buy-fentanyl-tablets-online-1.jpg","datePublished":"2022-03-12T02:41:29+00:00","dateModified":"2026-03-01T09:30:06+00:00","description":"Cump\u0103ra\u021bi tablete de fentanil, Comanda\u021bi \u00een siguran\u021b\u0103 \u0219i p\u0103stra\u021bi-v\u0103 confiden\u021bialitatea Nu este necesar\u0103 prescrip\u021bie medical\u0103 Transport standard discret la pre\u021buri sc\u0103zute.","breadcrumb":{"@id":"https:\/\/stonersmeds.com\/de\/shop\/buy-fentanyl-tablets-online\/#breadcrumb"},"inLanguage":"ro-RO","potentialAction":[{"@type":"ReadAction","target":["https:\/\/stonersmeds.com\/de\/shop\/buy-fentanyl-tablets-online\/"]}]},{"@type":"ImageObject","inLanguage":"ro-RO","@id":"https:\/\/stonersmeds.com\/de\/shop\/buy-fentanyl-tablets-online\/#primaryimage","url":"https:\/\/stonersmeds.com\/wp-content\/uploads\/2022\/03\/buy-fentanyl-tablets-online-1.jpg","contentUrl":"https:\/\/stonersmeds.com\/wp-content\/uploads\/2022\/03\/buy-fentanyl-tablets-online-1.jpg","width":600,"height":600},{"@type":"BreadcrumbList","@id":"https:\/\/stonersmeds.com\/de\/shop\/buy-fentanyl-tablets-online\/#breadcrumb","itemListElement":[{"@type":"ListItem","position":1,"name":"Home","item":"https:\/\/stonersmeds.com\/"},{"@type":"ListItem","position":2,"name":"Shop","item":"https:\/\/stonersmeds.com\/shop\/"},{"@type":"ListItem","position":3,"name":"Buy fentanyl tablets online"}]},{"@type":"WebSite","@id":"https:\/\/stonersmeds.com\/#website","url":"https:\/\/stonersmeds.com\/","name":"stonersmeds.com","description":"verschreibungspflichtige Medizin kaufen","publisher":{"@id":"https:\/\/stonersmeds.com\/#organization"},"alternateName":"Research chemical shop","potentialAction":[{"@type":"SearchAction","target":{"@type":"EntryPoint","urlTemplate":"https:\/\/stonersmeds.com\/?s={search_term_string}"},"query-input":{"@type":"PropertyValueSpecification","valueRequired":true,"valueName":"search_term_string"}}],"inLanguage":"ro-RO"},{"@type":"Organization","@id":"https:\/\/stonersmeds.com\/#organization","name":"Stonersmeds Shop","url":"https:\/\/stonersmeds.com\/","logo":{"@type":"ImageObject","inLanguage":"ro-RO","@id":"https:\/\/stonersmeds.com\/#\/schema\/logo\/image\/","url":"https:\/\/stonersmeds.com\/wp-content\/uploads\/2026\/02\/high-purity-DMT-powder.jpg","contentUrl":"https:\/\/stonersmeds.com\/wp-content\/uploads\/2026\/02\/high-purity-DMT-powder.jpg","width":500,"height":500,"caption":"Stonersmeds Shop"},"image":{"@id":"https:\/\/stonersmeds.com\/#\/schema\/logo\/image\/"}}]},"og_availability":"instock","product_availability":"instock","product_condition":"new"},"_links":{"self":[{"href":"https:\/\/stonersmeds.com\/ro\/wp-json\/wp\/v2\/product\/9828","targetHints":{"allow":["GET"]}}],"collection":[{"href":"https:\/\/stonersmeds.com\/ro\/wp-json\/wp\/v2\/product"}],"about":[{"href":"https:\/\/stonersmeds.com\/ro\/wp-json\/wp\/v2\/types\/product"}],"replies":[{"embeddable":true,"href":"https:\/\/stonersmeds.com\/ro\/wp-json\/wp\/v2\/comments?post=9828"}],"version-history":[{"count":0,"href":"https:\/\/stonersmeds.com\/ro\/wp-json\/wp\/v2\/product\/9828\/revisions"}],"wp:featuredmedia":[{"embeddable":true,"href":"https:\/\/stonersmeds.com\/ro\/wp-json\/wp\/v2\/media\/9837"}],"wp:attachment":[{"href":"https:\/\/stonersmeds.com\/ro\/wp-json\/wp\/v2\/media?parent=9828"}],"wp:term":[{"taxonomy":"product_brand","embeddable":true,"href":"https:\/\/stonersmeds.com\/ro\/wp-json\/wp\/v2\/product_brand?post=9828"},{"taxonomy":"product_cat","embeddable":true,"href":"https:\/\/stonersmeds.com\/ro\/wp-json\/wp\/v2\/product_cat?post=9828"},{"taxonomy":"product_tag","embeddable":true,"href":"https:\/\/stonersmeds.com\/ro\/wp-json\/wp\/v2\/product_tag?post=9828"},{"taxonomy":"product_brands","embeddable":true,"href":"https:\/\/stonersmeds.com\/ro\/wp-json\/wp\/v2\/product_brands?post=9828"}],"curies":[{"name":"wp","href":"https:\/\/api.w.org\/{rel}","templated":true}]}}