{"id":9847,"date":"2022-03-12T02:48:11","date_gmt":"2022-03-12T02:48:11","guid":{"rendered":"https:\/\/stonersmeds.com\/?post_type=product&#038;p=9847"},"modified":"2026-02-26T15:30:04","modified_gmt":"2026-02-26T13:30:04","slug":"buy-hydrocodone-10-325mg-online","status":"publish","type":"product","link":"https:\/\/stonersmeds.com\/ro\/shop\/buy-hydrocodone-10-325mg-online\/","title":{"rendered":"Cump\u0103ra\u021bi online Hydrocodone 10\/325mg"},"content":{"rendered":"<h1>Cump\u0103ra\u021bi online Hydrocodone 10\/325mg.<\/h1>\n<p>Hydrocodone Bitartrate Acetaminophen Cumpara Hydrocodone Online \u00cen timp ce lua\u021bi hidrocodona, ar trebui s\u0103 discuta\u021bi cu medicul dumneavoastr\u0103 despre un medicament u\u0219or de ob\u021binut \u0219i salvator de vie\u021bi, numit naloxon\u0103 (de exemplu, la domiciliu, la birou). Naloxona este utilizat\u0103 pentru a inversa efectele unui supradozaj care pune via\u021ba \u00een pericol. Aceasta blocheaz\u0103 efectele opiaceelor pentru a ameliora simptomele d\u0103un\u0103toare cauzate de nivelurile ridicate de opiacee din s\u00e2nge. De asemenea, medicul dumneavoastr\u0103 v\u0103 poate prescrie naloxon\u0103 dac\u0103 locui\u021bi \u00eentr-o gospod\u0103rie cu copii mici sau dac\u0103 a\u021bi abuzat de droguri de strad\u0103 sau de medicamente eliberate pe baz\u0103 de re\u021bet\u0103. Trebuie s\u0103 v\u0103 asigura\u021bi c\u0103 dvs. \u0219i membrii familiei, \u00eengrijitorii sau persoanele cu care v\u0103 petrece\u021bi timpul \u0219ti\u021bi cum s\u0103 recunoa\u0219te\u021bi un supradozaj, cum s\u0103 lua\u021bi naloxon\u0103 \u0219i ce s\u0103 face\u021bi p\u00e2n\u0103 la primirea asisten\u021bei medicale de urgen\u021b\u0103. Medicul dumneavoastr\u0103 sau farmacistul v\u0103 va ar\u0103ta dumneavoastr\u0103 \u0219i membrilor familiei dumneavoastr\u0103 cum s\u0103 utiliza\u021bi acest medicament. Adresa\u021bi-v\u0103 farmacistului dumneavoastr\u0103 pentru instruc\u021biuni sau vizita\u021bi site-ul web al produc\u0103torului pentru instruc\u021biuni. Dac\u0103 apar simptomele unui supradozaj, un prieten sau un membru al familiei trebuie s\u0103 v\u0103 administreze \u0219i s\u0103 v\u0103 \u00eenso\u021beasc\u0103 prima doz\u0103 de naloxon\u0103 \u0219i s\u0103 v\u0103 monitorizeze \u00eendeaproape p\u00e2n\u0103 la sosirea unei ambulan\u021be. Simptomele pot reveni \u00een c\u00e2teva minute de la administrarea naloxonei. Dac\u0103 simptomele revin, persoana dumneavoastr\u0103 ar trebui s\u0103 v\u0103 administreze o alt\u0103 doz\u0103 de naloxon\u0103. Pot fi administrate doze suplimentare la fiecare 2 sau 3 minute dac\u0103 simptomele reapar \u00eenainte ca asisten\u021ba medical\u0103 s\u0103 fie disponibil\u0103.<\/p>","protected":false},"excerpt":{"rendered":"<p>Cumpara Hydrocodone 10\/325mg online. Se afl\u0103 \u00een clasa B de sarcin\u0103 FDA: impactul s\u0103u asupra unui organism incipient sau a unui copil nu este cunoscut \u00een mod clar \u0219i doamnele \u00eens\u0103rcinate ar trebui s\u0103 se sf\u0103tuiasc\u0103 cu medicii lor \u00eenainte de a o lua.<\/p>\n<p>&nbsp;<\/p>\n<pre><strong>Cump\u0103ra\u021bi Hydrocodone 10\/325mg online - cump\u0103ra\u021bi Hydrocodone , cump\u0103ra\u021bi Hydrocodone 10\/325mg , cump\u0103ra\u021bi Hydrocodone online, De unde s\u0103 cump\u0103ra\u021bi Hydrocodone 10\/325mg , Hydrocodone 10\/325mg de v\u00e2nzare, Hydrocodone de v\u00e2nzare, cump\u0103ra\u021bi Hydrocodone online, de unde s\u0103 cump\u0103ra\u021bi Hydrocodone 325mg 325mg online, Hydrocodone 10\/325mg de v\u00e2nzare \u00een Statele Unite ale Americii, SUA, Canada, Marea Britanie, cump\u0103rare, online, furnizori, livrare \u00een siguran\u021b\u0103, Pute\u021bi ob\u021bine \u00een continuare Hydrocodone 10\/325mg, Este Hydrocodone 10\/325mg legal \u00een SUA, cump\u0103ra\u021bi Hydrocodone 10\/325mg online SUA, cum se comand\u0103 Hydrocodone 10\/325mg , Hydrocodone 10\/325mg este legal \u00een Canada<\/strong><\/pre>","protected":false},"featured_media":9851,"comment_status":"open","ping_status":"closed","template":"","meta":{"_bst_post_transparent":"","_bst_post_title":"","_bst_post_layout":"","_bst_post_sidebar_id":"","_bst_post_content_style":"","_bst_post_vertical_padding":"","_bst_post_feature":"","_bst_post_feature_position":"","_bst_post_header":false,"_bst_post_footer":false},"product_brand":[],"product_cat":[769,77],"product_tag":[1014,1249,1248,1009,1013,1016,1015,1017],"product_brands":[],"class_list":{"0":"post-9847","1":"product","2":"type-product","3":"status-publish","4":"has-post-thumbnail","6":"product_cat-pain-pills","7":"product_cat-pain-sleeping-sex-pills","8":"product_tag-cost-of-hydrocodone-10-325","9":"product_tag-hydrocodone-acetaminophen-7-325-cost","10":"product_tag-hydrocodone-cost-without-insurance","11":"product_tag-hydrocodone-for-dogs-cost","12":"product_tag-hydrocodone-street-price","13":"product_tag-price-of-hydrocodone-10-325","14":"product_tag-price-of-hydrocodone-acetaminophen","15":"product_tag-street-price-hydrocodone-10-325","17":"first","18":"instock","19":"shipping-taxable","20":"purchasable","21":"product-type-variable","22":"entry","23":"content-bg","24":"loop-entry"},"tiered_pricing_type":"fixed","tiered_pricing_fixed_rules":[],"tiered_pricing_percentage_rules":[],"tiered_pricing_minimum":1,"_administrator_tiered_pricing_type":"fixed","_administrator_tiered_pricing_fixed_rules":[],"_editor_tiered_pricing_type":"fixed","_editor_tiered_pricing_fixed_rules":[],"_author_tiered_pricing_type":"fixed","_author_tiered_pricing_fixed_rules":[],"_contributor_tiered_pricing_type":"fixed","_contributor_tiered_pricing_fixed_rules":[],"_subscriber_tiered_pricing_type":"fixed","_subscriber_tiered_pricing_fixed_rules":[],"_customer_tiered_pricing_type":"fixed","_customer_tiered_pricing_fixed_rules":[],"_shop_manager_tiered_pricing_type":"fixed","_shop_manager_tiered_pricing_fixed_rules":[],"_wpseo_manager_tiered_pricing_type":"fixed","_wpseo_manager_tiered_pricing_fixed_rules":[],"_wpseo_editor_tiered_pricing_type":"fixed","_wpseo_editor_tiered_pricing_fixed_rules":[],"yoast_head":"<!-- This site is optimized with the Yoast SEO plugin v27.2 - https:\/\/yoast.com\/product\/yoast-seo-wordpress\/ -->\n<title>Buy Hydrocodone 10\/325mg online - Fast delivery worldwide<\/title>\n<meta name=\"description\" content=\"Buy Hydrocodone 10\/325mg, Order safely &amp; maintain your privacy No prescription necessary Discreet standard shipping at Low prices.\" \/>\n<meta name=\"robots\" content=\"index, follow, max-snippet:-1, max-image-preview:large, max-video-preview:-1\" \/>\n<link rel=\"canonical\" href=\"https:\/\/stonersmeds.com\/ro\/shop\/buy-hydrocodone-10-325mg-online\/\" \/>\n<meta property=\"og:locale\" content=\"ro_RO\" \/>\n<meta property=\"og:type\" content=\"article\" \/>\n<meta property=\"og:title\" content=\"Buy Hydrocodone 10\/325mg online - Fast delivery worldwide\" \/>\n<meta property=\"og:description\" content=\"Buy Hydrocodone 10\/325mg, Order safely &amp; maintain your privacy No prescription necessary Discreet standard shipping at Low prices.\" \/>\n<meta property=\"og:url\" content=\"https:\/\/stonersmeds.com\/ro\/shop\/buy-hydrocodone-10-325mg-online\/\" \/>\n<meta property=\"og:site_name\" content=\"stonersmeds.com\" \/>\n<meta property=\"article:modified_time\" content=\"2026-02-26T13:30:04+00:00\" \/>\n<meta property=\"og:image\" content=\"https:\/\/stonersmeds.com\/wp-content\/uploads\/2022\/03\/buy-hydrocodone-10-325mg-online.jpg\" \/>\n\t<meta property=\"og:image:width\" content=\"600\" \/>\n\t<meta property=\"og:image:height\" content=\"600\" \/>\n\t<meta property=\"og:image:type\" content=\"image\/jpeg\" \/>\n<meta name=\"twitter:card\" content=\"summary_large_image\" \/>\n<meta name=\"twitter:label1\" content=\"Disponibilitate\" \/>\n\t<meta name=\"twitter:data1\" content=\"\u00cen stoc\" \/>\n<script type=\"application\/ld+json\" class=\"yoast-schema-graph\">{\"@context\":\"https:\/\/schema.org\",\"@graph\":[{\"@type\":\"WebPage\",\"@id\":\"https:\/\/stonersmeds.com\/sk\/shop\/buy-hydrocodone-10-325mg-online\/\",\"url\":\"https:\/\/stonersmeds.com\/sk\/shop\/buy-hydrocodone-10-325mg-online\/\",\"name\":\"Buy Hydrocodone 10\/325mg online - Fast delivery worldwide\",\"isPartOf\":{\"@id\":\"https:\/\/stonersmeds.com\/#website\"},\"primaryImageOfPage\":{\"@id\":\"https:\/\/stonersmeds.com\/sk\/shop\/buy-hydrocodone-10-325mg-online\/#primaryimage\"},\"image\":{\"@id\":\"https:\/\/stonersmeds.com\/sk\/shop\/buy-hydrocodone-10-325mg-online\/#primaryimage\"},\"thumbnailUrl\":\"https:\/\/stonersmeds.com\/wp-content\/uploads\/2022\/03\/buy-hydrocodone-10-325mg-online.jpg\",\"datePublished\":\"2022-03-12T02:48:11+00:00\",\"dateModified\":\"2026-02-26T13:30:04+00:00\",\"description\":\"Buy Hydrocodone 10\/325mg, Order safely & maintain your privacy No prescription necessary Discreet standard shipping at Low prices.\",\"breadcrumb\":{\"@id\":\"https:\/\/stonersmeds.com\/sk\/shop\/buy-hydrocodone-10-325mg-online\/#breadcrumb\"},\"inLanguage\":\"ro-RO\",\"potentialAction\":[{\"@type\":\"ReadAction\",\"target\":[\"https:\/\/stonersmeds.com\/sk\/shop\/buy-hydrocodone-10-325mg-online\/\"]}]},{\"@type\":\"ImageObject\",\"inLanguage\":\"ro-RO\",\"@id\":\"https:\/\/stonersmeds.com\/sk\/shop\/buy-hydrocodone-10-325mg-online\/#primaryimage\",\"url\":\"https:\/\/stonersmeds.com\/wp-content\/uploads\/2022\/03\/buy-hydrocodone-10-325mg-online.jpg\",\"contentUrl\":\"https:\/\/stonersmeds.com\/wp-content\/uploads\/2022\/03\/buy-hydrocodone-10-325mg-online.jpg\",\"width\":600,\"height\":600},{\"@type\":\"BreadcrumbList\",\"@id\":\"https:\/\/stonersmeds.com\/sk\/shop\/buy-hydrocodone-10-325mg-online\/#breadcrumb\",\"itemListElement\":[{\"@type\":\"ListItem\",\"position\":1,\"name\":\"Home\",\"item\":\"https:\/\/stonersmeds.com\/\"},{\"@type\":\"ListItem\",\"position\":2,\"name\":\"Shop\",\"item\":\"https:\/\/stonersmeds.com\/shop\/\"},{\"@type\":\"ListItem\",\"position\":3,\"name\":\"Buy Hydrocodone 10\/325mg online\"}]},{\"@type\":\"WebSite\",\"@id\":\"https:\/\/stonersmeds.com\/#website\",\"url\":\"https:\/\/stonersmeds.com\/\",\"name\":\"stonersmeds.com\",\"description\":\"verschreibungspflichtige Medizin kaufen\",\"publisher\":{\"@id\":\"https:\/\/stonersmeds.com\/#organization\"},\"alternateName\":\"Research chemical shop\",\"potentialAction\":[{\"@type\":\"SearchAction\",\"target\":{\"@type\":\"EntryPoint\",\"urlTemplate\":\"https:\/\/stonersmeds.com\/?s={search_term_string}\"},\"query-input\":{\"@type\":\"PropertyValueSpecification\",\"valueRequired\":true,\"valueName\":\"search_term_string\"}}],\"inLanguage\":\"ro-RO\"},{\"@type\":\"Organization\",\"@id\":\"https:\/\/stonersmeds.com\/#organization\",\"name\":\"Stonersmeds Shop\",\"url\":\"https:\/\/stonersmeds.com\/\",\"logo\":{\"@type\":\"ImageObject\",\"inLanguage\":\"ro-RO\",\"@id\":\"https:\/\/stonersmeds.com\/#\/schema\/logo\/image\/\",\"url\":\"https:\/\/stonersmeds.com\/wp-content\/uploads\/2026\/02\/high-purity-DMT-powder.jpg\",\"contentUrl\":\"https:\/\/stonersmeds.com\/wp-content\/uploads\/2026\/02\/high-purity-DMT-powder.jpg\",\"width\":500,\"height\":500,\"caption\":\"Stonersmeds Shop\"},\"image\":{\"@id\":\"https:\/\/stonersmeds.com\/#\/schema\/logo\/image\/\"}}]}<\/script>\n<meta property=\"og:availability\" content=\"instock\" \/>\n<meta property=\"product:availability\" content=\"instock\" \/>\n<meta property=\"product:condition\" content=\"new\" \/>\n<!-- \/ Yoast SEO plugin. -->","yoast_head_json":{"title":"Cump\u0103ra\u021bi Hydrocodone 10\/325mg online - Livrare rapid\u0103 \u00een toat\u0103 lumea","description":"Cump\u0103ra\u021bi Hydrocodone 10\/325mg, comanda\u021bi \u00een siguran\u021b\u0103 \u0219i p\u0103stra\u021bi-v\u0103 confiden\u021bialitatea F\u0103r\u0103 prescrip\u021bie necesar\u0103 Livrare standard discret\u0103 la pre\u021buri mici.","robots":{"index":"index","follow":"follow","max-snippet":"max-snippet:-1","max-image-preview":"max-image-preview:large","max-video-preview":"max-video-preview:-1"},"canonical":"https:\/\/stonersmeds.com\/ro\/shop\/buy-hydrocodone-10-325mg-online\/","og_locale":"ro_RO","og_type":"article","og_title":"Buy Hydrocodone 10\/325mg online - Fast delivery worldwide","og_description":"Buy Hydrocodone 10\/325mg, Order safely & maintain your privacy No prescription necessary Discreet standard shipping at Low prices.","og_url":"https:\/\/stonersmeds.com\/ro\/shop\/buy-hydrocodone-10-325mg-online\/","og_site_name":"stonersmeds.com","article_modified_time":"2026-02-26T13:30:04+00:00","og_image":[{"width":600,"height":600,"url":"https:\/\/stonersmeds.com\/wp-content\/uploads\/2022\/03\/buy-hydrocodone-10-325mg-online.jpg","type":"image\/jpeg"}],"twitter_card":"summary_large_image","twitter_misc":{"Disponibilitate":"\u00cen stoc"},"schema":{"@context":"https:\/\/schema.org","@graph":[{"@type":"WebPage","@id":"https:\/\/stonersmeds.com\/sk\/shop\/buy-hydrocodone-10-325mg-online\/","url":"https:\/\/stonersmeds.com\/sk\/shop\/buy-hydrocodone-10-325mg-online\/","name":"Cump\u0103ra\u021bi Hydrocodone 10\/325mg online - Livrare rapid\u0103 \u00een toat\u0103 lumea","isPartOf":{"@id":"https:\/\/stonersmeds.com\/#website"},"primaryImageOfPage":{"@id":"https:\/\/stonersmeds.com\/sk\/shop\/buy-hydrocodone-10-325mg-online\/#primaryimage"},"image":{"@id":"https:\/\/stonersmeds.com\/sk\/shop\/buy-hydrocodone-10-325mg-online\/#primaryimage"},"thumbnailUrl":"https:\/\/stonersmeds.com\/wp-content\/uploads\/2022\/03\/buy-hydrocodone-10-325mg-online.jpg","datePublished":"2022-03-12T02:48:11+00:00","dateModified":"2026-02-26T13:30:04+00:00","description":"Cump\u0103ra\u021bi Hydrocodone 10\/325mg, comanda\u021bi \u00een siguran\u021b\u0103 \u0219i p\u0103stra\u021bi-v\u0103 confiden\u021bialitatea F\u0103r\u0103 prescrip\u021bie necesar\u0103 Livrare standard discret\u0103 la pre\u021buri mici.","breadcrumb":{"@id":"https:\/\/stonersmeds.com\/sk\/shop\/buy-hydrocodone-10-325mg-online\/#breadcrumb"},"inLanguage":"ro-RO","potentialAction":[{"@type":"ReadAction","target":["https:\/\/stonersmeds.com\/sk\/shop\/buy-hydrocodone-10-325mg-online\/"]}]},{"@type":"ImageObject","inLanguage":"ro-RO","@id":"https:\/\/stonersmeds.com\/sk\/shop\/buy-hydrocodone-10-325mg-online\/#primaryimage","url":"https:\/\/stonersmeds.com\/wp-content\/uploads\/2022\/03\/buy-hydrocodone-10-325mg-online.jpg","contentUrl":"https:\/\/stonersmeds.com\/wp-content\/uploads\/2022\/03\/buy-hydrocodone-10-325mg-online.jpg","width":600,"height":600},{"@type":"BreadcrumbList","@id":"https:\/\/stonersmeds.com\/sk\/shop\/buy-hydrocodone-10-325mg-online\/#breadcrumb","itemListElement":[{"@type":"ListItem","position":1,"name":"Home","item":"https:\/\/stonersmeds.com\/"},{"@type":"ListItem","position":2,"name":"Shop","item":"https:\/\/stonersmeds.com\/shop\/"},{"@type":"ListItem","position":3,"name":"Buy Hydrocodone 10\/325mg online"}]},{"@type":"WebSite","@id":"https:\/\/stonersmeds.com\/#website","url":"https:\/\/stonersmeds.com\/","name":"stonersmeds.com","description":"verschreibungspflichtige Medizin kaufen","publisher":{"@id":"https:\/\/stonersmeds.com\/#organization"},"alternateName":"Research chemical shop","potentialAction":[{"@type":"SearchAction","target":{"@type":"EntryPoint","urlTemplate":"https:\/\/stonersmeds.com\/?s={search_term_string}"},"query-input":{"@type":"PropertyValueSpecification","valueRequired":true,"valueName":"search_term_string"}}],"inLanguage":"ro-RO"},{"@type":"Organization","@id":"https:\/\/stonersmeds.com\/#organization","name":"Stonersmeds Shop","url":"https:\/\/stonersmeds.com\/","logo":{"@type":"ImageObject","inLanguage":"ro-RO","@id":"https:\/\/stonersmeds.com\/#\/schema\/logo\/image\/","url":"https:\/\/stonersmeds.com\/wp-content\/uploads\/2026\/02\/high-purity-DMT-powder.jpg","contentUrl":"https:\/\/stonersmeds.com\/wp-content\/uploads\/2026\/02\/high-purity-DMT-powder.jpg","width":500,"height":500,"caption":"Stonersmeds Shop"},"image":{"@id":"https:\/\/stonersmeds.com\/#\/schema\/logo\/image\/"}}]},"og_availability":"instock","product_availability":"instock","product_condition":"new"},"_links":{"self":[{"href":"https:\/\/stonersmeds.com\/ro\/wp-json\/wp\/v2\/product\/9847","targetHints":{"allow":["GET"]}}],"collection":[{"href":"https:\/\/stonersmeds.com\/ro\/wp-json\/wp\/v2\/product"}],"about":[{"href":"https:\/\/stonersmeds.com\/ro\/wp-json\/wp\/v2\/types\/product"}],"replies":[{"embeddable":true,"href":"https:\/\/stonersmeds.com\/ro\/wp-json\/wp\/v2\/comments?post=9847"}],"version-history":[{"count":0,"href":"https:\/\/stonersmeds.com\/ro\/wp-json\/wp\/v2\/product\/9847\/revisions"}],"wp:featuredmedia":[{"embeddable":true,"href":"https:\/\/stonersmeds.com\/ro\/wp-json\/wp\/v2\/media\/9851"}],"wp:attachment":[{"href":"https:\/\/stonersmeds.com\/ro\/wp-json\/wp\/v2\/media?parent=9847"}],"wp:term":[{"taxonomy":"product_brand","embeddable":true,"href":"https:\/\/stonersmeds.com\/ro\/wp-json\/wp\/v2\/product_brand?post=9847"},{"taxonomy":"product_cat","embeddable":true,"href":"https:\/\/stonersmeds.com\/ro\/wp-json\/wp\/v2\/product_cat?post=9847"},{"taxonomy":"product_tag","embeddable":true,"href":"https:\/\/stonersmeds.com\/ro\/wp-json\/wp\/v2\/product_tag?post=9847"},{"taxonomy":"product_brands","embeddable":true,"href":"https:\/\/stonersmeds.com\/ro\/wp-json\/wp\/v2\/product_brands?post=9847"}],"curies":[{"name":"wp","href":"https:\/\/api.w.org\/{rel}","templated":true}]}}