{"id":9926,"date":"2022-03-12T03:33:57","date_gmt":"2022-03-12T03:33:57","guid":{"rendered":"https:\/\/stonersmeds.com\/?post_type=product&#038;p=9926"},"modified":"2026-02-22T22:00:29","modified_gmt":"2026-02-22T20:00:29","slug":"buy-mogadon-nitrazepam-5mg-pills-online","status":"publish","type":"product","link":"https:\/\/stonersmeds.com\/ro\/shop\/buy-mogadon-nitrazepam-5mg-pills-online\/","title":{"rendered":"Cump\u0103ra\u021bi online Mogadon Nitrazepam pastile de 5 mg"},"content":{"rendered":"<h1>Cump\u0103ra\u021bi Mogadon Nitrazepam 5mg pastile online.<\/h1>\n<p>Mogadon este un medicament benzodiazepin\u0103 utilizat pentru a trata insomnia; Uneori este utilizat pentru a trata anxietatea sever\u0103. Este un sedativ care se utilizeaz\u0103 numai pe termen scurt, deoarece are un poten\u021bial real de abuz din cauza efectului s\u0103u calmant \u0219i lini\u0219titor.<\/p>\n<div><\/div>\n<div><\/div>\n<div><\/div>\n<pre><strong>Cumpara Mogadon Nitrazepam 5mg pastile online - cumpara Nitrazepam , cumpara Mogadon Nitrazepam 5mg pastile , cumpara Mogadon Nitrazepam online, \u00cen cazul \u00een care pentru a cump\u0103ra Mogadon Nitrazepam 5mg pastile , Mogadon Nitrazepam 5mg pastile de v\u00e2nzare, Mogadon Nitrazepam de v\u00e2nzare, cumpara Mogadon Nitrazepam pastile online, \u00een cazul \u00een care pentru a cump\u0103ra Mogadon Nitrazepam 5mg pastile online, Mogadon Nitrazepam 5mg pastile de v\u00e2nzare \u00een Statele Unite ale Americii, SUA, Canada, Marea Britanie, cumpara, online, furnizori, livrare sigur\u0103, Pute\u021bi ob\u021bine \u00eenc\u0103 Mogadon Nitrazepam 5mg pastile, Este Mogadon Nitrazepam 5mg pastile legale \u00een Statele Unite ale Americii, cumpara Mogadon Nitrazepam 5mg pastile online Statele Unite ale Americii, cum s\u0103 comanda\u021bi Mogadon Nitrazepam 5mg pastile, Este Mogadon Nitrazepam 5mg pastile 30mg legale \u00een Canada<\/strong><\/pre>","protected":false},"excerpt":{"rendered":"<p>Cump\u0103ra\u021bi Mogadon Nitrazepam 5mg pastile online. probleme de adormire, treziri succesive pe parcursul nop\u021bii \u0219i excitare diminea\u021ba devreme. \u00cen plus, este utilizat pentru a supraveghea crizele mioclonice.<\/p>\n<p>pretul produsului este ca: per pastila<br \/>\n<strong>Cantitatea minima de comanda este: 50 pastile<\/strong><\/p>\n<p><strong>\u00a0<\/strong><\/p>","protected":false},"featured_media":9935,"comment_status":"open","ping_status":"closed","template":"","meta":{"_bst_post_transparent":"","_bst_post_title":"","_bst_post_layout":"","_bst_post_sidebar_id":"","_bst_post_content_style":"","_bst_post_vertical_padding":"","_bst_post_feature":"","_bst_post_feature_position":"","_bst_post_header":false,"_bst_post_footer":false},"product_brand":[],"product_cat":[77,770],"product_tag":[1161,1165,1169,1168,1166,1164,1162,1167,1160,1163],"product_brands":[],"class_list":{"0":"post-9926","1":"product","2":"type-product","3":"status-publish","4":"has-post-thumbnail","6":"product_cat-pain-sleeping-sex-pills","7":"product_cat-sleeping-pills","8":"product_tag-mogadon-drug","9":"product_tag-mogadon-nitrazepam","10":"product_tag-nitrazepam-10","11":"product_tag-nitrazepam-5","12":"product_tag-nitrazepam-5-mg","13":"product_tag-nitrazepam-brand-names","14":"product_tag-nitrazepam-in-usa","15":"product_tag-nitrazepam-rx","16":"product_tag-nitrazepam-side-effects","17":"product_tag-nitrazepam-vs-diazepam","19":"first","20":"instock","21":"shipping-taxable","22":"purchasable","23":"product-type-variable","24":"entry","25":"content-bg","26":"loop-entry"},"tiered_pricing_type":"fixed","tiered_pricing_fixed_rules":[],"tiered_pricing_percentage_rules":[],"tiered_pricing_minimum":1,"_administrator_tiered_pricing_type":"fixed","_administrator_tiered_pricing_fixed_rules":[],"_editor_tiered_pricing_type":"fixed","_editor_tiered_pricing_fixed_rules":[],"_author_tiered_pricing_type":"fixed","_author_tiered_pricing_fixed_rules":[],"_contributor_tiered_pricing_type":"fixed","_contributor_tiered_pricing_fixed_rules":[],"_subscriber_tiered_pricing_type":"fixed","_subscriber_tiered_pricing_fixed_rules":[],"_customer_tiered_pricing_type":"fixed","_customer_tiered_pricing_fixed_rules":[],"_shop_manager_tiered_pricing_type":"fixed","_shop_manager_tiered_pricing_fixed_rules":[],"_wpseo_manager_tiered_pricing_type":"fixed","_wpseo_manager_tiered_pricing_fixed_rules":[],"_wpseo_editor_tiered_pricing_type":"fixed","_wpseo_editor_tiered_pricing_fixed_rules":[],"yoast_head":"<!-- This site is optimized with the Yoast SEO plugin v27.2 - https:\/\/yoast.com\/product\/yoast-seo-wordpress\/ -->\n<title>Buy Mogadon Nitrazepam 5mg order safe, no prescription required<\/title>\n<meta name=\"description\" content=\"Buy Mogadon Nitrazepam 5mg, Order safely &amp; maintain your privacy No prescription necessary Discreet standard shipping at Low prices.\" \/>\n<meta name=\"robots\" content=\"index, follow, max-snippet:-1, max-image-preview:large, max-video-preview:-1\" \/>\n<link rel=\"canonical\" href=\"https:\/\/stonersmeds.com\/ro\/shop\/buy-mogadon-nitrazepam-5mg-pills-online\/\" \/>\n<meta property=\"og:locale\" content=\"ro_RO\" \/>\n<meta property=\"og:type\" content=\"article\" \/>\n<meta property=\"og:title\" content=\"Buy Mogadon Nitrazepam 5mg order safe, no prescription required\" \/>\n<meta property=\"og:description\" content=\"Buy Mogadon Nitrazepam 5mg, Order safely &amp; maintain your privacy No prescription necessary Discreet standard shipping at Low prices.\" \/>\n<meta property=\"og:url\" content=\"https:\/\/stonersmeds.com\/ro\/shop\/buy-mogadon-nitrazepam-5mg-pills-online\/\" \/>\n<meta property=\"og:site_name\" content=\"stonersmeds.com\" \/>\n<meta property=\"article:modified_time\" content=\"2026-02-22T20:00:29+00:00\" \/>\n<meta property=\"og:image\" content=\"https:\/\/stonersmeds.com\/wp-content\/uploads\/2022\/03\/buy-mogadon-nitrazepam-5mg-pills-online.jpg\" \/>\n\t<meta property=\"og:image:width\" content=\"600\" \/>\n\t<meta property=\"og:image:height\" content=\"600\" \/>\n\t<meta property=\"og:image:type\" content=\"image\/jpeg\" \/>\n<meta name=\"twitter:card\" content=\"summary_large_image\" \/>\n<meta name=\"twitter:label1\" content=\"Disponibilitate\" \/>\n\t<meta name=\"twitter:data1\" content=\"\u00cen stoc\" \/>\n<script type=\"application\/ld+json\" class=\"yoast-schema-graph\">{\"@context\":\"https:\/\/schema.org\",\"@graph\":[{\"@type\":\"WebPage\",\"@id\":\"https:\/\/stonersmeds.com\/shop\/buy-mogadon-nitrazepam-5mg-pills-online\/\",\"url\":\"https:\/\/stonersmeds.com\/shop\/buy-mogadon-nitrazepam-5mg-pills-online\/\",\"name\":\"Buy Mogadon Nitrazepam 5mg order safe, no prescription required\",\"isPartOf\":{\"@id\":\"https:\/\/stonersmeds.com\/#website\"},\"primaryImageOfPage\":{\"@id\":\"https:\/\/stonersmeds.com\/shop\/buy-mogadon-nitrazepam-5mg-pills-online\/#primaryimage\"},\"image\":{\"@id\":\"https:\/\/stonersmeds.com\/shop\/buy-mogadon-nitrazepam-5mg-pills-online\/#primaryimage\"},\"thumbnailUrl\":\"https:\/\/stonersmeds.com\/wp-content\/uploads\/2022\/03\/buy-mogadon-nitrazepam-5mg-pills-online.jpg\",\"datePublished\":\"2022-03-12T03:33:57+00:00\",\"dateModified\":\"2026-02-22T20:00:29+00:00\",\"description\":\"Buy Mogadon Nitrazepam 5mg, Order safely & maintain your privacy No prescription necessary Discreet standard shipping at Low prices.\",\"breadcrumb\":{\"@id\":\"https:\/\/stonersmeds.com\/shop\/buy-mogadon-nitrazepam-5mg-pills-online\/#breadcrumb\"},\"inLanguage\":\"ro-RO\",\"potentialAction\":[{\"@type\":\"ReadAction\",\"target\":[\"https:\/\/stonersmeds.com\/shop\/buy-mogadon-nitrazepam-5mg-pills-online\/\"]}]},{\"@type\":\"ImageObject\",\"inLanguage\":\"ro-RO\",\"@id\":\"https:\/\/stonersmeds.com\/shop\/buy-mogadon-nitrazepam-5mg-pills-online\/#primaryimage\",\"url\":\"https:\/\/stonersmeds.com\/wp-content\/uploads\/2022\/03\/buy-mogadon-nitrazepam-5mg-pills-online.jpg\",\"contentUrl\":\"https:\/\/stonersmeds.com\/wp-content\/uploads\/2022\/03\/buy-mogadon-nitrazepam-5mg-pills-online.jpg\",\"width\":600,\"height\":600},{\"@type\":\"BreadcrumbList\",\"@id\":\"https:\/\/stonersmeds.com\/shop\/buy-mogadon-nitrazepam-5mg-pills-online\/#breadcrumb\",\"itemListElement\":[{\"@type\":\"ListItem\",\"position\":1,\"name\":\"Home\",\"item\":\"https:\/\/stonersmeds.com\/\"},{\"@type\":\"ListItem\",\"position\":2,\"name\":\"Shop\",\"item\":\"https:\/\/stonersmeds.com\/shop\/\"},{\"@type\":\"ListItem\",\"position\":3,\"name\":\"Buy Mogadon Nitrazepam 5mg pills online\"}]},{\"@type\":\"WebSite\",\"@id\":\"https:\/\/stonersmeds.com\/#website\",\"url\":\"https:\/\/stonersmeds.com\/\",\"name\":\"stonersmeds.com\",\"description\":\"verschreibungspflichtige Medizin kaufen\",\"publisher\":{\"@id\":\"https:\/\/stonersmeds.com\/#organization\"},\"alternateName\":\"Research chemical shop\",\"potentialAction\":[{\"@type\":\"SearchAction\",\"target\":{\"@type\":\"EntryPoint\",\"urlTemplate\":\"https:\/\/stonersmeds.com\/?s={search_term_string}\"},\"query-input\":{\"@type\":\"PropertyValueSpecification\",\"valueRequired\":true,\"valueName\":\"search_term_string\"}}],\"inLanguage\":\"ro-RO\"},{\"@type\":\"Organization\",\"@id\":\"https:\/\/stonersmeds.com\/#organization\",\"name\":\"Stonersmeds Shop\",\"url\":\"https:\/\/stonersmeds.com\/\",\"logo\":{\"@type\":\"ImageObject\",\"inLanguage\":\"ro-RO\",\"@id\":\"https:\/\/stonersmeds.com\/#\/schema\/logo\/image\/\",\"url\":\"https:\/\/stonersmeds.com\/wp-content\/uploads\/2026\/02\/high-purity-DMT-powder.jpg\",\"contentUrl\":\"https:\/\/stonersmeds.com\/wp-content\/uploads\/2026\/02\/high-purity-DMT-powder.jpg\",\"width\":500,\"height\":500,\"caption\":\"Stonersmeds Shop\"},\"image\":{\"@id\":\"https:\/\/stonersmeds.com\/#\/schema\/logo\/image\/\"}}]}<\/script>\n<meta property=\"og:availability\" content=\"instock\" \/>\n<meta property=\"product:availability\" content=\"instock\" \/>\n<meta property=\"product:condition\" content=\"new\" \/>\n<!-- \/ Yoast SEO plugin. -->","yoast_head_json":{"title":"Cump\u0103ra\u021bi Mogadon Nitrazepam 5mg comanda\u021bi \u00een condi\u021bii de siguran\u021b\u0103, f\u0103r\u0103 prescrip\u021bie medical\u0103 necesar\u0103","description":"Cump\u0103ra\u021bi Mogadon Nitrazepam 5mg, Comanda\u021bi \u00een condi\u021bii de siguran\u021b\u0103 \u0219i p\u0103stra\u021bi confiden\u021bialitatea Nu este necesar\u0103 prescrip\u021bie medical\u0103 Transport standard discret la pre\u021buri sc\u0103zute.","robots":{"index":"index","follow":"follow","max-snippet":"max-snippet:-1","max-image-preview":"max-image-preview:large","max-video-preview":"max-video-preview:-1"},"canonical":"https:\/\/stonersmeds.com\/ro\/shop\/buy-mogadon-nitrazepam-5mg-pills-online\/","og_locale":"ro_RO","og_type":"article","og_title":"Buy Mogadon Nitrazepam 5mg order safe, no prescription required","og_description":"Buy Mogadon Nitrazepam 5mg, Order safely & maintain your privacy No prescription necessary Discreet standard shipping at Low prices.","og_url":"https:\/\/stonersmeds.com\/ro\/shop\/buy-mogadon-nitrazepam-5mg-pills-online\/","og_site_name":"stonersmeds.com","article_modified_time":"2026-02-22T20:00:29+00:00","og_image":[{"width":600,"height":600,"url":"https:\/\/stonersmeds.com\/wp-content\/uploads\/2022\/03\/buy-mogadon-nitrazepam-5mg-pills-online.jpg","type":"image\/jpeg"}],"twitter_card":"summary_large_image","twitter_misc":{"Disponibilitate":"\u00cen stoc"},"schema":{"@context":"https:\/\/schema.org","@graph":[{"@type":"WebPage","@id":"https:\/\/stonersmeds.com\/shop\/buy-mogadon-nitrazepam-5mg-pills-online\/","url":"https:\/\/stonersmeds.com\/shop\/buy-mogadon-nitrazepam-5mg-pills-online\/","name":"Cump\u0103ra\u021bi Mogadon Nitrazepam 5mg comanda\u021bi \u00een condi\u021bii de siguran\u021b\u0103, f\u0103r\u0103 prescrip\u021bie medical\u0103 necesar\u0103","isPartOf":{"@id":"https:\/\/stonersmeds.com\/#website"},"primaryImageOfPage":{"@id":"https:\/\/stonersmeds.com\/shop\/buy-mogadon-nitrazepam-5mg-pills-online\/#primaryimage"},"image":{"@id":"https:\/\/stonersmeds.com\/shop\/buy-mogadon-nitrazepam-5mg-pills-online\/#primaryimage"},"thumbnailUrl":"https:\/\/stonersmeds.com\/wp-content\/uploads\/2022\/03\/buy-mogadon-nitrazepam-5mg-pills-online.jpg","datePublished":"2022-03-12T03:33:57+00:00","dateModified":"2026-02-22T20:00:29+00:00","description":"Cump\u0103ra\u021bi Mogadon Nitrazepam 5mg, Comanda\u021bi \u00een condi\u021bii de siguran\u021b\u0103 \u0219i p\u0103stra\u021bi confiden\u021bialitatea Nu este necesar\u0103 prescrip\u021bie medical\u0103 Transport standard discret la pre\u021buri sc\u0103zute.","breadcrumb":{"@id":"https:\/\/stonersmeds.com\/shop\/buy-mogadon-nitrazepam-5mg-pills-online\/#breadcrumb"},"inLanguage":"ro-RO","potentialAction":[{"@type":"ReadAction","target":["https:\/\/stonersmeds.com\/shop\/buy-mogadon-nitrazepam-5mg-pills-online\/"]}]},{"@type":"ImageObject","inLanguage":"ro-RO","@id":"https:\/\/stonersmeds.com\/shop\/buy-mogadon-nitrazepam-5mg-pills-online\/#primaryimage","url":"https:\/\/stonersmeds.com\/wp-content\/uploads\/2022\/03\/buy-mogadon-nitrazepam-5mg-pills-online.jpg","contentUrl":"https:\/\/stonersmeds.com\/wp-content\/uploads\/2022\/03\/buy-mogadon-nitrazepam-5mg-pills-online.jpg","width":600,"height":600},{"@type":"BreadcrumbList","@id":"https:\/\/stonersmeds.com\/shop\/buy-mogadon-nitrazepam-5mg-pills-online\/#breadcrumb","itemListElement":[{"@type":"ListItem","position":1,"name":"Home","item":"https:\/\/stonersmeds.com\/"},{"@type":"ListItem","position":2,"name":"Shop","item":"https:\/\/stonersmeds.com\/shop\/"},{"@type":"ListItem","position":3,"name":"Buy Mogadon Nitrazepam 5mg pills online"}]},{"@type":"WebSite","@id":"https:\/\/stonersmeds.com\/#website","url":"https:\/\/stonersmeds.com\/","name":"stonersmeds.com","description":"verschreibungspflichtige Medizin kaufen","publisher":{"@id":"https:\/\/stonersmeds.com\/#organization"},"alternateName":"Research chemical shop","potentialAction":[{"@type":"SearchAction","target":{"@type":"EntryPoint","urlTemplate":"https:\/\/stonersmeds.com\/?s={search_term_string}"},"query-input":{"@type":"PropertyValueSpecification","valueRequired":true,"valueName":"search_term_string"}}],"inLanguage":"ro-RO"},{"@type":"Organization","@id":"https:\/\/stonersmeds.com\/#organization","name":"Stonersmeds Shop","url":"https:\/\/stonersmeds.com\/","logo":{"@type":"ImageObject","inLanguage":"ro-RO","@id":"https:\/\/stonersmeds.com\/#\/schema\/logo\/image\/","url":"https:\/\/stonersmeds.com\/wp-content\/uploads\/2026\/02\/high-purity-DMT-powder.jpg","contentUrl":"https:\/\/stonersmeds.com\/wp-content\/uploads\/2026\/02\/high-purity-DMT-powder.jpg","width":500,"height":500,"caption":"Stonersmeds Shop"},"image":{"@id":"https:\/\/stonersmeds.com\/#\/schema\/logo\/image\/"}}]},"og_availability":"instock","product_availability":"instock","product_condition":"new"},"_links":{"self":[{"href":"https:\/\/stonersmeds.com\/ro\/wp-json\/wp\/v2\/product\/9926","targetHints":{"allow":["GET"]}}],"collection":[{"href":"https:\/\/stonersmeds.com\/ro\/wp-json\/wp\/v2\/product"}],"about":[{"href":"https:\/\/stonersmeds.com\/ro\/wp-json\/wp\/v2\/types\/product"}],"replies":[{"embeddable":true,"href":"https:\/\/stonersmeds.com\/ro\/wp-json\/wp\/v2\/comments?post=9926"}],"version-history":[{"count":0,"href":"https:\/\/stonersmeds.com\/ro\/wp-json\/wp\/v2\/product\/9926\/revisions"}],"wp:featuredmedia":[{"embeddable":true,"href":"https:\/\/stonersmeds.com\/ro\/wp-json\/wp\/v2\/media\/9935"}],"wp:attachment":[{"href":"https:\/\/stonersmeds.com\/ro\/wp-json\/wp\/v2\/media?parent=9926"}],"wp:term":[{"taxonomy":"product_brand","embeddable":true,"href":"https:\/\/stonersmeds.com\/ro\/wp-json\/wp\/v2\/product_brand?post=9926"},{"taxonomy":"product_cat","embeddable":true,"href":"https:\/\/stonersmeds.com\/ro\/wp-json\/wp\/v2\/product_cat?post=9926"},{"taxonomy":"product_tag","embeddable":true,"href":"https:\/\/stonersmeds.com\/ro\/wp-json\/wp\/v2\/product_tag?post=9926"},{"taxonomy":"product_brands","embeddable":true,"href":"https:\/\/stonersmeds.com\/ro\/wp-json\/wp\/v2\/product_brands?post=9926"}],"curies":[{"name":"wp","href":"https:\/\/api.w.org\/{rel}","templated":true}]}}