{"id":10012,"date":"2022-03-12T04:08:52","date_gmt":"2022-03-12T04:08:52","guid":{"rendered":"https:\/\/stonersmeds.com\/?post_type=product&#038;p=10012"},"modified":"2026-03-02T00:00:45","modified_gmt":"2026-03-01T22:00:45","slug":"buy-restoril-30mg-temezepam-pills-online","status":"publish","type":"product","link":"https:\/\/stonersmeds.com\/sk\/shop\/buy-restoril-30mg-temezepam-pills-online\/","title":{"rendered":"K\u00fapte si tabletky Restoril 30mg Temazepam"},"content":{"rendered":"<h1><strong>Buy Restoril 30mg online - temazepam - K\u00fapi\u0165 Restoril online bez lek\u00e1rskeho predpisu.<\/strong><\/h1>\n<p>Restoril (Temazepam) je benzodiazep\u00edn (ben-Zoe-dye-AZE-eh-peen). Temazepam ovplyv\u0148uje chemick\u00e9 l\u00e1tky v mozgu, ktor\u00e9 m\u00f4\u017eu by\u0165 u \u013eud\u00ed s probl\u00e9mami so sp\u00e1nkom (nespavos\u0165ou) v nerovnov\u00e1he. Restoril sa pou\u017e\u00edva na lie\u010dbu pr\u00edznakov nespavosti, ako s\u00fa probl\u00e9my so zasp\u00e1van\u00edm alebo udr\u017ean\u00edm sp\u00e1nku. Restoril \u00fa\u010dinkuje tak, \u017ee spoma\u013euje centr\u00e1lny nervov\u00fd syst\u00e9m (mozog), \u010do sp\u00f4sobuje ospalos\u0165, ktor\u00e1 pacientom pom\u00e1ha zaspa\u0165.<\/p>\n<h2>POU\u017dITIE RESTORILU:<\/h2>\n<p>Tento liek sa pou\u017e\u00edva na lie\u010dbu ur\u010dit\u00fdch probl\u00e9mov so sp\u00e1nkom (nespavos\u0165). M\u00f4\u017ee v\u00e1m pom\u00f4c\u0165 r\u00fdchlej\u0161ie zaspa\u0165, dlh\u0161ie zaspa\u0165 a zn\u00ed\u017ei\u0165 frekvenciu budenia po\u010das noci, tak\u017ee si m\u00f4\u017eete lep\u0161ie odd\u00fdchnu\u0165. Temazepam patr\u00ed do skupiny liekov naz\u00fdvan\u00fdch sedat\u00edva-hypnotik\u00e1. P\u00f4sob\u00ed na v\u00e1\u0161 mozog a vyvol\u00e1va upokojuj\u00faci \u00fa\u010dinok.<\/p>\n<p>Pou\u017e\u00edvanie tohto lieku je zvy\u010dajne obmedzen\u00e9 na kr\u00e1tke lie\u010debn\u00e9 obdobia 1 a\u017e 2 t\u00fd\u017edne alebo menej. Ak v\u00e1\u0161\u00a0<a class=\"crossLinked\" href=\"https:\/\/www.webmd.com\/sleep-disorders\/living-with-insomnia-11\/slideshow-insomnia\">nespavos\u0165<\/a>\u00a0pretrv\u00e1va dlh\u0161ie, pora\u010fte sa so svoj\u00edm lek\u00e1rom, \u010di nepotrebujete in\u00fa lie\u010dbu.<\/p>\n<h3>Ako pou\u017e\u00edva\u0165 Restoril:<\/h3>\n<ul>\n<li>Predt\u00fdm, ako za\u010dnete pou\u017e\u00edva\u0165 temazepam, a pri ka\u017edom doplnen\u00ed lieku si pre\u010d\u00edtajte pr\u00edru\u010dku pre pou\u017e\u00edvate\u013ea lieku, ktor\u00fa v\u00e1m poskytne lek\u00e1rnik. Ak m\u00e1te ak\u00e9ko\u013evek ot\u00e1zky, op\u00fdtajte sa svojho lek\u00e1ra alebo lek\u00e1rnika.<\/li>\n<li>Tento liek u\u017e\u00edvajte \u00fastami s jedlom alebo bez jedla pod\u013ea pokynov lek\u00e1ra, zvy\u010dajne tesne pred t\u00fdm, ako si \u013eahnete do postele. D\u00e1vkovanie z\u00e1vis\u00ed od v\u00e1\u0161ho zdravotn\u00e9ho stavu, veku a odozvy na lie\u010dbu.<\/li>\n<li>Hoci je to nepravdepodobn\u00e9, tento liek m\u00f4\u017ee zriedkavo sp\u00f4sobi\u0165 do\u010dasn\u00fa kr\u00e1tkodob\u00fa stratu pam\u00e4ti. Aby ste zn\u00ed\u017eili t\u00fato pravdepodobnos\u0165, neu\u017e\u00edvajte d\u00e1vku tohto lieku, pokia\u013e nem\u00e1te \u010das na plnohodnotn\u00fd no\u010dn\u00fd sp\u00e1nok trvaj\u00faci aspo\u0148 7 a\u017e 8 hod\u00edn. Ak sa budete musie\u0165 zobudi\u0165 sk\u00f4r, m\u00f4\u017ee d\u00f4js\u0165 k ur\u010ditej strate pam\u00e4ti.<\/li>\n<li>V tak\u00fdchto pr\u00edpadoch sa m\u00f4\u017eu vyskytn\u00fa\u0165 abstinen\u010dn\u00e9 pr\u00edznaky (ako je nevo\u013enos\u0165, vracanie, s\u010dervenanie, \u017eal\u00fado\u010dn\u00e9 k\u0155\u010de, nervozita, tras), ak n\u00e1hle prestanete u\u017e\u00edva\u0165 tento liek. Aby sa predi\u0161lo abstinen\u010dn\u00fdm reakci\u00e1m, v\u00e1\u0161 lek\u00e1r v\u00e1m m\u00f4\u017ee d\u00e1vku postupne zni\u017eova\u0165. Podrobnej\u0161ie inform\u00e1cie z\u00edskate od svojho lek\u00e1ra alebo lek\u00e1rnika a ak\u00e9ko\u013evek abstinen\u010dn\u00e9 reakcie ihne\u010f nahl\u00e1ste.<\/li>\n<\/ul>\n<h3>Ako pou\u017e\u00edva\u0165<\/h3>\n<ul>\n<li>Ak tento liek prestane dobre \u00fa\u010dinkova\u0165, pora\u010fte sa so svoj\u00edm lek\u00e1rom.<\/li>\n<li>Hoci mnoh\u00fdm \u013eu\u010fom pom\u00e1ha, tento liek m\u00f4\u017ee niekedy sp\u00f4sobi\u0165 z\u00e1vislos\u0165. Toto riziko m\u00f4\u017ee by\u0165 vy\u0161\u0161ie, ak m\u00e1te poruchu u\u017e\u00edvania n\u00e1vykov\u00fdch l\u00e1tok (napr\u00edklad nadmern\u00e9 u\u017e\u00edvanie drog\/alkoholu alebo z\u00e1vislos\u0165 od nich). Tento liek u\u017e\u00edvajte presne pod\u013ea predpisu, aby ste zn\u00ed\u017eili riziko vzniku z\u00e1vislosti. \u010eal\u0161ie inform\u00e1cie v\u00e1m poskytne v\u00e1\u0161 lek\u00e1r alebo lek\u00e1rnik.<\/li>\n<li>Ak v\u00e1\u0161 stav pretrv\u00e1va po 7 a\u017e 10 d\u0148och alebo ak sa zhor\u0161\u00ed, ozn\u00e1mte to svojmu lek\u00e1rovi.<\/li>\n<li>Nieko\u013eko prv\u00fdch noc\u00ed po ukon\u010den\u00ed u\u017e\u00edvania tohto lieku m\u00f4\u017eete ma\u0165 probl\u00e9my so sp\u00e1nkom. Zvy\u010dajne to po 1 alebo 2 nociach vymizne. Ak tento \u00fa\u010dinok pretrv\u00e1va, kontaktujte svojho lek\u00e1ra.<\/li>\n<\/ul>\n<h1><strong>Najlep\u0161ie miesto pre n\u00e1kup Restoril 30mg online bez lek\u00e1rskeho predpisu | Legit Restoril 30mg na predaj online<\/strong><\/h1>\n<p class=\"lead\">Tu si ho m\u00f4\u017eete bezpe\u010dne a spo\u013eahlivo k\u00fapi\u0165 online bez lek\u00e1rskeho predpisu. V\u00fdrobky s\u00fa najlep\u0161ej kvality a pribli\u017ene 98,98% \u010dist\u00e9 a schv\u00e1len\u00e9 FDA. Balenie je bezpe\u010dn\u00e9 a doprava je 100% diskr\u00e9tna a dodanie je ve\u013emi r\u00fdchle. V s\u00fa\u010dasnosti zasielame s DHL, FedEx a UPS.<\/p>\n<p>Vy to rob\u00edte\u00a0<strong>NIE<\/strong>\u00a0potrebujete\u00a0<strong>Predpis<\/strong>\u00a0objedna\u0165 u n\u00e1s. Objednajte si teraz a my v\u00e1m diskr\u00e9tne po\u0161leme bal\u00edk na va\u0161e miesto po celom svete.<\/p>","protected":false},"excerpt":{"rendered":"<p>K\u00fapi\u0165 Restoril 30 mg Temazepam pilulky online.<\/p>\n<p>N\u00e1zov zna\u010dky:\u00a0<strong>Restoril<\/strong><br \/>\nV\u0161eobecn\u00e9:\u00a0<strong>Temazepam<\/strong><br \/>\nDostupn\u00e1 sila: 30 mg<br \/>\nBalenie: Blister:<br \/>\nVyroben\u00e9 : Novatris<\/p>\n<p>&nbsp;<\/p>","protected":false},"featured_media":10021,"comment_status":"open","ping_status":"closed","template":"","meta":{"_bst_post_transparent":"","_bst_post_title":"","_bst_post_layout":"","_bst_post_sidebar_id":"","_bst_post_content_style":"","_bst_post_vertical_padding":"","_bst_post_feature":"","_bst_post_feature_position":"","_bst_post_header":false,"_bst_post_footer":false},"product_brand":[],"product_cat":[77,770],"product_tag":[1077,1070,1064,1063,1067,1074,1076,1062,1075,1061,1068,1071,1065,1073,1069,1072,1066],"product_brands":[],"class_list":{"0":"post-10012","1":"product","2":"type-product","3":"status-publish","4":"has-post-thumbnail","6":"product_cat-pain-sleeping-sex-pills","7":"product_cat-sleeping-pills","8":"product_tag-20-mg-oxycontin-time-release","9":"product_tag-cost-of-temazepam-at-walmart","10":"product_tag-goodrx-temazepam","11":"product_tag-goodrx-temazepam-7-5","12":"product_tag-how-much-does-temazepam-cost","13":"product_tag-max-dose-of-temazepam","14":"product_tag-oxycodone-15mg-tablet-image","15":"product_tag-restorol-walgreens","16":"product_tag-temazepam-15-mg-goodrx","17":"product_tag-temazepam-30-mg-prices","18":"product_tag-temazepam-30-mg-sleeping-pills","19":"product_tag-temazepam-30-mg-street-price","20":"product_tag-temazepam-30-mg-street-value","21":"product_tag-temazepam-7-5-mg-price","22":"product_tag-temazepam-7-5-mg-prices","23":"product_tag-temazepam-cost-price","24":"product_tag-temazepam-cost-without-insurance","26":"first","27":"instock","28":"shipping-taxable","29":"purchasable","30":"product-type-variable","31":"entry","32":"content-bg","33":"loop-entry"},"tiered_pricing_type":"fixed","tiered_pricing_fixed_rules":[],"tiered_pricing_percentage_rules":[],"tiered_pricing_minimum":1,"_administrator_tiered_pricing_type":"fixed","_administrator_tiered_pricing_fixed_rules":[],"_editor_tiered_pricing_type":"fixed","_editor_tiered_pricing_fixed_rules":[],"_author_tiered_pricing_type":"fixed","_author_tiered_pricing_fixed_rules":[],"_contributor_tiered_pricing_type":"fixed","_contributor_tiered_pricing_fixed_rules":[],"_subscriber_tiered_pricing_type":"fixed","_subscriber_tiered_pricing_fixed_rules":[],"_customer_tiered_pricing_type":"fixed","_customer_tiered_pricing_fixed_rules":[],"_shop_manager_tiered_pricing_type":"fixed","_shop_manager_tiered_pricing_fixed_rules":[],"_wpseo_manager_tiered_pricing_type":"fixed","_wpseo_manager_tiered_pricing_fixed_rules":[],"_wpseo_editor_tiered_pricing_type":"fixed","_wpseo_editor_tiered_pricing_fixed_rules":[],"yoast_head":"<!-- This site is optimized with the Yoast SEO plugin v27.2 - https:\/\/yoast.com\/product\/yoast-seo-wordpress\/ -->\n<title>Buy Restoril 30mg online, Temazepam (Generic Restoril) 30mg Capsules<\/title>\n<meta name=\"description\" content=\"Buy Restoril 30mg online \u2013 temazepam \u2013 Buy Restoril online without prescription. Restoril (Temazepam) is a benzodiazepine\" \/>\n<meta name=\"robots\" content=\"index, follow, max-snippet:-1, max-image-preview:large, max-video-preview:-1\" \/>\n<link rel=\"canonical\" href=\"https:\/\/stonersmeds.com\/sk\/shop\/buy-restoril-30mg-temezepam-pills-online\/\" \/>\n<meta property=\"og:locale\" content=\"sk_SK\" \/>\n<meta property=\"og:type\" content=\"article\" \/>\n<meta property=\"og:title\" content=\"Buy Restoril 30mg online, Temazepam (Generic Restoril) 30mg Capsules\" \/>\n<meta property=\"og:description\" content=\"Buy Restoril 30mg online \u2013 temazepam \u2013 Buy Restoril online without prescription. Restoril (Temazepam) is a benzodiazepine\" \/>\n<meta property=\"og:url\" content=\"https:\/\/stonersmeds.com\/sk\/shop\/buy-restoril-30mg-temezepam-pills-online\/\" \/>\n<meta property=\"og:site_name\" content=\"stonersmeds.com\" \/>\n<meta property=\"article:modified_time\" content=\"2026-03-01T22:00:45+00:00\" \/>\n<meta property=\"og:image\" content=\"https:\/\/stonersmeds.com\/wp-content\/uploads\/2022\/03\/Buy-Restoril-30mg-Temezepam-pills-online.jpg\" \/>\n\t<meta property=\"og:image:width\" content=\"600\" \/>\n\t<meta property=\"og:image:height\" content=\"600\" \/>\n\t<meta property=\"og:image:type\" content=\"image\/jpeg\" \/>\n<meta name=\"twitter:card\" content=\"summary_large_image\" \/>\n<meta name=\"twitter:label1\" content=\"Dostupnos\u0165\" \/>\n\t<meta name=\"twitter:data1\" content=\"Na sklade\" \/>\n<script type=\"application\/ld+json\" class=\"yoast-schema-graph\">{\"@context\":\"https:\/\/schema.org\",\"@graph\":[{\"@type\":\"WebPage\",\"@id\":\"https:\/\/stonersmeds.com\/de\/shop\/buy-restoril-30mg-temezepam-pills-online\/\",\"url\":\"https:\/\/stonersmeds.com\/de\/shop\/buy-restoril-30mg-temezepam-pills-online\/\",\"name\":\"Buy Restoril 30mg online, Temazepam (Generic Restoril) 30mg Capsules\",\"isPartOf\":{\"@id\":\"https:\/\/stonersmeds.com\/#website\"},\"primaryImageOfPage\":{\"@id\":\"https:\/\/stonersmeds.com\/de\/shop\/buy-restoril-30mg-temezepam-pills-online\/#primaryimage\"},\"image\":{\"@id\":\"https:\/\/stonersmeds.com\/de\/shop\/buy-restoril-30mg-temezepam-pills-online\/#primaryimage\"},\"thumbnailUrl\":\"https:\/\/stonersmeds.com\/wp-content\/uploads\/2022\/03\/Buy-Restoril-30mg-Temezepam-pills-online.jpg\",\"datePublished\":\"2022-03-12T04:08:52+00:00\",\"dateModified\":\"2026-03-01T22:00:45+00:00\",\"description\":\"Buy Restoril 30mg online \u2013 temazepam \u2013 Buy Restoril online without prescription. Restoril (Temazepam) is a benzodiazepine\",\"breadcrumb\":{\"@id\":\"https:\/\/stonersmeds.com\/de\/shop\/buy-restoril-30mg-temezepam-pills-online\/#breadcrumb\"},\"inLanguage\":\"sk-SK\",\"potentialAction\":[{\"@type\":\"ReadAction\",\"target\":[\"https:\/\/stonersmeds.com\/de\/shop\/buy-restoril-30mg-temezepam-pills-online\/\"]}]},{\"@type\":\"ImageObject\",\"inLanguage\":\"sk-SK\",\"@id\":\"https:\/\/stonersmeds.com\/de\/shop\/buy-restoril-30mg-temezepam-pills-online\/#primaryimage\",\"url\":\"https:\/\/stonersmeds.com\/wp-content\/uploads\/2022\/03\/Buy-Restoril-30mg-Temezepam-pills-online.jpg\",\"contentUrl\":\"https:\/\/stonersmeds.com\/wp-content\/uploads\/2022\/03\/Buy-Restoril-30mg-Temezepam-pills-online.jpg\",\"width\":600,\"height\":600},{\"@type\":\"BreadcrumbList\",\"@id\":\"https:\/\/stonersmeds.com\/de\/shop\/buy-restoril-30mg-temezepam-pills-online\/#breadcrumb\",\"itemListElement\":[{\"@type\":\"ListItem\",\"position\":1,\"name\":\"Home\",\"item\":\"https:\/\/stonersmeds.com\/\"},{\"@type\":\"ListItem\",\"position\":2,\"name\":\"Shop\",\"item\":\"https:\/\/stonersmeds.com\/shop\/\"},{\"@type\":\"ListItem\",\"position\":3,\"name\":\"Buy Restoril 30mg Temazepam pills\"}]},{\"@type\":\"WebSite\",\"@id\":\"https:\/\/stonersmeds.com\/#website\",\"url\":\"https:\/\/stonersmeds.com\/\",\"name\":\"stonersmeds.com\",\"description\":\"verschreibungspflichtige Medizin kaufen\",\"publisher\":{\"@id\":\"https:\/\/stonersmeds.com\/#organization\"},\"alternateName\":\"Research chemical shop\",\"potentialAction\":[{\"@type\":\"SearchAction\",\"target\":{\"@type\":\"EntryPoint\",\"urlTemplate\":\"https:\/\/stonersmeds.com\/?s={search_term_string}\"},\"query-input\":{\"@type\":\"PropertyValueSpecification\",\"valueRequired\":true,\"valueName\":\"search_term_string\"}}],\"inLanguage\":\"sk-SK\"},{\"@type\":\"Organization\",\"@id\":\"https:\/\/stonersmeds.com\/#organization\",\"name\":\"Stonersmeds Shop\",\"url\":\"https:\/\/stonersmeds.com\/\",\"logo\":{\"@type\":\"ImageObject\",\"inLanguage\":\"sk-SK\",\"@id\":\"https:\/\/stonersmeds.com\/#\/schema\/logo\/image\/\",\"url\":\"https:\/\/stonersmeds.com\/wp-content\/uploads\/2026\/02\/high-purity-DMT-powder.jpg\",\"contentUrl\":\"https:\/\/stonersmeds.com\/wp-content\/uploads\/2026\/02\/high-purity-DMT-powder.jpg\",\"width\":500,\"height\":500,\"caption\":\"Stonersmeds Shop\"},\"image\":{\"@id\":\"https:\/\/stonersmeds.com\/#\/schema\/logo\/image\/\"}}]}<\/script>\n<meta property=\"og:availability\" content=\"instock\" \/>\n<meta property=\"product:availability\" content=\"instock\" \/>\n<meta property=\"product:condition\" content=\"new\" \/>\n<!-- \/ Yoast SEO plugin. -->","yoast_head_json":{"title":"K\u00fapi\u0165 Restoril 30mg online, Temazepam (Generic Restoril) 30mg Capsules","description":"Buy Restoril 30mg online - temazepam - K\u00fapi\u0165 Restoril online bez lek\u00e1rskeho predpisu. Restoril (Temazepam) je benzodiazep\u00edn","robots":{"index":"index","follow":"follow","max-snippet":"max-snippet:-1","max-image-preview":"max-image-preview:large","max-video-preview":"max-video-preview:-1"},"canonical":"https:\/\/stonersmeds.com\/sk\/shop\/buy-restoril-30mg-temezepam-pills-online\/","og_locale":"sk_SK","og_type":"article","og_title":"Buy Restoril 30mg online, Temazepam (Generic Restoril) 30mg Capsules","og_description":"Buy Restoril 30mg online \u2013 temazepam \u2013 Buy Restoril online without prescription. Restoril (Temazepam) is a benzodiazepine","og_url":"https:\/\/stonersmeds.com\/sk\/shop\/buy-restoril-30mg-temezepam-pills-online\/","og_site_name":"stonersmeds.com","article_modified_time":"2026-03-01T22:00:45+00:00","og_image":[{"width":600,"height":600,"url":"https:\/\/stonersmeds.com\/wp-content\/uploads\/2022\/03\/Buy-Restoril-30mg-Temezepam-pills-online.jpg","type":"image\/jpeg"}],"twitter_card":"summary_large_image","twitter_misc":{"Dostupnos\u0165":"Na sklade"},"schema":{"@context":"https:\/\/schema.org","@graph":[{"@type":"WebPage","@id":"https:\/\/stonersmeds.com\/de\/shop\/buy-restoril-30mg-temezepam-pills-online\/","url":"https:\/\/stonersmeds.com\/de\/shop\/buy-restoril-30mg-temezepam-pills-online\/","name":"K\u00fapi\u0165 Restoril 30mg online, Temazepam (Generic Restoril) 30mg Capsules","isPartOf":{"@id":"https:\/\/stonersmeds.com\/#website"},"primaryImageOfPage":{"@id":"https:\/\/stonersmeds.com\/de\/shop\/buy-restoril-30mg-temezepam-pills-online\/#primaryimage"},"image":{"@id":"https:\/\/stonersmeds.com\/de\/shop\/buy-restoril-30mg-temezepam-pills-online\/#primaryimage"},"thumbnailUrl":"https:\/\/stonersmeds.com\/wp-content\/uploads\/2022\/03\/Buy-Restoril-30mg-Temezepam-pills-online.jpg","datePublished":"2022-03-12T04:08:52+00:00","dateModified":"2026-03-01T22:00:45+00:00","description":"Buy Restoril 30mg online - temazepam - K\u00fapi\u0165 Restoril online bez lek\u00e1rskeho predpisu. Restoril (Temazepam) je benzodiazep\u00edn","breadcrumb":{"@id":"https:\/\/stonersmeds.com\/de\/shop\/buy-restoril-30mg-temezepam-pills-online\/#breadcrumb"},"inLanguage":"sk-SK","potentialAction":[{"@type":"ReadAction","target":["https:\/\/stonersmeds.com\/de\/shop\/buy-restoril-30mg-temezepam-pills-online\/"]}]},{"@type":"ImageObject","inLanguage":"sk-SK","@id":"https:\/\/stonersmeds.com\/de\/shop\/buy-restoril-30mg-temezepam-pills-online\/#primaryimage","url":"https:\/\/stonersmeds.com\/wp-content\/uploads\/2022\/03\/Buy-Restoril-30mg-Temezepam-pills-online.jpg","contentUrl":"https:\/\/stonersmeds.com\/wp-content\/uploads\/2022\/03\/Buy-Restoril-30mg-Temezepam-pills-online.jpg","width":600,"height":600},{"@type":"BreadcrumbList","@id":"https:\/\/stonersmeds.com\/de\/shop\/buy-restoril-30mg-temezepam-pills-online\/#breadcrumb","itemListElement":[{"@type":"ListItem","position":1,"name":"Home","item":"https:\/\/stonersmeds.com\/"},{"@type":"ListItem","position":2,"name":"Shop","item":"https:\/\/stonersmeds.com\/shop\/"},{"@type":"ListItem","position":3,"name":"Buy Restoril 30mg Temazepam pills"}]},{"@type":"WebSite","@id":"https:\/\/stonersmeds.com\/#website","url":"https:\/\/stonersmeds.com\/","name":"stonersmeds.com","description":"verschreibungspflichtige Medizin kaufen","publisher":{"@id":"https:\/\/stonersmeds.com\/#organization"},"alternateName":"Research chemical shop","potentialAction":[{"@type":"SearchAction","target":{"@type":"EntryPoint","urlTemplate":"https:\/\/stonersmeds.com\/?s={search_term_string}"},"query-input":{"@type":"PropertyValueSpecification","valueRequired":true,"valueName":"search_term_string"}}],"inLanguage":"sk-SK"},{"@type":"Organization","@id":"https:\/\/stonersmeds.com\/#organization","name":"Stonersmeds Shop","url":"https:\/\/stonersmeds.com\/","logo":{"@type":"ImageObject","inLanguage":"sk-SK","@id":"https:\/\/stonersmeds.com\/#\/schema\/logo\/image\/","url":"https:\/\/stonersmeds.com\/wp-content\/uploads\/2026\/02\/high-purity-DMT-powder.jpg","contentUrl":"https:\/\/stonersmeds.com\/wp-content\/uploads\/2026\/02\/high-purity-DMT-powder.jpg","width":500,"height":500,"caption":"Stonersmeds Shop"},"image":{"@id":"https:\/\/stonersmeds.com\/#\/schema\/logo\/image\/"}}]},"og_availability":"instock","product_availability":"instock","product_condition":"new"},"_links":{"self":[{"href":"https:\/\/stonersmeds.com\/sk\/wp-json\/wp\/v2\/product\/10012","targetHints":{"allow":["GET"]}}],"collection":[{"href":"https:\/\/stonersmeds.com\/sk\/wp-json\/wp\/v2\/product"}],"about":[{"href":"https:\/\/stonersmeds.com\/sk\/wp-json\/wp\/v2\/types\/product"}],"replies":[{"embeddable":true,"href":"https:\/\/stonersmeds.com\/sk\/wp-json\/wp\/v2\/comments?post=10012"}],"version-history":[{"count":0,"href":"https:\/\/stonersmeds.com\/sk\/wp-json\/wp\/v2\/product\/10012\/revisions"}],"wp:featuredmedia":[{"embeddable":true,"href":"https:\/\/stonersmeds.com\/sk\/wp-json\/wp\/v2\/media\/10021"}],"wp:attachment":[{"href":"https:\/\/stonersmeds.com\/sk\/wp-json\/wp\/v2\/media?parent=10012"}],"wp:term":[{"taxonomy":"product_brand","embeddable":true,"href":"https:\/\/stonersmeds.com\/sk\/wp-json\/wp\/v2\/product_brand?post=10012"},{"taxonomy":"product_cat","embeddable":true,"href":"https:\/\/stonersmeds.com\/sk\/wp-json\/wp\/v2\/product_cat?post=10012"},{"taxonomy":"product_tag","embeddable":true,"href":"https:\/\/stonersmeds.com\/sk\/wp-json\/wp\/v2\/product_tag?post=10012"},{"taxonomy":"product_brands","embeddable":true,"href":"https:\/\/stonersmeds.com\/sk\/wp-json\/wp\/v2\/product_brands?post=10012"}],"curies":[{"name":"wp","href":"https:\/\/api.w.org\/{rel}","templated":true}]}}