{"id":10171,"date":"2022-03-12T05:48:30","date_gmt":"2022-03-12T05:48:30","guid":{"rendered":"https:\/\/stonersmeds.com\/?post_type=product&#038;p=10171"},"modified":"2026-03-02T00:40:41","modified_gmt":"2026-03-01T22:40:41","slug":"buy-4mmc-mephedrone-online","status":"publish","type":"product","link":"https:\/\/stonersmeds.com\/sk\/shop\/buy-4mmc-mephedrone-online\/","title":{"rendered":"K\u00fapte si 4MMC mefedron online"},"content":{"rendered":"<h1>K\u00fapi\u0165 Mefedron 4MMC online<\/h1>\n<p>Sme tu, aby sme v\u00e1m pomohli so v\u0161etk\u00fdmi va\u0161imi potrebami a po\u017eiadavkami. Jednoducho sa spojte s na\u0161\u00edm internetov\u00fdm obchodom a pohodlne nak\u00fapte. Va\u0161e po\u017eiadavky s\u00fa teraz vzdialen\u00e9 len jedno kliknutie. Spojte sa s nami okam\u017eite! (K\u00fapi\u0165 mefedr\u00f3n 4MMC)<\/p>\n<p>K\u00fapi\u0165 mefedr\u00f3n online<br \/>\nK\u00fapi\u0165 mefedr\u00f3n online; Sme obchodn\u00edkom s pravidlami mefedr\u00f3nu v USA, Austr\u00e1lii a \u010fal\u0161\u00edch krajin\u00e1ch, \u010do znamen\u00e1, \u017ee sa st\u00e1vame popredn\u00fdm distrib\u00fatorom liekov vyroben\u00fdch na b\u00e1ze 4-MMC na celom svete. Viac mokr\u00fdch odparova\u010dov Pon\u00fakame vynikaj\u00faci mefedr\u00f3n, naz\u00fdvan\u00fd aj 4-metylmetkatin\u00f3n (4-MMC).<\/p>\n<p>K\u00fapte si pr\u00e1\u0161ok mefedr\u00f3nu - vysoko \u010dist\u00fd mefedr\u00f3n a in\u00e9 substituovan\u00e9 fenetylam\u00edny za najlacnej\u0161ie ceny. Z\u013eava je k dispoz\u00edcii. R\u00fdchle dodanie do cel\u00e9ho sveta.<\/p>\n<p>K\u00fapte si pr\u00e1\u0161ok MMC (mefedr\u00f3n). MMC (mefedr\u00f3n) zn\u00e1my aj ako 4-metylmetkatin\u00f3n alebo 4-metylefedr\u00f3n<\/p>\n<p>Objednajte si mefedr\u00f3n. M-CAT, 4-MMC online. Mefedr\u00f3n je stimula\u010dn\u00e1 droga, ktor\u00e1 patr\u00ed do chemickej skupiny katin\u00f3nov\u00fdch drog. Mefedr\u00f3n kry\u0161t\u00e1l, 4-metylmetkatin\u00f3nov\u00fd pr\u00e1\u0161ok je jednou zo stoviek dizajn\u00e9rskych drog. alebo leg\u00e1lnych drog, ktor\u00e9 boli v posledn\u00fdch rokoch zaznamenan\u00e9<\/p>\n<p><strong>Kde k\u00fapi\u0165 mefedr\u00f3n k\u00fape\u013eov\u00e9 soli<\/strong><br \/>\nInform\u00e1cie o mefedr\u00f3ne Mefedr\u00f3n alebo dimetylmetkatin\u00f3n, 1- (4-metylfenyl) -2-metylaminoprop\u00e1n-1-\u00f3n, je v s\u00fa\u010dasnosti dostupn\u00fd v mokr\u00fdch voz\u00edkoch v Spojenom kr\u00e1\u013eovstve, USA, Austr\u00e1lii a \u010fal\u0161\u00edch krajin\u00e1ch. Volite\u013en\u00e9 n\u00e1zvy boli Mcat, 4-MMC, MM-Cat, Meow alebo 4-metylmetkatin\u00f3n. P\u00f4vodne bol mefedr\u00f3n rafinovan\u00fd z africkej rastliny Khat k\u00fapi\u0165 mefedr\u00f3n. Je to stimula\u010dn\u00fd a entaktog\u00e9nny liek zo skupiny l\u00e1tok fenetylam\u00edn, amfetam\u00edn a katin\u00f3n, o ktorom je zn\u00e1me, \u017ee vyvol\u00e1va mierne eutrofick\u00e9 pocity a potl\u00e1\u010da t\u00fa\u017ebu.<\/p>\n<p><strong>K\u00fapi\u0165 mefedr\u00f3n online s doru\u010den\u00edm cez noc<\/strong>Podobne ako jeho bratranec na b\u00e1ze MDMA, aj on reaguje na vyvolanie s\u00facitu. Odvar si rob\u00ed prest\u00e1vku v synaps\u00e1ch rovnako ako koka\u00edn alebo amfetam\u00edn, v\u010faka \u010domu je cenn\u00fd vo v\u00fdskume. K\u00fapte si mefedr\u00f3n online. Mefedr\u00f3n sa dod\u00e1va ako s\u00fdty biely pr\u00e1\u0161ok, ale m\u00f4\u017ee by\u0165 aj vo forme gran\u00fal.<\/p>\n<p>Kde k\u00fapi\u0165 mefedr\u00f3n<br \/>\nNapriek tomu, \u017ee mefedr\u00f3n je zn\u00e1my neleg\u00e1lnym pou\u017e\u00edvan\u00edm v rekrea\u010dn\u00fdch podmienkach, je tie\u017e d\u00f4le\u017eitou \u017eivinou pre rastliny, ako napr\u00edklad mefedr\u00f3nov\u00e1 k\u00fape\u013eov\u00e1 so\u013e. Doch\u00e1dza k stieraniu hran\u00edc medzi nez\u00e1konn\u00fdm pou\u017e\u00edvan\u00edm a pou\u017e\u00edvan\u00edm v po\u013enohospod\u00e1rstve, \u010do prispelo k zm\u00e4tku.<\/p>\n<p><strong>$ 250 za 10 gramov<\/strong><\/p>\n<pre><strong>K\u00fapi\u0165 mefedr\u00f3n 4MMC online - k\u00fapi\u0165 mefedr\u00f3n, k\u00fapi\u0165 mefedr\u00f3n \u0160panielsko, k\u00fapi\u0165 mefedr\u00f3n online, Kde k\u00fapi\u0165 mefedr\u00f3n, mefedr\u00f3n rastlinn\u00e9 potraviny, mefedr\u00f3n rastlina na predaj, k\u00fapi\u0165 4mmc online, kde k\u00fapi\u0165 4mmc online, 4mmc na predaj , \u0160panielsko, k\u00fapi\u0165, online, dod\u00e1vatelia, bezpe\u010dn\u00e9 dodanie, st\u00e1le m\u00f4\u017eete z\u00edska\u0165 mefedr\u00f3n, Je mefedr\u00f3n leg\u00e1lny v \u0160panielsku, k\u00fapi\u0165 rastlinn\u00fa potravu mefedr\u00f3n online \u0160panielsko, ako vyrobi\u0165 rastlinn\u00fa potravu s mefedr\u00f3nom, Je mefedr\u00f3n leg\u00e1lny v \u0160panielsku,<\/strong><\/pre>","protected":false},"excerpt":{"rendered":"<p><strong>Sme tu, aby sme v\u00e1m pomohli so v\u0161etk\u00fdmi va\u0161imi potrebami a po\u017eiadavkami. Jednoducho sa spojte s na\u0161\u00edm internetov\u00fdm obchodom a pohodlne nak\u00fapte. Va\u0161e po\u017eiadavky s\u00fa teraz vzdialen\u00e9 len jedno kliknutie. Spojte sa s nami okam\u017eite! (K\u00fapi\u0165 mefedr\u00f3n 4MMC)<\/strong><\/p>\n<p>Dod\u00e1vame v\u00fdrobky vysokej \u010distoty s ve\u013emi dobr\u00fdm a diskr\u00e9tnym syst\u00e9mom prepravy. S 12-ro\u010dn\u00fdmi sk\u00fasenos\u0165ami s dod\u00e1vkami chemik\u00e1li\u00ed pre v\u00fdskum sa zameriavame na bezpe\u010dnos\u0165.<\/p>\n<pre><strong>Buy 4MMC Mephedrone online - k\u00fapi\u0165 Mefedron , buy 4MMC Mephedrone near me , how to buy 4MMC Mephedrone online, Where to Buy 4MMC Mephedrone , 4MMC Mephedrone for sale, 4MMC Mephedrone for sale in usa, buy 4MMC Mephedrone online now, where to Buy 4MMC Mephedrone online, 4MMC Mefedron na predaj v usa , USA, kanada,uk, k\u00fapi\u0165, online, dod\u00e1vatelia, bezpe\u010dn\u00e9 dodanie, st\u00e1le m\u00f4\u017eete z\u00edska\u0165 4MMC Mefedron , Je 4MMC Mefedron leg\u00e1lny v usa, k\u00fapi\u0165 4MMC Mefedron online usa, ako objedna\u0165 4MMC Mefedron , Je 4MMC Mefedron v Kanade<\/strong><\/pre>","protected":false},"featured_media":10184,"comment_status":"open","ping_status":"closed","template":"","meta":{"_bst_post_transparent":"","_bst_post_title":"","_bst_post_layout":"","_bst_post_sidebar_id":"","_bst_post_content_style":"","_bst_post_vertical_padding":"","_bst_post_feature":"","_bst_post_feature_position":"","_bst_post_header":false,"_bst_post_footer":false},"product_brand":[],"product_cat":[79],"product_tag":[],"product_brands":[],"class_list":{"0":"post-10171","1":"product","2":"type-product","3":"status-publish","4":"has-post-thumbnail","6":"product_cat-research-chemicals-and-bath-salt","8":"first","9":"instock","10":"shipping-taxable","11":"purchasable","12":"product-type-variable","13":"entry","14":"content-bg","15":"loop-entry"},"tiered_pricing_type":"fixed","tiered_pricing_fixed_rules":[],"tiered_pricing_percentage_rules":[],"tiered_pricing_minimum":1,"_administrator_tiered_pricing_type":"fixed","_administrator_tiered_pricing_fixed_rules":[],"_editor_tiered_pricing_type":"fixed","_editor_tiered_pricing_fixed_rules":[],"_author_tiered_pricing_type":"fixed","_author_tiered_pricing_fixed_rules":[],"_contributor_tiered_pricing_type":"fixed","_contributor_tiered_pricing_fixed_rules":[],"_subscriber_tiered_pricing_type":"fixed","_subscriber_tiered_pricing_fixed_rules":[],"_customer_tiered_pricing_type":"fixed","_customer_tiered_pricing_fixed_rules":[],"_shop_manager_tiered_pricing_type":"fixed","_shop_manager_tiered_pricing_fixed_rules":[],"_wpseo_manager_tiered_pricing_type":"fixed","_wpseo_manager_tiered_pricing_fixed_rules":[],"_wpseo_editor_tiered_pricing_type":"fixed","_wpseo_editor_tiered_pricing_fixed_rules":[],"yoast_head":"<!-- This site is optimized with the Yoast SEO plugin v27.2 - https:\/\/yoast.com\/product\/yoast-seo-wordpress\/ -->\n<title>Buy 4MMC Mephedrone online - Cheap price, top quality<\/title>\n<meta name=\"description\" content=\"Buy mephedrone online Online at an affordable price at stonersmeds. All products are lab qualified and have premium quality.\" \/>\n<meta name=\"robots\" content=\"index, follow, max-snippet:-1, max-image-preview:large, max-video-preview:-1\" \/>\n<link rel=\"canonical\" href=\"https:\/\/stonersmeds.com\/sk\/shop\/buy-4mmc-mephedrone-online\/\" \/>\n<meta property=\"og:locale\" content=\"sk_SK\" \/>\n<meta property=\"og:type\" content=\"article\" \/>\n<meta property=\"og:title\" content=\"Buy 4MMC Mephedrone online - Cheap price, top quality\" \/>\n<meta property=\"og:description\" content=\"Buy mephedrone online Online at an affordable price at stonersmeds. All products are lab qualified and have premium quality.\" \/>\n<meta property=\"og:url\" content=\"https:\/\/stonersmeds.com\/sk\/shop\/buy-4mmc-mephedrone-online\/\" \/>\n<meta property=\"og:site_name\" content=\"stonersmeds.com\" \/>\n<meta property=\"article:modified_time\" content=\"2026-03-01T22:40:41+00:00\" \/>\n<meta property=\"og:image\" content=\"https:\/\/stonersmeds.com\/wp-content\/uploads\/2022\/03\/where-can-i-order-mdpv-bath-salts-online.jpg\" \/>\n\t<meta property=\"og:image:width\" content=\"600\" \/>\n\t<meta property=\"og:image:height\" content=\"600\" \/>\n\t<meta property=\"og:image:type\" content=\"image\/jpeg\" \/>\n<meta name=\"twitter:card\" content=\"summary_large_image\" \/>\n<meta name=\"twitter:label1\" content=\"Dostupnos\u0165\" \/>\n\t<meta name=\"twitter:data1\" content=\"Na sklade\" \/>\n<script type=\"application\/ld+json\" class=\"yoast-schema-graph\">{\"@context\":\"https:\/\/schema.org\",\"@graph\":[{\"@type\":\"WebPage\",\"@id\":\"https:\/\/stonersmeds.com\/shop\/buy-4mmc-mephedrone-online\/\",\"url\":\"https:\/\/stonersmeds.com\/shop\/buy-4mmc-mephedrone-online\/\",\"name\":\"Buy 4MMC Mephedrone online - Cheap price, top quality\",\"isPartOf\":{\"@id\":\"https:\/\/stonersmeds.com\/#website\"},\"primaryImageOfPage\":{\"@id\":\"https:\/\/stonersmeds.com\/shop\/buy-4mmc-mephedrone-online\/#primaryimage\"},\"image\":{\"@id\":\"https:\/\/stonersmeds.com\/shop\/buy-4mmc-mephedrone-online\/#primaryimage\"},\"thumbnailUrl\":\"https:\/\/stonersmeds.com\/wp-content\/uploads\/2022\/03\/where-can-i-order-mdpv-bath-salts-online.jpg\",\"datePublished\":\"2022-03-12T05:48:30+00:00\",\"dateModified\":\"2026-03-01T22:40:41+00:00\",\"description\":\"Buy mephedrone online Online at an affordable price at stonersmeds. All products are lab qualified and have premium quality.\",\"breadcrumb\":{\"@id\":\"https:\/\/stonersmeds.com\/shop\/buy-4mmc-mephedrone-online\/#breadcrumb\"},\"inLanguage\":\"sk-SK\",\"potentialAction\":[{\"@type\":\"ReadAction\",\"target\":[\"https:\/\/stonersmeds.com\/shop\/buy-4mmc-mephedrone-online\/\"]}]},{\"@type\":\"ImageObject\",\"inLanguage\":\"sk-SK\",\"@id\":\"https:\/\/stonersmeds.com\/shop\/buy-4mmc-mephedrone-online\/#primaryimage\",\"url\":\"https:\/\/stonersmeds.com\/wp-content\/uploads\/2022\/03\/where-can-i-order-mdpv-bath-salts-online.jpg\",\"contentUrl\":\"https:\/\/stonersmeds.com\/wp-content\/uploads\/2022\/03\/where-can-i-order-mdpv-bath-salts-online.jpg\",\"width\":600,\"height\":600},{\"@type\":\"BreadcrumbList\",\"@id\":\"https:\/\/stonersmeds.com\/shop\/buy-4mmc-mephedrone-online\/#breadcrumb\",\"itemListElement\":[{\"@type\":\"ListItem\",\"position\":1,\"name\":\"Home\",\"item\":\"https:\/\/stonersmeds.com\/\"},{\"@type\":\"ListItem\",\"position\":2,\"name\":\"Shop\",\"item\":\"https:\/\/stonersmeds.com\/shop\/\"},{\"@type\":\"ListItem\",\"position\":3,\"name\":\"Buy 4MMC Mephedrone online\"}]},{\"@type\":\"WebSite\",\"@id\":\"https:\/\/stonersmeds.com\/#website\",\"url\":\"https:\/\/stonersmeds.com\/\",\"name\":\"stonersmeds.com\",\"description\":\"verschreibungspflichtige Medizin kaufen\",\"publisher\":{\"@id\":\"https:\/\/stonersmeds.com\/#organization\"},\"alternateName\":\"Research chemical shop\",\"potentialAction\":[{\"@type\":\"SearchAction\",\"target\":{\"@type\":\"EntryPoint\",\"urlTemplate\":\"https:\/\/stonersmeds.com\/?s={search_term_string}\"},\"query-input\":{\"@type\":\"PropertyValueSpecification\",\"valueRequired\":true,\"valueName\":\"search_term_string\"}}],\"inLanguage\":\"sk-SK\"},{\"@type\":\"Organization\",\"@id\":\"https:\/\/stonersmeds.com\/#organization\",\"name\":\"Stonersmeds Shop\",\"url\":\"https:\/\/stonersmeds.com\/\",\"logo\":{\"@type\":\"ImageObject\",\"inLanguage\":\"sk-SK\",\"@id\":\"https:\/\/stonersmeds.com\/#\/schema\/logo\/image\/\",\"url\":\"https:\/\/stonersmeds.com\/wp-content\/uploads\/2026\/02\/high-purity-DMT-powder.jpg\",\"contentUrl\":\"https:\/\/stonersmeds.com\/wp-content\/uploads\/2026\/02\/high-purity-DMT-powder.jpg\",\"width\":500,\"height\":500,\"caption\":\"Stonersmeds Shop\"},\"image\":{\"@id\":\"https:\/\/stonersmeds.com\/#\/schema\/logo\/image\/\"}}]}<\/script>\n<meta property=\"og:availability\" content=\"instock\" \/>\n<meta property=\"product:availability\" content=\"instock\" \/>\n<meta property=\"product:condition\" content=\"new\" \/>\n<!-- \/ Yoast SEO plugin. -->","yoast_head_json":{"title":"K\u00fapi\u0165 4MMC Mefedron online - Lacn\u00e1 cena, najvy\u0161\u0161ia kvalita","description":"K\u00fapi\u0165 mefedr\u00f3n online Online za prijate\u013en\u00fa cenu na stonersmeds. V\u0161etky produkty s\u00fa laborat\u00f3rne kvalifikovan\u00e9 a maj\u00fa prvotriednu kvalitu.","robots":{"index":"index","follow":"follow","max-snippet":"max-snippet:-1","max-image-preview":"max-image-preview:large","max-video-preview":"max-video-preview:-1"},"canonical":"https:\/\/stonersmeds.com\/sk\/shop\/buy-4mmc-mephedrone-online\/","og_locale":"sk_SK","og_type":"article","og_title":"Buy 4MMC Mephedrone online - Cheap price, top quality","og_description":"Buy mephedrone online Online at an affordable price at stonersmeds. All products are lab qualified and have premium quality.","og_url":"https:\/\/stonersmeds.com\/sk\/shop\/buy-4mmc-mephedrone-online\/","og_site_name":"stonersmeds.com","article_modified_time":"2026-03-01T22:40:41+00:00","og_image":[{"width":600,"height":600,"url":"https:\/\/stonersmeds.com\/wp-content\/uploads\/2022\/03\/where-can-i-order-mdpv-bath-salts-online.jpg","type":"image\/jpeg"}],"twitter_card":"summary_large_image","twitter_misc":{"Dostupnos\u0165":"Na sklade"},"schema":{"@context":"https:\/\/schema.org","@graph":[{"@type":"WebPage","@id":"https:\/\/stonersmeds.com\/shop\/buy-4mmc-mephedrone-online\/","url":"https:\/\/stonersmeds.com\/shop\/buy-4mmc-mephedrone-online\/","name":"K\u00fapi\u0165 4MMC Mefedron online - Lacn\u00e1 cena, najvy\u0161\u0161ia kvalita","isPartOf":{"@id":"https:\/\/stonersmeds.com\/#website"},"primaryImageOfPage":{"@id":"https:\/\/stonersmeds.com\/shop\/buy-4mmc-mephedrone-online\/#primaryimage"},"image":{"@id":"https:\/\/stonersmeds.com\/shop\/buy-4mmc-mephedrone-online\/#primaryimage"},"thumbnailUrl":"https:\/\/stonersmeds.com\/wp-content\/uploads\/2022\/03\/where-can-i-order-mdpv-bath-salts-online.jpg","datePublished":"2022-03-12T05:48:30+00:00","dateModified":"2026-03-01T22:40:41+00:00","description":"K\u00fapi\u0165 mefedr\u00f3n online Online za prijate\u013en\u00fa cenu na stonersmeds. V\u0161etky produkty s\u00fa laborat\u00f3rne kvalifikovan\u00e9 a maj\u00fa prvotriednu kvalitu.","breadcrumb":{"@id":"https:\/\/stonersmeds.com\/shop\/buy-4mmc-mephedrone-online\/#breadcrumb"},"inLanguage":"sk-SK","potentialAction":[{"@type":"ReadAction","target":["https:\/\/stonersmeds.com\/shop\/buy-4mmc-mephedrone-online\/"]}]},{"@type":"ImageObject","inLanguage":"sk-SK","@id":"https:\/\/stonersmeds.com\/shop\/buy-4mmc-mephedrone-online\/#primaryimage","url":"https:\/\/stonersmeds.com\/wp-content\/uploads\/2022\/03\/where-can-i-order-mdpv-bath-salts-online.jpg","contentUrl":"https:\/\/stonersmeds.com\/wp-content\/uploads\/2022\/03\/where-can-i-order-mdpv-bath-salts-online.jpg","width":600,"height":600},{"@type":"BreadcrumbList","@id":"https:\/\/stonersmeds.com\/shop\/buy-4mmc-mephedrone-online\/#breadcrumb","itemListElement":[{"@type":"ListItem","position":1,"name":"Home","item":"https:\/\/stonersmeds.com\/"},{"@type":"ListItem","position":2,"name":"Shop","item":"https:\/\/stonersmeds.com\/shop\/"},{"@type":"ListItem","position":3,"name":"Buy 4MMC Mephedrone online"}]},{"@type":"WebSite","@id":"https:\/\/stonersmeds.com\/#website","url":"https:\/\/stonersmeds.com\/","name":"stonersmeds.com","description":"verschreibungspflichtige Medizin kaufen","publisher":{"@id":"https:\/\/stonersmeds.com\/#organization"},"alternateName":"Research chemical shop","potentialAction":[{"@type":"SearchAction","target":{"@type":"EntryPoint","urlTemplate":"https:\/\/stonersmeds.com\/?s={search_term_string}"},"query-input":{"@type":"PropertyValueSpecification","valueRequired":true,"valueName":"search_term_string"}}],"inLanguage":"sk-SK"},{"@type":"Organization","@id":"https:\/\/stonersmeds.com\/#organization","name":"Stonersmeds Shop","url":"https:\/\/stonersmeds.com\/","logo":{"@type":"ImageObject","inLanguage":"sk-SK","@id":"https:\/\/stonersmeds.com\/#\/schema\/logo\/image\/","url":"https:\/\/stonersmeds.com\/wp-content\/uploads\/2026\/02\/high-purity-DMT-powder.jpg","contentUrl":"https:\/\/stonersmeds.com\/wp-content\/uploads\/2026\/02\/high-purity-DMT-powder.jpg","width":500,"height":500,"caption":"Stonersmeds Shop"},"image":{"@id":"https:\/\/stonersmeds.com\/#\/schema\/logo\/image\/"}}]},"og_availability":"instock","product_availability":"instock","product_condition":"new"},"_links":{"self":[{"href":"https:\/\/stonersmeds.com\/sk\/wp-json\/wp\/v2\/product\/10171","targetHints":{"allow":["GET"]}}],"collection":[{"href":"https:\/\/stonersmeds.com\/sk\/wp-json\/wp\/v2\/product"}],"about":[{"href":"https:\/\/stonersmeds.com\/sk\/wp-json\/wp\/v2\/types\/product"}],"replies":[{"embeddable":true,"href":"https:\/\/stonersmeds.com\/sk\/wp-json\/wp\/v2\/comments?post=10171"}],"version-history":[{"count":0,"href":"https:\/\/stonersmeds.com\/sk\/wp-json\/wp\/v2\/product\/10171\/revisions"}],"wp:featuredmedia":[{"embeddable":true,"href":"https:\/\/stonersmeds.com\/sk\/wp-json\/wp\/v2\/media\/10184"}],"wp:attachment":[{"href":"https:\/\/stonersmeds.com\/sk\/wp-json\/wp\/v2\/media?parent=10171"}],"wp:term":[{"taxonomy":"product_brand","embeddable":true,"href":"https:\/\/stonersmeds.com\/sk\/wp-json\/wp\/v2\/product_brand?post=10171"},{"taxonomy":"product_cat","embeddable":true,"href":"https:\/\/stonersmeds.com\/sk\/wp-json\/wp\/v2\/product_cat?post=10171"},{"taxonomy":"product_tag","embeddable":true,"href":"https:\/\/stonersmeds.com\/sk\/wp-json\/wp\/v2\/product_tag?post=10171"},{"taxonomy":"product_brands","embeddable":true,"href":"https:\/\/stonersmeds.com\/sk\/wp-json\/wp\/v2\/product_brands?post=10171"}],"curies":[{"name":"wp","href":"https:\/\/api.w.org\/{rel}","templated":true}]}}