{"id":10269,"date":"2022-03-12T06:31:12","date_gmt":"2022-03-12T06:31:12","guid":{"rendered":"https:\/\/stonersmeds.com\/?post_type=product&#038;p=10269"},"modified":"2026-03-02T04:00:06","modified_gmt":"2026-03-02T02:00:06","slug":"buy-ald-52-blotters-online","status":"publish","type":"product","link":"https:\/\/stonersmeds.com\/sk\/shop\/buy-ald-52-blotters-online\/","title":{"rendered":"K\u00fapte si pijavice ALD-52 online"},"content":{"rendered":"<h1>K\u00fapi\u0165 ALD-52 Blotters online. 100mcg ALD-52 Blotters<\/h1>\n<p>K\u00fapi\u0165 ALD-52 Blotters online.\u00a0<strong>100mcg<\/strong>\u00a0ALD-52 Blotters<\/p>\n<p>ALD 52 Blotter, ALD 52 Blotter K\u00fapi\u0165<\/p>\n<p>ALD-52 je m\u00f3dny liek, ktor\u00fd vy\u010dnieva konsolidovan\u00fd r\u00f4znymi chemick\u00fdmi l\u00e1tkami s pocitom, \u017ee sa via\u017ee na odlo\u017een\u00fa hist\u00f3riu ALD-52 a r\u00f4zne in\u00e9 n\u00e1zvy ALD-52. V\u00fdskumn\u00edci nakupuj\u00fa ALD-52 online na pou\u017eitie v oblasti liekov, v rekrea\u010dn\u00fdch a vy\u0161etrovac\u00edch cie\u013eoch. ALD-52 psychotropn\u00e9 pr\u00edvlastky ho urobili nesporn\u00fdm medzi laborat\u00f3rnymi pracovn\u00edkmi a odborn\u00edkmi na predmety. \u0160irok\u00fd rozsah typick\u00fdch klientov vybra\u0165 k\u00fapi\u0165 dostupn\u00e9 by\u0165 k\u00fapil ma\u0165 vzru\u0161enie, ma\u0165 spokojnos\u0165, udr\u017eiava\u0165 energie dr\u017e\u00ed, zv\u00fd\u0161i\u0165 sexu\u00e1lnu aktivitu.<\/p>\n<p>V\u0161imnite si, \u017ee vybra\u0165 ALD-52 vyroben\u00e9 prostredn\u00edctvom najlep\u0161\u00edch typov pokroku met\u00f3dami pre \u00faplne kontrolovan\u00e9 zbern\u00e9 opatrenie. Rozsiahle \u00faseky pr\u00edspevku na vy\u0161etrovanie vyroben\u00fdch zmes\u00ed pr\u00edstupn\u00fdch na k\u00fapu je trh umo\u017enen\u00fd regulova\u0165 stav spracovania vytv\u00e1raj\u00faceho opatrenie v \u010d\u00ednskych laborat\u00f3ri\u00e1ch, kde sa vyr\u00e1baj\u00fa v\u0161etky sprchov\u00e9 soli.<\/p>\n<p>Ako bezkonkuren\u010dn\u00fd poskytovate\u013e sa na\u0161e zdru\u017eenie zauj\u00edma priamo o legit\u00edmne \u010d\u00ednske zdru\u017eenia. Licencuje obchodovanie so sprchov\u00fdmi so\u013eami najvy\u0161\u0161ej bezchybnosti a prvotriednej kvality. ALD-52 sa mie\u0161a pod \u00fapln\u00fdm doh\u013eadom a pod\u013ea v\u0161etk\u00fdch deklarovan\u00fdch z\u00e1sad. D\u00e1va\u0165 rozhodne s\u00fa\u010dasn\u00e9 konzistentn\u00e9 \u00fadaje k dispoz\u00edcii, aby sa najviac oslniv\u00e9 n\u00e1klady na najlep\u0161om mieste k\u00fapi\u0165 v\u00fdskumn\u00e9 in\u017einierske materi\u00e1ly. V \u010d\u00ednskych laborat\u00f3ri\u00e1ch sa dod\u00e1vaj\u00fa pelety ALD-52, povrchy na \u0161kvrny ALD-52, pr\u00e1\u0161ky ALD-52. Odosielate\u013e ALD-52 dod\u00e1va ALD-52 do akejko\u013evek krajiny. \u00dazka spolupr\u00e1ca s legit\u00edmnymi dod\u00e1vate\u013emi ALD-52 zaru\u010duje v\u00fdznamn\u00e9 oneskoren\u00e9 d\u00f4sledky va\u0161ich testov a vy\u0161etren\u00ed.<\/p>\n<p>Dod\u00e1vate\u013e je spo\u013eahliv\u00fdm tvorcom hodnotiacich chemik\u00e1li\u00ed u\u017e dlh\u00fa dobu. Str\u00e1nka poskytla z\u00e1kazn\u00edkom a ohromuj\u00facu reput\u00e1ciu v celej sieti res chems. ald 52 na predaj, ald 52 k\u00fapi\u0165, k\u00fapi\u0165 ald 52, ald-52 k\u00fapi\u0165 Ako dod\u00e1vatelia rustworthy rc poskytuj\u00fa po\u010das ka\u017ed\u00e9ho d\u0148a pomoc organiz\u00e1cii so sk\u00fasen\u00fdmi ved\u00facimi pracovn\u00edkmi prostredn\u00edctvom \u017eiv\u00e9ho rozhovoru, ktor\u00ed maj\u00fa v\u00fdznamn\u00e9 \u00fadaje, ktor\u00e9 v\u00e1m pom\u00f4\u017eu s ak\u00fdmko\u013evek nepr\u00edjemn\u00fdm stavom.<\/p>\n<p>Na vynikaj\u00facich vy\u0161etrovan\u00fdch zhor\u0161eniach, ktor\u00e9 sa daj\u00fa k\u00fapi\u0165 v rozhovoroch existuj\u00facich na webe, n\u00e1jdete pozit\u00edvne reakcie od na\u0161ich kupuj\u00facich, ktor\u00ed boli v s\u00fa\u010dasnosti spokojn\u00ed s pon\u00fakan\u00fdmi druhmi pomoci a najlep\u0161\u00edmi vecami zak\u00fapen\u00fdmi z tohto internetov\u00e9ho obchodu.<\/p>\n<p>&nbsp;<\/p>\n<p>&nbsp;<\/p>\n<pre><strong>K\u00fapi\u0165 ALD-52 Blotters Online - k\u00fapi\u0165 Blotters , k\u00fapi\u0165 ALD-52 Blotters , k\u00fapi\u0165 Blotters online, Kde k\u00fapi\u0165 ALD-52 Blotters , ALD-52 Blotters na predaj, Blotters na predaj, k\u00fapi\u0165 Blotters online, kde k\u00fapi\u0165 ALD-52 Blotters online, ALD-52 Blotters for sale in usa , USA, canada,uk, buy, online, suppliers, safe delivery, St\u00e1le m\u00f4\u017eete z\u00edska\u0165 ALD-52 Blotters , Is ALD-52 Blotters legal in usa, buy ALD-52 Blotters online usa, how to order ALD-52 Blotters , Is ALD-52 Blotters legal in Canada<\/strong><\/pre>","protected":false},"excerpt":{"rendered":"<p>K\u00fapi\u0165 ALD-52 Blotters online.\u00a0<em>ALD<\/em>-<em>52<\/em>\u00a0je N-acetyl deriv\u00e1t LSD.\u00a0<strong>100mcg<\/strong>\u00a0ALD-52 Blotters.<\/p>\n<pre><strong>K\u00fapi\u0165 ALD-52 Blotters Online - k\u00fapi\u0165 Blotters , k\u00fapi\u0165 ALD-52 Blotters , k\u00fapi\u0165 Blotters online, Kde k\u00fapi\u0165 ALD-52 Blotters , ALD-52 Blotters na predaj, Blotters na predaj, k\u00fapi\u0165 Blotters online, kde k\u00fapi\u0165 ALD-52 Blotters online, ALD-52 Blotters for sale in usa , USA, canada,uk, buy, online, suppliers, safe delivery, St\u00e1le m\u00f4\u017eete z\u00edska\u0165 ALD-52 Blotters , Is ALD-52 Blotters legal in usa, buy ALD-52 Blotters online usa, how to order ALD-52 Blotters , Is ALD-52 Blotters legal in Canada<\/strong><\/pre>","protected":false},"featured_media":10283,"comment_status":"open","ping_status":"closed","template":"","meta":{"_bst_post_transparent":"","_bst_post_title":"","_bst_post_layout":"","_bst_post_sidebar_id":"","_bst_post_content_style":"","_bst_post_vertical_padding":"","_bst_post_feature":"","_bst_post_feature_position":"","_bst_post_header":false,"_bst_post_footer":false},"product_brand":[],"product_cat":[79],"product_tag":[],"product_brands":[],"class_list":{"0":"post-10269","1":"product","2":"type-product","3":"status-publish","4":"has-post-thumbnail","6":"product_cat-research-chemicals-and-bath-salt","8":"first","9":"instock","10":"shipping-taxable","11":"purchasable","12":"product-type-variable","13":"entry","14":"content-bg","15":"loop-entry"},"tiered_pricing_type":"fixed","tiered_pricing_fixed_rules":[],"tiered_pricing_percentage_rules":[],"tiered_pricing_minimum":1,"_administrator_tiered_pricing_type":"fixed","_administrator_tiered_pricing_fixed_rules":[],"_editor_tiered_pricing_type":"fixed","_editor_tiered_pricing_fixed_rules":[],"_author_tiered_pricing_type":"fixed","_author_tiered_pricing_fixed_rules":[],"_contributor_tiered_pricing_type":"fixed","_contributor_tiered_pricing_fixed_rules":[],"_subscriber_tiered_pricing_type":"fixed","_subscriber_tiered_pricing_fixed_rules":[],"_customer_tiered_pricing_type":"fixed","_customer_tiered_pricing_fixed_rules":[],"_shop_manager_tiered_pricing_type":"fixed","_shop_manager_tiered_pricing_fixed_rules":[],"_wpseo_manager_tiered_pricing_type":"fixed","_wpseo_manager_tiered_pricing_fixed_rules":[],"_wpseo_editor_tiered_pricing_type":"fixed","_wpseo_editor_tiered_pricing_fixed_rules":[],"yoast_head":"<!-- This site is optimized with the Yoast SEO plugin v27.2 - https:\/\/yoast.com\/product\/yoast-seo-wordpress\/ -->\n<title>Buy ALD-52 Blotters Online - Cheap price, top quality<\/title>\n<meta name=\"description\" content=\"Buy ALD-52 Blotters Online at an affordable price at stonersmeds. All products are lab qualified and have premium quality.\" \/>\n<meta name=\"robots\" content=\"index, follow, max-snippet:-1, max-image-preview:large, max-video-preview:-1\" \/>\n<link rel=\"canonical\" href=\"https:\/\/stonersmeds.com\/sk\/shop\/buy-ald-52-blotters-online\/\" \/>\n<meta property=\"og:locale\" content=\"sk_SK\" \/>\n<meta property=\"og:type\" content=\"article\" \/>\n<meta property=\"og:title\" content=\"Buy ALD-52 Blotters Online - Cheap price, top quality\" \/>\n<meta property=\"og:description\" content=\"Buy ALD-52 Blotters Online at an affordable price at stonersmeds. All products are lab qualified and have premium quality.\" \/>\n<meta property=\"og:url\" content=\"https:\/\/stonersmeds.com\/sk\/shop\/buy-ald-52-blotters-online\/\" \/>\n<meta property=\"og:site_name\" content=\"stonersmeds.com\" \/>\n<meta property=\"article:modified_time\" content=\"2026-03-02T02:00:06+00:00\" \/>\n<meta property=\"og:image\" content=\"https:\/\/stonersmeds.com\/wp-content\/uploads\/2022\/03\/ald.jpg\" \/>\n\t<meta property=\"og:image:width\" content=\"600\" \/>\n\t<meta property=\"og:image:height\" content=\"600\" \/>\n\t<meta property=\"og:image:type\" content=\"image\/jpeg\" \/>\n<meta name=\"twitter:card\" content=\"summary_large_image\" \/>\n<meta name=\"twitter:label1\" content=\"Dostupnos\u0165\" \/>\n\t<meta name=\"twitter:data1\" content=\"Na sklade\" \/>\n<script type=\"application\/ld+json\" class=\"yoast-schema-graph\">{\"@context\":\"https:\/\/schema.org\",\"@graph\":[{\"@type\":\"WebPage\",\"@id\":\"https:\/\/stonersmeds.com\/shop\/buy-ald-52-blotters-online\/\",\"url\":\"https:\/\/stonersmeds.com\/shop\/buy-ald-52-blotters-online\/\",\"name\":\"Buy ALD-52 Blotters Online - Cheap price, top quality\",\"isPartOf\":{\"@id\":\"https:\/\/stonersmeds.com\/#website\"},\"primaryImageOfPage\":{\"@id\":\"https:\/\/stonersmeds.com\/shop\/buy-ald-52-blotters-online\/#primaryimage\"},\"image\":{\"@id\":\"https:\/\/stonersmeds.com\/shop\/buy-ald-52-blotters-online\/#primaryimage\"},\"thumbnailUrl\":\"https:\/\/stonersmeds.com\/wp-content\/uploads\/2022\/03\/ald.jpg\",\"datePublished\":\"2022-03-12T06:31:12+00:00\",\"dateModified\":\"2026-03-02T02:00:06+00:00\",\"description\":\"Buy ALD-52 Blotters Online at an affordable price at stonersmeds. All products are lab qualified and have premium quality.\",\"breadcrumb\":{\"@id\":\"https:\/\/stonersmeds.com\/shop\/buy-ald-52-blotters-online\/#breadcrumb\"},\"inLanguage\":\"sk-SK\",\"potentialAction\":[{\"@type\":\"ReadAction\",\"target\":[\"https:\/\/stonersmeds.com\/shop\/buy-ald-52-blotters-online\/\"]}]},{\"@type\":\"ImageObject\",\"inLanguage\":\"sk-SK\",\"@id\":\"https:\/\/stonersmeds.com\/shop\/buy-ald-52-blotters-online\/#primaryimage\",\"url\":\"https:\/\/stonersmeds.com\/wp-content\/uploads\/2022\/03\/ald.jpg\",\"contentUrl\":\"https:\/\/stonersmeds.com\/wp-content\/uploads\/2022\/03\/ald.jpg\",\"width\":600,\"height\":600},{\"@type\":\"BreadcrumbList\",\"@id\":\"https:\/\/stonersmeds.com\/shop\/buy-ald-52-blotters-online\/#breadcrumb\",\"itemListElement\":[{\"@type\":\"ListItem\",\"position\":1,\"name\":\"Home\",\"item\":\"https:\/\/stonersmeds.com\/\"},{\"@type\":\"ListItem\",\"position\":2,\"name\":\"Shop\",\"item\":\"https:\/\/stonersmeds.com\/shop\/\"},{\"@type\":\"ListItem\",\"position\":3,\"name\":\"Buy ALD-52 Blotters Online\"}]},{\"@type\":\"WebSite\",\"@id\":\"https:\/\/stonersmeds.com\/#website\",\"url\":\"https:\/\/stonersmeds.com\/\",\"name\":\"stonersmeds.com\",\"description\":\"verschreibungspflichtige Medizin kaufen\",\"publisher\":{\"@id\":\"https:\/\/stonersmeds.com\/#organization\"},\"alternateName\":\"Research chemical shop\",\"potentialAction\":[{\"@type\":\"SearchAction\",\"target\":{\"@type\":\"EntryPoint\",\"urlTemplate\":\"https:\/\/stonersmeds.com\/?s={search_term_string}\"},\"query-input\":{\"@type\":\"PropertyValueSpecification\",\"valueRequired\":true,\"valueName\":\"search_term_string\"}}],\"inLanguage\":\"sk-SK\"},{\"@type\":\"Organization\",\"@id\":\"https:\/\/stonersmeds.com\/#organization\",\"name\":\"Stonersmeds Shop\",\"url\":\"https:\/\/stonersmeds.com\/\",\"logo\":{\"@type\":\"ImageObject\",\"inLanguage\":\"sk-SK\",\"@id\":\"https:\/\/stonersmeds.com\/#\/schema\/logo\/image\/\",\"url\":\"https:\/\/stonersmeds.com\/wp-content\/uploads\/2026\/02\/high-purity-DMT-powder.jpg\",\"contentUrl\":\"https:\/\/stonersmeds.com\/wp-content\/uploads\/2026\/02\/high-purity-DMT-powder.jpg\",\"width\":500,\"height\":500,\"caption\":\"Stonersmeds Shop\"},\"image\":{\"@id\":\"https:\/\/stonersmeds.com\/#\/schema\/logo\/image\/\"}}]}<\/script>\n<meta property=\"og:availability\" content=\"instock\" \/>\n<meta property=\"product:availability\" content=\"instock\" \/>\n<meta property=\"product:condition\" content=\"new\" \/>\n<!-- \/ Yoast SEO plugin. -->","yoast_head_json":{"title":"K\u00fapi\u0165 ALD-52 Blotters online - Lacn\u00e1 cena, najvy\u0161\u0161ia kvalita","description":"K\u00fapi\u0165 ALD-52 Blotters online za prijate\u013en\u00fa cenu na stonersmeds. V\u0161etky produkty s\u00fa laborat\u00f3rne kvalifikovan\u00e9 a maj\u00fa prvotriednu kvalitu.","robots":{"index":"index","follow":"follow","max-snippet":"max-snippet:-1","max-image-preview":"max-image-preview:large","max-video-preview":"max-video-preview:-1"},"canonical":"https:\/\/stonersmeds.com\/sk\/shop\/buy-ald-52-blotters-online\/","og_locale":"sk_SK","og_type":"article","og_title":"Buy ALD-52 Blotters Online - Cheap price, top quality","og_description":"Buy ALD-52 Blotters Online at an affordable price at stonersmeds. All products are lab qualified and have premium quality.","og_url":"https:\/\/stonersmeds.com\/sk\/shop\/buy-ald-52-blotters-online\/","og_site_name":"stonersmeds.com","article_modified_time":"2026-03-02T02:00:06+00:00","og_image":[{"width":600,"height":600,"url":"https:\/\/stonersmeds.com\/wp-content\/uploads\/2022\/03\/ald.jpg","type":"image\/jpeg"}],"twitter_card":"summary_large_image","twitter_misc":{"Dostupnos\u0165":"Na sklade"},"schema":{"@context":"https:\/\/schema.org","@graph":[{"@type":"WebPage","@id":"https:\/\/stonersmeds.com\/shop\/buy-ald-52-blotters-online\/","url":"https:\/\/stonersmeds.com\/shop\/buy-ald-52-blotters-online\/","name":"K\u00fapi\u0165 ALD-52 Blotters online - Lacn\u00e1 cena, najvy\u0161\u0161ia kvalita","isPartOf":{"@id":"https:\/\/stonersmeds.com\/#website"},"primaryImageOfPage":{"@id":"https:\/\/stonersmeds.com\/shop\/buy-ald-52-blotters-online\/#primaryimage"},"image":{"@id":"https:\/\/stonersmeds.com\/shop\/buy-ald-52-blotters-online\/#primaryimage"},"thumbnailUrl":"https:\/\/stonersmeds.com\/wp-content\/uploads\/2022\/03\/ald.jpg","datePublished":"2022-03-12T06:31:12+00:00","dateModified":"2026-03-02T02:00:06+00:00","description":"K\u00fapi\u0165 ALD-52 Blotters online za prijate\u013en\u00fa cenu na stonersmeds. V\u0161etky produkty s\u00fa laborat\u00f3rne kvalifikovan\u00e9 a maj\u00fa prvotriednu kvalitu.","breadcrumb":{"@id":"https:\/\/stonersmeds.com\/shop\/buy-ald-52-blotters-online\/#breadcrumb"},"inLanguage":"sk-SK","potentialAction":[{"@type":"ReadAction","target":["https:\/\/stonersmeds.com\/shop\/buy-ald-52-blotters-online\/"]}]},{"@type":"ImageObject","inLanguage":"sk-SK","@id":"https:\/\/stonersmeds.com\/shop\/buy-ald-52-blotters-online\/#primaryimage","url":"https:\/\/stonersmeds.com\/wp-content\/uploads\/2022\/03\/ald.jpg","contentUrl":"https:\/\/stonersmeds.com\/wp-content\/uploads\/2022\/03\/ald.jpg","width":600,"height":600},{"@type":"BreadcrumbList","@id":"https:\/\/stonersmeds.com\/shop\/buy-ald-52-blotters-online\/#breadcrumb","itemListElement":[{"@type":"ListItem","position":1,"name":"Home","item":"https:\/\/stonersmeds.com\/"},{"@type":"ListItem","position":2,"name":"Shop","item":"https:\/\/stonersmeds.com\/shop\/"},{"@type":"ListItem","position":3,"name":"Buy ALD-52 Blotters Online"}]},{"@type":"WebSite","@id":"https:\/\/stonersmeds.com\/#website","url":"https:\/\/stonersmeds.com\/","name":"stonersmeds.com","description":"verschreibungspflichtige Medizin kaufen","publisher":{"@id":"https:\/\/stonersmeds.com\/#organization"},"alternateName":"Research chemical shop","potentialAction":[{"@type":"SearchAction","target":{"@type":"EntryPoint","urlTemplate":"https:\/\/stonersmeds.com\/?s={search_term_string}"},"query-input":{"@type":"PropertyValueSpecification","valueRequired":true,"valueName":"search_term_string"}}],"inLanguage":"sk-SK"},{"@type":"Organization","@id":"https:\/\/stonersmeds.com\/#organization","name":"Stonersmeds Shop","url":"https:\/\/stonersmeds.com\/","logo":{"@type":"ImageObject","inLanguage":"sk-SK","@id":"https:\/\/stonersmeds.com\/#\/schema\/logo\/image\/","url":"https:\/\/stonersmeds.com\/wp-content\/uploads\/2026\/02\/high-purity-DMT-powder.jpg","contentUrl":"https:\/\/stonersmeds.com\/wp-content\/uploads\/2026\/02\/high-purity-DMT-powder.jpg","width":500,"height":500,"caption":"Stonersmeds Shop"},"image":{"@id":"https:\/\/stonersmeds.com\/#\/schema\/logo\/image\/"}}]},"og_availability":"instock","product_availability":"instock","product_condition":"new"},"_links":{"self":[{"href":"https:\/\/stonersmeds.com\/sk\/wp-json\/wp\/v2\/product\/10269","targetHints":{"allow":["GET"]}}],"collection":[{"href":"https:\/\/stonersmeds.com\/sk\/wp-json\/wp\/v2\/product"}],"about":[{"href":"https:\/\/stonersmeds.com\/sk\/wp-json\/wp\/v2\/types\/product"}],"replies":[{"embeddable":true,"href":"https:\/\/stonersmeds.com\/sk\/wp-json\/wp\/v2\/comments?post=10269"}],"version-history":[{"count":0,"href":"https:\/\/stonersmeds.com\/sk\/wp-json\/wp\/v2\/product\/10269\/revisions"}],"wp:featuredmedia":[{"embeddable":true,"href":"https:\/\/stonersmeds.com\/sk\/wp-json\/wp\/v2\/media\/10283"}],"wp:attachment":[{"href":"https:\/\/stonersmeds.com\/sk\/wp-json\/wp\/v2\/media?parent=10269"}],"wp:term":[{"taxonomy":"product_brand","embeddable":true,"href":"https:\/\/stonersmeds.com\/sk\/wp-json\/wp\/v2\/product_brand?post=10269"},{"taxonomy":"product_cat","embeddable":true,"href":"https:\/\/stonersmeds.com\/sk\/wp-json\/wp\/v2\/product_cat?post=10269"},{"taxonomy":"product_tag","embeddable":true,"href":"https:\/\/stonersmeds.com\/sk\/wp-json\/wp\/v2\/product_tag?post=10269"},{"taxonomy":"product_brands","embeddable":true,"href":"https:\/\/stonersmeds.com\/sk\/wp-json\/wp\/v2\/product_brands?post=10269"}],"curies":[{"name":"wp","href":"https:\/\/api.w.org\/{rel}","templated":true}]}}