{"id":10349,"date":"2022-03-12T07:03:22","date_gmt":"2022-03-12T07:03:22","guid":{"rendered":"https:\/\/stonersmeds.com\/?post_type=product&#038;p=10349"},"modified":"2026-02-28T23:20:05","modified_gmt":"2026-02-28T21:20:05","slug":"buy-quality-methoxetamine-mxe-powder-online","status":"publish","type":"product","link":"https:\/\/stonersmeds.com\/sk\/shop\/buy-quality-methoxetamine-mxe-powder-online\/","title":{"rendered":"K\u00fapte si kvalitn\u00fd pr\u00e1\u0161ok Metoxetamine MXE online"},"content":{"rendered":"<h1>K\u00fapte si kvalitn\u00fd pr\u00e1\u0161ok metoxetam\u00ednu MXE online.<\/h1>\n<p>Metoxetam\u00edn, kondenzovan\u00fd ako MXE, je disociat\u00edvny stimulant, ktor\u00fd sa pred\u00e1val ako m\u00f3dna droga. Od mnoh\u00fdch disociat\u00edv, napr\u00edklad ketam\u00ednu a fencyklid\u00ednu (PCP), ktor\u00e9 boli vytvoren\u00e9 ako drogy na pou\u017eitie ako \u0161irok\u00e9 sedat\u00edva, sa l\u00ed\u0161i t\u00fdm, \u017ee bol ur\u010den\u00fd na \u0161\u00edrenie na tmavom trhu. N\u00e1kup metoxetam\u00ednu online<\/p>\n<p>Predpoklad\u00e1 sa, \u017ee MXE m\u00e1 porovnate\u013en\u00fd \u00fa\u010dinok ako ketam\u00edn. \u010casto sa predpokladalo, \u017ee m\u00e1 narkotick\u00e9 vlastnosti, preto\u017ee je prim\u00e1rne porovnate\u013en\u00fd s 3-HO-PCP, ale t\u00e1to domnienka nie je potvrden\u00e1 inform\u00e1ciami, ktor\u00e9 ukazuj\u00fa, \u017ee zl\u00fa\u010denina nem\u00e1 v\u00fdznamn\u00fa n\u00e1klonnos\u0165 k \u00b5-narkotick\u00e9mu receptoru. Rekrea\u010dn\u00e9 u\u017e\u00edvanie MXE bolo spojen\u00e9 s hospitaliz\u00e1ciami z vysok\u00e9ho, ako aj spojen\u00e9ho u\u017e\u00edvania v USA a Spojenom kr\u00e1\u013eovstve. Intenz\u00edvne reverzibiln\u00e9 cerebel\u00e1rne po\u0161kodenie bolo zaznamenan\u00e9 v troch pr\u00edpadoch potvrdenia na pohotovostnej klinike z d\u00f4vodu pred\u00e1vkovania MXE, ktor\u00e9 trvalo niekde v rozmedz\u00ed jedn\u00e9ho a \u0161tyroch dn\u00ed po prezent\u00e1cii.<\/p>\n<p>MXE bol pl\u00e1novan\u00fd \u010diasto\u010dne sa sna\u017e\u00ed vyhn\u00fa\u0165 urotoxicity spojen\u00e9 s ketam\u00ednom zneu\u017e\u00edvanie; to bolo zistil, \u017ee roz\u0161\u00edren\u00e1 intenzita zl\u00fa\u010deniny a zn\u00ed\u017een\u00e1 \u010das\u0165 by obmedzi\u0165 agreg\u00e1ciu urotoxick\u00fdch metabolitov v mo\u010dovom mech\u00fare.<\/p>\n<p>Podobne ako pri ketam\u00edne, aj pri MXE sa zistilo, \u017ee po vysokom podiele a trvalej organiz\u00e1cii u my\u0161\u00ed sp\u00f4sobuje zhor\u0161enie mo\u010dov\u00e9ho mech\u00fara a fibr\u00f3zu (napriek tomu, \u017ee pou\u017eit\u00e9 merania boli ve\u013emi obrovsk\u00e9). Zd\u00e1 sa, \u017ee spr\u00e1vy o urotoxicite u \u013eud\u00ed sa v s\u00fa\u010dasnosti nem\u00f4\u017eu objavi\u0165 v klinick\u00fdch spisoch. MXE je k dispoz\u00edcii na zak\u00fapenie na internete. k2 tekut\u00e9 kadidlo na predaj, k2 tekut\u00e9 bylinn\u00e9 kadidlo, k2 tekut\u00e9 kadidlo<\/p>\n<p>L\u00e1tkov\u00e1 rovnica metoxetam\u00ednu uk\u00e1zala, \u017ee \u00fa\u010dinky tejto syntetickej zl\u00fa\u010deniny m\u00f4\u017eu by\u0165 v z\u00e1sade rovnak\u00e9 ako \u00fa\u010dinky ketam\u00ednu a PCP. Jeho farmakol\u00f3gia m\u00f4\u017ee tie\u017e zah\u0155\u0148a\u0165 zabr\u00e1nenie sp\u00e4tn\u00e9mu vychyt\u00e1vaniu dopam\u00ednu dopam\u00ednov\u00fdm nosn\u00fdm prote\u00ednom, \u010do by mohlo zl\u00fa\u010denine doda\u0165 horn\u00e9 a boles\u0165 zmier\u0148uj\u00face vlastnosti. buy mxe, mxe for sale, buy mxe online, methoxetamine for sale, where to buy mxe, mxe buy, order mxe online<\/p>\n<p>Upozor\u0148ujeme, \u017ee metoxetam\u00edn mo\u017eno koncentrova\u0165 jedine\u010dne za ide\u00e1lnych laborat\u00f3rnych podmienok a \u017ee v\u00fdskum in vivo vr\u00e1tane \u017eiv\u00fdch bytost\u00ed nie je povolen\u00fd.<\/p>\n<p>&nbsp;<\/p>\n<pre><strong>K\u00fapi\u0165 kvalitn\u00fd pr\u00e1\u0161ok metoxetam\u00ednu MXE online, - k\u00fapi\u0165 kvalitn\u00fd pr\u00e1\u0161ok metoxetam\u00ednu MXE, k\u00fapi\u0165 kvalitn\u00fd pr\u00e1\u0161ok metoxetam\u00ednu MXE v USA, k\u00fapi\u0165 kvalitn\u00fd pr\u00e1\u0161ok metoxetam\u00ednu MXE online USA, kde k\u00fapi\u0165 kvalitn\u00fd pr\u00e1\u0161ok metoxetam\u00ednu MXE, kvalitn\u00fd pr\u00e1\u0161ok metoxetam\u00ednu MXE na predaj, kvalitn\u00fd pr\u00e1\u0161ok metoxetam\u00ednu MXE na predaj bl\u00edzko m\u0148a, k\u00fapi\u0165 kvalitn\u00fd pr\u00e1\u0161ok metoxetam\u00ednu MXE online bl\u00edzko m\u0148a, kde k\u00fapi\u0165 Kvalitn\u00fd metoxetam\u00edn MXE pr\u00e1\u0161ok online , Kvalitn\u00fd metoxetam\u00edn MXE pr\u00e1\u0161ok na predaj v usa , USA, kanada, uk, k\u00fapi\u0165, online, dod\u00e1vatelia, bezpe\u010dn\u00e9 dodanie, st\u00e1le m\u00f4\u017eete z\u00edska\u0165 Kvalitn\u00fd metoxetam\u00edn MXE pr\u00e1\u0161ok , Je kvalitn\u00fd metoxetam\u00edn MXE pr\u00e1\u0161ok leg\u00e1lny v usa, k\u00fapi\u0165 Kvalitn\u00fd metoxetam\u00edn MXE pr\u00e1\u0161ok online usa, ako objedna\u0165 Kvalitn\u00fd metoxetam\u00edn MXE pr\u00e1\u0161ok , Je kvalitn\u00fd metoxetam\u00edn MXE pr\u00e1\u0161ok leg\u00e1lny v Kanade<\/strong><\/pre>","protected":false},"excerpt":{"rendered":"<p><em>K\u00fapte si kvalitn\u00fd pr\u00e1\u0161ok Metoxetamine MXE online<\/em>. Metoxetam\u00edn, kondenzovan\u00fd ako MXE, je disociat\u00edvny stimulant, ktor\u00fd sa pred\u00e1va ako m\u00f3dna droga.<\/p>\n<p>MXE, metoxetam\u00edn<br \/>\nForma: Biely pr\u00e1\u0161ok<br \/>\n\u010cistota (HPCL): \u226598%<\/p>\n<pre><strong>K\u00fapi\u0165 kvalitn\u00fd pr\u00e1\u0161ok metoxetam\u00ednu MXE online - k\u00fapi\u0165 kvalitn\u00fd pr\u00e1\u0161ok metoxetam\u00ednu MXE, k\u00fapi\u0165 kvalitn\u00fd pr\u00e1\u0161ok metoxetam\u00ednu MXE v USA, k\u00fapi\u0165 kvalitn\u00fd pr\u00e1\u0161ok metoxetam\u00ednu MXE online USA, kde k\u00fapi\u0165 kvalitn\u00fd pr\u00e1\u0161ok metoxetam\u00ednu MXE, kvalitn\u00fd pr\u00e1\u0161ok metoxetam\u00ednu MXE na predaj, kvalitn\u00fd pr\u00e1\u0161ok metoxetam\u00ednu MXE na predaj v bl\u00edzkosti m\u0148a, k\u00fapi\u0165 kvalitn\u00fd pr\u00e1\u0161ok metoxetam\u00ednu MXE online v bl\u00edzkosti m\u0148a, kde k\u00fapi\u0165 Kvalitn\u00fd metoxetam\u00edn MXE pr\u00e1\u0161ok online , Kvalitn\u00fd metoxetam\u00edn MXE pr\u00e1\u0161ok na predaj v usa , USA, kanada, uk, k\u00fapi\u0165, online, dod\u00e1vatelia, bezpe\u010dn\u00e9 dodanie, st\u00e1le m\u00f4\u017eete z\u00edska\u0165 Kvalitn\u00fd metoxetam\u00edn MXE pr\u00e1\u0161ok , Je kvalitn\u00fd metoxetam\u00edn MXE pr\u00e1\u0161ok leg\u00e1lny v usa, k\u00fapi\u0165 Kvalitn\u00fd metoxetam\u00edn MXE pr\u00e1\u0161ok online usa, ako objedna\u0165 Kvalitn\u00fd metoxetam\u00edn MXE pr\u00e1\u0161ok , Je kvalitn\u00fd metoxetam\u00edn MXE pr\u00e1\u0161ok leg\u00e1lny v Kanade<\/strong><\/pre>","protected":false},"featured_media":10359,"comment_status":"open","ping_status":"closed","template":"","meta":{"_bst_post_transparent":"","_bst_post_title":"","_bst_post_layout":"","_bst_post_sidebar_id":"","_bst_post_content_style":"","_bst_post_vertical_padding":"","_bst_post_feature":"","_bst_post_feature_position":"","_bst_post_header":false,"_bst_post_footer":false},"product_brand":[],"product_cat":[79],"product_tag":[],"product_brands":[],"class_list":{"0":"post-10349","1":"product","2":"type-product","3":"status-publish","4":"has-post-thumbnail","6":"product_cat-research-chemicals-and-bath-salt","8":"first","9":"instock","10":"shipping-taxable","11":"purchasable","12":"product-type-variable","13":"entry","14":"content-bg","15":"loop-entry"},"tiered_pricing_type":"fixed","tiered_pricing_fixed_rules":[],"tiered_pricing_percentage_rules":[],"tiered_pricing_minimum":1,"_administrator_tiered_pricing_type":"fixed","_administrator_tiered_pricing_fixed_rules":[],"_editor_tiered_pricing_type":"fixed","_editor_tiered_pricing_fixed_rules":[],"_author_tiered_pricing_type":"fixed","_author_tiered_pricing_fixed_rules":[],"_contributor_tiered_pricing_type":"fixed","_contributor_tiered_pricing_fixed_rules":[],"_subscriber_tiered_pricing_type":"fixed","_subscriber_tiered_pricing_fixed_rules":[],"_customer_tiered_pricing_type":"fixed","_customer_tiered_pricing_fixed_rules":[],"_shop_manager_tiered_pricing_type":"fixed","_shop_manager_tiered_pricing_fixed_rules":[],"_wpseo_manager_tiered_pricing_type":"fixed","_wpseo_manager_tiered_pricing_fixed_rules":[],"_wpseo_editor_tiered_pricing_type":"fixed","_wpseo_editor_tiered_pricing_fixed_rules":[],"yoast_head":"<!-- This site is optimized with the Yoast SEO plugin v27.2 - https:\/\/yoast.com\/product\/yoast-seo-wordpress\/ -->\n<title>Buy Quality Methoxetamine MXE powder online - Cheap price, top quality<\/title>\n<meta name=\"description\" content=\"Buy Quality Methoxetamine MXE powder Online at an affordable price at stonersmeds. All products are lab qualified and have premium quality.\" \/>\n<meta name=\"robots\" content=\"index, follow, max-snippet:-1, max-image-preview:large, max-video-preview:-1\" \/>\n<link rel=\"canonical\" href=\"https:\/\/stonersmeds.com\/sk\/shop\/buy-quality-methoxetamine-mxe-powder-online\/\" \/>\n<meta property=\"og:locale\" content=\"sk_SK\" \/>\n<meta property=\"og:type\" content=\"article\" \/>\n<meta property=\"og:title\" content=\"Buy Quality Methoxetamine MXE powder online - Cheap price, top quality\" \/>\n<meta property=\"og:description\" content=\"Buy Quality Methoxetamine MXE powder Online at an affordable price at stonersmeds. All products are lab qualified and have premium quality.\" \/>\n<meta property=\"og:url\" content=\"https:\/\/stonersmeds.com\/sk\/shop\/buy-quality-methoxetamine-mxe-powder-online\/\" \/>\n<meta property=\"og:site_name\" content=\"stonersmeds.com\" \/>\n<meta property=\"article:modified_time\" content=\"2026-02-28T21:20:05+00:00\" \/>\n<meta property=\"og:image\" content=\"https:\/\/stonersmeds.com\/wp-content\/uploads\/2022\/03\/buy-mexedrone-mxe-power-crystal-online.jpg\" \/>\n\t<meta property=\"og:image:width\" content=\"600\" \/>\n\t<meta property=\"og:image:height\" content=\"600\" \/>\n\t<meta property=\"og:image:type\" content=\"image\/jpeg\" \/>\n<meta name=\"twitter:card\" content=\"summary_large_image\" \/>\n<meta name=\"twitter:label1\" content=\"Dostupnos\u0165\" \/>\n\t<meta name=\"twitter:data1\" content=\"Na sklade\" \/>\n<script type=\"application\/ld+json\" class=\"yoast-schema-graph\">{\"@context\":\"https:\/\/schema.org\",\"@graph\":[{\"@type\":\"WebPage\",\"@id\":\"https:\/\/stonersmeds.com\/shop\/buy-quality-methoxetamine-mxe-powder-online\/\",\"url\":\"https:\/\/stonersmeds.com\/shop\/buy-quality-methoxetamine-mxe-powder-online\/\",\"name\":\"Buy Quality Methoxetamine MXE powder online - Cheap price, top quality\",\"isPartOf\":{\"@id\":\"https:\/\/stonersmeds.com\/#website\"},\"primaryImageOfPage\":{\"@id\":\"https:\/\/stonersmeds.com\/shop\/buy-quality-methoxetamine-mxe-powder-online\/#primaryimage\"},\"image\":{\"@id\":\"https:\/\/stonersmeds.com\/shop\/buy-quality-methoxetamine-mxe-powder-online\/#primaryimage\"},\"thumbnailUrl\":\"https:\/\/stonersmeds.com\/wp-content\/uploads\/2022\/03\/buy-mexedrone-mxe-power-crystal-online.jpg\",\"datePublished\":\"2022-03-12T07:03:22+00:00\",\"dateModified\":\"2026-02-28T21:20:05+00:00\",\"description\":\"Buy Quality Methoxetamine MXE powder Online at an affordable price at stonersmeds. All products are lab qualified and have premium quality.\",\"breadcrumb\":{\"@id\":\"https:\/\/stonersmeds.com\/shop\/buy-quality-methoxetamine-mxe-powder-online\/#breadcrumb\"},\"inLanguage\":\"sk-SK\",\"potentialAction\":[{\"@type\":\"ReadAction\",\"target\":[\"https:\/\/stonersmeds.com\/shop\/buy-quality-methoxetamine-mxe-powder-online\/\"]}]},{\"@type\":\"ImageObject\",\"inLanguage\":\"sk-SK\",\"@id\":\"https:\/\/stonersmeds.com\/shop\/buy-quality-methoxetamine-mxe-powder-online\/#primaryimage\",\"url\":\"https:\/\/stonersmeds.com\/wp-content\/uploads\/2022\/03\/buy-mexedrone-mxe-power-crystal-online.jpg\",\"contentUrl\":\"https:\/\/stonersmeds.com\/wp-content\/uploads\/2022\/03\/buy-mexedrone-mxe-power-crystal-online.jpg\",\"width\":600,\"height\":600},{\"@type\":\"BreadcrumbList\",\"@id\":\"https:\/\/stonersmeds.com\/shop\/buy-quality-methoxetamine-mxe-powder-online\/#breadcrumb\",\"itemListElement\":[{\"@type\":\"ListItem\",\"position\":1,\"name\":\"Home\",\"item\":\"https:\/\/stonersmeds.com\/\"},{\"@type\":\"ListItem\",\"position\":2,\"name\":\"Shop\",\"item\":\"https:\/\/stonersmeds.com\/shop\/\"},{\"@type\":\"ListItem\",\"position\":3,\"name\":\"Buy Quality Methoxetamine MXE powder online\"}]},{\"@type\":\"WebSite\",\"@id\":\"https:\/\/stonersmeds.com\/#website\",\"url\":\"https:\/\/stonersmeds.com\/\",\"name\":\"stonersmeds.com\",\"description\":\"verschreibungspflichtige Medizin kaufen\",\"publisher\":{\"@id\":\"https:\/\/stonersmeds.com\/#organization\"},\"alternateName\":\"Research chemical shop\",\"potentialAction\":[{\"@type\":\"SearchAction\",\"target\":{\"@type\":\"EntryPoint\",\"urlTemplate\":\"https:\/\/stonersmeds.com\/?s={search_term_string}\"},\"query-input\":{\"@type\":\"PropertyValueSpecification\",\"valueRequired\":true,\"valueName\":\"search_term_string\"}}],\"inLanguage\":\"sk-SK\"},{\"@type\":\"Organization\",\"@id\":\"https:\/\/stonersmeds.com\/#organization\",\"name\":\"Stonersmeds Shop\",\"url\":\"https:\/\/stonersmeds.com\/\",\"logo\":{\"@type\":\"ImageObject\",\"inLanguage\":\"sk-SK\",\"@id\":\"https:\/\/stonersmeds.com\/#\/schema\/logo\/image\/\",\"url\":\"https:\/\/stonersmeds.com\/wp-content\/uploads\/2026\/02\/high-purity-DMT-powder.jpg\",\"contentUrl\":\"https:\/\/stonersmeds.com\/wp-content\/uploads\/2026\/02\/high-purity-DMT-powder.jpg\",\"width\":500,\"height\":500,\"caption\":\"Stonersmeds Shop\"},\"image\":{\"@id\":\"https:\/\/stonersmeds.com\/#\/schema\/logo\/image\/\"}}]}<\/script>\n<meta property=\"og:availability\" content=\"instock\" \/>\n<meta property=\"product:availability\" content=\"instock\" \/>\n<meta property=\"product:condition\" content=\"new\" \/>\n<!-- \/ Yoast SEO plugin. -->","yoast_head_json":{"title":"K\u00fapi\u0165 kvalitn\u00fd pr\u00e1\u0161ok metoxetam\u00ednu MXE online - lacn\u00e1 cena, najvy\u0161\u0161ia kvalita","description":"K\u00fapte si kvalitn\u00fd pr\u00e1\u0161ok Methoxetamine MXE online za prijate\u013en\u00fa cenu na stonersmeds. V\u0161etky produkty s\u00fa laborat\u00f3rne kvalifikovan\u00e9 a maj\u00fa prvotriednu kvalitu.","robots":{"index":"index","follow":"follow","max-snippet":"max-snippet:-1","max-image-preview":"max-image-preview:large","max-video-preview":"max-video-preview:-1"},"canonical":"https:\/\/stonersmeds.com\/sk\/shop\/buy-quality-methoxetamine-mxe-powder-online\/","og_locale":"sk_SK","og_type":"article","og_title":"Buy Quality Methoxetamine MXE powder online - Cheap price, top quality","og_description":"Buy Quality Methoxetamine MXE powder Online at an affordable price at stonersmeds. All products are lab qualified and have premium quality.","og_url":"https:\/\/stonersmeds.com\/sk\/shop\/buy-quality-methoxetamine-mxe-powder-online\/","og_site_name":"stonersmeds.com","article_modified_time":"2026-02-28T21:20:05+00:00","og_image":[{"width":600,"height":600,"url":"https:\/\/stonersmeds.com\/wp-content\/uploads\/2022\/03\/buy-mexedrone-mxe-power-crystal-online.jpg","type":"image\/jpeg"}],"twitter_card":"summary_large_image","twitter_misc":{"Dostupnos\u0165":"Na sklade"},"schema":{"@context":"https:\/\/schema.org","@graph":[{"@type":"WebPage","@id":"https:\/\/stonersmeds.com\/shop\/buy-quality-methoxetamine-mxe-powder-online\/","url":"https:\/\/stonersmeds.com\/shop\/buy-quality-methoxetamine-mxe-powder-online\/","name":"K\u00fapi\u0165 kvalitn\u00fd pr\u00e1\u0161ok metoxetam\u00ednu MXE online - lacn\u00e1 cena, najvy\u0161\u0161ia kvalita","isPartOf":{"@id":"https:\/\/stonersmeds.com\/#website"},"primaryImageOfPage":{"@id":"https:\/\/stonersmeds.com\/shop\/buy-quality-methoxetamine-mxe-powder-online\/#primaryimage"},"image":{"@id":"https:\/\/stonersmeds.com\/shop\/buy-quality-methoxetamine-mxe-powder-online\/#primaryimage"},"thumbnailUrl":"https:\/\/stonersmeds.com\/wp-content\/uploads\/2022\/03\/buy-mexedrone-mxe-power-crystal-online.jpg","datePublished":"2022-03-12T07:03:22+00:00","dateModified":"2026-02-28T21:20:05+00:00","description":"K\u00fapte si kvalitn\u00fd pr\u00e1\u0161ok Methoxetamine MXE online za prijate\u013en\u00fa cenu na stonersmeds. V\u0161etky produkty s\u00fa laborat\u00f3rne kvalifikovan\u00e9 a maj\u00fa prvotriednu kvalitu.","breadcrumb":{"@id":"https:\/\/stonersmeds.com\/shop\/buy-quality-methoxetamine-mxe-powder-online\/#breadcrumb"},"inLanguage":"sk-SK","potentialAction":[{"@type":"ReadAction","target":["https:\/\/stonersmeds.com\/shop\/buy-quality-methoxetamine-mxe-powder-online\/"]}]},{"@type":"ImageObject","inLanguage":"sk-SK","@id":"https:\/\/stonersmeds.com\/shop\/buy-quality-methoxetamine-mxe-powder-online\/#primaryimage","url":"https:\/\/stonersmeds.com\/wp-content\/uploads\/2022\/03\/buy-mexedrone-mxe-power-crystal-online.jpg","contentUrl":"https:\/\/stonersmeds.com\/wp-content\/uploads\/2022\/03\/buy-mexedrone-mxe-power-crystal-online.jpg","width":600,"height":600},{"@type":"BreadcrumbList","@id":"https:\/\/stonersmeds.com\/shop\/buy-quality-methoxetamine-mxe-powder-online\/#breadcrumb","itemListElement":[{"@type":"ListItem","position":1,"name":"Home","item":"https:\/\/stonersmeds.com\/"},{"@type":"ListItem","position":2,"name":"Shop","item":"https:\/\/stonersmeds.com\/shop\/"},{"@type":"ListItem","position":3,"name":"Buy Quality Methoxetamine MXE powder online"}]},{"@type":"WebSite","@id":"https:\/\/stonersmeds.com\/#website","url":"https:\/\/stonersmeds.com\/","name":"stonersmeds.com","description":"verschreibungspflichtige Medizin kaufen","publisher":{"@id":"https:\/\/stonersmeds.com\/#organization"},"alternateName":"Research chemical shop","potentialAction":[{"@type":"SearchAction","target":{"@type":"EntryPoint","urlTemplate":"https:\/\/stonersmeds.com\/?s={search_term_string}"},"query-input":{"@type":"PropertyValueSpecification","valueRequired":true,"valueName":"search_term_string"}}],"inLanguage":"sk-SK"},{"@type":"Organization","@id":"https:\/\/stonersmeds.com\/#organization","name":"Stonersmeds Shop","url":"https:\/\/stonersmeds.com\/","logo":{"@type":"ImageObject","inLanguage":"sk-SK","@id":"https:\/\/stonersmeds.com\/#\/schema\/logo\/image\/","url":"https:\/\/stonersmeds.com\/wp-content\/uploads\/2026\/02\/high-purity-DMT-powder.jpg","contentUrl":"https:\/\/stonersmeds.com\/wp-content\/uploads\/2026\/02\/high-purity-DMT-powder.jpg","width":500,"height":500,"caption":"Stonersmeds Shop"},"image":{"@id":"https:\/\/stonersmeds.com\/#\/schema\/logo\/image\/"}}]},"og_availability":"instock","product_availability":"instock","product_condition":"new"},"_links":{"self":[{"href":"https:\/\/stonersmeds.com\/sk\/wp-json\/wp\/v2\/product\/10349","targetHints":{"allow":["GET"]}}],"collection":[{"href":"https:\/\/stonersmeds.com\/sk\/wp-json\/wp\/v2\/product"}],"about":[{"href":"https:\/\/stonersmeds.com\/sk\/wp-json\/wp\/v2\/types\/product"}],"replies":[{"embeddable":true,"href":"https:\/\/stonersmeds.com\/sk\/wp-json\/wp\/v2\/comments?post=10349"}],"version-history":[{"count":0,"href":"https:\/\/stonersmeds.com\/sk\/wp-json\/wp\/v2\/product\/10349\/revisions"}],"wp:featuredmedia":[{"embeddable":true,"href":"https:\/\/stonersmeds.com\/sk\/wp-json\/wp\/v2\/media\/10359"}],"wp:attachment":[{"href":"https:\/\/stonersmeds.com\/sk\/wp-json\/wp\/v2\/media?parent=10349"}],"wp:term":[{"taxonomy":"product_brand","embeddable":true,"href":"https:\/\/stonersmeds.com\/sk\/wp-json\/wp\/v2\/product_brand?post=10349"},{"taxonomy":"product_cat","embeddable":true,"href":"https:\/\/stonersmeds.com\/sk\/wp-json\/wp\/v2\/product_cat?post=10349"},{"taxonomy":"product_tag","embeddable":true,"href":"https:\/\/stonersmeds.com\/sk\/wp-json\/wp\/v2\/product_tag?post=10349"},{"taxonomy":"product_brands","embeddable":true,"href":"https:\/\/stonersmeds.com\/sk\/wp-json\/wp\/v2\/product_brands?post=10349"}],"curies":[{"name":"wp","href":"https:\/\/api.w.org\/{rel}","templated":true}]}}