{"id":10731,"date":"2022-03-12T09:30:49","date_gmt":"2022-03-12T09:30:49","guid":{"rendered":"https:\/\/stonersmeds.com\/?post_type=product&#038;p=10731"},"modified":"2026-03-01T15:50:44","modified_gmt":"2026-03-01T13:50:44","slug":"buy-mpa-methiopropamine-powder-online","status":"publish","type":"product","link":"https:\/\/stonersmeds.com\/sk\/shop\/buy-mpa-methiopropamine-powder-online\/","title":{"rendered":"K\u00fapte si MPA metiopropam\u00ednov\u00fd pr\u00e1\u0161ok online"},"content":{"rendered":"<h1>Buy MPA Methiopropamine Powder Online.<\/h1>\n<p>MPA Methiopropamine Similar to: Methamphetamine<br \/>\nRecommended dosage: 100-200 mg<br \/>\nMethiopropamine (MPA) is a structural analogue of methamphetamine based on a thiophene ring and was originally described in 1942.<br \/>\nit is neither <a href=\"https:\/\/www.sciencedirect.com\/topics\/biochemistry-genetics-and-molecular-biology\/phenethylamine\">phenethylamine<\/a> nor amphetamine and is not a functional analogue, making it a perfectly legal drug<br \/>\neven evade the law against analogue drugs. It first appeared in December 2010 as a UK \u2018study\u2019 for public sale<br \/>\nchemistry\u2019 or \u2018legally high\u2019, has recently been branded a blow. It has limited popularity as a recreational stimulant but is still in production<br \/>\nMethamphetamine-like effects.<\/p>\n<p><a href=\"https:\/\/stonersmeds.com\/sk\/znacka-produktu\/buy-mpa-methiopropamine-powder\/\">Buy MPA Methiopropamine Powder<\/a> for Sale, Research Chemicals Suppliers, Buy Research Chemicals in China, the best site to buy research<br \/>\nchemicals, reddit <a href=\"https:\/\/stonersmeds.com\/sk\/znacka-produktu\/buy-mxe-research-chemical\/\">research chemicals<\/a>, bodybuilding research chemicals, cheap research chemicals, usa,<br \/>\n<a href=\"https:\/\/stonersmeds.com\/sk\/shop\/buy-2c-e-research-chemical-online\/\">Buy research chemicals online<\/a> in Europe<\/p>\n<p>&nbsp;<\/p>\n<p>&nbsp;<\/p>\n<pre><strong>Buy MPA Methiopropamine Powder Online - buy MPA Methiopropamine Powder , buy MPA Methiopropamine Powder usa , buy MPA Methiopropamine Powder online USA , Where to Buy MPA Methiopropamine Powder , MPA Methiopropamine Powder for sale, MPA Methiopropamine Powder for sale near me , buy MPA Methiopropamine Powder online near me , where to Buy MPA Methiopropamine Powder online, MPA Methiopropamine Powder for sale in usa , USA, canada,uk, buy, online, suppliers, safe delivery, You can still get MPA Methiopropamine Powder , Is MPA Methiopropamine Powder legal in usa, buy MPA Methiopropamine Powder online usa, how to order MPA Methiopropamine Powder , Is MPA Methiopropamine Powder legal in Canada<\/strong><\/pre>","protected":false},"excerpt":{"rendered":"<p>Buy MPA Methiopropamine Powder Online.\u00a0MPA Methiopropamine Similar to: Methamphetamine<br \/>\nRecommended dosage: 100-200mg<\/p>\n<pre><strong>Buy MPA Methiopropamine Powder Online - buy MPA Methiopropamine Powder , buy MPA Methiopropamine Powder usa , buy MPA Methiopropamine Powder online USA , Where to Buy MPA Methiopropamine Powder , MPA Methiopropamine Powder for sale, MPA Methiopropamine Powder for sale near me , buy MPA Methiopropamine Powder online near me , where to Buy MPA Methiopropamine Powder online, MPA Methiopropamine Powder for sale in usa , USA, canada,uk, buy, online, suppliers, safe delivery, You can still get MPA Methiopropamine Powder , Is MPA Methiopropamine Powder legal in usa, buy MPA Methiopropamine Powder online usa, how to order MPA Methiopropamine Powder , Is MPA Methiopropamine Powder legal in Canada<\/strong><\/pre>","protected":false},"featured_media":10751,"comment_status":"open","ping_status":"closed","template":"","meta":{"_bst_post_transparent":"","_bst_post_title":"","_bst_post_layout":"","_bst_post_sidebar_id":"","_bst_post_content_style":"","_bst_post_vertical_padding":"","_bst_post_feature":"","_bst_post_feature_position":"","_bst_post_header":false,"_bst_post_footer":false},"product_brand":[],"product_cat":[79],"product_tag":[243,249,245,244,247,251,248,246,250],"product_brands":[],"class_list":{"0":"post-10731","1":"product","2":"type-product","3":"status-publish","4":"has-post-thumbnail","6":"product_cat-research-chemicals-and-bath-salt","7":"product_tag-buy-mpa-methiopropamine-powder","8":"product_tag-buy-mpa-methiopropamine-powder-online-near-me","9":"product_tag-buy-mpa-methiopropamine-powder-online-usa","10":"product_tag-buy-mpa-methiopropamine-powder-usa","11":"product_tag-mpa-methiopropamine-powder-for-sale","12":"product_tag-mpa-methiopropamine-powder-for-sale-in-usa","13":"product_tag-mpa-methiopropamine-powder-for-sale-near-me","14":"product_tag-where-to-buy-mpa-methiopropamine-powder","15":"product_tag-where-to-buy-mpa-methiopropamine-powder-online","17":"first","18":"instock","19":"shipping-taxable","20":"purchasable","21":"product-type-variable","22":"entry","23":"content-bg","24":"loop-entry"},"tiered_pricing_type":"fixed","tiered_pricing_fixed_rules":[],"tiered_pricing_percentage_rules":[],"tiered_pricing_minimum":1,"_administrator_tiered_pricing_type":"fixed","_administrator_tiered_pricing_fixed_rules":[],"_editor_tiered_pricing_type":"fixed","_editor_tiered_pricing_fixed_rules":[],"_author_tiered_pricing_type":"fixed","_author_tiered_pricing_fixed_rules":[],"_contributor_tiered_pricing_type":"fixed","_contributor_tiered_pricing_fixed_rules":[],"_subscriber_tiered_pricing_type":"fixed","_subscriber_tiered_pricing_fixed_rules":[],"_customer_tiered_pricing_type":"fixed","_customer_tiered_pricing_fixed_rules":[],"_shop_manager_tiered_pricing_type":"fixed","_shop_manager_tiered_pricing_fixed_rules":[],"_wpseo_manager_tiered_pricing_type":"fixed","_wpseo_manager_tiered_pricing_fixed_rules":[],"_wpseo_editor_tiered_pricing_type":"fixed","_wpseo_editor_tiered_pricing_fixed_rules":[],"yoast_head":"<!-- This site is optimized with the Yoast SEO plugin v27.2 - https:\/\/yoast.com\/product\/yoast-seo-wordpress\/ -->\n<title>Buy MPA Methiopropamine Powder Online - Cheap price, Grade A++<\/title>\n<meta name=\"description\" content=\"Buy MPA Methiopropamine Powder Online at an affordable price at stonersmeds. All products are lab qualified and have premium quality.\" \/>\n<meta name=\"robots\" content=\"index, follow, max-snippet:-1, max-image-preview:large, max-video-preview:-1\" \/>\n<link rel=\"canonical\" href=\"https:\/\/stonersmeds.com\/sk\/shop\/buy-mpa-methiopropamine-powder-online\/\" \/>\n<meta property=\"og:locale\" content=\"sk_SK\" \/>\n<meta property=\"og:type\" content=\"article\" \/>\n<meta property=\"og:title\" content=\"Buy MPA Methiopropamine Powder Online - Cheap price, Grade A++\" \/>\n<meta property=\"og:description\" content=\"Buy MPA Methiopropamine Powder Online at an affordable price at stonersmeds. All products are lab qualified and have premium quality.\" \/>\n<meta property=\"og:url\" content=\"https:\/\/stonersmeds.com\/sk\/shop\/buy-mpa-methiopropamine-powder-online\/\" \/>\n<meta property=\"og:site_name\" content=\"stonersmeds.com\" \/>\n<meta property=\"article:modified_time\" content=\"2026-03-01T13:50:44+00:00\" \/>\n<meta property=\"og:image\" content=\"https:\/\/stonersmeds.com\/wp-content\/uploads\/2022\/03\/buy-mpa-methiopropamine-powder-online.jpg\" \/>\n\t<meta property=\"og:image:width\" content=\"600\" \/>\n\t<meta property=\"og:image:height\" content=\"600\" \/>\n\t<meta property=\"og:image:type\" content=\"image\/jpeg\" \/>\n<meta name=\"twitter:card\" content=\"summary_large_image\" \/>\n<meta name=\"twitter:label1\" content=\"Dostupnos\u0165\" \/>\n\t<meta name=\"twitter:data1\" content=\"Na sklade\" \/>\n<script type=\"application\/ld+json\" class=\"yoast-schema-graph\">{\"@context\":\"https:\/\/schema.org\",\"@graph\":[{\"@type\":\"WebPage\",\"@id\":\"https:\/\/stonersmeds.com\/pl\/shop\/buy-mpa-methiopropamine-powder-online\/\",\"url\":\"https:\/\/stonersmeds.com\/pl\/shop\/buy-mpa-methiopropamine-powder-online\/\",\"name\":\"Buy MPA Methiopropamine Powder Online - Cheap price, Grade A++\",\"isPartOf\":{\"@id\":\"https:\/\/stonersmeds.com\/#website\"},\"primaryImageOfPage\":{\"@id\":\"https:\/\/stonersmeds.com\/pl\/shop\/buy-mpa-methiopropamine-powder-online\/#primaryimage\"},\"image\":{\"@id\":\"https:\/\/stonersmeds.com\/pl\/shop\/buy-mpa-methiopropamine-powder-online\/#primaryimage\"},\"thumbnailUrl\":\"https:\/\/stonersmeds.com\/wp-content\/uploads\/2022\/03\/buy-mpa-methiopropamine-powder-online.jpg\",\"datePublished\":\"2022-03-12T09:30:49+00:00\",\"dateModified\":\"2026-03-01T13:50:44+00:00\",\"description\":\"Buy MPA Methiopropamine Powder Online at an affordable price at stonersmeds. All products are lab qualified and have premium quality.\",\"breadcrumb\":{\"@id\":\"https:\/\/stonersmeds.com\/pl\/shop\/buy-mpa-methiopropamine-powder-online\/#breadcrumb\"},\"inLanguage\":\"sk-SK\",\"potentialAction\":[{\"@type\":\"ReadAction\",\"target\":[\"https:\/\/stonersmeds.com\/pl\/shop\/buy-mpa-methiopropamine-powder-online\/\"]}]},{\"@type\":\"ImageObject\",\"inLanguage\":\"sk-SK\",\"@id\":\"https:\/\/stonersmeds.com\/pl\/shop\/buy-mpa-methiopropamine-powder-online\/#primaryimage\",\"url\":\"https:\/\/stonersmeds.com\/wp-content\/uploads\/2022\/03\/buy-mpa-methiopropamine-powder-online.jpg\",\"contentUrl\":\"https:\/\/stonersmeds.com\/wp-content\/uploads\/2022\/03\/buy-mpa-methiopropamine-powder-online.jpg\",\"width\":600,\"height\":600},{\"@type\":\"BreadcrumbList\",\"@id\":\"https:\/\/stonersmeds.com\/pl\/shop\/buy-mpa-methiopropamine-powder-online\/#breadcrumb\",\"itemListElement\":[{\"@type\":\"ListItem\",\"position\":1,\"name\":\"Home\",\"item\":\"https:\/\/stonersmeds.com\/\"},{\"@type\":\"ListItem\",\"position\":2,\"name\":\"Shop\",\"item\":\"https:\/\/stonersmeds.com\/shop\/\"},{\"@type\":\"ListItem\",\"position\":3,\"name\":\"Buy MPA Methiopropamine Powder Online\"}]},{\"@type\":\"WebSite\",\"@id\":\"https:\/\/stonersmeds.com\/#website\",\"url\":\"https:\/\/stonersmeds.com\/\",\"name\":\"stonersmeds.com\",\"description\":\"verschreibungspflichtige Medizin kaufen\",\"publisher\":{\"@id\":\"https:\/\/stonersmeds.com\/#organization\"},\"alternateName\":\"Research chemical shop\",\"potentialAction\":[{\"@type\":\"SearchAction\",\"target\":{\"@type\":\"EntryPoint\",\"urlTemplate\":\"https:\/\/stonersmeds.com\/?s={search_term_string}\"},\"query-input\":{\"@type\":\"PropertyValueSpecification\",\"valueRequired\":true,\"valueName\":\"search_term_string\"}}],\"inLanguage\":\"sk-SK\"},{\"@type\":\"Organization\",\"@id\":\"https:\/\/stonersmeds.com\/#organization\",\"name\":\"Stonersmeds Shop\",\"url\":\"https:\/\/stonersmeds.com\/\",\"logo\":{\"@type\":\"ImageObject\",\"inLanguage\":\"sk-SK\",\"@id\":\"https:\/\/stonersmeds.com\/#\/schema\/logo\/image\/\",\"url\":\"https:\/\/stonersmeds.com\/wp-content\/uploads\/2026\/02\/high-purity-DMT-powder.jpg\",\"contentUrl\":\"https:\/\/stonersmeds.com\/wp-content\/uploads\/2026\/02\/high-purity-DMT-powder.jpg\",\"width\":500,\"height\":500,\"caption\":\"Stonersmeds Shop\"},\"image\":{\"@id\":\"https:\/\/stonersmeds.com\/#\/schema\/logo\/image\/\"}}]}<\/script>\n<meta property=\"og:availability\" content=\"instock\" \/>\n<meta property=\"product:availability\" content=\"instock\" \/>\n<meta property=\"product:condition\" content=\"new\" \/>\n<!-- \/ Yoast SEO plugin. -->","yoast_head_json":{"title":"Buy MPA Methiopropamine Powder Online - Cheap price, Grade A++","description":"Buy MPA Methiopropamine Powder Online at an affordable price at stonersmeds. All products are lab qualified and have premium quality.","robots":{"index":"index","follow":"follow","max-snippet":"max-snippet:-1","max-image-preview":"max-image-preview:large","max-video-preview":"max-video-preview:-1"},"canonical":"https:\/\/stonersmeds.com\/sk\/shop\/buy-mpa-methiopropamine-powder-online\/","og_locale":"sk_SK","og_type":"article","og_title":"Buy MPA Methiopropamine Powder Online - Cheap price, Grade A++","og_description":"Buy MPA Methiopropamine Powder Online at an affordable price at stonersmeds. All products are lab qualified and have premium quality.","og_url":"https:\/\/stonersmeds.com\/sk\/shop\/buy-mpa-methiopropamine-powder-online\/","og_site_name":"stonersmeds.com","article_modified_time":"2026-03-01T13:50:44+00:00","og_image":[{"width":600,"height":600,"url":"https:\/\/stonersmeds.com\/wp-content\/uploads\/2022\/03\/buy-mpa-methiopropamine-powder-online.jpg","type":"image\/jpeg"}],"twitter_card":"summary_large_image","twitter_misc":{"Dostupnos\u0165":"Na sklade"},"schema":{"@context":"https:\/\/schema.org","@graph":[{"@type":"WebPage","@id":"https:\/\/stonersmeds.com\/pl\/shop\/buy-mpa-methiopropamine-powder-online\/","url":"https:\/\/stonersmeds.com\/pl\/shop\/buy-mpa-methiopropamine-powder-online\/","name":"Buy MPA Methiopropamine Powder Online - Cheap price, Grade A++","isPartOf":{"@id":"https:\/\/stonersmeds.com\/#website"},"primaryImageOfPage":{"@id":"https:\/\/stonersmeds.com\/pl\/shop\/buy-mpa-methiopropamine-powder-online\/#primaryimage"},"image":{"@id":"https:\/\/stonersmeds.com\/pl\/shop\/buy-mpa-methiopropamine-powder-online\/#primaryimage"},"thumbnailUrl":"https:\/\/stonersmeds.com\/wp-content\/uploads\/2022\/03\/buy-mpa-methiopropamine-powder-online.jpg","datePublished":"2022-03-12T09:30:49+00:00","dateModified":"2026-03-01T13:50:44+00:00","description":"Buy MPA Methiopropamine Powder Online at an affordable price at stonersmeds. All products are lab qualified and have premium quality.","breadcrumb":{"@id":"https:\/\/stonersmeds.com\/pl\/shop\/buy-mpa-methiopropamine-powder-online\/#breadcrumb"},"inLanguage":"sk-SK","potentialAction":[{"@type":"ReadAction","target":["https:\/\/stonersmeds.com\/pl\/shop\/buy-mpa-methiopropamine-powder-online\/"]}]},{"@type":"ImageObject","inLanguage":"sk-SK","@id":"https:\/\/stonersmeds.com\/pl\/shop\/buy-mpa-methiopropamine-powder-online\/#primaryimage","url":"https:\/\/stonersmeds.com\/wp-content\/uploads\/2022\/03\/buy-mpa-methiopropamine-powder-online.jpg","contentUrl":"https:\/\/stonersmeds.com\/wp-content\/uploads\/2022\/03\/buy-mpa-methiopropamine-powder-online.jpg","width":600,"height":600},{"@type":"BreadcrumbList","@id":"https:\/\/stonersmeds.com\/pl\/shop\/buy-mpa-methiopropamine-powder-online\/#breadcrumb","itemListElement":[{"@type":"ListItem","position":1,"name":"Home","item":"https:\/\/stonersmeds.com\/"},{"@type":"ListItem","position":2,"name":"Shop","item":"https:\/\/stonersmeds.com\/shop\/"},{"@type":"ListItem","position":3,"name":"Buy MPA Methiopropamine Powder Online"}]},{"@type":"WebSite","@id":"https:\/\/stonersmeds.com\/#website","url":"https:\/\/stonersmeds.com\/","name":"stonersmeds.com","description":"verschreibungspflichtige Medizin kaufen","publisher":{"@id":"https:\/\/stonersmeds.com\/#organization"},"alternateName":"Research chemical shop","potentialAction":[{"@type":"SearchAction","target":{"@type":"EntryPoint","urlTemplate":"https:\/\/stonersmeds.com\/?s={search_term_string}"},"query-input":{"@type":"PropertyValueSpecification","valueRequired":true,"valueName":"search_term_string"}}],"inLanguage":"sk-SK"},{"@type":"Organization","@id":"https:\/\/stonersmeds.com\/#organization","name":"Stonersmeds Shop","url":"https:\/\/stonersmeds.com\/","logo":{"@type":"ImageObject","inLanguage":"sk-SK","@id":"https:\/\/stonersmeds.com\/#\/schema\/logo\/image\/","url":"https:\/\/stonersmeds.com\/wp-content\/uploads\/2026\/02\/high-purity-DMT-powder.jpg","contentUrl":"https:\/\/stonersmeds.com\/wp-content\/uploads\/2026\/02\/high-purity-DMT-powder.jpg","width":500,"height":500,"caption":"Stonersmeds Shop"},"image":{"@id":"https:\/\/stonersmeds.com\/#\/schema\/logo\/image\/"}}]},"og_availability":"instock","product_availability":"instock","product_condition":"new"},"_links":{"self":[{"href":"https:\/\/stonersmeds.com\/sk\/wp-json\/wp\/v2\/product\/10731","targetHints":{"allow":["GET"]}}],"collection":[{"href":"https:\/\/stonersmeds.com\/sk\/wp-json\/wp\/v2\/product"}],"about":[{"href":"https:\/\/stonersmeds.com\/sk\/wp-json\/wp\/v2\/types\/product"}],"replies":[{"embeddable":true,"href":"https:\/\/stonersmeds.com\/sk\/wp-json\/wp\/v2\/comments?post=10731"}],"version-history":[{"count":0,"href":"https:\/\/stonersmeds.com\/sk\/wp-json\/wp\/v2\/product\/10731\/revisions"}],"wp:featuredmedia":[{"embeddable":true,"href":"https:\/\/stonersmeds.com\/sk\/wp-json\/wp\/v2\/media\/10751"}],"wp:attachment":[{"href":"https:\/\/stonersmeds.com\/sk\/wp-json\/wp\/v2\/media?parent=10731"}],"wp:term":[{"taxonomy":"product_brand","embeddable":true,"href":"https:\/\/stonersmeds.com\/sk\/wp-json\/wp\/v2\/product_brand?post=10731"},{"taxonomy":"product_cat","embeddable":true,"href":"https:\/\/stonersmeds.com\/sk\/wp-json\/wp\/v2\/product_cat?post=10731"},{"taxonomy":"product_tag","embeddable":true,"href":"https:\/\/stonersmeds.com\/sk\/wp-json\/wp\/v2\/product_tag?post=10731"},{"taxonomy":"product_brands","embeddable":true,"href":"https:\/\/stonersmeds.com\/sk\/wp-json\/wp\/v2\/product_brands?post=10731"}],"curies":[{"name":"wp","href":"https:\/\/api.w.org\/{rel}","templated":true}]}}