{"id":10777,"date":"2022-03-12T09:43:11","date_gmt":"2022-03-12T09:43:11","guid":{"rendered":"https:\/\/stonersmeds.com\/?post_type=product&#038;p=10777"},"modified":"2026-02-27T12:40:04","modified_gmt":"2026-02-27T10:40:04","slug":"buy-pure-mdma-powder-online","status":"publish","type":"product","link":"https:\/\/stonersmeds.com\/sk\/shop\/buy-pure-mdma-powder-online\/","title":{"rendered":"K\u00fapte si \u010dist\u00fd pr\u00e1\u0161ok MDMA online"},"content":{"rendered":"<h1>K\u00fapte si \u010dist\u00fd pr\u00e1\u0161ok MDMA online<\/h1>\n<p>K\u00fapte si \u010dist\u00fd pr\u00e1\u0161ok MDMA online. MDMA (ext\u00e1za \/ molly) Pr\u00e1\u0161ok na predaj tu na str\u00e1nke Pokia\u013e ide o kvalitu, m\u00e1me to najlep\u0161ie.<\/p>\n<p>\u010cist\u00fd pr\u00e1\u0161ok MDMA online. Ext\u00e1za\/Molly pr\u00e1\u0161ok na predaj (<a href=\"https:\/\/stonersmeds.com\/sk\/znacka-produktu\/buy-powder-online\/\">k\u00fapi\u0165 Ext\u00e1za\/Molly Powder online<\/a>)<\/p>\n<p><a href=\"https:\/\/stonersmeds.com\/sk\/shop\/buy-xtc-philipp-plein-blue-524-mg-mdma-pills-online\/\">K\u00fapi\u0165 MDMA online<\/a> (dojednan\u00fd 3,4-metyl\u00e9ndioxy-metamfetam\u00edn) je psychoakt\u00edvna droga z triedy metyl\u00e9ndioxyfenetylam\u00ednov\u00fdch n\u00e1hrad a amfetam\u00ednov\u00fdch n\u00e1hrad, ktor\u00e1 sa pou\u017e\u00edva najm\u00e4 pre svoje euforizuj\u00face a empatick\u00e9 \u00fa\u010dinky. Z farmakologick\u00e9ho h\u013eadiska, <a href=\"https:\/\/stonersmeds.com\/sk\/znacka-produktu\/buy-pure-mdma-powder\/\">K\u00fapi\u0165 \u010dist\u00fd pr\u00e1\u0161ok MDMA<\/a> MDMA p\u00f4sob\u00ed ako l\u00e1tka uvo\u013e\u0148uj\u00faca seroton\u00edn norepinefr\u00edn dopam\u00edn a ako inhib\u00edtor sp\u00e4tn\u00e9ho vychyt\u00e1vania. <a href=\"https:\/\/stonersmeds.com\/sk\/znacka-produktu\/where-to-buy-jwh-210-chemical-powder-online\/\">K\u00fapi\u0165 pr\u00e1\u0161ok MDMA online<\/a><\/p>\n<p>MDMA pred\u00e1van\u00e1 online je v\u0161eobecne zn\u00e1ma ako \"ext\u00e1za\" (skr\u00e1tene \"E\", \"X\" alebo \"XTC\") a zvy\u010dajne sa vz\u0165ahuje na jej formu tabliet, hoci tento term\u00edn m\u00f4\u017ee znamena\u0165 mo\u017enos\u0165 fal\u0161ovania doplnku. Term\u00edn \"Mandy for sale\" v Spojenom kr\u00e1\u013eovstve a americk\u00fd term\u00edn \"Molly for sale\" sa vz\u0165ahuj\u00fa na MDMA vo forme kry\u0161talick\u00e9ho pr\u00e1\u0161ku, ktor\u00fd je relat\u00edvne bez fal\u0161ovan\u00fdch pr\u00edsad. Molly sa niekedy m\u00f4\u017ee vz\u0165ahova\u0165 na pr\u00edbuzn\u00e9 lieky, ako je metyl\u00f3n, n\u00e1kup \u010dist\u00e9ho <a href=\"https:\/\/www.emcdda.europa.eu\/publications\/drug-profiles\/mdma_de\">MDMA<\/a> pr\u00e1\u0161ok, n\u00e1kup MDPV online, mefedr\u00f3n alebo in\u00fa skupinu farmakologick\u00fdch zl\u00fa\u010den\u00edn zn\u00e1mych ako k\u00fape\u013eov\u00e9 soli.<\/p>\n<p>&nbsp;<\/p>\n<p>&nbsp;<\/p>\n<pre><strong><a href=\"https:\/\/stonersmeds.com\/sk\/znacka-produktu\/where-to-buy-pure-mdma-crystals-online\/\">K\u00fapte si \u010dist\u00fd pr\u00e1\u0161ok MDMA online<\/a> - k\u00fapi\u0165 \u010dist\u00fd pr\u00e1\u0161ok MDMA , k\u00fapi\u0165 \u010dist\u00fd pr\u00e1\u0161ok MDMA v USA , k\u00fapi\u0165 \u010dist\u00fd pr\u00e1\u0161ok MDMA online USA , kde k\u00fapi\u0165 \u010dist\u00fd pr\u00e1\u0161ok MDMA , \u010dist\u00fd pr\u00e1\u0161ok MDMA na predaj, \u010dist\u00fd pr\u00e1\u0161ok MDMA na predaj v mojej bl\u00edzkosti , k\u00fapi\u0165 \u010dist\u00fd pr\u00e1\u0161ok MDMA online v mojej bl\u00edzkosti , kde k\u00fapi\u0165 \u010dist\u00fd pr\u00e1\u0161ok MDMA online, \u010dist\u00fd MDMA pr\u00e1\u0161ok na predaj v USA , USA, Kanada, Ve\u013ek\u00e1 Brit\u00e1nia, k\u00fapi\u0165, online, dod\u00e1vatelia, bezpe\u010dn\u00e9 dodanie, st\u00e1le m\u00f4\u017eete z\u00edska\u0165 \u010dist\u00fd MDMA pr\u00e1\u0161ok , Je \u010dist\u00fd MDMA pr\u00e1\u0161ok leg\u00e1lny v USA, k\u00fapi\u0165 \u010dist\u00fd MDMA pr\u00e1\u0161ok online USA, ako objedna\u0165 \u010dist\u00fd MDMA pr\u00e1\u0161ok , Je \u010dist\u00fd MDMA pr\u00e1\u0161ok leg\u00e1lny v Kanade<\/strong><\/pre>","protected":false},"excerpt":{"rendered":"<ul>\n<li>K\u00fapte si \u010dist\u00fd pr\u00e1\u0161ok MDMA online<\/li>\n<li>\u010cist\u00fd pr\u00e1\u0161ok MDMA online<\/li>\n<li>Ext\u00e1za\/Molly Powder na predaj<\/li>\n<li>\u00a0k\u00fapi\u0165 Ext\u00e1za\/Molly Powder online<\/li>\n<\/ul>\n<pre><strong>K\u00fapi\u0165 \u010dist\u00fd pr\u00e1\u0161ok MDMA online - k\u00fapi\u0165 \u010dist\u00fd pr\u00e1\u0161ok MDMA, k\u00fapi\u0165 \u010dist\u00fd pr\u00e1\u0161ok MDMA usa, k\u00fapi\u0165 \u010dist\u00fd pr\u00e1\u0161ok MDMA online USA, Kde k\u00fapi\u0165 \u010dist\u00fd pr\u00e1\u0161ok MDMA, \u010dist\u00fd pr\u00e1\u0161ok MDMA na predaj, \u010dist\u00fd pr\u00e1\u0161ok MDMA na predaj v mojom okol\u00ed, k\u00fapi\u0165 \u010dist\u00fd pr\u00e1\u0161ok MDMA online bl\u00edzko m\u0148a, kde k\u00fapi\u0165 \u010dist\u00fd pr\u00e1\u0161ok MDMA online, \u010dist\u00fd pr\u00e1\u0161ok MDMA na predaj v USA, USA, Kanade, Ve\u013ekej Brit\u00e1nii, k\u00fapi\u0165, online, dod\u00e1vatelia, bezpe\u010dn\u00e9 doru\u010denie, St\u00e1le m\u00f4\u017eete z\u00edska\u0165 \u010dist\u00fd pr\u00e1\u0161ok MDMA, Je \u010dist\u00fd pr\u00e1\u0161ok MDMA leg\u00e1lny v USA, k\u00fapi\u0165 \u010dist\u00fd pr\u00e1\u0161ok MDMA online v USA, ako objedna\u0165 \u010dist\u00fd pr\u00e1\u0161ok MDMA, Je \u010dist\u00fd pr\u00e1\u0161ok MDMA leg\u00e1lny v Kanade<\/strong><\/pre>","protected":false},"featured_media":10792,"comment_status":"open","ping_status":"closed","template":"","meta":{"_bst_post_transparent":"","_bst_post_title":"","_bst_post_layout":"","_bst_post_sidebar_id":"","_bst_post_content_style":"","_bst_post_vertical_padding":"","_bst_post_feature":"","_bst_post_feature_position":"","_bst_post_header":false,"_bst_post_footer":false},"product_brand":[],"product_cat":[79],"product_tag":[186,192,188,187,190,194,191,189,193],"product_brands":[],"class_list":{"0":"post-10777","1":"product","2":"type-product","3":"status-publish","4":"has-post-thumbnail","6":"product_cat-research-chemicals-and-bath-salt","7":"product_tag-buy-pure-mdma-powder","8":"product_tag-buy-pure-mdma-powder-online-near-me","9":"product_tag-buy-pure-mdma-powder-online-usa","10":"product_tag-buy-pure-mdma-powder-usa","11":"product_tag-pure-mdma-powder-for-sale","12":"product_tag-pure-mdma-powder-for-sale-in-usa","13":"product_tag-pure-mdma-powder-for-sale-near-me","14":"product_tag-where-to-buy-pure-mdma-powder","15":"product_tag-where-to-buy-pure-mdma-powder-online","17":"first","18":"instock","19":"shipping-taxable","20":"purchasable","21":"product-type-variable","22":"entry","23":"content-bg","24":"loop-entry"},"tiered_pricing_type":"fixed","tiered_pricing_fixed_rules":[],"tiered_pricing_percentage_rules":[],"tiered_pricing_minimum":1,"_administrator_tiered_pricing_type":"fixed","_administrator_tiered_pricing_fixed_rules":[],"_editor_tiered_pricing_type":"fixed","_editor_tiered_pricing_fixed_rules":[],"_author_tiered_pricing_type":"fixed","_author_tiered_pricing_fixed_rules":[],"_contributor_tiered_pricing_type":"fixed","_contributor_tiered_pricing_fixed_rules":[],"_subscriber_tiered_pricing_type":"fixed","_subscriber_tiered_pricing_fixed_rules":[],"_customer_tiered_pricing_type":"fixed","_customer_tiered_pricing_fixed_rules":[],"_shop_manager_tiered_pricing_type":"fixed","_shop_manager_tiered_pricing_fixed_rules":[],"_wpseo_manager_tiered_pricing_type":"fixed","_wpseo_manager_tiered_pricing_fixed_rules":[],"_wpseo_editor_tiered_pricing_type":"fixed","_wpseo_editor_tiered_pricing_fixed_rules":[],"yoast_head":"<!-- This site is optimized with the Yoast SEO plugin v27.2 - https:\/\/yoast.com\/product\/yoast-seo-wordpress\/ -->\n<title>Buy pure MDMA powder online - Cheap price, Grade A++<\/title>\n<meta name=\"description\" content=\"Buy pure MDMA powder Online at an affordable price at stonersmeds. All products are lab qualified and have premium quality.\" \/>\n<meta name=\"robots\" content=\"index, follow, max-snippet:-1, max-image-preview:large, max-video-preview:-1\" \/>\n<link rel=\"canonical\" href=\"https:\/\/stonersmeds.com\/sk\/shop\/buy-pure-mdma-powder-online\/\" \/>\n<meta property=\"og:locale\" content=\"sk_SK\" \/>\n<meta property=\"og:type\" content=\"article\" \/>\n<meta property=\"og:title\" content=\"Buy pure MDMA powder online - Cheap price, Grade A++\" \/>\n<meta property=\"og:description\" content=\"Buy pure MDMA powder Online at an affordable price at stonersmeds. All products are lab qualified and have premium quality.\" \/>\n<meta property=\"og:url\" content=\"https:\/\/stonersmeds.com\/sk\/shop\/buy-pure-mdma-powder-online\/\" \/>\n<meta property=\"og:site_name\" content=\"stonersmeds.com\" \/>\n<meta property=\"article:modified_time\" content=\"2026-02-27T10:40:04+00:00\" \/>\n<meta property=\"og:image\" content=\"https:\/\/stonersmeds.com\/wp-content\/uploads\/2022\/03\/Buy-pure-MDMA-powder-online.jpg\" \/>\n\t<meta property=\"og:image:width\" content=\"600\" \/>\n\t<meta property=\"og:image:height\" content=\"600\" \/>\n\t<meta property=\"og:image:type\" content=\"image\/jpeg\" \/>\n<meta name=\"twitter:card\" content=\"summary_large_image\" \/>\n<meta name=\"twitter:label1\" content=\"Dostupnos\u0165\" \/>\n\t<meta name=\"twitter:data1\" content=\"Na sklade\" \/>\n<script type=\"application\/ld+json\" class=\"yoast-schema-graph\">{\"@context\":\"https:\/\/schema.org\",\"@graph\":[{\"@type\":\"WebPage\",\"@id\":\"https:\/\/stonersmeds.com\/sk\/shop\/buy-pure-mdma-powder-online\/\",\"url\":\"https:\/\/stonersmeds.com\/sk\/shop\/buy-pure-mdma-powder-online\/\",\"name\":\"Buy pure MDMA powder online - Cheap price, Grade A++\",\"isPartOf\":{\"@id\":\"https:\/\/stonersmeds.com\/#website\"},\"primaryImageOfPage\":{\"@id\":\"https:\/\/stonersmeds.com\/sk\/shop\/buy-pure-mdma-powder-online\/#primaryimage\"},\"image\":{\"@id\":\"https:\/\/stonersmeds.com\/sk\/shop\/buy-pure-mdma-powder-online\/#primaryimage\"},\"thumbnailUrl\":\"https:\/\/stonersmeds.com\/wp-content\/uploads\/2022\/03\/Buy-pure-MDMA-powder-online.jpg\",\"datePublished\":\"2022-03-12T09:43:11+00:00\",\"dateModified\":\"2026-02-27T10:40:04+00:00\",\"description\":\"Buy pure MDMA powder Online at an affordable price at stonersmeds. All products are lab qualified and have premium quality.\",\"breadcrumb\":{\"@id\":\"https:\/\/stonersmeds.com\/sk\/shop\/buy-pure-mdma-powder-online\/#breadcrumb\"},\"inLanguage\":\"sk-SK\",\"potentialAction\":[{\"@type\":\"ReadAction\",\"target\":[\"https:\/\/stonersmeds.com\/sk\/shop\/buy-pure-mdma-powder-online\/\"]}]},{\"@type\":\"ImageObject\",\"inLanguage\":\"sk-SK\",\"@id\":\"https:\/\/stonersmeds.com\/sk\/shop\/buy-pure-mdma-powder-online\/#primaryimage\",\"url\":\"https:\/\/stonersmeds.com\/wp-content\/uploads\/2022\/03\/Buy-pure-MDMA-powder-online.jpg\",\"contentUrl\":\"https:\/\/stonersmeds.com\/wp-content\/uploads\/2022\/03\/Buy-pure-MDMA-powder-online.jpg\",\"width\":600,\"height\":600},{\"@type\":\"BreadcrumbList\",\"@id\":\"https:\/\/stonersmeds.com\/sk\/shop\/buy-pure-mdma-powder-online\/#breadcrumb\",\"itemListElement\":[{\"@type\":\"ListItem\",\"position\":1,\"name\":\"Home\",\"item\":\"https:\/\/stonersmeds.com\/\"},{\"@type\":\"ListItem\",\"position\":2,\"name\":\"Shop\",\"item\":\"https:\/\/stonersmeds.com\/shop\/\"},{\"@type\":\"ListItem\",\"position\":3,\"name\":\"Buy pure MDMA powder online\"}]},{\"@type\":\"WebSite\",\"@id\":\"https:\/\/stonersmeds.com\/#website\",\"url\":\"https:\/\/stonersmeds.com\/\",\"name\":\"stonersmeds.com\",\"description\":\"verschreibungspflichtige Medizin kaufen\",\"publisher\":{\"@id\":\"https:\/\/stonersmeds.com\/#organization\"},\"alternateName\":\"Research chemical shop\",\"potentialAction\":[{\"@type\":\"SearchAction\",\"target\":{\"@type\":\"EntryPoint\",\"urlTemplate\":\"https:\/\/stonersmeds.com\/?s={search_term_string}\"},\"query-input\":{\"@type\":\"PropertyValueSpecification\",\"valueRequired\":true,\"valueName\":\"search_term_string\"}}],\"inLanguage\":\"sk-SK\"},{\"@type\":\"Organization\",\"@id\":\"https:\/\/stonersmeds.com\/#organization\",\"name\":\"Stonersmeds Shop\",\"url\":\"https:\/\/stonersmeds.com\/\",\"logo\":{\"@type\":\"ImageObject\",\"inLanguage\":\"sk-SK\",\"@id\":\"https:\/\/stonersmeds.com\/#\/schema\/logo\/image\/\",\"url\":\"https:\/\/stonersmeds.com\/wp-content\/uploads\/2026\/02\/high-purity-DMT-powder.jpg\",\"contentUrl\":\"https:\/\/stonersmeds.com\/wp-content\/uploads\/2026\/02\/high-purity-DMT-powder.jpg\",\"width\":500,\"height\":500,\"caption\":\"Stonersmeds Shop\"},\"image\":{\"@id\":\"https:\/\/stonersmeds.com\/#\/schema\/logo\/image\/\"}}]}<\/script>\n<meta property=\"og:availability\" content=\"instock\" \/>\n<meta property=\"product:availability\" content=\"instock\" \/>\n<meta property=\"product:condition\" content=\"new\" \/>\n<!-- \/ Yoast SEO plugin. -->","yoast_head_json":{"title":"K\u00fapte si \u010dist\u00fd pr\u00e1\u0161ok MDMA online - lacn\u00e1 cena, trieda A++","description":"K\u00fapte si \u010dist\u00fd pr\u00e1\u0161ok MDMA online za prijate\u013en\u00fa cenu u stonersmeds. V\u0161etky produkty s\u00fa laborat\u00f3rne kvalifikovan\u00e9 a maj\u00fa pr\u00e9miov\u00fa kvalitu.","robots":{"index":"index","follow":"follow","max-snippet":"max-snippet:-1","max-image-preview":"max-image-preview:large","max-video-preview":"max-video-preview:-1"},"canonical":"https:\/\/stonersmeds.com\/sk\/shop\/buy-pure-mdma-powder-online\/","og_locale":"sk_SK","og_type":"article","og_title":"Buy pure MDMA powder online - Cheap price, Grade A++","og_description":"Buy pure MDMA powder Online at an affordable price at stonersmeds. All products are lab qualified and have premium quality.","og_url":"https:\/\/stonersmeds.com\/sk\/shop\/buy-pure-mdma-powder-online\/","og_site_name":"stonersmeds.com","article_modified_time":"2026-02-27T10:40:04+00:00","og_image":[{"width":600,"height":600,"url":"https:\/\/stonersmeds.com\/wp-content\/uploads\/2022\/03\/Buy-pure-MDMA-powder-online.jpg","type":"image\/jpeg"}],"twitter_card":"summary_large_image","twitter_misc":{"Dostupnos\u0165":"Na sklade"},"schema":{"@context":"https:\/\/schema.org","@graph":[{"@type":"WebPage","@id":"https:\/\/stonersmeds.com\/sk\/shop\/buy-pure-mdma-powder-online\/","url":"https:\/\/stonersmeds.com\/sk\/shop\/buy-pure-mdma-powder-online\/","name":"K\u00fapte si \u010dist\u00fd pr\u00e1\u0161ok MDMA online - lacn\u00e1 cena, trieda A++","isPartOf":{"@id":"https:\/\/stonersmeds.com\/#website"},"primaryImageOfPage":{"@id":"https:\/\/stonersmeds.com\/sk\/shop\/buy-pure-mdma-powder-online\/#primaryimage"},"image":{"@id":"https:\/\/stonersmeds.com\/sk\/shop\/buy-pure-mdma-powder-online\/#primaryimage"},"thumbnailUrl":"https:\/\/stonersmeds.com\/wp-content\/uploads\/2022\/03\/Buy-pure-MDMA-powder-online.jpg","datePublished":"2022-03-12T09:43:11+00:00","dateModified":"2026-02-27T10:40:04+00:00","description":"K\u00fapte si \u010dist\u00fd pr\u00e1\u0161ok MDMA online za prijate\u013en\u00fa cenu u stonersmeds. V\u0161etky produkty s\u00fa laborat\u00f3rne kvalifikovan\u00e9 a maj\u00fa pr\u00e9miov\u00fa kvalitu.","breadcrumb":{"@id":"https:\/\/stonersmeds.com\/sk\/shop\/buy-pure-mdma-powder-online\/#breadcrumb"},"inLanguage":"sk-SK","potentialAction":[{"@type":"ReadAction","target":["https:\/\/stonersmeds.com\/sk\/shop\/buy-pure-mdma-powder-online\/"]}]},{"@type":"ImageObject","inLanguage":"sk-SK","@id":"https:\/\/stonersmeds.com\/sk\/shop\/buy-pure-mdma-powder-online\/#primaryimage","url":"https:\/\/stonersmeds.com\/wp-content\/uploads\/2022\/03\/Buy-pure-MDMA-powder-online.jpg","contentUrl":"https:\/\/stonersmeds.com\/wp-content\/uploads\/2022\/03\/Buy-pure-MDMA-powder-online.jpg","width":600,"height":600},{"@type":"BreadcrumbList","@id":"https:\/\/stonersmeds.com\/sk\/shop\/buy-pure-mdma-powder-online\/#breadcrumb","itemListElement":[{"@type":"ListItem","position":1,"name":"Home","item":"https:\/\/stonersmeds.com\/"},{"@type":"ListItem","position":2,"name":"Shop","item":"https:\/\/stonersmeds.com\/shop\/"},{"@type":"ListItem","position":3,"name":"Buy pure MDMA powder online"}]},{"@type":"WebSite","@id":"https:\/\/stonersmeds.com\/#website","url":"https:\/\/stonersmeds.com\/","name":"stonersmeds.com","description":"verschreibungspflichtige Medizin kaufen","publisher":{"@id":"https:\/\/stonersmeds.com\/#organization"},"alternateName":"Research chemical shop","potentialAction":[{"@type":"SearchAction","target":{"@type":"EntryPoint","urlTemplate":"https:\/\/stonersmeds.com\/?s={search_term_string}"},"query-input":{"@type":"PropertyValueSpecification","valueRequired":true,"valueName":"search_term_string"}}],"inLanguage":"sk-SK"},{"@type":"Organization","@id":"https:\/\/stonersmeds.com\/#organization","name":"Stonersmeds Shop","url":"https:\/\/stonersmeds.com\/","logo":{"@type":"ImageObject","inLanguage":"sk-SK","@id":"https:\/\/stonersmeds.com\/#\/schema\/logo\/image\/","url":"https:\/\/stonersmeds.com\/wp-content\/uploads\/2026\/02\/high-purity-DMT-powder.jpg","contentUrl":"https:\/\/stonersmeds.com\/wp-content\/uploads\/2026\/02\/high-purity-DMT-powder.jpg","width":500,"height":500,"caption":"Stonersmeds Shop"},"image":{"@id":"https:\/\/stonersmeds.com\/#\/schema\/logo\/image\/"}}]},"og_availability":"instock","product_availability":"instock","product_condition":"new"},"_links":{"self":[{"href":"https:\/\/stonersmeds.com\/sk\/wp-json\/wp\/v2\/product\/10777","targetHints":{"allow":["GET"]}}],"collection":[{"href":"https:\/\/stonersmeds.com\/sk\/wp-json\/wp\/v2\/product"}],"about":[{"href":"https:\/\/stonersmeds.com\/sk\/wp-json\/wp\/v2\/types\/product"}],"replies":[{"embeddable":true,"href":"https:\/\/stonersmeds.com\/sk\/wp-json\/wp\/v2\/comments?post=10777"}],"version-history":[{"count":0,"href":"https:\/\/stonersmeds.com\/sk\/wp-json\/wp\/v2\/product\/10777\/revisions"}],"wp:featuredmedia":[{"embeddable":true,"href":"https:\/\/stonersmeds.com\/sk\/wp-json\/wp\/v2\/media\/10792"}],"wp:attachment":[{"href":"https:\/\/stonersmeds.com\/sk\/wp-json\/wp\/v2\/media?parent=10777"}],"wp:term":[{"taxonomy":"product_brand","embeddable":true,"href":"https:\/\/stonersmeds.com\/sk\/wp-json\/wp\/v2\/product_brand?post=10777"},{"taxonomy":"product_cat","embeddable":true,"href":"https:\/\/stonersmeds.com\/sk\/wp-json\/wp\/v2\/product_cat?post=10777"},{"taxonomy":"product_tag","embeddable":true,"href":"https:\/\/stonersmeds.com\/sk\/wp-json\/wp\/v2\/product_tag?post=10777"},{"taxonomy":"product_brands","embeddable":true,"href":"https:\/\/stonersmeds.com\/sk\/wp-json\/wp\/v2\/product_brands?post=10777"}],"curies":[{"name":"wp","href":"https:\/\/api.w.org\/{rel}","templated":true}]}}