{"id":8616,"date":"2022-03-11T06:05:16","date_gmt":"2022-03-11T06:05:16","guid":{"rendered":"https:\/\/stonersmeds.com\/?post_type=product&#038;p=8616"},"modified":"2026-02-25T01:20:35","modified_gmt":"2026-02-24T23:20:35","slug":"buy-crack-cocaine-online","status":"publish","type":"product","link":"https:\/\/stonersmeds.com\/sk\/shop\/buy-crack-cocaine-online\/","title":{"rendered":"K\u00fapte si crackov\u00fd koka\u00edn online"},"content":{"rendered":"<h1><b>K\u00fapte si crackov\u00fd koka\u00edn<\/b><\/h1>\n<p>Crack koka\u00edn je forma koka\u00ednu, ktor\u00e1 sa tie\u017e naz\u00fdva z\u00e1kladn\u00e1 vo\u013en\u00e1 forma. Poskytuje vysok\u00e9 \u00fa\u010dinky na telo u\u017e\u00edvate\u013ea a t\u00fdm sa c\u00edti uvo\u013enenej\u0161ie. \u013dudia s touto formou r\u00fdchlo prepadli z\u00e1vislosti. To je d\u00f4vod, pre\u010do; naz\u00fdva sa aj najz\u00e1vislej\u0161ia forma koka\u00ednu.<\/p>\n<p>\u013dudia ho v\u00e4\u010d\u0161inou faj\u010dili, ale m\u00f4\u017eu ho pou\u017e\u00edva\u0165 aj inak. Crack koka\u00edn bol prv\u00fdkr\u00e1t vyroben\u00fd v rokoch 1984 a 1985, aby sa pou\u017e\u00edval ako rekrea\u010dn\u00e1 droga. Ale v posledn\u00fdch rokoch sa jeho pou\u017e\u00edvanie ve\u013emi r\u00fdchlo roz\u0161\u00edrilo vo v\u0161etk\u00fdch oblastiach \u017eivota kv\u00f4li jeho mnoh\u00fdm funkci\u00e1m. online crack, kde k\u00fapi\u0165 crack, legal crack, crack online<\/p>\n<p>Pre svoju r\u00fdchlu popularitu je zn\u00e1ma aj ako Crack epid\u00e9mia.<\/p>\n<p>Vyr\u00e1ba sa chemicky zmie\u0161an\u00edm r\u00f4znych z\u00e1kladov s in\u00fdmi zlo\u017ekami pre zv\u00fd\u0161enie \u00fa\u010dinku. Dosahuje a\u017e k \u013eudskej mysli, aby na nej vykonal po\u017eadovan\u00e9 \u010dinnosti, ke\u010f sa faj\u010d\u00ed. T\u00e1to forma koka\u00ednu poskytuje \u013eudsk\u00e9mu mozgu intenz\u00edvne po\u017eitie na kr\u00e1tky \u010dasov\u00fd interval.<\/p>\n<p>Sp\u00f4sob, ktor\u00fdm sa m\u00f4\u017ee dosta\u0165 aj priamo cez nos, sa naz\u00fdva smrkanie. Ale v takej miere to nie je \u0161kodliv\u00e9. Pou\u017e\u00edvate\u013e m\u00f4\u017ee pri faj\u010den\u00ed upadn\u00fa\u0165 do z\u00e1vislosti. Ale v druhom pr\u00edpade je ve\u013emi mal\u00e1 \u0161anca sta\u0165 sa z\u00e1visl\u00fdm na tejto vysoko silnej droge.<\/p>\n<p>Crack koka\u00edn je jednou z naj\u010distej\u0161\u00edch foriem, v ktor\u00fdch sa koka\u00edn nach\u00e1dza. M\u00e1 \u010distotu 70-100%, ktor\u00e1 m\u00f4\u017ee by\u0165 \u0161kodliv\u00e1 pre \u013eudsk\u00e9 zdravie, ak sa pou\u017e\u00edva dlh\u0161\u00ed \u010das. Tento typ koka\u00ednu je pomenovan\u00fd ako Crack, preto\u017ee pri zahrievan\u00ed vyd\u00e1va zvuk na v\u00fdrobu r\u00f4znych produktov.<\/p>\n<p>D\u00f4vodom jeho popularity v takom obrovskom rozsahu je, \u017ee je k dispoz\u00edcii za ve\u013emi n\u00edzku cenu. Be\u017en\u00fd koka\u00edn je tie\u017e pomenovan\u00fd ako\u00a0<b>&quot;droga bohat\u00e9ho mu\u017ea&quot;<\/b>\u00a0preto\u017ee sa pred\u00e1va za ve\u013emi vysok\u00e9 ceny. Crack Cocaine je na druhej strane \u013eahko dostupn\u00fd pre ka\u017ed\u00e9ho.<\/p>\n<h3>$70 za gram a crack koka\u00edn.<\/h3>\n<p>Ako posielame bal\u00edky?<br \/>\nK\u00fapte si crack online a z\u00edskajte diskr\u00e9tne doru\u010denie po celom svete. Bal\u00edky starostlivo zabal\u00edme do volfr\u00e1mov\u00fdch a uhl\u00edkov\u00fdch papierov, aby sme pre\u0161li coln\u00fdmi r\u00f6ntgenov\u00fdmi pr\u00edstrojmi na letisk\u00e1ch. Bal\u00edky s\u00fa zvonku kr\u00e1sne zabalen\u00e9 dar\u010dekov\u00fdmi papiermi.<\/p>\n<p>cena produktu je: za gram<br \/>\n<strong>Minim\u00e1lne objednan\u00e9 mno\u017estvo je: 2 gramy<\/strong><\/p>\n<p>Je k dispoz\u00edcii takmer v ka\u017edom internetovom obchode. N\u00e1\u0161 internetov\u00fd obchod sa zaober\u00e1 aj ve\u013emi n\u00edzkymi cenami. Tento produkt si m\u00f4\u017eete k\u00fapi\u0165 a z\u00edska\u0165 r\u00fdchle dodanie produktu na v\u00e1\u0161 prah.c<\/p>\n<p><a href=\"https:\/\/stonersmeds.com\/sk\/kategoria-produktu\/cocaine\/\">https:\/\/stonersmeds.com\/product-category\/cocaine\/<\/a><\/p>\n<blockquote class=\"wp-embedded-content\" data-secret=\"Ux82VA29Ss\"><p><a href=\"https:\/\/stonersmeds.com\/sk\/shop\/buy-bio-cocaine-86\/\">K\u00fapte si Bio Cocaine 86%<\/a><\/p><\/blockquote>\n<p><iframe class=\"wp-embedded-content\" sandbox=\"allow-scripts\" security=\"restricted\" style=\"position: absolute; visibility: hidden;\" title=\"&quot;K\u00fapi\u0165 Bio Koka\u00edn 86%&quot; - stonersmeds.com\" src=\"https:\/\/stonersmeds.com\/shop\/buy-bio-cocaine-86\/embed\/#?secret=X43AyYOnvF#?secret=Ux82VA29Ss\" data-secret=\"Ux82VA29Ss\" width=\"600\" height=\"338\" frameborder=\"0\" marginwidth=\"0\" marginheight=\"0\" scrolling=\"no\"><\/iframe><\/p>\n<blockquote class=\"wp-embedded-content\" data-secret=\"T0Nn8AUwFa\"><p><a href=\"https:\/\/stonersmeds.com\/sk\/shop\/buy-pure-colombian-cocaine-96-pure\/\">K\u00fapte si \u010dist\u00fd kolumbijsk\u00fd koka\u00edn 96% Pure<\/a><\/p><\/blockquote>\n<p><iframe class=\"wp-embedded-content\" sandbox=\"allow-scripts\" security=\"restricted\" style=\"position: absolute; visibility: hidden;\" title=\"&quot;K\u00fapi\u0165 \u010dist\u00fd kolumbijsk\u00fd koka\u00edn 96% Pure&quot; - stonersmeds.com\" src=\"https:\/\/stonersmeds.com\/shop\/buy-pure-colombian-cocaine-96-pure\/embed\/#?secret=YPas3lunK0#?secret=T0Nn8AUwFa\" data-secret=\"T0Nn8AUwFa\" width=\"600\" height=\"338\" frameborder=\"0\" marginwidth=\"0\" marginheight=\"0\" scrolling=\"no\"><\/iframe><\/p>\n<pre><strong>K\u00fapi\u0165 crackov\u00fd koka\u00edn online - k\u00fapi\u0165 crackov\u00fd koka\u00edn, k\u00fapi\u0165 crackov\u00fd koka\u00edn, k\u00fapi\u0165 koka\u00edn online, Kde k\u00fapi\u0165 crackov\u00fd koka\u00edn, crackov\u00fd koka\u00edn na predaj, Koka\u00edn na predaj, k\u00fapi\u0165 koka\u00edn online, kde k\u00fapi\u0165 koka\u00edn online, crackov\u00fd koka\u00edn na predaj v USA, USA , kanada, uk, k\u00fapi\u0165, online, dod\u00e1vatelia, bezpe\u010dn\u00e9 doru\u010denie, st\u00e1le m\u00f4\u017eete z\u00edska\u0165 crackov\u00fd koka\u00edn, je crackov\u00fd koka\u00edn leg\u00e1lny v USA, k\u00fapi\u0165 crackov\u00fd koka\u00edn online usa, ako objedna\u0165 crackov\u00fd koka\u00edn, je crackov\u00fd koka\u00edn leg\u00e1lny v Kanade<\/strong><\/pre>","protected":false},"excerpt":{"rendered":"<p>Najlep\u0161\u00ed crack koka\u00edn na predaj online. Pon\u00fakame V\u00e1m crack cos za v\u00fdhodn\u00e9 ceny. Objednajte si teraz!<\/p>\n<p><strong>Nakupujte drogy online za \u00fa\u017easn\u00e9 ve\u013ekoobchodn\u00e9 ceny!!!<\/strong><\/p>\n<p>&nbsp;<\/p>\n<pre><strong>K\u00fapi\u0165 crackov\u00fd koka\u00edn online - k\u00fapi\u0165 crackov\u00fd koka\u00edn, k\u00fapi\u0165 crackov\u00fd koka\u00edn, k\u00fapi\u0165 koka\u00edn online, Kde k\u00fapi\u0165 crackov\u00fd koka\u00edn, crackov\u00fd koka\u00edn na predaj, Koka\u00edn na predaj, k\u00fapi\u0165 koka\u00edn online, kde k\u00fapi\u0165 koka\u00edn online, crackov\u00fd koka\u00edn na predaj v USA, USA , kanada, uk, k\u00fapi\u0165, online, dod\u00e1vatelia, bezpe\u010dn\u00e9 doru\u010denie, st\u00e1le m\u00f4\u017eete z\u00edska\u0165 crackov\u00fd koka\u00edn, je crackov\u00fd koka\u00edn leg\u00e1lny v USA, k\u00fapi\u0165 crackov\u00fd koka\u00edn online usa, ako objedna\u0165 crackov\u00fd koka\u00edn, je crackov\u00fd koka\u00edn leg\u00e1lny v Kanade<\/strong><\/pre>","protected":false},"featured_media":8621,"comment_status":"closed","ping_status":"closed","template":"","meta":{"_bst_post_transparent":"","_bst_post_title":"","_bst_post_layout":"","_bst_post_sidebar_id":"","_bst_post_content_style":"","_bst_post_vertical_padding":"","_bst_post_feature":"","_bst_post_feature_position":"","_bst_post_header":false,"_bst_post_footer":false},"product_brand":[],"product_cat":[72],"product_tag":[101,105,128,98,127,89,97,102,130,132,90,93,95,94,141,96,137,99,103,91,92,100,139,138,135,133,104,131,129,140],"product_brands":[],"class_list":{"0":"post-8616","1":"product","2":"type-product","3":"status-publish","4":"has-post-thumbnail","6":"product_cat-cocaine","7":"product_tag-bolivian-cocaine-for-sale","8":"product_tag-buy-adhd-pills-online","9":"product_tag-buy-cocaine-online","10":"product_tag-buy-cocaine-powder-online","11":"product_tag-buy-crack-cocaine","12":"product_tag-cheap-cocaine","13":"product_tag-cocaine-for-sale","14":"product_tag-colombian-cocaine-for-sale","15":"product_tag-crack-cocaine-for-sale","16":"product_tag-crack-cocaine-for-sale-in-usa","17":"product_tag-crack-for-sale","18":"product_tag-drugs-online","19":"product_tag-dutchanonstore","20":"product_tag-gogaine","21":"product_tag-is-crack-cocaine-legal-in-usa","22":"product_tag-legal-cocaine","23":"product_tag-online","24":"product_tag-order-volkswagen-cocaine-online","25":"product_tag-peruvian-cocaine-for-sale","26":"product_tag-pure-cocaine","27":"product_tag-pure-coke-shop","28":"product_tag-pure-peruvian-cocaine-for-sale","29":"product_tag-safe-delivery","30":"product_tag-suppliers","31":"product_tag-uk","32":"product_tag-usa","33":"product_tag-where-to-buy-bio-cocaine","34":"product_tag-where-to-buy-cocaine-online","35":"product_tag-where-to-buy-crack-cocaine","36":"product_tag-you-can-still-get-crack-cocaine","38":"first","39":"instock","40":"shipping-taxable","41":"purchasable","42":"product-type-simple","43":"entry","44":"content-bg","45":"loop-entry"},"tiered_pricing_type":"fixed","tiered_pricing_fixed_rules":{"8":"35","20":"30","50":"17","100":"15","250":"13","500":"10","1000":"8"},"tiered_pricing_percentage_rules":[],"tiered_pricing_minimum":1,"_administrator_tiered_pricing_type":"fixed","_administrator_tiered_pricing_fixed_rules":[],"_editor_tiered_pricing_type":"fixed","_editor_tiered_pricing_fixed_rules":[],"_author_tiered_pricing_type":"fixed","_author_tiered_pricing_fixed_rules":[],"_contributor_tiered_pricing_type":"fixed","_contributor_tiered_pricing_fixed_rules":[],"_subscriber_tiered_pricing_type":"fixed","_subscriber_tiered_pricing_fixed_rules":[],"_customer_tiered_pricing_type":"fixed","_customer_tiered_pricing_fixed_rules":[],"_shop_manager_tiered_pricing_type":"fixed","_shop_manager_tiered_pricing_fixed_rules":[],"_wpseo_manager_tiered_pricing_type":"fixed","_wpseo_manager_tiered_pricing_fixed_rules":[],"_wpseo_editor_tiered_pricing_type":"fixed","_wpseo_editor_tiered_pricing_fixed_rules":[],"yoast_head":"<!-- This site is optimized with the Yoast SEO plugin v27.2 - https:\/\/yoast.com\/product\/yoast-seo-wordpress\/ -->\n<title>Buy Crack Cocaine Online - fast and safe delivery<\/title>\n<meta name=\"description\" content=\"Buy Crack Cocaine, Order safely &amp; maintain your privacy No prescription necessary Discreet standard shipping at Low prices.\" \/>\n<meta name=\"robots\" content=\"index, follow, max-snippet:-1, max-image-preview:large, max-video-preview:-1\" \/>\n<link rel=\"canonical\" href=\"https:\/\/stonersmeds.com\/sk\/shop\/buy-crack-cocaine-online\/\" \/>\n<meta property=\"og:locale\" content=\"sk_SK\" \/>\n<meta property=\"og:type\" content=\"article\" \/>\n<meta property=\"og:title\" content=\"Buy Crack Cocaine Online - fast and safe delivery\" \/>\n<meta property=\"og:description\" content=\"Buy Crack Cocaine, Order safely &amp; maintain your privacy No prescription necessary Discreet standard shipping at Low prices.\" \/>\n<meta property=\"og:url\" content=\"https:\/\/stonersmeds.com\/sk\/shop\/buy-crack-cocaine-online\/\" \/>\n<meta property=\"og:site_name\" content=\"stonersmeds.com\" \/>\n<meta property=\"article:modified_time\" content=\"2026-02-24T23:20:35+00:00\" \/>\n<meta property=\"og:image\" content=\"https:\/\/stonersmeds.com\/wp-content\/uploads\/2022\/03\/buy-volkswagen-cocaine-online-90-pure.jpg\" \/>\n\t<meta property=\"og:image:width\" content=\"600\" \/>\n\t<meta property=\"og:image:height\" content=\"600\" \/>\n\t<meta property=\"og:image:type\" content=\"image\/jpeg\" \/>\n<meta name=\"twitter:card\" content=\"summary_large_image\" \/>\n<meta name=\"twitter:label1\" content=\"Cena\" \/>\n\t<meta name=\"twitter:data1\" content=\"35&#036;\" \/>\n\t<meta name=\"twitter:label2\" content=\"Dostupnos\u0165\" \/>\n\t<meta name=\"twitter:data2\" content=\"Na sklade\" \/>\n<script type=\"application\/ld+json\" class=\"yoast-schema-graph\">{\"@context\":\"https:\/\/schema.org\",\"@graph\":[{\"@type\":\"WebPage\",\"@id\":\"https:\/\/stonersmeds.com\/shop\/buy-crack-cocaine-online\/\",\"url\":\"https:\/\/stonersmeds.com\/shop\/buy-crack-cocaine-online\/\",\"name\":\"Buy Crack Cocaine Online - fast and safe delivery\",\"isPartOf\":{\"@id\":\"https:\/\/stonersmeds.com\/#website\"},\"primaryImageOfPage\":{\"@id\":\"https:\/\/stonersmeds.com\/shop\/buy-crack-cocaine-online\/#primaryimage\"},\"image\":{\"@id\":\"https:\/\/stonersmeds.com\/shop\/buy-crack-cocaine-online\/#primaryimage\"},\"thumbnailUrl\":\"https:\/\/stonersmeds.com\/wp-content\/uploads\/2022\/03\/buy-volkswagen-cocaine-online-90-pure.jpg\",\"datePublished\":\"2022-03-11T06:05:16+00:00\",\"dateModified\":\"2026-02-24T23:20:35+00:00\",\"description\":\"Buy Crack Cocaine, Order safely & maintain your privacy No prescription necessary Discreet standard shipping at Low prices.\",\"breadcrumb\":{\"@id\":\"https:\/\/stonersmeds.com\/shop\/buy-crack-cocaine-online\/#breadcrumb\"},\"inLanguage\":\"sk-SK\",\"potentialAction\":[{\"@type\":\"ReadAction\",\"target\":[\"https:\/\/stonersmeds.com\/shop\/buy-crack-cocaine-online\/\"]}]},{\"@type\":\"ImageObject\",\"inLanguage\":\"sk-SK\",\"@id\":\"https:\/\/stonersmeds.com\/shop\/buy-crack-cocaine-online\/#primaryimage\",\"url\":\"https:\/\/stonersmeds.com\/wp-content\/uploads\/2022\/03\/buy-volkswagen-cocaine-online-90-pure.jpg\",\"contentUrl\":\"https:\/\/stonersmeds.com\/wp-content\/uploads\/2022\/03\/buy-volkswagen-cocaine-online-90-pure.jpg\",\"width\":600,\"height\":600},{\"@type\":\"BreadcrumbList\",\"@id\":\"https:\/\/stonersmeds.com\/shop\/buy-crack-cocaine-online\/#breadcrumb\",\"itemListElement\":[{\"@type\":\"ListItem\",\"position\":1,\"name\":\"Home\",\"item\":\"https:\/\/stonersmeds.com\/\"},{\"@type\":\"ListItem\",\"position\":2,\"name\":\"Shop\",\"item\":\"https:\/\/stonersmeds.com\/shop\/\"},{\"@type\":\"ListItem\",\"position\":3,\"name\":\"Buy Crack Cocaine Online\"}]},{\"@type\":\"WebSite\",\"@id\":\"https:\/\/stonersmeds.com\/#website\",\"url\":\"https:\/\/stonersmeds.com\/\",\"name\":\"stonersmeds.com\",\"description\":\"verschreibungspflichtige Medizin kaufen\",\"publisher\":{\"@id\":\"https:\/\/stonersmeds.com\/#organization\"},\"alternateName\":\"Research chemical shop\",\"potentialAction\":[{\"@type\":\"SearchAction\",\"target\":{\"@type\":\"EntryPoint\",\"urlTemplate\":\"https:\/\/stonersmeds.com\/?s={search_term_string}\"},\"query-input\":{\"@type\":\"PropertyValueSpecification\",\"valueRequired\":true,\"valueName\":\"search_term_string\"}}],\"inLanguage\":\"sk-SK\"},{\"@type\":\"Organization\",\"@id\":\"https:\/\/stonersmeds.com\/#organization\",\"name\":\"Stonersmeds Shop\",\"url\":\"https:\/\/stonersmeds.com\/\",\"logo\":{\"@type\":\"ImageObject\",\"inLanguage\":\"sk-SK\",\"@id\":\"https:\/\/stonersmeds.com\/#\/schema\/logo\/image\/\",\"url\":\"https:\/\/stonersmeds.com\/wp-content\/uploads\/2026\/02\/high-purity-DMT-powder.jpg\",\"contentUrl\":\"https:\/\/stonersmeds.com\/wp-content\/uploads\/2026\/02\/high-purity-DMT-powder.jpg\",\"width\":500,\"height\":500,\"caption\":\"Stonersmeds Shop\"},\"image\":{\"@id\":\"https:\/\/stonersmeds.com\/#\/schema\/logo\/image\/\"}}]}<\/script>\n<meta property=\"product:price:amount\" content=\"35.00\" \/>\n<meta property=\"product:price:currency\" content=\"USD\" \/>\n<meta property=\"og:availability\" content=\"instock\" \/>\n<meta property=\"product:availability\" content=\"instock\" \/>\n<meta property=\"product:condition\" content=\"new\" \/>\n<!-- \/ Yoast SEO plugin. -->","yoast_head_json":{"title":"K\u00fapte si crackov\u00fd koka\u00edn online \u2013 r\u00fdchle a bezpe\u010dn\u00e9 doru\u010denie","description":"Nakupujte crackov\u00fd koka\u00edn, objedn\u00e1vajte bezpe\u010dne a zachov\u00e1vajte si s\u00fakromie Bez lek\u00e1rskeho predpisu Diskr\u00e9tna \u0161tandardn\u00e1 doprava za n\u00edzke ceny.","robots":{"index":"index","follow":"follow","max-snippet":"max-snippet:-1","max-image-preview":"max-image-preview:large","max-video-preview":"max-video-preview:-1"},"canonical":"https:\/\/stonersmeds.com\/sk\/shop\/buy-crack-cocaine-online\/","og_locale":"sk_SK","og_type":"article","og_title":"Buy Crack Cocaine Online - fast and safe delivery","og_description":"Buy Crack Cocaine, Order safely & maintain your privacy No prescription necessary Discreet standard shipping at Low prices.","og_url":"https:\/\/stonersmeds.com\/sk\/shop\/buy-crack-cocaine-online\/","og_site_name":"stonersmeds.com","article_modified_time":"2026-02-24T23:20:35+00:00","og_image":[{"width":600,"height":600,"url":"https:\/\/stonersmeds.com\/wp-content\/uploads\/2022\/03\/buy-volkswagen-cocaine-online-90-pure.jpg","type":"image\/jpeg"}],"twitter_card":"summary_large_image","twitter_misc":{"Cena":"35&#36;","Dostupnos\u0165":"Na sklade"},"schema":{"@context":"https:\/\/schema.org","@graph":[{"@type":"WebPage","@id":"https:\/\/stonersmeds.com\/shop\/buy-crack-cocaine-online\/","url":"https:\/\/stonersmeds.com\/shop\/buy-crack-cocaine-online\/","name":"K\u00fapte si crackov\u00fd koka\u00edn online \u2013 r\u00fdchle a bezpe\u010dn\u00e9 doru\u010denie","isPartOf":{"@id":"https:\/\/stonersmeds.com\/#website"},"primaryImageOfPage":{"@id":"https:\/\/stonersmeds.com\/shop\/buy-crack-cocaine-online\/#primaryimage"},"image":{"@id":"https:\/\/stonersmeds.com\/shop\/buy-crack-cocaine-online\/#primaryimage"},"thumbnailUrl":"https:\/\/stonersmeds.com\/wp-content\/uploads\/2022\/03\/buy-volkswagen-cocaine-online-90-pure.jpg","datePublished":"2022-03-11T06:05:16+00:00","dateModified":"2026-02-24T23:20:35+00:00","description":"Nakupujte crackov\u00fd koka\u00edn, objedn\u00e1vajte bezpe\u010dne a zachov\u00e1vajte si s\u00fakromie Bez lek\u00e1rskeho predpisu Diskr\u00e9tna \u0161tandardn\u00e1 doprava za n\u00edzke ceny.","breadcrumb":{"@id":"https:\/\/stonersmeds.com\/shop\/buy-crack-cocaine-online\/#breadcrumb"},"inLanguage":"sk-SK","potentialAction":[{"@type":"ReadAction","target":["https:\/\/stonersmeds.com\/shop\/buy-crack-cocaine-online\/"]}]},{"@type":"ImageObject","inLanguage":"sk-SK","@id":"https:\/\/stonersmeds.com\/shop\/buy-crack-cocaine-online\/#primaryimage","url":"https:\/\/stonersmeds.com\/wp-content\/uploads\/2022\/03\/buy-volkswagen-cocaine-online-90-pure.jpg","contentUrl":"https:\/\/stonersmeds.com\/wp-content\/uploads\/2022\/03\/buy-volkswagen-cocaine-online-90-pure.jpg","width":600,"height":600},{"@type":"BreadcrumbList","@id":"https:\/\/stonersmeds.com\/shop\/buy-crack-cocaine-online\/#breadcrumb","itemListElement":[{"@type":"ListItem","position":1,"name":"Home","item":"https:\/\/stonersmeds.com\/"},{"@type":"ListItem","position":2,"name":"Shop","item":"https:\/\/stonersmeds.com\/shop\/"},{"@type":"ListItem","position":3,"name":"Buy Crack Cocaine Online"}]},{"@type":"WebSite","@id":"https:\/\/stonersmeds.com\/#website","url":"https:\/\/stonersmeds.com\/","name":"stonersmeds.com","description":"verschreibungspflichtige Medizin kaufen","publisher":{"@id":"https:\/\/stonersmeds.com\/#organization"},"alternateName":"Research chemical shop","potentialAction":[{"@type":"SearchAction","target":{"@type":"EntryPoint","urlTemplate":"https:\/\/stonersmeds.com\/?s={search_term_string}"},"query-input":{"@type":"PropertyValueSpecification","valueRequired":true,"valueName":"search_term_string"}}],"inLanguage":"sk-SK"},{"@type":"Organization","@id":"https:\/\/stonersmeds.com\/#organization","name":"Stonersmeds Shop","url":"https:\/\/stonersmeds.com\/","logo":{"@type":"ImageObject","inLanguage":"sk-SK","@id":"https:\/\/stonersmeds.com\/#\/schema\/logo\/image\/","url":"https:\/\/stonersmeds.com\/wp-content\/uploads\/2026\/02\/high-purity-DMT-powder.jpg","contentUrl":"https:\/\/stonersmeds.com\/wp-content\/uploads\/2026\/02\/high-purity-DMT-powder.jpg","width":500,"height":500,"caption":"Stonersmeds Shop"},"image":{"@id":"https:\/\/stonersmeds.com\/#\/schema\/logo\/image\/"}}]},"product_price_amount":"35.00","product_price_currency":"USD","og_availability":"instock","product_availability":"instock","product_condition":"new"},"_links":{"self":[{"href":"https:\/\/stonersmeds.com\/sk\/wp-json\/wp\/v2\/product\/8616","targetHints":{"allow":["GET"]}}],"collection":[{"href":"https:\/\/stonersmeds.com\/sk\/wp-json\/wp\/v2\/product"}],"about":[{"href":"https:\/\/stonersmeds.com\/sk\/wp-json\/wp\/v2\/types\/product"}],"replies":[{"embeddable":true,"href":"https:\/\/stonersmeds.com\/sk\/wp-json\/wp\/v2\/comments?post=8616"}],"version-history":[{"count":0,"href":"https:\/\/stonersmeds.com\/sk\/wp-json\/wp\/v2\/product\/8616\/revisions"}],"wp:featuredmedia":[{"embeddable":true,"href":"https:\/\/stonersmeds.com\/sk\/wp-json\/wp\/v2\/media\/8621"}],"wp:attachment":[{"href":"https:\/\/stonersmeds.com\/sk\/wp-json\/wp\/v2\/media?parent=8616"}],"wp:term":[{"taxonomy":"product_brand","embeddable":true,"href":"https:\/\/stonersmeds.com\/sk\/wp-json\/wp\/v2\/product_brand?post=8616"},{"taxonomy":"product_cat","embeddable":true,"href":"https:\/\/stonersmeds.com\/sk\/wp-json\/wp\/v2\/product_cat?post=8616"},{"taxonomy":"product_tag","embeddable":true,"href":"https:\/\/stonersmeds.com\/sk\/wp-json\/wp\/v2\/product_tag?post=8616"},{"taxonomy":"product_brands","embeddable":true,"href":"https:\/\/stonersmeds.com\/sk\/wp-json\/wp\/v2\/product_brands?post=8616"}],"curies":[{"name":"wp","href":"https:\/\/api.w.org\/{rel}","templated":true}]}}