{"id":9238,"date":"2022-03-11T14:55:27","date_gmt":"2022-03-11T14:55:27","guid":{"rendered":"https:\/\/stonersmeds.com\/?post_type=product&#038;p=9238"},"modified":"2026-02-24T09:30:29","modified_gmt":"2026-02-24T07:30:29","slug":"buy-agent-orange-marijuana-strain-online","status":"publish","type":"product","link":"https:\/\/stonersmeds.com\/sk\/shop\/buy-agent-orange-marijuana-strain-online\/","title":{"rendered":"K\u00fapte si Agent Orange Marihuana kme\u0148 online"},"content":{"rendered":"<h1>K\u00fapte si Agent Orange Marihuana kme\u0148 online.<\/h1>\n<p>Zavrite o\u010di a predstavte si vzdialen\u00e9 morsk\u00e9 pobre\u017eie, tragicky ch\u00fdbaj\u00face sv\u00e4tyne a tak\u00e9 skvel\u00e9 jedlo, \u017ee u\u017e nikdy nebudete potrebova\u0165 jes\u0165 ni\u010d in\u00e9 - to je jeden zo sp\u00f4sobov, ako si predstavi\u0165 \u00c1ziu. Alebo na druhej strane sa m\u00f4\u017eete pok\u00fasi\u0165 o tento nepredstavite\u013ene nezvy\u010dajn\u00fd a energizuj\u00faci kme\u0148 a ve\u013emi dobre sa m\u00f4\u017ee sta\u0165, \u017ee to bude v\u0161etka fant\u00e1zia, ktor\u00fa potrebujete. O \u00e1zijskom pomaran\u010dovn\u00edku sa ist\u00fd \u010das predpokladalo, \u017ee zanikol kv\u00f4li pr\u00edli\u0161 z\u00e1hadn\u00e9mu rozmno\u017eovaniu a supertajn\u00fdm dedi\u010dn\u00fdm vlastnostiam, av\u0161ak na z\u00e1klade niektor\u00fdch rozhodn\u00fdch fan\u00fa\u0161ikov tohto hyn\u00faceho plemena by ste v\u0161etci mohli ma\u0165 istotu, \u017ee existuje aj teraz.<\/p>\n<p>Bez oh\u013eadu na to, \u017ee nem\u00e1me \u017eiadne potvrdenie o p\u00f4vode, bolo vyrie\u0161en\u00e9, \u017ee ide o sol\u00eddnu sativu so \u0161irok\u00fdm rozsahom norm\u00e1lneho THC niekde v rozmedz\u00ed 17% a 24%. Napriek tomu, \u017ee by ste si mohli vysvetli\u0165, \u017ee n\u00e1zov \"Asian Orange\" \u00e1zijsk\u00fd oran\u017eov\u00fd kme\u0148 poch\u00e1dza z jeho nezn\u00e1mosti, takmer ur\u010dite s t\u00fdm m\u00f4\u017eu ma\u0165 nie\u010do spolo\u010dn\u00e9 obrovsk\u00e9, zvlnen\u00e9 p\u00fa\u010diky obalen\u00e9 tmavo\u010derven\u00fdmi ch\u013apkami a miestne \u00e1zijsk\u00e9 korene. Tieto n\u00e1dhern\u00e9 h\u013euzy s\u00fa sladk\u00e9 a trpk\u00e9 s v\u00f4\u0148ou k\u00f4ry a citr\u00f3na. Celkov\u00fd vzh\u013ead m\u00e1 pripom\u00edna\u0165 h\u00e1\u010dik hom\u00e1ra, \u010do z neho rob\u00ed nie\u010do in\u00e9 ako vlhk\u00e9 p\u00fa\u010diky, napriek tomu je na \u010do pozera\u0165.<\/p>\n<p>Opojenie sa pova\u017euje za trippy a prem\u00fd\u0161\u013eav\u00e9, ale stimuluj\u00face. Poc\u00edtite okam\u017eit\u00fd vzostup vynaliezavosti a temperamentu, \u010do v\u00e1m sp\u00f4sob\u00ed chvenie po celom tele, ktor\u00e9 za\u010d\u00edna v mysli a prech\u00e1dza a\u017e do va\u0161ich pr\u00eddavn\u00fdch org\u00e1nov. \u017diarenie sa roz\u0161\u00edri do v\u00e1\u0161ho stredu, ke\u010f sa va\u0161e telo za\u010dne \u00faplne uvo\u013e\u0148ova\u0165, ka\u017edop\u00e1dne v tomto \u0161t\u00e1diu nie je v\u00fdnimo\u010dn\u00e9, aby ste sa vzru\u0161ili. V pr\u00edpade, \u017ee ste o tom \u00fa\u010dinne presved\u010den\u00ed, tento kme\u0148 je neuverite\u013enou \u0161panielskou mu\u0161kou. Sila kme\u0148a prich\u00e1dza vo vln\u00e1ch a je v\u00fdnimo\u010dne psychoakt\u00edvna, tak\u017ee nie je predp\u00edsan\u00e1 pre osoby, ktor\u00e9 s\u00fa n\u00e1chyln\u00e9 na podozrenie alebo \u00falety mysle.<\/p>\n<p>&nbsp;<\/p>\n<p>&nbsp;<\/p>\n<p>&nbsp;<\/p>\n<p>&nbsp;<\/p>\n<pre><strong>K\u00fapi\u0165 kme\u0148 marihuany Agent Orange online \u2013 k\u00fapi\u0165 marihuanov\u00fd kme\u0148 Orange, k\u00fapi\u0165 kme\u0148 marihuany Agent Orange, k\u00fapi\u0165 kme\u0148 marihuany Orange online, Kde k\u00fapi\u0165 kme\u0148 marihuany Agent Orange, kme\u0148 marihuany Agent Orange na predaj, kme\u0148 marihuany agent Orange na predaj, k\u00fapi\u0165 kme\u0148 marihuany online, kde k\u00fapi\u0165 kme\u0148 marihuany Agent Orange online, kme\u0148 marihuany Agent Orange na predaj v USA, USA, Kanade, Ve\u013ekej Brit\u00e1nii, k\u00fapi\u0165, online, dod\u00e1vatelia, bezpe\u010dn\u00e9 doru\u010denie, St\u00e1le m\u00f4\u017eete z\u00edska\u0165 kme\u0148 marihuany Agent Orange, je kme\u0148 marihuany Agent Orange leg\u00e1lny v USA , k\u00fapi\u0165 kme\u0148 Agent Orange Marihuana online usa, ako objedna\u0165 Kme\u0148 marihuany Agent Orange , Je kme\u0148 Agent Orange Marihuana leg\u00e1lny v Kanade<\/strong><\/pre>","protected":false},"excerpt":{"rendered":"<p>K\u00fapi\u0165 Agent Orange Marihuana Strain Online. Kme\u0148 marihuany Agent Orange\u00a0<span class=\"hidden-xs\">je dominantn\u00fd hybrid sativa - 75% sativa \/ 25% indica THC: 25%<\/span><\/p>\n<pre><strong>K\u00fapi\u0165 kme\u0148 marihuany Agent Orange online \u2013 k\u00fapi\u0165 marihuanov\u00fd kme\u0148 Orange, k\u00fapi\u0165 kme\u0148 marihuany Agent Orange, k\u00fapi\u0165 kme\u0148 marihuany Orange online, Kde k\u00fapi\u0165 kme\u0148 marihuany Agent Orange, kme\u0148 marihuany Agent Orange na predaj, kme\u0148 marihuany agent Orange na predaj, k\u00fapi\u0165 kme\u0148 marihuany online, kde k\u00fapi\u0165 kme\u0148 marihuany Agent Orange online, kme\u0148 marihuany Agent Orange na predaj v USA, USA, Kanade, Ve\u013ekej Brit\u00e1nii, k\u00fapi\u0165, online, dod\u00e1vatelia, bezpe\u010dn\u00e9 doru\u010denie, St\u00e1le m\u00f4\u017eete z\u00edska\u0165 kme\u0148 marihuany Agent Orange, je kme\u0148 marihuany Agent Orange leg\u00e1lny v USA , k\u00fapi\u0165 kme\u0148 Agent Orange Marihuana online usa, ako objedna\u0165 Kme\u0148 marihuany Agent Orange , Je kme\u0148 Agent Orange Marihuana leg\u00e1lny v Kanade<\/strong><\/pre>","protected":false},"featured_media":9252,"comment_status":"open","ping_status":"closed","template":"","meta":{"_bst_post_transparent":"","_bst_post_title":"","_bst_post_layout":"","_bst_post_sidebar_id":"","_bst_post_content_style":"","_bst_post_vertical_padding":"","_bst_post_feature":"","_bst_post_feature_position":"","_bst_post_header":false,"_bst_post_footer":false},"product_brand":[],"product_cat":[81],"product_tag":[],"product_brands":[],"class_list":{"0":"post-9238","1":"product","2":"type-product","3":"status-publish","4":"has-post-thumbnail","6":"product_cat-marijuana-medical-cannabis","8":"first","9":"instock","10":"shipping-taxable","11":"purchasable","12":"product-type-variable","13":"entry","14":"content-bg","15":"loop-entry"},"tiered_pricing_type":"fixed","tiered_pricing_fixed_rules":{"28":"9","50":"8","100":"7","250":"6","500":"4.5","1000":"3"},"tiered_pricing_percentage_rules":[],"tiered_pricing_minimum":1,"_administrator_tiered_pricing_type":"fixed","_administrator_tiered_pricing_fixed_rules":[],"_editor_tiered_pricing_type":"fixed","_editor_tiered_pricing_fixed_rules":[],"_author_tiered_pricing_type":"fixed","_author_tiered_pricing_fixed_rules":[],"_contributor_tiered_pricing_type":"fixed","_contributor_tiered_pricing_fixed_rules":[],"_subscriber_tiered_pricing_type":"fixed","_subscriber_tiered_pricing_fixed_rules":[],"_customer_tiered_pricing_type":"fixed","_customer_tiered_pricing_fixed_rules":[],"_shop_manager_tiered_pricing_type":"fixed","_shop_manager_tiered_pricing_fixed_rules":[],"_wpseo_manager_tiered_pricing_type":"fixed","_wpseo_manager_tiered_pricing_fixed_rules":[],"_wpseo_editor_tiered_pricing_type":"fixed","_wpseo_editor_tiered_pricing_fixed_rules":[],"yoast_head":"<!-- This site is optimized with the Yoast SEO plugin v27.2 - https:\/\/yoast.com\/product\/yoast-seo-wordpress\/ -->\n<title>Buy Agent Orange Marijuana Strain Online - stonersmeds.com<\/title>\n<meta name=\"robots\" content=\"index, follow, max-snippet:-1, max-image-preview:large, max-video-preview:-1\" \/>\n<link rel=\"canonical\" href=\"https:\/\/stonersmeds.com\/sk\/shop\/buy-agent-orange-marijuana-strain-online\/\" \/>\n<meta property=\"og:locale\" content=\"sk_SK\" \/>\n<meta property=\"og:type\" content=\"article\" \/>\n<meta property=\"og:title\" content=\"Buy Agent Orange Marijuana Strain Online - stonersmeds.com\" \/>\n<meta property=\"og:description\" content=\"Buy Agent Orange Marijuana Strain Online.\u00a0Agent Orange Marijuana Strain\u00a0is Sativa Dominant Hybrid \u2013 75% Sativa \/ 25% Indica THC: 25% Buy Agent Orange Marijuana Strain Online - buy Orange Marijuana, buy Agent Orange Marijuana Strain , buy Orange Marijuana Strain online, Where to Buy Agent Orange Marijuana Strain , Agent Orange Marijuana Strain for sale, Agent Orange Marijuana Strain for sale, buy Marijuana Strain online, where to Buy Agent Orange Marijuana Strain online, Agent Orange Marijuana Strain for sale in usa , USA, canada,uk, buy, online, suppliers, safe delivery, You can still get Agent Orange Marijuana Strain , Is Agent Orange Marijuana Strain legal in usa, buy Agent Orange Marijuana Strain online usa, how to order Agent Orange Marijuana Strain , Is Agent Orange Marijuana Strain legal in Canada\" \/>\n<meta property=\"og:url\" content=\"https:\/\/stonersmeds.com\/sk\/shop\/buy-agent-orange-marijuana-strain-online\/\" \/>\n<meta property=\"og:site_name\" content=\"stonersmeds.com\" \/>\n<meta property=\"article:modified_time\" content=\"2026-02-24T07:30:29+00:00\" \/>\n<meta property=\"og:image\" content=\"https:\/\/stonersmeds.com\/wp-content\/uploads\/2022\/03\/Buy-Agent-Orange-Marijuana-Strain-Online.jpg\" \/>\n\t<meta property=\"og:image:width\" content=\"600\" \/>\n\t<meta property=\"og:image:height\" content=\"600\" \/>\n\t<meta property=\"og:image:type\" content=\"image\/jpeg\" \/>\n<meta name=\"twitter:card\" content=\"summary_large_image\" \/>\n<meta name=\"twitter:label1\" content=\"Dostupnos\u0165\" \/>\n\t<meta name=\"twitter:data1\" content=\"Na sklade\" \/>\n<script type=\"application\/ld+json\" class=\"yoast-schema-graph\">{\"@context\":\"https:\/\/schema.org\",\"@graph\":[{\"@type\":\"WebPage\",\"@id\":\"https:\/\/stonersmeds.com\/shop\/buy-agent-orange-marijuana-strain-online\/\",\"url\":\"https:\/\/stonersmeds.com\/shop\/buy-agent-orange-marijuana-strain-online\/\",\"name\":\"Buy Agent Orange Marijuana Strain Online - stonersmeds.com\",\"isPartOf\":{\"@id\":\"https:\/\/stonersmeds.com\/#website\"},\"primaryImageOfPage\":{\"@id\":\"https:\/\/stonersmeds.com\/shop\/buy-agent-orange-marijuana-strain-online\/#primaryimage\"},\"image\":{\"@id\":\"https:\/\/stonersmeds.com\/shop\/buy-agent-orange-marijuana-strain-online\/#primaryimage\"},\"thumbnailUrl\":\"https:\/\/stonersmeds.com\/wp-content\/uploads\/2022\/03\/Buy-Agent-Orange-Marijuana-Strain-Online.jpg\",\"datePublished\":\"2022-03-11T14:55:27+00:00\",\"dateModified\":\"2026-02-24T07:30:29+00:00\",\"breadcrumb\":{\"@id\":\"https:\/\/stonersmeds.com\/shop\/buy-agent-orange-marijuana-strain-online\/#breadcrumb\"},\"inLanguage\":\"sk-SK\",\"potentialAction\":[{\"@type\":\"ReadAction\",\"target\":[\"https:\/\/stonersmeds.com\/shop\/buy-agent-orange-marijuana-strain-online\/\"]}]},{\"@type\":\"ImageObject\",\"inLanguage\":\"sk-SK\",\"@id\":\"https:\/\/stonersmeds.com\/shop\/buy-agent-orange-marijuana-strain-online\/#primaryimage\",\"url\":\"https:\/\/stonersmeds.com\/wp-content\/uploads\/2022\/03\/Buy-Agent-Orange-Marijuana-Strain-Online.jpg\",\"contentUrl\":\"https:\/\/stonersmeds.com\/wp-content\/uploads\/2022\/03\/Buy-Agent-Orange-Marijuana-Strain-Online.jpg\",\"width\":600,\"height\":600},{\"@type\":\"BreadcrumbList\",\"@id\":\"https:\/\/stonersmeds.com\/shop\/buy-agent-orange-marijuana-strain-online\/#breadcrumb\",\"itemListElement\":[{\"@type\":\"ListItem\",\"position\":1,\"name\":\"Home\",\"item\":\"https:\/\/stonersmeds.com\/\"},{\"@type\":\"ListItem\",\"position\":2,\"name\":\"Shop\",\"item\":\"https:\/\/stonersmeds.com\/shop\/\"},{\"@type\":\"ListItem\",\"position\":3,\"name\":\"Buy Agent Orange Marijuana Strain Online\"}]},{\"@type\":\"WebSite\",\"@id\":\"https:\/\/stonersmeds.com\/#website\",\"url\":\"https:\/\/stonersmeds.com\/\",\"name\":\"stonersmeds.com\",\"description\":\"verschreibungspflichtige Medizin kaufen\",\"publisher\":{\"@id\":\"https:\/\/stonersmeds.com\/#organization\"},\"alternateName\":\"Research chemical shop\",\"potentialAction\":[{\"@type\":\"SearchAction\",\"target\":{\"@type\":\"EntryPoint\",\"urlTemplate\":\"https:\/\/stonersmeds.com\/?s={search_term_string}\"},\"query-input\":{\"@type\":\"PropertyValueSpecification\",\"valueRequired\":true,\"valueName\":\"search_term_string\"}}],\"inLanguage\":\"sk-SK\"},{\"@type\":\"Organization\",\"@id\":\"https:\/\/stonersmeds.com\/#organization\",\"name\":\"Stonersmeds Shop\",\"url\":\"https:\/\/stonersmeds.com\/\",\"logo\":{\"@type\":\"ImageObject\",\"inLanguage\":\"sk-SK\",\"@id\":\"https:\/\/stonersmeds.com\/#\/schema\/logo\/image\/\",\"url\":\"https:\/\/stonersmeds.com\/wp-content\/uploads\/2026\/02\/high-purity-DMT-powder.jpg\",\"contentUrl\":\"https:\/\/stonersmeds.com\/wp-content\/uploads\/2026\/02\/high-purity-DMT-powder.jpg\",\"width\":500,\"height\":500,\"caption\":\"Stonersmeds Shop\"},\"image\":{\"@id\":\"https:\/\/stonersmeds.com\/#\/schema\/logo\/image\/\"}}]}<\/script>\n<meta property=\"og:availability\" content=\"instock\" \/>\n<meta property=\"product:availability\" content=\"instock\" \/>\n<meta property=\"product:condition\" content=\"new\" \/>\n<!-- \/ Yoast SEO plugin. -->","yoast_head_json":{"title":"K\u00fapte si kme\u0148 marihuany Agent Orange online - stonersmeds.com","robots":{"index":"index","follow":"follow","max-snippet":"max-snippet:-1","max-image-preview":"max-image-preview:large","max-video-preview":"max-video-preview:-1"},"canonical":"https:\/\/stonersmeds.com\/sk\/shop\/buy-agent-orange-marijuana-strain-online\/","og_locale":"sk_SK","og_type":"article","og_title":"Buy Agent Orange Marijuana Strain Online - stonersmeds.com","og_description":"Buy Agent Orange Marijuana Strain Online.\u00a0Agent Orange Marijuana Strain\u00a0is Sativa Dominant Hybrid \u2013 75% Sativa \/ 25% Indica THC: 25% Buy Agent Orange Marijuana Strain Online - buy Orange Marijuana, buy Agent Orange Marijuana Strain , buy Orange Marijuana Strain online, Where to Buy Agent Orange Marijuana Strain , Agent Orange Marijuana Strain for sale, Agent Orange Marijuana Strain for sale, buy Marijuana Strain online, where to Buy Agent Orange Marijuana Strain online, Agent Orange Marijuana Strain for sale in usa , USA, canada,uk, buy, online, suppliers, safe delivery, You can still get Agent Orange Marijuana Strain , Is Agent Orange Marijuana Strain legal in usa, buy Agent Orange Marijuana Strain online usa, how to order Agent Orange Marijuana Strain , Is Agent Orange Marijuana Strain legal in Canada","og_url":"https:\/\/stonersmeds.com\/sk\/shop\/buy-agent-orange-marijuana-strain-online\/","og_site_name":"stonersmeds.com","article_modified_time":"2026-02-24T07:30:29+00:00","og_image":[{"width":600,"height":600,"url":"https:\/\/stonersmeds.com\/wp-content\/uploads\/2022\/03\/Buy-Agent-Orange-Marijuana-Strain-Online.jpg","type":"image\/jpeg"}],"twitter_card":"summary_large_image","twitter_misc":{"Dostupnos\u0165":"Na sklade"},"schema":{"@context":"https:\/\/schema.org","@graph":[{"@type":"WebPage","@id":"https:\/\/stonersmeds.com\/shop\/buy-agent-orange-marijuana-strain-online\/","url":"https:\/\/stonersmeds.com\/shop\/buy-agent-orange-marijuana-strain-online\/","name":"K\u00fapte si kme\u0148 marihuany Agent Orange online - stonersmeds.com","isPartOf":{"@id":"https:\/\/stonersmeds.com\/#website"},"primaryImageOfPage":{"@id":"https:\/\/stonersmeds.com\/shop\/buy-agent-orange-marijuana-strain-online\/#primaryimage"},"image":{"@id":"https:\/\/stonersmeds.com\/shop\/buy-agent-orange-marijuana-strain-online\/#primaryimage"},"thumbnailUrl":"https:\/\/stonersmeds.com\/wp-content\/uploads\/2022\/03\/Buy-Agent-Orange-Marijuana-Strain-Online.jpg","datePublished":"2022-03-11T14:55:27+00:00","dateModified":"2026-02-24T07:30:29+00:00","breadcrumb":{"@id":"https:\/\/stonersmeds.com\/shop\/buy-agent-orange-marijuana-strain-online\/#breadcrumb"},"inLanguage":"sk-SK","potentialAction":[{"@type":"ReadAction","target":["https:\/\/stonersmeds.com\/shop\/buy-agent-orange-marijuana-strain-online\/"]}]},{"@type":"ImageObject","inLanguage":"sk-SK","@id":"https:\/\/stonersmeds.com\/shop\/buy-agent-orange-marijuana-strain-online\/#primaryimage","url":"https:\/\/stonersmeds.com\/wp-content\/uploads\/2022\/03\/Buy-Agent-Orange-Marijuana-Strain-Online.jpg","contentUrl":"https:\/\/stonersmeds.com\/wp-content\/uploads\/2022\/03\/Buy-Agent-Orange-Marijuana-Strain-Online.jpg","width":600,"height":600},{"@type":"BreadcrumbList","@id":"https:\/\/stonersmeds.com\/shop\/buy-agent-orange-marijuana-strain-online\/#breadcrumb","itemListElement":[{"@type":"ListItem","position":1,"name":"Home","item":"https:\/\/stonersmeds.com\/"},{"@type":"ListItem","position":2,"name":"Shop","item":"https:\/\/stonersmeds.com\/shop\/"},{"@type":"ListItem","position":3,"name":"Buy Agent Orange Marijuana Strain Online"}]},{"@type":"WebSite","@id":"https:\/\/stonersmeds.com\/#website","url":"https:\/\/stonersmeds.com\/","name":"stonersmeds.com","description":"verschreibungspflichtige Medizin kaufen","publisher":{"@id":"https:\/\/stonersmeds.com\/#organization"},"alternateName":"Research chemical shop","potentialAction":[{"@type":"SearchAction","target":{"@type":"EntryPoint","urlTemplate":"https:\/\/stonersmeds.com\/?s={search_term_string}"},"query-input":{"@type":"PropertyValueSpecification","valueRequired":true,"valueName":"search_term_string"}}],"inLanguage":"sk-SK"},{"@type":"Organization","@id":"https:\/\/stonersmeds.com\/#organization","name":"Stonersmeds Shop","url":"https:\/\/stonersmeds.com\/","logo":{"@type":"ImageObject","inLanguage":"sk-SK","@id":"https:\/\/stonersmeds.com\/#\/schema\/logo\/image\/","url":"https:\/\/stonersmeds.com\/wp-content\/uploads\/2026\/02\/high-purity-DMT-powder.jpg","contentUrl":"https:\/\/stonersmeds.com\/wp-content\/uploads\/2026\/02\/high-purity-DMT-powder.jpg","width":500,"height":500,"caption":"Stonersmeds Shop"},"image":{"@id":"https:\/\/stonersmeds.com\/#\/schema\/logo\/image\/"}}]},"og_availability":"instock","product_availability":"instock","product_condition":"new"},"_links":{"self":[{"href":"https:\/\/stonersmeds.com\/sk\/wp-json\/wp\/v2\/product\/9238","targetHints":{"allow":["GET"]}}],"collection":[{"href":"https:\/\/stonersmeds.com\/sk\/wp-json\/wp\/v2\/product"}],"about":[{"href":"https:\/\/stonersmeds.com\/sk\/wp-json\/wp\/v2\/types\/product"}],"replies":[{"embeddable":true,"href":"https:\/\/stonersmeds.com\/sk\/wp-json\/wp\/v2\/comments?post=9238"}],"version-history":[{"count":0,"href":"https:\/\/stonersmeds.com\/sk\/wp-json\/wp\/v2\/product\/9238\/revisions"}],"wp:featuredmedia":[{"embeddable":true,"href":"https:\/\/stonersmeds.com\/sk\/wp-json\/wp\/v2\/media\/9252"}],"wp:attachment":[{"href":"https:\/\/stonersmeds.com\/sk\/wp-json\/wp\/v2\/media?parent=9238"}],"wp:term":[{"taxonomy":"product_brand","embeddable":true,"href":"https:\/\/stonersmeds.com\/sk\/wp-json\/wp\/v2\/product_brand?post=9238"},{"taxonomy":"product_cat","embeddable":true,"href":"https:\/\/stonersmeds.com\/sk\/wp-json\/wp\/v2\/product_cat?post=9238"},{"taxonomy":"product_tag","embeddable":true,"href":"https:\/\/stonersmeds.com\/sk\/wp-json\/wp\/v2\/product_tag?post=9238"},{"taxonomy":"product_brands","embeddable":true,"href":"https:\/\/stonersmeds.com\/sk\/wp-json\/wp\/v2\/product_brands?post=9238"}],"curies":[{"name":"wp","href":"https:\/\/api.w.org\/{rel}","templated":true}]}}