{"id":9334,"date":"2022-03-11T15:35:35","date_gmt":"2022-03-11T15:35:35","guid":{"rendered":"https:\/\/stonersmeds.com\/?post_type=product&#038;p=9334"},"modified":"2026-03-01T06:20:49","modified_gmt":"2026-03-01T04:20:49","slug":"buy-cheap-chem-willie-marijuana-online","status":"publish","type":"product","link":"https:\/\/stonersmeds.com\/sk\/shop\/buy-cheap-chem-willie-marijuana-online\/","title":{"rendered":"K\u00fapte si lacno Chem Willie Marihuana online"},"content":{"rendered":"<h1>K\u00fapte si lacno Chem Willie Marihuana online.<\/h1>\n<p>Chem Willie is a sativa dominant who benefits from prestigious genetics. It is a cross between Chemdawg\u2019s sativa favorite and Willie Nelson\u2019s famous sativa stoner strain of the same name. The result is a strong sativa with a unique and all-around flavour. The potent effects of Chem Willie are said to last longer than average, even with heavy smokers. The level of THC in these pimples has been measured between a staggering 15% and 31%.<\/p>\n<p>&nbsp;<\/p>\n<p>&nbsp;<\/p>\n<p>&nbsp;<\/p>\n<p>&nbsp;<\/p>\n<pre><strong>K\u00fapi\u0165 lacno Chem Willie Marihuana online - k\u00fapi\u0165 Willie Marihuana , k\u00fapi\u0165 Chem Willie Marihuana , k\u00fapi\u0165 lacno Chem Willie Marihuana online, Kde k\u00fapi\u0165 lacno Chem Willie Marihuana , lacno Chem Willie Marihuana na predaj, Willie Marihuana na predaj, k\u00fapi\u0165 lacno Chem Willie Marihuana online, kde k\u00fapi\u0165 lacn\u00fd Chem Willie Marihuana online, lacn\u00fd Chem Willie Marihuana na predaj v USA, USA, Kanade, Ve\u013ekej Brit\u00e1nii, k\u00fapi\u0165, online, dod\u00e1vatelia, bezpe\u010dn\u00e9 doru\u010denie, St\u00e1le m\u00f4\u017eete z\u00edska\u0165 lacn\u00fd Chem Willie Marihuana, Je lacn\u00fd Chem Willie Marihuana leg\u00e1lny v USA , k\u00fapi\u0165 lacno Chem Willie Marihuana online usa, ako objedna\u0165 lacno Chem Willie Marihuana, Je lacn\u00e1 Chem Willie Marihuana leg\u00e1lna v Kanade<\/strong><\/pre>","protected":false},"excerpt":{"rendered":"<p>Buy cheap Chem Willie Marijuana Online.\u00a0Chem willie is Sativa Dominant Hybrid \u2013 70% Sativa \/ 30% Indica THC: 15%<\/p>\n<pre><strong>K\u00fapi\u0165 lacno Chem Willie Marihuana online - k\u00fapi\u0165 Willie Marihuana , k\u00fapi\u0165 Chem Willie Marihuana , k\u00fapi\u0165 lacno Chem Willie Marihuana online, Kde k\u00fapi\u0165 lacno Chem Willie Marihuana , lacno Chem Willie Marihuana na predaj, Willie Marihuana na predaj, k\u00fapi\u0165 lacno Chem Willie Marihuana online, kde k\u00fapi\u0165 lacn\u00fd Chem Willie Marihuana online, lacn\u00fd Chem Willie Marihuana na predaj v USA, USA, Kanade, Ve\u013ekej Brit\u00e1nii, k\u00fapi\u0165, online, dod\u00e1vatelia, bezpe\u010dn\u00e9 doru\u010denie, St\u00e1le m\u00f4\u017eete z\u00edska\u0165 lacn\u00fd Chem Willie Marihuana, Je lacn\u00fd Chem Willie Marihuana leg\u00e1lny v USA , k\u00fapi\u0165 lacno Chem Willie Marihuana online usa, ako objedna\u0165 lacno Chem Willie Marihuana, Je lacn\u00e1 Chem Willie Marihuana leg\u00e1lna v Kanade<\/strong><\/pre>","protected":false},"featured_media":9345,"comment_status":"open","ping_status":"closed","template":"","meta":{"_bst_post_transparent":"","_bst_post_title":"","_bst_post_layout":"","_bst_post_sidebar_id":"","_bst_post_content_style":"","_bst_post_vertical_padding":"","_bst_post_feature":"","_bst_post_feature_position":"","_bst_post_header":false,"_bst_post_footer":false},"product_brand":[],"product_cat":[81],"product_tag":[],"product_brands":[],"class_list":{"0":"post-9334","1":"product","2":"type-product","3":"status-publish","4":"has-post-thumbnail","6":"product_cat-marijuana-medical-cannabis","8":"first","9":"instock","10":"shipping-taxable","11":"purchasable","12":"product-type-variable","13":"entry","14":"content-bg","15":"loop-entry"},"tiered_pricing_type":"fixed","tiered_pricing_fixed_rules":{"28":"9","50":"8","100":"7","250":"6","500":"4.5","1000":"3"},"tiered_pricing_percentage_rules":[],"tiered_pricing_minimum":1,"_administrator_tiered_pricing_type":"fixed","_administrator_tiered_pricing_fixed_rules":[],"_editor_tiered_pricing_type":"fixed","_editor_tiered_pricing_fixed_rules":[],"_author_tiered_pricing_type":"fixed","_author_tiered_pricing_fixed_rules":[],"_contributor_tiered_pricing_type":"fixed","_contributor_tiered_pricing_fixed_rules":[],"_subscriber_tiered_pricing_type":"fixed","_subscriber_tiered_pricing_fixed_rules":[],"_customer_tiered_pricing_type":"fixed","_customer_tiered_pricing_fixed_rules":[],"_shop_manager_tiered_pricing_type":"fixed","_shop_manager_tiered_pricing_fixed_rules":[],"_wpseo_manager_tiered_pricing_type":"fixed","_wpseo_manager_tiered_pricing_fixed_rules":[],"_wpseo_editor_tiered_pricing_type":"fixed","_wpseo_editor_tiered_pricing_fixed_rules":[],"yoast_head":"<!-- This site is optimized with the Yoast SEO plugin v27.2 - https:\/\/yoast.com\/product\/yoast-seo-wordpress\/ -->\n<title>Buy cheap Chem Willie Marijuana Online - stonersmeds.com<\/title>\n<meta name=\"robots\" content=\"index, follow, max-snippet:-1, max-image-preview:large, max-video-preview:-1\" \/>\n<link rel=\"canonical\" href=\"https:\/\/stonersmeds.com\/sk\/shop\/buy-cheap-chem-willie-marijuana-online\/\" \/>\n<meta property=\"og:locale\" content=\"sk_SK\" \/>\n<meta property=\"og:type\" content=\"article\" \/>\n<meta property=\"og:title\" content=\"Buy cheap Chem Willie Marijuana Online - stonersmeds.com\" \/>\n<meta property=\"og:description\" content=\"Buy cheap Chem Willie Marijuana Online.\u00a0Chem willie is Sativa Dominant Hybrid \u2013 70% Sativa \/ 30% Indica THC: 15% Buy cheap Chem Willie Marijuana Online - buy Willie Marijuana , buy Chem Willie Marijuana , buy cheap Chem Willie Marijuana online, Where to Buy cheap Chem Willie Marijuana , cheap Chem Willie Marijuana for sale, Willie Marijuana for sale, buy cheap Chem Willie Marijuana online, where to Buy cheap Chem Willie Marijuana online, cheap Chem Willie Marijuana for sale in usa , USA, canada,uk, buy, online, suppliers, safe delivery, You can still get cheap Chem Willie Marijuana , Is cheap Chem Willie Marijuana legal in usa, buy cheap Chem Willie Marijuana online usa, how to order cheap Chem Willie Marijuana, Is cheap Chem Willie Marijuana legal in Canada\" \/>\n<meta property=\"og:url\" content=\"https:\/\/stonersmeds.com\/sk\/shop\/buy-cheap-chem-willie-marijuana-online\/\" \/>\n<meta property=\"og:site_name\" content=\"stonersmeds.com\" \/>\n<meta property=\"article:modified_time\" content=\"2026-03-01T04:20:49+00:00\" \/>\n<meta property=\"og:image\" content=\"https:\/\/stonersmeds.com\/wp-content\/uploads\/2022\/03\/Buy-cheap-Chem-Willie-Marijuana-Online.jpg\" \/>\n\t<meta property=\"og:image:width\" content=\"600\" \/>\n\t<meta property=\"og:image:height\" content=\"600\" \/>\n\t<meta property=\"og:image:type\" content=\"image\/jpeg\" \/>\n<meta name=\"twitter:card\" content=\"summary_large_image\" \/>\n<meta name=\"twitter:label1\" content=\"Dostupnos\u0165\" \/>\n\t<meta name=\"twitter:data1\" content=\"Na sklade\" \/>\n<script type=\"application\/ld+json\" class=\"yoast-schema-graph\">{\"@context\":\"https:\/\/schema.org\",\"@graph\":[{\"@type\":\"WebPage\",\"@id\":\"https:\/\/stonersmeds.com\/shop\/buy-cheap-chem-willie-marijuana-online\/\",\"url\":\"https:\/\/stonersmeds.com\/shop\/buy-cheap-chem-willie-marijuana-online\/\",\"name\":\"Buy cheap Chem Willie Marijuana Online - stonersmeds.com\",\"isPartOf\":{\"@id\":\"https:\/\/stonersmeds.com\/#website\"},\"primaryImageOfPage\":{\"@id\":\"https:\/\/stonersmeds.com\/shop\/buy-cheap-chem-willie-marijuana-online\/#primaryimage\"},\"image\":{\"@id\":\"https:\/\/stonersmeds.com\/shop\/buy-cheap-chem-willie-marijuana-online\/#primaryimage\"},\"thumbnailUrl\":\"https:\/\/stonersmeds.com\/wp-content\/uploads\/2022\/03\/Buy-cheap-Chem-Willie-Marijuana-Online.jpg\",\"datePublished\":\"2022-03-11T15:35:35+00:00\",\"dateModified\":\"2026-03-01T04:20:49+00:00\",\"breadcrumb\":{\"@id\":\"https:\/\/stonersmeds.com\/shop\/buy-cheap-chem-willie-marijuana-online\/#breadcrumb\"},\"inLanguage\":\"sk-SK\",\"potentialAction\":[{\"@type\":\"ReadAction\",\"target\":[\"https:\/\/stonersmeds.com\/shop\/buy-cheap-chem-willie-marijuana-online\/\"]}]},{\"@type\":\"ImageObject\",\"inLanguage\":\"sk-SK\",\"@id\":\"https:\/\/stonersmeds.com\/shop\/buy-cheap-chem-willie-marijuana-online\/#primaryimage\",\"url\":\"https:\/\/stonersmeds.com\/wp-content\/uploads\/2022\/03\/Buy-cheap-Chem-Willie-Marijuana-Online.jpg\",\"contentUrl\":\"https:\/\/stonersmeds.com\/wp-content\/uploads\/2022\/03\/Buy-cheap-Chem-Willie-Marijuana-Online.jpg\",\"width\":600,\"height\":600},{\"@type\":\"BreadcrumbList\",\"@id\":\"https:\/\/stonersmeds.com\/shop\/buy-cheap-chem-willie-marijuana-online\/#breadcrumb\",\"itemListElement\":[{\"@type\":\"ListItem\",\"position\":1,\"name\":\"Home\",\"item\":\"https:\/\/stonersmeds.com\/\"},{\"@type\":\"ListItem\",\"position\":2,\"name\":\"Shop\",\"item\":\"https:\/\/stonersmeds.com\/shop\/\"},{\"@type\":\"ListItem\",\"position\":3,\"name\":\"Buy cheap Chem Willie Marijuana Online\"}]},{\"@type\":\"WebSite\",\"@id\":\"https:\/\/stonersmeds.com\/#website\",\"url\":\"https:\/\/stonersmeds.com\/\",\"name\":\"stonersmeds.com\",\"description\":\"verschreibungspflichtige Medizin kaufen\",\"publisher\":{\"@id\":\"https:\/\/stonersmeds.com\/#organization\"},\"alternateName\":\"Research chemical shop\",\"potentialAction\":[{\"@type\":\"SearchAction\",\"target\":{\"@type\":\"EntryPoint\",\"urlTemplate\":\"https:\/\/stonersmeds.com\/?s={search_term_string}\"},\"query-input\":{\"@type\":\"PropertyValueSpecification\",\"valueRequired\":true,\"valueName\":\"search_term_string\"}}],\"inLanguage\":\"sk-SK\"},{\"@type\":\"Organization\",\"@id\":\"https:\/\/stonersmeds.com\/#organization\",\"name\":\"Stonersmeds Shop\",\"url\":\"https:\/\/stonersmeds.com\/\",\"logo\":{\"@type\":\"ImageObject\",\"inLanguage\":\"sk-SK\",\"@id\":\"https:\/\/stonersmeds.com\/#\/schema\/logo\/image\/\",\"url\":\"https:\/\/stonersmeds.com\/wp-content\/uploads\/2026\/02\/high-purity-DMT-powder.jpg\",\"contentUrl\":\"https:\/\/stonersmeds.com\/wp-content\/uploads\/2026\/02\/high-purity-DMT-powder.jpg\",\"width\":500,\"height\":500,\"caption\":\"Stonersmeds Shop\"},\"image\":{\"@id\":\"https:\/\/stonersmeds.com\/#\/schema\/logo\/image\/\"}}]}<\/script>\n<meta property=\"og:availability\" content=\"instock\" \/>\n<meta property=\"product:availability\" content=\"instock\" \/>\n<meta property=\"product:condition\" content=\"new\" \/>\n<!-- \/ Yoast SEO plugin. -->","yoast_head_json":{"title":"K\u00fapte si lacno Chem Willie Marihuana Online - stonersmeds.com","robots":{"index":"index","follow":"follow","max-snippet":"max-snippet:-1","max-image-preview":"max-image-preview:large","max-video-preview":"max-video-preview:-1"},"canonical":"https:\/\/stonersmeds.com\/sk\/shop\/buy-cheap-chem-willie-marijuana-online\/","og_locale":"sk_SK","og_type":"article","og_title":"Buy cheap Chem Willie Marijuana Online - stonersmeds.com","og_description":"Buy cheap Chem Willie Marijuana Online.\u00a0Chem willie is Sativa Dominant Hybrid \u2013 70% Sativa \/ 30% Indica THC: 15% Buy cheap Chem Willie Marijuana Online - buy Willie Marijuana , buy Chem Willie Marijuana , buy cheap Chem Willie Marijuana online, Where to Buy cheap Chem Willie Marijuana , cheap Chem Willie Marijuana for sale, Willie Marijuana for sale, buy cheap Chem Willie Marijuana online, where to Buy cheap Chem Willie Marijuana online, cheap Chem Willie Marijuana for sale in usa , USA, canada,uk, buy, online, suppliers, safe delivery, You can still get cheap Chem Willie Marijuana , Is cheap Chem Willie Marijuana legal in usa, buy cheap Chem Willie Marijuana online usa, how to order cheap Chem Willie Marijuana, Is cheap Chem Willie Marijuana legal in Canada","og_url":"https:\/\/stonersmeds.com\/sk\/shop\/buy-cheap-chem-willie-marijuana-online\/","og_site_name":"stonersmeds.com","article_modified_time":"2026-03-01T04:20:49+00:00","og_image":[{"width":600,"height":600,"url":"https:\/\/stonersmeds.com\/wp-content\/uploads\/2022\/03\/Buy-cheap-Chem-Willie-Marijuana-Online.jpg","type":"image\/jpeg"}],"twitter_card":"summary_large_image","twitter_misc":{"Dostupnos\u0165":"Na sklade"},"schema":{"@context":"https:\/\/schema.org","@graph":[{"@type":"WebPage","@id":"https:\/\/stonersmeds.com\/shop\/buy-cheap-chem-willie-marijuana-online\/","url":"https:\/\/stonersmeds.com\/shop\/buy-cheap-chem-willie-marijuana-online\/","name":"K\u00fapte si lacno Chem Willie Marihuana Online - stonersmeds.com","isPartOf":{"@id":"https:\/\/stonersmeds.com\/#website"},"primaryImageOfPage":{"@id":"https:\/\/stonersmeds.com\/shop\/buy-cheap-chem-willie-marijuana-online\/#primaryimage"},"image":{"@id":"https:\/\/stonersmeds.com\/shop\/buy-cheap-chem-willie-marijuana-online\/#primaryimage"},"thumbnailUrl":"https:\/\/stonersmeds.com\/wp-content\/uploads\/2022\/03\/Buy-cheap-Chem-Willie-Marijuana-Online.jpg","datePublished":"2022-03-11T15:35:35+00:00","dateModified":"2026-03-01T04:20:49+00:00","breadcrumb":{"@id":"https:\/\/stonersmeds.com\/shop\/buy-cheap-chem-willie-marijuana-online\/#breadcrumb"},"inLanguage":"sk-SK","potentialAction":[{"@type":"ReadAction","target":["https:\/\/stonersmeds.com\/shop\/buy-cheap-chem-willie-marijuana-online\/"]}]},{"@type":"ImageObject","inLanguage":"sk-SK","@id":"https:\/\/stonersmeds.com\/shop\/buy-cheap-chem-willie-marijuana-online\/#primaryimage","url":"https:\/\/stonersmeds.com\/wp-content\/uploads\/2022\/03\/Buy-cheap-Chem-Willie-Marijuana-Online.jpg","contentUrl":"https:\/\/stonersmeds.com\/wp-content\/uploads\/2022\/03\/Buy-cheap-Chem-Willie-Marijuana-Online.jpg","width":600,"height":600},{"@type":"BreadcrumbList","@id":"https:\/\/stonersmeds.com\/shop\/buy-cheap-chem-willie-marijuana-online\/#breadcrumb","itemListElement":[{"@type":"ListItem","position":1,"name":"Home","item":"https:\/\/stonersmeds.com\/"},{"@type":"ListItem","position":2,"name":"Shop","item":"https:\/\/stonersmeds.com\/shop\/"},{"@type":"ListItem","position":3,"name":"Buy cheap Chem Willie Marijuana Online"}]},{"@type":"WebSite","@id":"https:\/\/stonersmeds.com\/#website","url":"https:\/\/stonersmeds.com\/","name":"stonersmeds.com","description":"verschreibungspflichtige Medizin kaufen","publisher":{"@id":"https:\/\/stonersmeds.com\/#organization"},"alternateName":"Research chemical shop","potentialAction":[{"@type":"SearchAction","target":{"@type":"EntryPoint","urlTemplate":"https:\/\/stonersmeds.com\/?s={search_term_string}"},"query-input":{"@type":"PropertyValueSpecification","valueRequired":true,"valueName":"search_term_string"}}],"inLanguage":"sk-SK"},{"@type":"Organization","@id":"https:\/\/stonersmeds.com\/#organization","name":"Stonersmeds Shop","url":"https:\/\/stonersmeds.com\/","logo":{"@type":"ImageObject","inLanguage":"sk-SK","@id":"https:\/\/stonersmeds.com\/#\/schema\/logo\/image\/","url":"https:\/\/stonersmeds.com\/wp-content\/uploads\/2026\/02\/high-purity-DMT-powder.jpg","contentUrl":"https:\/\/stonersmeds.com\/wp-content\/uploads\/2026\/02\/high-purity-DMT-powder.jpg","width":500,"height":500,"caption":"Stonersmeds Shop"},"image":{"@id":"https:\/\/stonersmeds.com\/#\/schema\/logo\/image\/"}}]},"og_availability":"instock","product_availability":"instock","product_condition":"new"},"_links":{"self":[{"href":"https:\/\/stonersmeds.com\/sk\/wp-json\/wp\/v2\/product\/9334","targetHints":{"allow":["GET"]}}],"collection":[{"href":"https:\/\/stonersmeds.com\/sk\/wp-json\/wp\/v2\/product"}],"about":[{"href":"https:\/\/stonersmeds.com\/sk\/wp-json\/wp\/v2\/types\/product"}],"replies":[{"embeddable":true,"href":"https:\/\/stonersmeds.com\/sk\/wp-json\/wp\/v2\/comments?post=9334"}],"version-history":[{"count":0,"href":"https:\/\/stonersmeds.com\/sk\/wp-json\/wp\/v2\/product\/9334\/revisions"}],"wp:featuredmedia":[{"embeddable":true,"href":"https:\/\/stonersmeds.com\/sk\/wp-json\/wp\/v2\/media\/9345"}],"wp:attachment":[{"href":"https:\/\/stonersmeds.com\/sk\/wp-json\/wp\/v2\/media?parent=9334"}],"wp:term":[{"taxonomy":"product_brand","embeddable":true,"href":"https:\/\/stonersmeds.com\/sk\/wp-json\/wp\/v2\/product_brand?post=9334"},{"taxonomy":"product_cat","embeddable":true,"href":"https:\/\/stonersmeds.com\/sk\/wp-json\/wp\/v2\/product_cat?post=9334"},{"taxonomy":"product_tag","embeddable":true,"href":"https:\/\/stonersmeds.com\/sk\/wp-json\/wp\/v2\/product_tag?post=9334"},{"taxonomy":"product_brands","embeddable":true,"href":"https:\/\/stonersmeds.com\/sk\/wp-json\/wp\/v2\/product_brands?post=9334"}],"curies":[{"name":"wp","href":"https:\/\/api.w.org\/{rel}","templated":true}]}}