{"id":9429,"date":"2022-03-11T16:35:28","date_gmt":"2022-03-11T16:35:28","guid":{"rendered":"https:\/\/stonersmeds.com\/?post_type=product&#038;p=9429"},"modified":"2026-02-24T17:10:04","modified_gmt":"2026-02-24T15:10:04","slug":"buy-infinite-euphoria-marijuana-online","status":"publish","type":"product","link":"https:\/\/stonersmeds.com\/sk\/shop\/buy-infinite-euphoria-marijuana-online\/","title":{"rendered":"K\u00fapte si online marihuanu Infinite Euphoria"},"content":{"rendered":"<h1>K\u00fapte si online marihuanu Infinite Euphoria.<\/h1>\n<p>K\u00fapte si online marihuanu Infinite Euphoria.<\/p>\n<p>\u00da\u010dinky<br \/>\nEnergizuj\u00faca, euf\u00f3ria, \u0161\u0165astn\u00e1, dlhotrvaj\u00faca, povzn\u00e1\u0161aj\u00faca<br \/>\nM\u00f4\u017ee U\u013eavi\u0165<br \/>\n\u00dazkos\u0165, depresia, \u00fanava, zmeny n\u00e1lad, stres<br \/>\nPr\u00edchute<br \/>\nCitrusov\u00e9, Borovicov\u00e9, Skunky, Sladk\u00e9<\/p>\n<p>&nbsp;<\/p>\n<p>&nbsp;<\/p>\n<p>&nbsp;<\/p>\n<pre><strong>K\u00fapte si nekone\u010dn\u00fa euf\u00f3riu marihuanu online \u2013 k\u00fapte si marihuanu Euphoria, k\u00fapte marihuanu nekone\u010dn\u00fa, k\u00fapte marihuanu nekone\u010dn\u00fa euf\u00f3riu online, kde k\u00fapite marihuanu nekone\u010dn\u00fa euf\u00f3riu, marihuanu nekone\u010dn\u00fa na predaj, marihuanu euf\u00f3riu na predaj, k\u00fapte nekone\u010dn\u00fa euf\u00f3riu, kde k\u00fapite marihuanu Euphoria online Marihuana online, Infinite Euphoria Marihuana na predaj v USA, USA, Kanada, Ve\u013ek\u00e1 Brit\u00e1nia, k\u00fapi\u0165, online, dod\u00e1vatelia, bezpe\u010dn\u00e9 doru\u010denie, St\u00e1le m\u00f4\u017eete z\u00edska\u0165 Infinite Euphoria Marihuana , Is Infinite Euphoria Marihuana v USA, k\u00fapi\u0165 Infinite Euphoria Marihuana online usa, ako objedna\u0165 Infinite Euphoria Marihuana, Je Infinite Euphoria Marihuana leg\u00e1lna v Kanade<\/strong><\/pre>","protected":false},"excerpt":{"rendered":"<p>K\u00fapi\u0165 Infinite Euphoria Marihuana online. K\u00fapi\u0165 Infinite Euphoria Marihuana Hybrid - 50% Sativa \/ 50% Indica THC: 23% - 29%<\/p>\n<pre><strong>K\u00fapte si nekone\u010dn\u00fa euf\u00f3riu marihuanu online \u2013 k\u00fapte si marihuanu Euphoria, k\u00fapte marihuanu nekone\u010dn\u00fa, k\u00fapte marihuanu nekone\u010dn\u00fa euf\u00f3riu online, kde k\u00fapite marihuanu nekone\u010dn\u00fa euf\u00f3riu, marihuanu nekone\u010dn\u00fa na predaj, marihuanu euf\u00f3riu na predaj, k\u00fapte nekone\u010dn\u00fa euf\u00f3riu, kde k\u00fapite marihuanu Euphoria online Marihuana online, Infinite Euphoria Marihuana na predaj v USA, USA, Kanada, Ve\u013ek\u00e1 Brit\u00e1nia, k\u00fapi\u0165, online, dod\u00e1vatelia, bezpe\u010dn\u00e9 doru\u010denie, St\u00e1le m\u00f4\u017eete z\u00edska\u0165 Infinite Euphoria Marihuana , Is Infinite Euphoria Marihuana v USA, k\u00fapi\u0165 Infinite Euphoria Marihuana online usa, ako objedna\u0165 Infinite Euphoria Marihuana, Je Infinite Euphoria Marihuana leg\u00e1lna v Kanade<\/strong><\/pre>","protected":false},"featured_media":9436,"comment_status":"open","ping_status":"closed","template":"","meta":{"_bst_post_transparent":"","_bst_post_title":"","_bst_post_layout":"","_bst_post_sidebar_id":"","_bst_post_content_style":"","_bst_post_vertical_padding":"","_bst_post_feature":"","_bst_post_feature_position":"","_bst_post_header":false,"_bst_post_footer":false},"product_brand":[],"product_cat":[81],"product_tag":[],"product_brands":[],"class_list":{"0":"post-9429","1":"product","2":"type-product","3":"status-publish","4":"has-post-thumbnail","6":"product_cat-marijuana-medical-cannabis","8":"first","9":"instock","10":"shipping-taxable","11":"purchasable","12":"product-type-variable","13":"entry","14":"content-bg","15":"loop-entry"},"tiered_pricing_type":"fixed","tiered_pricing_fixed_rules":{"28":"9","50":"8","100":"7","250":"6","500":"4.5","1000":"3"},"tiered_pricing_percentage_rules":[],"tiered_pricing_minimum":1,"_administrator_tiered_pricing_type":"fixed","_administrator_tiered_pricing_fixed_rules":[],"_editor_tiered_pricing_type":"fixed","_editor_tiered_pricing_fixed_rules":[],"_author_tiered_pricing_type":"fixed","_author_tiered_pricing_fixed_rules":[],"_contributor_tiered_pricing_type":"fixed","_contributor_tiered_pricing_fixed_rules":[],"_subscriber_tiered_pricing_type":"fixed","_subscriber_tiered_pricing_fixed_rules":[],"_customer_tiered_pricing_type":"fixed","_customer_tiered_pricing_fixed_rules":[],"_shop_manager_tiered_pricing_type":"fixed","_shop_manager_tiered_pricing_fixed_rules":[],"_wpseo_manager_tiered_pricing_type":"fixed","_wpseo_manager_tiered_pricing_fixed_rules":[],"_wpseo_editor_tiered_pricing_type":"fixed","_wpseo_editor_tiered_pricing_fixed_rules":[],"yoast_head":"<!-- This site is optimized with the Yoast SEO plugin v27.2 - https:\/\/yoast.com\/product\/yoast-seo-wordpress\/ -->\n<title>Buy Infinite Euphoria Marijuana Online - stonersmeds.com<\/title>\n<meta name=\"robots\" content=\"index, follow, max-snippet:-1, max-image-preview:large, max-video-preview:-1\" \/>\n<link rel=\"canonical\" href=\"https:\/\/stonersmeds.com\/sk\/shop\/buy-infinite-euphoria-marijuana-online\/\" \/>\n<meta property=\"og:locale\" content=\"sk_SK\" \/>\n<meta property=\"og:type\" content=\"article\" \/>\n<meta property=\"og:title\" content=\"Buy Infinite Euphoria Marijuana Online - stonersmeds.com\" \/>\n<meta property=\"og:description\" content=\"Buy Infinite Euphoria Marijuana Online. Buy Infinite Euphoria Marijuana Hybrid \u2013 50% Sativa \/50% Indica THC: 23% \u2013 29% Buy Infinite Euphoria Marijuana Online - buy Euphoria Marijuana, buy Infinite Euphoria Marijuana , buy Infinite Euphoria Marijuana online, Where to Buy Infinite Euphoria Marijuana , Infinite Euphoria Marijuana for sale, Euphoria Marijuana for sale, buy Infinite Euphoria Marijuana online, where to Buy Infinite Euphoria Marijuana online, Infinite Euphoria Marijuana for sale in usa , USA, canada,uk, buy, online, suppliers, safe delivery, You can still get Infinite Euphoria Marijuana , Is Infinite Euphoria Marijuana in usa, buy Infinite Euphoria Marijuana online usa, how to order Infinite Euphoria Marijuana, Is Infinite Euphoria Marijuana legal in Canada\" \/>\n<meta property=\"og:url\" content=\"https:\/\/stonersmeds.com\/sk\/shop\/buy-infinite-euphoria-marijuana-online\/\" \/>\n<meta property=\"og:site_name\" content=\"stonersmeds.com\" \/>\n<meta property=\"article:modified_time\" content=\"2026-02-24T15:10:04+00:00\" \/>\n<meta property=\"og:image\" content=\"https:\/\/stonersmeds.com\/wp-content\/uploads\/2022\/03\/Buy-Infinite-Euphoria-Marijuana-Online.jpg\" \/>\n\t<meta property=\"og:image:width\" content=\"600\" \/>\n\t<meta property=\"og:image:height\" content=\"600\" \/>\n\t<meta property=\"og:image:type\" content=\"image\/jpeg\" \/>\n<meta name=\"twitter:card\" content=\"summary_large_image\" \/>\n<meta name=\"twitter:label1\" content=\"Dostupnos\u0165\" \/>\n\t<meta name=\"twitter:data1\" content=\"Na sklade\" \/>\n<script type=\"application\/ld+json\" class=\"yoast-schema-graph\">{\"@context\":\"https:\/\/schema.org\",\"@graph\":[{\"@type\":\"WebPage\",\"@id\":\"https:\/\/stonersmeds.com\/shop\/buy-infinite-euphoria-marijuana-online\/\",\"url\":\"https:\/\/stonersmeds.com\/shop\/buy-infinite-euphoria-marijuana-online\/\",\"name\":\"Buy Infinite Euphoria Marijuana Online - stonersmeds.com\",\"isPartOf\":{\"@id\":\"https:\/\/stonersmeds.com\/#website\"},\"primaryImageOfPage\":{\"@id\":\"https:\/\/stonersmeds.com\/shop\/buy-infinite-euphoria-marijuana-online\/#primaryimage\"},\"image\":{\"@id\":\"https:\/\/stonersmeds.com\/shop\/buy-infinite-euphoria-marijuana-online\/#primaryimage\"},\"thumbnailUrl\":\"https:\/\/stonersmeds.com\/wp-content\/uploads\/2022\/03\/Buy-Infinite-Euphoria-Marijuana-Online.jpg\",\"datePublished\":\"2022-03-11T16:35:28+00:00\",\"dateModified\":\"2026-02-24T15:10:04+00:00\",\"breadcrumb\":{\"@id\":\"https:\/\/stonersmeds.com\/shop\/buy-infinite-euphoria-marijuana-online\/#breadcrumb\"},\"inLanguage\":\"sk-SK\",\"potentialAction\":[{\"@type\":\"ReadAction\",\"target\":[\"https:\/\/stonersmeds.com\/shop\/buy-infinite-euphoria-marijuana-online\/\"]}]},{\"@type\":\"ImageObject\",\"inLanguage\":\"sk-SK\",\"@id\":\"https:\/\/stonersmeds.com\/shop\/buy-infinite-euphoria-marijuana-online\/#primaryimage\",\"url\":\"https:\/\/stonersmeds.com\/wp-content\/uploads\/2022\/03\/Buy-Infinite-Euphoria-Marijuana-Online.jpg\",\"contentUrl\":\"https:\/\/stonersmeds.com\/wp-content\/uploads\/2022\/03\/Buy-Infinite-Euphoria-Marijuana-Online.jpg\",\"width\":600,\"height\":600},{\"@type\":\"BreadcrumbList\",\"@id\":\"https:\/\/stonersmeds.com\/shop\/buy-infinite-euphoria-marijuana-online\/#breadcrumb\",\"itemListElement\":[{\"@type\":\"ListItem\",\"position\":1,\"name\":\"Home\",\"item\":\"https:\/\/stonersmeds.com\/\"},{\"@type\":\"ListItem\",\"position\":2,\"name\":\"Shop\",\"item\":\"https:\/\/stonersmeds.com\/shop\/\"},{\"@type\":\"ListItem\",\"position\":3,\"name\":\"Buy Infinite Euphoria Marijuana Online\"}]},{\"@type\":\"WebSite\",\"@id\":\"https:\/\/stonersmeds.com\/#website\",\"url\":\"https:\/\/stonersmeds.com\/\",\"name\":\"stonersmeds.com\",\"description\":\"verschreibungspflichtige Medizin kaufen\",\"publisher\":{\"@id\":\"https:\/\/stonersmeds.com\/#organization\"},\"alternateName\":\"Research chemical shop\",\"potentialAction\":[{\"@type\":\"SearchAction\",\"target\":{\"@type\":\"EntryPoint\",\"urlTemplate\":\"https:\/\/stonersmeds.com\/?s={search_term_string}\"},\"query-input\":{\"@type\":\"PropertyValueSpecification\",\"valueRequired\":true,\"valueName\":\"search_term_string\"}}],\"inLanguage\":\"sk-SK\"},{\"@type\":\"Organization\",\"@id\":\"https:\/\/stonersmeds.com\/#organization\",\"name\":\"Stonersmeds Shop\",\"url\":\"https:\/\/stonersmeds.com\/\",\"logo\":{\"@type\":\"ImageObject\",\"inLanguage\":\"sk-SK\",\"@id\":\"https:\/\/stonersmeds.com\/#\/schema\/logo\/image\/\",\"url\":\"https:\/\/stonersmeds.com\/wp-content\/uploads\/2026\/02\/high-purity-DMT-powder.jpg\",\"contentUrl\":\"https:\/\/stonersmeds.com\/wp-content\/uploads\/2026\/02\/high-purity-DMT-powder.jpg\",\"width\":500,\"height\":500,\"caption\":\"Stonersmeds Shop\"},\"image\":{\"@id\":\"https:\/\/stonersmeds.com\/#\/schema\/logo\/image\/\"}}]}<\/script>\n<meta property=\"og:availability\" content=\"instock\" \/>\n<meta property=\"product:availability\" content=\"instock\" \/>\n<meta property=\"product:condition\" content=\"new\" \/>\n<!-- \/ Yoast SEO plugin. -->","yoast_head_json":{"title":"K\u00fapte si online marihuanu Infinite Euphoria - stonersmeds.com","robots":{"index":"index","follow":"follow","max-snippet":"max-snippet:-1","max-image-preview":"max-image-preview:large","max-video-preview":"max-video-preview:-1"},"canonical":"https:\/\/stonersmeds.com\/sk\/shop\/buy-infinite-euphoria-marijuana-online\/","og_locale":"sk_SK","og_type":"article","og_title":"Buy Infinite Euphoria Marijuana Online - stonersmeds.com","og_description":"Buy Infinite Euphoria Marijuana Online. Buy Infinite Euphoria Marijuana Hybrid \u2013 50% Sativa \/50% Indica THC: 23% \u2013 29% Buy Infinite Euphoria Marijuana Online - buy Euphoria Marijuana, buy Infinite Euphoria Marijuana , buy Infinite Euphoria Marijuana online, Where to Buy Infinite Euphoria Marijuana , Infinite Euphoria Marijuana for sale, Euphoria Marijuana for sale, buy Infinite Euphoria Marijuana online, where to Buy Infinite Euphoria Marijuana online, Infinite Euphoria Marijuana for sale in usa , USA, canada,uk, buy, online, suppliers, safe delivery, You can still get Infinite Euphoria Marijuana , Is Infinite Euphoria Marijuana in usa, buy Infinite Euphoria Marijuana online usa, how to order Infinite Euphoria Marijuana, Is Infinite Euphoria Marijuana legal in Canada","og_url":"https:\/\/stonersmeds.com\/sk\/shop\/buy-infinite-euphoria-marijuana-online\/","og_site_name":"stonersmeds.com","article_modified_time":"2026-02-24T15:10:04+00:00","og_image":[{"width":600,"height":600,"url":"https:\/\/stonersmeds.com\/wp-content\/uploads\/2022\/03\/Buy-Infinite-Euphoria-Marijuana-Online.jpg","type":"image\/jpeg"}],"twitter_card":"summary_large_image","twitter_misc":{"Dostupnos\u0165":"Na sklade"},"schema":{"@context":"https:\/\/schema.org","@graph":[{"@type":"WebPage","@id":"https:\/\/stonersmeds.com\/shop\/buy-infinite-euphoria-marijuana-online\/","url":"https:\/\/stonersmeds.com\/shop\/buy-infinite-euphoria-marijuana-online\/","name":"K\u00fapte si online marihuanu Infinite Euphoria - stonersmeds.com","isPartOf":{"@id":"https:\/\/stonersmeds.com\/#website"},"primaryImageOfPage":{"@id":"https:\/\/stonersmeds.com\/shop\/buy-infinite-euphoria-marijuana-online\/#primaryimage"},"image":{"@id":"https:\/\/stonersmeds.com\/shop\/buy-infinite-euphoria-marijuana-online\/#primaryimage"},"thumbnailUrl":"https:\/\/stonersmeds.com\/wp-content\/uploads\/2022\/03\/Buy-Infinite-Euphoria-Marijuana-Online.jpg","datePublished":"2022-03-11T16:35:28+00:00","dateModified":"2026-02-24T15:10:04+00:00","breadcrumb":{"@id":"https:\/\/stonersmeds.com\/shop\/buy-infinite-euphoria-marijuana-online\/#breadcrumb"},"inLanguage":"sk-SK","potentialAction":[{"@type":"ReadAction","target":["https:\/\/stonersmeds.com\/shop\/buy-infinite-euphoria-marijuana-online\/"]}]},{"@type":"ImageObject","inLanguage":"sk-SK","@id":"https:\/\/stonersmeds.com\/shop\/buy-infinite-euphoria-marijuana-online\/#primaryimage","url":"https:\/\/stonersmeds.com\/wp-content\/uploads\/2022\/03\/Buy-Infinite-Euphoria-Marijuana-Online.jpg","contentUrl":"https:\/\/stonersmeds.com\/wp-content\/uploads\/2022\/03\/Buy-Infinite-Euphoria-Marijuana-Online.jpg","width":600,"height":600},{"@type":"BreadcrumbList","@id":"https:\/\/stonersmeds.com\/shop\/buy-infinite-euphoria-marijuana-online\/#breadcrumb","itemListElement":[{"@type":"ListItem","position":1,"name":"Home","item":"https:\/\/stonersmeds.com\/"},{"@type":"ListItem","position":2,"name":"Shop","item":"https:\/\/stonersmeds.com\/shop\/"},{"@type":"ListItem","position":3,"name":"Buy Infinite Euphoria Marijuana Online"}]},{"@type":"WebSite","@id":"https:\/\/stonersmeds.com\/#website","url":"https:\/\/stonersmeds.com\/","name":"stonersmeds.com","description":"verschreibungspflichtige Medizin kaufen","publisher":{"@id":"https:\/\/stonersmeds.com\/#organization"},"alternateName":"Research chemical shop","potentialAction":[{"@type":"SearchAction","target":{"@type":"EntryPoint","urlTemplate":"https:\/\/stonersmeds.com\/?s={search_term_string}"},"query-input":{"@type":"PropertyValueSpecification","valueRequired":true,"valueName":"search_term_string"}}],"inLanguage":"sk-SK"},{"@type":"Organization","@id":"https:\/\/stonersmeds.com\/#organization","name":"Stonersmeds Shop","url":"https:\/\/stonersmeds.com\/","logo":{"@type":"ImageObject","inLanguage":"sk-SK","@id":"https:\/\/stonersmeds.com\/#\/schema\/logo\/image\/","url":"https:\/\/stonersmeds.com\/wp-content\/uploads\/2026\/02\/high-purity-DMT-powder.jpg","contentUrl":"https:\/\/stonersmeds.com\/wp-content\/uploads\/2026\/02\/high-purity-DMT-powder.jpg","width":500,"height":500,"caption":"Stonersmeds Shop"},"image":{"@id":"https:\/\/stonersmeds.com\/#\/schema\/logo\/image\/"}}]},"og_availability":"instock","product_availability":"instock","product_condition":"new"},"_links":{"self":[{"href":"https:\/\/stonersmeds.com\/sk\/wp-json\/wp\/v2\/product\/9429","targetHints":{"allow":["GET"]}}],"collection":[{"href":"https:\/\/stonersmeds.com\/sk\/wp-json\/wp\/v2\/product"}],"about":[{"href":"https:\/\/stonersmeds.com\/sk\/wp-json\/wp\/v2\/types\/product"}],"replies":[{"embeddable":true,"href":"https:\/\/stonersmeds.com\/sk\/wp-json\/wp\/v2\/comments?post=9429"}],"version-history":[{"count":0,"href":"https:\/\/stonersmeds.com\/sk\/wp-json\/wp\/v2\/product\/9429\/revisions"}],"wp:featuredmedia":[{"embeddable":true,"href":"https:\/\/stonersmeds.com\/sk\/wp-json\/wp\/v2\/media\/9436"}],"wp:attachment":[{"href":"https:\/\/stonersmeds.com\/sk\/wp-json\/wp\/v2\/media?parent=9429"}],"wp:term":[{"taxonomy":"product_brand","embeddable":true,"href":"https:\/\/stonersmeds.com\/sk\/wp-json\/wp\/v2\/product_brand?post=9429"},{"taxonomy":"product_cat","embeddable":true,"href":"https:\/\/stonersmeds.com\/sk\/wp-json\/wp\/v2\/product_cat?post=9429"},{"taxonomy":"product_tag","embeddable":true,"href":"https:\/\/stonersmeds.com\/sk\/wp-json\/wp\/v2\/product_tag?post=9429"},{"taxonomy":"product_brands","embeddable":true,"href":"https:\/\/stonersmeds.com\/sk\/wp-json\/wp\/v2\/product_brands?post=9429"}],"curies":[{"name":"wp","href":"https:\/\/api.w.org\/{rel}","templated":true}]}}