{"id":9481,"date":"2022-03-11T17:03:34","date_gmt":"2022-03-11T17:03:34","guid":{"rendered":"https:\/\/stonersmeds.com\/?post_type=product&#038;p=9481"},"modified":"2026-03-02T12:20:04","modified_gmt":"2026-03-02T10:20:04","slug":"buy-medical-and-recreational-marijuana-online","status":"publish","type":"product","link":"https:\/\/stonersmeds.com\/sk\/shop\/buy-medical-and-recreational-marijuana-online\/","title":{"rendered":"K\u00fapte si lek\u00e1rsku a rekrea\u010dn\u00fa marihuanu online"},"content":{"rendered":"<h1>K\u00fapte si Space Monster Marihuana online.<\/h1>\n<p>K\u00fapte si Space Monster Marihuana online.<\/p>\n<p>K\u00fapi\u0165 Space Monster Marijuana. Space monster marihuana je Dominantn\u00fd hybrid - 75% Indica \/ 25% Sativa THC: 20%<\/p>\n<p>\u00da\u010dinky<br \/>\nTelo povznesen\u00e9, euf\u00f3ria, \u0161\u0165astn\u00e9, relaxa\u010dn\u00e9, ospal\u00e9, povzn\u00e1\u0161aj\u00face<br \/>\nM\u00f4\u017ee U\u013eavi\u0165<br \/>\nChronick\u00e1 boles\u0165, z\u00e1pal, nespavos\u0165, svalov\u00e9 k\u0155\u010de, tras<br \/>\nPr\u00edchute<br \/>\nBobu\u013eov\u00e9, chemick\u00e9, hroznov\u00e9, sladk\u00e9<\/p>\n<p>&nbsp;<\/p>\n<p>&nbsp;<\/p>\n<p>&nbsp;<\/p>\n<pre><strong>K\u00fapi\u0165 lek\u00e1rsku a rekrea\u010dn\u00fa marihuanu online - k\u00fapi\u0165 marihuanu, k\u00fapi\u0165 lek\u00e1rsku a rekrea\u010dn\u00fa marihuanu, k\u00fapi\u0165 rekrea\u010dn\u00fa marihuanu online, kde k\u00fapi\u0165 lek\u00e1rsku a rekrea\u010dn\u00fa marihuanu, na predaj lek\u00e1rsku a rekrea\u010dn\u00fa marihuanu, na predaj lek\u00e1rsku marihuanu, k\u00fapi\u0165 lek\u00e1rsku marihuanu online, kde k\u00fapi\u0165 lek\u00e1rsku marihuanu Marihuana online, Lek\u00e1rska a rekrea\u010dn\u00e1 marihuana na predaj v USA, USA, Kanada, Spojen\u00e9 kr\u00e1\u013eovstvo, k\u00fapi\u0165, online, dod\u00e1vatelia, bezpe\u010dn\u00e9 doru\u010denie, St\u00e1le m\u00f4\u017eete z\u00edska\u0165 lek\u00e1rsku a rekrea\u010dn\u00fa marihuanu, Je lie\u010debn\u00e1 a rekrea\u010dn\u00e1 marihuana v USA, k\u00fapi\u0165 lek\u00e1rsku a rekrea\u010dn\u00fa marihuanu online usa, ako si objedna\u0165 lek\u00e1rsku a rekrea\u010dn\u00fa marihuanu , Je lek\u00e1rska a rekrea\u010dn\u00e1 marihuana leg\u00e1lna v Kanade<\/strong><\/pre>","protected":false},"excerpt":{"rendered":"<p>K\u00fapi\u0165 Space Monster Marihuana online. K\u00fapi\u0165 tr\u00e1vu online l\u00a0<em>K\u00fapte si marihuanu online<\/em>\u00a0|\u00a0<em>K\u00fapte si kanabis online<\/em>\u00a0| jedl\u00e9 | Konopn\u00fd olej na predaj.<\/p>\n<pre><strong>\r\nK\u00fapi\u0165 lek\u00e1rsku a rekrea\u010dn\u00fa marihuanu online - k\u00fapi\u0165 marihuanu, k\u00fapi\u0165 lek\u00e1rsku a rekrea\u010dn\u00fa marihuanu, k\u00fapi\u0165 rekrea\u010dn\u00fa marihuanu online, kde k\u00fapi\u0165 lek\u00e1rsku a rekrea\u010dn\u00fa marihuanu, na predaj lek\u00e1rsku a rekrea\u010dn\u00fa marihuanu, na predaj lek\u00e1rsku marihuanu, k\u00fapi\u0165 lek\u00e1rsku marihuanu online, kde k\u00fapi\u0165 lek\u00e1rsku marihuanu Marihuana online, Lek\u00e1rska a rekrea\u010dn\u00e1 marihuana na predaj v USA, USA, Kanada, Spojen\u00e9 kr\u00e1\u013eovstvo, k\u00fapi\u0165, online, dod\u00e1vatelia, bezpe\u010dn\u00e9 doru\u010denie, St\u00e1le m\u00f4\u017eete z\u00edska\u0165 lek\u00e1rsku a rekrea\u010dn\u00fa marihuanu, Je lie\u010debn\u00e1 a rekrea\u010dn\u00e1 marihuana v USA, k\u00fapi\u0165 lek\u00e1rsku a rekrea\u010dn\u00fa marihuanu online usa, ako si objedna\u0165 lek\u00e1rsku a rekrea\u010dn\u00fa marihuanu , Je lek\u00e1rska a rekrea\u010dn\u00e1 marihuana leg\u00e1lna v Kanade<\/strong><\/pre>","protected":false},"featured_media":9489,"comment_status":"open","ping_status":"closed","template":"","meta":{"_bst_post_transparent":"","_bst_post_title":"","_bst_post_layout":"","_bst_post_sidebar_id":"","_bst_post_content_style":"","_bst_post_vertical_padding":"","_bst_post_feature":"","_bst_post_feature_position":"","_bst_post_header":false,"_bst_post_footer":false},"product_brand":[],"product_cat":[81],"product_tag":[],"product_brands":[],"class_list":{"0":"post-9481","1":"product","2":"type-product","3":"status-publish","4":"has-post-thumbnail","6":"product_cat-marijuana-medical-cannabis","8":"first","9":"instock","10":"shipping-taxable","11":"purchasable","12":"product-type-variable","13":"entry","14":"content-bg","15":"loop-entry"},"tiered_pricing_type":"fixed","tiered_pricing_fixed_rules":{"28":"9","50":"8","100":"7","250":"6","500":"4.5","1000":"3"},"tiered_pricing_percentage_rules":[],"tiered_pricing_minimum":1,"_administrator_tiered_pricing_type":"fixed","_administrator_tiered_pricing_fixed_rules":[],"_editor_tiered_pricing_type":"fixed","_editor_tiered_pricing_fixed_rules":[],"_author_tiered_pricing_type":"fixed","_author_tiered_pricing_fixed_rules":[],"_contributor_tiered_pricing_type":"fixed","_contributor_tiered_pricing_fixed_rules":[],"_subscriber_tiered_pricing_type":"fixed","_subscriber_tiered_pricing_fixed_rules":[],"_customer_tiered_pricing_type":"fixed","_customer_tiered_pricing_fixed_rules":[],"_shop_manager_tiered_pricing_type":"fixed","_shop_manager_tiered_pricing_fixed_rules":[],"_wpseo_manager_tiered_pricing_type":"fixed","_wpseo_manager_tiered_pricing_fixed_rules":[],"_wpseo_editor_tiered_pricing_type":"fixed","_wpseo_editor_tiered_pricing_fixed_rules":[],"yoast_head":"<!-- This site is optimized with the Yoast SEO plugin v27.2 - https:\/\/yoast.com\/product\/yoast-seo-wordpress\/ -->\n<title>Buy Medical and recreational Marijuana Online - stonersmeds.com<\/title>\n<meta name=\"robots\" content=\"index, follow, max-snippet:-1, max-image-preview:large, max-video-preview:-1\" \/>\n<link rel=\"canonical\" href=\"https:\/\/stonersmeds.com\/sk\/shop\/buy-medical-and-recreational-marijuana-online\/\" \/>\n<meta property=\"og:locale\" content=\"sk_SK\" \/>\n<meta property=\"og:type\" content=\"article\" \/>\n<meta property=\"og:title\" content=\"Buy Medical and recreational Marijuana Online - stonersmeds.com\" \/>\n<meta property=\"og:description\" content=\"Buy Space Monster Marijuana online.\u00a0Buy Weed Online l\u00a0Buy Marijuana Online\u00a0|\u00a0Buy Cannabis Online\u00a0| edibles | Cannabis Oil for sale.  Buy Medical and recreational Marijuana Online - buy Marijuana, buy Medical and recreational Marijuana , buy recreational Marijuana online, Where to Buy Medical and recreational Marijuana , Medical and recreational Marijuana for sale, Medical Marijuana for sale, buy Medical Marijuana online, where to Buy Medical Marijuana online, Medical and recreational Marijuana for sale in usa , USA, canada,uk, buy, online, suppliers, safe delivery, You can still get Medical and recreational Marijuana , Is Medical and recreational Marijuana in usa, buy Medical and recreational Marijuana online usa, how to order Medical and recreational Marijuana , Is Medical and recreational Marijuana legal in Canada\" \/>\n<meta property=\"og:url\" content=\"https:\/\/stonersmeds.com\/sk\/shop\/buy-medical-and-recreational-marijuana-online\/\" \/>\n<meta property=\"og:site_name\" content=\"stonersmeds.com\" \/>\n<meta property=\"article:modified_time\" content=\"2026-03-02T10:20:04+00:00\" \/>\n<meta property=\"og:image\" content=\"https:\/\/stonersmeds.com\/wp-content\/uploads\/2022\/03\/Buy-Space-Monster-Marijuana-online.jpg\" \/>\n\t<meta property=\"og:image:width\" content=\"600\" \/>\n\t<meta property=\"og:image:height\" content=\"600\" \/>\n\t<meta property=\"og:image:type\" content=\"image\/jpeg\" \/>\n<meta name=\"twitter:card\" content=\"summary_large_image\" \/>\n<meta name=\"twitter:label1\" content=\"Dostupnos\u0165\" \/>\n\t<meta name=\"twitter:data1\" content=\"Na sklade\" \/>\n<script type=\"application\/ld+json\" class=\"yoast-schema-graph\">{\"@context\":\"https:\/\/schema.org\",\"@graph\":[{\"@type\":\"WebPage\",\"@id\":\"https:\/\/stonersmeds.com\/shop\/buy-medical-and-recreational-marijuana-online\/\",\"url\":\"https:\/\/stonersmeds.com\/shop\/buy-medical-and-recreational-marijuana-online\/\",\"name\":\"Buy Medical and recreational Marijuana Online - stonersmeds.com\",\"isPartOf\":{\"@id\":\"https:\/\/stonersmeds.com\/#website\"},\"primaryImageOfPage\":{\"@id\":\"https:\/\/stonersmeds.com\/shop\/buy-medical-and-recreational-marijuana-online\/#primaryimage\"},\"image\":{\"@id\":\"https:\/\/stonersmeds.com\/shop\/buy-medical-and-recreational-marijuana-online\/#primaryimage\"},\"thumbnailUrl\":\"https:\/\/stonersmeds.com\/wp-content\/uploads\/2022\/03\/Buy-Space-Monster-Marijuana-online.jpg\",\"datePublished\":\"2022-03-11T17:03:34+00:00\",\"dateModified\":\"2026-03-02T10:20:04+00:00\",\"breadcrumb\":{\"@id\":\"https:\/\/stonersmeds.com\/shop\/buy-medical-and-recreational-marijuana-online\/#breadcrumb\"},\"inLanguage\":\"sk-SK\",\"potentialAction\":[{\"@type\":\"ReadAction\",\"target\":[\"https:\/\/stonersmeds.com\/shop\/buy-medical-and-recreational-marijuana-online\/\"]}]},{\"@type\":\"ImageObject\",\"inLanguage\":\"sk-SK\",\"@id\":\"https:\/\/stonersmeds.com\/shop\/buy-medical-and-recreational-marijuana-online\/#primaryimage\",\"url\":\"https:\/\/stonersmeds.com\/wp-content\/uploads\/2022\/03\/Buy-Space-Monster-Marijuana-online.jpg\",\"contentUrl\":\"https:\/\/stonersmeds.com\/wp-content\/uploads\/2022\/03\/Buy-Space-Monster-Marijuana-online.jpg\",\"width\":600,\"height\":600},{\"@type\":\"BreadcrumbList\",\"@id\":\"https:\/\/stonersmeds.com\/shop\/buy-medical-and-recreational-marijuana-online\/#breadcrumb\",\"itemListElement\":[{\"@type\":\"ListItem\",\"position\":1,\"name\":\"Home\",\"item\":\"https:\/\/stonersmeds.com\/\"},{\"@type\":\"ListItem\",\"position\":2,\"name\":\"Shop\",\"item\":\"https:\/\/stonersmeds.com\/shop\/\"},{\"@type\":\"ListItem\",\"position\":3,\"name\":\"Buy Medical and recreational Marijuana Online\"}]},{\"@type\":\"WebSite\",\"@id\":\"https:\/\/stonersmeds.com\/#website\",\"url\":\"https:\/\/stonersmeds.com\/\",\"name\":\"stonersmeds.com\",\"description\":\"verschreibungspflichtige Medizin kaufen\",\"publisher\":{\"@id\":\"https:\/\/stonersmeds.com\/#organization\"},\"alternateName\":\"Research chemical shop\",\"potentialAction\":[{\"@type\":\"SearchAction\",\"target\":{\"@type\":\"EntryPoint\",\"urlTemplate\":\"https:\/\/stonersmeds.com\/?s={search_term_string}\"},\"query-input\":{\"@type\":\"PropertyValueSpecification\",\"valueRequired\":true,\"valueName\":\"search_term_string\"}}],\"inLanguage\":\"sk-SK\"},{\"@type\":\"Organization\",\"@id\":\"https:\/\/stonersmeds.com\/#organization\",\"name\":\"Stonersmeds Shop\",\"url\":\"https:\/\/stonersmeds.com\/\",\"logo\":{\"@type\":\"ImageObject\",\"inLanguage\":\"sk-SK\",\"@id\":\"https:\/\/stonersmeds.com\/#\/schema\/logo\/image\/\",\"url\":\"https:\/\/stonersmeds.com\/wp-content\/uploads\/2026\/02\/high-purity-DMT-powder.jpg\",\"contentUrl\":\"https:\/\/stonersmeds.com\/wp-content\/uploads\/2026\/02\/high-purity-DMT-powder.jpg\",\"width\":500,\"height\":500,\"caption\":\"Stonersmeds Shop\"},\"image\":{\"@id\":\"https:\/\/stonersmeds.com\/#\/schema\/logo\/image\/\"}}]}<\/script>\n<meta property=\"og:availability\" content=\"instock\" \/>\n<meta property=\"product:availability\" content=\"instock\" \/>\n<meta property=\"product:condition\" content=\"new\" \/>\n<!-- \/ Yoast SEO plugin. -->","yoast_head_json":{"title":"K\u00fapte si lek\u00e1rsku a rekrea\u010dn\u00fa marihuanu online - stonersmeds.com","robots":{"index":"index","follow":"follow","max-snippet":"max-snippet:-1","max-image-preview":"max-image-preview:large","max-video-preview":"max-video-preview:-1"},"canonical":"https:\/\/stonersmeds.com\/sk\/shop\/buy-medical-and-recreational-marijuana-online\/","og_locale":"sk_SK","og_type":"article","og_title":"Buy Medical and recreational Marijuana Online - stonersmeds.com","og_description":"Buy Space Monster Marijuana online.\u00a0Buy Weed Online l\u00a0Buy Marijuana Online\u00a0|\u00a0Buy Cannabis Online\u00a0| edibles | Cannabis Oil for sale.  Buy Medical and recreational Marijuana Online - buy Marijuana, buy Medical and recreational Marijuana , buy recreational Marijuana online, Where to Buy Medical and recreational Marijuana , Medical and recreational Marijuana for sale, Medical Marijuana for sale, buy Medical Marijuana online, where to Buy Medical Marijuana online, Medical and recreational Marijuana for sale in usa , USA, canada,uk, buy, online, suppliers, safe delivery, You can still get Medical and recreational Marijuana , Is Medical and recreational Marijuana in usa, buy Medical and recreational Marijuana online usa, how to order Medical and recreational Marijuana , Is Medical and recreational Marijuana legal in Canada","og_url":"https:\/\/stonersmeds.com\/sk\/shop\/buy-medical-and-recreational-marijuana-online\/","og_site_name":"stonersmeds.com","article_modified_time":"2026-03-02T10:20:04+00:00","og_image":[{"width":600,"height":600,"url":"https:\/\/stonersmeds.com\/wp-content\/uploads\/2022\/03\/Buy-Space-Monster-Marijuana-online.jpg","type":"image\/jpeg"}],"twitter_card":"summary_large_image","twitter_misc":{"Dostupnos\u0165":"Na sklade"},"schema":{"@context":"https:\/\/schema.org","@graph":[{"@type":"WebPage","@id":"https:\/\/stonersmeds.com\/shop\/buy-medical-and-recreational-marijuana-online\/","url":"https:\/\/stonersmeds.com\/shop\/buy-medical-and-recreational-marijuana-online\/","name":"K\u00fapte si lek\u00e1rsku a rekrea\u010dn\u00fa marihuanu online - stonersmeds.com","isPartOf":{"@id":"https:\/\/stonersmeds.com\/#website"},"primaryImageOfPage":{"@id":"https:\/\/stonersmeds.com\/shop\/buy-medical-and-recreational-marijuana-online\/#primaryimage"},"image":{"@id":"https:\/\/stonersmeds.com\/shop\/buy-medical-and-recreational-marijuana-online\/#primaryimage"},"thumbnailUrl":"https:\/\/stonersmeds.com\/wp-content\/uploads\/2022\/03\/Buy-Space-Monster-Marijuana-online.jpg","datePublished":"2022-03-11T17:03:34+00:00","dateModified":"2026-03-02T10:20:04+00:00","breadcrumb":{"@id":"https:\/\/stonersmeds.com\/shop\/buy-medical-and-recreational-marijuana-online\/#breadcrumb"},"inLanguage":"sk-SK","potentialAction":[{"@type":"ReadAction","target":["https:\/\/stonersmeds.com\/shop\/buy-medical-and-recreational-marijuana-online\/"]}]},{"@type":"ImageObject","inLanguage":"sk-SK","@id":"https:\/\/stonersmeds.com\/shop\/buy-medical-and-recreational-marijuana-online\/#primaryimage","url":"https:\/\/stonersmeds.com\/wp-content\/uploads\/2022\/03\/Buy-Space-Monster-Marijuana-online.jpg","contentUrl":"https:\/\/stonersmeds.com\/wp-content\/uploads\/2022\/03\/Buy-Space-Monster-Marijuana-online.jpg","width":600,"height":600},{"@type":"BreadcrumbList","@id":"https:\/\/stonersmeds.com\/shop\/buy-medical-and-recreational-marijuana-online\/#breadcrumb","itemListElement":[{"@type":"ListItem","position":1,"name":"Home","item":"https:\/\/stonersmeds.com\/"},{"@type":"ListItem","position":2,"name":"Shop","item":"https:\/\/stonersmeds.com\/shop\/"},{"@type":"ListItem","position":3,"name":"Buy Medical and recreational Marijuana Online"}]},{"@type":"WebSite","@id":"https:\/\/stonersmeds.com\/#website","url":"https:\/\/stonersmeds.com\/","name":"stonersmeds.com","description":"verschreibungspflichtige Medizin kaufen","publisher":{"@id":"https:\/\/stonersmeds.com\/#organization"},"alternateName":"Research chemical shop","potentialAction":[{"@type":"SearchAction","target":{"@type":"EntryPoint","urlTemplate":"https:\/\/stonersmeds.com\/?s={search_term_string}"},"query-input":{"@type":"PropertyValueSpecification","valueRequired":true,"valueName":"search_term_string"}}],"inLanguage":"sk-SK"},{"@type":"Organization","@id":"https:\/\/stonersmeds.com\/#organization","name":"Stonersmeds Shop","url":"https:\/\/stonersmeds.com\/","logo":{"@type":"ImageObject","inLanguage":"sk-SK","@id":"https:\/\/stonersmeds.com\/#\/schema\/logo\/image\/","url":"https:\/\/stonersmeds.com\/wp-content\/uploads\/2026\/02\/high-purity-DMT-powder.jpg","contentUrl":"https:\/\/stonersmeds.com\/wp-content\/uploads\/2026\/02\/high-purity-DMT-powder.jpg","width":500,"height":500,"caption":"Stonersmeds Shop"},"image":{"@id":"https:\/\/stonersmeds.com\/#\/schema\/logo\/image\/"}}]},"og_availability":"instock","product_availability":"instock","product_condition":"new"},"_links":{"self":[{"href":"https:\/\/stonersmeds.com\/sk\/wp-json\/wp\/v2\/product\/9481","targetHints":{"allow":["GET"]}}],"collection":[{"href":"https:\/\/stonersmeds.com\/sk\/wp-json\/wp\/v2\/product"}],"about":[{"href":"https:\/\/stonersmeds.com\/sk\/wp-json\/wp\/v2\/types\/product"}],"replies":[{"embeddable":true,"href":"https:\/\/stonersmeds.com\/sk\/wp-json\/wp\/v2\/comments?post=9481"}],"version-history":[{"count":0,"href":"https:\/\/stonersmeds.com\/sk\/wp-json\/wp\/v2\/product\/9481\/revisions"}],"wp:featuredmedia":[{"embeddable":true,"href":"https:\/\/stonersmeds.com\/sk\/wp-json\/wp\/v2\/media\/9489"}],"wp:attachment":[{"href":"https:\/\/stonersmeds.com\/sk\/wp-json\/wp\/v2\/media?parent=9481"}],"wp:term":[{"taxonomy":"product_brand","embeddable":true,"href":"https:\/\/stonersmeds.com\/sk\/wp-json\/wp\/v2\/product_brand?post=9481"},{"taxonomy":"product_cat","embeddable":true,"href":"https:\/\/stonersmeds.com\/sk\/wp-json\/wp\/v2\/product_cat?post=9481"},{"taxonomy":"product_tag","embeddable":true,"href":"https:\/\/stonersmeds.com\/sk\/wp-json\/wp\/v2\/product_tag?post=9481"},{"taxonomy":"product_brands","embeddable":true,"href":"https:\/\/stonersmeds.com\/sk\/wp-json\/wp\/v2\/product_brands?post=9481"}],"curies":[{"name":"wp","href":"https:\/\/api.w.org\/{rel}","templated":true}]}}